{"id":7391,"date":"2015-01-21T18:28:12","date_gmt":"2015-01-21T18:28:12","guid":{"rendered":"https:\/\/dev.93-93-113-41.plesk.page\/?page_id=7391"},"modified":"2024-02-26T17:10:42","modified_gmt":"2024-02-26T16:10:42","slug":"hepatologia","status":"publish","type":"page","link":"https:\/\/dev.93-93-113-41.plesk.page\/ca\/serveis\/aparell-digestiu\/hepatologia\/","title":{"rendered":"Hepatologia. Malalties del fetge"},"content":{"rendered":"<p>L\u2019Hepatologia \u00e9s una subespecialitat de l&#8217;Aparell digestiu que es dedica a l\u2019estudi i tractament de les Malalties del <a href=\"\/?p=7381\">Fetge<\/a> com les hepatitis, la cirrosi o el c\u00e1ncer de fetge.<\/p>\n<p>Cl\u00ednica ServiDigest disposa d&#8217;un Departament medicoquir\u00fargic d&#8217;Aparell Digestiu amb una Unitat especialitzada en Hepatologia per a la prevenci\u00f3, estudi i tractament de les malalties hep\u00e0tiques.<\/p>\n<p>Les malalties hep\u00e0tiques poden ser agudes (menys de 6 mesos d\u2019evoluci\u00f3) o cr\u00f2niques (m\u00e9s de 6 mesos d\u2019evoluci\u00f3).<\/p>\n<ul>\n<li><a title=\"Cirrosi Hep\u00e0tica\" href=\"\/?page_id=8736\">Cirrosi hep\u00e0tica<\/a><\/li>\n<li><a title=\"Hepatitis Cr\u00f2nica per Virus Hepatitis C\" href=\"\/?page_id=8741\">Hepatitis Cr\u00f2nica per Virus Hepatitis C<\/a><\/li>\n<li><a title=\"Hepatitis Cr\u00f2nica per Virus Hepatitis B\" href=\"\/?page_id=8748\">Hepatitis Cr\u00f2nica per Virus Hepatitis B<\/a><\/li>\n<li><a title=\"Cirrosi Biliar Prim\u00e0ria\" href=\"\/?page_id=8753\">Cirrosi Biliar Prim\u00e0ria<\/a><\/li>\n<li><a title=\"Colangitis Esclerosant Prim\u00e0ria\" href=\"\/?page_id=8755\">Colangitis Esclerosant Prim\u00e0ria<\/a><\/li>\n<li><a title=\"Esteatosi i Esteatohepatitis no Alcoh\u00f2lica\" href=\"\/?page_id=8764\">Esteatosis i Esteatohepatitis no alcoh\u00f2lica<\/a><\/li>\n<li><a title=\"Hepatopatia Alcoh\u00f2lica\" href=\"\/?page_id=8768\">Hepatopatia Alcoh\u00f2lica<\/a><\/li>\n<li><a title=\"Hepatitis Autoimmune (HAI)\" href=\"\/?page_id=8774\">Hepatitis Autoimmune (HAI)<\/a><\/li>\n<li><a title=\"C\u00e0ncer de Fetge o Carcinoma Hepatocel\u00b7lular (CHC)\" href=\"\/?page_id=8778\">C\u00e0ncer de Fetge o Carcinoma Hepatocelular (CHC)<\/a><\/li>\n<\/ul>\n<p>Entre les malalties agudes, existeixen principalment les hepatitis d\u2019origen v\u00edric (hepatitis A i B), per medicaments com ara el paracetamol, t\u00f3xics o per un ampli ventall de motius.\u00a0 A la majoria dels casos s\u00f3n benignes, per\u00f2 una p\u00e8tita proporci\u00f3 pot tenir una evoluci\u00f3 greu.<\/p>\n<p>Les malalties hep\u00e0tiques cr\u00f2niques s\u00f3n principalment d\u2019origen v\u00edric (hepatitis B i C), per consum d\u2019alcohol, per problemes en les vies biliars d\u2019origen metab\u00f2lic, autoinmune o vascular.<\/p>\n<p>De vegades, aquestes malalties progressen cap a la cirrosi hep\u00e0tica, que consisteix en una p\u00e8rdua de c\u00e8l\u00b7lules hep\u00e0tiques, amb una progresiva fibrosi i una greu distorsi\u00f3 de l\u2019estructura hep\u00e0tica normal.<\/p>\n<p>Cl\u00ednica ServiDigest disposa de la tecnologia m\u00e9s innovadora per a l&#8217;estudi de les malalties hep\u00e0tiques, el <a title=\"FibroScan\" href=\"\/?page_id=7399\">FibroScan<\/a> 502 Touch, un dispositiu m\u00e8dic d&#8217;\u00faltima generaci\u00f3 que utilitza la tecnologia NO INVASIVA m\u00e9s avan\u00e7ada i permet una avaluaci\u00f3 fiable, precisa i reprodu\u00efble de la rigidesa del teixit hep\u00e0tic. El volum hep\u00e0tic explorat amb la Sonda del FibroScan \u00e9s almenys 100 vegades m\u00e9s gran que amb una Bi\u00f2psia hep\u00e0tica.<\/p>\n<p>Si la malaltia hep\u00e0tica ja ha aparegut, el seu metge li informar\u00e0 dels tractaments espec\u00edfics disponibles. En tot cas, cal fer un seguiment i controls m\u00e8dics peri\u00f2dics de les persones que pateixen una hepatitis cr\u00f3nica en qualsevol moment de la seva evoluci\u00f3.<\/p>\n<p>El trasplantament hep\u00e0tic es reserva per a aquelles malalties, agudes o cr\u00f2niques, per les quals no hi ha una altra alternativa terap\u00e8utica.<\/p>\n<p>Davant de qualsevol s\u00edmptoma d\u2019alarma cal acudir a experts en el maneig d\u2019aquests tipus de malalties. Hi han estudis que demostren que els pacients tractats per hepat\u00f2legs obtenen millor resultats.<\/p>\n<p>La majoria de les malalties hep\u00e0tiques s\u00f3n silencioses i es detecten despr\u00e9s de practicar ex\u00e0mens de sang.<br \/>\nPer aix\u00f3 \u00e9s important que tinguem en compte s\u00edmptomes com cansament, coloraci\u00f3 groga als ulls i a la pell, dolor abdominal, especialmente en el quadrant superior dret, engrandiment de l\u2019abdomen, tend\u00e8ncia al sagnat, formaci\u00f3 d\u2019hematomes\u2026<\/p>\n<p>Tot i que la insufici\u00e8ncia hep\u00e0tica irreversible es pot tractar amb un trasplantament, el millor \u00e9s no arribar a aquesta situaci\u00f3.<\/p>\n<p>Des de Cl\u00ednica ServiDigest volem insistir en que el millor tractament \u00e9s la prevenci\u00f3 i aconsellem un seguit de mesures per contribuir a evitar l\u2019aparici\u00f3 de la malaltia:<\/p>\n<ul>\n<li>Evitar el sobrep\u00e8s i adoptar un estil de vida saludable, amb la pr\u00e0ctica d\u2019exercici f\u00edsic regular i seguiment d\u2019una dieta equilibrada.<\/li>\n<li>Evitar la transmissi\u00f3 de malalties infeccioses v\u00edriques amb mesures higienicosanit\u00e0ries b\u00e0siques com no beure aig\u00fces contaminades, utilizar xeringues d\u2019un sol \u00fas en l\u2019administraci\u00f3 de subst\u00e0ncies injectades, utilitzar protecci\u00f3 en les relacions sexuals de risc (preservatius)\u2026<\/li>\n<li>Vacunaci\u00f3 contra els virus de l\u2019hepatitis A i B. El vostre metge us informar\u00e0 quan estan indicades aquestes vacunacions.<\/li>\n<li>Consum moderat de begudes alcoh\u00f2liques o abstenci\u00f3 en els casos en qu\u00e8 hi hagi dany hep\u00e0tic cr\u00f2nic.<\/li>\n<li>Detecci\u00f3 preco\u00e7 en familiars de pacients afectats per malalties hep\u00e0tiques heredit\u00e0ries.<\/li>\n<\/ul>\n","protected":false},"excerpt":{"rendered":"<div class=\"mh-excerpt\"><p>L\u2019Hepatologia \u00e9s una subespecialitat de l&#8217;Aparell digestiu que es dedica a l\u2019estudi i tractament de les Malalties del Fetge com les hepatitis, la cirrosi o el c\u00e1ncer de fetge. Cl\u00ednica ServiDigest disposa d&#8217;un Departament medicoquir\u00fargic <a class=\"mh-excerpt-more\" href=\"https:\/\/dev.93-93-113-41.plesk.page\/ca\/serveis\/aparell-digestiu\/hepatologia\/\" title=\"Hepatologia. Malalties del fetge\">[&#8230;]<\/a><\/p>\n<\/div>","protected":false},"author":1,"featured_media":0,"parent":34536,"menu_order":4,"comment_status":"closed","ping_status":"closed","template":"","meta":{"footnotes":""},"class_list":["post-7391","page","type-page","status-publish"],"yoast_head":"<!-- This site is optimized with the Yoast SEO plugin v22.6 - https:\/\/yoast.com\/wordpress\/plugins\/seo\/ -->\n<title>Hepatologia. Malalties del fetge - Servidigest<\/title>\n<meta name=\"description\" content=\"Hepatologia\" \/>\n<meta name=\"robots\" content=\"index, follow, max-snippet:-1, max-image-preview:large, max-video-preview:-1\" \/>\n<link rel=\"canonical\" href=\"https:\/\/dev.93-93-113-41.plesk.page\/ca\/serveis\/aparell-digestiu\/hepatologia\/\" \/>\n<meta property=\"og:locale\" content=\"ca_ES\" \/>\n<meta property=\"og:type\" content=\"article\" \/>\n<meta property=\"og:title\" content=\"Hepatologia. Malalties del fetge - Servidigest\" \/>\n<meta property=\"og:description\" content=\"Hepatologia\" \/>\n<meta property=\"og:url\" content=\"https:\/\/dev.93-93-113-41.plesk.page\/ca\/serveis\/aparell-digestiu\/hepatologia\/\" \/>\n<meta property=\"og:site_name\" content=\"Servidigest\" \/>\n<meta property=\"article:publisher\" content=\"https:\/\/www.facebook.com\/servidigest\" \/>\n<meta property=\"article:modified_time\" content=\"2024-02-26T16:10:42+00:00\" \/>\n<meta name=\"twitter:card\" content=\"summary_large_image\" \/>\n<meta name=\"twitter:site\" content=\"@servidigest\" \/>\n<meta name=\"twitter:label1\" content=\"Est. reading time\" \/>\n\t<meta name=\"twitter:data1\" content=\"3 minutes\" \/>\n<script type=\"application\/ld+json\" class=\"yoast-schema-graph\">{\"@context\":\"https:\/\/schema.org\",\"@graph\":[{\"@type\":\"WebPage\",\"@id\":\"https:\/\/dev.93-93-113-41.plesk.page\/ca\/serveis\/aparell-digestiu\/hepatologia\/\",\"url\":\"https:\/\/dev.93-93-113-41.plesk.page\/ca\/serveis\/aparell-digestiu\/hepatologia\/\",\"name\":\"Hepatologia. Malalties del fetge - Servidigest\",\"isPartOf\":{\"@id\":\"https:\/\/dev.93-93-113-41.plesk.page\/ca\/#website\"},\"datePublished\":\"2015-01-21T18:28:12+00:00\",\"dateModified\":\"2024-02-26T16:10:42+00:00\",\"description\":\"Hepatologia\",\"breadcrumb\":{\"@id\":\"https:\/\/dev.93-93-113-41.plesk.page\/ca\/serveis\/aparell-digestiu\/hepatologia\/#breadcrumb\"},\"inLanguage\":\"ca\",\"potentialAction\":[{\"@type\":\"ReadAction\",\"target\":[\"https:\/\/dev.93-93-113-41.plesk.page\/ca\/serveis\/aparell-digestiu\/hepatologia\/\"]}]},{\"@type\":\"BreadcrumbList\",\"@id\":\"https:\/\/dev.93-93-113-41.plesk.page\/ca\/serveis\/aparell-digestiu\/hepatologia\/#breadcrumb\",\"itemListElement\":[{\"@type\":\"ListItem\",\"position\":1,\"name\":\"Serveis M\u00e8dics de Cl\u00ednica ServiDigest\",\"item\":\"https:\/\/dev.93-93-113-41.plesk.page\/ca\/servicios\/\"},{\"@type\":\"ListItem\",\"position\":2,\"name\":\"Aparell digestiu\",\"item\":\"https:\/\/dev.93-93-113-41.plesk.page\/ca\/servicios\/aparato-digestivo\/\"},{\"@type\":\"ListItem\",\"position\":3,\"name\":\"Hepatologia. Malalties del fetge\"}]},{\"@type\":\"WebSite\",\"@id\":\"https:\/\/dev.93-93-113-41.plesk.page\/ca\/#website\",\"url\":\"https:\/\/dev.93-93-113-41.plesk.page\/ca\/\",\"name\":\"Servidigest\",\"description\":\"\",\"publisher\":{\"@id\":\"https:\/\/dev.93-93-113-41.plesk.page\/ca\/#organization\"},\"potentialAction\":[{\"@type\":\"SearchAction\",\"target\":{\"@type\":\"EntryPoint\",\"urlTemplate\":\"https:\/\/dev.93-93-113-41.plesk.page\/ca\/?s={search_term_string}\"},\"query-input\":\"required name=search_term_string\"}],\"inLanguage\":\"ca\"},{\"@type\":\"Organization\",\"@id\":\"https:\/\/dev.93-93-113-41.plesk.page\/ca\/#organization\",\"name\":\"Servidigest\",\"url\":\"https:\/\/dev.93-93-113-41.plesk.page\/ca\/\",\"logo\":{\"@type\":\"ImageObject\",\"inLanguage\":\"ca\",\"@id\":\"https:\/\/dev.93-93-113-41.plesk.page\/ca\/#\/schema\/logo\/image\/\",\"url\":\"https:\/\/dev.93-93-113-41.plesk.page\/wp-content\/uploads\/2024\/01\/servidigest.png\",\"contentUrl\":\"https:\/\/dev.93-93-113-41.plesk.page\/wp-content\/uploads\/2024\/01\/servidigest.png\",\"width\":808,\"height\":88,\"caption\":\"Servidigest\"},\"image\":{\"@id\":\"https:\/\/dev.93-93-113-41.plesk.page\/ca\/#\/schema\/logo\/image\/\"},\"sameAs\":[\"https:\/\/www.facebook.com\/servidigest\",\"https:\/\/x.com\/servidigest\"]}]}<\/script>\n<!-- \/ Yoast SEO plugin. -->","yoast_head_json":{"title":"Hepatologia. Malalties del fetge - Servidigest","description":"Hepatologia","robots":{"index":"index","follow":"follow","max-snippet":"max-snippet:-1","max-image-preview":"max-image-preview:large","max-video-preview":"max-video-preview:-1"},"canonical":"https:\/\/dev.93-93-113-41.plesk.page\/ca\/serveis\/aparell-digestiu\/hepatologia\/","og_locale":"ca_ES","og_type":"article","og_title":"Hepatologia. Malalties del fetge - Servidigest","og_description":"Hepatologia","og_url":"https:\/\/dev.93-93-113-41.plesk.page\/ca\/serveis\/aparell-digestiu\/hepatologia\/","og_site_name":"Servidigest","article_publisher":"https:\/\/www.facebook.com\/servidigest","article_modified_time":"2024-02-26T16:10:42+00:00","twitter_card":"summary_large_image","twitter_site":"@servidigest","twitter_misc":{"Est. reading time":"3 minutes"},"schema":{"@context":"https:\/\/schema.org","@graph":[{"@type":"WebPage","@id":"https:\/\/dev.93-93-113-41.plesk.page\/ca\/serveis\/aparell-digestiu\/hepatologia\/","url":"https:\/\/dev.93-93-113-41.plesk.page\/ca\/serveis\/aparell-digestiu\/hepatologia\/","name":"Hepatologia. Malalties del fetge - Servidigest","isPartOf":{"@id":"https:\/\/dev.93-93-113-41.plesk.page\/ca\/#website"},"datePublished":"2015-01-21T18:28:12+00:00","dateModified":"2024-02-26T16:10:42+00:00","description":"Hepatologia","breadcrumb":{"@id":"https:\/\/dev.93-93-113-41.plesk.page\/ca\/serveis\/aparell-digestiu\/hepatologia\/#breadcrumb"},"inLanguage":"ca","potentialAction":[{"@type":"ReadAction","target":["https:\/\/dev.93-93-113-41.plesk.page\/ca\/serveis\/aparell-digestiu\/hepatologia\/"]}]},{"@type":"BreadcrumbList","@id":"https:\/\/dev.93-93-113-41.plesk.page\/ca\/serveis\/aparell-digestiu\/hepatologia\/#breadcrumb","itemListElement":[{"@type":"ListItem","position":1,"name":"Serveis M\u00e8dics de Cl\u00ednica ServiDigest","item":"https:\/\/dev.93-93-113-41.plesk.page\/ca\/servicios\/"},{"@type":"ListItem","position":2,"name":"Aparell digestiu","item":"https:\/\/dev.93-93-113-41.plesk.page\/ca\/servicios\/aparato-digestivo\/"},{"@type":"ListItem","position":3,"name":"Hepatologia. Malalties del fetge"}]},{"@type":"WebSite","@id":"https:\/\/dev.93-93-113-41.plesk.page\/ca\/#website","url":"https:\/\/dev.93-93-113-41.plesk.page\/ca\/","name":"Servidigest","description":"","publisher":{"@id":"https:\/\/dev.93-93-113-41.plesk.page\/ca\/#organization"},"potentialAction":[{"@type":"SearchAction","target":{"@type":"EntryPoint","urlTemplate":"https:\/\/dev.93-93-113-41.plesk.page\/ca\/?s={search_term_string}"},"query-input":"required name=search_term_string"}],"inLanguage":"ca"},{"@type":"Organization","@id":"https:\/\/dev.93-93-113-41.plesk.page\/ca\/#organization","name":"Servidigest","url":"https:\/\/dev.93-93-113-41.plesk.page\/ca\/","logo":{"@type":"ImageObject","inLanguage":"ca","@id":"https:\/\/dev.93-93-113-41.plesk.page\/ca\/#\/schema\/logo\/image\/","url":"https:\/\/dev.93-93-113-41.plesk.page\/wp-content\/uploads\/2024\/01\/servidigest.png","contentUrl":"https:\/\/dev.93-93-113-41.plesk.page\/wp-content\/uploads\/2024\/01\/servidigest.png","width":808,"height":88,"caption":"Servidigest"},"image":{"@id":"https:\/\/dev.93-93-113-41.plesk.page\/ca\/#\/schema\/logo\/image\/"},"sameAs":["https:\/\/www.facebook.com\/servidigest","https:\/\/x.com\/servidigest"]}]}},"_links":{"self":[{"href":"https:\/\/dev.93-93-113-41.plesk.page\/ca\/wp-json\/wp\/v2\/pages\/7391","targetHints":{"allow":["GET"]}}],"collection":[{"href":"https:\/\/dev.93-93-113-41.plesk.page\/ca\/wp-json\/wp\/v2\/pages"}],"about":[{"href":"https:\/\/dev.93-93-113-41.plesk.page\/ca\/wp-json\/wp\/v2\/types\/page"}],"author":[{"embeddable":true,"href":"https:\/\/dev.93-93-113-41.plesk.page\/ca\/wp-json\/wp\/v2\/users\/1"}],"replies":[{"embeddable":true,"href":"https:\/\/dev.93-93-113-41.plesk.page\/ca\/wp-json\/wp\/v2\/comments?post=7391"}],"version-history":[{"count":1,"href":"https:\/\/dev.93-93-113-41.plesk.page\/ca\/wp-json\/wp\/v2\/pages\/7391\/revisions"}],"predecessor-version":[{"id":34770,"href":"https:\/\/dev.93-93-113-41.plesk.page\/ca\/wp-json\/wp\/v2\/pages\/7391\/revisions\/34770"}],"up":[{"embeddable":true,"href":"https:\/\/dev.93-93-113-41.plesk.page\/ca\/wp-json\/wp\/v2\/pages\/34536"}],"wp:attachment":[{"href":"https:\/\/dev.93-93-113-41.plesk.page\/ca\/wp-json\/wp\/v2\/media?parent=7391"}],"curies":[{"name":"wp","href":"https:\/\/api.w.org\/{rel}","templated":true}]}}