{"id":735,"date":"2014-06-20T11:15:33","date_gmt":"2014-06-20T11:15:33","guid":{"rendered":"https:\/\/dev.93-93-113-41.plesk.page\/?page_id=735"},"modified":"2024-05-24T14:25:45","modified_gmt":"2024-05-24T12:25:45","slug":"endocrinologia-i-nutricio","status":"publish","type":"page","link":"https:\/\/dev.93-93-113-41.plesk.page\/ca\/serveis\/endocrinologia-i-nutricio\/","title":{"rendered":"Endocrinologia i nutrici\u00f3"},"content":{"rendered":"\t\t<div data-elementor-type=\"wp-page\" data-elementor-id=\"735\" class=\"elementor elementor-735\" data-elementor-post-type=\"page\">\n\t\t\t\t<div class=\"elementor-element elementor-element-428ba11c e-flex e-con-boxed e-con e-parent\" data-id=\"428ba11c\" data-element_type=\"container\" data-core-v316-plus=\"true\">\n\t\t\t\t\t<div class=\"e-con-inner\">\n\t\t\t\t<div class=\"elementor-element elementor-element-fafc061 elementor-widget elementor-widget-text-editor\" data-id=\"fafc061\" data-element_type=\"widget\" data-widget_type=\"text-editor.default\">\n\t\t\t\t<div class=\"elementor-widget-container\">\n\t\t\t<style>\/*! elementor - v3.20.0 - 13-03-2024 *\/\n.elementor-widget-text-editor.elementor-drop-cap-view-stacked .elementor-drop-cap{background-color:#69727d;color:#fff}.elementor-widget-text-editor.elementor-drop-cap-view-framed .elementor-drop-cap{color:#69727d;border:3px solid;background-color:transparent}.elementor-widget-text-editor:not(.elementor-drop-cap-view-default) .elementor-drop-cap{margin-top:8px}.elementor-widget-text-editor:not(.elementor-drop-cap-view-default) .elementor-drop-cap-letter{width:1em;height:1em}.elementor-widget-text-editor .elementor-drop-cap{float:left;text-align:center;line-height:1;font-size:50px}.elementor-widget-text-editor .elementor-drop-cap-letter{display:inline-block}<\/style>\t\t\t\t<p>L&#8217;<strong>Endocrinologia<\/strong> \u00e9s una especialitat m\u00e8dica que estudia el sistema endocr\u00ed i les patologies provocades pel mal funcionament del mateix.<\/p><p>L&#8217;equip d&#8217;<strong>Endocrinologia, Nutrici\u00f3 i Diet\u00e8tica<\/strong> s&#8217;encarrega del diagn\u00f2stic i tractament de les alteracions del sistema endocr\u00ed. Estudia la fisiologia i la patologia de les gl\u00e0ndules endocrines, les interaccions d&#8217;unes hormones amb altres i els diversos processos metab\u00f2lics, aix\u00ed com les alteracions produ\u00efdes per les seves disfuncions.<\/p><p>Les gl\u00e0ndules endocrines produeixen subst\u00e0ncies qu\u00edmiques anomenades hormones que s&#8217;incorporen a l&#8217;organisme a trav\u00e9s del sistema circulatori. Aquestes hormones regulen tots els processos metab\u00f2lics de l&#8217;organisme i el seu bon funcionament \u00e9s indispensable.<\/p><p>\u00c9s important saber que aquest conjunt d&#8217;\u00f2rgans i teixits del nostre organisme, produeixen les hormones que regulen altres sistemes tan importants com el nervi\u00f3s, el digestiu, el reproductor i el cardiovascular. El seu desequilibri est\u00e0 relacionat per exemple amb patologies com la diabetis o l&#8217;obesitat.<\/p><p>D&#8217;altra banda, la nutrici\u00f3 \u00e9s un dels pilars de la nostra salut i si la cuidem millorarem f\u00edsica i emocionalment i facilitarem que el nostre organisme previngui algunes malalties.<\/p><p><strong>Qu\u00e8 \u00e9s un Endocrin\u00f2leg?<\/strong><\/p><p>Un endocrin\u00f2leg, o endocr\u00ed, \u00e9s un metge especialista que es dedica a l&#8217;estudi, diagn\u00f2stic i tractament de malalties i alteracions metab\u00f2liques, hormonals i nutricionals.<\/p><p>A Cl\u00ednica ServiDigest comptem amb experimentats professionals especialistes en Endocrinologia, Nutrici\u00f3 i Diet\u00e8tica que treballen conjuntament i de manera multidisciplin\u00e0ria per al millor tractament de les diferents patologies, valorant adequadament les causes que les produeixen en cada pacient, aplicant el tractament m\u00e9s apropiat.<\/p><p>Disposem d&#8217;unitats espec\u00edfiques d&#8217;atenci\u00f3 integral en patologies com Diabetis, Tiroides, Sobrep\u00e8s i Obesitat, entre d&#8217;altres.<\/p><p>El nostre Servei d&#8217;Endocrinologia i Nutrici\u00f3 treballa de forma coordinada amb el Servei d&#8217;Aparell Digestiu i el Servei medicoquir\u00fargic de l&#8217;Obesitat, per oferir un tractament integral i multidisciplinari de forma individualitzada a cada pacient i en cadascuna de les patologies que presenti.<\/p><p><strong>Un sistema endocr\u00ed saludable i equilibrat \u00e9s imprescindible per gaudir de benestar i qualitat de vida.<\/strong><\/p><div class=\"mh-row\"><div class=\"mh-col-1-2 especialidades-block\"><a href=\"https:\/\/dev.93-93-113-41.plesk.page\/ca\/serveis\/endocrinologia-i-nutricio\/coaching-nutricional\/\">Coaching Nutricional<\/a><\/div><div class=\"mh-col-1-2 especialidades-block\"><a href=\"https:\/\/dev.93-93-113-41.plesk.page\/ca\/serveis\/endocrinologia-i-nutricio\/diabetis\/\">Diabetis<\/a><\/div><\/div><div class=\"mh-row\"><div class=\"mh-col-1-2 especialidades-block\"><a href=\"https:\/\/dev.93-93-113-41.plesk.page\/ca\/serveis\/endocrinologia-i-nutricio\/dislipemia\/\">Dislipemia<\/a><\/div><div class=\"mh-col-1-2 especialidades-block\"><a href=\"https:\/\/dev.93-93-113-41.plesk.page\/ca\/serveis\/endocrinologia-i-nutricio\/sindrome-metabolica\/\">S\u00edndrome Metab\u00f3lica<\/a><\/div><\/div><div class=\"mh-row\"><div class=\"mh-col-1-2 especialidades-block\"><a href=\"https:\/\/dev.93-93-113-41.plesk.page\/ca\/serveis\/obesitat\/\">Obesitat i Sobrep\u00e8s<\/a><\/div><div class=\"mh-col-1-2 especialidades-block\"><a href=\"https:\/\/dev.93-93-113-41.plesk.page\/ca\/serveis\/endocrinologia-i-nutricio\/tiroide\/\">Tiroide<\/a><\/div><\/div>\t\t\t\t\t\t<\/div>\n\t\t\t\t<\/div>\n\t\t\t\t\t<\/div>\n\t\t\t\t<\/div>\n\t\t\t\t<\/div>\n\t\t","protected":false},"excerpt":{"rendered":"<div class=\"mh-excerpt\"><p>L&#8217;Endocrinologia \u00e9s una especialitat m\u00e8dica que estudia el sistema endocr\u00ed i les patologies provocades pel mal funcionament del mateix. L&#8217;equip d&#8217;Endocrinologia, Nutrici\u00f3 i Diet\u00e8tica s&#8217;encarrega del diagn\u00f2stic i tractament de les alteracions del sistema endocr\u00ed. <a class=\"mh-excerpt-more\" href=\"https:\/\/dev.93-93-113-41.plesk.page\/ca\/serveis\/endocrinologia-i-nutricio\/\" title=\"Endocrinologia i nutrici\u00f3\">[&#8230;]<\/a><\/p>\n<\/div>","protected":false},"author":1,"featured_media":0,"parent":36232,"menu_order":16,"comment_status":"closed","ping_status":"closed","template":"","meta":{"footnotes":""},"class_list":["post-735","page","type-page","status-publish"],"yoast_head":"<!-- This site is optimized with the Yoast SEO plugin v22.6 - https:\/\/yoast.com\/wordpress\/plugins\/seo\/ -->\n<title>Endocrinologia i nutrici\u00f3 - Servidigest<\/title>\n<meta name=\"description\" content=\"El Servei de Endocrinologia i Nutrici\u00f3 i Diet\u00e9tica estudia i tracta les malalties endocrines i metab\u00f2liques\" \/>\n<meta name=\"robots\" content=\"index, follow, max-snippet:-1, max-image-preview:large, max-video-preview:-1\" \/>\n<link rel=\"canonical\" href=\"https:\/\/dev.93-93-113-41.plesk.page\/ca\/serveis\/endocrinologia-i-nutricio\/\" \/>\n<meta property=\"og:locale\" content=\"ca_ES\" \/>\n<meta property=\"og:type\" content=\"article\" \/>\n<meta property=\"og:title\" content=\"Endocrinologia i nutrici\u00f3 - Servidigest\" \/>\n<meta property=\"og:description\" content=\"El Servei de Endocrinologia i Nutrici\u00f3 i Diet\u00e9tica estudia i tracta les malalties endocrines i metab\u00f2liques\" \/>\n<meta property=\"og:url\" content=\"https:\/\/dev.93-93-113-41.plesk.page\/ca\/serveis\/endocrinologia-i-nutricio\/\" \/>\n<meta property=\"og:site_name\" content=\"Servidigest\" \/>\n<meta property=\"article:publisher\" content=\"https:\/\/www.facebook.com\/servidigest\" \/>\n<meta property=\"article:modified_time\" content=\"2024-05-24T12:25:45+00:00\" \/>\n<meta name=\"twitter:card\" content=\"summary_large_image\" \/>\n<meta name=\"twitter:site\" content=\"@servidigest\" \/>\n<meta name=\"twitter:label1\" content=\"Est. reading time\" \/>\n\t<meta name=\"twitter:data1\" content=\"2 minutes\" \/>\n<script type=\"application\/ld+json\" class=\"yoast-schema-graph\">{\"@context\":\"https:\/\/schema.org\",\"@graph\":[{\"@type\":\"WebPage\",\"@id\":\"https:\/\/dev.93-93-113-41.plesk.page\/ca\/serveis\/endocrinologia-i-nutricio\/\",\"url\":\"https:\/\/dev.93-93-113-41.plesk.page\/ca\/serveis\/endocrinologia-i-nutricio\/\",\"name\":\"Endocrinologia i nutrici\u00f3 - Servidigest\",\"isPartOf\":{\"@id\":\"https:\/\/dev.93-93-113-41.plesk.page\/ca\/#website\"},\"datePublished\":\"2014-06-20T11:15:33+00:00\",\"dateModified\":\"2024-05-24T12:25:45+00:00\",\"description\":\"El Servei de Endocrinologia i Nutrici\u00f3 i Diet\u00e9tica estudia i tracta les malalties endocrines i metab\u00f2liques\",\"breadcrumb\":{\"@id\":\"https:\/\/dev.93-93-113-41.plesk.page\/ca\/serveis\/endocrinologia-i-nutricio\/#breadcrumb\"},\"inLanguage\":\"ca\",\"potentialAction\":[{\"@type\":\"ReadAction\",\"target\":[\"https:\/\/dev.93-93-113-41.plesk.page\/ca\/serveis\/endocrinologia-i-nutricio\/\"]}]},{\"@type\":\"BreadcrumbList\",\"@id\":\"https:\/\/dev.93-93-113-41.plesk.page\/ca\/serveis\/endocrinologia-i-nutricio\/#breadcrumb\",\"itemListElement\":[{\"@type\":\"ListItem\",\"position\":1,\"name\":\"Serveis M\u00e8dics de Cl\u00ednica ServiDigest\",\"item\":\"https:\/\/dev.93-93-113-41.plesk.page\/ca\/servicios\/\"},{\"@type\":\"ListItem\",\"position\":2,\"name\":\"Endocrinologia i nutrici\u00f3\"}]},{\"@type\":\"WebSite\",\"@id\":\"https:\/\/dev.93-93-113-41.plesk.page\/ca\/#website\",\"url\":\"https:\/\/dev.93-93-113-41.plesk.page\/ca\/\",\"name\":\"Servidigest\",\"description\":\"\",\"publisher\":{\"@id\":\"https:\/\/dev.93-93-113-41.plesk.page\/ca\/#organization\"},\"potentialAction\":[{\"@type\":\"SearchAction\",\"target\":{\"@type\":\"EntryPoint\",\"urlTemplate\":\"https:\/\/dev.93-93-113-41.plesk.page\/ca\/?s={search_term_string}\"},\"query-input\":\"required name=search_term_string\"}],\"inLanguage\":\"ca\"},{\"@type\":\"Organization\",\"@id\":\"https:\/\/dev.93-93-113-41.plesk.page\/ca\/#organization\",\"name\":\"Servidigest\",\"url\":\"https:\/\/dev.93-93-113-41.plesk.page\/ca\/\",\"logo\":{\"@type\":\"ImageObject\",\"inLanguage\":\"ca\",\"@id\":\"https:\/\/dev.93-93-113-41.plesk.page\/ca\/#\/schema\/logo\/image\/\",\"url\":\"https:\/\/dev.93-93-113-41.plesk.page\/wp-content\/uploads\/2024\/01\/servidigest.png\",\"contentUrl\":\"https:\/\/dev.93-93-113-41.plesk.page\/wp-content\/uploads\/2024\/01\/servidigest.png\",\"width\":808,\"height\":88,\"caption\":\"Servidigest\"},\"image\":{\"@id\":\"https:\/\/dev.93-93-113-41.plesk.page\/ca\/#\/schema\/logo\/image\/\"},\"sameAs\":[\"https:\/\/www.facebook.com\/servidigest\",\"https:\/\/x.com\/servidigest\"]}]}<\/script>\n<!-- \/ Yoast SEO plugin. -->","yoast_head_json":{"title":"Endocrinologia i nutrici\u00f3 - Servidigest","description":"El Servei de Endocrinologia i Nutrici\u00f3 i Diet\u00e9tica estudia i tracta les malalties endocrines i metab\u00f2liques","robots":{"index":"index","follow":"follow","max-snippet":"max-snippet:-1","max-image-preview":"max-image-preview:large","max-video-preview":"max-video-preview:-1"},"canonical":"https:\/\/dev.93-93-113-41.plesk.page\/ca\/serveis\/endocrinologia-i-nutricio\/","og_locale":"ca_ES","og_type":"article","og_title":"Endocrinologia i nutrici\u00f3 - Servidigest","og_description":"El Servei de Endocrinologia i Nutrici\u00f3 i Diet\u00e9tica estudia i tracta les malalties endocrines i metab\u00f2liques","og_url":"https:\/\/dev.93-93-113-41.plesk.page\/ca\/serveis\/endocrinologia-i-nutricio\/","og_site_name":"Servidigest","article_publisher":"https:\/\/www.facebook.com\/servidigest","article_modified_time":"2024-05-24T12:25:45+00:00","twitter_card":"summary_large_image","twitter_site":"@servidigest","twitter_misc":{"Est. reading time":"2 minutes"},"schema":{"@context":"https:\/\/schema.org","@graph":[{"@type":"WebPage","@id":"https:\/\/dev.93-93-113-41.plesk.page\/ca\/serveis\/endocrinologia-i-nutricio\/","url":"https:\/\/dev.93-93-113-41.plesk.page\/ca\/serveis\/endocrinologia-i-nutricio\/","name":"Endocrinologia i nutrici\u00f3 - Servidigest","isPartOf":{"@id":"https:\/\/dev.93-93-113-41.plesk.page\/ca\/#website"},"datePublished":"2014-06-20T11:15:33+00:00","dateModified":"2024-05-24T12:25:45+00:00","description":"El Servei de Endocrinologia i Nutrici\u00f3 i Diet\u00e9tica estudia i tracta les malalties endocrines i metab\u00f2liques","breadcrumb":{"@id":"https:\/\/dev.93-93-113-41.plesk.page\/ca\/serveis\/endocrinologia-i-nutricio\/#breadcrumb"},"inLanguage":"ca","potentialAction":[{"@type":"ReadAction","target":["https:\/\/dev.93-93-113-41.plesk.page\/ca\/serveis\/endocrinologia-i-nutricio\/"]}]},{"@type":"BreadcrumbList","@id":"https:\/\/dev.93-93-113-41.plesk.page\/ca\/serveis\/endocrinologia-i-nutricio\/#breadcrumb","itemListElement":[{"@type":"ListItem","position":1,"name":"Serveis M\u00e8dics de Cl\u00ednica ServiDigest","item":"https:\/\/dev.93-93-113-41.plesk.page\/ca\/servicios\/"},{"@type":"ListItem","position":2,"name":"Endocrinologia i nutrici\u00f3"}]},{"@type":"WebSite","@id":"https:\/\/dev.93-93-113-41.plesk.page\/ca\/#website","url":"https:\/\/dev.93-93-113-41.plesk.page\/ca\/","name":"Servidigest","description":"","publisher":{"@id":"https:\/\/dev.93-93-113-41.plesk.page\/ca\/#organization"},"potentialAction":[{"@type":"SearchAction","target":{"@type":"EntryPoint","urlTemplate":"https:\/\/dev.93-93-113-41.plesk.page\/ca\/?s={search_term_string}"},"query-input":"required name=search_term_string"}],"inLanguage":"ca"},{"@type":"Organization","@id":"https:\/\/dev.93-93-113-41.plesk.page\/ca\/#organization","name":"Servidigest","url":"https:\/\/dev.93-93-113-41.plesk.page\/ca\/","logo":{"@type":"ImageObject","inLanguage":"ca","@id":"https:\/\/dev.93-93-113-41.plesk.page\/ca\/#\/schema\/logo\/image\/","url":"https:\/\/dev.93-93-113-41.plesk.page\/wp-content\/uploads\/2024\/01\/servidigest.png","contentUrl":"https:\/\/dev.93-93-113-41.plesk.page\/wp-content\/uploads\/2024\/01\/servidigest.png","width":808,"height":88,"caption":"Servidigest"},"image":{"@id":"https:\/\/dev.93-93-113-41.plesk.page\/ca\/#\/schema\/logo\/image\/"},"sameAs":["https:\/\/www.facebook.com\/servidigest","https:\/\/x.com\/servidigest"]}]}},"_links":{"self":[{"href":"https:\/\/dev.93-93-113-41.plesk.page\/ca\/wp-json\/wp\/v2\/pages\/735","targetHints":{"allow":["GET"]}}],"collection":[{"href":"https:\/\/dev.93-93-113-41.plesk.page\/ca\/wp-json\/wp\/v2\/pages"}],"about":[{"href":"https:\/\/dev.93-93-113-41.plesk.page\/ca\/wp-json\/wp\/v2\/types\/page"}],"author":[{"embeddable":true,"href":"https:\/\/dev.93-93-113-41.plesk.page\/ca\/wp-json\/wp\/v2\/users\/1"}],"replies":[{"embeddable":true,"href":"https:\/\/dev.93-93-113-41.plesk.page\/ca\/wp-json\/wp\/v2\/comments?post=735"}],"version-history":[{"count":6,"href":"https:\/\/dev.93-93-113-41.plesk.page\/ca\/wp-json\/wp\/v2\/pages\/735\/revisions"}],"predecessor-version":[{"id":40414,"href":"https:\/\/dev.93-93-113-41.plesk.page\/ca\/wp-json\/wp\/v2\/pages\/735\/revisions\/40414"}],"up":[{"embeddable":true,"href":"https:\/\/dev.93-93-113-41.plesk.page\/ca\/wp-json\/wp\/v2\/pages\/36232"}],"wp:attachment":[{"href":"https:\/\/dev.93-93-113-41.plesk.page\/ca\/wp-json\/wp\/v2\/media?parent=735"}],"curies":[{"name":"wp","href":"https:\/\/api.w.org\/{rel}","templated":true}]}}