{"id":733,"date":"2014-06-20T10:43:19","date_gmt":"2014-06-20T10:43:19","guid":{"rendered":"https:\/\/dev.93-93-113-41.plesk.page\/?page_id=733"},"modified":"2024-03-11T13:15:06","modified_gmt":"2024-03-11T12:15:06","slug":"obesitat","status":"publish","type":"page","link":"https:\/\/dev.93-93-113-41.plesk.page\/ca\/serveis\/obesitat\/","title":{"rendered":"Tractament de l&#8217;Obesitat i el Sobrep\u00e8s"},"content":{"rendered":"<p>Cl\u00ednica ServiDigest\u00a0disposa d\u2019un <strong>servei medicoquir\u00fargic de l\u2019Obesitat<\/strong> per tractar de forma especialitzada i multidisciplinar aquesta patologia cada vegada m\u00e9s freq\u00fcent en les societats m\u00e9s desenvolupades.\u00a0El <strong>Sobrep\u00e8s<\/strong> i l&#8217;<strong>Obesitat<\/strong> suposen un problema de salut molt important que requereix uns tractaments especifics.<\/p>\n<p>Disposem de serveis d\u2019Endocrinologia, Nutrici\u00f3 i Diet\u00e9tica, Psicolog\u00eda, Endosc\u00f2pia Digestiva i Cirurgia de l\u2019Obesitat (bari\u00e0trica), per poder aplicar de forma coordinada els <strong>diferents tractaments segons el grau de Sobrep\u00e8s o Obesitat<\/strong>: diet\u00e8tic, farmacol\u00f2gic, endosc\u00f2pic i quir\u00fargic.<\/p>\n<p><strong>L&#8217;Obesitat no s&#8217;ha de valorar nom\u00e9s com un problema est\u00e8tic sin\u00f3 de Salut<\/strong>, ja que provoca l&#8217;aparici\u00f3 d&#8217;altres malaties com diabetis, hipertensi\u00f3 arterial, dislipemia, malalties degeneratives osteoarticulars, malalties cardiovasculars, alteracions psicol\u00f2giques (ansietat, depressi\u00f3), apnea de la son, trastorns ginecol\u00f2gics, digestius i hep\u00e0tics, i una major probabilitat de c\u00e0ncer d&#8217;\u00fater, c\u00f2lon&#8230;<\/p>\n<p>El seu tractament \u00e9s complex i s\u00b4ha d&#8217;aplicar de forma integral i multidisciplinar, individualitzant cada cas per aconseguir la motivaci\u00f3 i col.laboraci\u00f3 del pacient.<\/p>\n<ul>\n<li><strong>Tractament Endocrinol\u00f2gic<\/strong><\/li>\n<li><strong>Tractament Nutricional-Diet\u00e8tic<\/strong><\/li>\n<li><strong>Tractament Psicol\u00f2gic<\/strong><\/li>\n<li><strong>Avaluaci\u00f3 Activitat F\u00edsica<\/strong><\/li>\n<li><strong>Tractament Endosc\u00f2pic<\/strong><\/li>\n<li><strong>Cirurgia de l&#8217;Obesitat (Bari\u00e0trica)<\/strong><\/li>\n<\/ul>\n<div class=\"mh-row\">\n<div class=\"mh-col-1-2 especialidades-block\"><a href=\"https:\/\/dev.93-93-113-41.plesk.page\/ca\/serveis\/obesitat\/balo-intragastric\/\">Bal\u00f3 Intrag\u00e0stric Endosc\u00f2pic<\/a><\/div>\n<div class=\"mh-col-1-2 especialidades-block\"><a href=\"https:\/\/dev.93-93-113-41.plesk.page\/ca\/serveis\/obesitat\/metode-apollo\/\">M\u00e8tode Apollo<\/a><\/div>\n<\/div>\n<div class=\"mh-row\">\n<div class=\"mh-col-1-2 especialidades-block\"><a href=\"https:\/\/dev.93-93-113-41.plesk.page\/ca\/serveis\/obesitat\/bypass-gastric\/\">Tractaments quir\u00fargics<\/a><\/div>\n<\/div>\n<div class=\"clearfix\"><\/div>\n<h2>Tractaments endosc\u00f2pics de l&#8217;obesitat<\/h2>\n<p>Les t\u00e8cniques endosc\u00f2piques que es realitzen tenen com a objectiu <strong>reduir la capacitat g\u00e0strica<\/strong> per aconseguir m\u00e9s sensaci\u00f3 de sacietat amb menor quantitat d&#8217;ingesta.<\/p>\n<h3>Bal\u00f3 intrag\u00e0stric endosc\u00f2pic<\/h3>\n<p><strong>Sense cirurgia<\/strong>, consisteix a introduir a l&#8217;est\u00f3mac, per via endosc\u00f2pica, un <strong>globus de silicona<\/strong> amb contingut de s\u00e8rum fisiol\u00f2gic. Es mant\u00e9 durant uns mesos, produint sensaci\u00f3 de sacietat i reeducant durant aquest periode al pacient a menjar m\u00e9s lleuger i menys quanti\u00f3s.<\/p>\n<h3>M\u00e8tode APOLLO<\/h3>\n<p>Un <strong>m\u00e8tode innovador i avan\u00e7at<\/strong> per a realitzar intervencions endosc\u00f2piques per via oral, i <strong>indicat en el tractament de l&#8217;Obesitat<\/strong> i tamb\u00e9 en d&#8217;altres patologies i \/ o complicacions digestives que precisin un procediment de sutura endosc\u00f2pica.<\/p>\n<h2>Tractaments quir\u00fargics de l&#8217;Obesitat<\/h2>\n<h3>Cirurgia de l&#8217;Obesitat\u00a0o Cirurgia Bari\u00e0trica<\/h3>\n<p>T\u00e9 el seu origen en altres procediments quir\u00fargics en qu\u00e8 s&#8217;observava p\u00e8rdua de pes en pacients que no eren intervinguts amb aquesta finalitat. Les t\u00e8cniques de <strong>Cirurgia Bari\u00e0trica<\/strong> s&#8217;empren des de fa m\u00e9s de 60 anys, per\u00f2 han demostrat ser un tractament especialment efica\u00e7 amb el desenvolupament de la cirurgia laparosc\u00f2pica.<\/p>\n<p>Actualment la Cirurgia Bari\u00e0trica \u00e9s l&#8217;opci\u00f3 m\u00e9s efectiva en el cas d&#8217;una <strong>Obesitat catalogada com a tipus III<\/strong> (<a href=\"https:\/\/dev.93-93-113-41.plesk.page\/ca\/calcula-el-teu-imc\/\">\u00edndex de massa corporal<\/a> superior a 40) en la que han fracassat els altres tractaments, <strong>o en la tipus II<\/strong> (<a href=\"https:\/\/dev.93-93-113-41.plesk.page\/ca\/calcula-el-teu-imc\/\">\u00edndex de massa corporal<\/a> superior a 35 ) amb comorbiditats greus relacionades amb l&#8217;Obesitat com diabetis, hipertensi\u00f3, dislip\u00e8mia o s\u00edndrome d&#8217;apnea del son.<\/p>\n<p>Aquesta cirurgia constitueix un element del <strong>tractament de l&#8217;Obesitat<\/strong> i s&#8217;indica d&#8217;acord a un protocol estricte de control i avaluaci\u00f3 de l&#8217;Obesitat, que permet realitzar la intervenci\u00f3 en el moment m\u00e9s adequat, i amb la t\u00e8cnica m\u00e9s ben adaptada al perfil metab\u00f2lic del pacient.<\/p>\n<p>Despr\u00e9s de l&#8217;operaci\u00f3, es continua el proc\u00e9s amb un <strong>programa de canvi d&#8217;h\u00e0bits alimentaris i estil de vida<\/strong>, pautes d&#8217;alimentaci\u00f3 protocol\u00b7litzades i augment progressiu de l&#8217;activitat f\u00edsica mitjan\u00e7ant exercicis adaptats, aix\u00ed com controls per part d&#8217;un equip multidisciplinari, format per cirurgi\u00e0 , endocrin\u00f2leg i dietista. Aquest programa \u00e9s imprescindible perqu\u00e8 el resultat del tractament sigui favorable i es pugui mantenir la p\u00e8rdua de pes aconseguida a llarg termini.<\/p>\n<h4>Equip multidisciplinari<\/h4>\n<p>L&#8217;Obesitat \u00e9s una malaltia que requereix un abordatge multidisciplinari, i \u00e9s per aquest motiu que ser\u00e0 tractat per diversos especialistes per valorar la seva situaci\u00f3 cl\u00ednica i realitzar el seguiment posterior a la intervenci\u00f3. Les especialitats que formen part de la unitat de Cirurgia de l&#8217;Obesitat i Metab\u00f2lica s\u00f3n:<\/p>\n<ul>\n<li><strong>Cirurgia Bari\u00e0trica i Metab\u00f2lica<\/strong><\/li>\n<li><strong>Gastroenterologia<\/strong><\/li>\n<li><strong>Endocrinologia<\/strong><\/li>\n<li><strong>Nutrici\u00f3<\/strong><\/li>\n<li><strong>Psicologia<\/strong><\/li>\n<\/ul>\n<p>L&#8217;Obesitat \u00e9s la malaltia metab\u00f2lica m\u00e9s freq\u00fcent en els pa\u00efsos desenvolupats i segons la OMS, una de les grans epid\u00e8mies del segle XXI.<\/p>\n<p>A part de la predisposici\u00f3 gen\u00e8tica, l&#8217;augment del Sobrep\u00e8s i l&#8217;Obesitat es deu als <strong>mals h\u00e0bits alimentaris<\/strong> i a la <strong>falta d&#8217;exercici f\u00edsic<\/strong>.<\/p>\n<p>El Sobrep\u00e8s \u00e9s una malaltia que evoluciona cap a l&#8217;Obesitat, per tant, \u00e9s important frenar la seva progressi\u00f3 en el moment en que encara no afecti de forma important la salut del pacient.<\/p>\n<p>Els diversos graus d&#8217;Obesitat exigeixen diferents nivells de tractament, pel que deuen ser evaluats i tractats en Unitats expertes en el tractament del Sobrep\u00e8s i l&#8217;Obesitat.<\/p>\n<p><iframe title=\"M\u00e8tode del Plat Saludable - Dieta saludable i equilibrada\" width=\"500\" height=\"281\" src=\"https:\/\/www.youtube.com\/embed\/WvqWs8uWBeA?feature=oembed\" frameborder=\"0\" allow=\"accelerometer; autoplay; clipboard-write; encrypted-media; gyroscope; picture-in-picture; web-share\" referrerpolicy=\"strict-origin-when-cross-origin\" allowfullscreen><\/iframe><\/p>\n","protected":false},"excerpt":{"rendered":"<div class=\"mh-excerpt\"><p>Cl\u00ednica ServiDigest\u00a0disposa d\u2019un servei medicoquir\u00fargic de l\u2019Obesitat per tractar de forma especialitzada i multidisciplinar aquesta patologia cada vegada m\u00e9s freq\u00fcent en les societats m\u00e9s desenvolupades.\u00a0El Sobrep\u00e8s i l&#8217;Obesitat suposen un problema de salut molt important <a class=\"mh-excerpt-more\" href=\"https:\/\/dev.93-93-113-41.plesk.page\/ca\/serveis\/obesitat\/\" title=\"Tractament de l&#8217;Obesitat i el Sobrep\u00e8s\">[&#8230;]<\/a><\/p>\n<\/div>","protected":false},"author":1,"featured_media":0,"parent":36232,"menu_order":14,"comment_status":"closed","ping_status":"closed","template":"","meta":{"footnotes":""},"class_list":["post-733","page","type-page","status-publish"],"yoast_head":"<!-- This site is optimized with the Yoast SEO plugin v22.6 - https:\/\/yoast.com\/wordpress\/plugins\/seo\/ -->\n<title>Tractament de l&#039;Obesitat i el Sobrep\u00e8s. Cl\u00ednica ServiDigest Barcelona<\/title>\n<meta name=\"description\" content=\"Cl\u00ednica ServiDigest disposa d&#039;un servei medicoquir\u00fargic de l&#039;Obesitat per tractar el Sobrep\u00e8s i l&#039;Obesitat. Bal\u00f3 intrag\u00e0stric, M\u00e8tode Apollo, Cirurgia bari\u00e0trica\" \/>\n<meta name=\"robots\" content=\"index, follow, max-snippet:-1, max-image-preview:large, max-video-preview:-1\" \/>\n<link rel=\"canonical\" href=\"https:\/\/dev.93-93-113-41.plesk.page\/ca\/serveis\/obesitat\/\" \/>\n<meta property=\"og:locale\" content=\"ca_ES\" \/>\n<meta property=\"og:type\" content=\"article\" \/>\n<meta property=\"og:title\" content=\"Tractament de l&#039;Obesitat i el Sobrep\u00e8s. Cl\u00ednica ServiDigest Barcelona\" \/>\n<meta property=\"og:description\" content=\"Cl\u00ednica ServiDigest disposa d&#039;un servei medicoquir\u00fargic de l&#039;Obesitat per tractar el Sobrep\u00e8s i l&#039;Obesitat. Bal\u00f3 intrag\u00e0stric, M\u00e8tode Apollo, Cirurgia bari\u00e0trica\" \/>\n<meta property=\"og:url\" content=\"https:\/\/dev.93-93-113-41.plesk.page\/ca\/serveis\/obesitat\/\" \/>\n<meta property=\"og:site_name\" content=\"Servidigest\" \/>\n<meta property=\"article:publisher\" content=\"https:\/\/www.facebook.com\/servidigest\" \/>\n<meta property=\"article:modified_time\" content=\"2024-03-11T12:15:06+00:00\" \/>\n<meta name=\"twitter:card\" content=\"summary_large_image\" \/>\n<meta name=\"twitter:site\" content=\"@servidigest\" \/>\n<meta name=\"twitter:label1\" content=\"Est. reading time\" \/>\n\t<meta name=\"twitter:data1\" content=\"4 minutes\" \/>\n<script type=\"application\/ld+json\" class=\"yoast-schema-graph\">{\"@context\":\"https:\/\/schema.org\",\"@graph\":[{\"@type\":\"WebPage\",\"@id\":\"https:\/\/dev.93-93-113-41.plesk.page\/ca\/serveis\/obesitat\/\",\"url\":\"https:\/\/dev.93-93-113-41.plesk.page\/ca\/serveis\/obesitat\/\",\"name\":\"Tractament de l'Obesitat i el Sobrep\u00e8s. Cl\u00ednica ServiDigest Barcelona\",\"isPartOf\":{\"@id\":\"https:\/\/dev.93-93-113-41.plesk.page\/ca\/#website\"},\"datePublished\":\"2014-06-20T10:43:19+00:00\",\"dateModified\":\"2024-03-11T12:15:06+00:00\",\"description\":\"Cl\u00ednica ServiDigest disposa d'un servei medicoquir\u00fargic de l'Obesitat per tractar el Sobrep\u00e8s i l'Obesitat. Bal\u00f3 intrag\u00e0stric, M\u00e8tode Apollo, Cirurgia bari\u00e0trica\",\"breadcrumb\":{\"@id\":\"https:\/\/dev.93-93-113-41.plesk.page\/ca\/serveis\/obesitat\/#breadcrumb\"},\"inLanguage\":\"ca\",\"potentialAction\":[{\"@type\":\"ReadAction\",\"target\":[\"https:\/\/dev.93-93-113-41.plesk.page\/ca\/serveis\/obesitat\/\"]}]},{\"@type\":\"BreadcrumbList\",\"@id\":\"https:\/\/dev.93-93-113-41.plesk.page\/ca\/serveis\/obesitat\/#breadcrumb\",\"itemListElement\":[{\"@type\":\"ListItem\",\"position\":1,\"name\":\"Serveis M\u00e8dics de Cl\u00ednica ServiDigest\",\"item\":\"https:\/\/dev.93-93-113-41.plesk.page\/ca\/servicios\/\"},{\"@type\":\"ListItem\",\"position\":2,\"name\":\"Tractament de l&#8217;Obesitat i el Sobrep\u00e8s\"}]},{\"@type\":\"WebSite\",\"@id\":\"https:\/\/dev.93-93-113-41.plesk.page\/ca\/#website\",\"url\":\"https:\/\/dev.93-93-113-41.plesk.page\/ca\/\",\"name\":\"Servidigest\",\"description\":\"\",\"publisher\":{\"@id\":\"https:\/\/dev.93-93-113-41.plesk.page\/ca\/#organization\"},\"potentialAction\":[{\"@type\":\"SearchAction\",\"target\":{\"@type\":\"EntryPoint\",\"urlTemplate\":\"https:\/\/dev.93-93-113-41.plesk.page\/ca\/?s={search_term_string}\"},\"query-input\":\"required name=search_term_string\"}],\"inLanguage\":\"ca\"},{\"@type\":\"Organization\",\"@id\":\"https:\/\/dev.93-93-113-41.plesk.page\/ca\/#organization\",\"name\":\"Servidigest\",\"url\":\"https:\/\/dev.93-93-113-41.plesk.page\/ca\/\",\"logo\":{\"@type\":\"ImageObject\",\"inLanguage\":\"ca\",\"@id\":\"https:\/\/dev.93-93-113-41.plesk.page\/ca\/#\/schema\/logo\/image\/\",\"url\":\"https:\/\/dev.93-93-113-41.plesk.page\/wp-content\/uploads\/2024\/01\/servidigest.png\",\"contentUrl\":\"https:\/\/dev.93-93-113-41.plesk.page\/wp-content\/uploads\/2024\/01\/servidigest.png\",\"width\":808,\"height\":88,\"caption\":\"Servidigest\"},\"image\":{\"@id\":\"https:\/\/dev.93-93-113-41.plesk.page\/ca\/#\/schema\/logo\/image\/\"},\"sameAs\":[\"https:\/\/www.facebook.com\/servidigest\",\"https:\/\/x.com\/servidigest\"]}]}<\/script>\n<!-- \/ Yoast SEO plugin. -->","yoast_head_json":{"title":"Tractament de l'Obesitat i el Sobrep\u00e8s. Cl\u00ednica ServiDigest Barcelona","description":"Cl\u00ednica ServiDigest disposa d'un servei medicoquir\u00fargic de l'Obesitat per tractar el Sobrep\u00e8s i l'Obesitat. Bal\u00f3 intrag\u00e0stric, M\u00e8tode Apollo, Cirurgia bari\u00e0trica","robots":{"index":"index","follow":"follow","max-snippet":"max-snippet:-1","max-image-preview":"max-image-preview:large","max-video-preview":"max-video-preview:-1"},"canonical":"https:\/\/dev.93-93-113-41.plesk.page\/ca\/serveis\/obesitat\/","og_locale":"ca_ES","og_type":"article","og_title":"Tractament de l'Obesitat i el Sobrep\u00e8s. Cl\u00ednica ServiDigest Barcelona","og_description":"Cl\u00ednica ServiDigest disposa d'un servei medicoquir\u00fargic de l'Obesitat per tractar el Sobrep\u00e8s i l'Obesitat. Bal\u00f3 intrag\u00e0stric, M\u00e8tode Apollo, Cirurgia bari\u00e0trica","og_url":"https:\/\/dev.93-93-113-41.plesk.page\/ca\/serveis\/obesitat\/","og_site_name":"Servidigest","article_publisher":"https:\/\/www.facebook.com\/servidigest","article_modified_time":"2024-03-11T12:15:06+00:00","twitter_card":"summary_large_image","twitter_site":"@servidigest","twitter_misc":{"Est. reading time":"4 minutes"},"schema":{"@context":"https:\/\/schema.org","@graph":[{"@type":"WebPage","@id":"https:\/\/dev.93-93-113-41.plesk.page\/ca\/serveis\/obesitat\/","url":"https:\/\/dev.93-93-113-41.plesk.page\/ca\/serveis\/obesitat\/","name":"Tractament de l'Obesitat i el Sobrep\u00e8s. Cl\u00ednica ServiDigest Barcelona","isPartOf":{"@id":"https:\/\/dev.93-93-113-41.plesk.page\/ca\/#website"},"datePublished":"2014-06-20T10:43:19+00:00","dateModified":"2024-03-11T12:15:06+00:00","description":"Cl\u00ednica ServiDigest disposa d'un servei medicoquir\u00fargic de l'Obesitat per tractar el Sobrep\u00e8s i l'Obesitat. Bal\u00f3 intrag\u00e0stric, M\u00e8tode Apollo, Cirurgia bari\u00e0trica","breadcrumb":{"@id":"https:\/\/dev.93-93-113-41.plesk.page\/ca\/serveis\/obesitat\/#breadcrumb"},"inLanguage":"ca","potentialAction":[{"@type":"ReadAction","target":["https:\/\/dev.93-93-113-41.plesk.page\/ca\/serveis\/obesitat\/"]}]},{"@type":"BreadcrumbList","@id":"https:\/\/dev.93-93-113-41.plesk.page\/ca\/serveis\/obesitat\/#breadcrumb","itemListElement":[{"@type":"ListItem","position":1,"name":"Serveis M\u00e8dics de Cl\u00ednica ServiDigest","item":"https:\/\/dev.93-93-113-41.plesk.page\/ca\/servicios\/"},{"@type":"ListItem","position":2,"name":"Tractament de l&#8217;Obesitat i el Sobrep\u00e8s"}]},{"@type":"WebSite","@id":"https:\/\/dev.93-93-113-41.plesk.page\/ca\/#website","url":"https:\/\/dev.93-93-113-41.plesk.page\/ca\/","name":"Servidigest","description":"","publisher":{"@id":"https:\/\/dev.93-93-113-41.plesk.page\/ca\/#organization"},"potentialAction":[{"@type":"SearchAction","target":{"@type":"EntryPoint","urlTemplate":"https:\/\/dev.93-93-113-41.plesk.page\/ca\/?s={search_term_string}"},"query-input":"required name=search_term_string"}],"inLanguage":"ca"},{"@type":"Organization","@id":"https:\/\/dev.93-93-113-41.plesk.page\/ca\/#organization","name":"Servidigest","url":"https:\/\/dev.93-93-113-41.plesk.page\/ca\/","logo":{"@type":"ImageObject","inLanguage":"ca","@id":"https:\/\/dev.93-93-113-41.plesk.page\/ca\/#\/schema\/logo\/image\/","url":"https:\/\/dev.93-93-113-41.plesk.page\/wp-content\/uploads\/2024\/01\/servidigest.png","contentUrl":"https:\/\/dev.93-93-113-41.plesk.page\/wp-content\/uploads\/2024\/01\/servidigest.png","width":808,"height":88,"caption":"Servidigest"},"image":{"@id":"https:\/\/dev.93-93-113-41.plesk.page\/ca\/#\/schema\/logo\/image\/"},"sameAs":["https:\/\/www.facebook.com\/servidigest","https:\/\/x.com\/servidigest"]}]}},"_links":{"self":[{"href":"https:\/\/dev.93-93-113-41.plesk.page\/ca\/wp-json\/wp\/v2\/pages\/733","targetHints":{"allow":["GET"]}}],"collection":[{"href":"https:\/\/dev.93-93-113-41.plesk.page\/ca\/wp-json\/wp\/v2\/pages"}],"about":[{"href":"https:\/\/dev.93-93-113-41.plesk.page\/ca\/wp-json\/wp\/v2\/types\/page"}],"author":[{"embeddable":true,"href":"https:\/\/dev.93-93-113-41.plesk.page\/ca\/wp-json\/wp\/v2\/users\/1"}],"replies":[{"embeddable":true,"href":"https:\/\/dev.93-93-113-41.plesk.page\/ca\/wp-json\/wp\/v2\/comments?post=733"}],"version-history":[{"count":5,"href":"https:\/\/dev.93-93-113-41.plesk.page\/ca\/wp-json\/wp\/v2\/pages\/733\/revisions"}],"predecessor-version":[{"id":36442,"href":"https:\/\/dev.93-93-113-41.plesk.page\/ca\/wp-json\/wp\/v2\/pages\/733\/revisions\/36442"}],"up":[{"embeddable":true,"href":"https:\/\/dev.93-93-113-41.plesk.page\/ca\/wp-json\/wp\/v2\/pages\/36232"}],"wp:attachment":[{"href":"https:\/\/dev.93-93-113-41.plesk.page\/ca\/wp-json\/wp\/v2\/media?parent=733"}],"curies":[{"name":"wp","href":"https:\/\/api.w.org\/{rel}","templated":true}]}}