{"id":7311,"date":"2015-01-07T18:37:25","date_gmt":"2015-01-07T18:37:25","guid":{"rendered":"https:\/\/dev.93-93-113-41.plesk.page\/?page_id=7311"},"modified":"2024-05-08T12:37:59","modified_gmt":"2024-05-08T10:37:59","slug":"diabetis","status":"publish","type":"page","link":"https:\/\/dev.93-93-113-41.plesk.page\/ca\/serveis\/endocrinologia-i-nutricio\/diabetis\/","title":{"rendered":"Diabetis"},"content":{"rendered":"<p>La Diabetis \u00e9s una malaltia cr\u00f2nica que es caracteritza per una elevaci\u00f3 de la glucosa (sucre) deguda a alteracions en la secreci\u00f3 d&#8217;insulina, la seva acci\u00f3 o ambdues.<\/p>\n<h2>Classificaci\u00f3 de la Diabetis<\/h2>\n<p>Hi ha diferents tipus de diabetis:<\/p>\n<ul>\n<li>Diabetis tipus 1, que sol diagnosticar-se a la joventut, d&#8217;origen autoimmune, i en la que hi ha un d\u00e8ficit d&#8217;insulina.<\/li>\n<li>Diabetis tipus 2, la m\u00e9s freq\u00fcent, d&#8217;inici habitualment a l&#8217;edat adulta, caracteritzada per resist\u00e8ncia a l&#8217;acci\u00f3 de la insulina.<\/li>\n<li>Diabetis gestacional.<\/li>\n<li>Altres formes espec\u00edfiques de diabetis, com secund\u00e0ria a malaltia o cirurgia del p\u00e0ncrees, indu\u00efda per f\u00e0rmacs (per exemple corticoides) o defectes gen\u00e8tics (MODY).<\/li>\n<\/ul>\n<p>A Espanya, segons l&#8217;estudi Di@bet.es, el 2011 el 13.8% dels adults tenia diabetis tipus 2, entre els que gaireb\u00e9 la meitat desconeixien que patien aquesta malaltia. A m\u00e9s, el 12.6% de la poblaci\u00f3 t\u00e9 intoler\u00e0ncia a la glucosa o glucosa basal alterada, el que es considera prediabetis. A aix\u00f2 cal sumar la diabetis tipus 1, que suposa del 1 al 5% del total de persones amb diabetis i altres situacions especials, com la diabetis associada amb l&#8217;embar\u00e0s, que afecta entre el 5 i el 7% de les gestants.<\/p>\n<p>Els factors de risc associats al desenvolupament de diabetis tipus 2 s\u00f3n edat avan\u00e7ada, obesitat, vida sedent\u00e0ria, hipertensi\u00f3 arterial, hist\u00f2ria familiar de diabetis i \u00e8tnia. Alguns pacients amb diabetis tipus 2 pateixen l&#8217;anomenada s\u00edndrome metab\u00f2lica, un conjunt de malalties (hipertensi\u00f3, <a href=\"\/?page_id=13492\">dislip\u00e8mia<\/a>, <a href=\"\/?page_id=733\">obesitat abdominal<\/a> &#8230;) relacionades amb la resist\u00e8ncia a la insulina.<\/p>\n<h2>Diagn\u00f2stic de la Diabetis<\/h2>\n<p>La diabetis sol ser una malaltia asimptom\u00e0tica, tret que es trobi en fases avan\u00e7ades, pel que el diagn\u00f2stic requereix d&#8217;anal\u00edtica sangu\u00ednia. Valors de glucosa en dej\u00fa majors o iguals a 126 mg \/ dl o Hemoglobina glicosilada igual o superior a 6.5% en dues ocasions, s\u00f3n diagn\u00f2stics de diabetis. La prediabetis es caracteritza per glucosa de 100 a 125 mg \/ dl o Hemoglobina glicosilada de 5.7 a 6.4%.<\/p>\n<h2>Tractament de la Diabetis<\/h2>\n<p>El tractament dels pacients amb diabetis ha d&#8217;incloure canvis a la dieta, exercici f\u00edsic, f\u00e0rmacs hipoglucemiants (per exemple metformina) i \/ o insulina. La diabetis mal controlada s&#8217;associa a complicacions cr\u00f2niques com malalties cardiovasculars (infart, ictus, etc.), renals (nefropatia) i oculars (retinopatia), entre d&#8217;altres.<\/p>\n<p>En diabetis hi ha estudis que avalen la import\u00e0ncia d&#8217;un tractament intensiu des de l&#8217;inici de la malaltia i, encara millor, quan s&#8217;interv\u00e9 en la fase prediab\u00e9tica, especialment amb un canvi d&#8217;h\u00e0bits dels pacients en risc.<\/p>\n<p>En el servei d&#8217;Endocrinologia de Cl\u00ednica ServiDigest, podem realitzar un diagn\u00f2stic preco\u00e7, identificar el tipus de diabetis, detectar complicacions cr\u00f2niques i establir un pla terap\u00e8utic amb f\u00e0rmacs orals i \/ o insulina.<\/p>\n","protected":false},"excerpt":{"rendered":"<div class=\"mh-excerpt\"><p>La Diabetis \u00e9s una malaltia cr\u00f2nica que es caracteritza per una elevaci\u00f3 de la glucosa (sucre) deguda a alteracions en la secreci\u00f3 d&#8217;insulina, la seva acci\u00f3 o ambdues. Classificaci\u00f3 de la Diabetis Hi ha diferents <a class=\"mh-excerpt-more\" href=\"https:\/\/dev.93-93-113-41.plesk.page\/ca\/serveis\/endocrinologia-i-nutricio\/diabetis\/\" title=\"Diabetis\">[&#8230;]<\/a><\/p>\n<\/div>","protected":false},"author":1,"featured_media":0,"parent":735,"menu_order":6,"comment_status":"closed","ping_status":"closed","template":"","meta":{"footnotes":""},"class_list":["post-7311","page","type-page","status-publish"],"yoast_head":"<!-- This site is optimized with the Yoast SEO plugin v22.6 - https:\/\/yoast.com\/wordpress\/plugins\/seo\/ -->\n<title>Diabetis - Cl\u00ednica ServiDigest - Barcelona - Especialistes en Diabetis<\/title>\n<meta name=\"description\" content=\"La Diabetis \u00e9s una malaltia cr\u00f2nica que es caracteritza per elevaci\u00f3 de la glucosa deguda a alteracions en la secreci\u00f3 d&#039;insulina, la seva acci\u00f3 o ambdues.\" \/>\n<meta name=\"robots\" content=\"index, follow, max-snippet:-1, max-image-preview:large, max-video-preview:-1\" \/>\n<link rel=\"canonical\" href=\"https:\/\/dev.93-93-113-41.plesk.page\/ca\/serveis\/endocrinologia-i-nutricio\/diabetis\/\" \/>\n<meta property=\"og:locale\" content=\"ca_ES\" \/>\n<meta property=\"og:type\" content=\"article\" \/>\n<meta property=\"og:title\" content=\"Diabetis - Cl\u00ednica ServiDigest - Barcelona - Especialistes en Diabetis\" \/>\n<meta property=\"og:description\" content=\"La Diabetis \u00e9s una malaltia cr\u00f2nica que es caracteritza per elevaci\u00f3 de la glucosa deguda a alteracions en la secreci\u00f3 d&#039;insulina, la seva acci\u00f3 o ambdues.\" \/>\n<meta property=\"og:url\" content=\"https:\/\/dev.93-93-113-41.plesk.page\/ca\/serveis\/endocrinologia-i-nutricio\/diabetis\/\" \/>\n<meta property=\"og:site_name\" content=\"Servidigest\" \/>\n<meta property=\"article:publisher\" content=\"https:\/\/www.facebook.com\/servidigest\" \/>\n<meta property=\"article:modified_time\" content=\"2024-05-08T10:37:59+00:00\" \/>\n<meta name=\"twitter:card\" content=\"summary_large_image\" \/>\n<meta name=\"twitter:site\" content=\"@servidigest\" \/>\n<meta name=\"twitter:label1\" content=\"Est. reading time\" \/>\n\t<meta name=\"twitter:data1\" content=\"2 minutes\" \/>\n<script type=\"application\/ld+json\" class=\"yoast-schema-graph\">{\"@context\":\"https:\/\/schema.org\",\"@graph\":[{\"@type\":\"WebPage\",\"@id\":\"https:\/\/dev.93-93-113-41.plesk.page\/ca\/serveis\/endocrinologia-i-nutricio\/diabetis\/\",\"url\":\"https:\/\/dev.93-93-113-41.plesk.page\/ca\/serveis\/endocrinologia-i-nutricio\/diabetis\/\",\"name\":\"Diabetis - Cl\u00ednica ServiDigest - Barcelona - Especialistes en Diabetis\",\"isPartOf\":{\"@id\":\"https:\/\/dev.93-93-113-41.plesk.page\/ca\/#website\"},\"datePublished\":\"2015-01-07T18:37:25+00:00\",\"dateModified\":\"2024-05-08T10:37:59+00:00\",\"description\":\"La Diabetis \u00e9s una malaltia cr\u00f2nica que es caracteritza per elevaci\u00f3 de la glucosa deguda a alteracions en la secreci\u00f3 d'insulina, la seva acci\u00f3 o ambdues.\",\"breadcrumb\":{\"@id\":\"https:\/\/dev.93-93-113-41.plesk.page\/ca\/serveis\/endocrinologia-i-nutricio\/diabetis\/#breadcrumb\"},\"inLanguage\":\"ca\",\"potentialAction\":[{\"@type\":\"ReadAction\",\"target\":[\"https:\/\/dev.93-93-113-41.plesk.page\/ca\/serveis\/endocrinologia-i-nutricio\/diabetis\/\"]}]},{\"@type\":\"BreadcrumbList\",\"@id\":\"https:\/\/dev.93-93-113-41.plesk.page\/ca\/serveis\/endocrinologia-i-nutricio\/diabetis\/#breadcrumb\",\"itemListElement\":[{\"@type\":\"ListItem\",\"position\":1,\"name\":\"Serveis M\u00e8dics de Cl\u00ednica ServiDigest\",\"item\":\"https:\/\/dev.93-93-113-41.plesk.page\/ca\/servicios\/\"},{\"@type\":\"ListItem\",\"position\":2,\"name\":\"Endocrinologia i nutrici\u00f3\",\"item\":\"https:\/\/dev.93-93-113-41.plesk.page\/ca\/servicios\/endocrinologia-nutricion\/\"},{\"@type\":\"ListItem\",\"position\":3,\"name\":\"Diabetis\"}]},{\"@type\":\"WebSite\",\"@id\":\"https:\/\/dev.93-93-113-41.plesk.page\/ca\/#website\",\"url\":\"https:\/\/dev.93-93-113-41.plesk.page\/ca\/\",\"name\":\"Servidigest\",\"description\":\"\",\"publisher\":{\"@id\":\"https:\/\/dev.93-93-113-41.plesk.page\/ca\/#organization\"},\"potentialAction\":[{\"@type\":\"SearchAction\",\"target\":{\"@type\":\"EntryPoint\",\"urlTemplate\":\"https:\/\/dev.93-93-113-41.plesk.page\/ca\/?s={search_term_string}\"},\"query-input\":\"required name=search_term_string\"}],\"inLanguage\":\"ca\"},{\"@type\":\"Organization\",\"@id\":\"https:\/\/dev.93-93-113-41.plesk.page\/ca\/#organization\",\"name\":\"Servidigest\",\"url\":\"https:\/\/dev.93-93-113-41.plesk.page\/ca\/\",\"logo\":{\"@type\":\"ImageObject\",\"inLanguage\":\"ca\",\"@id\":\"https:\/\/dev.93-93-113-41.plesk.page\/ca\/#\/schema\/logo\/image\/\",\"url\":\"https:\/\/dev.93-93-113-41.plesk.page\/wp-content\/uploads\/2024\/01\/servidigest.png\",\"contentUrl\":\"https:\/\/dev.93-93-113-41.plesk.page\/wp-content\/uploads\/2024\/01\/servidigest.png\",\"width\":808,\"height\":88,\"caption\":\"Servidigest\"},\"image\":{\"@id\":\"https:\/\/dev.93-93-113-41.plesk.page\/ca\/#\/schema\/logo\/image\/\"},\"sameAs\":[\"https:\/\/www.facebook.com\/servidigest\",\"https:\/\/x.com\/servidigest\"]}]}<\/script>\n<!-- \/ Yoast SEO plugin. -->","yoast_head_json":{"title":"Diabetis - Cl\u00ednica ServiDigest - Barcelona - Especialistes en Diabetis","description":"La Diabetis \u00e9s una malaltia cr\u00f2nica que es caracteritza per elevaci\u00f3 de la glucosa deguda a alteracions en la secreci\u00f3 d'insulina, la seva acci\u00f3 o ambdues.","robots":{"index":"index","follow":"follow","max-snippet":"max-snippet:-1","max-image-preview":"max-image-preview:large","max-video-preview":"max-video-preview:-1"},"canonical":"https:\/\/dev.93-93-113-41.plesk.page\/ca\/serveis\/endocrinologia-i-nutricio\/diabetis\/","og_locale":"ca_ES","og_type":"article","og_title":"Diabetis - Cl\u00ednica ServiDigest - Barcelona - Especialistes en Diabetis","og_description":"La Diabetis \u00e9s una malaltia cr\u00f2nica que es caracteritza per elevaci\u00f3 de la glucosa deguda a alteracions en la secreci\u00f3 d'insulina, la seva acci\u00f3 o ambdues.","og_url":"https:\/\/dev.93-93-113-41.plesk.page\/ca\/serveis\/endocrinologia-i-nutricio\/diabetis\/","og_site_name":"Servidigest","article_publisher":"https:\/\/www.facebook.com\/servidigest","article_modified_time":"2024-05-08T10:37:59+00:00","twitter_card":"summary_large_image","twitter_site":"@servidigest","twitter_misc":{"Est. reading time":"2 minutes"},"schema":{"@context":"https:\/\/schema.org","@graph":[{"@type":"WebPage","@id":"https:\/\/dev.93-93-113-41.plesk.page\/ca\/serveis\/endocrinologia-i-nutricio\/diabetis\/","url":"https:\/\/dev.93-93-113-41.plesk.page\/ca\/serveis\/endocrinologia-i-nutricio\/diabetis\/","name":"Diabetis - Cl\u00ednica ServiDigest - Barcelona - Especialistes en Diabetis","isPartOf":{"@id":"https:\/\/dev.93-93-113-41.plesk.page\/ca\/#website"},"datePublished":"2015-01-07T18:37:25+00:00","dateModified":"2024-05-08T10:37:59+00:00","description":"La Diabetis \u00e9s una malaltia cr\u00f2nica que es caracteritza per elevaci\u00f3 de la glucosa deguda a alteracions en la secreci\u00f3 d'insulina, la seva acci\u00f3 o ambdues.","breadcrumb":{"@id":"https:\/\/dev.93-93-113-41.plesk.page\/ca\/serveis\/endocrinologia-i-nutricio\/diabetis\/#breadcrumb"},"inLanguage":"ca","potentialAction":[{"@type":"ReadAction","target":["https:\/\/dev.93-93-113-41.plesk.page\/ca\/serveis\/endocrinologia-i-nutricio\/diabetis\/"]}]},{"@type":"BreadcrumbList","@id":"https:\/\/dev.93-93-113-41.plesk.page\/ca\/serveis\/endocrinologia-i-nutricio\/diabetis\/#breadcrumb","itemListElement":[{"@type":"ListItem","position":1,"name":"Serveis M\u00e8dics de Cl\u00ednica ServiDigest","item":"https:\/\/dev.93-93-113-41.plesk.page\/ca\/servicios\/"},{"@type":"ListItem","position":2,"name":"Endocrinologia i nutrici\u00f3","item":"https:\/\/dev.93-93-113-41.plesk.page\/ca\/servicios\/endocrinologia-nutricion\/"},{"@type":"ListItem","position":3,"name":"Diabetis"}]},{"@type":"WebSite","@id":"https:\/\/dev.93-93-113-41.plesk.page\/ca\/#website","url":"https:\/\/dev.93-93-113-41.plesk.page\/ca\/","name":"Servidigest","description":"","publisher":{"@id":"https:\/\/dev.93-93-113-41.plesk.page\/ca\/#organization"},"potentialAction":[{"@type":"SearchAction","target":{"@type":"EntryPoint","urlTemplate":"https:\/\/dev.93-93-113-41.plesk.page\/ca\/?s={search_term_string}"},"query-input":"required name=search_term_string"}],"inLanguage":"ca"},{"@type":"Organization","@id":"https:\/\/dev.93-93-113-41.plesk.page\/ca\/#organization","name":"Servidigest","url":"https:\/\/dev.93-93-113-41.plesk.page\/ca\/","logo":{"@type":"ImageObject","inLanguage":"ca","@id":"https:\/\/dev.93-93-113-41.plesk.page\/ca\/#\/schema\/logo\/image\/","url":"https:\/\/dev.93-93-113-41.plesk.page\/wp-content\/uploads\/2024\/01\/servidigest.png","contentUrl":"https:\/\/dev.93-93-113-41.plesk.page\/wp-content\/uploads\/2024\/01\/servidigest.png","width":808,"height":88,"caption":"Servidigest"},"image":{"@id":"https:\/\/dev.93-93-113-41.plesk.page\/ca\/#\/schema\/logo\/image\/"},"sameAs":["https:\/\/www.facebook.com\/servidigest","https:\/\/x.com\/servidigest"]}]}},"_links":{"self":[{"href":"https:\/\/dev.93-93-113-41.plesk.page\/ca\/wp-json\/wp\/v2\/pages\/7311","targetHints":{"allow":["GET"]}}],"collection":[{"href":"https:\/\/dev.93-93-113-41.plesk.page\/ca\/wp-json\/wp\/v2\/pages"}],"about":[{"href":"https:\/\/dev.93-93-113-41.plesk.page\/ca\/wp-json\/wp\/v2\/types\/page"}],"author":[{"embeddable":true,"href":"https:\/\/dev.93-93-113-41.plesk.page\/ca\/wp-json\/wp\/v2\/users\/1"}],"replies":[{"embeddable":true,"href":"https:\/\/dev.93-93-113-41.plesk.page\/ca\/wp-json\/wp\/v2\/comments?post=7311"}],"version-history":[{"count":2,"href":"https:\/\/dev.93-93-113-41.plesk.page\/ca\/wp-json\/wp\/v2\/pages\/7311\/revisions"}],"predecessor-version":[{"id":39221,"href":"https:\/\/dev.93-93-113-41.plesk.page\/ca\/wp-json\/wp\/v2\/pages\/7311\/revisions\/39221"}],"up":[{"embeddable":true,"href":"https:\/\/dev.93-93-113-41.plesk.page\/ca\/wp-json\/wp\/v2\/pages\/735"}],"wp:attachment":[{"href":"https:\/\/dev.93-93-113-41.plesk.page\/ca\/wp-json\/wp\/v2\/media?parent=7311"}],"curies":[{"name":"wp","href":"https:\/\/api.w.org\/{rel}","templated":true}]}}