{"id":731,"date":"2014-06-20T10:36:59","date_gmt":"2014-06-20T10:36:59","guid":{"rendered":"https:\/\/dev.93-93-113-41.plesk.page\/?page_id=731"},"modified":"2024-05-08T13:06:52","modified_gmt":"2024-05-08T11:06:52","slug":"cirurgia-general-i-digestiva","status":"publish","type":"page","link":"https:\/\/dev.93-93-113-41.plesk.page\/ca\/serveis\/cirurgia-general-i-digestiva\/","title":{"rendered":"Cirurgia General i Digestiva"},"content":{"rendered":"<p>Al Servei de Cirurgia General i Digestiva de Cl\u00ednica ServiDiges s\u2019apliquen tractaments basats en <strong>t\u00e8cniques quir\u00fargiques avan\u00e7ades<\/strong>.<\/p>\n<p>La superespecialitzaci\u00f3 \u00e9s una part fonamental del comprom\u00eds de Cl\u00ednica ServiDigest amb els pacients, ja que ens permet incorporar i oferir els \u00faltims aven\u00e7os m\u00e8dics obtenint els millors resultats en tots els que dipositen la seva confian\u00e7a i la seva salut en nosaltres.<\/p>\n<p>Les cirurgies p\u00e8lvic-abdominals que es practiquen a Cl\u00ednica ServiDigest es realitzen amb la t\u00e9cnica laparosc\u00f3pica:\u00a0 Colelitiasis (pedres a la ves\u00edcula), H\u00e8rnia de hiatus-reflux gastroesof\u00e0gic, Acalasia, H\u00e8rnia inguinal i eventraci\u00f3, Apendicitis, Diverticulitis, Cirurgia de la malaltia de Crohn i Colitis ulcerosa, Cirurgia Oncol\u00f2gica per C\u00e0ncers Colorectals\u2026<\/p>\n<p>La cirurgia laparosc\u00f2pica constitueix un dels grans aven\u00e7os de la cirurgia al segle XXI al poder realizar les mateixes intervencions que en cirurgia oberta per\u00f2 evitant grans incisions.\u00a0A l\u2019actualitat \u00e9s la t\u00e8cnica m\u00e9s efica\u00e7 i segura per a la Cirurgia de l\u2019Obesitat.<\/p>\n<div class=\"mh-row\">\n<div class=\"mh-col-1-2 especialidades-block\"><a href=\"#\">Cirurgia convencional<\/a><\/div>\n<div class=\"mh-col-1-2 especialidades-block\"><a href=\"https:\/\/dev.93-93-113-41.plesk.page\/ca\/serveis\/cirurgia-general-i-digestiva\/cirurgia-laparoscopica\/\">Cirurgia Laparosc\u00f2pica<\/a><\/div>\n<\/div>\n<div class=\"mh-row\">\n<div class=\"mh-col-1-2 especialidades-block\"><a href=\"https:\/\/dev.93-93-113-41.plesk.page\/ca\/serveis\/cirurgia-general-i-digestiva\/coloproctologia\/\">Cirurgia Coloproctol\u00f2gica<\/a><\/div>\n<\/div>\n","protected":false},"excerpt":{"rendered":"<div class=\"mh-excerpt\"><p>Al Servei de Cirurgia General i Digestiva de Cl\u00ednica ServiDiges s\u2019apliquen tractaments basats en t\u00e8cniques quir\u00fargiques avan\u00e7ades. La superespecialitzaci\u00f3 \u00e9s una part fonamental del comprom\u00eds de Cl\u00ednica ServiDigest amb els pacients, ja que ens permet <a class=\"mh-excerpt-more\" href=\"https:\/\/dev.93-93-113-41.plesk.page\/ca\/serveis\/cirurgia-general-i-digestiva\/\" title=\"Cirurgia General i Digestiva\">[&#8230;]<\/a><\/p>\n<\/div>","protected":false},"author":1,"featured_media":0,"parent":36232,"menu_order":12,"comment_status":"closed","ping_status":"closed","template":"","meta":{"footnotes":""},"class_list":["post-731","page","type-page","status-publish"],"yoast_head":"<!-- This site is optimized with the Yoast SEO plugin v22.6 - https:\/\/yoast.com\/wordpress\/plugins\/seo\/ -->\n<title>Cirurgia General i Digestiva - Servidigest<\/title>\n<meta name=\"robots\" content=\"index, follow, max-snippet:-1, max-image-preview:large, max-video-preview:-1\" \/>\n<link rel=\"canonical\" href=\"https:\/\/dev.93-93-113-41.plesk.page\/ca\/serveis\/cirurgia-general-i-digestiva\/\" \/>\n<meta property=\"og:locale\" content=\"ca_ES\" \/>\n<meta property=\"og:type\" content=\"article\" \/>\n<meta property=\"og:title\" content=\"Cirurgia General i Digestiva - Servidigest\" \/>\n<meta property=\"og:description\" content=\"Al Servei de Cirurgia General i Digestiva de Cl\u00ednica ServiDiges s\u2019apliquen tractaments basats en t\u00e8cniques quir\u00fargiques avan\u00e7ades. La superespecialitzaci\u00f3 \u00e9s una part fonamental del comprom\u00eds de Cl\u00ednica ServiDigest amb els pacients, ja que ens permet [...]\" \/>\n<meta property=\"og:url\" content=\"https:\/\/dev.93-93-113-41.plesk.page\/ca\/serveis\/cirurgia-general-i-digestiva\/\" \/>\n<meta property=\"og:site_name\" content=\"Servidigest\" \/>\n<meta property=\"article:publisher\" content=\"https:\/\/www.facebook.com\/servidigest\" \/>\n<meta property=\"article:modified_time\" content=\"2024-05-08T11:06:52+00:00\" \/>\n<meta name=\"twitter:card\" content=\"summary_large_image\" \/>\n<meta name=\"twitter:site\" content=\"@servidigest\" \/>\n<meta name=\"twitter:label1\" content=\"Est. reading time\" \/>\n\t<meta name=\"twitter:data1\" content=\"1 minute\" \/>\n<script type=\"application\/ld+json\" class=\"yoast-schema-graph\">{\"@context\":\"https:\/\/schema.org\",\"@graph\":[{\"@type\":\"WebPage\",\"@id\":\"https:\/\/dev.93-93-113-41.plesk.page\/ca\/serveis\/cirurgia-general-i-digestiva\/\",\"url\":\"https:\/\/dev.93-93-113-41.plesk.page\/ca\/serveis\/cirurgia-general-i-digestiva\/\",\"name\":\"Cirurgia General i Digestiva - Servidigest\",\"isPartOf\":{\"@id\":\"https:\/\/dev.93-93-113-41.plesk.page\/ca\/#website\"},\"datePublished\":\"2014-06-20T10:36:59+00:00\",\"dateModified\":\"2024-05-08T11:06:52+00:00\",\"breadcrumb\":{\"@id\":\"https:\/\/dev.93-93-113-41.plesk.page\/ca\/serveis\/cirurgia-general-i-digestiva\/#breadcrumb\"},\"inLanguage\":\"ca\",\"potentialAction\":[{\"@type\":\"ReadAction\",\"target\":[\"https:\/\/dev.93-93-113-41.plesk.page\/ca\/serveis\/cirurgia-general-i-digestiva\/\"]}]},{\"@type\":\"BreadcrumbList\",\"@id\":\"https:\/\/dev.93-93-113-41.plesk.page\/ca\/serveis\/cirurgia-general-i-digestiva\/#breadcrumb\",\"itemListElement\":[{\"@type\":\"ListItem\",\"position\":1,\"name\":\"Serveis M\u00e8dics de Cl\u00ednica ServiDigest\",\"item\":\"https:\/\/dev.93-93-113-41.plesk.page\/ca\/servicios\/\"},{\"@type\":\"ListItem\",\"position\":2,\"name\":\"Cirurgia General i Digestiva\"}]},{\"@type\":\"WebSite\",\"@id\":\"https:\/\/dev.93-93-113-41.plesk.page\/ca\/#website\",\"url\":\"https:\/\/dev.93-93-113-41.plesk.page\/ca\/\",\"name\":\"Servidigest\",\"description\":\"\",\"publisher\":{\"@id\":\"https:\/\/dev.93-93-113-41.plesk.page\/ca\/#organization\"},\"potentialAction\":[{\"@type\":\"SearchAction\",\"target\":{\"@type\":\"EntryPoint\",\"urlTemplate\":\"https:\/\/dev.93-93-113-41.plesk.page\/ca\/?s={search_term_string}\"},\"query-input\":\"required name=search_term_string\"}],\"inLanguage\":\"ca\"},{\"@type\":\"Organization\",\"@id\":\"https:\/\/dev.93-93-113-41.plesk.page\/ca\/#organization\",\"name\":\"Servidigest\",\"url\":\"https:\/\/dev.93-93-113-41.plesk.page\/ca\/\",\"logo\":{\"@type\":\"ImageObject\",\"inLanguage\":\"ca\",\"@id\":\"https:\/\/dev.93-93-113-41.plesk.page\/ca\/#\/schema\/logo\/image\/\",\"url\":\"https:\/\/dev.93-93-113-41.plesk.page\/wp-content\/uploads\/2024\/01\/servidigest.png\",\"contentUrl\":\"https:\/\/dev.93-93-113-41.plesk.page\/wp-content\/uploads\/2024\/01\/servidigest.png\",\"width\":808,\"height\":88,\"caption\":\"Servidigest\"},\"image\":{\"@id\":\"https:\/\/dev.93-93-113-41.plesk.page\/ca\/#\/schema\/logo\/image\/\"},\"sameAs\":[\"https:\/\/www.facebook.com\/servidigest\",\"https:\/\/x.com\/servidigest\"]}]}<\/script>\n<!-- \/ Yoast SEO plugin. -->","yoast_head_json":{"title":"Cirurgia General i Digestiva - Servidigest","robots":{"index":"index","follow":"follow","max-snippet":"max-snippet:-1","max-image-preview":"max-image-preview:large","max-video-preview":"max-video-preview:-1"},"canonical":"https:\/\/dev.93-93-113-41.plesk.page\/ca\/serveis\/cirurgia-general-i-digestiva\/","og_locale":"ca_ES","og_type":"article","og_title":"Cirurgia General i Digestiva - Servidigest","og_description":"Al Servei de Cirurgia General i Digestiva de Cl\u00ednica ServiDiges s\u2019apliquen tractaments basats en t\u00e8cniques quir\u00fargiques avan\u00e7ades. La superespecialitzaci\u00f3 \u00e9s una part fonamental del comprom\u00eds de Cl\u00ednica ServiDigest amb els pacients, ja que ens permet [...]","og_url":"https:\/\/dev.93-93-113-41.plesk.page\/ca\/serveis\/cirurgia-general-i-digestiva\/","og_site_name":"Servidigest","article_publisher":"https:\/\/www.facebook.com\/servidigest","article_modified_time":"2024-05-08T11:06:52+00:00","twitter_card":"summary_large_image","twitter_site":"@servidigest","twitter_misc":{"Est. reading time":"1 minute"},"schema":{"@context":"https:\/\/schema.org","@graph":[{"@type":"WebPage","@id":"https:\/\/dev.93-93-113-41.plesk.page\/ca\/serveis\/cirurgia-general-i-digestiva\/","url":"https:\/\/dev.93-93-113-41.plesk.page\/ca\/serveis\/cirurgia-general-i-digestiva\/","name":"Cirurgia General i Digestiva - Servidigest","isPartOf":{"@id":"https:\/\/dev.93-93-113-41.plesk.page\/ca\/#website"},"datePublished":"2014-06-20T10:36:59+00:00","dateModified":"2024-05-08T11:06:52+00:00","breadcrumb":{"@id":"https:\/\/dev.93-93-113-41.plesk.page\/ca\/serveis\/cirurgia-general-i-digestiva\/#breadcrumb"},"inLanguage":"ca","potentialAction":[{"@type":"ReadAction","target":["https:\/\/dev.93-93-113-41.plesk.page\/ca\/serveis\/cirurgia-general-i-digestiva\/"]}]},{"@type":"BreadcrumbList","@id":"https:\/\/dev.93-93-113-41.plesk.page\/ca\/serveis\/cirurgia-general-i-digestiva\/#breadcrumb","itemListElement":[{"@type":"ListItem","position":1,"name":"Serveis M\u00e8dics de Cl\u00ednica ServiDigest","item":"https:\/\/dev.93-93-113-41.plesk.page\/ca\/servicios\/"},{"@type":"ListItem","position":2,"name":"Cirurgia General i Digestiva"}]},{"@type":"WebSite","@id":"https:\/\/dev.93-93-113-41.plesk.page\/ca\/#website","url":"https:\/\/dev.93-93-113-41.plesk.page\/ca\/","name":"Servidigest","description":"","publisher":{"@id":"https:\/\/dev.93-93-113-41.plesk.page\/ca\/#organization"},"potentialAction":[{"@type":"SearchAction","target":{"@type":"EntryPoint","urlTemplate":"https:\/\/dev.93-93-113-41.plesk.page\/ca\/?s={search_term_string}"},"query-input":"required name=search_term_string"}],"inLanguage":"ca"},{"@type":"Organization","@id":"https:\/\/dev.93-93-113-41.plesk.page\/ca\/#organization","name":"Servidigest","url":"https:\/\/dev.93-93-113-41.plesk.page\/ca\/","logo":{"@type":"ImageObject","inLanguage":"ca","@id":"https:\/\/dev.93-93-113-41.plesk.page\/ca\/#\/schema\/logo\/image\/","url":"https:\/\/dev.93-93-113-41.plesk.page\/wp-content\/uploads\/2024\/01\/servidigest.png","contentUrl":"https:\/\/dev.93-93-113-41.plesk.page\/wp-content\/uploads\/2024\/01\/servidigest.png","width":808,"height":88,"caption":"Servidigest"},"image":{"@id":"https:\/\/dev.93-93-113-41.plesk.page\/ca\/#\/schema\/logo\/image\/"},"sameAs":["https:\/\/www.facebook.com\/servidigest","https:\/\/x.com\/servidigest"]}]}},"_links":{"self":[{"href":"https:\/\/dev.93-93-113-41.plesk.page\/ca\/wp-json\/wp\/v2\/pages\/731","targetHints":{"allow":["GET"]}}],"collection":[{"href":"https:\/\/dev.93-93-113-41.plesk.page\/ca\/wp-json\/wp\/v2\/pages"}],"about":[{"href":"https:\/\/dev.93-93-113-41.plesk.page\/ca\/wp-json\/wp\/v2\/types\/page"}],"author":[{"embeddable":true,"href":"https:\/\/dev.93-93-113-41.plesk.page\/ca\/wp-json\/wp\/v2\/users\/1"}],"replies":[{"embeddable":true,"href":"https:\/\/dev.93-93-113-41.plesk.page\/ca\/wp-json\/wp\/v2\/comments?post=731"}],"version-history":[{"count":4,"href":"https:\/\/dev.93-93-113-41.plesk.page\/ca\/wp-json\/wp\/v2\/pages\/731\/revisions"}],"predecessor-version":[{"id":39239,"href":"https:\/\/dev.93-93-113-41.plesk.page\/ca\/wp-json\/wp\/v2\/pages\/731\/revisions\/39239"}],"up":[{"embeddable":true,"href":"https:\/\/dev.93-93-113-41.plesk.page\/ca\/wp-json\/wp\/v2\/pages\/36232"}],"wp:attachment":[{"href":"https:\/\/dev.93-93-113-41.plesk.page\/ca\/wp-json\/wp\/v2\/media?parent=731"}],"curies":[{"name":"wp","href":"https:\/\/api.w.org\/{rel}","templated":true}]}}