{"id":727,"date":"2014-06-20T10:25:03","date_gmt":"2014-06-20T10:25:03","guid":{"rendered":"https:\/\/dev.93-93-113-41.plesk.page\/?page_id=727"},"modified":"2024-06-01T12:50:01","modified_gmt":"2024-06-01T10:50:01","slug":"capsula-endoscopica","status":"publish","type":"page","link":"https:\/\/dev.93-93-113-41.plesk.page\/ca\/serveis\/endoscopia-digestiva\/capsula-endoscopica\/","title":{"rendered":"C\u00e0psula Endosc\u00f2pica"},"content":{"rendered":"<h2>Qu\u00e8 \u00e9s la c\u00e0psula endosc\u00f2pica?<\/h2>\n<p>La C\u00e0psula endosc\u00f2pica ha suposat un gran aven\u00e7 en permetre\u00a0l&#8217;<strong>estudi complert de tot el tub digestiu<\/strong> incloent l&#8217;Intest\u00ed prim, C\u00f2lon i Recte, aconseguint <strong>diagnosticar moltes lesions que fins ara passaven inadvertides<\/strong>.<\/p>\n<p>\u00c9s un m\u00e8tode diagn\u00f2stic no invasiu i molt ben tolerat pel pacient, i des de fa m\u00e9s d&#8217;una d\u00e8cada considerat el primer m\u00e8tode en la detecci\u00f3 de les anormalitats de l&#8217;intest\u00ed prim.<\/p>\n<p>La C\u00e0psula Endosc\u00f2pica \u00e9s un dispositiu d&#8217;uns 10 mm x 25 mm, que cont\u00e9 en el seu interior una llum amb una c\u00e0mera que\u00a0permet, despr\u00e9s de ser ingerida pel pacient, l&#8217;estudi mitjan\u00e7ant imatges del tram del tub digestiu que recorre mentre dura l&#8217;exploraci\u00f3. Les imatges es transmeten a trav\u00e9s de la paret de l&#8217;abdomen i es graven en un aparell port\u00e0til petit que el pacient porta adossat al seu cos.<\/p>\n<p>Les imatges gravades ser\u00e0n posteriorment descarregades en un ordinador per tal que\u00a0el metge especialista les valori i emeti un informe.<\/p>\n<h2>Preparaci\u00f3 per la c\u00e0psula endosc\u00f2pica<\/h2>\n<p>El proc\u00e9s de col\u00b7locaci\u00f3 de la c\u00e0psula requereix que el pacient acudeixi al servei de digestiu en <strong>dej\u00fa de 6-8 hores<\/strong> (pr\u00e8via preparaci\u00f3 espec\u00edfica amb <strong>dieta<\/strong> i <strong>solucions evacuants<\/strong>).<\/p>\n<p>A la\u00a0consulta m\u00e8dica se li col\u00b7locaran pegats adherits a la pell de l&#8217;abdomen, connectats al seu torn a cables que porten la informaci\u00f3 fins a una petita gravadora.<\/p>\n<p>Es sol\u00b7licitar\u00e0 al pacient que s&#8217;empassi la C\u00e0psula Endosc\u00f2pica amb una mica d&#8217;aigua, que romangui 4 hores m\u00e9s en dej\u00fa i que posteriorment inici\u00ef la ingesta de l\u00edquids o dieta tova. La durada de la bateria \u00e9s d&#8217;unes 8 hores.\u00a0Si es col\u00b7loca la c\u00e0psula al mat\u00ed\u00a0es citar\u00e0 al pacient per la tarda del mateix dia per retirar gravadora i descarregar les imatges.<\/p>\n<p>Finalment la C\u00e0psula Endosc\u00f2pica s&#8217;eliminar\u00e0 pel recte durant la primera semana.<\/p>\n<h2>Quan evitar-la: Contraindicacions<\/h2>\n<p>La utilitzaci\u00f3 de la C\u00e0psula Endosc\u00f2pica s&#8217;ha d&#8217;evitar en <strong>dones embarassades<\/strong> i en pacients portadors de amb alguns tipus de <strong>marcapassos<\/strong>, i s&#8217;ha d&#8217;evitar l&#8217;exposici\u00f3 a ones que poden interferir amb la transmissi\u00f3 de les imatges o fonts magn\u00e8tiques (Resson\u00e0ncia Magn\u00e8tica) fins a confirmar que la c\u00e0psula s&#8217;ha eliminat.<\/p>\n<h2>C\u00e0psula Patency<\/h2>\n<p>Una de les principals complicacions de la t\u00e8cnica \u00e9s que la c\u00e0psula s&#8217;ennuegui en zones estretes de l&#8217;intest\u00ed. Per aix\u00f2 s&#8217;ha dissenyat una c\u00e0psula de prova pr\u00e8via coneguda com Patency. La c\u00e0psula Patency \u00e9s una c\u00e0psula farcida de bari. La seva coberta es desintegra en cas de romandre m\u00e9s de 72 hores a l&#8217;intest\u00ed prim.<\/p>\n<p>En abs\u00e8ncia d&#8217;estenosi, la c\u00e0psula s&#8217;expulsa sencera en les primeres 72 hores, i en cas de retenci\u00f3 superat aquest per\u00edode, es desf\u00e0 i s&#8217;elimina deformada i buida.<\/p>\n<h2>Indicacions de la c\u00e0psula endosc\u00f2pica<\/h2>\n<p>Segons la Societat Europea d&#8217;Endosc\u00f2pia les seves indicacions s\u00f3n, entre d&#8217;altres:<\/p>\n<ul>\n<li>Hemorr\u00e0gia digestiva d&#8217;origen desconegut.<\/li>\n<li>An\u00e8mia cr\u00f2nica ferrop\u00e8nica amb estudis endosc\u00f2pics previs normals.<\/li>\n<li>Episodis recurrents d&#8217;Hemorr\u00e0gia digestiva en forma de melenes o hematoquecia, sense etilog\u00eda despr\u00e9s d&#8217;estudis endosc\u00f2pics normals.<\/li>\n<li><a href=\"https:\/\/dev.93-93-113-41.plesk.page\/ca\/serveis\/aparell-digestiu\/malaltia-de-crohn\/\">Malaltia de Crohn<\/a>: diagn\u00f2stic, extensi\u00f3 i seguiment.<\/li>\n<li>Neopl\u00e0sies d&#8217;intest\u00ed prim.<\/li>\n<li>S\u00edndromes polip\u00f2sics hereditaris.<\/li>\n<li><a href=\"https:\/\/dev.93-93-113-41.plesk.page\/ca\/serveis\/aparell-digestiu\/malaltia-celiaca\/\">Malaltia cel\u00edaca<\/a>: diagn\u00f2stic, extensi\u00f3 i seguiment.<\/li>\n<li>S\u00edndromes de malabsorci\u00f3 intestinal.<\/li>\n<li>Dolor abdominal cr\u00f2nic inexplicable, amb o sense diarrea i amb sospita d&#8217;origen org\u00e0nic.<\/li>\n<\/ul>\n<h2>Quin \u00e9s el preu de la c\u00e0psula endosc\u00f2pica?<\/h2>\n<div class=\"woocommerce columns-4 \"><ul class=\"products columns-4\">\n<li class=\"product type-product post-38348 status-publish first instock product_cat-capsules-endoscopiques has-post-thumbnail virtual purchasable product-type-simple\">\n\t<a href=\"https:\/\/dev.93-93-113-41.plesk.page\/ca\/producte\/capsula-endoscopica-intestino-delgado\/\" class=\"woocommerce-LoopProduct-link woocommerce-loop-product__link\"><img fetchpriority=\"high\" decoding=\"async\" width=\"300\" height=\"300\" src=\"https:\/\/dev.93-93-113-41.plesk.page\/wp-content\/uploads\/2018\/03\/comprar-capsula-endoscopica-intestino-delgado-300x300.jpg\" class=\"attachment-woocommerce_thumbnail size-woocommerce_thumbnail\" alt=\"comprar c\u00e0psula endosc\u00f2pica intest\u00ed prim\" srcset=\"https:\/\/dev.93-93-113-41.plesk.page\/wp-content\/uploads\/2018\/03\/comprar-capsula-endoscopica-intestino-delgado-300x300.jpg 300w, https:\/\/dev.93-93-113-41.plesk.page\/wp-content\/uploads\/2018\/03\/comprar-capsula-endoscopica-intestino-delgado-100x100.jpg 100w, https:\/\/dev.93-93-113-41.plesk.page\/wp-content\/uploads\/2018\/03\/comprar-capsula-endoscopica-intestino-delgado-150x150.jpg 150w\" sizes=\"(max-width: 300px) 100vw, 300px\" \/><h2 class=\"woocommerce-loop-product__title\">C\u00e0psula Endosc\u00f2pica Intestino Delgado<\/h2>\n\t<span class=\"price\"><span class=\"woocommerce-Price-amount amount\"><bdi>1.500,00&nbsp;<span class=\"woocommerce-Price-currencySymbol\">&euro;<\/span><\/bdi><\/span><\/span>\n<\/a><a href=\"?add-to-cart=38348\" data-quantity=\"1\" class=\"button product_type_simple add_to_cart_button ajax_add_to_cart\" data-product_id=\"38348\" data-product_sku=\"CAPSULA-ID\" aria-label=\"Add to cart: &ldquo;C\u00e0psula Endosc\u00f2pica Intestino Delgado&rdquo;\" aria-describedby=\"\" rel=\"nofollow\">Afegeix a la cistella<\/a><\/li>\n<li class=\"product type-product post-38347 status-publish instock product_cat-capsules-endoscopiques has-post-thumbnail virtual purchasable product-type-simple\">\n\t<a href=\"https:\/\/dev.93-93-113-41.plesk.page\/ca\/producte\/capsula-endoscopica-de-colon\/\" class=\"woocommerce-LoopProduct-link woocommerce-loop-product__link\"><img decoding=\"async\" width=\"300\" height=\"300\" src=\"https:\/\/dev.93-93-113-41.plesk.page\/wp-content\/uploads\/2018\/03\/capsula-endoscopica-de-colon-300x300.jpg\" class=\"attachment-woocommerce_thumbnail size-woocommerce_thumbnail\" alt=\"c\u00e0psula endosc\u00f2pica de c\u00f2lon\" srcset=\"https:\/\/dev.93-93-113-41.plesk.page\/wp-content\/uploads\/2018\/03\/capsula-endoscopica-de-colon-300x300.jpg 300w, https:\/\/dev.93-93-113-41.plesk.page\/wp-content\/uploads\/2018\/03\/capsula-endoscopica-de-colon-100x100.jpg 100w, https:\/\/dev.93-93-113-41.plesk.page\/wp-content\/uploads\/2018\/03\/capsula-endoscopica-de-colon-150x150.jpg 150w\" sizes=\"(max-width: 300px) 100vw, 300px\" \/><h2 class=\"woocommerce-loop-product__title\">C\u00e0psula Endosc\u00f2pica de C\u00f2lon<\/h2>\n\t<span class=\"price\"><span class=\"woocommerce-Price-amount amount\"><bdi>1.950,00&nbsp;<span class=\"woocommerce-Price-currencySymbol\">&euro;<\/span><\/bdi><\/span><\/span>\n<\/a><a href=\"?add-to-cart=38347\" data-quantity=\"1\" class=\"button product_type_simple add_to_cart_button ajax_add_to_cart\" data-product_id=\"38347\" data-product_sku=\"CAPSULA-COLON\" aria-label=\"Add to cart: &ldquo;C\u00e0psula Endosc\u00f2pica de C\u00f2lon&rdquo;\" aria-describedby=\"\" rel=\"nofollow\">Afegeix a la cistella<\/a><\/li>\n<li class=\"product type-product post-38346 status-publish instock product_cat-capsules-endoscopiques has-post-thumbnail virtual purchasable product-type-simple\">\n\t<a href=\"https:\/\/dev.93-93-113-41.plesk.page\/ca\/producte\/capsula-endoscopica-dintestino-delgado-i-colon\/\" class=\"woocommerce-LoopProduct-link woocommerce-loop-product__link\"><img decoding=\"async\" width=\"300\" height=\"300\" src=\"https:\/\/dev.93-93-113-41.plesk.page\/wp-content\/uploads\/2018\/03\/comprar-capsula-endoscopica-gastrica-300x300.jpg\" class=\"attachment-woocommerce_thumbnail size-woocommerce_thumbnail\" alt=\"comprar c\u00e0psula endosc\u00f2pica g\u00e0strica\" srcset=\"https:\/\/dev.93-93-113-41.plesk.page\/wp-content\/uploads\/2018\/03\/comprar-capsula-endoscopica-gastrica-300x300.jpg 300w, https:\/\/dev.93-93-113-41.plesk.page\/wp-content\/uploads\/2018\/03\/comprar-capsula-endoscopica-gastrica-100x100.jpg 100w, https:\/\/dev.93-93-113-41.plesk.page\/wp-content\/uploads\/2018\/03\/comprar-capsula-endoscopica-gastrica-150x150.jpg 150w\" sizes=\"(max-width: 300px) 100vw, 300px\" \/><h2 class=\"woocommerce-loop-product__title\">C\u00e0psula Endosc\u00f2pica d&#8217;Intestino Delgado i Colon<\/h2>\n\t<span class=\"price\"><span class=\"woocommerce-Price-amount amount\"><bdi>2.450,00&nbsp;<span class=\"woocommerce-Price-currencySymbol\">&euro;<\/span><\/bdi><\/span><\/span>\n<\/a><a href=\"?add-to-cart=38346\" data-quantity=\"1\" class=\"button product_type_simple add_to_cart_button ajax_add_to_cart\" data-product_id=\"38346\" data-product_sku=\"CAPSULAS\" aria-label=\"Add to cart: &ldquo;C\u00e0psula Endosc\u00f2pica d&#039;Intestino Delgado i Colon&rdquo;\" aria-describedby=\"\" rel=\"nofollow\">Afegeix a la cistella<\/a><\/li>\n<\/ul>\n<\/div>\n<h3>V\u00eddeo sobre la c\u00e0psula endosc\u00f2pica<\/h3>\n<p><iframe title=\"C\u00e0psula Endosc\u00f2pica a Cl\u00ednica ServiDigest - Barcelona\" width=\"500\" height=\"281\" src=\"https:\/\/www.youtube.com\/embed\/3Z5tIznM83A?feature=oembed\" frameborder=\"0\" allow=\"accelerometer; autoplay; clipboard-write; encrypted-media; gyroscope; picture-in-picture; web-share\" referrerpolicy=\"strict-origin-when-cross-origin\" allowfullscreen><\/iframe><\/p>\n","protected":false},"excerpt":{"rendered":"<div class=\"mh-excerpt\"><p>Qu\u00e8 \u00e9s la c\u00e0psula endosc\u00f2pica? La C\u00e0psula endosc\u00f2pica ha suposat un gran aven\u00e7 en permetre\u00a0l&#8217;estudi complert de tot el tub digestiu incloent l&#8217;Intest\u00ed prim, C\u00f2lon i Recte, aconseguint diagnosticar moltes lesions que fins ara passaven <a class=\"mh-excerpt-more\" href=\"https:\/\/dev.93-93-113-41.plesk.page\/ca\/serveis\/endoscopia-digestiva\/capsula-endoscopica\/\" title=\"C\u00e0psula Endosc\u00f2pica\">[&#8230;]<\/a><\/p>\n<\/div>","protected":false},"author":1,"featured_media":0,"parent":133,"menu_order":6,"comment_status":"closed","ping_status":"closed","template":"","meta":{"footnotes":""},"class_list":["post-727","page","type-page","status-publish"],"yoast_head":"<!-- This site is optimized with the Yoast SEO plugin v22.6 - https:\/\/yoast.com\/wordpress\/plugins\/seo\/ -->\n<title>C\u00e0psula Endosc\u00f2pica - Servidigest<\/title>\n<meta name=\"description\" content=\"La C\u00e0psula endosc\u00f2pica ha suposat un gran aven\u00e7 en permetre la visualitzaci\u00f3 de la totalitat de l&#039;intest\u00ed prim, aconseguint diagnosticar moltes lesions que fins ara passaven inadvertides.\" \/>\n<meta name=\"robots\" content=\"index, follow, max-snippet:-1, max-image-preview:large, max-video-preview:-1\" \/>\n<link rel=\"canonical\" href=\"https:\/\/dev.93-93-113-41.plesk.page\/ca\/serveis\/endoscopia-digestiva\/capsula-endoscopica\/\" \/>\n<meta property=\"og:locale\" content=\"ca_ES\" \/>\n<meta property=\"og:type\" content=\"article\" \/>\n<meta property=\"og:title\" content=\"C\u00e0psula Endosc\u00f2pica - Servidigest\" \/>\n<meta property=\"og:description\" content=\"La C\u00e0psula endosc\u00f2pica ha suposat un gran aven\u00e7 en permetre la visualitzaci\u00f3 de la totalitat de l&#039;intest\u00ed prim, aconseguint diagnosticar moltes lesions que fins ara passaven inadvertides.\" \/>\n<meta property=\"og:url\" content=\"https:\/\/dev.93-93-113-41.plesk.page\/ca\/serveis\/endoscopia-digestiva\/capsula-endoscopica\/\" \/>\n<meta property=\"og:site_name\" content=\"Servidigest\" \/>\n<meta property=\"article:publisher\" content=\"https:\/\/www.facebook.com\/servidigest\" \/>\n<meta property=\"article:modified_time\" content=\"2024-06-01T10:50:01+00:00\" \/>\n<meta name=\"twitter:card\" content=\"summary_large_image\" \/>\n<meta name=\"twitter:site\" content=\"@servidigest\" \/>\n<meta name=\"twitter:label1\" content=\"Est. reading time\" \/>\n\t<meta name=\"twitter:data1\" content=\"3 minutes\" \/>\n<script type=\"application\/ld+json\" class=\"yoast-schema-graph\">{\"@context\":\"https:\/\/schema.org\",\"@graph\":[{\"@type\":\"WebPage\",\"@id\":\"https:\/\/dev.93-93-113-41.plesk.page\/ca\/serveis\/endoscopia-digestiva\/capsula-endoscopica\/\",\"url\":\"https:\/\/dev.93-93-113-41.plesk.page\/ca\/serveis\/endoscopia-digestiva\/capsula-endoscopica\/\",\"name\":\"C\u00e0psula Endosc\u00f2pica - Servidigest\",\"isPartOf\":{\"@id\":\"https:\/\/dev.93-93-113-41.plesk.page\/ca\/#website\"},\"datePublished\":\"2014-06-20T10:25:03+00:00\",\"dateModified\":\"2024-06-01T10:50:01+00:00\",\"description\":\"La C\u00e0psula endosc\u00f2pica ha suposat un gran aven\u00e7 en permetre la visualitzaci\u00f3 de la totalitat de l'intest\u00ed prim, aconseguint diagnosticar moltes lesions que fins ara passaven inadvertides.\",\"breadcrumb\":{\"@id\":\"https:\/\/dev.93-93-113-41.plesk.page\/ca\/serveis\/endoscopia-digestiva\/capsula-endoscopica\/#breadcrumb\"},\"inLanguage\":\"ca\",\"potentialAction\":[{\"@type\":\"ReadAction\",\"target\":[\"https:\/\/dev.93-93-113-41.plesk.page\/ca\/serveis\/endoscopia-digestiva\/capsula-endoscopica\/\"]}]},{\"@type\":\"BreadcrumbList\",\"@id\":\"https:\/\/dev.93-93-113-41.plesk.page\/ca\/serveis\/endoscopia-digestiva\/capsula-endoscopica\/#breadcrumb\",\"itemListElement\":[{\"@type\":\"ListItem\",\"position\":1,\"name\":\"Serveis M\u00e8dics de Cl\u00ednica ServiDigest\",\"item\":\"https:\/\/dev.93-93-113-41.plesk.page\/ca\/servicios\/\"},{\"@type\":\"ListItem\",\"position\":2,\"name\":\"Endosc\u00f2pia Digestiva Terap\u00e8utica Avan\u00e7ada\",\"item\":\"https:\/\/dev.93-93-113-41.plesk.page\/ca\/servicios\/endoscopia-digestiva\/\"},{\"@type\":\"ListItem\",\"position\":3,\"name\":\"C\u00e0psula Endosc\u00f2pica\"}]},{\"@type\":\"WebSite\",\"@id\":\"https:\/\/dev.93-93-113-41.plesk.page\/ca\/#website\",\"url\":\"https:\/\/dev.93-93-113-41.plesk.page\/ca\/\",\"name\":\"Servidigest\",\"description\":\"\",\"publisher\":{\"@id\":\"https:\/\/dev.93-93-113-41.plesk.page\/ca\/#organization\"},\"potentialAction\":[{\"@type\":\"SearchAction\",\"target\":{\"@type\":\"EntryPoint\",\"urlTemplate\":\"https:\/\/dev.93-93-113-41.plesk.page\/ca\/?s={search_term_string}\"},\"query-input\":\"required name=search_term_string\"}],\"inLanguage\":\"ca\"},{\"@type\":\"Organization\",\"@id\":\"https:\/\/dev.93-93-113-41.plesk.page\/ca\/#organization\",\"name\":\"Servidigest\",\"url\":\"https:\/\/dev.93-93-113-41.plesk.page\/ca\/\",\"logo\":{\"@type\":\"ImageObject\",\"inLanguage\":\"ca\",\"@id\":\"https:\/\/dev.93-93-113-41.plesk.page\/ca\/#\/schema\/logo\/image\/\",\"url\":\"https:\/\/dev.93-93-113-41.plesk.page\/wp-content\/uploads\/2024\/01\/servidigest.png\",\"contentUrl\":\"https:\/\/dev.93-93-113-41.plesk.page\/wp-content\/uploads\/2024\/01\/servidigest.png\",\"width\":808,\"height\":88,\"caption\":\"Servidigest\"},\"image\":{\"@id\":\"https:\/\/dev.93-93-113-41.plesk.page\/ca\/#\/schema\/logo\/image\/\"},\"sameAs\":[\"https:\/\/www.facebook.com\/servidigest\",\"https:\/\/x.com\/servidigest\"]}]}<\/script>\n<!-- \/ Yoast SEO plugin. -->","yoast_head_json":{"title":"C\u00e0psula Endosc\u00f2pica - Servidigest","description":"La C\u00e0psula endosc\u00f2pica ha suposat un gran aven\u00e7 en permetre la visualitzaci\u00f3 de la totalitat de l'intest\u00ed prim, aconseguint diagnosticar moltes lesions que fins ara passaven inadvertides.","robots":{"index":"index","follow":"follow","max-snippet":"max-snippet:-1","max-image-preview":"max-image-preview:large","max-video-preview":"max-video-preview:-1"},"canonical":"https:\/\/dev.93-93-113-41.plesk.page\/ca\/serveis\/endoscopia-digestiva\/capsula-endoscopica\/","og_locale":"ca_ES","og_type":"article","og_title":"C\u00e0psula Endosc\u00f2pica - Servidigest","og_description":"La C\u00e0psula endosc\u00f2pica ha suposat un gran aven\u00e7 en permetre la visualitzaci\u00f3 de la totalitat de l'intest\u00ed prim, aconseguint diagnosticar moltes lesions que fins ara passaven inadvertides.","og_url":"https:\/\/dev.93-93-113-41.plesk.page\/ca\/serveis\/endoscopia-digestiva\/capsula-endoscopica\/","og_site_name":"Servidigest","article_publisher":"https:\/\/www.facebook.com\/servidigest","article_modified_time":"2024-06-01T10:50:01+00:00","twitter_card":"summary_large_image","twitter_site":"@servidigest","twitter_misc":{"Est. reading time":"3 minutes"},"schema":{"@context":"https:\/\/schema.org","@graph":[{"@type":"WebPage","@id":"https:\/\/dev.93-93-113-41.plesk.page\/ca\/serveis\/endoscopia-digestiva\/capsula-endoscopica\/","url":"https:\/\/dev.93-93-113-41.plesk.page\/ca\/serveis\/endoscopia-digestiva\/capsula-endoscopica\/","name":"C\u00e0psula Endosc\u00f2pica - Servidigest","isPartOf":{"@id":"https:\/\/dev.93-93-113-41.plesk.page\/ca\/#website"},"datePublished":"2014-06-20T10:25:03+00:00","dateModified":"2024-06-01T10:50:01+00:00","description":"La C\u00e0psula endosc\u00f2pica ha suposat un gran aven\u00e7 en permetre la visualitzaci\u00f3 de la totalitat de l'intest\u00ed prim, aconseguint diagnosticar moltes lesions que fins ara passaven inadvertides.","breadcrumb":{"@id":"https:\/\/dev.93-93-113-41.plesk.page\/ca\/serveis\/endoscopia-digestiva\/capsula-endoscopica\/#breadcrumb"},"inLanguage":"ca","potentialAction":[{"@type":"ReadAction","target":["https:\/\/dev.93-93-113-41.plesk.page\/ca\/serveis\/endoscopia-digestiva\/capsula-endoscopica\/"]}]},{"@type":"BreadcrumbList","@id":"https:\/\/dev.93-93-113-41.plesk.page\/ca\/serveis\/endoscopia-digestiva\/capsula-endoscopica\/#breadcrumb","itemListElement":[{"@type":"ListItem","position":1,"name":"Serveis M\u00e8dics de Cl\u00ednica ServiDigest","item":"https:\/\/dev.93-93-113-41.plesk.page\/ca\/servicios\/"},{"@type":"ListItem","position":2,"name":"Endosc\u00f2pia Digestiva Terap\u00e8utica Avan\u00e7ada","item":"https:\/\/dev.93-93-113-41.plesk.page\/ca\/servicios\/endoscopia-digestiva\/"},{"@type":"ListItem","position":3,"name":"C\u00e0psula Endosc\u00f2pica"}]},{"@type":"WebSite","@id":"https:\/\/dev.93-93-113-41.plesk.page\/ca\/#website","url":"https:\/\/dev.93-93-113-41.plesk.page\/ca\/","name":"Servidigest","description":"","publisher":{"@id":"https:\/\/dev.93-93-113-41.plesk.page\/ca\/#organization"},"potentialAction":[{"@type":"SearchAction","target":{"@type":"EntryPoint","urlTemplate":"https:\/\/dev.93-93-113-41.plesk.page\/ca\/?s={search_term_string}"},"query-input":"required name=search_term_string"}],"inLanguage":"ca"},{"@type":"Organization","@id":"https:\/\/dev.93-93-113-41.plesk.page\/ca\/#organization","name":"Servidigest","url":"https:\/\/dev.93-93-113-41.plesk.page\/ca\/","logo":{"@type":"ImageObject","inLanguage":"ca","@id":"https:\/\/dev.93-93-113-41.plesk.page\/ca\/#\/schema\/logo\/image\/","url":"https:\/\/dev.93-93-113-41.plesk.page\/wp-content\/uploads\/2024\/01\/servidigest.png","contentUrl":"https:\/\/dev.93-93-113-41.plesk.page\/wp-content\/uploads\/2024\/01\/servidigest.png","width":808,"height":88,"caption":"Servidigest"},"image":{"@id":"https:\/\/dev.93-93-113-41.plesk.page\/ca\/#\/schema\/logo\/image\/"},"sameAs":["https:\/\/www.facebook.com\/servidigest","https:\/\/x.com\/servidigest"]}]}},"_links":{"self":[{"href":"https:\/\/dev.93-93-113-41.plesk.page\/ca\/wp-json\/wp\/v2\/pages\/727","targetHints":{"allow":["GET"]}}],"collection":[{"href":"https:\/\/dev.93-93-113-41.plesk.page\/ca\/wp-json\/wp\/v2\/pages"}],"about":[{"href":"https:\/\/dev.93-93-113-41.plesk.page\/ca\/wp-json\/wp\/v2\/types\/page"}],"author":[{"embeddable":true,"href":"https:\/\/dev.93-93-113-41.plesk.page\/ca\/wp-json\/wp\/v2\/users\/1"}],"replies":[{"embeddable":true,"href":"https:\/\/dev.93-93-113-41.plesk.page\/ca\/wp-json\/wp\/v2\/comments?post=727"}],"version-history":[{"count":2,"href":"https:\/\/dev.93-93-113-41.plesk.page\/ca\/wp-json\/wp\/v2\/pages\/727\/revisions"}],"predecessor-version":[{"id":40781,"href":"https:\/\/dev.93-93-113-41.plesk.page\/ca\/wp-json\/wp\/v2\/pages\/727\/revisions\/40781"}],"up":[{"embeddable":true,"href":"https:\/\/dev.93-93-113-41.plesk.page\/ca\/wp-json\/wp\/v2\/pages\/133"}],"wp:attachment":[{"href":"https:\/\/dev.93-93-113-41.plesk.page\/ca\/wp-json\/wp\/v2\/media?parent=727"}],"curies":[{"name":"wp","href":"https:\/\/api.w.org\/{rel}","templated":true}]}}