{"id":722,"date":"2014-06-20T10:16:43","date_gmt":"2014-06-20T10:16:43","guid":{"rendered":"https:\/\/dev.93-93-113-41.plesk.page\/?page_id=722"},"modified":"2024-02-26T17:10:10","modified_gmt":"2024-02-26T16:10:10","slug":"indicacions","status":"publish","type":"page","link":"https:\/\/dev.93-93-113-41.plesk.page\/ca\/serveis\/endoscopia-digestiva\/ecoendoscopia\/indicacions\/","title":{"rendered":"Indicacions de l&#8217;Ecoendosc\u00f2pia"},"content":{"rendered":"<ul>\n<li>Acalasia. Descartar Pseudoacalasia per infiltraci\u00f3 tumoral. Injecci\u00f3 en EEI de Toxina Botul\u00ednica.<\/li>\n<li>Adenopaties intraabdominals i mediast\u00edniques.<\/li>\n<li>Adenoma de papil.<\/li>\n<li>Barrett i C\u00e1ncer d&#8217;es\u00f2fag. Descartar Adenocarcinoma.<\/li>\n<li>C\u00e0ncer: Es\u00f2fag, G\u00e0stric, P\u00e0ncrees, Papil, Recte.<\/li>\n<li>C\u00e0lculs via biliar-Coledocolitiasi.<\/li>\n<li>Drenatge biliar. Drenatge Abscessos. Drenatge pseudoquists pancre\u00e0tics.<\/li>\n<li>Engruixement de plecs g\u00e0strics. Descatar origen vascular o infiltraci\u00f3 maligna.<\/li>\n<li>F\u00edstula i absc\u00e9s perianal.<\/li>\n<li>Gl\u00e0ndula adrenal.<\/li>\n<li>GIST (Gastro Intestinal Stromal Tumor).<\/li>\n<li>Fetge. Hipertensi\u00f3 portal. LOES hep\u00e0tiques. Fenolitzacions de tumors.<\/li>\n<li>Incontin\u00e8ncia anal.<\/li>\n<li>Insulinoma.<\/li>\n<li>Klatskin (Tumor via biliar).<\/li>\n<li>Limfomes.<\/li>\n<li>Mediast\u00ed. Met\u00e0stasi.<\/li>\n<li>Neur\u00f2lisi plexe cel\u00edac.<\/li>\n<li>Pancreatitis.<\/li>\n<li>P\u00f2lips. Descartar infiltraci\u00f3 capes profundes.<\/li>\n<li>Quists, principalment pancre\u00e0tics (pseudoquists). Drenatge.<\/li>\n<li>Recurr\u00e8ncies tumorals.<\/li>\n<li>Tumors o lesions subepitelials. Submucoses. Diagn\u00f2stic diferencial amb compressions extr\u00ednseques. Seguiment.<\/li>\n<li>Trombosi portal.<\/li>\n<li>Ves\u00edcula biliar: P\u00f2lips versus Carcinoma.<\/li>\n<li>Varius g\u00e0striques.<\/li>\n<li>Tumors no establerts.<\/li>\n<li>Zollinger-Ellinson.<\/li>\n<\/ul>\n","protected":false},"excerpt":{"rendered":"<div class=\"mh-excerpt\"><p>Acalasia. Descartar Pseudoacalasia per infiltraci\u00f3 tumoral. Injecci\u00f3 en EEI de Toxina Botul\u00ednica. Adenopaties intraabdominals i mediast\u00edniques. Adenoma de papil. Barrett i C\u00e1ncer d&#8217;es\u00f2fag. Descartar Adenocarcinoma. C\u00e0ncer: Es\u00f2fag, G\u00e0stric, P\u00e0ncrees, Papil, Recte. C\u00e0lculs via biliar-Coledocolitiasi. Drenatge <a class=\"mh-excerpt-more\" href=\"https:\/\/dev.93-93-113-41.plesk.page\/ca\/serveis\/endoscopia-digestiva\/ecoendoscopia\/indicacions\/\" title=\"Indicacions de l&#8217;Ecoendosc\u00f2pia\">[&#8230;]<\/a><\/p>\n<\/div>","protected":false},"author":1,"featured_media":0,"parent":34537,"menu_order":6,"comment_status":"closed","ping_status":"closed","template":"","meta":{"footnotes":""},"class_list":["post-722","page","type-page","status-publish"],"yoast_head":"<!-- This site is optimized with the Yoast SEO plugin v22.6 - https:\/\/yoast.com\/wordpress\/plugins\/seo\/ -->\n<title>Indicacions de l&#039;Ecoendosc\u00f2pia - Servidigest<\/title>\n<meta name=\"robots\" content=\"index, follow, max-snippet:-1, max-image-preview:large, max-video-preview:-1\" \/>\n<link rel=\"canonical\" href=\"https:\/\/dev.93-93-113-41.plesk.page\/ca\/serveis\/endoscopia-digestiva\/ecoendoscopia\/indicacions\/\" \/>\n<meta property=\"og:locale\" content=\"ca_ES\" \/>\n<meta property=\"og:type\" content=\"article\" \/>\n<meta property=\"og:title\" content=\"Indicacions de l&#039;Ecoendosc\u00f2pia - Servidigest\" \/>\n<meta property=\"og:description\" content=\"Acalasia. Descartar Pseudoacalasia per infiltraci\u00f3 tumoral. Injecci\u00f3 en EEI de Toxina Botul\u00ednica. Adenopaties intraabdominals i mediast\u00edniques. Adenoma de papil. Barrett i C\u00e1ncer d&#8217;es\u00f2fag. Descartar Adenocarcinoma. C\u00e0ncer: Es\u00f2fag, G\u00e0stric, P\u00e0ncrees, Papil, Recte. C\u00e0lculs via biliar-Coledocolitiasi. Drenatge [...]\" \/>\n<meta property=\"og:url\" content=\"https:\/\/dev.93-93-113-41.plesk.page\/ca\/serveis\/endoscopia-digestiva\/ecoendoscopia\/indicacions\/\" \/>\n<meta property=\"og:site_name\" content=\"Servidigest\" \/>\n<meta property=\"article:publisher\" content=\"https:\/\/www.facebook.com\/servidigest\" \/>\n<meta property=\"article:modified_time\" content=\"2024-02-26T16:10:10+00:00\" \/>\n<meta name=\"twitter:card\" content=\"summary_large_image\" \/>\n<meta name=\"twitter:site\" content=\"@servidigest\" \/>\n<meta name=\"twitter:label1\" content=\"Est. reading time\" \/>\n\t<meta name=\"twitter:data1\" content=\"1 minute\" \/>\n<script type=\"application\/ld+json\" class=\"yoast-schema-graph\">{\"@context\":\"https:\/\/schema.org\",\"@graph\":[{\"@type\":\"WebPage\",\"@id\":\"https:\/\/dev.93-93-113-41.plesk.page\/ca\/serveis\/endoscopia-digestiva\/ecoendoscopia\/indicacions\/\",\"url\":\"https:\/\/dev.93-93-113-41.plesk.page\/ca\/serveis\/endoscopia-digestiva\/ecoendoscopia\/indicacions\/\",\"name\":\"Indicacions de l'Ecoendosc\u00f2pia - Servidigest\",\"isPartOf\":{\"@id\":\"https:\/\/dev.93-93-113-41.plesk.page\/ca\/#website\"},\"datePublished\":\"2014-06-20T10:16:43+00:00\",\"dateModified\":\"2024-02-26T16:10:10+00:00\",\"breadcrumb\":{\"@id\":\"https:\/\/dev.93-93-113-41.plesk.page\/ca\/serveis\/endoscopia-digestiva\/ecoendoscopia\/indicacions\/#breadcrumb\"},\"inLanguage\":\"ca\",\"potentialAction\":[{\"@type\":\"ReadAction\",\"target\":[\"https:\/\/dev.93-93-113-41.plesk.page\/ca\/serveis\/endoscopia-digestiva\/ecoendoscopia\/indicacions\/\"]}]},{\"@type\":\"BreadcrumbList\",\"@id\":\"https:\/\/dev.93-93-113-41.plesk.page\/ca\/serveis\/endoscopia-digestiva\/ecoendoscopia\/indicacions\/#breadcrumb\",\"itemListElement\":[{\"@type\":\"ListItem\",\"position\":1,\"name\":\"Serveis M\u00e8dics de Cl\u00ednica ServiDigest\",\"item\":\"https:\/\/dev.93-93-113-41.plesk.page\/ca\/servicios\/\"},{\"@type\":\"ListItem\",\"position\":2,\"name\":\"Endosc\u00f2pia Digestiva Terap\u00e8utica Avan\u00e7ada\",\"item\":\"https:\/\/dev.93-93-113-41.plesk.page\/ca\/servicios\/endoscopia-digestiva\/\"},{\"@type\":\"ListItem\",\"position\":3,\"name\":\"Ecoendosc\u00f2pia\",\"item\":\"https:\/\/dev.93-93-113-41.plesk.page\/ca\/servicios\/endoscopia-digestiva\/ecoendoscopia\/\"},{\"@type\":\"ListItem\",\"position\":4,\"name\":\"Indicacions de l&#8217;Ecoendosc\u00f2pia\"}]},{\"@type\":\"WebSite\",\"@id\":\"https:\/\/dev.93-93-113-41.plesk.page\/ca\/#website\",\"url\":\"https:\/\/dev.93-93-113-41.plesk.page\/ca\/\",\"name\":\"Servidigest\",\"description\":\"\",\"publisher\":{\"@id\":\"https:\/\/dev.93-93-113-41.plesk.page\/ca\/#organization\"},\"potentialAction\":[{\"@type\":\"SearchAction\",\"target\":{\"@type\":\"EntryPoint\",\"urlTemplate\":\"https:\/\/dev.93-93-113-41.plesk.page\/ca\/?s={search_term_string}\"},\"query-input\":\"required name=search_term_string\"}],\"inLanguage\":\"ca\"},{\"@type\":\"Organization\",\"@id\":\"https:\/\/dev.93-93-113-41.plesk.page\/ca\/#organization\",\"name\":\"Servidigest\",\"url\":\"https:\/\/dev.93-93-113-41.plesk.page\/ca\/\",\"logo\":{\"@type\":\"ImageObject\",\"inLanguage\":\"ca\",\"@id\":\"https:\/\/dev.93-93-113-41.plesk.page\/ca\/#\/schema\/logo\/image\/\",\"url\":\"https:\/\/dev.93-93-113-41.plesk.page\/wp-content\/uploads\/2024\/01\/servidigest.png\",\"contentUrl\":\"https:\/\/dev.93-93-113-41.plesk.page\/wp-content\/uploads\/2024\/01\/servidigest.png\",\"width\":808,\"height\":88,\"caption\":\"Servidigest\"},\"image\":{\"@id\":\"https:\/\/dev.93-93-113-41.plesk.page\/ca\/#\/schema\/logo\/image\/\"},\"sameAs\":[\"https:\/\/www.facebook.com\/servidigest\",\"https:\/\/x.com\/servidigest\"]}]}<\/script>\n<!-- \/ Yoast SEO plugin. -->","yoast_head_json":{"title":"Indicacions de l'Ecoendosc\u00f2pia - Servidigest","robots":{"index":"index","follow":"follow","max-snippet":"max-snippet:-1","max-image-preview":"max-image-preview:large","max-video-preview":"max-video-preview:-1"},"canonical":"https:\/\/dev.93-93-113-41.plesk.page\/ca\/serveis\/endoscopia-digestiva\/ecoendoscopia\/indicacions\/","og_locale":"ca_ES","og_type":"article","og_title":"Indicacions de l'Ecoendosc\u00f2pia - Servidigest","og_description":"Acalasia. Descartar Pseudoacalasia per infiltraci\u00f3 tumoral. Injecci\u00f3 en EEI de Toxina Botul\u00ednica. Adenopaties intraabdominals i mediast\u00edniques. Adenoma de papil. Barrett i C\u00e1ncer d&#8217;es\u00f2fag. Descartar Adenocarcinoma. C\u00e0ncer: Es\u00f2fag, G\u00e0stric, P\u00e0ncrees, Papil, Recte. C\u00e0lculs via biliar-Coledocolitiasi. Drenatge [...]","og_url":"https:\/\/dev.93-93-113-41.plesk.page\/ca\/serveis\/endoscopia-digestiva\/ecoendoscopia\/indicacions\/","og_site_name":"Servidigest","article_publisher":"https:\/\/www.facebook.com\/servidigest","article_modified_time":"2024-02-26T16:10:10+00:00","twitter_card":"summary_large_image","twitter_site":"@servidigest","twitter_misc":{"Est. reading time":"1 minute"},"schema":{"@context":"https:\/\/schema.org","@graph":[{"@type":"WebPage","@id":"https:\/\/dev.93-93-113-41.plesk.page\/ca\/serveis\/endoscopia-digestiva\/ecoendoscopia\/indicacions\/","url":"https:\/\/dev.93-93-113-41.plesk.page\/ca\/serveis\/endoscopia-digestiva\/ecoendoscopia\/indicacions\/","name":"Indicacions de l'Ecoendosc\u00f2pia - Servidigest","isPartOf":{"@id":"https:\/\/dev.93-93-113-41.plesk.page\/ca\/#website"},"datePublished":"2014-06-20T10:16:43+00:00","dateModified":"2024-02-26T16:10:10+00:00","breadcrumb":{"@id":"https:\/\/dev.93-93-113-41.plesk.page\/ca\/serveis\/endoscopia-digestiva\/ecoendoscopia\/indicacions\/#breadcrumb"},"inLanguage":"ca","potentialAction":[{"@type":"ReadAction","target":["https:\/\/dev.93-93-113-41.plesk.page\/ca\/serveis\/endoscopia-digestiva\/ecoendoscopia\/indicacions\/"]}]},{"@type":"BreadcrumbList","@id":"https:\/\/dev.93-93-113-41.plesk.page\/ca\/serveis\/endoscopia-digestiva\/ecoendoscopia\/indicacions\/#breadcrumb","itemListElement":[{"@type":"ListItem","position":1,"name":"Serveis M\u00e8dics de Cl\u00ednica ServiDigest","item":"https:\/\/dev.93-93-113-41.plesk.page\/ca\/servicios\/"},{"@type":"ListItem","position":2,"name":"Endosc\u00f2pia Digestiva Terap\u00e8utica Avan\u00e7ada","item":"https:\/\/dev.93-93-113-41.plesk.page\/ca\/servicios\/endoscopia-digestiva\/"},{"@type":"ListItem","position":3,"name":"Ecoendosc\u00f2pia","item":"https:\/\/dev.93-93-113-41.plesk.page\/ca\/servicios\/endoscopia-digestiva\/ecoendoscopia\/"},{"@type":"ListItem","position":4,"name":"Indicacions de l&#8217;Ecoendosc\u00f2pia"}]},{"@type":"WebSite","@id":"https:\/\/dev.93-93-113-41.plesk.page\/ca\/#website","url":"https:\/\/dev.93-93-113-41.plesk.page\/ca\/","name":"Servidigest","description":"","publisher":{"@id":"https:\/\/dev.93-93-113-41.plesk.page\/ca\/#organization"},"potentialAction":[{"@type":"SearchAction","target":{"@type":"EntryPoint","urlTemplate":"https:\/\/dev.93-93-113-41.plesk.page\/ca\/?s={search_term_string}"},"query-input":"required name=search_term_string"}],"inLanguage":"ca"},{"@type":"Organization","@id":"https:\/\/dev.93-93-113-41.plesk.page\/ca\/#organization","name":"Servidigest","url":"https:\/\/dev.93-93-113-41.plesk.page\/ca\/","logo":{"@type":"ImageObject","inLanguage":"ca","@id":"https:\/\/dev.93-93-113-41.plesk.page\/ca\/#\/schema\/logo\/image\/","url":"https:\/\/dev.93-93-113-41.plesk.page\/wp-content\/uploads\/2024\/01\/servidigest.png","contentUrl":"https:\/\/dev.93-93-113-41.plesk.page\/wp-content\/uploads\/2024\/01\/servidigest.png","width":808,"height":88,"caption":"Servidigest"},"image":{"@id":"https:\/\/dev.93-93-113-41.plesk.page\/ca\/#\/schema\/logo\/image\/"},"sameAs":["https:\/\/www.facebook.com\/servidigest","https:\/\/x.com\/servidigest"]}]}},"_links":{"self":[{"href":"https:\/\/dev.93-93-113-41.plesk.page\/ca\/wp-json\/wp\/v2\/pages\/722","targetHints":{"allow":["GET"]}}],"collection":[{"href":"https:\/\/dev.93-93-113-41.plesk.page\/ca\/wp-json\/wp\/v2\/pages"}],"about":[{"href":"https:\/\/dev.93-93-113-41.plesk.page\/ca\/wp-json\/wp\/v2\/types\/page"}],"author":[{"embeddable":true,"href":"https:\/\/dev.93-93-113-41.plesk.page\/ca\/wp-json\/wp\/v2\/users\/1"}],"replies":[{"embeddable":true,"href":"https:\/\/dev.93-93-113-41.plesk.page\/ca\/wp-json\/wp\/v2\/comments?post=722"}],"version-history":[{"count":1,"href":"https:\/\/dev.93-93-113-41.plesk.page\/ca\/wp-json\/wp\/v2\/pages\/722\/revisions"}],"predecessor-version":[{"id":34692,"href":"https:\/\/dev.93-93-113-41.plesk.page\/ca\/wp-json\/wp\/v2\/pages\/722\/revisions\/34692"}],"up":[{"embeddable":true,"href":"https:\/\/dev.93-93-113-41.plesk.page\/ca\/wp-json\/wp\/v2\/pages\/34537"}],"wp:attachment":[{"href":"https:\/\/dev.93-93-113-41.plesk.page\/ca\/wp-json\/wp\/v2\/media?parent=722"}],"curies":[{"name":"wp","href":"https:\/\/api.w.org\/{rel}","templated":true}]}}