{"id":703,"date":"2014-06-12T11:51:54","date_gmt":"2014-06-12T11:51:54","guid":{"rendered":"https:\/\/dev.93-93-113-41.plesk.page\/?page_id=703"},"modified":"2024-02-26T17:10:09","modified_gmt":"2024-02-26T16:10:09","slug":"tractament","status":"publish","type":"page","link":"https:\/\/dev.93-93-113-41.plesk.page\/ca\/serveis\/aparell-digestiu\/cancer-de-colon-i-recte\/tractament\/","title":{"rendered":"Tractament"},"content":{"rendered":"<p><strong>El tractament m\u00e9s efica\u00e7 del C\u00e0ncer de C\u00f2lon radica en la seva prevenci\u00f3.<\/strong><\/p>\n<p>Una dieta adequada i equilibrada, la pr\u00e0ctica d\u00b4un exercici f\u00edsic regular, l\u2019abstin\u00e8ncia d\u2019alcohol i tabac, evitar el sobrep\u00e8s i l\u2019obesitat\u2026.. ajuden a disminuir globalment la incid\u00e8ncia de C\u00e0ncer de C\u00f2lon en la poblaci\u00f3 general.<\/p>\n<p>Individualment, a m\u00e9s de les mesures higi\u00e8nic-diet\u00e8tiques esmentades, la gran import\u00e0ncia de la prevenci\u00f3 secund\u00e0ria inclou la detecci\u00f3 preco\u00e7 de lesions col\u00f2niques en estat premaligne mitjan\u00e7ant la realitzaci\u00f3 de la Colonosc\u00f2pia.<\/p>\n<p>Independenment dels s\u00edmptomes que la persona presenti, es recomana que la poblaci\u00f3 general es realitzi una <a href=\"\/?page_id=7724\">Colonosc\u00f2pia<\/a> a partir dels 50 anys. La indicaci\u00f3 varia en funci\u00f3 dels antecedents personals o familiars de p\u00f2lips o c\u00e0ncers i d\u2019algunes malalties concretes que el seu metge s&#8217;encarregar\u00e0 de personalitzar.<\/p>\n<p>Efectivament, la Colonosc\u00f2pia permet diagnosticar molts casos de C\u00e0ncer de C\u00f2lon i Recte en estat preco\u00e7 i ofereix la possibilitat de tractar-los en el mateix acte endosc\u00f2pic.<\/p>\n<p>Quan apareixen s\u00edmptomes d\u2019alarma (sagnat per l\u2019anus, alteraci\u00f3 del ritme intestinal, oclusi\u00f3 intestinal,\u2026) generalment la tumoraci\u00f3 es pot trobar en un estat avan\u00e7at, havent de rec\u00f2rrer en molts dels casos al tractament quir\u00fargic.<\/p>\n<p>En alguns casos seleccionats o quan la malaltia s\u00b4ha escampat m\u00e9s enll\u00e0 de la paret del c\u00f2lon es poden combinar altres tractaments alternatius, en funci\u00f3 de cada cas. Actualment, la radioter\u00e0pia i la quimioter\u00e0pia es poden utilitzar com a tractament complementari per a reduir el tamany de la tumoraci\u00f3 i millorar el pron\u00f2stic i la superviv\u00e8ncia.<\/p>\n<p>Juntament amb altres t\u00e8cniques, com algunes d\u2019endosc\u00f2pia o les colostomies, tamb\u00e9 es poden utilitzar amb un car\u00e0cter paliatiu per a millorar la qualitat de vida.<\/p>\n<p>Altres tractaments, com la braquiter\u00e0pia o la ter\u00e0pia g\u00e8nica, es troben encara en fase experimental.<\/p>\n<p>De qualsevol manera, el tractament del C\u00e0ncer de C\u00f2lon ha de ser individualitzat i supervisat per un equip multidisciplinar i coordinat, en el que ha de formar part activa un servei d\u2019aparell digestiu i endosc\u00f2pia digestiva, cirurgia, oncologia i infermeria especialitzada. En casos seleccionats, pot ser d\u2019ajuda comptar amb el suport d\u2019un equip de psicologia i nutrici\u00f3diet\u00e8tica.<\/p>\n<p>\u00c9s molt important la relaci\u00f3 personalitzada amb el seu equip m\u00e8dic, de tal forma que pugui con\u00e8ixer i trobar resposta a les preguntes m\u00e9s habitualment formulades:<br \/>\nOn tinc localitzat el meu tumor? Fins on s\u00b4ha est\u00e8s? En quina etapa estic? Quin pron\u00f2stic s\u2019espera? Quines opcions de tractament tinc? I els efectes secundaris dels mateixos? De quins serveis d\u00b4ajuda personal o familiar disposo? Nom\u00e9s d&#8217;aquesta manera es pot trobar una resposta favorable a una de les grans malalties emergents dels nostres dies: el C\u00e0ncer de C\u00f2lon.<\/p>\n","protected":false},"excerpt":{"rendered":"<div class=\"mh-excerpt\"><p>El tractament m\u00e9s efica\u00e7 del C\u00e0ncer de C\u00f2lon radica en la seva prevenci\u00f3. Una dieta adequada i equilibrada, la pr\u00e0ctica d\u00b4un exercici f\u00edsic regular, l\u2019abstin\u00e8ncia d\u2019alcohol i tabac, evitar el sobrep\u00e8s i l\u2019obesitat\u2026.. ajuden a <a class=\"mh-excerpt-more\" href=\"https:\/\/dev.93-93-113-41.plesk.page\/ca\/serveis\/aparell-digestiu\/cancer-de-colon-i-recte\/tractament\/\" title=\"Tractament\">[&#8230;]<\/a><\/p>\n<\/div>","protected":false},"author":1,"featured_media":0,"parent":692,"menu_order":8,"comment_status":"closed","ping_status":"closed","template":"","meta":{"footnotes":""},"class_list":["post-703","page","type-page","status-publish"],"yoast_head":"<!-- This site is optimized with the Yoast SEO plugin v22.6 - https:\/\/yoast.com\/wordpress\/plugins\/seo\/ -->\n<title>Tractament del C\u00e0ncer de C\u00f2lon i Recte - Cl\u00ednica ServiDigest - Barcelona<\/title>\n<meta name=\"description\" content=\"El tractament m\u00e9s efica\u00e7 del C\u00e0ncer de C\u00f2lon radica en la seva prevenci\u00f3. Ha de ser individualitzat i supervisat per un equip multidisciplinar i coordinat.\" \/>\n<meta name=\"robots\" content=\"index, follow, max-snippet:-1, max-image-preview:large, max-video-preview:-1\" \/>\n<link rel=\"canonical\" href=\"https:\/\/dev.93-93-113-41.plesk.page\/ca\/serveis\/aparell-digestiu\/cancer-de-colon-i-recte\/tractament\/\" \/>\n<meta property=\"og:locale\" content=\"ca_ES\" \/>\n<meta property=\"og:type\" content=\"article\" \/>\n<meta property=\"og:title\" content=\"Tractament del C\u00e0ncer de C\u00f2lon i Recte - Cl\u00ednica ServiDigest - Barcelona\" \/>\n<meta property=\"og:description\" content=\"El tractament m\u00e9s efica\u00e7 del C\u00e0ncer de C\u00f2lon radica en la seva prevenci\u00f3. Ha de ser individualitzat i supervisat per un equip multidisciplinar i coordinat.\" \/>\n<meta property=\"og:url\" content=\"https:\/\/dev.93-93-113-41.plesk.page\/ca\/serveis\/aparell-digestiu\/cancer-de-colon-i-recte\/tractament\/\" \/>\n<meta property=\"og:site_name\" content=\"Servidigest\" \/>\n<meta property=\"article:publisher\" content=\"https:\/\/www.facebook.com\/servidigest\" \/>\n<meta property=\"article:modified_time\" content=\"2024-02-26T16:10:09+00:00\" \/>\n<meta name=\"twitter:card\" content=\"summary_large_image\" \/>\n<meta name=\"twitter:site\" content=\"@servidigest\" \/>\n<meta name=\"twitter:label1\" content=\"Est. reading time\" \/>\n\t<meta name=\"twitter:data1\" content=\"2 minutes\" \/>\n<script type=\"application\/ld+json\" class=\"yoast-schema-graph\">{\"@context\":\"https:\/\/schema.org\",\"@graph\":[{\"@type\":\"WebPage\",\"@id\":\"https:\/\/dev.93-93-113-41.plesk.page\/ca\/serveis\/aparell-digestiu\/cancer-de-colon-i-recte\/tractament\/\",\"url\":\"https:\/\/dev.93-93-113-41.plesk.page\/ca\/serveis\/aparell-digestiu\/cancer-de-colon-i-recte\/tractament\/\",\"name\":\"Tractament del C\u00e0ncer de C\u00f2lon i Recte - Cl\u00ednica ServiDigest - Barcelona\",\"isPartOf\":{\"@id\":\"https:\/\/dev.93-93-113-41.plesk.page\/ca\/#website\"},\"datePublished\":\"2014-06-12T11:51:54+00:00\",\"dateModified\":\"2024-02-26T16:10:09+00:00\",\"description\":\"El tractament m\u00e9s efica\u00e7 del C\u00e0ncer de C\u00f2lon radica en la seva prevenci\u00f3. Ha de ser individualitzat i supervisat per un equip multidisciplinar i coordinat.\",\"breadcrumb\":{\"@id\":\"https:\/\/dev.93-93-113-41.plesk.page\/ca\/serveis\/aparell-digestiu\/cancer-de-colon-i-recte\/tractament\/#breadcrumb\"},\"inLanguage\":\"ca\",\"potentialAction\":[{\"@type\":\"ReadAction\",\"target\":[\"https:\/\/dev.93-93-113-41.plesk.page\/ca\/serveis\/aparell-digestiu\/cancer-de-colon-i-recte\/tractament\/\"]}]},{\"@type\":\"BreadcrumbList\",\"@id\":\"https:\/\/dev.93-93-113-41.plesk.page\/ca\/serveis\/aparell-digestiu\/cancer-de-colon-i-recte\/tractament\/#breadcrumb\",\"itemListElement\":[{\"@type\":\"ListItem\",\"position\":1,\"name\":\"Serveis M\u00e8dics de Cl\u00ednica ServiDigest\",\"item\":\"https:\/\/dev.93-93-113-41.plesk.page\/ca\/servicios\/\"},{\"@type\":\"ListItem\",\"position\":2,\"name\":\"Aparell digestiu\",\"item\":\"https:\/\/dev.93-93-113-41.plesk.page\/ca\/servicios\/aparato-digestivo\/\"},{\"@type\":\"ListItem\",\"position\":3,\"name\":\"C\u00e0ncer de C\u00f2lon i Recte\",\"item\":\"https:\/\/dev.93-93-113-41.plesk.page\/ca\/servicios\/aparato-digestivo\/cancer-de-colon\/\"},{\"@type\":\"ListItem\",\"position\":4,\"name\":\"Tractament\"}]},{\"@type\":\"WebSite\",\"@id\":\"https:\/\/dev.93-93-113-41.plesk.page\/ca\/#website\",\"url\":\"https:\/\/dev.93-93-113-41.plesk.page\/ca\/\",\"name\":\"Servidigest\",\"description\":\"\",\"publisher\":{\"@id\":\"https:\/\/dev.93-93-113-41.plesk.page\/ca\/#organization\"},\"potentialAction\":[{\"@type\":\"SearchAction\",\"target\":{\"@type\":\"EntryPoint\",\"urlTemplate\":\"https:\/\/dev.93-93-113-41.plesk.page\/ca\/?s={search_term_string}\"},\"query-input\":\"required name=search_term_string\"}],\"inLanguage\":\"ca\"},{\"@type\":\"Organization\",\"@id\":\"https:\/\/dev.93-93-113-41.plesk.page\/ca\/#organization\",\"name\":\"Servidigest\",\"url\":\"https:\/\/dev.93-93-113-41.plesk.page\/ca\/\",\"logo\":{\"@type\":\"ImageObject\",\"inLanguage\":\"ca\",\"@id\":\"https:\/\/dev.93-93-113-41.plesk.page\/ca\/#\/schema\/logo\/image\/\",\"url\":\"https:\/\/dev.93-93-113-41.plesk.page\/wp-content\/uploads\/2024\/01\/servidigest.png\",\"contentUrl\":\"https:\/\/dev.93-93-113-41.plesk.page\/wp-content\/uploads\/2024\/01\/servidigest.png\",\"width\":808,\"height\":88,\"caption\":\"Servidigest\"},\"image\":{\"@id\":\"https:\/\/dev.93-93-113-41.plesk.page\/ca\/#\/schema\/logo\/image\/\"},\"sameAs\":[\"https:\/\/www.facebook.com\/servidigest\",\"https:\/\/x.com\/servidigest\"]}]}<\/script>\n<!-- \/ Yoast SEO plugin. -->","yoast_head_json":{"title":"Tractament del C\u00e0ncer de C\u00f2lon i Recte - Cl\u00ednica ServiDigest - Barcelona","description":"El tractament m\u00e9s efica\u00e7 del C\u00e0ncer de C\u00f2lon radica en la seva prevenci\u00f3. Ha de ser individualitzat i supervisat per un equip multidisciplinar i coordinat.","robots":{"index":"index","follow":"follow","max-snippet":"max-snippet:-1","max-image-preview":"max-image-preview:large","max-video-preview":"max-video-preview:-1"},"canonical":"https:\/\/dev.93-93-113-41.plesk.page\/ca\/serveis\/aparell-digestiu\/cancer-de-colon-i-recte\/tractament\/","og_locale":"ca_ES","og_type":"article","og_title":"Tractament del C\u00e0ncer de C\u00f2lon i Recte - Cl\u00ednica ServiDigest - Barcelona","og_description":"El tractament m\u00e9s efica\u00e7 del C\u00e0ncer de C\u00f2lon radica en la seva prevenci\u00f3. Ha de ser individualitzat i supervisat per un equip multidisciplinar i coordinat.","og_url":"https:\/\/dev.93-93-113-41.plesk.page\/ca\/serveis\/aparell-digestiu\/cancer-de-colon-i-recte\/tractament\/","og_site_name":"Servidigest","article_publisher":"https:\/\/www.facebook.com\/servidigest","article_modified_time":"2024-02-26T16:10:09+00:00","twitter_card":"summary_large_image","twitter_site":"@servidigest","twitter_misc":{"Est. reading time":"2 minutes"},"schema":{"@context":"https:\/\/schema.org","@graph":[{"@type":"WebPage","@id":"https:\/\/dev.93-93-113-41.plesk.page\/ca\/serveis\/aparell-digestiu\/cancer-de-colon-i-recte\/tractament\/","url":"https:\/\/dev.93-93-113-41.plesk.page\/ca\/serveis\/aparell-digestiu\/cancer-de-colon-i-recte\/tractament\/","name":"Tractament del C\u00e0ncer de C\u00f2lon i Recte - Cl\u00ednica ServiDigest - Barcelona","isPartOf":{"@id":"https:\/\/dev.93-93-113-41.plesk.page\/ca\/#website"},"datePublished":"2014-06-12T11:51:54+00:00","dateModified":"2024-02-26T16:10:09+00:00","description":"El tractament m\u00e9s efica\u00e7 del C\u00e0ncer de C\u00f2lon radica en la seva prevenci\u00f3. Ha de ser individualitzat i supervisat per un equip multidisciplinar i coordinat.","breadcrumb":{"@id":"https:\/\/dev.93-93-113-41.plesk.page\/ca\/serveis\/aparell-digestiu\/cancer-de-colon-i-recte\/tractament\/#breadcrumb"},"inLanguage":"ca","potentialAction":[{"@type":"ReadAction","target":["https:\/\/dev.93-93-113-41.plesk.page\/ca\/serveis\/aparell-digestiu\/cancer-de-colon-i-recte\/tractament\/"]}]},{"@type":"BreadcrumbList","@id":"https:\/\/dev.93-93-113-41.plesk.page\/ca\/serveis\/aparell-digestiu\/cancer-de-colon-i-recte\/tractament\/#breadcrumb","itemListElement":[{"@type":"ListItem","position":1,"name":"Serveis M\u00e8dics de Cl\u00ednica ServiDigest","item":"https:\/\/dev.93-93-113-41.plesk.page\/ca\/servicios\/"},{"@type":"ListItem","position":2,"name":"Aparell digestiu","item":"https:\/\/dev.93-93-113-41.plesk.page\/ca\/servicios\/aparato-digestivo\/"},{"@type":"ListItem","position":3,"name":"C\u00e0ncer de C\u00f2lon i Recte","item":"https:\/\/dev.93-93-113-41.plesk.page\/ca\/servicios\/aparato-digestivo\/cancer-de-colon\/"},{"@type":"ListItem","position":4,"name":"Tractament"}]},{"@type":"WebSite","@id":"https:\/\/dev.93-93-113-41.plesk.page\/ca\/#website","url":"https:\/\/dev.93-93-113-41.plesk.page\/ca\/","name":"Servidigest","description":"","publisher":{"@id":"https:\/\/dev.93-93-113-41.plesk.page\/ca\/#organization"},"potentialAction":[{"@type":"SearchAction","target":{"@type":"EntryPoint","urlTemplate":"https:\/\/dev.93-93-113-41.plesk.page\/ca\/?s={search_term_string}"},"query-input":"required name=search_term_string"}],"inLanguage":"ca"},{"@type":"Organization","@id":"https:\/\/dev.93-93-113-41.plesk.page\/ca\/#organization","name":"Servidigest","url":"https:\/\/dev.93-93-113-41.plesk.page\/ca\/","logo":{"@type":"ImageObject","inLanguage":"ca","@id":"https:\/\/dev.93-93-113-41.plesk.page\/ca\/#\/schema\/logo\/image\/","url":"https:\/\/dev.93-93-113-41.plesk.page\/wp-content\/uploads\/2024\/01\/servidigest.png","contentUrl":"https:\/\/dev.93-93-113-41.plesk.page\/wp-content\/uploads\/2024\/01\/servidigest.png","width":808,"height":88,"caption":"Servidigest"},"image":{"@id":"https:\/\/dev.93-93-113-41.plesk.page\/ca\/#\/schema\/logo\/image\/"},"sameAs":["https:\/\/www.facebook.com\/servidigest","https:\/\/x.com\/servidigest"]}]}},"_links":{"self":[{"href":"https:\/\/dev.93-93-113-41.plesk.page\/ca\/wp-json\/wp\/v2\/pages\/703","targetHints":{"allow":["GET"]}}],"collection":[{"href":"https:\/\/dev.93-93-113-41.plesk.page\/ca\/wp-json\/wp\/v2\/pages"}],"about":[{"href":"https:\/\/dev.93-93-113-41.plesk.page\/ca\/wp-json\/wp\/v2\/types\/page"}],"author":[{"embeddable":true,"href":"https:\/\/dev.93-93-113-41.plesk.page\/ca\/wp-json\/wp\/v2\/users\/1"}],"replies":[{"embeddable":true,"href":"https:\/\/dev.93-93-113-41.plesk.page\/ca\/wp-json\/wp\/v2\/comments?post=703"}],"version-history":[{"count":1,"href":"https:\/\/dev.93-93-113-41.plesk.page\/ca\/wp-json\/wp\/v2\/pages\/703\/revisions"}],"predecessor-version":[{"id":34684,"href":"https:\/\/dev.93-93-113-41.plesk.page\/ca\/wp-json\/wp\/v2\/pages\/703\/revisions\/34684"}],"up":[{"embeddable":true,"href":"https:\/\/dev.93-93-113-41.plesk.page\/ca\/wp-json\/wp\/v2\/pages\/692"}],"wp:attachment":[{"href":"https:\/\/dev.93-93-113-41.plesk.page\/ca\/wp-json\/wp\/v2\/media?parent=703"}],"curies":[{"name":"wp","href":"https:\/\/api.w.org\/{rel}","templated":true}]}}