{"id":701,"date":"2014-06-12T11:48:13","date_gmt":"2014-06-12T11:48:13","guid":{"rendered":"https:\/\/dev.93-93-113-41.plesk.page\/?page_id=701"},"modified":"2024-02-26T17:10:07","modified_gmt":"2024-02-26T16:10:07","slug":"diagnostic","status":"publish","type":"page","link":"https:\/\/dev.93-93-113-41.plesk.page\/ca\/serveis\/aparell-digestiu\/cancer-de-colon-i-recte\/diagnostic\/","title":{"rendered":"Diagn\u00f2stic"},"content":{"rendered":"<p>Donada l&#8217;elevada incid\u00e8ncia i el progressiu augment en freq\u00fc\u00e8ncia del C\u00e0ncer de C\u00f2lon i Recte en el m\u00f3n occidental, davant qualsevol s\u00edmptoma digestiu d&#8217;alarma \u00e9s prudent posar-se en mans d&#8217;un servei especialitzat en l\u2019aparell digestiu que pugui valorar individualment cada situaci\u00f3. Addicionalment, tamb\u00e9 es recomana revisi\u00f3 digestiva de car\u00e0cter preventiu a partir dels 50 anys independentment dels s\u00edmptomes que es presentin.<\/p>\n<p>Durant molts anys, s\u2019han fet servir diferents m\u00e8todes diagn\u00f2stics per descartar malalties dels budells: an\u00e0lisis de sang, estudis en femta, proves radiol\u00f2giques (enemes opacs, TAC o Scanner), resson\u00e0ncia magn\u00e8tica\u2026<\/p>\n<p>En l&#8217;actualitat es realitza un test de sang oculta en femta en les campanyes de detecci\u00f3 preco\u00e7 de C\u00e0ncer Colorectal per a la poblaci\u00f3 general entre 50 i 70 anys que no presenten s\u00edmptomes rectals o col\u00f2nics, antecedents familiars de C\u00e0ncer de C\u00f2lon i Recte, o antecedents personals de p\u00f2lips, C\u00e0ncer de C\u00f2lon i Recte o malaltia inflamat\u00f2ria intestinal, per\u00f2 \u00e9s menys efica\u00e7 que la <a href=\"\/?page_id=7724\">Colonosc\u00f2pia<\/a> per detectar l&#8217;exist\u00e8ncia de p\u00f2lips precancerosos.<\/p>\n<p>De tots els m\u00e8todes diagn\u00f2stics, la prova m\u00e9s sensible i espec\u00edfica per a determinar qualsevol malaltia del c\u00f2lon \u00e9s la Colonosc\u00f2pia total, ja que, a m\u00e9s de permetre una visi\u00f3 total, completa i directe del budell, permet complementar i realitzar t\u00e8cniques diagn\u00f2stiques (bi\u00f2psies) i terap\u00e8utiques (treure p\u00f2lips, coagular lesions, posar pr\u00f2tesis, dilatar zones estretes\u2026) en el mateix acte, amb una sensibilitat i especificitat generals aproximades del 100%.<\/p>\n<p>La seva alta efic\u00e0cia i bona toler\u00e0ncia (principalment si es realitza amb sedaci\u00f3), ha fet que la Colonosc\u00f2pia hi hagi substitu\u00eft progressivament a les altres t\u00e8cniques diagn\u00f2stiques, reservant-se aquestes \u00faltimes exclusivament per aquells casos d\u2019estudis complementaris o pels que existeixi un motiu que contraindiqui la realitzaci\u00f3 de la Colonosc\u00f2pia.<\/p>\n<p>Altres t\u00e8cniques m\u00e9s modernes (estudis gen\u00e8tics i ADN fecal, colonografia virtual\u2026) tenen encara un alt cost econ\u00f2mic amb un ampli marge de falsos valors diagn\u00f2stics i no permeten ser terap\u00e8utiques, motiu pel qual estan poc arrelades, obligant a rec\u00f3rrer posteriorment a la Colonosc\u00f2pia convencional per a acabar diagnosticant i tractant la malaltia.<\/p>\n<p>En l\u2019actualitat tamb\u00e9 disposem d\u2019una altra t\u00e8cnica que \u00e9s la <a href=\"\/?page_id=727\">C\u00e0psula Endosc\u00f2pica<\/a> de c\u00f2lon que permet l\u2019estudi diagn\u00f2stic del recte i c\u00f2lon en casos seleccionats que no es pugui realitzar la colonosc\u00f2pia convencional o tamb\u00e9 per estudis de cribatge del C\u00e0ncer de C\u00f2lon.<\/p>\n","protected":false},"excerpt":{"rendered":"<div class=\"mh-excerpt\"><p>Donada l&#8217;elevada incid\u00e8ncia i el progressiu augment en freq\u00fc\u00e8ncia del C\u00e0ncer de C\u00f2lon i Recte en el m\u00f3n occidental, davant qualsevol s\u00edmptoma digestiu d&#8217;alarma \u00e9s prudent posar-se en mans d&#8217;un servei especialitzat en l\u2019aparell digestiu <a class=\"mh-excerpt-more\" href=\"https:\/\/dev.93-93-113-41.plesk.page\/ca\/serveis\/aparell-digestiu\/cancer-de-colon-i-recte\/diagnostic\/\" title=\"Diagn\u00f2stic\">[&#8230;]<\/a><\/p>\n<\/div>","protected":false},"author":1,"featured_media":0,"parent":692,"menu_order":6,"comment_status":"closed","ping_status":"closed","template":"","meta":{"footnotes":""},"class_list":["post-701","page","type-page","status-publish"],"yoast_head":"<!-- This site is optimized with the Yoast SEO plugin v22.6 - https:\/\/yoast.com\/wordpress\/plugins\/seo\/ -->\n<title>Diagn\u00f2stic del C\u00e0ncer de C\u00f2lon i Recte - Cl\u00ednica ServiDigest - Barcelona<\/title>\n<meta name=\"description\" content=\"La prova m\u00e9s sensible i espec\u00edfica per al diagn\u00f2stic del C\u00e0ncer de C\u00f2lon i Recte \u00e9s la Colonosc\u00f2pia total. Vine a Cl\u00ednica ServiDigest si vols fer revisi\u00f3.\" \/>\n<meta name=\"robots\" content=\"index, follow, max-snippet:-1, max-image-preview:large, max-video-preview:-1\" \/>\n<link rel=\"canonical\" href=\"https:\/\/dev.93-93-113-41.plesk.page\/ca\/serveis\/aparell-digestiu\/cancer-de-colon-i-recte\/diagnostic\/\" \/>\n<meta property=\"og:locale\" content=\"ca_ES\" \/>\n<meta property=\"og:type\" content=\"article\" \/>\n<meta property=\"og:title\" content=\"Diagn\u00f2stic del C\u00e0ncer de C\u00f2lon i Recte - Cl\u00ednica ServiDigest - Barcelona\" \/>\n<meta property=\"og:description\" content=\"La prova m\u00e9s sensible i espec\u00edfica per al diagn\u00f2stic del C\u00e0ncer de C\u00f2lon i Recte \u00e9s la Colonosc\u00f2pia total. Vine a Cl\u00ednica ServiDigest si vols fer revisi\u00f3.\" \/>\n<meta property=\"og:url\" content=\"https:\/\/dev.93-93-113-41.plesk.page\/ca\/serveis\/aparell-digestiu\/cancer-de-colon-i-recte\/diagnostic\/\" \/>\n<meta property=\"og:site_name\" content=\"Servidigest\" \/>\n<meta property=\"article:publisher\" content=\"https:\/\/www.facebook.com\/servidigest\" \/>\n<meta property=\"article:modified_time\" content=\"2024-02-26T16:10:07+00:00\" \/>\n<meta name=\"twitter:card\" content=\"summary_large_image\" \/>\n<meta name=\"twitter:site\" content=\"@servidigest\" \/>\n<meta name=\"twitter:label1\" content=\"Est. reading time\" \/>\n\t<meta name=\"twitter:data1\" content=\"2 minutes\" \/>\n<script type=\"application\/ld+json\" class=\"yoast-schema-graph\">{\"@context\":\"https:\/\/schema.org\",\"@graph\":[{\"@type\":\"WebPage\",\"@id\":\"https:\/\/dev.93-93-113-41.plesk.page\/ca\/serveis\/aparell-digestiu\/cancer-de-colon-i-recte\/diagnostic\/\",\"url\":\"https:\/\/dev.93-93-113-41.plesk.page\/ca\/serveis\/aparell-digestiu\/cancer-de-colon-i-recte\/diagnostic\/\",\"name\":\"Diagn\u00f2stic del C\u00e0ncer de C\u00f2lon i Recte - Cl\u00ednica ServiDigest - Barcelona\",\"isPartOf\":{\"@id\":\"https:\/\/dev.93-93-113-41.plesk.page\/ca\/#website\"},\"datePublished\":\"2014-06-12T11:48:13+00:00\",\"dateModified\":\"2024-02-26T16:10:07+00:00\",\"description\":\"La prova m\u00e9s sensible i espec\u00edfica per al diagn\u00f2stic del C\u00e0ncer de C\u00f2lon i Recte \u00e9s la Colonosc\u00f2pia total. Vine a Cl\u00ednica ServiDigest si vols fer revisi\u00f3.\",\"breadcrumb\":{\"@id\":\"https:\/\/dev.93-93-113-41.plesk.page\/ca\/serveis\/aparell-digestiu\/cancer-de-colon-i-recte\/diagnostic\/#breadcrumb\"},\"inLanguage\":\"ca\",\"potentialAction\":[{\"@type\":\"ReadAction\",\"target\":[\"https:\/\/dev.93-93-113-41.plesk.page\/ca\/serveis\/aparell-digestiu\/cancer-de-colon-i-recte\/diagnostic\/\"]}]},{\"@type\":\"BreadcrumbList\",\"@id\":\"https:\/\/dev.93-93-113-41.plesk.page\/ca\/serveis\/aparell-digestiu\/cancer-de-colon-i-recte\/diagnostic\/#breadcrumb\",\"itemListElement\":[{\"@type\":\"ListItem\",\"position\":1,\"name\":\"Serveis M\u00e8dics de Cl\u00ednica ServiDigest\",\"item\":\"https:\/\/dev.93-93-113-41.plesk.page\/ca\/servicios\/\"},{\"@type\":\"ListItem\",\"position\":2,\"name\":\"Aparell digestiu\",\"item\":\"https:\/\/dev.93-93-113-41.plesk.page\/ca\/servicios\/aparato-digestivo\/\"},{\"@type\":\"ListItem\",\"position\":3,\"name\":\"C\u00e0ncer de C\u00f2lon i Recte\",\"item\":\"https:\/\/dev.93-93-113-41.plesk.page\/ca\/servicios\/aparato-digestivo\/cancer-de-colon\/\"},{\"@type\":\"ListItem\",\"position\":4,\"name\":\"Diagn\u00f2stic\"}]},{\"@type\":\"WebSite\",\"@id\":\"https:\/\/dev.93-93-113-41.plesk.page\/ca\/#website\",\"url\":\"https:\/\/dev.93-93-113-41.plesk.page\/ca\/\",\"name\":\"Servidigest\",\"description\":\"\",\"publisher\":{\"@id\":\"https:\/\/dev.93-93-113-41.plesk.page\/ca\/#organization\"},\"potentialAction\":[{\"@type\":\"SearchAction\",\"target\":{\"@type\":\"EntryPoint\",\"urlTemplate\":\"https:\/\/dev.93-93-113-41.plesk.page\/ca\/?s={search_term_string}\"},\"query-input\":\"required name=search_term_string\"}],\"inLanguage\":\"ca\"},{\"@type\":\"Organization\",\"@id\":\"https:\/\/dev.93-93-113-41.plesk.page\/ca\/#organization\",\"name\":\"Servidigest\",\"url\":\"https:\/\/dev.93-93-113-41.plesk.page\/ca\/\",\"logo\":{\"@type\":\"ImageObject\",\"inLanguage\":\"ca\",\"@id\":\"https:\/\/dev.93-93-113-41.plesk.page\/ca\/#\/schema\/logo\/image\/\",\"url\":\"https:\/\/dev.93-93-113-41.plesk.page\/wp-content\/uploads\/2024\/01\/servidigest.png\",\"contentUrl\":\"https:\/\/dev.93-93-113-41.plesk.page\/wp-content\/uploads\/2024\/01\/servidigest.png\",\"width\":808,\"height\":88,\"caption\":\"Servidigest\"},\"image\":{\"@id\":\"https:\/\/dev.93-93-113-41.plesk.page\/ca\/#\/schema\/logo\/image\/\"},\"sameAs\":[\"https:\/\/www.facebook.com\/servidigest\",\"https:\/\/x.com\/servidigest\"]}]}<\/script>\n<!-- \/ Yoast SEO plugin. -->","yoast_head_json":{"title":"Diagn\u00f2stic del C\u00e0ncer de C\u00f2lon i Recte - Cl\u00ednica ServiDigest - Barcelona","description":"La prova m\u00e9s sensible i espec\u00edfica per al diagn\u00f2stic del C\u00e0ncer de C\u00f2lon i Recte \u00e9s la Colonosc\u00f2pia total. Vine a Cl\u00ednica ServiDigest si vols fer revisi\u00f3.","robots":{"index":"index","follow":"follow","max-snippet":"max-snippet:-1","max-image-preview":"max-image-preview:large","max-video-preview":"max-video-preview:-1"},"canonical":"https:\/\/dev.93-93-113-41.plesk.page\/ca\/serveis\/aparell-digestiu\/cancer-de-colon-i-recte\/diagnostic\/","og_locale":"ca_ES","og_type":"article","og_title":"Diagn\u00f2stic del C\u00e0ncer de C\u00f2lon i Recte - Cl\u00ednica ServiDigest - Barcelona","og_description":"La prova m\u00e9s sensible i espec\u00edfica per al diagn\u00f2stic del C\u00e0ncer de C\u00f2lon i Recte \u00e9s la Colonosc\u00f2pia total. Vine a Cl\u00ednica ServiDigest si vols fer revisi\u00f3.","og_url":"https:\/\/dev.93-93-113-41.plesk.page\/ca\/serveis\/aparell-digestiu\/cancer-de-colon-i-recte\/diagnostic\/","og_site_name":"Servidigest","article_publisher":"https:\/\/www.facebook.com\/servidigest","article_modified_time":"2024-02-26T16:10:07+00:00","twitter_card":"summary_large_image","twitter_site":"@servidigest","twitter_misc":{"Est. reading time":"2 minutes"},"schema":{"@context":"https:\/\/schema.org","@graph":[{"@type":"WebPage","@id":"https:\/\/dev.93-93-113-41.plesk.page\/ca\/serveis\/aparell-digestiu\/cancer-de-colon-i-recte\/diagnostic\/","url":"https:\/\/dev.93-93-113-41.plesk.page\/ca\/serveis\/aparell-digestiu\/cancer-de-colon-i-recte\/diagnostic\/","name":"Diagn\u00f2stic del C\u00e0ncer de C\u00f2lon i Recte - Cl\u00ednica ServiDigest - Barcelona","isPartOf":{"@id":"https:\/\/dev.93-93-113-41.plesk.page\/ca\/#website"},"datePublished":"2014-06-12T11:48:13+00:00","dateModified":"2024-02-26T16:10:07+00:00","description":"La prova m\u00e9s sensible i espec\u00edfica per al diagn\u00f2stic del C\u00e0ncer de C\u00f2lon i Recte \u00e9s la Colonosc\u00f2pia total. Vine a Cl\u00ednica ServiDigest si vols fer revisi\u00f3.","breadcrumb":{"@id":"https:\/\/dev.93-93-113-41.plesk.page\/ca\/serveis\/aparell-digestiu\/cancer-de-colon-i-recte\/diagnostic\/#breadcrumb"},"inLanguage":"ca","potentialAction":[{"@type":"ReadAction","target":["https:\/\/dev.93-93-113-41.plesk.page\/ca\/serveis\/aparell-digestiu\/cancer-de-colon-i-recte\/diagnostic\/"]}]},{"@type":"BreadcrumbList","@id":"https:\/\/dev.93-93-113-41.plesk.page\/ca\/serveis\/aparell-digestiu\/cancer-de-colon-i-recte\/diagnostic\/#breadcrumb","itemListElement":[{"@type":"ListItem","position":1,"name":"Serveis M\u00e8dics de Cl\u00ednica ServiDigest","item":"https:\/\/dev.93-93-113-41.plesk.page\/ca\/servicios\/"},{"@type":"ListItem","position":2,"name":"Aparell digestiu","item":"https:\/\/dev.93-93-113-41.plesk.page\/ca\/servicios\/aparato-digestivo\/"},{"@type":"ListItem","position":3,"name":"C\u00e0ncer de C\u00f2lon i Recte","item":"https:\/\/dev.93-93-113-41.plesk.page\/ca\/servicios\/aparato-digestivo\/cancer-de-colon\/"},{"@type":"ListItem","position":4,"name":"Diagn\u00f2stic"}]},{"@type":"WebSite","@id":"https:\/\/dev.93-93-113-41.plesk.page\/ca\/#website","url":"https:\/\/dev.93-93-113-41.plesk.page\/ca\/","name":"Servidigest","description":"","publisher":{"@id":"https:\/\/dev.93-93-113-41.plesk.page\/ca\/#organization"},"potentialAction":[{"@type":"SearchAction","target":{"@type":"EntryPoint","urlTemplate":"https:\/\/dev.93-93-113-41.plesk.page\/ca\/?s={search_term_string}"},"query-input":"required name=search_term_string"}],"inLanguage":"ca"},{"@type":"Organization","@id":"https:\/\/dev.93-93-113-41.plesk.page\/ca\/#organization","name":"Servidigest","url":"https:\/\/dev.93-93-113-41.plesk.page\/ca\/","logo":{"@type":"ImageObject","inLanguage":"ca","@id":"https:\/\/dev.93-93-113-41.plesk.page\/ca\/#\/schema\/logo\/image\/","url":"https:\/\/dev.93-93-113-41.plesk.page\/wp-content\/uploads\/2024\/01\/servidigest.png","contentUrl":"https:\/\/dev.93-93-113-41.plesk.page\/wp-content\/uploads\/2024\/01\/servidigest.png","width":808,"height":88,"caption":"Servidigest"},"image":{"@id":"https:\/\/dev.93-93-113-41.plesk.page\/ca\/#\/schema\/logo\/image\/"},"sameAs":["https:\/\/www.facebook.com\/servidigest","https:\/\/x.com\/servidigest"]}]}},"_links":{"self":[{"href":"https:\/\/dev.93-93-113-41.plesk.page\/ca\/wp-json\/wp\/v2\/pages\/701","targetHints":{"allow":["GET"]}}],"collection":[{"href":"https:\/\/dev.93-93-113-41.plesk.page\/ca\/wp-json\/wp\/v2\/pages"}],"about":[{"href":"https:\/\/dev.93-93-113-41.plesk.page\/ca\/wp-json\/wp\/v2\/types\/page"}],"author":[{"embeddable":true,"href":"https:\/\/dev.93-93-113-41.plesk.page\/ca\/wp-json\/wp\/v2\/users\/1"}],"replies":[{"embeddable":true,"href":"https:\/\/dev.93-93-113-41.plesk.page\/ca\/wp-json\/wp\/v2\/comments?post=701"}],"version-history":[{"count":1,"href":"https:\/\/dev.93-93-113-41.plesk.page\/ca\/wp-json\/wp\/v2\/pages\/701\/revisions"}],"predecessor-version":[{"id":34680,"href":"https:\/\/dev.93-93-113-41.plesk.page\/ca\/wp-json\/wp\/v2\/pages\/701\/revisions\/34680"}],"up":[{"embeddable":true,"href":"https:\/\/dev.93-93-113-41.plesk.page\/ca\/wp-json\/wp\/v2\/pages\/692"}],"wp:attachment":[{"href":"https:\/\/dev.93-93-113-41.plesk.page\/ca\/wp-json\/wp\/v2\/media?parent=701"}],"curies":[{"name":"wp","href":"https:\/\/api.w.org\/{rel}","templated":true}]}}