{"id":694,"date":"2014-06-12T11:34:55","date_gmt":"2014-06-12T11:34:55","guid":{"rendered":"https:\/\/dev.93-93-113-41.plesk.page\/?page_id=694"},"modified":"2024-02-26T17:10:03","modified_gmt":"2024-02-26T16:10:03","slug":"que-es","status":"publish","type":"page","link":"https:\/\/dev.93-93-113-41.plesk.page\/ca\/serveis\/aparell-digestiu\/cancer-de-colon-i-recte\/que-es\/","title":{"rendered":"Qu\u00e8 \u00e9s el C\u00e0ncer de C\u00f2lon?"},"content":{"rendered":"<p>Entenem per C\u00e0ncer de C\u00f2lon o C\u00e0ncer Colorectal a la degeneraci\u00f3 maligna d\u2019algun dels estrats de la paret del budell, generalment l&#8217;epiteli de la mucosa (adenocarcinoma).<\/p>\n<p>Encara que pot apar\u00e8ixer \u201cde novo\u201d, generalment es presenta sobre un p\u00f2lip degenerat, que amb el temps ha crescut i evolucionat cap a la seva malignitzaci\u00f3.<\/p>\n<p>D\u2019aqu\u00ed la <strong>import\u00e0ncia de detectar aquests p\u00f2lips<\/strong> (com una berruga) <strong>en estats inicials, preco\u00e7os i amb tamanys petits<\/strong>, amb la finalitat de poder extirpar-los endosc\u00f2picament mitjan\u00e7ant la <a href=\"\/?page_id=7724\">Colonosc\u00f2pia<\/a>.<\/p>\n","protected":false},"excerpt":{"rendered":"<div class=\"mh-excerpt\"><p>Entenem per C\u00e0ncer de C\u00f2lon o C\u00e0ncer Colorectal a la degeneraci\u00f3 maligna d\u2019algun dels estrats de la paret del budell, generalment l&#8217;epiteli de la mucosa (adenocarcinoma). Encara que pot apar\u00e8ixer \u201cde novo\u201d, generalment es presenta <a class=\"mh-excerpt-more\" href=\"https:\/\/dev.93-93-113-41.plesk.page\/ca\/serveis\/aparell-digestiu\/cancer-de-colon-i-recte\/que-es\/\" title=\"Qu\u00e8 \u00e9s el C\u00e0ncer de C\u00f2lon?\">[&#8230;]<\/a><\/p>\n<\/div>","protected":false},"author":1,"featured_media":0,"parent":692,"menu_order":2,"comment_status":"closed","ping_status":"closed","template":"","meta":{"footnotes":""},"class_list":["post-694","page","type-page","status-publish"],"yoast_head":"<!-- This site is optimized with the Yoast SEO plugin v22.6 - https:\/\/yoast.com\/wordpress\/plugins\/seo\/ -->\n<title>Qu\u00e8 \u00e9s el C\u00e0ncer de C\u00f2lon? - Servidigest<\/title>\n<meta name=\"description\" content=\"El C\u00e1ncer de C\u00f2lon \u00e9s la degeneraci\u00f3 maligna d\u2019algun dels estrats de la paret del budell, generalment l&#039;epiteli de la mucosa (adenocarcinoma).\" \/>\n<meta name=\"robots\" content=\"index, follow, max-snippet:-1, max-image-preview:large, max-video-preview:-1\" \/>\n<link rel=\"canonical\" href=\"https:\/\/dev.93-93-113-41.plesk.page\/ca\/serveis\/aparell-digestiu\/cancer-de-colon-i-recte\/que-es\/\" \/>\n<meta property=\"og:locale\" content=\"ca_ES\" \/>\n<meta property=\"og:type\" content=\"article\" \/>\n<meta property=\"og:title\" content=\"Qu\u00e8 \u00e9s el C\u00e0ncer de C\u00f2lon? - Servidigest\" \/>\n<meta property=\"og:description\" content=\"El C\u00e1ncer de C\u00f2lon \u00e9s la degeneraci\u00f3 maligna d\u2019algun dels estrats de la paret del budell, generalment l&#039;epiteli de la mucosa (adenocarcinoma).\" \/>\n<meta property=\"og:url\" content=\"https:\/\/dev.93-93-113-41.plesk.page\/ca\/serveis\/aparell-digestiu\/cancer-de-colon-i-recte\/que-es\/\" \/>\n<meta property=\"og:site_name\" content=\"Servidigest\" \/>\n<meta property=\"article:publisher\" content=\"https:\/\/www.facebook.com\/servidigest\" \/>\n<meta property=\"article:modified_time\" content=\"2024-02-26T16:10:03+00:00\" \/>\n<meta name=\"twitter:card\" content=\"summary_large_image\" \/>\n<meta name=\"twitter:site\" content=\"@servidigest\" \/>\n<script type=\"application\/ld+json\" class=\"yoast-schema-graph\">{\"@context\":\"https:\/\/schema.org\",\"@graph\":[{\"@type\":\"WebPage\",\"@id\":\"https:\/\/dev.93-93-113-41.plesk.page\/ca\/serveis\/aparell-digestiu\/cancer-de-colon-i-recte\/que-es\/\",\"url\":\"https:\/\/dev.93-93-113-41.plesk.page\/ca\/serveis\/aparell-digestiu\/cancer-de-colon-i-recte\/que-es\/\",\"name\":\"Qu\u00e8 \u00e9s el C\u00e0ncer de C\u00f2lon? - Servidigest\",\"isPartOf\":{\"@id\":\"https:\/\/dev.93-93-113-41.plesk.page\/ca\/#website\"},\"datePublished\":\"2014-06-12T11:34:55+00:00\",\"dateModified\":\"2024-02-26T16:10:03+00:00\",\"description\":\"El C\u00e1ncer de C\u00f2lon \u00e9s la degeneraci\u00f3 maligna d\u2019algun dels estrats de la paret del budell, generalment l'epiteli de la mucosa (adenocarcinoma).\",\"breadcrumb\":{\"@id\":\"https:\/\/dev.93-93-113-41.plesk.page\/ca\/serveis\/aparell-digestiu\/cancer-de-colon-i-recte\/que-es\/#breadcrumb\"},\"inLanguage\":\"ca\",\"potentialAction\":[{\"@type\":\"ReadAction\",\"target\":[\"https:\/\/dev.93-93-113-41.plesk.page\/ca\/serveis\/aparell-digestiu\/cancer-de-colon-i-recte\/que-es\/\"]}]},{\"@type\":\"BreadcrumbList\",\"@id\":\"https:\/\/dev.93-93-113-41.plesk.page\/ca\/serveis\/aparell-digestiu\/cancer-de-colon-i-recte\/que-es\/#breadcrumb\",\"itemListElement\":[{\"@type\":\"ListItem\",\"position\":1,\"name\":\"Serveis M\u00e8dics de Cl\u00ednica ServiDigest\",\"item\":\"https:\/\/dev.93-93-113-41.plesk.page\/ca\/servicios\/\"},{\"@type\":\"ListItem\",\"position\":2,\"name\":\"Aparell digestiu\",\"item\":\"https:\/\/dev.93-93-113-41.plesk.page\/ca\/servicios\/aparato-digestivo\/\"},{\"@type\":\"ListItem\",\"position\":3,\"name\":\"C\u00e0ncer de C\u00f2lon i Recte\",\"item\":\"https:\/\/dev.93-93-113-41.plesk.page\/ca\/servicios\/aparato-digestivo\/cancer-de-colon\/\"},{\"@type\":\"ListItem\",\"position\":4,\"name\":\"Qu\u00e8 \u00e9s el C\u00e0ncer de C\u00f2lon?\"}]},{\"@type\":\"WebSite\",\"@id\":\"https:\/\/dev.93-93-113-41.plesk.page\/ca\/#website\",\"url\":\"https:\/\/dev.93-93-113-41.plesk.page\/ca\/\",\"name\":\"Servidigest\",\"description\":\"\",\"publisher\":{\"@id\":\"https:\/\/dev.93-93-113-41.plesk.page\/ca\/#organization\"},\"potentialAction\":[{\"@type\":\"SearchAction\",\"target\":{\"@type\":\"EntryPoint\",\"urlTemplate\":\"https:\/\/dev.93-93-113-41.plesk.page\/ca\/?s={search_term_string}\"},\"query-input\":\"required name=search_term_string\"}],\"inLanguage\":\"ca\"},{\"@type\":\"Organization\",\"@id\":\"https:\/\/dev.93-93-113-41.plesk.page\/ca\/#organization\",\"name\":\"Servidigest\",\"url\":\"https:\/\/dev.93-93-113-41.plesk.page\/ca\/\",\"logo\":{\"@type\":\"ImageObject\",\"inLanguage\":\"ca\",\"@id\":\"https:\/\/dev.93-93-113-41.plesk.page\/ca\/#\/schema\/logo\/image\/\",\"url\":\"https:\/\/dev.93-93-113-41.plesk.page\/wp-content\/uploads\/2024\/01\/servidigest.png\",\"contentUrl\":\"https:\/\/dev.93-93-113-41.plesk.page\/wp-content\/uploads\/2024\/01\/servidigest.png\",\"width\":808,\"height\":88,\"caption\":\"Servidigest\"},\"image\":{\"@id\":\"https:\/\/dev.93-93-113-41.plesk.page\/ca\/#\/schema\/logo\/image\/\"},\"sameAs\":[\"https:\/\/www.facebook.com\/servidigest\",\"https:\/\/x.com\/servidigest\"]}]}<\/script>\n<!-- \/ Yoast SEO plugin. -->","yoast_head_json":{"title":"Qu\u00e8 \u00e9s el C\u00e0ncer de C\u00f2lon? - Servidigest","description":"El C\u00e1ncer de C\u00f2lon \u00e9s la degeneraci\u00f3 maligna d\u2019algun dels estrats de la paret del budell, generalment l'epiteli de la mucosa (adenocarcinoma).","robots":{"index":"index","follow":"follow","max-snippet":"max-snippet:-1","max-image-preview":"max-image-preview:large","max-video-preview":"max-video-preview:-1"},"canonical":"https:\/\/dev.93-93-113-41.plesk.page\/ca\/serveis\/aparell-digestiu\/cancer-de-colon-i-recte\/que-es\/","og_locale":"ca_ES","og_type":"article","og_title":"Qu\u00e8 \u00e9s el C\u00e0ncer de C\u00f2lon? - Servidigest","og_description":"El C\u00e1ncer de C\u00f2lon \u00e9s la degeneraci\u00f3 maligna d\u2019algun dels estrats de la paret del budell, generalment l'epiteli de la mucosa (adenocarcinoma).","og_url":"https:\/\/dev.93-93-113-41.plesk.page\/ca\/serveis\/aparell-digestiu\/cancer-de-colon-i-recte\/que-es\/","og_site_name":"Servidigest","article_publisher":"https:\/\/www.facebook.com\/servidigest","article_modified_time":"2024-02-26T16:10:03+00:00","twitter_card":"summary_large_image","twitter_site":"@servidigest","schema":{"@context":"https:\/\/schema.org","@graph":[{"@type":"WebPage","@id":"https:\/\/dev.93-93-113-41.plesk.page\/ca\/serveis\/aparell-digestiu\/cancer-de-colon-i-recte\/que-es\/","url":"https:\/\/dev.93-93-113-41.plesk.page\/ca\/serveis\/aparell-digestiu\/cancer-de-colon-i-recte\/que-es\/","name":"Qu\u00e8 \u00e9s el C\u00e0ncer de C\u00f2lon? - Servidigest","isPartOf":{"@id":"https:\/\/dev.93-93-113-41.plesk.page\/ca\/#website"},"datePublished":"2014-06-12T11:34:55+00:00","dateModified":"2024-02-26T16:10:03+00:00","description":"El C\u00e1ncer de C\u00f2lon \u00e9s la degeneraci\u00f3 maligna d\u2019algun dels estrats de la paret del budell, generalment l'epiteli de la mucosa (adenocarcinoma).","breadcrumb":{"@id":"https:\/\/dev.93-93-113-41.plesk.page\/ca\/serveis\/aparell-digestiu\/cancer-de-colon-i-recte\/que-es\/#breadcrumb"},"inLanguage":"ca","potentialAction":[{"@type":"ReadAction","target":["https:\/\/dev.93-93-113-41.plesk.page\/ca\/serveis\/aparell-digestiu\/cancer-de-colon-i-recte\/que-es\/"]}]},{"@type":"BreadcrumbList","@id":"https:\/\/dev.93-93-113-41.plesk.page\/ca\/serveis\/aparell-digestiu\/cancer-de-colon-i-recte\/que-es\/#breadcrumb","itemListElement":[{"@type":"ListItem","position":1,"name":"Serveis M\u00e8dics de Cl\u00ednica ServiDigest","item":"https:\/\/dev.93-93-113-41.plesk.page\/ca\/servicios\/"},{"@type":"ListItem","position":2,"name":"Aparell digestiu","item":"https:\/\/dev.93-93-113-41.plesk.page\/ca\/servicios\/aparato-digestivo\/"},{"@type":"ListItem","position":3,"name":"C\u00e0ncer de C\u00f2lon i Recte","item":"https:\/\/dev.93-93-113-41.plesk.page\/ca\/servicios\/aparato-digestivo\/cancer-de-colon\/"},{"@type":"ListItem","position":4,"name":"Qu\u00e8 \u00e9s el C\u00e0ncer de C\u00f2lon?"}]},{"@type":"WebSite","@id":"https:\/\/dev.93-93-113-41.plesk.page\/ca\/#website","url":"https:\/\/dev.93-93-113-41.plesk.page\/ca\/","name":"Servidigest","description":"","publisher":{"@id":"https:\/\/dev.93-93-113-41.plesk.page\/ca\/#organization"},"potentialAction":[{"@type":"SearchAction","target":{"@type":"EntryPoint","urlTemplate":"https:\/\/dev.93-93-113-41.plesk.page\/ca\/?s={search_term_string}"},"query-input":"required name=search_term_string"}],"inLanguage":"ca"},{"@type":"Organization","@id":"https:\/\/dev.93-93-113-41.plesk.page\/ca\/#organization","name":"Servidigest","url":"https:\/\/dev.93-93-113-41.plesk.page\/ca\/","logo":{"@type":"ImageObject","inLanguage":"ca","@id":"https:\/\/dev.93-93-113-41.plesk.page\/ca\/#\/schema\/logo\/image\/","url":"https:\/\/dev.93-93-113-41.plesk.page\/wp-content\/uploads\/2024\/01\/servidigest.png","contentUrl":"https:\/\/dev.93-93-113-41.plesk.page\/wp-content\/uploads\/2024\/01\/servidigest.png","width":808,"height":88,"caption":"Servidigest"},"image":{"@id":"https:\/\/dev.93-93-113-41.plesk.page\/ca\/#\/schema\/logo\/image\/"},"sameAs":["https:\/\/www.facebook.com\/servidigest","https:\/\/x.com\/servidigest"]}]}},"_links":{"self":[{"href":"https:\/\/dev.93-93-113-41.plesk.page\/ca\/wp-json\/wp\/v2\/pages\/694","targetHints":{"allow":["GET"]}}],"collection":[{"href":"https:\/\/dev.93-93-113-41.plesk.page\/ca\/wp-json\/wp\/v2\/pages"}],"about":[{"href":"https:\/\/dev.93-93-113-41.plesk.page\/ca\/wp-json\/wp\/v2\/types\/page"}],"author":[{"embeddable":true,"href":"https:\/\/dev.93-93-113-41.plesk.page\/ca\/wp-json\/wp\/v2\/users\/1"}],"replies":[{"embeddable":true,"href":"https:\/\/dev.93-93-113-41.plesk.page\/ca\/wp-json\/wp\/v2\/comments?post=694"}],"version-history":[{"count":1,"href":"https:\/\/dev.93-93-113-41.plesk.page\/ca\/wp-json\/wp\/v2\/pages\/694\/revisions"}],"predecessor-version":[{"id":34672,"href":"https:\/\/dev.93-93-113-41.plesk.page\/ca\/wp-json\/wp\/v2\/pages\/694\/revisions\/34672"}],"up":[{"embeddable":true,"href":"https:\/\/dev.93-93-113-41.plesk.page\/ca\/wp-json\/wp\/v2\/pages\/692"}],"wp:attachment":[{"href":"https:\/\/dev.93-93-113-41.plesk.page\/ca\/wp-json\/wp\/v2\/media?parent=694"}],"curies":[{"name":"wp","href":"https:\/\/api.w.org\/{rel}","templated":true}]}}