{"id":692,"date":"2014-06-12T11:29:27","date_gmt":"2014-06-12T11:29:27","guid":{"rendered":"https:\/\/dev.93-93-113-41.plesk.page\/?page_id=692"},"modified":"2024-05-08T10:12:53","modified_gmt":"2024-05-08T08:12:53","slug":"cancer-de-colon-i-recte","status":"publish","type":"page","link":"https:\/\/dev.93-93-113-41.plesk.page\/ca\/serveis\/aparell-digestiu\/cancer-de-colon-i-recte\/","title":{"rendered":"C\u00e0ncer de C\u00f2lon i Recte"},"content":{"rendered":"<p><strong>El C\u00e0ncer de C\u00f2lon i Recte \u00e9s un dels c\u00e0ncers m\u00e9s freq\u00fcents entre els homes i dones en l&#8217;actualitat.<\/strong><\/p>\n<p>Encara que no es coneix la causa \u00faltima responsable del c\u00e0ncer de c\u00f2lon i recte o colorectal, existeixen actualment m\u00e8todes preventius efica\u00e7os i un tractament curatiu en la majoria de casos.<\/p>\n<p>La Colonosc\u00f2pia \u00e9s el procediment fonamental per a diagnosticar i tractar la majoria de les lesions pre-malignes del c\u00f2lon.<\/p>\n<p>El C\u00e0ncer de C\u00f2lon i Recte o C\u00e0ncer Colorectal (CCR) suposa un important problema de salut p\u00fablica a causa de la seva alta freq\u00fc\u00e8ncia d&#8217;aparici\u00f3 i a la seva mortalitat.<br \/>\nAls pa\u00efsos desenvolupats, \u00e9s el segon tipus de c\u00e0ncer m\u00e9s freq\u00fcent despr\u00e9s del de pulm\u00f3 al bar\u00f3 i del de mama a la dona, ocupant el primer lloc quan es consideren ambd\u00f3s sexes conjuntament.<\/p>\n<p>La cura del C\u00e0ncer de C\u00f2lon dep\u00e8n fonamentalment de l&#8217;estadi en el qual es diagnostica. Si es detecta en fases inicials, s&#8217;aconsegueix una cura complerta en la majoria dels casos, per\u00f2 quan es diagnostica en fases avan\u00e7ades nom\u00e9s un petit percentatge de pacients sobreviuen als 5 anys.<\/p>\n<p>Vols m\u00e9s informaci\u00f3? Et poden interessar &#8230;<\/p>\n<p>Com \u00e9s el C\u00e0ncer de C\u00f2lon? T&#8217;expliquem <a href=\"\/?page_id=694\">qu\u00e8 \u00e9s el c\u00e0ncer de c\u00f2lon<\/a>.<\/p>\n<p>Com apareix el C\u00e0ncer de C\u00f2lon? <a href=\"\/?page_id=697\">Factors de risc.<\/a><\/p>\n<p>Com diagnosticar-lo? <a href=\"\/?page_id=701\">Diagn\u00f2stic del c\u00e0ncer de c\u00f2lon.<\/a><\/p>\n<p>Com tractar el C\u00e0ncer de C\u00f2lon? <a href=\"\/?page_id=703\">Tractament.<\/a><\/p>\n","protected":false},"excerpt":{"rendered":"<div class=\"mh-excerpt\"><p>El C\u00e0ncer de C\u00f2lon i Recte \u00e9s un dels c\u00e0ncers m\u00e9s freq\u00fcents entre els homes i dones en l&#8217;actualitat. Encara que no es coneix la causa \u00faltima responsable del c\u00e0ncer de c\u00f2lon i recte o <a class=\"mh-excerpt-more\" href=\"https:\/\/dev.93-93-113-41.plesk.page\/ca\/serveis\/aparell-digestiu\/cancer-de-colon-i-recte\/\" title=\"C\u00e0ncer de C\u00f2lon i Recte\">[&#8230;]<\/a><\/p>\n<\/div>","protected":false},"author":1,"featured_media":39162,"parent":34536,"menu_order":2,"comment_status":"closed","ping_status":"closed","template":"","meta":{"footnotes":""},"class_list":["post-692","page","type-page","status-publish","has-post-thumbnail"],"yoast_head":"<!-- This site is optimized with the Yoast SEO plugin v22.6 - https:\/\/yoast.com\/wordpress\/plugins\/seo\/ -->\n<title>C\u00e0ncer de c\u00f2lon i recte - Cl\u00ednica ServiDigest - Barcelona<\/title>\n<meta name=\"description\" content=\"El C\u00e0ncer de C\u00f2lon i Recte \u00e9s un dels c\u00e0ncers m\u00e9s freq\u00fcents. S\u00f3n fonamentals les mesures preventives i el diagn\u00f2stic preco\u00e7 per disminuir el risc\" \/>\n<meta name=\"robots\" content=\"index, follow, max-snippet:-1, max-image-preview:large, max-video-preview:-1\" \/>\n<link rel=\"canonical\" href=\"https:\/\/dev.93-93-113-41.plesk.page\/ca\/serveis\/aparell-digestiu\/cancer-de-colon-i-recte\/\" \/>\n<meta property=\"og:locale\" content=\"ca_ES\" \/>\n<meta property=\"og:type\" content=\"article\" \/>\n<meta property=\"og:title\" content=\"C\u00e0ncer de c\u00f2lon i recte - Cl\u00ednica ServiDigest - Barcelona\" \/>\n<meta property=\"og:description\" content=\"El C\u00e0ncer de C\u00f2lon i Recte \u00e9s un dels c\u00e0ncers m\u00e9s freq\u00fcents. S\u00f3n fonamentals les mesures preventives i el diagn\u00f2stic preco\u00e7 per disminuir el risc\" \/>\n<meta property=\"og:url\" content=\"https:\/\/dev.93-93-113-41.plesk.page\/ca\/serveis\/aparell-digestiu\/cancer-de-colon-i-recte\/\" \/>\n<meta property=\"og:site_name\" content=\"Servidigest\" \/>\n<meta property=\"article:publisher\" content=\"https:\/\/www.facebook.com\/servidigest\" \/>\n<meta property=\"article:modified_time\" content=\"2024-05-08T08:12:53+00:00\" \/>\n<meta property=\"og:image\" content=\"https:\/\/dev.93-93-113-41.plesk.page\/wp-content\/uploads\/2024\/05\/5-patologias-Aparato-Digestivo.jpg\" \/>\n\t<meta property=\"og:image:width\" content=\"1644\" \/>\n\t<meta property=\"og:image:height\" content=\"700\" \/>\n\t<meta property=\"og:image:type\" content=\"image\/jpeg\" \/>\n<meta name=\"twitter:card\" content=\"summary_large_image\" \/>\n<meta name=\"twitter:site\" content=\"@servidigest\" \/>\n<meta name=\"twitter:label1\" content=\"Est. reading time\" \/>\n\t<meta name=\"twitter:data1\" content=\"1 minute\" \/>\n<script type=\"application\/ld+json\" class=\"yoast-schema-graph\">{\"@context\":\"https:\/\/schema.org\",\"@graph\":[{\"@type\":\"WebPage\",\"@id\":\"https:\/\/dev.93-93-113-41.plesk.page\/ca\/serveis\/aparell-digestiu\/cancer-de-colon-i-recte\/\",\"url\":\"https:\/\/dev.93-93-113-41.plesk.page\/ca\/serveis\/aparell-digestiu\/cancer-de-colon-i-recte\/\",\"name\":\"C\u00e0ncer de c\u00f2lon i recte - Cl\u00ednica ServiDigest - Barcelona\",\"isPartOf\":{\"@id\":\"https:\/\/dev.93-93-113-41.plesk.page\/ca\/#website\"},\"primaryImageOfPage\":{\"@id\":\"https:\/\/dev.93-93-113-41.plesk.page\/ca\/serveis\/aparell-digestiu\/cancer-de-colon-i-recte\/#primaryimage\"},\"image\":{\"@id\":\"https:\/\/dev.93-93-113-41.plesk.page\/ca\/serveis\/aparell-digestiu\/cancer-de-colon-i-recte\/#primaryimage\"},\"thumbnailUrl\":\"https:\/\/dev.93-93-113-41.plesk.page\/wp-content\/uploads\/2024\/05\/5-patologias-Aparato-Digestivo.jpg\",\"datePublished\":\"2014-06-12T11:29:27+00:00\",\"dateModified\":\"2024-05-08T08:12:53+00:00\",\"description\":\"El C\u00e0ncer de C\u00f2lon i Recte \u00e9s un dels c\u00e0ncers m\u00e9s freq\u00fcents. S\u00f3n fonamentals les mesures preventives i el diagn\u00f2stic preco\u00e7 per disminuir el risc\",\"breadcrumb\":{\"@id\":\"https:\/\/dev.93-93-113-41.plesk.page\/ca\/serveis\/aparell-digestiu\/cancer-de-colon-i-recte\/#breadcrumb\"},\"inLanguage\":\"ca\",\"potentialAction\":[{\"@type\":\"ReadAction\",\"target\":[\"https:\/\/dev.93-93-113-41.plesk.page\/ca\/serveis\/aparell-digestiu\/cancer-de-colon-i-recte\/\"]}]},{\"@type\":\"ImageObject\",\"inLanguage\":\"ca\",\"@id\":\"https:\/\/dev.93-93-113-41.plesk.page\/ca\/serveis\/aparell-digestiu\/cancer-de-colon-i-recte\/#primaryimage\",\"url\":\"https:\/\/dev.93-93-113-41.plesk.page\/wp-content\/uploads\/2024\/05\/5-patologias-Aparato-Digestivo.jpg\",\"contentUrl\":\"https:\/\/dev.93-93-113-41.plesk.page\/wp-content\/uploads\/2024\/05\/5-patologias-Aparato-Digestivo.jpg\",\"width\":1644,\"height\":700},{\"@type\":\"BreadcrumbList\",\"@id\":\"https:\/\/dev.93-93-113-41.plesk.page\/ca\/serveis\/aparell-digestiu\/cancer-de-colon-i-recte\/#breadcrumb\",\"itemListElement\":[{\"@type\":\"ListItem\",\"position\":1,\"name\":\"Serveis M\u00e8dics de Cl\u00ednica ServiDigest\",\"item\":\"https:\/\/dev.93-93-113-41.plesk.page\/ca\/servicios\/\"},{\"@type\":\"ListItem\",\"position\":2,\"name\":\"Aparell digestiu\",\"item\":\"https:\/\/dev.93-93-113-41.plesk.page\/ca\/servicios\/aparato-digestivo\/\"},{\"@type\":\"ListItem\",\"position\":3,\"name\":\"C\u00e0ncer de C\u00f2lon i Recte\"}]},{\"@type\":\"WebSite\",\"@id\":\"https:\/\/dev.93-93-113-41.plesk.page\/ca\/#website\",\"url\":\"https:\/\/dev.93-93-113-41.plesk.page\/ca\/\",\"name\":\"Servidigest\",\"description\":\"\",\"publisher\":{\"@id\":\"https:\/\/dev.93-93-113-41.plesk.page\/ca\/#organization\"},\"potentialAction\":[{\"@type\":\"SearchAction\",\"target\":{\"@type\":\"EntryPoint\",\"urlTemplate\":\"https:\/\/dev.93-93-113-41.plesk.page\/ca\/?s={search_term_string}\"},\"query-input\":\"required name=search_term_string\"}],\"inLanguage\":\"ca\"},{\"@type\":\"Organization\",\"@id\":\"https:\/\/dev.93-93-113-41.plesk.page\/ca\/#organization\",\"name\":\"Servidigest\",\"url\":\"https:\/\/dev.93-93-113-41.plesk.page\/ca\/\",\"logo\":{\"@type\":\"ImageObject\",\"inLanguage\":\"ca\",\"@id\":\"https:\/\/dev.93-93-113-41.plesk.page\/ca\/#\/schema\/logo\/image\/\",\"url\":\"https:\/\/dev.93-93-113-41.plesk.page\/wp-content\/uploads\/2024\/01\/servidigest.png\",\"contentUrl\":\"https:\/\/dev.93-93-113-41.plesk.page\/wp-content\/uploads\/2024\/01\/servidigest.png\",\"width\":808,\"height\":88,\"caption\":\"Servidigest\"},\"image\":{\"@id\":\"https:\/\/dev.93-93-113-41.plesk.page\/ca\/#\/schema\/logo\/image\/\"},\"sameAs\":[\"https:\/\/www.facebook.com\/servidigest\",\"https:\/\/x.com\/servidigest\"]}]}<\/script>\n<!-- \/ Yoast SEO plugin. -->","yoast_head_json":{"title":"C\u00e0ncer de c\u00f2lon i recte - Cl\u00ednica ServiDigest - Barcelona","description":"El C\u00e0ncer de C\u00f2lon i Recte \u00e9s un dels c\u00e0ncers m\u00e9s freq\u00fcents. S\u00f3n fonamentals les mesures preventives i el diagn\u00f2stic preco\u00e7 per disminuir el risc","robots":{"index":"index","follow":"follow","max-snippet":"max-snippet:-1","max-image-preview":"max-image-preview:large","max-video-preview":"max-video-preview:-1"},"canonical":"https:\/\/dev.93-93-113-41.plesk.page\/ca\/serveis\/aparell-digestiu\/cancer-de-colon-i-recte\/","og_locale":"ca_ES","og_type":"article","og_title":"C\u00e0ncer de c\u00f2lon i recte - Cl\u00ednica ServiDigest - Barcelona","og_description":"El C\u00e0ncer de C\u00f2lon i Recte \u00e9s un dels c\u00e0ncers m\u00e9s freq\u00fcents. S\u00f3n fonamentals les mesures preventives i el diagn\u00f2stic preco\u00e7 per disminuir el risc","og_url":"https:\/\/dev.93-93-113-41.plesk.page\/ca\/serveis\/aparell-digestiu\/cancer-de-colon-i-recte\/","og_site_name":"Servidigest","article_publisher":"https:\/\/www.facebook.com\/servidigest","article_modified_time":"2024-05-08T08:12:53+00:00","og_image":[{"width":1644,"height":700,"url":"https:\/\/dev.93-93-113-41.plesk.page\/wp-content\/uploads\/2024\/05\/5-patologias-Aparato-Digestivo.jpg","type":"image\/jpeg"}],"twitter_card":"summary_large_image","twitter_site":"@servidigest","twitter_misc":{"Est. reading time":"1 minute"},"schema":{"@context":"https:\/\/schema.org","@graph":[{"@type":"WebPage","@id":"https:\/\/dev.93-93-113-41.plesk.page\/ca\/serveis\/aparell-digestiu\/cancer-de-colon-i-recte\/","url":"https:\/\/dev.93-93-113-41.plesk.page\/ca\/serveis\/aparell-digestiu\/cancer-de-colon-i-recte\/","name":"C\u00e0ncer de c\u00f2lon i recte - Cl\u00ednica ServiDigest - Barcelona","isPartOf":{"@id":"https:\/\/dev.93-93-113-41.plesk.page\/ca\/#website"},"primaryImageOfPage":{"@id":"https:\/\/dev.93-93-113-41.plesk.page\/ca\/serveis\/aparell-digestiu\/cancer-de-colon-i-recte\/#primaryimage"},"image":{"@id":"https:\/\/dev.93-93-113-41.plesk.page\/ca\/serveis\/aparell-digestiu\/cancer-de-colon-i-recte\/#primaryimage"},"thumbnailUrl":"https:\/\/dev.93-93-113-41.plesk.page\/wp-content\/uploads\/2024\/05\/5-patologias-Aparato-Digestivo.jpg","datePublished":"2014-06-12T11:29:27+00:00","dateModified":"2024-05-08T08:12:53+00:00","description":"El C\u00e0ncer de C\u00f2lon i Recte \u00e9s un dels c\u00e0ncers m\u00e9s freq\u00fcents. S\u00f3n fonamentals les mesures preventives i el diagn\u00f2stic preco\u00e7 per disminuir el risc","breadcrumb":{"@id":"https:\/\/dev.93-93-113-41.plesk.page\/ca\/serveis\/aparell-digestiu\/cancer-de-colon-i-recte\/#breadcrumb"},"inLanguage":"ca","potentialAction":[{"@type":"ReadAction","target":["https:\/\/dev.93-93-113-41.plesk.page\/ca\/serveis\/aparell-digestiu\/cancer-de-colon-i-recte\/"]}]},{"@type":"ImageObject","inLanguage":"ca","@id":"https:\/\/dev.93-93-113-41.plesk.page\/ca\/serveis\/aparell-digestiu\/cancer-de-colon-i-recte\/#primaryimage","url":"https:\/\/dev.93-93-113-41.plesk.page\/wp-content\/uploads\/2024\/05\/5-patologias-Aparato-Digestivo.jpg","contentUrl":"https:\/\/dev.93-93-113-41.plesk.page\/wp-content\/uploads\/2024\/05\/5-patologias-Aparato-Digestivo.jpg","width":1644,"height":700},{"@type":"BreadcrumbList","@id":"https:\/\/dev.93-93-113-41.plesk.page\/ca\/serveis\/aparell-digestiu\/cancer-de-colon-i-recte\/#breadcrumb","itemListElement":[{"@type":"ListItem","position":1,"name":"Serveis M\u00e8dics de Cl\u00ednica ServiDigest","item":"https:\/\/dev.93-93-113-41.plesk.page\/ca\/servicios\/"},{"@type":"ListItem","position":2,"name":"Aparell digestiu","item":"https:\/\/dev.93-93-113-41.plesk.page\/ca\/servicios\/aparato-digestivo\/"},{"@type":"ListItem","position":3,"name":"C\u00e0ncer de C\u00f2lon i Recte"}]},{"@type":"WebSite","@id":"https:\/\/dev.93-93-113-41.plesk.page\/ca\/#website","url":"https:\/\/dev.93-93-113-41.plesk.page\/ca\/","name":"Servidigest","description":"","publisher":{"@id":"https:\/\/dev.93-93-113-41.plesk.page\/ca\/#organization"},"potentialAction":[{"@type":"SearchAction","target":{"@type":"EntryPoint","urlTemplate":"https:\/\/dev.93-93-113-41.plesk.page\/ca\/?s={search_term_string}"},"query-input":"required name=search_term_string"}],"inLanguage":"ca"},{"@type":"Organization","@id":"https:\/\/dev.93-93-113-41.plesk.page\/ca\/#organization","name":"Servidigest","url":"https:\/\/dev.93-93-113-41.plesk.page\/ca\/","logo":{"@type":"ImageObject","inLanguage":"ca","@id":"https:\/\/dev.93-93-113-41.plesk.page\/ca\/#\/schema\/logo\/image\/","url":"https:\/\/dev.93-93-113-41.plesk.page\/wp-content\/uploads\/2024\/01\/servidigest.png","contentUrl":"https:\/\/dev.93-93-113-41.plesk.page\/wp-content\/uploads\/2024\/01\/servidigest.png","width":808,"height":88,"caption":"Servidigest"},"image":{"@id":"https:\/\/dev.93-93-113-41.plesk.page\/ca\/#\/schema\/logo\/image\/"},"sameAs":["https:\/\/www.facebook.com\/servidigest","https:\/\/x.com\/servidigest"]}]}},"_links":{"self":[{"href":"https:\/\/dev.93-93-113-41.plesk.page\/ca\/wp-json\/wp\/v2\/pages\/692","targetHints":{"allow":["GET"]}}],"collection":[{"href":"https:\/\/dev.93-93-113-41.plesk.page\/ca\/wp-json\/wp\/v2\/pages"}],"about":[{"href":"https:\/\/dev.93-93-113-41.plesk.page\/ca\/wp-json\/wp\/v2\/types\/page"}],"author":[{"embeddable":true,"href":"https:\/\/dev.93-93-113-41.plesk.page\/ca\/wp-json\/wp\/v2\/users\/1"}],"replies":[{"embeddable":true,"href":"https:\/\/dev.93-93-113-41.plesk.page\/ca\/wp-json\/wp\/v2\/comments?post=692"}],"version-history":[{"count":1,"href":"https:\/\/dev.93-93-113-41.plesk.page\/ca\/wp-json\/wp\/v2\/pages\/692\/revisions"}],"predecessor-version":[{"id":34668,"href":"https:\/\/dev.93-93-113-41.plesk.page\/ca\/wp-json\/wp\/v2\/pages\/692\/revisions\/34668"}],"up":[{"embeddable":true,"href":"https:\/\/dev.93-93-113-41.plesk.page\/ca\/wp-json\/wp\/v2\/pages\/34536"}],"wp:featuredmedia":[{"embeddable":true,"href":"https:\/\/dev.93-93-113-41.plesk.page\/ca\/wp-json\/wp\/v2\/media\/39162"}],"wp:attachment":[{"href":"https:\/\/dev.93-93-113-41.plesk.page\/ca\/wp-json\/wp\/v2\/media?parent=692"}],"curies":[{"name":"wp","href":"https:\/\/api.w.org\/{rel}","templated":true}]}}