{"id":40322,"date":"2024-05-23T12:51:55","date_gmt":"2024-05-23T10:51:55","guid":{"rendered":"https:\/\/dev.93-93-113-41.plesk.page\/tecnicas-de-biofeedback\/"},"modified":"2024-05-23T12:56:55","modified_gmt":"2024-05-23T10:56:55","slug":"tecniques-de-biofeedback","status":"publish","type":"page","link":"https:\/\/dev.93-93-113-41.plesk.page\/ca\/serveis\/proves-funcionals-digestives\/tecniques-de-biofeedback\/","title":{"rendered":"T\u00e8cniques de Biofeedback"},"content":{"rendered":"\n<p>Les T\u00e8cniques de Biofeedback \u00e9s un m\u00e8tode de rehabilitaci\u00f3 utilitzat per al tractament del restrenyiment, incontin\u00e8ncia, encopresi o d&#8217;altres alteracions en el s\u00f2l pelvi\u00e0.<\/p>\n\n\n\n<p>Actualment, ha augmentat el nombre de pacients que presenten p\u00e8rdua en la capacitat de controlar volunt\u00e0riament l&#8217;evacuaci\u00f3 del contingut fecal.<\/p>\n\n\n\n<p>L&#8217;equip m\u00e8dic especialista en l&#8217;<a href=\"\/?page_id=22\">Aparell Digestiu<\/a> de Cl\u00ednica ServiDigest, realitza una valoraci\u00f3 de la patologia que presenta el pacient, practicant una manometria anorectal pr\u00e8via per identificar la necessitat del biofeedback o b\u00e9 d\u2019un altre tractament m\u00e9s adequat per al seu cas.<\/p>\n\n\n\n<h4 class=\"wp-block-heading\">T\u00e8cniques de Biofeedback. En qu\u00e8 consisteix?<\/h4>\n\n\n\n<p>Segons les necessitats personals de cada cas, el metge especialista determina uns exercicis espec\u00edfics guiats per ordinador.<br>Els especialistes de Cl\u00ednica ServiDigest disenyen a m\u00e9s, exercicis personalitzats perqu\u00e8 el pacient pugui realitzar en el seu domicili, que ajuden a refor\u00e7ar l&#8217;\u00e8xit del tractament.<\/p>\n\n\n\n<p>Les T\u00e8cniques de Biofeedback no presenten contraindicacions i es pot practicar a tots els pacients, independentment de la seva edat i estat f\u00edsic, tenint en compte que cal una m\u00ednima for\u00e7a de contenci\u00f3 i certa sensibilitat rectal.<\/p>\n\n\n\n<p>Aquest tractament no \u00e9s doloros. Durant la seva pr\u00e0ctica pot notar-se certa sensaci\u00f3 de necessitat de defecar (tenesme), per\u00f2 de forma lleu i transit\u00f2ria.<\/p>\n\n\n\n<h4 class=\"wp-block-heading\">T\u00e8cniques de Biofeedback. Indicacions<\/h4>\n\n\n\n<p>Restrenyiment:<\/p>\n\n\n\n<p>Les T\u00e8cniques de Biofeedback s\u00f3n \u00fatils en la majoria de pacients amb restrenyiment cr\u00f2nic funcional, b\u00e9 perqu\u00e8 mantenen durant molt de temps dificultats per expulsar la femta o per falta de sentit de la necessitat defecat\u00f2ria.<\/p>\n\n\n\n<p>Incontin\u00e8ncia:<\/p>\n\n\n\n<p>\u00c9s un tractament amb un elevat nivell d&#8217;\u00e8xit en qualsevol tipus d&#8217;incontin\u00e8ncia, sobretot quan hi ha falta de for\u00e7a en la musculatura.<\/p>\n\n\n\n<p>Encopresi:<\/p>\n\n\n\n<p>En el cas d&#8217;incontin\u00e8ncia fecal sense ra\u00f3 org\u00e0nica (encopresi), les t\u00e8cniques de biofeedback \u00e9s un tractament efica\u00e7 per aconseguir refor\u00e7ar la musculatura.<\/p>\n\n\n\n<p>Cl\u00ednica ServiDigest disposa d&#8217;una unitat especialitzada per realitzar el control i tractament d&#8217;aquest tipus de trastorns del sistema digestiu.<\/p>\n\n\n<div class=\"woocommerce \"><ul class=\"products columns-4\">\n<li class=\"product type-product post-38358 status-publish first instock product_cat-proves-mediques has-post-thumbnail virtual purchasable product-type-simple\">\n\t<a href=\"https:\/\/dev.93-93-113-41.plesk.page\/ca\/producte\/biofeedback-anus-rectal\/\" class=\"woocommerce-LoopProduct-link woocommerce-loop-product__link\"><img fetchpriority=\"high\" decoding=\"async\" width=\"300\" height=\"300\" src=\"https:\/\/dev.93-93-113-41.plesk.page\/wp-content\/uploads\/2016\/02\/comprar-biofeedback-anorectal-300x300.jpg\" class=\"attachment-woocommerce_thumbnail size-woocommerce_thumbnail\" alt=\"comprar biofeedback anorectal\" srcset=\"https:\/\/dev.93-93-113-41.plesk.page\/wp-content\/uploads\/2016\/02\/comprar-biofeedback-anorectal-300x300.jpg 300w, https:\/\/dev.93-93-113-41.plesk.page\/wp-content\/uploads\/2016\/02\/comprar-biofeedback-anorectal-100x100.jpg 100w, https:\/\/dev.93-93-113-41.plesk.page\/wp-content\/uploads\/2016\/02\/comprar-biofeedback-anorectal-150x150.jpg 150w\" sizes=\"(max-width: 300px) 100vw, 300px\" \/><h2 class=\"woocommerce-loop-product__title\">Biofeedback anus-rectal<\/h2>\n\t<span class=\"price\"><span class=\"woocommerce-Price-amount amount\"><bdi>250,00&nbsp;<span class=\"woocommerce-Price-currencySymbol\">&euro;<\/span><\/bdi><\/span><\/span>\n<\/a><a href=\"?add-to-cart=38358\" data-quantity=\"1\" class=\"button product_type_simple add_to_cart_button ajax_add_to_cart\" data-product_id=\"38358\" data-product_sku=\"BIOFEEDBACK\" aria-label=\"Add to cart: &ldquo;Biofeedback anus-rectal&rdquo;\" aria-describedby=\"\" rel=\"nofollow\">Afegeix a la cistella<\/a><\/li>\n<\/ul>\n<\/div>\n","protected":false},"excerpt":{"rendered":"<div class=\"mh-excerpt\"><p>Les T\u00e8cniques de Biofeedback \u00e9s un m\u00e8tode de rehabilitaci\u00f3 utilitzat per al tractament del restrenyiment, incontin\u00e8ncia, encopresi o d&#8217;altres alteracions en el s\u00f2l pelvi\u00e0. Actualment, ha augmentat el nombre de pacients que presenten p\u00e8rdua en <a class=\"mh-excerpt-more\" href=\"https:\/\/dev.93-93-113-41.plesk.page\/ca\/serveis\/proves-funcionals-digestives\/tecniques-de-biofeedback\/\" title=\"T\u00e8cniques de Biofeedback\">[&#8230;]<\/a><\/p>\n<\/div>","protected":false},"author":1,"featured_media":0,"parent":131,"menu_order":0,"comment_status":"closed","ping_status":"closed","template":"","meta":{"footnotes":""},"class_list":["post-40322","page","type-page","status-publish"],"yoast_head":"<!-- This site is optimized with the Yoast SEO plugin v22.6 - https:\/\/yoast.com\/wordpress\/plugins\/seo\/ -->\n<title>T\u00e8cniques de Biofeedback - Servidigest<\/title>\n<meta name=\"robots\" content=\"index, follow, max-snippet:-1, max-image-preview:large, max-video-preview:-1\" \/>\n<link rel=\"canonical\" href=\"https:\/\/dev.93-93-113-41.plesk.page\/ca\/serveis\/proves-funcionals-digestives\/tecniques-de-biofeedback\/\" \/>\n<meta property=\"og:locale\" content=\"ca_ES\" \/>\n<meta property=\"og:type\" content=\"article\" \/>\n<meta property=\"og:title\" content=\"T\u00e8cniques de Biofeedback - Servidigest\" \/>\n<meta property=\"og:description\" content=\"Les T\u00e8cniques de Biofeedback \u00e9s un m\u00e8tode de rehabilitaci\u00f3 utilitzat per al tractament del restrenyiment, incontin\u00e8ncia, encopresi o d&#8217;altres alteracions en el s\u00f2l pelvi\u00e0. Actualment, ha augmentat el nombre de pacients que presenten p\u00e8rdua en [...]\" \/>\n<meta property=\"og:url\" content=\"https:\/\/dev.93-93-113-41.plesk.page\/ca\/serveis\/proves-funcionals-digestives\/tecniques-de-biofeedback\/\" \/>\n<meta property=\"og:site_name\" content=\"Servidigest\" \/>\n<meta property=\"article:publisher\" content=\"https:\/\/www.facebook.com\/servidigest\" \/>\n<meta property=\"article:modified_time\" content=\"2024-05-23T10:56:55+00:00\" \/>\n<meta name=\"twitter:card\" content=\"summary_large_image\" \/>\n<meta name=\"twitter:site\" content=\"@servidigest\" \/>\n<meta name=\"twitter:label1\" content=\"Est. reading time\" \/>\n\t<meta name=\"twitter:data1\" content=\"2 minutes\" \/>\n<script type=\"application\/ld+json\" class=\"yoast-schema-graph\">{\"@context\":\"https:\/\/schema.org\",\"@graph\":[{\"@type\":\"WebPage\",\"@id\":\"https:\/\/dev.93-93-113-41.plesk.page\/ca\/serveis\/proves-funcionals-digestives\/tecniques-de-biofeedback\/\",\"url\":\"https:\/\/dev.93-93-113-41.plesk.page\/ca\/serveis\/proves-funcionals-digestives\/tecniques-de-biofeedback\/\",\"name\":\"T\u00e8cniques de Biofeedback - Servidigest\",\"isPartOf\":{\"@id\":\"https:\/\/dev.93-93-113-41.plesk.page\/ca\/#website\"},\"datePublished\":\"2024-05-23T10:51:55+00:00\",\"dateModified\":\"2024-05-23T10:56:55+00:00\",\"breadcrumb\":{\"@id\":\"https:\/\/dev.93-93-113-41.plesk.page\/ca\/serveis\/proves-funcionals-digestives\/tecniques-de-biofeedback\/#breadcrumb\"},\"inLanguage\":\"ca\",\"potentialAction\":[{\"@type\":\"ReadAction\",\"target\":[\"https:\/\/dev.93-93-113-41.plesk.page\/ca\/serveis\/proves-funcionals-digestives\/tecniques-de-biofeedback\/\"]}]},{\"@type\":\"BreadcrumbList\",\"@id\":\"https:\/\/dev.93-93-113-41.plesk.page\/ca\/serveis\/proves-funcionals-digestives\/tecniques-de-biofeedback\/#breadcrumb\",\"itemListElement\":[{\"@type\":\"ListItem\",\"position\":1,\"name\":\"Serveis M\u00e8dics de Cl\u00ednica ServiDigest\",\"item\":\"https:\/\/dev.93-93-113-41.plesk.page\/ca\/servicios\/\"},{\"@type\":\"ListItem\",\"position\":2,\"name\":\"Proves funcionals digestives\",\"item\":\"https:\/\/dev.93-93-113-41.plesk.page\/ca\/serveis\/proves-funcionals-digestives\/\"},{\"@type\":\"ListItem\",\"position\":3,\"name\":\"T\u00e8cniques de Biofeedback\"}]},{\"@type\":\"WebSite\",\"@id\":\"https:\/\/dev.93-93-113-41.plesk.page\/ca\/#website\",\"url\":\"https:\/\/dev.93-93-113-41.plesk.page\/ca\/\",\"name\":\"Servidigest\",\"description\":\"\",\"publisher\":{\"@id\":\"https:\/\/dev.93-93-113-41.plesk.page\/ca\/#organization\"},\"potentialAction\":[{\"@type\":\"SearchAction\",\"target\":{\"@type\":\"EntryPoint\",\"urlTemplate\":\"https:\/\/dev.93-93-113-41.plesk.page\/ca\/?s={search_term_string}\"},\"query-input\":\"required name=search_term_string\"}],\"inLanguage\":\"ca\"},{\"@type\":\"Organization\",\"@id\":\"https:\/\/dev.93-93-113-41.plesk.page\/ca\/#organization\",\"name\":\"Servidigest\",\"url\":\"https:\/\/dev.93-93-113-41.plesk.page\/ca\/\",\"logo\":{\"@type\":\"ImageObject\",\"inLanguage\":\"ca\",\"@id\":\"https:\/\/dev.93-93-113-41.plesk.page\/ca\/#\/schema\/logo\/image\/\",\"url\":\"https:\/\/dev.93-93-113-41.plesk.page\/wp-content\/uploads\/2024\/01\/servidigest.png\",\"contentUrl\":\"https:\/\/dev.93-93-113-41.plesk.page\/wp-content\/uploads\/2024\/01\/servidigest.png\",\"width\":808,\"height\":88,\"caption\":\"Servidigest\"},\"image\":{\"@id\":\"https:\/\/dev.93-93-113-41.plesk.page\/ca\/#\/schema\/logo\/image\/\"},\"sameAs\":[\"https:\/\/www.facebook.com\/servidigest\",\"https:\/\/x.com\/servidigest\"]}]}<\/script>\n<!-- \/ Yoast SEO plugin. -->","yoast_head_json":{"title":"T\u00e8cniques de Biofeedback - Servidigest","robots":{"index":"index","follow":"follow","max-snippet":"max-snippet:-1","max-image-preview":"max-image-preview:large","max-video-preview":"max-video-preview:-1"},"canonical":"https:\/\/dev.93-93-113-41.plesk.page\/ca\/serveis\/proves-funcionals-digestives\/tecniques-de-biofeedback\/","og_locale":"ca_ES","og_type":"article","og_title":"T\u00e8cniques de Biofeedback - Servidigest","og_description":"Les T\u00e8cniques de Biofeedback \u00e9s un m\u00e8tode de rehabilitaci\u00f3 utilitzat per al tractament del restrenyiment, incontin\u00e8ncia, encopresi o d&#8217;altres alteracions en el s\u00f2l pelvi\u00e0. Actualment, ha augmentat el nombre de pacients que presenten p\u00e8rdua en [...]","og_url":"https:\/\/dev.93-93-113-41.plesk.page\/ca\/serveis\/proves-funcionals-digestives\/tecniques-de-biofeedback\/","og_site_name":"Servidigest","article_publisher":"https:\/\/www.facebook.com\/servidigest","article_modified_time":"2024-05-23T10:56:55+00:00","twitter_card":"summary_large_image","twitter_site":"@servidigest","twitter_misc":{"Est. reading time":"2 minutes"},"schema":{"@context":"https:\/\/schema.org","@graph":[{"@type":"WebPage","@id":"https:\/\/dev.93-93-113-41.plesk.page\/ca\/serveis\/proves-funcionals-digestives\/tecniques-de-biofeedback\/","url":"https:\/\/dev.93-93-113-41.plesk.page\/ca\/serveis\/proves-funcionals-digestives\/tecniques-de-biofeedback\/","name":"T\u00e8cniques de Biofeedback - Servidigest","isPartOf":{"@id":"https:\/\/dev.93-93-113-41.plesk.page\/ca\/#website"},"datePublished":"2024-05-23T10:51:55+00:00","dateModified":"2024-05-23T10:56:55+00:00","breadcrumb":{"@id":"https:\/\/dev.93-93-113-41.plesk.page\/ca\/serveis\/proves-funcionals-digestives\/tecniques-de-biofeedback\/#breadcrumb"},"inLanguage":"ca","potentialAction":[{"@type":"ReadAction","target":["https:\/\/dev.93-93-113-41.plesk.page\/ca\/serveis\/proves-funcionals-digestives\/tecniques-de-biofeedback\/"]}]},{"@type":"BreadcrumbList","@id":"https:\/\/dev.93-93-113-41.plesk.page\/ca\/serveis\/proves-funcionals-digestives\/tecniques-de-biofeedback\/#breadcrumb","itemListElement":[{"@type":"ListItem","position":1,"name":"Serveis M\u00e8dics de Cl\u00ednica ServiDigest","item":"https:\/\/dev.93-93-113-41.plesk.page\/ca\/servicios\/"},{"@type":"ListItem","position":2,"name":"Proves funcionals digestives","item":"https:\/\/dev.93-93-113-41.plesk.page\/ca\/serveis\/proves-funcionals-digestives\/"},{"@type":"ListItem","position":3,"name":"T\u00e8cniques de Biofeedback"}]},{"@type":"WebSite","@id":"https:\/\/dev.93-93-113-41.plesk.page\/ca\/#website","url":"https:\/\/dev.93-93-113-41.plesk.page\/ca\/","name":"Servidigest","description":"","publisher":{"@id":"https:\/\/dev.93-93-113-41.plesk.page\/ca\/#organization"},"potentialAction":[{"@type":"SearchAction","target":{"@type":"EntryPoint","urlTemplate":"https:\/\/dev.93-93-113-41.plesk.page\/ca\/?s={search_term_string}"},"query-input":"required name=search_term_string"}],"inLanguage":"ca"},{"@type":"Organization","@id":"https:\/\/dev.93-93-113-41.plesk.page\/ca\/#organization","name":"Servidigest","url":"https:\/\/dev.93-93-113-41.plesk.page\/ca\/","logo":{"@type":"ImageObject","inLanguage":"ca","@id":"https:\/\/dev.93-93-113-41.plesk.page\/ca\/#\/schema\/logo\/image\/","url":"https:\/\/dev.93-93-113-41.plesk.page\/wp-content\/uploads\/2024\/01\/servidigest.png","contentUrl":"https:\/\/dev.93-93-113-41.plesk.page\/wp-content\/uploads\/2024\/01\/servidigest.png","width":808,"height":88,"caption":"Servidigest"},"image":{"@id":"https:\/\/dev.93-93-113-41.plesk.page\/ca\/#\/schema\/logo\/image\/"},"sameAs":["https:\/\/www.facebook.com\/servidigest","https:\/\/x.com\/servidigest"]}]}},"_links":{"self":[{"href":"https:\/\/dev.93-93-113-41.plesk.page\/ca\/wp-json\/wp\/v2\/pages\/40322","targetHints":{"allow":["GET"]}}],"collection":[{"href":"https:\/\/dev.93-93-113-41.plesk.page\/ca\/wp-json\/wp\/v2\/pages"}],"about":[{"href":"https:\/\/dev.93-93-113-41.plesk.page\/ca\/wp-json\/wp\/v2\/types\/page"}],"author":[{"embeddable":true,"href":"https:\/\/dev.93-93-113-41.plesk.page\/ca\/wp-json\/wp\/v2\/users\/1"}],"replies":[{"embeddable":true,"href":"https:\/\/dev.93-93-113-41.plesk.page\/ca\/wp-json\/wp\/v2\/comments?post=40322"}],"version-history":[{"count":1,"href":"https:\/\/dev.93-93-113-41.plesk.page\/ca\/wp-json\/wp\/v2\/pages\/40322\/revisions"}],"predecessor-version":[{"id":40323,"href":"https:\/\/dev.93-93-113-41.plesk.page\/ca\/wp-json\/wp\/v2\/pages\/40322\/revisions\/40323"}],"up":[{"embeddable":true,"href":"https:\/\/dev.93-93-113-41.plesk.page\/ca\/wp-json\/wp\/v2\/pages\/131"}],"wp:attachment":[{"href":"https:\/\/dev.93-93-113-41.plesk.page\/ca\/wp-json\/wp\/v2\/media?parent=40322"}],"curies":[{"name":"wp","href":"https:\/\/api.w.org\/{rel}","templated":true}]}}