{"id":39383,"date":"2024-05-07T13:37:13","date_gmt":"2024-05-07T11:37:13","guid":{"rendered":"https:\/\/dev.93-93-113-41.plesk.page\/clinica-servidigest\/docencia-y-formacion-continuada\/"},"modified":"2024-05-17T12:27:41","modified_gmt":"2024-05-17T10:27:41","slug":"docencia-i-formacio-continuada","status":"publish","type":"page","link":"https:\/\/dev.93-93-113-41.plesk.page\/ca\/clinica-servidigest\/docencia-i-formacio-continuada\/","title":{"rendered":"Doc\u00e8ncia i Formaci\u00f3 continuada"},"content":{"rendered":"\n<p>Cl\u00ednica ServiDigest \u00e9s un centre sanitari amb vocaci\u00f3 de Doc\u00e8ncia, Formaci\u00f3 cient\u00edfica, Innovaci\u00f3 i Desenvolupament de les noves tecnologies.<\/p>\n\n\n\n<p>Cl\u00ednica ServiDigest i Universitat de Vic-Universitat Central de Catalunya (UVic-UCC) col\u00b7laboren conjuntament per desenvolupar iniciatives de formaci\u00f3 acad\u00e8mica i pr\u00e0ctica de professionals en Ci\u00e8ncies de la Salut i en formaci\u00f3 de postgrau, aix\u00ed com en l&#8217;impuls d&#8217;activitats de transfer\u00e8ncia de coneixement i innovaci\u00f3.<\/p>\n\n\n\n<p>\u00c9s fonamental la Formaci\u00f3 Cient\u00edfica Continuada dels nostres professionals en benefici dels pacients. Per aquest motiu seleccionem un programa anual de formaci\u00f3 cient\u00edfica continuada que patrocinem amb beques de formaci\u00f3 a trav\u00e9s de Cl\u00ednica &amp; Fundaci\u00f3 ServiDigest.<\/p>\n","protected":false},"excerpt":{"rendered":"<div class=\"mh-excerpt\"><p>Cl\u00ednica ServiDigest \u00e9s un centre sanitari amb vocaci\u00f3 de Doc\u00e8ncia, Formaci\u00f3 cient\u00edfica, Innovaci\u00f3 i Desenvolupament de les noves tecnologies. Cl\u00ednica ServiDigest i Universitat de Vic-Universitat Central de Catalunya (UVic-UCC) col\u00b7laboren conjuntament per desenvolupar iniciatives de <a class=\"mh-excerpt-more\" href=\"https:\/\/dev.93-93-113-41.plesk.page\/ca\/clinica-servidigest\/docencia-i-formacio-continuada\/\" title=\"Doc\u00e8ncia i Formaci\u00f3 continuada\">[&#8230;]<\/a><\/p>\n<\/div>","protected":false},"author":1,"featured_media":0,"parent":37810,"menu_order":0,"comment_status":"closed","ping_status":"closed","template":"","meta":{"footnotes":""},"class_list":["post-39383","page","type-page","status-publish"],"yoast_head":"<!-- This site is optimized with the Yoast SEO plugin v22.6 - https:\/\/yoast.com\/wordpress\/plugins\/seo\/ -->\n<title>Doc\u00e8ncia i Formaci\u00f3 continuada - Servidigest<\/title>\n<meta name=\"robots\" content=\"index, follow, max-snippet:-1, max-image-preview:large, max-video-preview:-1\" \/>\n<link rel=\"canonical\" href=\"https:\/\/dev.93-93-113-41.plesk.page\/ca\/clinica-servidigest\/docencia-i-formacio-continuada\/\" \/>\n<meta property=\"og:locale\" content=\"ca_ES\" \/>\n<meta property=\"og:type\" content=\"article\" \/>\n<meta property=\"og:title\" content=\"Doc\u00e8ncia i Formaci\u00f3 continuada - Servidigest\" \/>\n<meta property=\"og:description\" content=\"Cl\u00ednica ServiDigest \u00e9s un centre sanitari amb vocaci\u00f3 de Doc\u00e8ncia, Formaci\u00f3 cient\u00edfica, Innovaci\u00f3 i Desenvolupament de les noves tecnologies. Cl\u00ednica ServiDigest i Universitat de Vic-Universitat Central de Catalunya (UVic-UCC) col\u00b7laboren conjuntament per desenvolupar iniciatives de [...]\" \/>\n<meta property=\"og:url\" content=\"https:\/\/dev.93-93-113-41.plesk.page\/ca\/clinica-servidigest\/docencia-i-formacio-continuada\/\" \/>\n<meta property=\"og:site_name\" content=\"Servidigest\" \/>\n<meta property=\"article:publisher\" content=\"https:\/\/www.facebook.com\/servidigest\" \/>\n<meta property=\"article:modified_time\" content=\"2024-05-17T10:27:41+00:00\" \/>\n<meta name=\"twitter:card\" content=\"summary_large_image\" \/>\n<meta name=\"twitter:site\" content=\"@servidigest\" \/>\n<meta name=\"twitter:label1\" content=\"Est. reading time\" \/>\n\t<meta name=\"twitter:data1\" content=\"1 minute\" \/>\n<script type=\"application\/ld+json\" class=\"yoast-schema-graph\">{\"@context\":\"https:\/\/schema.org\",\"@graph\":[{\"@type\":\"WebPage\",\"@id\":\"https:\/\/dev.93-93-113-41.plesk.page\/ca\/clinica-servidigest\/docencia-i-formacio-continuada\/\",\"url\":\"https:\/\/dev.93-93-113-41.plesk.page\/ca\/clinica-servidigest\/docencia-i-formacio-continuada\/\",\"name\":\"Doc\u00e8ncia i Formaci\u00f3 continuada - Servidigest\",\"isPartOf\":{\"@id\":\"https:\/\/dev.93-93-113-41.plesk.page\/ca\/#website\"},\"datePublished\":\"2024-05-07T11:37:13+00:00\",\"dateModified\":\"2024-05-17T10:27:41+00:00\",\"breadcrumb\":{\"@id\":\"https:\/\/dev.93-93-113-41.plesk.page\/ca\/clinica-servidigest\/docencia-i-formacio-continuada\/#breadcrumb\"},\"inLanguage\":\"ca\",\"potentialAction\":[{\"@type\":\"ReadAction\",\"target\":[\"https:\/\/dev.93-93-113-41.plesk.page\/ca\/clinica-servidigest\/docencia-i-formacio-continuada\/\"]}]},{\"@type\":\"BreadcrumbList\",\"@id\":\"https:\/\/dev.93-93-113-41.plesk.page\/ca\/clinica-servidigest\/docencia-i-formacio-continuada\/#breadcrumb\",\"itemListElement\":[{\"@type\":\"ListItem\",\"position\":1,\"name\":\"Cl\u00ednica ServiDigest\",\"item\":\"https:\/\/dev.93-93-113-41.plesk.page\/ca\/clinica-servidigest\/\"},{\"@type\":\"ListItem\",\"position\":2,\"name\":\"Doc\u00e8ncia i Formaci\u00f3 continuada\"}]},{\"@type\":\"WebSite\",\"@id\":\"https:\/\/dev.93-93-113-41.plesk.page\/ca\/#website\",\"url\":\"https:\/\/dev.93-93-113-41.plesk.page\/ca\/\",\"name\":\"Servidigest\",\"description\":\"\",\"publisher\":{\"@id\":\"https:\/\/dev.93-93-113-41.plesk.page\/ca\/#organization\"},\"potentialAction\":[{\"@type\":\"SearchAction\",\"target\":{\"@type\":\"EntryPoint\",\"urlTemplate\":\"https:\/\/dev.93-93-113-41.plesk.page\/ca\/?s={search_term_string}\"},\"query-input\":\"required name=search_term_string\"}],\"inLanguage\":\"ca\"},{\"@type\":\"Organization\",\"@id\":\"https:\/\/dev.93-93-113-41.plesk.page\/ca\/#organization\",\"name\":\"Servidigest\",\"url\":\"https:\/\/dev.93-93-113-41.plesk.page\/ca\/\",\"logo\":{\"@type\":\"ImageObject\",\"inLanguage\":\"ca\",\"@id\":\"https:\/\/dev.93-93-113-41.plesk.page\/ca\/#\/schema\/logo\/image\/\",\"url\":\"https:\/\/dev.93-93-113-41.plesk.page\/wp-content\/uploads\/2024\/01\/servidigest.png\",\"contentUrl\":\"https:\/\/dev.93-93-113-41.plesk.page\/wp-content\/uploads\/2024\/01\/servidigest.png\",\"width\":808,\"height\":88,\"caption\":\"Servidigest\"},\"image\":{\"@id\":\"https:\/\/dev.93-93-113-41.plesk.page\/ca\/#\/schema\/logo\/image\/\"},\"sameAs\":[\"https:\/\/www.facebook.com\/servidigest\",\"https:\/\/x.com\/servidigest\"]}]}<\/script>\n<!-- \/ Yoast SEO plugin. -->","yoast_head_json":{"title":"Doc\u00e8ncia i Formaci\u00f3 continuada - Servidigest","robots":{"index":"index","follow":"follow","max-snippet":"max-snippet:-1","max-image-preview":"max-image-preview:large","max-video-preview":"max-video-preview:-1"},"canonical":"https:\/\/dev.93-93-113-41.plesk.page\/ca\/clinica-servidigest\/docencia-i-formacio-continuada\/","og_locale":"ca_ES","og_type":"article","og_title":"Doc\u00e8ncia i Formaci\u00f3 continuada - Servidigest","og_description":"Cl\u00ednica ServiDigest \u00e9s un centre sanitari amb vocaci\u00f3 de Doc\u00e8ncia, Formaci\u00f3 cient\u00edfica, Innovaci\u00f3 i Desenvolupament de les noves tecnologies. Cl\u00ednica ServiDigest i Universitat de Vic-Universitat Central de Catalunya (UVic-UCC) col\u00b7laboren conjuntament per desenvolupar iniciatives de [...]","og_url":"https:\/\/dev.93-93-113-41.plesk.page\/ca\/clinica-servidigest\/docencia-i-formacio-continuada\/","og_site_name":"Servidigest","article_publisher":"https:\/\/www.facebook.com\/servidigest","article_modified_time":"2024-05-17T10:27:41+00:00","twitter_card":"summary_large_image","twitter_site":"@servidigest","twitter_misc":{"Est. reading time":"1 minute"},"schema":{"@context":"https:\/\/schema.org","@graph":[{"@type":"WebPage","@id":"https:\/\/dev.93-93-113-41.plesk.page\/ca\/clinica-servidigest\/docencia-i-formacio-continuada\/","url":"https:\/\/dev.93-93-113-41.plesk.page\/ca\/clinica-servidigest\/docencia-i-formacio-continuada\/","name":"Doc\u00e8ncia i Formaci\u00f3 continuada - Servidigest","isPartOf":{"@id":"https:\/\/dev.93-93-113-41.plesk.page\/ca\/#website"},"datePublished":"2024-05-07T11:37:13+00:00","dateModified":"2024-05-17T10:27:41+00:00","breadcrumb":{"@id":"https:\/\/dev.93-93-113-41.plesk.page\/ca\/clinica-servidigest\/docencia-i-formacio-continuada\/#breadcrumb"},"inLanguage":"ca","potentialAction":[{"@type":"ReadAction","target":["https:\/\/dev.93-93-113-41.plesk.page\/ca\/clinica-servidigest\/docencia-i-formacio-continuada\/"]}]},{"@type":"BreadcrumbList","@id":"https:\/\/dev.93-93-113-41.plesk.page\/ca\/clinica-servidigest\/docencia-i-formacio-continuada\/#breadcrumb","itemListElement":[{"@type":"ListItem","position":1,"name":"Cl\u00ednica ServiDigest","item":"https:\/\/dev.93-93-113-41.plesk.page\/ca\/clinica-servidigest\/"},{"@type":"ListItem","position":2,"name":"Doc\u00e8ncia i Formaci\u00f3 continuada"}]},{"@type":"WebSite","@id":"https:\/\/dev.93-93-113-41.plesk.page\/ca\/#website","url":"https:\/\/dev.93-93-113-41.plesk.page\/ca\/","name":"Servidigest","description":"","publisher":{"@id":"https:\/\/dev.93-93-113-41.plesk.page\/ca\/#organization"},"potentialAction":[{"@type":"SearchAction","target":{"@type":"EntryPoint","urlTemplate":"https:\/\/dev.93-93-113-41.plesk.page\/ca\/?s={search_term_string}"},"query-input":"required name=search_term_string"}],"inLanguage":"ca"},{"@type":"Organization","@id":"https:\/\/dev.93-93-113-41.plesk.page\/ca\/#organization","name":"Servidigest","url":"https:\/\/dev.93-93-113-41.plesk.page\/ca\/","logo":{"@type":"ImageObject","inLanguage":"ca","@id":"https:\/\/dev.93-93-113-41.plesk.page\/ca\/#\/schema\/logo\/image\/","url":"https:\/\/dev.93-93-113-41.plesk.page\/wp-content\/uploads\/2024\/01\/servidigest.png","contentUrl":"https:\/\/dev.93-93-113-41.plesk.page\/wp-content\/uploads\/2024\/01\/servidigest.png","width":808,"height":88,"caption":"Servidigest"},"image":{"@id":"https:\/\/dev.93-93-113-41.plesk.page\/ca\/#\/schema\/logo\/image\/"},"sameAs":["https:\/\/www.facebook.com\/servidigest","https:\/\/x.com\/servidigest"]}]}},"_links":{"self":[{"href":"https:\/\/dev.93-93-113-41.plesk.page\/ca\/wp-json\/wp\/v2\/pages\/39383","targetHints":{"allow":["GET"]}}],"collection":[{"href":"https:\/\/dev.93-93-113-41.plesk.page\/ca\/wp-json\/wp\/v2\/pages"}],"about":[{"href":"https:\/\/dev.93-93-113-41.plesk.page\/ca\/wp-json\/wp\/v2\/types\/page"}],"author":[{"embeddable":true,"href":"https:\/\/dev.93-93-113-41.plesk.page\/ca\/wp-json\/wp\/v2\/users\/1"}],"replies":[{"embeddable":true,"href":"https:\/\/dev.93-93-113-41.plesk.page\/ca\/wp-json\/wp\/v2\/comments?post=39383"}],"version-history":[{"count":1,"href":"https:\/\/dev.93-93-113-41.plesk.page\/ca\/wp-json\/wp\/v2\/pages\/39383\/revisions"}],"predecessor-version":[{"id":39386,"href":"https:\/\/dev.93-93-113-41.plesk.page\/ca\/wp-json\/wp\/v2\/pages\/39383\/revisions\/39386"}],"up":[{"embeddable":true,"href":"https:\/\/dev.93-93-113-41.plesk.page\/ca\/wp-json\/wp\/v2\/pages\/37810"}],"wp:attachment":[{"href":"https:\/\/dev.93-93-113-41.plesk.page\/ca\/wp-json\/wp\/v2\/media?parent=39383"}],"curies":[{"name":"wp","href":"https:\/\/api.w.org\/{rel}","templated":true}]}}