{"id":39375,"date":"2024-05-07T13:34:36","date_gmt":"2024-05-07T11:34:36","guid":{"rendered":"https:\/\/dev.93-93-113-41.plesk.page\/?page_id=39375"},"modified":"2024-05-17T11:45:15","modified_gmt":"2024-05-17T09:45:15","slug":"millora-continua","status":"publish","type":"page","link":"https:\/\/dev.93-93-113-41.plesk.page\/ca\/clinica-servidigest\/millora-continua\/","title":{"rendered":"Millora cont\u00ednua"},"content":{"rendered":"\n<p>A Cl\u00ednica ServiDigest mai donarem per finalitzat el cam\u00ed cap a l&#8217;excel\u00b7l\u00e8ncia. Mantenim sempre l&#8217;objectiu de millora cont\u00ednua i de qualitat al m\u00e0xim nivell.<\/p>\n\n\n\n<p>Cl\u00ednica ServiDigest de Barcelona \u00e9s la primera Cl\u00ednica M\u00e8dico-Quir\u00fargica a Espanya, especialitzada en Malalties Digestives i Metab\u00f2liques, que ha obtingut el segell de qualitat de la <strong><a href=\"https:\/\/dev.93-93-113-41.plesk.page\/ca\/2022\/12\/19\/clinica-servidigest-barcelona-obte-segell-daurat-joint-commission-international\/\">Joint Commission International<\/a><\/strong> per la seva qualitat i seguretat assistencial.<\/p>\n\n\n\n<p>La Joint Commission International \u00e9s l&#8217;organitzaci\u00f3 que avalua la qualitat i seguretat de major prestigi, exig\u00e8ncia i experi\u00e8ncia en acreditaci\u00f3 sanit\u00e0ria a nivell mundial, amb la finalitat de la millora cont\u00ednua de la qualitat i seguretat en les organitzacions sanit\u00e0ries.<\/p>\n\n\n\n<p>Les organitzacions sanit\u00e0ries acreditades amb aquest segell d&#8217;or de qualitat han de renovar-lo cada tres anys. Durant aquest per\u00edode, la Joint Commission International realitza un seguiment del compliment dels est\u00e0ndards de qualitat i seguretat assistencial establerts en els centres sanitaris acreditats.<\/p>\n\n\n\n<p>La Joint Commission International avalua el compliment de mil est\u00e0ndards internacionals, verificant la seguretat integral del pacient; valoraci\u00f3 i cura del pacient; atenci\u00f3 quir\u00fargica i anest\u00e8sia; prevenci\u00f3 i control d&#8217;infeccions; millora cont\u00ednua; governabilitat i lideratge; formaci\u00f3 cont\u00ednua; gesti\u00f3 d&#8217;instal\u00b7lacions; qualificacions i educaci\u00f3 del personal; i gesti\u00f3 de la informaci\u00f3.<\/p>\n\n\n\n<p>Aix\u00ed mateix, <strong>la Unitat multidisciplin\u00e0ria d&#8217;Obesitat de Cl\u00ednica ServiDigest \u00e9s la primera unitat acreditada per la Societat Espanyola d&#8217;Obesitat (SEEDO)<\/strong>.<\/p>\n\n\n\n<p>Aquest reconeixement com una unitat d&#8217;obesitat amb experi\u00e8ncia acreditada en el tractament del sobrep\u00e8s i l&#8217;obesitat suposa, a m\u00e9s de la satisfacci\u00f3 personal i col\u00b7lectiva de tot l&#8217;equip, un impuls per seguir pel mateix cam\u00ed, i continuar buscant \u00e0rees de millora en els tractaments i protocols d&#8217;assist\u00e8ncia establerts per Cl\u00ednica ServiDigest en els pacients amb obesitat.<\/p>\n\n\n\n<p>La Societat Espanyola per a l&#8217;Estudi de l&#8217;Obesitat (SEEDO) \u00e9s una societat cient\u00edfica multidisciplin\u00e0ria centrada en l&#8217;estudi, divulgaci\u00f3, formaci\u00f3 dels professionals de la salut, prevenci\u00f3 i tractament de tots els aspectes rellevants relacionats amb els problemes d&#8217;exc\u00e9s de pes. Entre les seves aportacions destaquen consensos, guies de pr\u00e0ctica cl\u00ednica, tractats, cursos de formaci\u00f3 i congressos.<\/p>\n\n\n\n<p>Un dels objectius principals de Cl\u00ednica ServiDigest, referent en el diagn\u00f2stic i tractament de l&#8217;obesitat, \u00e9s l&#8217;actualitzaci\u00f3 formativa permanent del nostre equip m\u00e8dic, participant i assistint als congressos i cursos m\u00e9s rellevants a nivell nacional i internacional.<\/p>\n\n\n\n<p>La filosofia de la formaci\u00f3 cont\u00ednua dels nostres professionals est\u00e0 relacionada amb la millora, la cura i el manteniment de la salut de les persones, dels nostres pacients, perqu\u00e8 la bona salut d&#8217;una societat ens repercuteix positivament a tots.<\/p>\n\n\n\n<p>Aquest reconeixement qualificat i objectiu per part de la SEEDO a les nostres pr\u00e0ctiques m\u00e8diques en el tractament de l&#8217;obesitat reconeix els m\u00e9s de 40 anys d&#8217;experi\u00e8ncia al servei de la salut que Cl\u00ednica ServiDigest ofereix mitjan\u00e7ant una assist\u00e8ncia eficient, d&#8217;alta qualitat, integral i personalitzada, sent conscients de la import\u00e0ncia de garantir un servei excel\u00b7lent i de respondre a les expectatives del pacient.<\/p>\n","protected":false},"excerpt":{"rendered":"<div class=\"mh-excerpt\"><p>A Cl\u00ednica ServiDigest mai donarem per finalitzat el cam\u00ed cap a l&#8217;excel\u00b7l\u00e8ncia. Mantenim sempre l&#8217;objectiu de millora cont\u00ednua i de qualitat al m\u00e0xim nivell. Cl\u00ednica ServiDigest de Barcelona \u00e9s la primera Cl\u00ednica M\u00e8dico-Quir\u00fargica a Espanya, <a class=\"mh-excerpt-more\" href=\"https:\/\/dev.93-93-113-41.plesk.page\/ca\/clinica-servidigest\/millora-continua\/\" title=\"Millora cont\u00ednua\">[&#8230;]<\/a><\/p>\n<\/div>","protected":false},"author":1,"featured_media":0,"parent":37810,"menu_order":0,"comment_status":"closed","ping_status":"closed","template":"","meta":{"footnotes":""},"class_list":["post-39375","page","type-page","status-publish"],"yoast_head":"<!-- This site is optimized with the Yoast SEO plugin v22.6 - https:\/\/yoast.com\/wordpress\/plugins\/seo\/ -->\n<title>Millora cont\u00ednua - Servidigest<\/title>\n<meta name=\"robots\" content=\"index, follow, max-snippet:-1, max-image-preview:large, max-video-preview:-1\" \/>\n<link rel=\"canonical\" href=\"https:\/\/dev.93-93-113-41.plesk.page\/ca\/clinica-servidigest\/millora-continua\/\" \/>\n<meta property=\"og:locale\" content=\"ca_ES\" \/>\n<meta property=\"og:type\" content=\"article\" \/>\n<meta property=\"og:title\" content=\"Millora cont\u00ednua - Servidigest\" \/>\n<meta property=\"og:description\" content=\"A Cl\u00ednica ServiDigest mai donarem per finalitzat el cam\u00ed cap a l&#8217;excel\u00b7l\u00e8ncia. Mantenim sempre l&#8217;objectiu de millora cont\u00ednua i de qualitat al m\u00e0xim nivell. Cl\u00ednica ServiDigest de Barcelona \u00e9s la primera Cl\u00ednica M\u00e8dico-Quir\u00fargica a Espanya, [...]\" \/>\n<meta property=\"og:url\" content=\"https:\/\/dev.93-93-113-41.plesk.page\/ca\/clinica-servidigest\/millora-continua\/\" \/>\n<meta property=\"og:site_name\" content=\"Servidigest\" \/>\n<meta property=\"article:publisher\" content=\"https:\/\/www.facebook.com\/servidigest\" \/>\n<meta property=\"article:modified_time\" content=\"2024-05-17T09:45:15+00:00\" \/>\n<meta name=\"twitter:card\" content=\"summary_large_image\" \/>\n<meta name=\"twitter:site\" content=\"@servidigest\" \/>\n<meta name=\"twitter:label1\" content=\"Est. reading time\" \/>\n\t<meta name=\"twitter:data1\" content=\"3 minutes\" \/>\n<script type=\"application\/ld+json\" class=\"yoast-schema-graph\">{\"@context\":\"https:\/\/schema.org\",\"@graph\":[{\"@type\":\"WebPage\",\"@id\":\"https:\/\/dev.93-93-113-41.plesk.page\/ca\/clinica-servidigest\/millora-continua\/\",\"url\":\"https:\/\/dev.93-93-113-41.plesk.page\/ca\/clinica-servidigest\/millora-continua\/\",\"name\":\"Millora cont\u00ednua - Servidigest\",\"isPartOf\":{\"@id\":\"https:\/\/dev.93-93-113-41.plesk.page\/ca\/#website\"},\"datePublished\":\"2024-05-07T11:34:36+00:00\",\"dateModified\":\"2024-05-17T09:45:15+00:00\",\"breadcrumb\":{\"@id\":\"https:\/\/dev.93-93-113-41.plesk.page\/ca\/clinica-servidigest\/millora-continua\/#breadcrumb\"},\"inLanguage\":\"ca\",\"potentialAction\":[{\"@type\":\"ReadAction\",\"target\":[\"https:\/\/dev.93-93-113-41.plesk.page\/ca\/clinica-servidigest\/millora-continua\/\"]}]},{\"@type\":\"BreadcrumbList\",\"@id\":\"https:\/\/dev.93-93-113-41.plesk.page\/ca\/clinica-servidigest\/millora-continua\/#breadcrumb\",\"itemListElement\":[{\"@type\":\"ListItem\",\"position\":1,\"name\":\"Cl\u00ednica ServiDigest\",\"item\":\"https:\/\/dev.93-93-113-41.plesk.page\/ca\/clinica-servidigest\/\"},{\"@type\":\"ListItem\",\"position\":2,\"name\":\"Millora cont\u00ednua\"}]},{\"@type\":\"WebSite\",\"@id\":\"https:\/\/dev.93-93-113-41.plesk.page\/ca\/#website\",\"url\":\"https:\/\/dev.93-93-113-41.plesk.page\/ca\/\",\"name\":\"Servidigest\",\"description\":\"\",\"publisher\":{\"@id\":\"https:\/\/dev.93-93-113-41.plesk.page\/ca\/#organization\"},\"potentialAction\":[{\"@type\":\"SearchAction\",\"target\":{\"@type\":\"EntryPoint\",\"urlTemplate\":\"https:\/\/dev.93-93-113-41.plesk.page\/ca\/?s={search_term_string}\"},\"query-input\":\"required name=search_term_string\"}],\"inLanguage\":\"ca\"},{\"@type\":\"Organization\",\"@id\":\"https:\/\/dev.93-93-113-41.plesk.page\/ca\/#organization\",\"name\":\"Servidigest\",\"url\":\"https:\/\/dev.93-93-113-41.plesk.page\/ca\/\",\"logo\":{\"@type\":\"ImageObject\",\"inLanguage\":\"ca\",\"@id\":\"https:\/\/dev.93-93-113-41.plesk.page\/ca\/#\/schema\/logo\/image\/\",\"url\":\"https:\/\/dev.93-93-113-41.plesk.page\/wp-content\/uploads\/2024\/01\/servidigest.png\",\"contentUrl\":\"https:\/\/dev.93-93-113-41.plesk.page\/wp-content\/uploads\/2024\/01\/servidigest.png\",\"width\":808,\"height\":88,\"caption\":\"Servidigest\"},\"image\":{\"@id\":\"https:\/\/dev.93-93-113-41.plesk.page\/ca\/#\/schema\/logo\/image\/\"},\"sameAs\":[\"https:\/\/www.facebook.com\/servidigest\",\"https:\/\/x.com\/servidigest\"]}]}<\/script>\n<!-- \/ Yoast SEO plugin. -->","yoast_head_json":{"title":"Millora cont\u00ednua - Servidigest","robots":{"index":"index","follow":"follow","max-snippet":"max-snippet:-1","max-image-preview":"max-image-preview:large","max-video-preview":"max-video-preview:-1"},"canonical":"https:\/\/dev.93-93-113-41.plesk.page\/ca\/clinica-servidigest\/millora-continua\/","og_locale":"ca_ES","og_type":"article","og_title":"Millora cont\u00ednua - Servidigest","og_description":"A Cl\u00ednica ServiDigest mai donarem per finalitzat el cam\u00ed cap a l&#8217;excel\u00b7l\u00e8ncia. Mantenim sempre l&#8217;objectiu de millora cont\u00ednua i de qualitat al m\u00e0xim nivell. Cl\u00ednica ServiDigest de Barcelona \u00e9s la primera Cl\u00ednica M\u00e8dico-Quir\u00fargica a Espanya, [...]","og_url":"https:\/\/dev.93-93-113-41.plesk.page\/ca\/clinica-servidigest\/millora-continua\/","og_site_name":"Servidigest","article_publisher":"https:\/\/www.facebook.com\/servidigest","article_modified_time":"2024-05-17T09:45:15+00:00","twitter_card":"summary_large_image","twitter_site":"@servidigest","twitter_misc":{"Est. reading time":"3 minutes"},"schema":{"@context":"https:\/\/schema.org","@graph":[{"@type":"WebPage","@id":"https:\/\/dev.93-93-113-41.plesk.page\/ca\/clinica-servidigest\/millora-continua\/","url":"https:\/\/dev.93-93-113-41.plesk.page\/ca\/clinica-servidigest\/millora-continua\/","name":"Millora cont\u00ednua - Servidigest","isPartOf":{"@id":"https:\/\/dev.93-93-113-41.plesk.page\/ca\/#website"},"datePublished":"2024-05-07T11:34:36+00:00","dateModified":"2024-05-17T09:45:15+00:00","breadcrumb":{"@id":"https:\/\/dev.93-93-113-41.plesk.page\/ca\/clinica-servidigest\/millora-continua\/#breadcrumb"},"inLanguage":"ca","potentialAction":[{"@type":"ReadAction","target":["https:\/\/dev.93-93-113-41.plesk.page\/ca\/clinica-servidigest\/millora-continua\/"]}]},{"@type":"BreadcrumbList","@id":"https:\/\/dev.93-93-113-41.plesk.page\/ca\/clinica-servidigest\/millora-continua\/#breadcrumb","itemListElement":[{"@type":"ListItem","position":1,"name":"Cl\u00ednica ServiDigest","item":"https:\/\/dev.93-93-113-41.plesk.page\/ca\/clinica-servidigest\/"},{"@type":"ListItem","position":2,"name":"Millora cont\u00ednua"}]},{"@type":"WebSite","@id":"https:\/\/dev.93-93-113-41.plesk.page\/ca\/#website","url":"https:\/\/dev.93-93-113-41.plesk.page\/ca\/","name":"Servidigest","description":"","publisher":{"@id":"https:\/\/dev.93-93-113-41.plesk.page\/ca\/#organization"},"potentialAction":[{"@type":"SearchAction","target":{"@type":"EntryPoint","urlTemplate":"https:\/\/dev.93-93-113-41.plesk.page\/ca\/?s={search_term_string}"},"query-input":"required name=search_term_string"}],"inLanguage":"ca"},{"@type":"Organization","@id":"https:\/\/dev.93-93-113-41.plesk.page\/ca\/#organization","name":"Servidigest","url":"https:\/\/dev.93-93-113-41.plesk.page\/ca\/","logo":{"@type":"ImageObject","inLanguage":"ca","@id":"https:\/\/dev.93-93-113-41.plesk.page\/ca\/#\/schema\/logo\/image\/","url":"https:\/\/dev.93-93-113-41.plesk.page\/wp-content\/uploads\/2024\/01\/servidigest.png","contentUrl":"https:\/\/dev.93-93-113-41.plesk.page\/wp-content\/uploads\/2024\/01\/servidigest.png","width":808,"height":88,"caption":"Servidigest"},"image":{"@id":"https:\/\/dev.93-93-113-41.plesk.page\/ca\/#\/schema\/logo\/image\/"},"sameAs":["https:\/\/www.facebook.com\/servidigest","https:\/\/x.com\/servidigest"]}]}},"_links":{"self":[{"href":"https:\/\/dev.93-93-113-41.plesk.page\/ca\/wp-json\/wp\/v2\/pages\/39375","targetHints":{"allow":["GET"]}}],"collection":[{"href":"https:\/\/dev.93-93-113-41.plesk.page\/ca\/wp-json\/wp\/v2\/pages"}],"about":[{"href":"https:\/\/dev.93-93-113-41.plesk.page\/ca\/wp-json\/wp\/v2\/types\/page"}],"author":[{"embeddable":true,"href":"https:\/\/dev.93-93-113-41.plesk.page\/ca\/wp-json\/wp\/v2\/users\/1"}],"replies":[{"embeddable":true,"href":"https:\/\/dev.93-93-113-41.plesk.page\/ca\/wp-json\/wp\/v2\/comments?post=39375"}],"version-history":[{"count":1,"href":"https:\/\/dev.93-93-113-41.plesk.page\/ca\/wp-json\/wp\/v2\/pages\/39375\/revisions"}],"predecessor-version":[{"id":39376,"href":"https:\/\/dev.93-93-113-41.plesk.page\/ca\/wp-json\/wp\/v2\/pages\/39375\/revisions\/39376"}],"up":[{"embeddable":true,"href":"https:\/\/dev.93-93-113-41.plesk.page\/ca\/wp-json\/wp\/v2\/pages\/37810"}],"wp:attachment":[{"href":"https:\/\/dev.93-93-113-41.plesk.page\/ca\/wp-json\/wp\/v2\/media?parent=39375"}],"curies":[{"name":"wp","href":"https:\/\/api.w.org\/{rel}","templated":true}]}}