{"id":39232,"date":"2024-05-08T12:58:53","date_gmt":"2024-05-08T10:58:53","guid":{"rendered":"https:\/\/dev.93-93-113-41.plesk.page\/serveis\/cirurgia-general-i-digestiva\/coloproctologia\/"},"modified":"2024-05-08T13:00:43","modified_gmt":"2024-05-08T11:00:43","slug":"coloproctologia","status":"publish","type":"page","link":"https:\/\/dev.93-93-113-41.plesk.page\/ca\/serveis\/cirurgia-general-i-digestiva\/coloproctologia\/","title":{"rendered":"Coloproctologia"},"content":{"rendered":"\n<p>La Coloproctologia \u00e9s la part de la medicina que es dedica a l&#8217;estudi i el tractament de les patologies relacionades amb el c\u00f2lon, el recte i la zona anal.<\/p>\n\n<p>A la Unitat de Coloproctologia de Cl\u00ednica ServiDigest som especialistes en la prevenci\u00f3 i el tractament de les malalties que afecten aquesta zona de l&#8217;organisme.<\/p>\n\n<ul class=\"wp-block-list\">\n<li><a href=\"https:\/\/dev.93-93-113-41.plesk.page\/ca\/serveis\/aparell-digestiu\/fissura-anal\/\">Fissura anal<\/a><\/li>\n\n\n\n<li><a href=\"https:\/\/dev.93-93-113-41.plesk.page\/ca\/serveis\/cirurgia-general-i-digestiva\/hemorroides\/\">Hemorroides<\/a><\/li>\n<\/ul>\n\n<p>Cl\u00ednica ServiDigest compta amb la tecnologia m\u00e9s avan\u00e7ada, cosa que permet que els tractaments quir\u00fargics es realitzin ambulat\u00f2riament i sota anest\u00e8sia local, aconseguint que el pacient es reincorpori a la seva vida quotidiana en poc temps.<\/p>\n","protected":false},"excerpt":{"rendered":"<div class=\"mh-excerpt\"><p>La Coloproctologia \u00e9s la part de la medicina que es dedica a l&#8217;estudi i el tractament de les patologies relacionades amb el c\u00f2lon, el recte i la zona anal. A la Unitat de Coloproctologia de <a class=\"mh-excerpt-more\" href=\"https:\/\/dev.93-93-113-41.plesk.page\/ca\/serveis\/cirurgia-general-i-digestiva\/coloproctologia\/\" title=\"Coloproctologia\">[&#8230;]<\/a><\/p>\n<\/div>","protected":false},"author":1,"featured_media":0,"parent":731,"menu_order":0,"comment_status":"closed","ping_status":"closed","template":"","meta":{"footnotes":""},"class_list":["post-39232","page","type-page","status-publish"],"yoast_head":"<!-- This site is optimized with the Yoast SEO plugin v22.6 - https:\/\/yoast.com\/wordpress\/plugins\/seo\/ -->\n<title>Coloproctologia - Servidigest<\/title>\n<meta name=\"robots\" content=\"index, follow, max-snippet:-1, max-image-preview:large, max-video-preview:-1\" \/>\n<link rel=\"canonical\" href=\"https:\/\/dev.93-93-113-41.plesk.page\/ca\/serveis\/cirurgia-general-i-digestiva\/coloproctologia\/\" \/>\n<meta property=\"og:locale\" content=\"ca_ES\" \/>\n<meta property=\"og:type\" content=\"article\" \/>\n<meta property=\"og:title\" content=\"Coloproctologia - Servidigest\" \/>\n<meta property=\"og:description\" content=\"La Coloproctologia \u00e9s la part de la medicina que es dedica a l&#8217;estudi i el tractament de les patologies relacionades amb el c\u00f2lon, el recte i la zona anal. A la Unitat de Coloproctologia de [...]\" \/>\n<meta property=\"og:url\" content=\"https:\/\/dev.93-93-113-41.plesk.page\/ca\/serveis\/cirurgia-general-i-digestiva\/coloproctologia\/\" \/>\n<meta property=\"og:site_name\" content=\"Servidigest\" \/>\n<meta property=\"article:publisher\" content=\"https:\/\/www.facebook.com\/servidigest\" \/>\n<meta property=\"article:modified_time\" content=\"2024-05-08T11:00:43+00:00\" \/>\n<meta name=\"twitter:card\" content=\"summary_large_image\" \/>\n<meta name=\"twitter:site\" content=\"@servidigest\" \/>\n<meta name=\"twitter:label1\" content=\"Est. reading time\" \/>\n\t<meta name=\"twitter:data1\" content=\"1 minute\" \/>\n<script type=\"application\/ld+json\" class=\"yoast-schema-graph\">{\"@context\":\"https:\/\/schema.org\",\"@graph\":[{\"@type\":\"WebPage\",\"@id\":\"https:\/\/dev.93-93-113-41.plesk.page\/ca\/serveis\/cirurgia-general-i-digestiva\/coloproctologia\/\",\"url\":\"https:\/\/dev.93-93-113-41.plesk.page\/ca\/serveis\/cirurgia-general-i-digestiva\/coloproctologia\/\",\"name\":\"Coloproctologia - Servidigest\",\"isPartOf\":{\"@id\":\"https:\/\/dev.93-93-113-41.plesk.page\/ca\/#website\"},\"datePublished\":\"2024-05-08T10:58:53+00:00\",\"dateModified\":\"2024-05-08T11:00:43+00:00\",\"breadcrumb\":{\"@id\":\"https:\/\/dev.93-93-113-41.plesk.page\/ca\/serveis\/cirurgia-general-i-digestiva\/coloproctologia\/#breadcrumb\"},\"inLanguage\":\"ca\",\"potentialAction\":[{\"@type\":\"ReadAction\",\"target\":[\"https:\/\/dev.93-93-113-41.plesk.page\/ca\/serveis\/cirurgia-general-i-digestiva\/coloproctologia\/\"]}]},{\"@type\":\"BreadcrumbList\",\"@id\":\"https:\/\/dev.93-93-113-41.plesk.page\/ca\/serveis\/cirurgia-general-i-digestiva\/coloproctologia\/#breadcrumb\",\"itemListElement\":[{\"@type\":\"ListItem\",\"position\":1,\"name\":\"Serveis M\u00e8dics de Cl\u00ednica ServiDigest\",\"item\":\"https:\/\/dev.93-93-113-41.plesk.page\/ca\/servicios\/\"},{\"@type\":\"ListItem\",\"position\":2,\"name\":\"Cirurgia General i Digestiva\",\"item\":\"https:\/\/dev.93-93-113-41.plesk.page\/ca\/servicios\/cirugia-general-y-digestiva\/\"},{\"@type\":\"ListItem\",\"position\":3,\"name\":\"Coloproctologia\"}]},{\"@type\":\"WebSite\",\"@id\":\"https:\/\/dev.93-93-113-41.plesk.page\/ca\/#website\",\"url\":\"https:\/\/dev.93-93-113-41.plesk.page\/ca\/\",\"name\":\"Servidigest\",\"description\":\"\",\"publisher\":{\"@id\":\"https:\/\/dev.93-93-113-41.plesk.page\/ca\/#organization\"},\"potentialAction\":[{\"@type\":\"SearchAction\",\"target\":{\"@type\":\"EntryPoint\",\"urlTemplate\":\"https:\/\/dev.93-93-113-41.plesk.page\/ca\/?s={search_term_string}\"},\"query-input\":\"required name=search_term_string\"}],\"inLanguage\":\"ca\"},{\"@type\":\"Organization\",\"@id\":\"https:\/\/dev.93-93-113-41.plesk.page\/ca\/#organization\",\"name\":\"Servidigest\",\"url\":\"https:\/\/dev.93-93-113-41.plesk.page\/ca\/\",\"logo\":{\"@type\":\"ImageObject\",\"inLanguage\":\"ca\",\"@id\":\"https:\/\/dev.93-93-113-41.plesk.page\/ca\/#\/schema\/logo\/image\/\",\"url\":\"https:\/\/dev.93-93-113-41.plesk.page\/wp-content\/uploads\/2024\/01\/servidigest.png\",\"contentUrl\":\"https:\/\/dev.93-93-113-41.plesk.page\/wp-content\/uploads\/2024\/01\/servidigest.png\",\"width\":808,\"height\":88,\"caption\":\"Servidigest\"},\"image\":{\"@id\":\"https:\/\/dev.93-93-113-41.plesk.page\/ca\/#\/schema\/logo\/image\/\"},\"sameAs\":[\"https:\/\/www.facebook.com\/servidigest\",\"https:\/\/x.com\/servidigest\"]}]}<\/script>\n<!-- \/ Yoast SEO plugin. -->","yoast_head_json":{"title":"Coloproctologia - Servidigest","robots":{"index":"index","follow":"follow","max-snippet":"max-snippet:-1","max-image-preview":"max-image-preview:large","max-video-preview":"max-video-preview:-1"},"canonical":"https:\/\/dev.93-93-113-41.plesk.page\/ca\/serveis\/cirurgia-general-i-digestiva\/coloproctologia\/","og_locale":"ca_ES","og_type":"article","og_title":"Coloproctologia - Servidigest","og_description":"La Coloproctologia \u00e9s la part de la medicina que es dedica a l&#8217;estudi i el tractament de les patologies relacionades amb el c\u00f2lon, el recte i la zona anal. A la Unitat de Coloproctologia de [...]","og_url":"https:\/\/dev.93-93-113-41.plesk.page\/ca\/serveis\/cirurgia-general-i-digestiva\/coloproctologia\/","og_site_name":"Servidigest","article_publisher":"https:\/\/www.facebook.com\/servidigest","article_modified_time":"2024-05-08T11:00:43+00:00","twitter_card":"summary_large_image","twitter_site":"@servidigest","twitter_misc":{"Est. reading time":"1 minute"},"schema":{"@context":"https:\/\/schema.org","@graph":[{"@type":"WebPage","@id":"https:\/\/dev.93-93-113-41.plesk.page\/ca\/serveis\/cirurgia-general-i-digestiva\/coloproctologia\/","url":"https:\/\/dev.93-93-113-41.plesk.page\/ca\/serveis\/cirurgia-general-i-digestiva\/coloproctologia\/","name":"Coloproctologia - Servidigest","isPartOf":{"@id":"https:\/\/dev.93-93-113-41.plesk.page\/ca\/#website"},"datePublished":"2024-05-08T10:58:53+00:00","dateModified":"2024-05-08T11:00:43+00:00","breadcrumb":{"@id":"https:\/\/dev.93-93-113-41.plesk.page\/ca\/serveis\/cirurgia-general-i-digestiva\/coloproctologia\/#breadcrumb"},"inLanguage":"ca","potentialAction":[{"@type":"ReadAction","target":["https:\/\/dev.93-93-113-41.plesk.page\/ca\/serveis\/cirurgia-general-i-digestiva\/coloproctologia\/"]}]},{"@type":"BreadcrumbList","@id":"https:\/\/dev.93-93-113-41.plesk.page\/ca\/serveis\/cirurgia-general-i-digestiva\/coloproctologia\/#breadcrumb","itemListElement":[{"@type":"ListItem","position":1,"name":"Serveis M\u00e8dics de Cl\u00ednica ServiDigest","item":"https:\/\/dev.93-93-113-41.plesk.page\/ca\/servicios\/"},{"@type":"ListItem","position":2,"name":"Cirurgia General i Digestiva","item":"https:\/\/dev.93-93-113-41.plesk.page\/ca\/servicios\/cirugia-general-y-digestiva\/"},{"@type":"ListItem","position":3,"name":"Coloproctologia"}]},{"@type":"WebSite","@id":"https:\/\/dev.93-93-113-41.plesk.page\/ca\/#website","url":"https:\/\/dev.93-93-113-41.plesk.page\/ca\/","name":"Servidigest","description":"","publisher":{"@id":"https:\/\/dev.93-93-113-41.plesk.page\/ca\/#organization"},"potentialAction":[{"@type":"SearchAction","target":{"@type":"EntryPoint","urlTemplate":"https:\/\/dev.93-93-113-41.plesk.page\/ca\/?s={search_term_string}"},"query-input":"required name=search_term_string"}],"inLanguage":"ca"},{"@type":"Organization","@id":"https:\/\/dev.93-93-113-41.plesk.page\/ca\/#organization","name":"Servidigest","url":"https:\/\/dev.93-93-113-41.plesk.page\/ca\/","logo":{"@type":"ImageObject","inLanguage":"ca","@id":"https:\/\/dev.93-93-113-41.plesk.page\/ca\/#\/schema\/logo\/image\/","url":"https:\/\/dev.93-93-113-41.plesk.page\/wp-content\/uploads\/2024\/01\/servidigest.png","contentUrl":"https:\/\/dev.93-93-113-41.plesk.page\/wp-content\/uploads\/2024\/01\/servidigest.png","width":808,"height":88,"caption":"Servidigest"},"image":{"@id":"https:\/\/dev.93-93-113-41.plesk.page\/ca\/#\/schema\/logo\/image\/"},"sameAs":["https:\/\/www.facebook.com\/servidigest","https:\/\/x.com\/servidigest"]}]}},"_links":{"self":[{"href":"https:\/\/dev.93-93-113-41.plesk.page\/ca\/wp-json\/wp\/v2\/pages\/39232","targetHints":{"allow":["GET"]}}],"collection":[{"href":"https:\/\/dev.93-93-113-41.plesk.page\/ca\/wp-json\/wp\/v2\/pages"}],"about":[{"href":"https:\/\/dev.93-93-113-41.plesk.page\/ca\/wp-json\/wp\/v2\/types\/page"}],"author":[{"embeddable":true,"href":"https:\/\/dev.93-93-113-41.plesk.page\/ca\/wp-json\/wp\/v2\/users\/1"}],"replies":[{"embeddable":true,"href":"https:\/\/dev.93-93-113-41.plesk.page\/ca\/wp-json\/wp\/v2\/comments?post=39232"}],"version-history":[{"count":1,"href":"https:\/\/dev.93-93-113-41.plesk.page\/ca\/wp-json\/wp\/v2\/pages\/39232\/revisions"}],"predecessor-version":[{"id":39233,"href":"https:\/\/dev.93-93-113-41.plesk.page\/ca\/wp-json\/wp\/v2\/pages\/39232\/revisions\/39233"}],"up":[{"embeddable":true,"href":"https:\/\/dev.93-93-113-41.plesk.page\/ca\/wp-json\/wp\/v2\/pages\/731"}],"wp:attachment":[{"href":"https:\/\/dev.93-93-113-41.plesk.page\/ca\/wp-json\/wp\/v2\/media?parent=39232"}],"curies":[{"name":"wp","href":"https:\/\/api.w.org\/{rel}","templated":true}]}}