{"id":37226,"date":"2024-03-13T13:22:52","date_gmt":"2024-03-13T12:22:52","guid":{"rendered":"https:\/\/dev.93-93-113-41.plesk.page\/equip-medic\/dr-carlos-rodriguez%e2%80%90otero-luppi\/"},"modified":"2024-03-13T13:55:40","modified_gmt":"2024-03-13T12:55:40","slug":"dr-carlos-rodriguez%e2%80%90otero-luppi","status":"publish","type":"page","link":"https:\/\/dev.93-93-113-41.plesk.page\/ca\/equip-medic\/dr-carlos-rodriguez%e2%80%90otero-luppi\/","title":{"rendered":"Dr. Carlos Rodr\u00edguez\u2010Otero Luppi"},"content":{"rendered":"\t\t<div data-elementor-type=\"wp-page\" data-elementor-id=\"37226\" class=\"elementor elementor-37226 elementor-37124\" data-elementor-post-type=\"page\">\n\t\t\t\t<div class=\"elementor-element elementor-element-1fdb8b66 e-flex e-con-boxed e-con e-parent\" data-id=\"1fdb8b66\" data-element_type=\"container\" data-core-v316-plus=\"true\">\n\t\t\t\t\t<div class=\"e-con-inner\">\n\t\t\t\t<div class=\"elementor-element elementor-element-748c864c elementor-widget elementor-widget-heading\" data-id=\"748c864c\" data-element_type=\"widget\" data-widget_type=\"heading.default\">\n\t\t\t\t<div class=\"elementor-widget-container\">\n\t\t\t<style>\/*! elementor - v3.20.0 - 13-03-2024 *\/\n.elementor-heading-title{padding:0;margin:0;line-height:1}.elementor-widget-heading .elementor-heading-title[class*=elementor-size-]>a{color:inherit;font-size:inherit;line-height:inherit}.elementor-widget-heading .elementor-heading-title.elementor-size-small{font-size:15px}.elementor-widget-heading .elementor-heading-title.elementor-size-medium{font-size:19px}.elementor-widget-heading .elementor-heading-title.elementor-size-large{font-size:29px}.elementor-widget-heading .elementor-heading-title.elementor-size-xl{font-size:39px}.elementor-widget-heading .elementor-heading-title.elementor-size-xxl{font-size:59px}<\/style><h2 class=\"elementor-heading-title elementor-size-default\">Especialista en Cirurgia General, Cirurgia de l'Aparell Digestiu i Cirurgia de l'Obesitat<\/h2>\t\t<\/div>\n\t\t\t\t<\/div>\n\t\t\t\t\t<\/div>\n\t\t\t\t<\/div>\n\t\t<div class=\"elementor-element elementor-element-d70bf57 e-flex e-con-boxed e-con e-parent\" data-id=\"d70bf57\" data-element_type=\"container\" data-core-v316-plus=\"true\">\n\t\t\t\t\t<div class=\"e-con-inner\">\n\t\t<div class=\"elementor-element elementor-element-2b3f648b e-con-full e-flex e-con e-child\" data-id=\"2b3f648b\" data-element_type=\"container\">\n\t\t\t\t<div class=\"elementor-element elementor-element-1d9efc77 elementor-widget elementor-widget-theme-post-featured-image elementor-widget-image\" data-id=\"1d9efc77\" data-element_type=\"widget\" data-widget_type=\"theme-post-featured-image.default\">\n\t\t\t\t<div class=\"elementor-widget-container\">\n\t\t\t<style>\/*! elementor - v3.20.0 - 13-03-2024 *\/\n.elementor-widget-image{text-align:center}.elementor-widget-image a{display:inline-block}.elementor-widget-image a img[src$=\".svg\"]{width:48px}.elementor-widget-image img{vertical-align:middle;display:inline-block}<\/style>\t\t\t\t\t\t\t\t\t\t<img fetchpriority=\"high\" decoding=\"async\" width=\"614\" height=\"1024\" src=\"https:\/\/dev.93-93-113-41.plesk.page\/wp-content\/uploads\/2024\/03\/Dr.-Carlos-ROdriguez-Luppi-636x1060-1-614x1024.jpg\" class=\"attachment-large size-large wp-image-37126\" alt=\"\" srcset=\"https:\/\/dev.93-93-113-41.plesk.page\/wp-content\/uploads\/2024\/03\/Dr.-Carlos-ROdriguez-Luppi-636x1060-1-614x1024.jpg 614w, https:\/\/dev.93-93-113-41.plesk.page\/wp-content\/uploads\/2024\/03\/Dr.-Carlos-ROdriguez-Luppi-636x1060-1-600x1000.jpg 600w, https:\/\/dev.93-93-113-41.plesk.page\/wp-content\/uploads\/2024\/03\/Dr.-Carlos-ROdriguez-Luppi-636x1060-1-180x300.jpg 180w, https:\/\/dev.93-93-113-41.plesk.page\/wp-content\/uploads\/2024\/03\/Dr.-Carlos-ROdriguez-Luppi-636x1060-1.jpg 636w\" sizes=\"(max-width: 614px) 100vw, 614px\" \/>\t\t\t\t\t\t\t\t\t\t\t\t\t<\/div>\n\t\t\t\t<\/div>\n\t\t\t\t<\/div>\n\t\t<div class=\"elementor-element elementor-element-49ade295 e-con-full e-flex e-con e-child\" data-id=\"49ade295\" data-element_type=\"container\">\n\t\t\t\t<div class=\"elementor-element elementor-element-17ec8f55 elementor-widget elementor-widget-html\" data-id=\"17ec8f55\" data-element_type=\"widget\" data-widget_type=\"html.default\">\n\t\t\t\t<div class=\"elementor-widget-container\">\n\t\t\t<p class=\"text-body\"><strong>El Dr. Carlos Rodr\u00edguez-Otero Luppi \u00e9s facultatiu especialista en Cirurgia General i de l'Aparell Digestiu de Cl\u00ednica ServiDigest de Barcelona.<\/strong><\/p>\n<p class=\"text-body\"><strong>Facultatiu especialista en Cirurgia General i de l'Aparell Digestiu.<\/strong><\/p>\n<p class=\"text-body\">Metgessa Especialista en Cirurgia General i de l'Aparell Digestiu de l'Hospital de la Santa Creu i Sant Pau de Barcelona. Col\u00b7legiat n\u00fam. 42723 del Col\u00b7legi Oficial de Metges de Barcelona.<\/p>\n<p class=\"text-body\">Formaci\u00f3 d'especialista en Cirurgia General i de l'Aparell Digestiu com a metge resident a l'Hospital Universitari de la Santa Creu i Sant Pau de la Universitat Aut\u00f2noma de Barcelona.<\/p>\n<p class=\"text-body\">Formaci\u00f3 continuada amb la participaci\u00f3 i l'assist\u00e8ncia als cursos i congressos nacionals i internacionals m\u00e9s rellevants de Cirurgia General i de l'Aparell Digestiu \u2013 Cirurgia de l'Obesitat.<\/p>\n<p class=\"text-body\">Membre de les principals societats cient\u00edfiques relacionades amb l\u00b4especialitat de Cirurgia General i de l\u00b4Aparell Digestiu \u2013 Cirurgia de l\u00b4Obesitat.<\/p>\t\t<\/div>\n\t\t\t\t<\/div>\n\t\t\t\t<\/div>\n\t\t\t\t\t<\/div>\n\t\t\t\t<\/div>\n\t\t<div class=\"elementor-element elementor-element-9592f1b e-flex e-con-boxed e-con e-parent\" data-id=\"9592f1b\" data-element_type=\"container\" data-core-v316-plus=\"true\">\n\t\t\t\t\t<div class=\"e-con-inner\">\n\t\t\t\t\t<\/div>\n\t\t\t\t<\/div>\n\t\t<div class=\"elementor-element elementor-element-220d00b1 e-flex e-con-boxed e-con e-parent\" data-id=\"220d00b1\" data-element_type=\"container\" data-core-v316-plus=\"true\">\n\t\t\t\t\t<div class=\"e-con-inner\">\n\t\t\t\t\t<\/div>\n\t\t\t\t<\/div>\n\t\t\t\t<\/div>\n\t\t","protected":false},"excerpt":{"rendered":"<div class=\"mh-excerpt\"><p>Especialista en Cirurgia General, Cirurgia de l&#8217;Aparell Digestiu i Cirurgia de l&#8217;Obesitat <a class=\"mh-excerpt-more\" href=\"https:\/\/dev.93-93-113-41.plesk.page\/ca\/equip-medic\/dr-carlos-rodriguez%e2%80%90otero-luppi\/\" title=\"Dr. Carlos Rodr\u00edguez\u2010Otero Luppi\">[&#8230;]<\/a><\/p>\n<\/div>","protected":false},"author":1,"featured_media":37126,"parent":37147,"menu_order":0,"comment_status":"closed","ping_status":"closed","template":"","meta":{"footnotes":""},"class_list":["post-37226","page","type-page","status-publish","has-post-thumbnail"],"yoast_head":"<!-- This site is optimized with the Yoast SEO plugin v22.6 - https:\/\/yoast.com\/wordpress\/plugins\/seo\/ -->\n<title>Dr. Carlos Rodr\u00edguez\u2010Otero Luppi - Servidigest<\/title>\n<meta name=\"robots\" content=\"index, follow, max-snippet:-1, max-image-preview:large, max-video-preview:-1\" \/>\n<link rel=\"canonical\" href=\"https:\/\/dev.93-93-113-41.plesk.page\/ca\/equip-medic\/dr-carlos-rodriguez%e2%80%90otero-luppi\/\" \/>\n<meta property=\"og:locale\" content=\"ca_ES\" \/>\n<meta property=\"og:type\" content=\"article\" \/>\n<meta property=\"og:title\" content=\"Dr. Carlos Rodr\u00edguez\u2010Otero Luppi - Servidigest\" \/>\n<meta property=\"og:description\" content=\"Especialista en Cirurgia General, Cirurgia de l&#039;Aparell Digestiu i Cirurgia de l&#039;Obesitat [...]\" \/>\n<meta property=\"og:url\" content=\"https:\/\/dev.93-93-113-41.plesk.page\/ca\/equip-medic\/dr-carlos-rodriguez%e2%80%90otero-luppi\/\" \/>\n<meta property=\"og:site_name\" content=\"Servidigest\" \/>\n<meta property=\"article:publisher\" content=\"https:\/\/www.facebook.com\/servidigest\" \/>\n<meta property=\"article:modified_time\" content=\"2024-03-13T12:55:40+00:00\" \/>\n<meta property=\"og:image\" content=\"https:\/\/dev.93-93-113-41.plesk.page\/wp-content\/uploads\/2024\/03\/Dr.-Carlos-ROdriguez-Luppi-636x1060-1.jpg\" \/>\n\t<meta property=\"og:image:width\" content=\"636\" \/>\n\t<meta property=\"og:image:height\" content=\"1060\" \/>\n\t<meta property=\"og:image:type\" content=\"image\/jpeg\" \/>\n<meta name=\"twitter:card\" content=\"summary_large_image\" \/>\n<meta name=\"twitter:site\" content=\"@servidigest\" \/>\n<meta name=\"twitter:label1\" content=\"Est. reading time\" \/>\n\t<meta name=\"twitter:data1\" content=\"1 minute\" \/>\n<script type=\"application\/ld+json\" class=\"yoast-schema-graph\">{\"@context\":\"https:\/\/schema.org\",\"@graph\":[{\"@type\":\"WebPage\",\"@id\":\"https:\/\/dev.93-93-113-41.plesk.page\/ca\/equip-medic\/dr-carlos-rodriguez%e2%80%90otero-luppi\/\",\"url\":\"https:\/\/dev.93-93-113-41.plesk.page\/ca\/equip-medic\/dr-carlos-rodriguez%e2%80%90otero-luppi\/\",\"name\":\"Dr. Carlos Rodr\u00edguez\u2010Otero Luppi - Servidigest\",\"isPartOf\":{\"@id\":\"https:\/\/dev.93-93-113-41.plesk.page\/ca\/#website\"},\"primaryImageOfPage\":{\"@id\":\"https:\/\/dev.93-93-113-41.plesk.page\/ca\/equip-medic\/dr-carlos-rodriguez%e2%80%90otero-luppi\/#primaryimage\"},\"image\":{\"@id\":\"https:\/\/dev.93-93-113-41.plesk.page\/ca\/equip-medic\/dr-carlos-rodriguez%e2%80%90otero-luppi\/#primaryimage\"},\"thumbnailUrl\":\"https:\/\/dev.93-93-113-41.plesk.page\/wp-content\/uploads\/2024\/03\/Dr.-Carlos-ROdriguez-Luppi-636x1060-1.jpg\",\"datePublished\":\"2024-03-13T12:22:52+00:00\",\"dateModified\":\"2024-03-13T12:55:40+00:00\",\"breadcrumb\":{\"@id\":\"https:\/\/dev.93-93-113-41.plesk.page\/ca\/equip-medic\/dr-carlos-rodriguez%e2%80%90otero-luppi\/#breadcrumb\"},\"inLanguage\":\"ca\",\"potentialAction\":[{\"@type\":\"ReadAction\",\"target\":[\"https:\/\/dev.93-93-113-41.plesk.page\/ca\/equip-medic\/dr-carlos-rodriguez%e2%80%90otero-luppi\/\"]}]},{\"@type\":\"ImageObject\",\"inLanguage\":\"ca\",\"@id\":\"https:\/\/dev.93-93-113-41.plesk.page\/ca\/equip-medic\/dr-carlos-rodriguez%e2%80%90otero-luppi\/#primaryimage\",\"url\":\"https:\/\/dev.93-93-113-41.plesk.page\/wp-content\/uploads\/2024\/03\/Dr.-Carlos-ROdriguez-Luppi-636x1060-1.jpg\",\"contentUrl\":\"https:\/\/dev.93-93-113-41.plesk.page\/wp-content\/uploads\/2024\/03\/Dr.-Carlos-ROdriguez-Luppi-636x1060-1.jpg\",\"width\":636,\"height\":1060},{\"@type\":\"BreadcrumbList\",\"@id\":\"https:\/\/dev.93-93-113-41.plesk.page\/ca\/equip-medic\/dr-carlos-rodriguez%e2%80%90otero-luppi\/#breadcrumb\",\"itemListElement\":[{\"@type\":\"ListItem\",\"position\":1,\"name\":\"Equip M\u00e8dic\",\"item\":\"https:\/\/dev.93-93-113-41.plesk.page\/ca\/equipo-medico\/\"},{\"@type\":\"ListItem\",\"position\":2,\"name\":\"Dr. Carlos Rodr\u00edguez\u2010Otero Luppi\"}]},{\"@type\":\"WebSite\",\"@id\":\"https:\/\/dev.93-93-113-41.plesk.page\/ca\/#website\",\"url\":\"https:\/\/dev.93-93-113-41.plesk.page\/ca\/\",\"name\":\"Servidigest\",\"description\":\"\",\"publisher\":{\"@id\":\"https:\/\/dev.93-93-113-41.plesk.page\/ca\/#organization\"},\"potentialAction\":[{\"@type\":\"SearchAction\",\"target\":{\"@type\":\"EntryPoint\",\"urlTemplate\":\"https:\/\/dev.93-93-113-41.plesk.page\/ca\/?s={search_term_string}\"},\"query-input\":\"required name=search_term_string\"}],\"inLanguage\":\"ca\"},{\"@type\":\"Organization\",\"@id\":\"https:\/\/dev.93-93-113-41.plesk.page\/ca\/#organization\",\"name\":\"Servidigest\",\"url\":\"https:\/\/dev.93-93-113-41.plesk.page\/ca\/\",\"logo\":{\"@type\":\"ImageObject\",\"inLanguage\":\"ca\",\"@id\":\"https:\/\/dev.93-93-113-41.plesk.page\/ca\/#\/schema\/logo\/image\/\",\"url\":\"https:\/\/dev.93-93-113-41.plesk.page\/wp-content\/uploads\/2024\/01\/servidigest.png\",\"contentUrl\":\"https:\/\/dev.93-93-113-41.plesk.page\/wp-content\/uploads\/2024\/01\/servidigest.png\",\"width\":808,\"height\":88,\"caption\":\"Servidigest\"},\"image\":{\"@id\":\"https:\/\/dev.93-93-113-41.plesk.page\/ca\/#\/schema\/logo\/image\/\"},\"sameAs\":[\"https:\/\/www.facebook.com\/servidigest\",\"https:\/\/x.com\/servidigest\"]}]}<\/script>\n<!-- \/ Yoast SEO plugin. -->","yoast_head_json":{"title":"Dr. Carlos Rodr\u00edguez\u2010Otero Luppi - Servidigest","robots":{"index":"index","follow":"follow","max-snippet":"max-snippet:-1","max-image-preview":"max-image-preview:large","max-video-preview":"max-video-preview:-1"},"canonical":"https:\/\/dev.93-93-113-41.plesk.page\/ca\/equip-medic\/dr-carlos-rodriguez%e2%80%90otero-luppi\/","og_locale":"ca_ES","og_type":"article","og_title":"Dr. Carlos Rodr\u00edguez\u2010Otero Luppi - Servidigest","og_description":"Especialista en Cirurgia General, Cirurgia de l'Aparell Digestiu i Cirurgia de l'Obesitat [...]","og_url":"https:\/\/dev.93-93-113-41.plesk.page\/ca\/equip-medic\/dr-carlos-rodriguez%e2%80%90otero-luppi\/","og_site_name":"Servidigest","article_publisher":"https:\/\/www.facebook.com\/servidigest","article_modified_time":"2024-03-13T12:55:40+00:00","og_image":[{"width":636,"height":1060,"url":"https:\/\/dev.93-93-113-41.plesk.page\/wp-content\/uploads\/2024\/03\/Dr.-Carlos-ROdriguez-Luppi-636x1060-1.jpg","type":"image\/jpeg"}],"twitter_card":"summary_large_image","twitter_site":"@servidigest","twitter_misc":{"Est. reading time":"1 minute"},"schema":{"@context":"https:\/\/schema.org","@graph":[{"@type":"WebPage","@id":"https:\/\/dev.93-93-113-41.plesk.page\/ca\/equip-medic\/dr-carlos-rodriguez%e2%80%90otero-luppi\/","url":"https:\/\/dev.93-93-113-41.plesk.page\/ca\/equip-medic\/dr-carlos-rodriguez%e2%80%90otero-luppi\/","name":"Dr. Carlos Rodr\u00edguez\u2010Otero Luppi - Servidigest","isPartOf":{"@id":"https:\/\/dev.93-93-113-41.plesk.page\/ca\/#website"},"primaryImageOfPage":{"@id":"https:\/\/dev.93-93-113-41.plesk.page\/ca\/equip-medic\/dr-carlos-rodriguez%e2%80%90otero-luppi\/#primaryimage"},"image":{"@id":"https:\/\/dev.93-93-113-41.plesk.page\/ca\/equip-medic\/dr-carlos-rodriguez%e2%80%90otero-luppi\/#primaryimage"},"thumbnailUrl":"https:\/\/dev.93-93-113-41.plesk.page\/wp-content\/uploads\/2024\/03\/Dr.-Carlos-ROdriguez-Luppi-636x1060-1.jpg","datePublished":"2024-03-13T12:22:52+00:00","dateModified":"2024-03-13T12:55:40+00:00","breadcrumb":{"@id":"https:\/\/dev.93-93-113-41.plesk.page\/ca\/equip-medic\/dr-carlos-rodriguez%e2%80%90otero-luppi\/#breadcrumb"},"inLanguage":"ca","potentialAction":[{"@type":"ReadAction","target":["https:\/\/dev.93-93-113-41.plesk.page\/ca\/equip-medic\/dr-carlos-rodriguez%e2%80%90otero-luppi\/"]}]},{"@type":"ImageObject","inLanguage":"ca","@id":"https:\/\/dev.93-93-113-41.plesk.page\/ca\/equip-medic\/dr-carlos-rodriguez%e2%80%90otero-luppi\/#primaryimage","url":"https:\/\/dev.93-93-113-41.plesk.page\/wp-content\/uploads\/2024\/03\/Dr.-Carlos-ROdriguez-Luppi-636x1060-1.jpg","contentUrl":"https:\/\/dev.93-93-113-41.plesk.page\/wp-content\/uploads\/2024\/03\/Dr.-Carlos-ROdriguez-Luppi-636x1060-1.jpg","width":636,"height":1060},{"@type":"BreadcrumbList","@id":"https:\/\/dev.93-93-113-41.plesk.page\/ca\/equip-medic\/dr-carlos-rodriguez%e2%80%90otero-luppi\/#breadcrumb","itemListElement":[{"@type":"ListItem","position":1,"name":"Equip M\u00e8dic","item":"https:\/\/dev.93-93-113-41.plesk.page\/ca\/equipo-medico\/"},{"@type":"ListItem","position":2,"name":"Dr. Carlos Rodr\u00edguez\u2010Otero Luppi"}]},{"@type":"WebSite","@id":"https:\/\/dev.93-93-113-41.plesk.page\/ca\/#website","url":"https:\/\/dev.93-93-113-41.plesk.page\/ca\/","name":"Servidigest","description":"","publisher":{"@id":"https:\/\/dev.93-93-113-41.plesk.page\/ca\/#organization"},"potentialAction":[{"@type":"SearchAction","target":{"@type":"EntryPoint","urlTemplate":"https:\/\/dev.93-93-113-41.plesk.page\/ca\/?s={search_term_string}"},"query-input":"required name=search_term_string"}],"inLanguage":"ca"},{"@type":"Organization","@id":"https:\/\/dev.93-93-113-41.plesk.page\/ca\/#organization","name":"Servidigest","url":"https:\/\/dev.93-93-113-41.plesk.page\/ca\/","logo":{"@type":"ImageObject","inLanguage":"ca","@id":"https:\/\/dev.93-93-113-41.plesk.page\/ca\/#\/schema\/logo\/image\/","url":"https:\/\/dev.93-93-113-41.plesk.page\/wp-content\/uploads\/2024\/01\/servidigest.png","contentUrl":"https:\/\/dev.93-93-113-41.plesk.page\/wp-content\/uploads\/2024\/01\/servidigest.png","width":808,"height":88,"caption":"Servidigest"},"image":{"@id":"https:\/\/dev.93-93-113-41.plesk.page\/ca\/#\/schema\/logo\/image\/"},"sameAs":["https:\/\/www.facebook.com\/servidigest","https:\/\/x.com\/servidigest"]}]}},"_links":{"self":[{"href":"https:\/\/dev.93-93-113-41.plesk.page\/ca\/wp-json\/wp\/v2\/pages\/37226","targetHints":{"allow":["GET"]}}],"collection":[{"href":"https:\/\/dev.93-93-113-41.plesk.page\/ca\/wp-json\/wp\/v2\/pages"}],"about":[{"href":"https:\/\/dev.93-93-113-41.plesk.page\/ca\/wp-json\/wp\/v2\/types\/page"}],"author":[{"embeddable":true,"href":"https:\/\/dev.93-93-113-41.plesk.page\/ca\/wp-json\/wp\/v2\/users\/1"}],"replies":[{"embeddable":true,"href":"https:\/\/dev.93-93-113-41.plesk.page\/ca\/wp-json\/wp\/v2\/comments?post=37226"}],"version-history":[{"count":1,"href":"https:\/\/dev.93-93-113-41.plesk.page\/ca\/wp-json\/wp\/v2\/pages\/37226\/revisions"}],"predecessor-version":[{"id":37227,"href":"https:\/\/dev.93-93-113-41.plesk.page\/ca\/wp-json\/wp\/v2\/pages\/37226\/revisions\/37227"}],"up":[{"embeddable":true,"href":"https:\/\/dev.93-93-113-41.plesk.page\/ca\/wp-json\/wp\/v2\/pages\/37147"}],"wp:featuredmedia":[{"embeddable":true,"href":"https:\/\/dev.93-93-113-41.plesk.page\/ca\/wp-json\/wp\/v2\/media\/37126"}],"wp:attachment":[{"href":"https:\/\/dev.93-93-113-41.plesk.page\/ca\/wp-json\/wp\/v2\/media?parent=37226"}],"curies":[{"name":"wp","href":"https:\/\/api.w.org\/{rel}","templated":true}]}}