{"id":37214,"date":"2024-03-13T13:15:29","date_gmt":"2024-03-13T12:15:29","guid":{"rendered":"https:\/\/dev.93-93-113-41.plesk.page\/equip-medic\/dr-manuel-rodriguez-blanco\/"},"modified":"2024-03-13T13:54:11","modified_gmt":"2024-03-13T12:54:11","slug":"dr-manuel-rodriguez-blanco","status":"publish","type":"page","link":"https:\/\/dev.93-93-113-41.plesk.page\/ca\/equip-medic\/dr-manuel-rodriguez-blanco\/","title":{"rendered":"Dr. Manuel Rodr\u00edguez Blanco"},"content":{"rendered":"\t\t<div data-elementor-type=\"wp-page\" data-elementor-id=\"37214\" class=\"elementor elementor-37214 elementor-37104\" data-elementor-post-type=\"page\">\n\t\t\t\t<div class=\"elementor-element elementor-element-59e8d619 e-flex e-con-boxed e-con e-parent\" data-id=\"59e8d619\" data-element_type=\"container\" data-core-v316-plus=\"true\">\n\t\t\t\t\t<div class=\"e-con-inner\">\n\t\t\t\t<div class=\"elementor-element elementor-element-6095aebb elementor-widget elementor-widget-heading\" data-id=\"6095aebb\" data-element_type=\"widget\" data-widget_type=\"heading.default\">\n\t\t\t\t<div class=\"elementor-widget-container\">\n\t\t\t<style>\/*! elementor - v3.20.0 - 13-03-2024 *\/\n.elementor-heading-title{padding:0;margin:0;line-height:1}.elementor-widget-heading .elementor-heading-title[class*=elementor-size-]>a{color:inherit;font-size:inherit;line-height:inherit}.elementor-widget-heading .elementor-heading-title.elementor-size-small{font-size:15px}.elementor-widget-heading .elementor-heading-title.elementor-size-medium{font-size:19px}.elementor-widget-heading .elementor-heading-title.elementor-size-large{font-size:29px}.elementor-widget-heading .elementor-heading-title.elementor-size-xl{font-size:39px}.elementor-widget-heading .elementor-heading-title.elementor-size-xxl{font-size:59px}<\/style><h2 class=\"elementor-heading-title elementor-size-default\">Especialista en Cirurgia General, Cirurgia de l'Aparell Digestiu i Cirurgia de l'Obesitat<\/h2>\t\t<\/div>\n\t\t\t\t<\/div>\n\t\t\t\t\t<\/div>\n\t\t\t\t<\/div>\n\t\t<div class=\"elementor-element elementor-element-3ac7d1a5 e-flex e-con-boxed e-con e-parent\" data-id=\"3ac7d1a5\" data-element_type=\"container\" data-core-v316-plus=\"true\">\n\t\t\t\t\t<div class=\"e-con-inner\">\n\t\t<div class=\"elementor-element elementor-element-31e3a157 e-con-full e-flex e-con e-child\" data-id=\"31e3a157\" data-element_type=\"container\">\n\t\t\t\t<div class=\"elementor-element elementor-element-f573689 elementor-widget elementor-widget-theme-post-featured-image elementor-widget-image\" data-id=\"f573689\" data-element_type=\"widget\" data-widget_type=\"theme-post-featured-image.default\">\n\t\t\t\t<div class=\"elementor-widget-container\">\n\t\t\t<style>\/*! elementor - v3.20.0 - 13-03-2024 *\/\n.elementor-widget-image{text-align:center}.elementor-widget-image a{display:inline-block}.elementor-widget-image a img[src$=\".svg\"]{width:48px}.elementor-widget-image img{vertical-align:middle;display:inline-block}<\/style>\t\t\t\t\t\t\t\t\t\t<img fetchpriority=\"high\" decoding=\"async\" width=\"286\" height=\"476\" src=\"https:\/\/dev.93-93-113-41.plesk.page\/wp-content\/uploads\/2024\/03\/Manuel-Rodriguez-Blanco.jpg\" class=\"attachment-large size-large wp-image-37106\" alt=\"\" srcset=\"https:\/\/dev.93-93-113-41.plesk.page\/wp-content\/uploads\/2024\/03\/Manuel-Rodriguez-Blanco.jpg 286w, https:\/\/dev.93-93-113-41.plesk.page\/wp-content\/uploads\/2024\/03\/Manuel-Rodriguez-Blanco-180x300.jpg 180w\" sizes=\"(max-width: 286px) 100vw, 286px\" \/>\t\t\t\t\t\t\t\t\t\t\t\t\t<\/div>\n\t\t\t\t<\/div>\n\t\t\t\t<\/div>\n\t\t<div class=\"elementor-element elementor-element-250dc5d4 e-con-full e-flex e-con e-child\" data-id=\"250dc5d4\" data-element_type=\"container\">\n\t\t\t\t<div class=\"elementor-element elementor-element-67c35dd8 elementor-widget elementor-widget-html\" data-id=\"67c35dd8\" data-element_type=\"widget\" data-widget_type=\"html.default\">\n\t\t\t\t<div class=\"elementor-widget-container\">\n\t\t\t<p class=\"text-body\"><strong>El Dr. Manuel Rodr\u00edguez Blanco \u00e9s el coordinador m\u00e8dic&nbsp; del Departament de Cirurgia de Cl\u00ednica ServiDigest de Barcelona.<\/strong><\/p>\n<p class=\"text-body\"><strong>Facultatiu especialista en Cirurgia General i de l'Aparell Digestiu.<\/strong><\/p>\n<p class=\"text-body\">Metge&nbsp; Especialista en Cirurgia General i de l'Aparell Digestiu de l'Hospital Santa Creu i Sant Pau de Barcelona. Col\u00b7legiat n\u00fam. 32588 del Col\u00b7legi Oficial de Metges de Barcelona.<\/p>\n<p class=\"text-body\">Formaci\u00f3 d'especialista en Cirurgia General i de l'Aparell Digestiu com a metge&nbsp; resident a l'Hospital Universitari de la Santa Creu i Sant Pau de la Universitat Aut\u00f2noma de Barcelona.<\/p>\n<p class=\"text-body\">Professor al Centre docent-Fundaci\u00f3 Servidigest de les activitats acad\u00e8miques formatives del programa de pr\u00e0ctiques dels estudis universitaris d'Infermeria, Nutrici\u00f3 humana i Diet\u00e8tica de l'Escola Universit\u00e0ria de Ci\u00e8ncies de la Salut de la Universitat de Vic (Barcelona) i de la Facultat de Ci\u00e8ncies de la Salut Blanquerna de la Universitat Ramon LLull de Barcelona.<\/p>\n<p class=\"text-body\">Formaci\u00f3 continuada amb la participaci\u00f3 i l'assist\u00e8ncia als cursos i congressos nacionals i internacionals m\u00e9s rellevants de Cirurgia General i de l'Aparell Digestiu \u2013 Cirurgia de l'Obesitat.<\/p>\n<p class=\"text-body\">Membre de les principals societats cient\u00edfiques relacionades amb l\u00b4especialitat de Cirurgia General i de l\u00b4Aparell Digestiu \u2013 Cirurgia de l\u00b4Obesitat.<\/p>\t\t<\/div>\n\t\t\t\t<\/div>\n\t\t\t\t<\/div>\n\t\t\t\t\t<\/div>\n\t\t\t\t<\/div>\n\t\t<div class=\"elementor-element elementor-element-3df87aa2 e-flex e-con-boxed e-con e-parent\" data-id=\"3df87aa2\" data-element_type=\"container\" data-core-v316-plus=\"true\">\n\t\t\t\t\t<div class=\"e-con-inner\">\n\t\t\t\t\t<\/div>\n\t\t\t\t<\/div>\n\t\t<div class=\"elementor-element elementor-element-20843051 e-flex e-con-boxed e-con e-parent\" data-id=\"20843051\" data-element_type=\"container\" data-core-v316-plus=\"true\">\n\t\t\t\t\t<div class=\"e-con-inner\">\n\t\t\t\t\t<\/div>\n\t\t\t\t<\/div>\n\t\t\t\t<\/div>\n\t\t","protected":false},"excerpt":{"rendered":"<div class=\"mh-excerpt\"><p>Especialista en Cirurgia General, Cirurgia de l&#8217;Aparell Digestiu i Cirurgia de l&#8217;Obesitat <a class=\"mh-excerpt-more\" href=\"https:\/\/dev.93-93-113-41.plesk.page\/ca\/equip-medic\/dr-manuel-rodriguez-blanco\/\" title=\"Dr. Manuel Rodr\u00edguez Blanco\">[&#8230;]<\/a><\/p>\n<\/div>","protected":false},"author":1,"featured_media":37106,"parent":37147,"menu_order":0,"comment_status":"closed","ping_status":"closed","template":"","meta":{"footnotes":""},"class_list":["post-37214","page","type-page","status-publish","has-post-thumbnail"],"yoast_head":"<!-- This site is optimized with the Yoast SEO plugin v22.6 - https:\/\/yoast.com\/wordpress\/plugins\/seo\/ -->\n<title>Dr. Manuel Rodr\u00edguez Blanco - Servidigest<\/title>\n<meta name=\"robots\" content=\"index, follow, max-snippet:-1, max-image-preview:large, max-video-preview:-1\" \/>\n<link rel=\"canonical\" href=\"https:\/\/dev.93-93-113-41.plesk.page\/ca\/equip-medic\/dr-manuel-rodriguez-blanco\/\" \/>\n<meta property=\"og:locale\" content=\"ca_ES\" \/>\n<meta property=\"og:type\" content=\"article\" \/>\n<meta property=\"og:title\" content=\"Dr. Manuel Rodr\u00edguez Blanco - Servidigest\" \/>\n<meta property=\"og:description\" content=\"Especialista en Cirurgia General, Cirurgia de l&#039;Aparell Digestiu i Cirurgia de l&#039;Obesitat [...]\" \/>\n<meta property=\"og:url\" content=\"https:\/\/dev.93-93-113-41.plesk.page\/ca\/equip-medic\/dr-manuel-rodriguez-blanco\/\" \/>\n<meta property=\"og:site_name\" content=\"Servidigest\" \/>\n<meta property=\"article:publisher\" content=\"https:\/\/www.facebook.com\/servidigest\" \/>\n<meta property=\"article:modified_time\" content=\"2024-03-13T12:54:11+00:00\" \/>\n<meta property=\"og:image\" content=\"https:\/\/dev.93-93-113-41.plesk.page\/wp-content\/uploads\/2024\/03\/Manuel-Rodriguez-Blanco.jpg\" \/>\n\t<meta property=\"og:image:width\" content=\"286\" \/>\n\t<meta property=\"og:image:height\" content=\"476\" \/>\n\t<meta property=\"og:image:type\" content=\"image\/jpeg\" \/>\n<meta name=\"twitter:card\" content=\"summary_large_image\" \/>\n<meta name=\"twitter:site\" content=\"@servidigest\" \/>\n<meta name=\"twitter:label1\" content=\"Est. reading time\" \/>\n\t<meta name=\"twitter:data1\" content=\"1 minute\" \/>\n<script type=\"application\/ld+json\" class=\"yoast-schema-graph\">{\"@context\":\"https:\/\/schema.org\",\"@graph\":[{\"@type\":\"WebPage\",\"@id\":\"https:\/\/dev.93-93-113-41.plesk.page\/ca\/equip-medic\/dr-manuel-rodriguez-blanco\/\",\"url\":\"https:\/\/dev.93-93-113-41.plesk.page\/ca\/equip-medic\/dr-manuel-rodriguez-blanco\/\",\"name\":\"Dr. Manuel Rodr\u00edguez Blanco - Servidigest\",\"isPartOf\":{\"@id\":\"https:\/\/dev.93-93-113-41.plesk.page\/ca\/#website\"},\"primaryImageOfPage\":{\"@id\":\"https:\/\/dev.93-93-113-41.plesk.page\/ca\/equip-medic\/dr-manuel-rodriguez-blanco\/#primaryimage\"},\"image\":{\"@id\":\"https:\/\/dev.93-93-113-41.plesk.page\/ca\/equip-medic\/dr-manuel-rodriguez-blanco\/#primaryimage\"},\"thumbnailUrl\":\"https:\/\/dev.93-93-113-41.plesk.page\/wp-content\/uploads\/2024\/03\/Manuel-Rodriguez-Blanco.jpg\",\"datePublished\":\"2024-03-13T12:15:29+00:00\",\"dateModified\":\"2024-03-13T12:54:11+00:00\",\"breadcrumb\":{\"@id\":\"https:\/\/dev.93-93-113-41.plesk.page\/ca\/equip-medic\/dr-manuel-rodriguez-blanco\/#breadcrumb\"},\"inLanguage\":\"ca\",\"potentialAction\":[{\"@type\":\"ReadAction\",\"target\":[\"https:\/\/dev.93-93-113-41.plesk.page\/ca\/equip-medic\/dr-manuel-rodriguez-blanco\/\"]}]},{\"@type\":\"ImageObject\",\"inLanguage\":\"ca\",\"@id\":\"https:\/\/dev.93-93-113-41.plesk.page\/ca\/equip-medic\/dr-manuel-rodriguez-blanco\/#primaryimage\",\"url\":\"https:\/\/dev.93-93-113-41.plesk.page\/wp-content\/uploads\/2024\/03\/Manuel-Rodriguez-Blanco.jpg\",\"contentUrl\":\"https:\/\/dev.93-93-113-41.plesk.page\/wp-content\/uploads\/2024\/03\/Manuel-Rodriguez-Blanco.jpg\",\"width\":286,\"height\":476},{\"@type\":\"BreadcrumbList\",\"@id\":\"https:\/\/dev.93-93-113-41.plesk.page\/ca\/equip-medic\/dr-manuel-rodriguez-blanco\/#breadcrumb\",\"itemListElement\":[{\"@type\":\"ListItem\",\"position\":1,\"name\":\"Equip M\u00e8dic\",\"item\":\"https:\/\/dev.93-93-113-41.plesk.page\/ca\/equipo-medico\/\"},{\"@type\":\"ListItem\",\"position\":2,\"name\":\"Dr. Manuel Rodr\u00edguez Blanco\"}]},{\"@type\":\"WebSite\",\"@id\":\"https:\/\/dev.93-93-113-41.plesk.page\/ca\/#website\",\"url\":\"https:\/\/dev.93-93-113-41.plesk.page\/ca\/\",\"name\":\"Servidigest\",\"description\":\"\",\"publisher\":{\"@id\":\"https:\/\/dev.93-93-113-41.plesk.page\/ca\/#organization\"},\"potentialAction\":[{\"@type\":\"SearchAction\",\"target\":{\"@type\":\"EntryPoint\",\"urlTemplate\":\"https:\/\/dev.93-93-113-41.plesk.page\/ca\/?s={search_term_string}\"},\"query-input\":\"required name=search_term_string\"}],\"inLanguage\":\"ca\"},{\"@type\":\"Organization\",\"@id\":\"https:\/\/dev.93-93-113-41.plesk.page\/ca\/#organization\",\"name\":\"Servidigest\",\"url\":\"https:\/\/dev.93-93-113-41.plesk.page\/ca\/\",\"logo\":{\"@type\":\"ImageObject\",\"inLanguage\":\"ca\",\"@id\":\"https:\/\/dev.93-93-113-41.plesk.page\/ca\/#\/schema\/logo\/image\/\",\"url\":\"https:\/\/dev.93-93-113-41.plesk.page\/wp-content\/uploads\/2024\/01\/servidigest.png\",\"contentUrl\":\"https:\/\/dev.93-93-113-41.plesk.page\/wp-content\/uploads\/2024\/01\/servidigest.png\",\"width\":808,\"height\":88,\"caption\":\"Servidigest\"},\"image\":{\"@id\":\"https:\/\/dev.93-93-113-41.plesk.page\/ca\/#\/schema\/logo\/image\/\"},\"sameAs\":[\"https:\/\/www.facebook.com\/servidigest\",\"https:\/\/x.com\/servidigest\"]}]}<\/script>\n<!-- \/ Yoast SEO plugin. -->","yoast_head_json":{"title":"Dr. Manuel Rodr\u00edguez Blanco - Servidigest","robots":{"index":"index","follow":"follow","max-snippet":"max-snippet:-1","max-image-preview":"max-image-preview:large","max-video-preview":"max-video-preview:-1"},"canonical":"https:\/\/dev.93-93-113-41.plesk.page\/ca\/equip-medic\/dr-manuel-rodriguez-blanco\/","og_locale":"ca_ES","og_type":"article","og_title":"Dr. Manuel Rodr\u00edguez Blanco - Servidigest","og_description":"Especialista en Cirurgia General, Cirurgia de l'Aparell Digestiu i Cirurgia de l'Obesitat [...]","og_url":"https:\/\/dev.93-93-113-41.plesk.page\/ca\/equip-medic\/dr-manuel-rodriguez-blanco\/","og_site_name":"Servidigest","article_publisher":"https:\/\/www.facebook.com\/servidigest","article_modified_time":"2024-03-13T12:54:11+00:00","og_image":[{"width":286,"height":476,"url":"https:\/\/dev.93-93-113-41.plesk.page\/wp-content\/uploads\/2024\/03\/Manuel-Rodriguez-Blanco.jpg","type":"image\/jpeg"}],"twitter_card":"summary_large_image","twitter_site":"@servidigest","twitter_misc":{"Est. reading time":"1 minute"},"schema":{"@context":"https:\/\/schema.org","@graph":[{"@type":"WebPage","@id":"https:\/\/dev.93-93-113-41.plesk.page\/ca\/equip-medic\/dr-manuel-rodriguez-blanco\/","url":"https:\/\/dev.93-93-113-41.plesk.page\/ca\/equip-medic\/dr-manuel-rodriguez-blanco\/","name":"Dr. Manuel Rodr\u00edguez Blanco - Servidigest","isPartOf":{"@id":"https:\/\/dev.93-93-113-41.plesk.page\/ca\/#website"},"primaryImageOfPage":{"@id":"https:\/\/dev.93-93-113-41.plesk.page\/ca\/equip-medic\/dr-manuel-rodriguez-blanco\/#primaryimage"},"image":{"@id":"https:\/\/dev.93-93-113-41.plesk.page\/ca\/equip-medic\/dr-manuel-rodriguez-blanco\/#primaryimage"},"thumbnailUrl":"https:\/\/dev.93-93-113-41.plesk.page\/wp-content\/uploads\/2024\/03\/Manuel-Rodriguez-Blanco.jpg","datePublished":"2024-03-13T12:15:29+00:00","dateModified":"2024-03-13T12:54:11+00:00","breadcrumb":{"@id":"https:\/\/dev.93-93-113-41.plesk.page\/ca\/equip-medic\/dr-manuel-rodriguez-blanco\/#breadcrumb"},"inLanguage":"ca","potentialAction":[{"@type":"ReadAction","target":["https:\/\/dev.93-93-113-41.plesk.page\/ca\/equip-medic\/dr-manuel-rodriguez-blanco\/"]}]},{"@type":"ImageObject","inLanguage":"ca","@id":"https:\/\/dev.93-93-113-41.plesk.page\/ca\/equip-medic\/dr-manuel-rodriguez-blanco\/#primaryimage","url":"https:\/\/dev.93-93-113-41.plesk.page\/wp-content\/uploads\/2024\/03\/Manuel-Rodriguez-Blanco.jpg","contentUrl":"https:\/\/dev.93-93-113-41.plesk.page\/wp-content\/uploads\/2024\/03\/Manuel-Rodriguez-Blanco.jpg","width":286,"height":476},{"@type":"BreadcrumbList","@id":"https:\/\/dev.93-93-113-41.plesk.page\/ca\/equip-medic\/dr-manuel-rodriguez-blanco\/#breadcrumb","itemListElement":[{"@type":"ListItem","position":1,"name":"Equip M\u00e8dic","item":"https:\/\/dev.93-93-113-41.plesk.page\/ca\/equipo-medico\/"},{"@type":"ListItem","position":2,"name":"Dr. Manuel Rodr\u00edguez Blanco"}]},{"@type":"WebSite","@id":"https:\/\/dev.93-93-113-41.plesk.page\/ca\/#website","url":"https:\/\/dev.93-93-113-41.plesk.page\/ca\/","name":"Servidigest","description":"","publisher":{"@id":"https:\/\/dev.93-93-113-41.plesk.page\/ca\/#organization"},"potentialAction":[{"@type":"SearchAction","target":{"@type":"EntryPoint","urlTemplate":"https:\/\/dev.93-93-113-41.plesk.page\/ca\/?s={search_term_string}"},"query-input":"required name=search_term_string"}],"inLanguage":"ca"},{"@type":"Organization","@id":"https:\/\/dev.93-93-113-41.plesk.page\/ca\/#organization","name":"Servidigest","url":"https:\/\/dev.93-93-113-41.plesk.page\/ca\/","logo":{"@type":"ImageObject","inLanguage":"ca","@id":"https:\/\/dev.93-93-113-41.plesk.page\/ca\/#\/schema\/logo\/image\/","url":"https:\/\/dev.93-93-113-41.plesk.page\/wp-content\/uploads\/2024\/01\/servidigest.png","contentUrl":"https:\/\/dev.93-93-113-41.plesk.page\/wp-content\/uploads\/2024\/01\/servidigest.png","width":808,"height":88,"caption":"Servidigest"},"image":{"@id":"https:\/\/dev.93-93-113-41.plesk.page\/ca\/#\/schema\/logo\/image\/"},"sameAs":["https:\/\/www.facebook.com\/servidigest","https:\/\/x.com\/servidigest"]}]}},"_links":{"self":[{"href":"https:\/\/dev.93-93-113-41.plesk.page\/ca\/wp-json\/wp\/v2\/pages\/37214","targetHints":{"allow":["GET"]}}],"collection":[{"href":"https:\/\/dev.93-93-113-41.plesk.page\/ca\/wp-json\/wp\/v2\/pages"}],"about":[{"href":"https:\/\/dev.93-93-113-41.plesk.page\/ca\/wp-json\/wp\/v2\/types\/page"}],"author":[{"embeddable":true,"href":"https:\/\/dev.93-93-113-41.plesk.page\/ca\/wp-json\/wp\/v2\/users\/1"}],"replies":[{"embeddable":true,"href":"https:\/\/dev.93-93-113-41.plesk.page\/ca\/wp-json\/wp\/v2\/comments?post=37214"}],"version-history":[{"count":1,"href":"https:\/\/dev.93-93-113-41.plesk.page\/ca\/wp-json\/wp\/v2\/pages\/37214\/revisions"}],"predecessor-version":[{"id":37215,"href":"https:\/\/dev.93-93-113-41.plesk.page\/ca\/wp-json\/wp\/v2\/pages\/37214\/revisions\/37215"}],"up":[{"embeddable":true,"href":"https:\/\/dev.93-93-113-41.plesk.page\/ca\/wp-json\/wp\/v2\/pages\/37147"}],"wp:featuredmedia":[{"embeddable":true,"href":"https:\/\/dev.93-93-113-41.plesk.page\/ca\/wp-json\/wp\/v2\/media\/37106"}],"wp:attachment":[{"href":"https:\/\/dev.93-93-113-41.plesk.page\/ca\/wp-json\/wp\/v2\/media?parent=37214"}],"curies":[{"name":"wp","href":"https:\/\/api.w.org\/{rel}","templated":true}]}}