{"id":37196,"date":"2024-03-13T13:06:05","date_gmt":"2024-03-13T12:06:05","guid":{"rendered":"https:\/\/dev.93-93-113-41.plesk.page\/equip-medic\/dra-lissette-batista-perez\/"},"modified":"2024-03-13T13:51:36","modified_gmt":"2024-03-13T12:51:36","slug":"dra-lissette-batista-perez","status":"publish","type":"page","link":"https:\/\/dev.93-93-113-41.plesk.page\/ca\/equip-medic\/dra-lissette-batista-perez\/","title":{"rendered":"Dra. Lissette Batista P\u00e9rez"},"content":{"rendered":"\t\t<div data-elementor-type=\"wp-page\" data-elementor-id=\"37196\" class=\"elementor elementor-37196 elementor-37070\" data-elementor-post-type=\"page\">\n\t\t\t\t<div class=\"elementor-element elementor-element-7600e4b7 e-flex e-con-boxed e-con e-parent\" data-id=\"7600e4b7\" data-element_type=\"container\" data-core-v316-plus=\"true\">\n\t\t\t\t\t<div class=\"e-con-inner\">\n\t\t\t\t<div class=\"elementor-element elementor-element-5de57426 elementor-widget elementor-widget-heading\" data-id=\"5de57426\" data-element_type=\"widget\" data-widget_type=\"heading.default\">\n\t\t\t\t<div class=\"elementor-widget-container\">\n\t\t\t<style>\/*! elementor - v3.20.0 - 13-03-2024 *\/\n.elementor-heading-title{padding:0;margin:0;line-height:1}.elementor-widget-heading .elementor-heading-title[class*=elementor-size-]>a{color:inherit;font-size:inherit;line-height:inherit}.elementor-widget-heading .elementor-heading-title.elementor-size-small{font-size:15px}.elementor-widget-heading .elementor-heading-title.elementor-size-medium{font-size:19px}.elementor-widget-heading .elementor-heading-title.elementor-size-large{font-size:29px}.elementor-widget-heading .elementor-heading-title.elementor-size-xl{font-size:39px}.elementor-widget-heading .elementor-heading-title.elementor-size-xxl{font-size:59px}<\/style><h2 class=\"elementor-heading-title elementor-size-default\">Especialista en Aparell Digestiu<\/h2>\t\t<\/div>\n\t\t\t\t<\/div>\n\t\t\t\t\t<\/div>\n\t\t\t\t<\/div>\n\t\t<div class=\"elementor-element elementor-element-6c974a66 e-flex e-con-boxed e-con e-parent\" data-id=\"6c974a66\" data-element_type=\"container\" data-core-v316-plus=\"true\">\n\t\t\t\t\t<div class=\"e-con-inner\">\n\t\t<div class=\"elementor-element elementor-element-17583438 e-con-full e-flex e-con e-child\" data-id=\"17583438\" data-element_type=\"container\">\n\t\t\t\t<div class=\"elementor-element elementor-element-113a8bfa elementor-widget elementor-widget-theme-post-featured-image elementor-widget-image\" data-id=\"113a8bfa\" data-element_type=\"widget\" data-widget_type=\"theme-post-featured-image.default\">\n\t\t\t\t<div class=\"elementor-widget-container\">\n\t\t\t<style>\/*! elementor - v3.20.0 - 13-03-2024 *\/\n.elementor-widget-image{text-align:center}.elementor-widget-image a{display:inline-block}.elementor-widget-image a img[src$=\".svg\"]{width:48px}.elementor-widget-image img{vertical-align:middle;display:inline-block}<\/style>\t\t\t\t\t\t\t\t\t\t<img fetchpriority=\"high\" decoding=\"async\" width=\"386\" height=\"643\" src=\"https:\/\/dev.93-93-113-41.plesk.page\/wp-content\/uploads\/2024\/03\/Dra._Batista_Perez.jpg\" class=\"attachment-large size-large wp-image-37072\" alt=\"\" srcset=\"https:\/\/dev.93-93-113-41.plesk.page\/wp-content\/uploads\/2024\/03\/Dra._Batista_Perez.jpg 386w, https:\/\/dev.93-93-113-41.plesk.page\/wp-content\/uploads\/2024\/03\/Dra._Batista_Perez-180x300.jpg 180w\" sizes=\"(max-width: 386px) 100vw, 386px\" \/>\t\t\t\t\t\t\t\t\t\t\t\t\t<\/div>\n\t\t\t\t<\/div>\n\t\t\t\t<\/div>\n\t\t<div class=\"elementor-element elementor-element-219f0a7c e-con-full e-flex e-con e-child\" data-id=\"219f0a7c\" data-element_type=\"container\">\n\t\t\t\t<div class=\"elementor-element elementor-element-3e82379d elementor-widget elementor-widget-html\" data-id=\"3e82379d\" data-element_type=\"widget\" data-widget_type=\"html.default\">\n\t\t\t\t<div class=\"elementor-widget-container\">\n\t\t\t<p class=\"text-body\">La Dra. Lissette Batista P\u00e9rez \u00e9s facultativa del Departament d'Aparell Digestiu i de la Unitat medicoquir\u00fargica d'Obesitat de Cl\u00ednica ServiDigest de Barcelona<\/p>\n<p class=\"text-body\">Coordinadora del Departament Cient\u00edfic de Cl\u00ednica ServiDigest-Fundaci\u00f3 ServiDigest<\/p>\n<p class=\"text-body\">Llicenciada en Medicina. Col\u00b7legiada n\u00fam. 47355 del Col\u00b7legi Oficial de Metges de Barcelona<\/p>\n<p class=\"text-body\">Metgessa Especialista en Aparell Digestiu<\/p>\n<p class=\"text-body\">Formaci\u00f3 d'especialista en Aparell Digestiu com a metge intern resident a l'Hospital Universitari M\u00fatua de Terrassa de la Universitat de Barcelona<\/p>\n<p class=\"text-body\">Formaci\u00f3 cient\u00edfica continuada amb la participaci\u00f3 i assist\u00e8ncia als cursos i congressos m\u00e9s rellevants de Gastroenterologia, Coloproctologia, Endosc\u00f2pia digestiva, Hepatologia, P\u00e0ncrees, Neurogastroenterologia i Motilitat digestiva, Malaltia inflamat\u00f2ria intestinal, Metabolisme i Obesitat<\/p>\n<p class=\"text-body\">Professora dels Cursos de Sedaci\u00f3 profunda a Endosc\u00f2pia de la Societat Espanyola d'Endosc\u00f2pia Digestiva (SEED), realitzats a la Cl\u00ednica ServiDigest de Barcelona<\/p>\n<p class=\"text-body\">Membre de les principals societats cient\u00edfiques relacionades amb l'especialitat d'aparell digestiu, endosc\u00f2pia digestiva, metabolisme i obesitat<\/p>\n<p class=\"text-body\">Membre dels Grups de treball de la Societat Espanyola d'Endosc\u00f2pia Digestiva (SEED) de Resecci\u00f3 i Endosc\u00f2pia del 3r espai, Sedaci\u00f3 endosc\u00f2pica i Es\u00f2fag de Barrett<\/p>\n<p class=\"text-body\">Membre del Grup de treball de la Societat Espanyola d'Obesitat (SEEDO) a Endosc\u00f2pia Bari\u00e0trica i Metab\u00f2lica (EBAME)<\/p>\t\t<\/div>\n\t\t\t\t<\/div>\n\t\t\t\t<\/div>\n\t\t\t\t\t<\/div>\n\t\t\t\t<\/div>\n\t\t<div class=\"elementor-element elementor-element-1011e974 e-flex e-con-boxed e-con e-parent\" data-id=\"1011e974\" data-element_type=\"container\" data-core-v316-plus=\"true\">\n\t\t\t\t\t<div class=\"e-con-inner\">\n\t\t\t\t\t<\/div>\n\t\t\t\t<\/div>\n\t\t<div class=\"elementor-element elementor-element-1744d5c3 e-flex e-con-boxed e-con e-parent\" data-id=\"1744d5c3\" data-element_type=\"container\" data-core-v316-plus=\"true\">\n\t\t\t\t\t<div class=\"e-con-inner\">\n\t\t\t\t\t<\/div>\n\t\t\t\t<\/div>\n\t\t\t\t<\/div>\n\t\t","protected":false},"excerpt":{"rendered":"<div class=\"mh-excerpt\"><p>Especialista en Aparell Digestiu <a class=\"mh-excerpt-more\" href=\"https:\/\/dev.93-93-113-41.plesk.page\/ca\/equip-medic\/dra-lissette-batista-perez\/\" title=\"Dra. Lissette Batista P\u00e9rez\">[&#8230;]<\/a><\/p>\n<\/div>","protected":false},"author":1,"featured_media":37072,"parent":37147,"menu_order":0,"comment_status":"closed","ping_status":"closed","template":"","meta":{"footnotes":""},"class_list":["post-37196","page","type-page","status-publish","has-post-thumbnail"],"yoast_head":"<!-- This site is optimized with the Yoast SEO plugin v22.6 - https:\/\/yoast.com\/wordpress\/plugins\/seo\/ -->\n<title>Dra. Lissette Batista P\u00e9rez - Servidigest<\/title>\n<meta name=\"robots\" content=\"index, follow, max-snippet:-1, max-image-preview:large, max-video-preview:-1\" \/>\n<link rel=\"canonical\" href=\"https:\/\/dev.93-93-113-41.plesk.page\/ca\/equip-medic\/dra-lissette-batista-perez\/\" \/>\n<meta property=\"og:locale\" content=\"ca_ES\" \/>\n<meta property=\"og:type\" content=\"article\" \/>\n<meta property=\"og:title\" content=\"Dra. Lissette Batista P\u00e9rez - Servidigest\" \/>\n<meta property=\"og:description\" content=\"Especialista en Aparell Digestiu [...]\" \/>\n<meta property=\"og:url\" content=\"https:\/\/dev.93-93-113-41.plesk.page\/ca\/equip-medic\/dra-lissette-batista-perez\/\" \/>\n<meta property=\"og:site_name\" content=\"Servidigest\" \/>\n<meta property=\"article:publisher\" content=\"https:\/\/www.facebook.com\/servidigest\" \/>\n<meta property=\"article:modified_time\" content=\"2024-03-13T12:51:36+00:00\" \/>\n<meta property=\"og:image\" content=\"https:\/\/dev.93-93-113-41.plesk.page\/wp-content\/uploads\/2024\/03\/Dra._Batista_Perez.jpg\" \/>\n\t<meta property=\"og:image:width\" content=\"386\" \/>\n\t<meta property=\"og:image:height\" content=\"643\" \/>\n\t<meta property=\"og:image:type\" content=\"image\/jpeg\" \/>\n<meta name=\"twitter:card\" content=\"summary_large_image\" \/>\n<meta name=\"twitter:site\" content=\"@servidigest\" \/>\n<meta name=\"twitter:label1\" content=\"Est. reading time\" \/>\n\t<meta name=\"twitter:data1\" content=\"1 minute\" \/>\n<script type=\"application\/ld+json\" class=\"yoast-schema-graph\">{\"@context\":\"https:\/\/schema.org\",\"@graph\":[{\"@type\":\"WebPage\",\"@id\":\"https:\/\/dev.93-93-113-41.plesk.page\/ca\/equip-medic\/dra-lissette-batista-perez\/\",\"url\":\"https:\/\/dev.93-93-113-41.plesk.page\/ca\/equip-medic\/dra-lissette-batista-perez\/\",\"name\":\"Dra. Lissette Batista P\u00e9rez - Servidigest\",\"isPartOf\":{\"@id\":\"https:\/\/dev.93-93-113-41.plesk.page\/ca\/#website\"},\"primaryImageOfPage\":{\"@id\":\"https:\/\/dev.93-93-113-41.plesk.page\/ca\/equip-medic\/dra-lissette-batista-perez\/#primaryimage\"},\"image\":{\"@id\":\"https:\/\/dev.93-93-113-41.plesk.page\/ca\/equip-medic\/dra-lissette-batista-perez\/#primaryimage\"},\"thumbnailUrl\":\"https:\/\/dev.93-93-113-41.plesk.page\/wp-content\/uploads\/2024\/03\/Dra._Batista_Perez.jpg\",\"datePublished\":\"2024-03-13T12:06:05+00:00\",\"dateModified\":\"2024-03-13T12:51:36+00:00\",\"breadcrumb\":{\"@id\":\"https:\/\/dev.93-93-113-41.plesk.page\/ca\/equip-medic\/dra-lissette-batista-perez\/#breadcrumb\"},\"inLanguage\":\"ca\",\"potentialAction\":[{\"@type\":\"ReadAction\",\"target\":[\"https:\/\/dev.93-93-113-41.plesk.page\/ca\/equip-medic\/dra-lissette-batista-perez\/\"]}]},{\"@type\":\"ImageObject\",\"inLanguage\":\"ca\",\"@id\":\"https:\/\/dev.93-93-113-41.plesk.page\/ca\/equip-medic\/dra-lissette-batista-perez\/#primaryimage\",\"url\":\"https:\/\/dev.93-93-113-41.plesk.page\/wp-content\/uploads\/2024\/03\/Dra._Batista_Perez.jpg\",\"contentUrl\":\"https:\/\/dev.93-93-113-41.plesk.page\/wp-content\/uploads\/2024\/03\/Dra._Batista_Perez.jpg\",\"width\":386,\"height\":643},{\"@type\":\"BreadcrumbList\",\"@id\":\"https:\/\/dev.93-93-113-41.plesk.page\/ca\/equip-medic\/dra-lissette-batista-perez\/#breadcrumb\",\"itemListElement\":[{\"@type\":\"ListItem\",\"position\":1,\"name\":\"Equip M\u00e8dic\",\"item\":\"https:\/\/dev.93-93-113-41.plesk.page\/ca\/equipo-medico\/\"},{\"@type\":\"ListItem\",\"position\":2,\"name\":\"Dra. Lissette Batista P\u00e9rez\"}]},{\"@type\":\"WebSite\",\"@id\":\"https:\/\/dev.93-93-113-41.plesk.page\/ca\/#website\",\"url\":\"https:\/\/dev.93-93-113-41.plesk.page\/ca\/\",\"name\":\"Servidigest\",\"description\":\"\",\"publisher\":{\"@id\":\"https:\/\/dev.93-93-113-41.plesk.page\/ca\/#organization\"},\"potentialAction\":[{\"@type\":\"SearchAction\",\"target\":{\"@type\":\"EntryPoint\",\"urlTemplate\":\"https:\/\/dev.93-93-113-41.plesk.page\/ca\/?s={search_term_string}\"},\"query-input\":\"required name=search_term_string\"}],\"inLanguage\":\"ca\"},{\"@type\":\"Organization\",\"@id\":\"https:\/\/dev.93-93-113-41.plesk.page\/ca\/#organization\",\"name\":\"Servidigest\",\"url\":\"https:\/\/dev.93-93-113-41.plesk.page\/ca\/\",\"logo\":{\"@type\":\"ImageObject\",\"inLanguage\":\"ca\",\"@id\":\"https:\/\/dev.93-93-113-41.plesk.page\/ca\/#\/schema\/logo\/image\/\",\"url\":\"https:\/\/dev.93-93-113-41.plesk.page\/wp-content\/uploads\/2024\/01\/servidigest.png\",\"contentUrl\":\"https:\/\/dev.93-93-113-41.plesk.page\/wp-content\/uploads\/2024\/01\/servidigest.png\",\"width\":808,\"height\":88,\"caption\":\"Servidigest\"},\"image\":{\"@id\":\"https:\/\/dev.93-93-113-41.plesk.page\/ca\/#\/schema\/logo\/image\/\"},\"sameAs\":[\"https:\/\/www.facebook.com\/servidigest\",\"https:\/\/x.com\/servidigest\"]}]}<\/script>\n<!-- \/ Yoast SEO plugin. -->","yoast_head_json":{"title":"Dra. Lissette Batista P\u00e9rez - Servidigest","robots":{"index":"index","follow":"follow","max-snippet":"max-snippet:-1","max-image-preview":"max-image-preview:large","max-video-preview":"max-video-preview:-1"},"canonical":"https:\/\/dev.93-93-113-41.plesk.page\/ca\/equip-medic\/dra-lissette-batista-perez\/","og_locale":"ca_ES","og_type":"article","og_title":"Dra. Lissette Batista P\u00e9rez - Servidigest","og_description":"Especialista en Aparell Digestiu [...]","og_url":"https:\/\/dev.93-93-113-41.plesk.page\/ca\/equip-medic\/dra-lissette-batista-perez\/","og_site_name":"Servidigest","article_publisher":"https:\/\/www.facebook.com\/servidigest","article_modified_time":"2024-03-13T12:51:36+00:00","og_image":[{"width":386,"height":643,"url":"https:\/\/dev.93-93-113-41.plesk.page\/wp-content\/uploads\/2024\/03\/Dra._Batista_Perez.jpg","type":"image\/jpeg"}],"twitter_card":"summary_large_image","twitter_site":"@servidigest","twitter_misc":{"Est. reading time":"1 minute"},"schema":{"@context":"https:\/\/schema.org","@graph":[{"@type":"WebPage","@id":"https:\/\/dev.93-93-113-41.plesk.page\/ca\/equip-medic\/dra-lissette-batista-perez\/","url":"https:\/\/dev.93-93-113-41.plesk.page\/ca\/equip-medic\/dra-lissette-batista-perez\/","name":"Dra. Lissette Batista P\u00e9rez - Servidigest","isPartOf":{"@id":"https:\/\/dev.93-93-113-41.plesk.page\/ca\/#website"},"primaryImageOfPage":{"@id":"https:\/\/dev.93-93-113-41.plesk.page\/ca\/equip-medic\/dra-lissette-batista-perez\/#primaryimage"},"image":{"@id":"https:\/\/dev.93-93-113-41.plesk.page\/ca\/equip-medic\/dra-lissette-batista-perez\/#primaryimage"},"thumbnailUrl":"https:\/\/dev.93-93-113-41.plesk.page\/wp-content\/uploads\/2024\/03\/Dra._Batista_Perez.jpg","datePublished":"2024-03-13T12:06:05+00:00","dateModified":"2024-03-13T12:51:36+00:00","breadcrumb":{"@id":"https:\/\/dev.93-93-113-41.plesk.page\/ca\/equip-medic\/dra-lissette-batista-perez\/#breadcrumb"},"inLanguage":"ca","potentialAction":[{"@type":"ReadAction","target":["https:\/\/dev.93-93-113-41.plesk.page\/ca\/equip-medic\/dra-lissette-batista-perez\/"]}]},{"@type":"ImageObject","inLanguage":"ca","@id":"https:\/\/dev.93-93-113-41.plesk.page\/ca\/equip-medic\/dra-lissette-batista-perez\/#primaryimage","url":"https:\/\/dev.93-93-113-41.plesk.page\/wp-content\/uploads\/2024\/03\/Dra._Batista_Perez.jpg","contentUrl":"https:\/\/dev.93-93-113-41.plesk.page\/wp-content\/uploads\/2024\/03\/Dra._Batista_Perez.jpg","width":386,"height":643},{"@type":"BreadcrumbList","@id":"https:\/\/dev.93-93-113-41.plesk.page\/ca\/equip-medic\/dra-lissette-batista-perez\/#breadcrumb","itemListElement":[{"@type":"ListItem","position":1,"name":"Equip M\u00e8dic","item":"https:\/\/dev.93-93-113-41.plesk.page\/ca\/equipo-medico\/"},{"@type":"ListItem","position":2,"name":"Dra. Lissette Batista P\u00e9rez"}]},{"@type":"WebSite","@id":"https:\/\/dev.93-93-113-41.plesk.page\/ca\/#website","url":"https:\/\/dev.93-93-113-41.plesk.page\/ca\/","name":"Servidigest","description":"","publisher":{"@id":"https:\/\/dev.93-93-113-41.plesk.page\/ca\/#organization"},"potentialAction":[{"@type":"SearchAction","target":{"@type":"EntryPoint","urlTemplate":"https:\/\/dev.93-93-113-41.plesk.page\/ca\/?s={search_term_string}"},"query-input":"required name=search_term_string"}],"inLanguage":"ca"},{"@type":"Organization","@id":"https:\/\/dev.93-93-113-41.plesk.page\/ca\/#organization","name":"Servidigest","url":"https:\/\/dev.93-93-113-41.plesk.page\/ca\/","logo":{"@type":"ImageObject","inLanguage":"ca","@id":"https:\/\/dev.93-93-113-41.plesk.page\/ca\/#\/schema\/logo\/image\/","url":"https:\/\/dev.93-93-113-41.plesk.page\/wp-content\/uploads\/2024\/01\/servidigest.png","contentUrl":"https:\/\/dev.93-93-113-41.plesk.page\/wp-content\/uploads\/2024\/01\/servidigest.png","width":808,"height":88,"caption":"Servidigest"},"image":{"@id":"https:\/\/dev.93-93-113-41.plesk.page\/ca\/#\/schema\/logo\/image\/"},"sameAs":["https:\/\/www.facebook.com\/servidigest","https:\/\/x.com\/servidigest"]}]}},"_links":{"self":[{"href":"https:\/\/dev.93-93-113-41.plesk.page\/ca\/wp-json\/wp\/v2\/pages\/37196","targetHints":{"allow":["GET"]}}],"collection":[{"href":"https:\/\/dev.93-93-113-41.plesk.page\/ca\/wp-json\/wp\/v2\/pages"}],"about":[{"href":"https:\/\/dev.93-93-113-41.plesk.page\/ca\/wp-json\/wp\/v2\/types\/page"}],"author":[{"embeddable":true,"href":"https:\/\/dev.93-93-113-41.plesk.page\/ca\/wp-json\/wp\/v2\/users\/1"}],"replies":[{"embeddable":true,"href":"https:\/\/dev.93-93-113-41.plesk.page\/ca\/wp-json\/wp\/v2\/comments?post=37196"}],"version-history":[{"count":1,"href":"https:\/\/dev.93-93-113-41.plesk.page\/ca\/wp-json\/wp\/v2\/pages\/37196\/revisions"}],"predecessor-version":[{"id":37197,"href":"https:\/\/dev.93-93-113-41.plesk.page\/ca\/wp-json\/wp\/v2\/pages\/37196\/revisions\/37197"}],"up":[{"embeddable":true,"href":"https:\/\/dev.93-93-113-41.plesk.page\/ca\/wp-json\/wp\/v2\/pages\/37147"}],"wp:featuredmedia":[{"embeddable":true,"href":"https:\/\/dev.93-93-113-41.plesk.page\/ca\/wp-json\/wp\/v2\/media\/37072"}],"wp:attachment":[{"href":"https:\/\/dev.93-93-113-41.plesk.page\/ca\/wp-json\/wp\/v2\/media?parent=37196"}],"curies":[{"name":"wp","href":"https:\/\/api.w.org\/{rel}","templated":true}]}}