{"id":37166,"date":"2024-03-13T12:30:37","date_gmt":"2024-03-13T11:30:37","guid":{"rendered":"https:\/\/dev.93-93-113-41.plesk.page\/equip-medic\/dr-f-xavier-de-ribot-molinet\/"},"modified":"2024-03-13T13:47:18","modified_gmt":"2024-03-13T12:47:18","slug":"dr-f-xavier-de-ribot-molinet","status":"publish","type":"page","link":"https:\/\/dev.93-93-113-41.plesk.page\/ca\/equip-medic\/dr-f-xavier-de-ribot-molinet\/","title":{"rendered":"Dr. F. Xavier de Ribot Molinet"},"content":{"rendered":"\t\t<div data-elementor-type=\"wp-page\" data-elementor-id=\"37166\" class=\"elementor elementor-37166 elementor-37014\" data-elementor-post-type=\"page\">\n\t\t\t\t<div class=\"elementor-element elementor-element-33de5d13 e-flex e-con-boxed e-con e-parent\" data-id=\"33de5d13\" data-element_type=\"container\" data-core-v316-plus=\"true\">\n\t\t\t\t\t<div class=\"e-con-inner\">\n\t\t\t\t<div class=\"elementor-element elementor-element-21b5f475 elementor-widget elementor-widget-heading\" data-id=\"21b5f475\" data-element_type=\"widget\" data-widget_type=\"heading.default\">\n\t\t\t\t<div class=\"elementor-widget-container\">\n\t\t\t<style>\/*! elementor - v3.20.0 - 13-03-2024 *\/\n.elementor-heading-title{padding:0;margin:0;line-height:1}.elementor-widget-heading .elementor-heading-title[class*=elementor-size-]>a{color:inherit;font-size:inherit;line-height:inherit}.elementor-widget-heading .elementor-heading-title.elementor-size-small{font-size:15px}.elementor-widget-heading .elementor-heading-title.elementor-size-medium{font-size:19px}.elementor-widget-heading .elementor-heading-title.elementor-size-large{font-size:29px}.elementor-widget-heading .elementor-heading-title.elementor-size-xl{font-size:39px}.elementor-widget-heading .elementor-heading-title.elementor-size-xxl{font-size:59px}<\/style><h2 class=\"elementor-heading-title elementor-size-default\">Especialista en Aparell Digestiu<\/h2>\t\t<\/div>\n\t\t\t\t<\/div>\n\t\t\t\t\t<\/div>\n\t\t\t\t<\/div>\n\t\t<div class=\"elementor-element elementor-element-5d7aa811 e-flex e-con-boxed e-con e-parent\" data-id=\"5d7aa811\" data-element_type=\"container\" data-core-v316-plus=\"true\">\n\t\t\t\t\t<div class=\"e-con-inner\">\n\t\t<div class=\"elementor-element elementor-element-7ce31b67 e-con-full e-flex e-con e-child\" data-id=\"7ce31b67\" data-element_type=\"container\">\n\t\t\t\t<div class=\"elementor-element elementor-element-573af4e9 elementor-widget elementor-widget-image\" data-id=\"573af4e9\" data-element_type=\"widget\" data-widget_type=\"image.default\">\n\t\t\t\t<div class=\"elementor-widget-container\">\n\t\t\t<style>\/*! elementor - v3.20.0 - 13-03-2024 *\/\n.elementor-widget-image{text-align:center}.elementor-widget-image a{display:inline-block}.elementor-widget-image a img[src$=\".svg\"]{width:48px}.elementor-widget-image img{vertical-align:middle;display:inline-block}<\/style>\t\t\t\t\t\t\t\t\t\t<img fetchpriority=\"high\" decoding=\"async\" width=\"286\" height=\"477\" src=\"https:\/\/dev.93-93-113-41.plesk.page\/wp-content\/uploads\/2024\/03\/Dr.-Xavier-Ribot-Molinet.jpg\" class=\"attachment-large size-large wp-image-37015\" alt=\"\" srcset=\"https:\/\/dev.93-93-113-41.plesk.page\/wp-content\/uploads\/2024\/03\/Dr.-Xavier-Ribot-Molinet.jpg 286w, https:\/\/dev.93-93-113-41.plesk.page\/wp-content\/uploads\/2024\/03\/Dr.-Xavier-Ribot-Molinet-180x300.jpg 180w\" sizes=\"(max-width: 286px) 100vw, 286px\" \/>\t\t\t\t\t\t\t\t\t\t\t\t\t<\/div>\n\t\t\t\t<\/div>\n\t\t\t\t<\/div>\n\t\t<div class=\"elementor-element elementor-element-1e7f917e e-con-full e-flex e-con e-child\" data-id=\"1e7f917e\" data-element_type=\"container\">\n\t\t\t\t<div class=\"elementor-element elementor-element-5fa75abc elementor-widget elementor-widget-html\" data-id=\"5fa75abc\" data-element_type=\"widget\" data-widget_type=\"html.default\">\n\t\t\t\t<div class=\"elementor-widget-container\">\n\t\t\t<p class=\"text-body\">El Dr. Fco. Xavier de Ribot Molinet \u00e9s facultatiu del Departament d'Aparell Digestiu de Cl\u00ednica ServiDigest de Barcelona<\/p>\n<p class=\"text-body\">Coordinador del Servei de Motilitat i Proves funcionals digestives de Cl\u00ednica ServiDigest de Barcelona<\/p>\n<p class=\"text-body\">Membre del Comit\u00e8 Cient\u00edfic del Departament de Doc\u00e8ncia i Formaci\u00f3 de Cl\u00ednica ServiDigest-Fundaci\u00f3 ServiDigest<\/p>\n<p class=\"text-body\">Professor al Centre docent Cl\u00ednica&amp;Fundaci\u00f3 ServiDigest de les activitats acad\u00e8miques formatives del programa de pr\u00e0ctiques dels estudis universitaris d'Infermeria, Nutrici\u00f3 humana i Diet\u00e8tica de la Facultat de Ci\u00e8ncies de la Salut Blanquerna de la Universitat Ramon Llull de Barcelona i de l'Escola Universit\u00e0ria de Ci\u00e8ncies de la Salut de la Universitat de Vic-Universitat Central de Catalunya (UVic-UCC)<\/p>\n<p class=\"text-body\">Llicenciat en Medicina. Col\u00b7legiat n\u00fam. 27649 del Col\u00b7legi Oficial de Metges de Barcelona<\/p>\n<p class=\"text-body\">Metge Especialista en Aparell Digestiu<\/p>\n<p class=\"text-body\">Formaci\u00f3 d'especialista en Aparell Digestiu com a metge intern resident a l'Hospital Universitari Vall d'Hebron de la Universitat Aut\u00f2noma de Barcelona<\/p>\n<p class=\"text-body\">Cursos de Doctorat a la Universitat Aut\u00f2noma de Barcelona<\/p>\n<p class=\"text-body\">Formaci\u00f3 cient\u00edfica continuada amb la participaci\u00f3 i assist\u00e8ncia als cursos i congressos m\u00e9s rellevants de Gastroenterologia, Coloproctologia, Endosc\u00f2pia digestiva, Hepatologia, P\u00e0ncrees, Neurogastroenterologia i Motilitat digestiva, Malaltia inflamat\u00f2ria intestinal<\/p>\n<p class=\"text-body\">Professor dels Cursos de Sedaci\u00f3 profunda a Endosc\u00f2pia de la Societat Espanyola d'Endosc\u00f2pia Digestiva (SEED), realitzats a la Cl\u00ednica ServiDigest de Barcelona<\/p>\n<p class=\"text-body\">Membre de les principals Societats Cient\u00edfiques relacionades amb l'especialitat d'Aparell Digestiu, Endosc\u00f2pia Digestiva i Neurogastroenterologia i Motilitat Digestiva<\/p>\n<p class=\"text-body\">Membre dels Grups de treball de la Societat Espanyola d'Endosc\u00f2pia Digestiva (SEED) de Resecci\u00f3 i Endosc\u00f2pia del 3r espai i Sedaci\u00f3 Endosc\u00f2pica<\/p>\n\t\t<\/div>\n\t\t\t\t<\/div>\n\t\t\t\t<\/div>\n\t\t\t\t\t<\/div>\n\t\t\t\t<\/div>\n\t\t<div class=\"elementor-element elementor-element-6a17417a e-flex e-con-boxed e-con e-parent\" data-id=\"6a17417a\" data-element_type=\"container\" data-core-v316-plus=\"true\">\n\t\t\t\t\t<div class=\"e-con-inner\">\n\t\t\t\t\t<\/div>\n\t\t\t\t<\/div>\n\t\t\t\t<\/div>\n\t\t","protected":false},"excerpt":{"rendered":"<div class=\"mh-excerpt\"><p>Especialista en Aparell Digestiu <a class=\"mh-excerpt-more\" href=\"https:\/\/dev.93-93-113-41.plesk.page\/ca\/equip-medic\/dr-f-xavier-de-ribot-molinet\/\" title=\"Dr. F. Xavier de Ribot Molinet\">[&#8230;]<\/a><\/p>\n<\/div>","protected":false},"author":1,"featured_media":37016,"parent":37147,"menu_order":0,"comment_status":"closed","ping_status":"closed","template":"","meta":{"footnotes":""},"class_list":["post-37166","page","type-page","status-publish","has-post-thumbnail"],"yoast_head":"<!-- This site is optimized with the Yoast SEO plugin v22.6 - https:\/\/yoast.com\/wordpress\/plugins\/seo\/ -->\n<title>Dr. F. Xavier de Ribot Molinet - Servidigest<\/title>\n<meta name=\"robots\" content=\"index, follow, max-snippet:-1, max-image-preview:large, max-video-preview:-1\" \/>\n<link rel=\"canonical\" href=\"https:\/\/dev.93-93-113-41.plesk.page\/ca\/equip-medic\/dr-f-xavier-de-ribot-molinet\/\" \/>\n<meta property=\"og:locale\" content=\"ca_ES\" \/>\n<meta property=\"og:type\" content=\"article\" \/>\n<meta property=\"og:title\" content=\"Dr. F. Xavier de Ribot Molinet - Servidigest\" \/>\n<meta property=\"og:description\" content=\"Especialista en Aparell Digestiu [...]\" \/>\n<meta property=\"og:url\" content=\"https:\/\/dev.93-93-113-41.plesk.page\/ca\/equip-medic\/dr-f-xavier-de-ribot-molinet\/\" \/>\n<meta property=\"og:site_name\" content=\"Servidigest\" \/>\n<meta property=\"article:publisher\" content=\"https:\/\/www.facebook.com\/servidigest\" \/>\n<meta property=\"article:modified_time\" content=\"2024-03-13T12:47:18+00:00\" \/>\n<meta property=\"og:image\" content=\"https:\/\/dev.93-93-113-41.plesk.page\/wp-content\/uploads\/2024\/03\/Dr.-Xavier-Ribot-Molinet.jpg\" \/>\n\t<meta property=\"og:image:width\" content=\"286\" \/>\n\t<meta property=\"og:image:height\" content=\"477\" \/>\n\t<meta property=\"og:image:type\" content=\"image\/jpeg\" \/>\n<meta name=\"twitter:card\" content=\"summary_large_image\" \/>\n<meta name=\"twitter:site\" content=\"@servidigest\" \/>\n<meta name=\"twitter:label1\" content=\"Est. reading time\" \/>\n\t<meta name=\"twitter:data1\" content=\"1 minute\" \/>\n<script type=\"application\/ld+json\" class=\"yoast-schema-graph\">{\"@context\":\"https:\/\/schema.org\",\"@graph\":[{\"@type\":\"WebPage\",\"@id\":\"https:\/\/dev.93-93-113-41.plesk.page\/ca\/equip-medic\/dr-f-xavier-de-ribot-molinet\/\",\"url\":\"https:\/\/dev.93-93-113-41.plesk.page\/ca\/equip-medic\/dr-f-xavier-de-ribot-molinet\/\",\"name\":\"Dr. F. Xavier de Ribot Molinet - Servidigest\",\"isPartOf\":{\"@id\":\"https:\/\/dev.93-93-113-41.plesk.page\/ca\/#website\"},\"primaryImageOfPage\":{\"@id\":\"https:\/\/dev.93-93-113-41.plesk.page\/ca\/equip-medic\/dr-f-xavier-de-ribot-molinet\/#primaryimage\"},\"image\":{\"@id\":\"https:\/\/dev.93-93-113-41.plesk.page\/ca\/equip-medic\/dr-f-xavier-de-ribot-molinet\/#primaryimage\"},\"thumbnailUrl\":\"https:\/\/dev.93-93-113-41.plesk.page\/wp-content\/uploads\/2024\/03\/Dr.-Xavier-Ribot-Molinet.jpg\",\"datePublished\":\"2024-03-13T11:30:37+00:00\",\"dateModified\":\"2024-03-13T12:47:18+00:00\",\"breadcrumb\":{\"@id\":\"https:\/\/dev.93-93-113-41.plesk.page\/ca\/equip-medic\/dr-f-xavier-de-ribot-molinet\/#breadcrumb\"},\"inLanguage\":\"ca\",\"potentialAction\":[{\"@type\":\"ReadAction\",\"target\":[\"https:\/\/dev.93-93-113-41.plesk.page\/ca\/equip-medic\/dr-f-xavier-de-ribot-molinet\/\"]}]},{\"@type\":\"ImageObject\",\"inLanguage\":\"ca\",\"@id\":\"https:\/\/dev.93-93-113-41.plesk.page\/ca\/equip-medic\/dr-f-xavier-de-ribot-molinet\/#primaryimage\",\"url\":\"https:\/\/dev.93-93-113-41.plesk.page\/wp-content\/uploads\/2024\/03\/Dr.-Xavier-Ribot-Molinet.jpg\",\"contentUrl\":\"https:\/\/dev.93-93-113-41.plesk.page\/wp-content\/uploads\/2024\/03\/Dr.-Xavier-Ribot-Molinet.jpg\",\"width\":286,\"height\":477},{\"@type\":\"BreadcrumbList\",\"@id\":\"https:\/\/dev.93-93-113-41.plesk.page\/ca\/equip-medic\/dr-f-xavier-de-ribot-molinet\/#breadcrumb\",\"itemListElement\":[{\"@type\":\"ListItem\",\"position\":1,\"name\":\"Equip M\u00e8dic\",\"item\":\"https:\/\/dev.93-93-113-41.plesk.page\/ca\/equipo-medico\/\"},{\"@type\":\"ListItem\",\"position\":2,\"name\":\"Dr. F. Xavier de Ribot Molinet\"}]},{\"@type\":\"WebSite\",\"@id\":\"https:\/\/dev.93-93-113-41.plesk.page\/ca\/#website\",\"url\":\"https:\/\/dev.93-93-113-41.plesk.page\/ca\/\",\"name\":\"Servidigest\",\"description\":\"\",\"publisher\":{\"@id\":\"https:\/\/dev.93-93-113-41.plesk.page\/ca\/#organization\"},\"potentialAction\":[{\"@type\":\"SearchAction\",\"target\":{\"@type\":\"EntryPoint\",\"urlTemplate\":\"https:\/\/dev.93-93-113-41.plesk.page\/ca\/?s={search_term_string}\"},\"query-input\":\"required name=search_term_string\"}],\"inLanguage\":\"ca\"},{\"@type\":\"Organization\",\"@id\":\"https:\/\/dev.93-93-113-41.plesk.page\/ca\/#organization\",\"name\":\"Servidigest\",\"url\":\"https:\/\/dev.93-93-113-41.plesk.page\/ca\/\",\"logo\":{\"@type\":\"ImageObject\",\"inLanguage\":\"ca\",\"@id\":\"https:\/\/dev.93-93-113-41.plesk.page\/ca\/#\/schema\/logo\/image\/\",\"url\":\"https:\/\/dev.93-93-113-41.plesk.page\/wp-content\/uploads\/2024\/01\/servidigest.png\",\"contentUrl\":\"https:\/\/dev.93-93-113-41.plesk.page\/wp-content\/uploads\/2024\/01\/servidigest.png\",\"width\":808,\"height\":88,\"caption\":\"Servidigest\"},\"image\":{\"@id\":\"https:\/\/dev.93-93-113-41.plesk.page\/ca\/#\/schema\/logo\/image\/\"},\"sameAs\":[\"https:\/\/www.facebook.com\/servidigest\",\"https:\/\/x.com\/servidigest\"]}]}<\/script>\n<!-- \/ Yoast SEO plugin. -->","yoast_head_json":{"title":"Dr. F. Xavier de Ribot Molinet - Servidigest","robots":{"index":"index","follow":"follow","max-snippet":"max-snippet:-1","max-image-preview":"max-image-preview:large","max-video-preview":"max-video-preview:-1"},"canonical":"https:\/\/dev.93-93-113-41.plesk.page\/ca\/equip-medic\/dr-f-xavier-de-ribot-molinet\/","og_locale":"ca_ES","og_type":"article","og_title":"Dr. F. Xavier de Ribot Molinet - Servidigest","og_description":"Especialista en Aparell Digestiu [...]","og_url":"https:\/\/dev.93-93-113-41.plesk.page\/ca\/equip-medic\/dr-f-xavier-de-ribot-molinet\/","og_site_name":"Servidigest","article_publisher":"https:\/\/www.facebook.com\/servidigest","article_modified_time":"2024-03-13T12:47:18+00:00","og_image":[{"width":286,"height":477,"url":"https:\/\/dev.93-93-113-41.plesk.page\/wp-content\/uploads\/2024\/03\/Dr.-Xavier-Ribot-Molinet.jpg","type":"image\/jpeg"}],"twitter_card":"summary_large_image","twitter_site":"@servidigest","twitter_misc":{"Est. reading time":"1 minute"},"schema":{"@context":"https:\/\/schema.org","@graph":[{"@type":"WebPage","@id":"https:\/\/dev.93-93-113-41.plesk.page\/ca\/equip-medic\/dr-f-xavier-de-ribot-molinet\/","url":"https:\/\/dev.93-93-113-41.plesk.page\/ca\/equip-medic\/dr-f-xavier-de-ribot-molinet\/","name":"Dr. F. Xavier de Ribot Molinet - Servidigest","isPartOf":{"@id":"https:\/\/dev.93-93-113-41.plesk.page\/ca\/#website"},"primaryImageOfPage":{"@id":"https:\/\/dev.93-93-113-41.plesk.page\/ca\/equip-medic\/dr-f-xavier-de-ribot-molinet\/#primaryimage"},"image":{"@id":"https:\/\/dev.93-93-113-41.plesk.page\/ca\/equip-medic\/dr-f-xavier-de-ribot-molinet\/#primaryimage"},"thumbnailUrl":"https:\/\/dev.93-93-113-41.plesk.page\/wp-content\/uploads\/2024\/03\/Dr.-Xavier-Ribot-Molinet.jpg","datePublished":"2024-03-13T11:30:37+00:00","dateModified":"2024-03-13T12:47:18+00:00","breadcrumb":{"@id":"https:\/\/dev.93-93-113-41.plesk.page\/ca\/equip-medic\/dr-f-xavier-de-ribot-molinet\/#breadcrumb"},"inLanguage":"ca","potentialAction":[{"@type":"ReadAction","target":["https:\/\/dev.93-93-113-41.plesk.page\/ca\/equip-medic\/dr-f-xavier-de-ribot-molinet\/"]}]},{"@type":"ImageObject","inLanguage":"ca","@id":"https:\/\/dev.93-93-113-41.plesk.page\/ca\/equip-medic\/dr-f-xavier-de-ribot-molinet\/#primaryimage","url":"https:\/\/dev.93-93-113-41.plesk.page\/wp-content\/uploads\/2024\/03\/Dr.-Xavier-Ribot-Molinet.jpg","contentUrl":"https:\/\/dev.93-93-113-41.plesk.page\/wp-content\/uploads\/2024\/03\/Dr.-Xavier-Ribot-Molinet.jpg","width":286,"height":477},{"@type":"BreadcrumbList","@id":"https:\/\/dev.93-93-113-41.plesk.page\/ca\/equip-medic\/dr-f-xavier-de-ribot-molinet\/#breadcrumb","itemListElement":[{"@type":"ListItem","position":1,"name":"Equip M\u00e8dic","item":"https:\/\/dev.93-93-113-41.plesk.page\/ca\/equipo-medico\/"},{"@type":"ListItem","position":2,"name":"Dr. F. Xavier de Ribot Molinet"}]},{"@type":"WebSite","@id":"https:\/\/dev.93-93-113-41.plesk.page\/ca\/#website","url":"https:\/\/dev.93-93-113-41.plesk.page\/ca\/","name":"Servidigest","description":"","publisher":{"@id":"https:\/\/dev.93-93-113-41.plesk.page\/ca\/#organization"},"potentialAction":[{"@type":"SearchAction","target":{"@type":"EntryPoint","urlTemplate":"https:\/\/dev.93-93-113-41.plesk.page\/ca\/?s={search_term_string}"},"query-input":"required name=search_term_string"}],"inLanguage":"ca"},{"@type":"Organization","@id":"https:\/\/dev.93-93-113-41.plesk.page\/ca\/#organization","name":"Servidigest","url":"https:\/\/dev.93-93-113-41.plesk.page\/ca\/","logo":{"@type":"ImageObject","inLanguage":"ca","@id":"https:\/\/dev.93-93-113-41.plesk.page\/ca\/#\/schema\/logo\/image\/","url":"https:\/\/dev.93-93-113-41.plesk.page\/wp-content\/uploads\/2024\/01\/servidigest.png","contentUrl":"https:\/\/dev.93-93-113-41.plesk.page\/wp-content\/uploads\/2024\/01\/servidigest.png","width":808,"height":88,"caption":"Servidigest"},"image":{"@id":"https:\/\/dev.93-93-113-41.plesk.page\/ca\/#\/schema\/logo\/image\/"},"sameAs":["https:\/\/www.facebook.com\/servidigest","https:\/\/x.com\/servidigest"]}]}},"_links":{"self":[{"href":"https:\/\/dev.93-93-113-41.plesk.page\/ca\/wp-json\/wp\/v2\/pages\/37166","targetHints":{"allow":["GET"]}}],"collection":[{"href":"https:\/\/dev.93-93-113-41.plesk.page\/ca\/wp-json\/wp\/v2\/pages"}],"about":[{"href":"https:\/\/dev.93-93-113-41.plesk.page\/ca\/wp-json\/wp\/v2\/types\/page"}],"author":[{"embeddable":true,"href":"https:\/\/dev.93-93-113-41.plesk.page\/ca\/wp-json\/wp\/v2\/users\/1"}],"replies":[{"embeddable":true,"href":"https:\/\/dev.93-93-113-41.plesk.page\/ca\/wp-json\/wp\/v2\/comments?post=37166"}],"version-history":[{"count":1,"href":"https:\/\/dev.93-93-113-41.plesk.page\/ca\/wp-json\/wp\/v2\/pages\/37166\/revisions"}],"predecessor-version":[{"id":37167,"href":"https:\/\/dev.93-93-113-41.plesk.page\/ca\/wp-json\/wp\/v2\/pages\/37166\/revisions\/37167"}],"up":[{"embeddable":true,"href":"https:\/\/dev.93-93-113-41.plesk.page\/ca\/wp-json\/wp\/v2\/pages\/37147"}],"wp:featuredmedia":[{"embeddable":true,"href":"https:\/\/dev.93-93-113-41.plesk.page\/ca\/wp-json\/wp\/v2\/media\/37016"}],"wp:attachment":[{"href":"https:\/\/dev.93-93-113-41.plesk.page\/ca\/wp-json\/wp\/v2\/media?parent=37166"}],"curies":[{"name":"wp","href":"https:\/\/api.w.org\/{rel}","templated":true}]}}