{"id":37154,"date":"2024-03-13T11:22:36","date_gmt":"2024-03-13T10:22:36","guid":{"rendered":"https:\/\/dev.93-93-113-41.plesk.page\/equip-medic\/dr-josep-merlo-mas\/"},"modified":"2024-03-13T13:44:15","modified_gmt":"2024-03-13T12:44:15","slug":"dr-josep-merlo-mas","status":"publish","type":"page","link":"https:\/\/dev.93-93-113-41.plesk.page\/ca\/equip-medic\/dr-josep-merlo-mas\/","title":{"rendered":"Dr. Josep Merlo Mas"},"content":{"rendered":"\t\t<div data-elementor-type=\"wp-page\" data-elementor-id=\"37154\" class=\"elementor elementor-37154 elementor-36954\" data-elementor-post-type=\"page\">\n\t\t\t\t<div class=\"elementor-element elementor-element-9a0cb01 e-flex e-con-boxed e-con e-parent\" data-id=\"9a0cb01\" data-element_type=\"container\" data-core-v316-plus=\"true\">\n\t\t\t\t\t<div class=\"e-con-inner\">\n\t\t\t\t<div class=\"elementor-element elementor-element-6fb9eec elementor-widget elementor-widget-heading\" data-id=\"6fb9eec\" data-element_type=\"widget\" data-widget_type=\"heading.default\">\n\t\t\t\t<div class=\"elementor-widget-container\">\n\t\t\t<style>\/*! elementor - v3.20.0 - 13-03-2024 *\/\n.elementor-heading-title{padding:0;margin:0;line-height:1}.elementor-widget-heading .elementor-heading-title[class*=elementor-size-]>a{color:inherit;font-size:inherit;line-height:inherit}.elementor-widget-heading .elementor-heading-title.elementor-size-small{font-size:15px}.elementor-widget-heading .elementor-heading-title.elementor-size-medium{font-size:19px}.elementor-widget-heading .elementor-heading-title.elementor-size-large{font-size:29px}.elementor-widget-heading .elementor-heading-title.elementor-size-xl{font-size:39px}.elementor-widget-heading .elementor-heading-title.elementor-size-xxl{font-size:59px}<\/style><h2 class=\"elementor-heading-title elementor-size-default\">Director de Cl\u00ednica Servidigest<\/h2>\t\t<\/div>\n\t\t\t\t<\/div>\n\t\t\t\t\t<\/div>\n\t\t\t\t<\/div>\n\t\t<div class=\"elementor-element elementor-element-0ce17eb e-flex e-con-boxed e-con e-parent\" data-id=\"0ce17eb\" data-element_type=\"container\" data-core-v316-plus=\"true\">\n\t\t\t\t\t<div class=\"e-con-inner\">\n\t\t<div class=\"elementor-element elementor-element-696e992 e-con-full e-flex e-con e-child\" data-id=\"696e992\" data-element_type=\"container\">\n\t\t\t\t<div class=\"elementor-element elementor-element-77db063 elementor-widget elementor-widget-image\" data-id=\"77db063\" data-element_type=\"widget\" data-widget_type=\"image.default\">\n\t\t\t\t<div class=\"elementor-widget-container\">\n\t\t\t<style>\/*! elementor - v3.20.0 - 13-03-2024 *\/\n.elementor-widget-image{text-align:center}.elementor-widget-image a{display:inline-block}.elementor-widget-image a img[src$=\".svg\"]{width:48px}.elementor-widget-image img{vertical-align:middle;display:inline-block}<\/style>\t\t\t\t\t\t\t\t\t\t<img fetchpriority=\"high\" decoding=\"async\" width=\"614\" height=\"1024\" src=\"https:\/\/dev.93-93-113-41.plesk.page\/wp-content\/uploads\/2015\/02\/Dr.-Merlo-614x1024.jpg\" class=\"attachment-large size-large wp-image-9571\" alt=\"\" srcset=\"https:\/\/dev.93-93-113-41.plesk.page\/wp-content\/uploads\/2015\/02\/Dr.-Merlo-614x1024.jpg 614w, https:\/\/dev.93-93-113-41.plesk.page\/wp-content\/uploads\/2015\/02\/Dr.-Merlo-scaled-600x1000.jpg 600w, https:\/\/dev.93-93-113-41.plesk.page\/wp-content\/uploads\/2015\/02\/Dr.-Merlo-180x300.jpg 180w, https:\/\/dev.93-93-113-41.plesk.page\/wp-content\/uploads\/2015\/02\/Dr.-Merlo-768x1280.jpg 768w, https:\/\/dev.93-93-113-41.plesk.page\/wp-content\/uploads\/2015\/02\/Dr.-Merlo-922x1536.jpg 922w, https:\/\/dev.93-93-113-41.plesk.page\/wp-content\/uploads\/2015\/02\/Dr.-Merlo-1229x2048.jpg 1229w, https:\/\/dev.93-93-113-41.plesk.page\/wp-content\/uploads\/2015\/02\/Dr.-Merlo-scaled.jpg 1536w\" sizes=\"(max-width: 614px) 100vw, 614px\" \/>\t\t\t\t\t\t\t\t\t\t\t\t\t<\/div>\n\t\t\t\t<\/div>\n\t\t\t\t<\/div>\n\t\t<div class=\"elementor-element elementor-element-ccec735 e-con-full e-flex e-con e-child\" data-id=\"ccec735\" data-element_type=\"container\">\n\t\t\t\t<div class=\"elementor-element elementor-element-d1df492 elementor-widget elementor-widget-html\" data-id=\"d1df492\" data-element_type=\"widget\" data-widget_type=\"html.default\">\n\t\t\t\t<div class=\"elementor-widget-container\">\n\t\t\t<p class=\"text-body\">El Dr. Josep Merlo Mas \u00e9s el Director de Cl\u00ednica ServiDigest de Barcelona, \u200b\u200bcentre m\u00e8dic acreditat per la Joint Commission International (JCI) i pioner en la prevenci\u00f3 i en el tractament integral medicoquir\u00fargic de les malalties digestives i metab\u00f2liques, amb serveis especialitzats de Aparell Digestiu, Cirurgia general i digestiva, Endocrinologia, Nutrici\u00f3 i Diet\u00e8tica,&nbsp;que disposa de les tecnologies m\u00e9s avan\u00e7ades, i amb un Departament multidisciplinari dedicat al diagn\u00f2stic i tractament m\u00e8dic, endosc\u00f2pic&nbsp; i quir\u00fargic de les malalties Metab\u00f2liques, Nutricionals&nbsp; i de l'Obesitat.<\/p>\n<p class=\"text-body\">President de la Fundaci\u00f3 ServiDigest, entitat sense \u00e0nim de lucre, els objectius principals del qual s\u00f3n la promoci\u00f3 de la Salut, la Formaci\u00f3 cient\u00edfica continuada dels professionals sanitaris, fomentar la Cultura i millorar la Qualitat de Vida, en tots els \u00e0mbits de les persones.<\/p>\n<p class=\"text-body\">Director del Departament de Doc\u00e8ncia, Formaci\u00f3 i Investigaci\u00f3 Cient\u00edfica de Cl\u00ednica ServiDigest-Fundaci\u00f3 ServiDigest<\/p>\n<p class=\"text-body\">Director de les activitats acad\u00e8miques formatives, al Centre docent Cl\u00ednica&amp;Fundaci\u00f3 ServiDigest, del Programa de pr\u00e0ctiques cl\u00edniques dels estudis universitaris d'Infermeria, Nutrici\u00f3 humana&nbsp;i Diet\u00e8tica de la Facultat de Ci\u00e8ncies de la Salut Blanquerna de la Universitat Ramon Llull de Barcelona i de l'Escola Universit\u00e0ria de Ci\u00e8ncies de la Salut de la Universitat de Vic-Universitat Central de Catalunya (UVic-UCC), i del Pr\u00e0cticum del M\u00e0ster a Infermeria Anest\u00e8sia, Reanimaci\u00f3 i Tractament del Dolor de lEscola dInfermeria de la Facultat de Medicina i Ci\u00e8ncies de la Salut de la Universitat de Barcelona<\/p>\n<p class=\"text-body\">Director de Cursos de formaci\u00f3 cient\u00edfica continuada per a professionals sanitaris, al Centre docent Cl\u00ednica&amp;Fundaci\u00f3 ServiDigest, d'Endosc\u00f2pia Digestiva Terap\u00e8utica, de Sedaci\u00f3 Profunda en Endosc\u00f2pia Digestiva (SEED), de Suport Vital B\u00e0sic i Immediat, de FibroScan&amp;CAP (Echosens)<\/p>\n<p class=\"text-body\">Director de la Unitat medicoquir\u00fargica d'Obesitat, primera unitat multidisciplin\u00e0ria acreditada per la Societat Espanyola d'Obesitat (SEEDO)<\/p>\n<p class=\"text-body\">Coordinador del Grup de treball de la Societat Espanyola d'Obesitat (SEEDO) a Endosc\u00f2pia Bari\u00e0trica i Metab\u00f2lica-EBAME<\/p>\n<p class=\"text-body\">Membre dels Grups de treball de la Societat Espanyola d'Endosc\u00f2pia Digestiva (SEED) de Resecci\u00f3 i Endosc\u00f2pia del 3r espai, C\u00e0psula i Enterosc\u00f2pia, Sedaci\u00f3 Endosc\u00f2pica, Es\u00f2fag de Barrett, Ultrasonografia Endosc\u00f2pica<\/p>\n<p class=\"text-body\">Llicenciat en Medicina i Cirurgia per la Facultat de Medicina de la Universitat de Barcelona. Promoci\u00f3 1968-1974. Col\u00b7legiat n\u00fam. 8918 del Col\u00b7legi Oficial de Metges de Barcelona<\/p>\n<p class=\"text-body\">Cursos de Doctorat a la Facultat de Medicina de la Universitat de Barcelona durant els anys 1974-1976<\/p>\n<p class=\"text-body\">Formaci\u00f3 d'Especialista en Aparell Digestiu a l'Hospital Universitari Cl\u00ednic de Barcelona, \u200b\u200bal Servei de Gastroenterologia ia Endosc\u00f2pia Digestiva a l'Hospital Universitari de Bellvitge<\/p>\n<p class=\"text-body\">Col\u00b7laborador de la Unitat d\u00b4Endosc\u00f2pia Digestiva de l\u00b4Hospital Universitari de Bellvitge fins l\u00b4any 1986<\/p>\n<p class=\"text-body\">Especialista en Aparell Digestiu de l'Institut Catal\u00e0 de la Salut, per concurs oposici\u00f3 convocat pel Ministeri de Sanitat i Seguretat Social, des de l'any 1979<\/p>\n<p class=\"text-body\">Especialista en Medicina Interna i en Medicina del Treball per la Universitat de Barcelona<\/p>\n<p class=\"text-body\">Cap de Servei d'Aparell Digestiu de la Fundaci\u00f3 Hospital Sant Pere Claver de Barcelona durant els anys 1979-2000<\/p>\n<p class=\"text-body\">Cap del Servei d'Endosc\u00f2pia Digestiva de l'Hospital de Sant Boi de Llobregat durant els anys 1979-1989<\/p>\n<p class=\"text-body\">El Dr. Josep Merlo Mas \u00e9s membre de les Societats Cient\u00edfiques m\u00e9s prestigioses:<\/p>\n<ul class=\"list-body\">\n<li>Membre numerari de l'Acad\u00e8mia de Ci\u00e8ncies M\u00e8diques i de la Salut de Catalunya i Balears des de 1977<\/li>\n<li>Membre de la Societat Catalana de Digestologia-SCD<\/li>\n<li>Membre de la Societat Catalana Medicoquir\u00fargica d'Endosc\u00f2pia Digestiva<\/li>\n<li>Membre de la Societat Catalana d'Innovaci\u00f3 Docent i Formaci\u00f3 per Simulaci\u00f3 a Ci\u00e8ncies de la Salut<\/li>\n<li>Membre de la Societat&nbsp; Espanyola de Probi\u00f2tics i Prebi\u00f2tics<\/li>\n<li>Membre numerari de la Societat Espanyola de Patologia Digestiva-SEPD des de 1979<\/li>\n<li>Membre de la Societat Espanyola d'Endosc\u00f2pia Digestiva-SEED<\/li>\n<li>Membre de l'Associaci\u00f3 Espanyola de Neurogastroenterologia i Motilitat-ASENEM<\/li>\n<li>Membre S\u00e8nior de l'Associaci\u00f3 Espanyola de Cirurgians-AEC<\/li>\n<li>Membre de l'Associaci\u00f3 Espanyola de Gastroenterologia-AEG<\/li>\n<li>Membre de l'Associaci\u00f3 Espanyola per a l'Estudi del Fetge-AEEH<\/li>\n<li>Membre de la Societat Espanyola d'Obesitat-SEEDO<\/li>\n<li>Associaci\u00f3 Espanyola de Pancreatologia-AESPANC<\/li>\n<li>European Pancreatic Club-EPC<\/li>\n<li>International Association of Pancreatology-IAP<\/li>\n<li>Member d'European Association for the Study of Obesity-EASO<\/li>\n<li>Member of the European Society for Gastrointestinal Endoscopy-ESGE<\/li>\n<li>Member of the American Society for Gastrointestinal Endoscopy-ASGE<\/li>\n<li>Soci Fundador del Grup Iberoameric\u00e0 d'Endosc\u00f2pia Digestiva, fundat a Barcelona el 1984<\/li>\n<li>Membre de l\u00b4Associaci\u00f3 d\u00b4Antics Alumnes de l\u00b4Escola de Patologia Digestiva de l\u00b4Hospital Universitari de la Santa Creu i Sant Pau&nbsp; i&nbsp; exalumne de l'Escola de Patologia Digestiva \u201cGallart-Mones\u201d.<\/li>\n<\/ul>\t\t<\/div>\n\t\t\t\t<\/div>\n\t\t\t\t<\/div>\n\t\t\t\t\t<\/div>\n\t\t\t\t<\/div>\n\t\t<div class=\"elementor-element elementor-element-cd23a2c e-flex e-con-boxed e-con e-parent\" data-id=\"cd23a2c\" data-element_type=\"container\" data-core-v316-plus=\"true\">\n\t\t\t\t\t<div class=\"e-con-inner\">\n\t\t\t\t\t<\/div>\n\t\t\t\t<\/div>\n\t\t\t\t<\/div>\n\t\t","protected":false},"excerpt":{"rendered":"<div class=\"mh-excerpt\"><p>Director de Cl\u00ednica ServiDigest <a class=\"mh-excerpt-more\" href=\"https:\/\/dev.93-93-113-41.plesk.page\/ca\/equip-medic\/dr-josep-merlo-mas\/\" title=\"Dr. Josep Merlo Mas\">[&#8230;]<\/a><\/p>\n<\/div>","protected":false},"author":1,"featured_media":36972,"parent":37147,"menu_order":0,"comment_status":"closed","ping_status":"closed","template":"","meta":{"footnotes":""},"class_list":["post-37154","page","type-page","status-publish","has-post-thumbnail"],"yoast_head":"<!-- This site is optimized with the Yoast SEO plugin v22.6 - https:\/\/yoast.com\/wordpress\/plugins\/seo\/ -->\n<title>Dr. Josep Merlo Mas - Servidigest<\/title>\n<meta name=\"robots\" content=\"index, follow, max-snippet:-1, max-image-preview:large, max-video-preview:-1\" \/>\n<link rel=\"canonical\" href=\"https:\/\/dev.93-93-113-41.plesk.page\/ca\/equip-medic\/dr-josep-merlo-mas\/\" \/>\n<meta property=\"og:locale\" content=\"ca_ES\" \/>\n<meta property=\"og:type\" content=\"article\" \/>\n<meta property=\"og:title\" content=\"Dr. Josep Merlo Mas - Servidigest\" \/>\n<meta property=\"og:description\" content=\"Director de Cl\u00ednica ServiDigest [...]\" \/>\n<meta property=\"og:url\" content=\"https:\/\/dev.93-93-113-41.plesk.page\/ca\/equip-medic\/dr-josep-merlo-mas\/\" \/>\n<meta property=\"og:site_name\" content=\"Servidigest\" \/>\n<meta property=\"article:publisher\" content=\"https:\/\/www.facebook.com\/servidigest\" \/>\n<meta property=\"article:modified_time\" content=\"2024-03-13T12:44:15+00:00\" \/>\n<meta property=\"og:image\" content=\"https:\/\/dev.93-93-113-41.plesk.page\/wp-content\/uploads\/2024\/03\/Dr.-Josep-Merlo-Mas.jpg\" \/>\n\t<meta property=\"og:image:width\" content=\"286\" \/>\n\t<meta property=\"og:image:height\" content=\"477\" \/>\n\t<meta property=\"og:image:type\" content=\"image\/jpeg\" \/>\n<meta name=\"twitter:card\" content=\"summary_large_image\" \/>\n<meta name=\"twitter:site\" content=\"@servidigest\" \/>\n<meta name=\"twitter:label1\" content=\"Est. reading time\" \/>\n\t<meta name=\"twitter:data1\" content=\"4 minutes\" \/>\n<script type=\"application\/ld+json\" class=\"yoast-schema-graph\">{\"@context\":\"https:\/\/schema.org\",\"@graph\":[{\"@type\":\"WebPage\",\"@id\":\"https:\/\/dev.93-93-113-41.plesk.page\/ca\/equip-medic\/dr-josep-merlo-mas\/\",\"url\":\"https:\/\/dev.93-93-113-41.plesk.page\/ca\/equip-medic\/dr-josep-merlo-mas\/\",\"name\":\"Dr. Josep Merlo Mas - Servidigest\",\"isPartOf\":{\"@id\":\"https:\/\/dev.93-93-113-41.plesk.page\/ca\/#website\"},\"primaryImageOfPage\":{\"@id\":\"https:\/\/dev.93-93-113-41.plesk.page\/ca\/equip-medic\/dr-josep-merlo-mas\/#primaryimage\"},\"image\":{\"@id\":\"https:\/\/dev.93-93-113-41.plesk.page\/ca\/equip-medic\/dr-josep-merlo-mas\/#primaryimage\"},\"thumbnailUrl\":\"https:\/\/dev.93-93-113-41.plesk.page\/wp-content\/uploads\/2024\/03\/Dr.-Josep-Merlo-Mas.jpg\",\"datePublished\":\"2024-03-13T10:22:36+00:00\",\"dateModified\":\"2024-03-13T12:44:15+00:00\",\"breadcrumb\":{\"@id\":\"https:\/\/dev.93-93-113-41.plesk.page\/ca\/equip-medic\/dr-josep-merlo-mas\/#breadcrumb\"},\"inLanguage\":\"ca\",\"potentialAction\":[{\"@type\":\"ReadAction\",\"target\":[\"https:\/\/dev.93-93-113-41.plesk.page\/ca\/equip-medic\/dr-josep-merlo-mas\/\"]}]},{\"@type\":\"ImageObject\",\"inLanguage\":\"ca\",\"@id\":\"https:\/\/dev.93-93-113-41.plesk.page\/ca\/equip-medic\/dr-josep-merlo-mas\/#primaryimage\",\"url\":\"https:\/\/dev.93-93-113-41.plesk.page\/wp-content\/uploads\/2024\/03\/Dr.-Josep-Merlo-Mas.jpg\",\"contentUrl\":\"https:\/\/dev.93-93-113-41.plesk.page\/wp-content\/uploads\/2024\/03\/Dr.-Josep-Merlo-Mas.jpg\",\"width\":286,\"height\":477},{\"@type\":\"BreadcrumbList\",\"@id\":\"https:\/\/dev.93-93-113-41.plesk.page\/ca\/equip-medic\/dr-josep-merlo-mas\/#breadcrumb\",\"itemListElement\":[{\"@type\":\"ListItem\",\"position\":1,\"name\":\"Equip M\u00e8dic\",\"item\":\"https:\/\/dev.93-93-113-41.plesk.page\/ca\/equipo-medico\/\"},{\"@type\":\"ListItem\",\"position\":2,\"name\":\"Dr. Josep Merlo Mas\"}]},{\"@type\":\"WebSite\",\"@id\":\"https:\/\/dev.93-93-113-41.plesk.page\/ca\/#website\",\"url\":\"https:\/\/dev.93-93-113-41.plesk.page\/ca\/\",\"name\":\"Servidigest\",\"description\":\"\",\"publisher\":{\"@id\":\"https:\/\/dev.93-93-113-41.plesk.page\/ca\/#organization\"},\"potentialAction\":[{\"@type\":\"SearchAction\",\"target\":{\"@type\":\"EntryPoint\",\"urlTemplate\":\"https:\/\/dev.93-93-113-41.plesk.page\/ca\/?s={search_term_string}\"},\"query-input\":\"required name=search_term_string\"}],\"inLanguage\":\"ca\"},{\"@type\":\"Organization\",\"@id\":\"https:\/\/dev.93-93-113-41.plesk.page\/ca\/#organization\",\"name\":\"Servidigest\",\"url\":\"https:\/\/dev.93-93-113-41.plesk.page\/ca\/\",\"logo\":{\"@type\":\"ImageObject\",\"inLanguage\":\"ca\",\"@id\":\"https:\/\/dev.93-93-113-41.plesk.page\/ca\/#\/schema\/logo\/image\/\",\"url\":\"https:\/\/dev.93-93-113-41.plesk.page\/wp-content\/uploads\/2024\/01\/servidigest.png\",\"contentUrl\":\"https:\/\/dev.93-93-113-41.plesk.page\/wp-content\/uploads\/2024\/01\/servidigest.png\",\"width\":808,\"height\":88,\"caption\":\"Servidigest\"},\"image\":{\"@id\":\"https:\/\/dev.93-93-113-41.plesk.page\/ca\/#\/schema\/logo\/image\/\"},\"sameAs\":[\"https:\/\/www.facebook.com\/servidigest\",\"https:\/\/x.com\/servidigest\"]}]}<\/script>\n<!-- \/ Yoast SEO plugin. -->","yoast_head_json":{"title":"Dr. Josep Merlo Mas - Servidigest","robots":{"index":"index","follow":"follow","max-snippet":"max-snippet:-1","max-image-preview":"max-image-preview:large","max-video-preview":"max-video-preview:-1"},"canonical":"https:\/\/dev.93-93-113-41.plesk.page\/ca\/equip-medic\/dr-josep-merlo-mas\/","og_locale":"ca_ES","og_type":"article","og_title":"Dr. Josep Merlo Mas - Servidigest","og_description":"Director de Cl\u00ednica ServiDigest [...]","og_url":"https:\/\/dev.93-93-113-41.plesk.page\/ca\/equip-medic\/dr-josep-merlo-mas\/","og_site_name":"Servidigest","article_publisher":"https:\/\/www.facebook.com\/servidigest","article_modified_time":"2024-03-13T12:44:15+00:00","og_image":[{"width":286,"height":477,"url":"https:\/\/dev.93-93-113-41.plesk.page\/wp-content\/uploads\/2024\/03\/Dr.-Josep-Merlo-Mas.jpg","type":"image\/jpeg"}],"twitter_card":"summary_large_image","twitter_site":"@servidigest","twitter_misc":{"Est. reading time":"4 minutes"},"schema":{"@context":"https:\/\/schema.org","@graph":[{"@type":"WebPage","@id":"https:\/\/dev.93-93-113-41.plesk.page\/ca\/equip-medic\/dr-josep-merlo-mas\/","url":"https:\/\/dev.93-93-113-41.plesk.page\/ca\/equip-medic\/dr-josep-merlo-mas\/","name":"Dr. Josep Merlo Mas - Servidigest","isPartOf":{"@id":"https:\/\/dev.93-93-113-41.plesk.page\/ca\/#website"},"primaryImageOfPage":{"@id":"https:\/\/dev.93-93-113-41.plesk.page\/ca\/equip-medic\/dr-josep-merlo-mas\/#primaryimage"},"image":{"@id":"https:\/\/dev.93-93-113-41.plesk.page\/ca\/equip-medic\/dr-josep-merlo-mas\/#primaryimage"},"thumbnailUrl":"https:\/\/dev.93-93-113-41.plesk.page\/wp-content\/uploads\/2024\/03\/Dr.-Josep-Merlo-Mas.jpg","datePublished":"2024-03-13T10:22:36+00:00","dateModified":"2024-03-13T12:44:15+00:00","breadcrumb":{"@id":"https:\/\/dev.93-93-113-41.plesk.page\/ca\/equip-medic\/dr-josep-merlo-mas\/#breadcrumb"},"inLanguage":"ca","potentialAction":[{"@type":"ReadAction","target":["https:\/\/dev.93-93-113-41.plesk.page\/ca\/equip-medic\/dr-josep-merlo-mas\/"]}]},{"@type":"ImageObject","inLanguage":"ca","@id":"https:\/\/dev.93-93-113-41.plesk.page\/ca\/equip-medic\/dr-josep-merlo-mas\/#primaryimage","url":"https:\/\/dev.93-93-113-41.plesk.page\/wp-content\/uploads\/2024\/03\/Dr.-Josep-Merlo-Mas.jpg","contentUrl":"https:\/\/dev.93-93-113-41.plesk.page\/wp-content\/uploads\/2024\/03\/Dr.-Josep-Merlo-Mas.jpg","width":286,"height":477},{"@type":"BreadcrumbList","@id":"https:\/\/dev.93-93-113-41.plesk.page\/ca\/equip-medic\/dr-josep-merlo-mas\/#breadcrumb","itemListElement":[{"@type":"ListItem","position":1,"name":"Equip M\u00e8dic","item":"https:\/\/dev.93-93-113-41.plesk.page\/ca\/equipo-medico\/"},{"@type":"ListItem","position":2,"name":"Dr. Josep Merlo Mas"}]},{"@type":"WebSite","@id":"https:\/\/dev.93-93-113-41.plesk.page\/ca\/#website","url":"https:\/\/dev.93-93-113-41.plesk.page\/ca\/","name":"Servidigest","description":"","publisher":{"@id":"https:\/\/dev.93-93-113-41.plesk.page\/ca\/#organization"},"potentialAction":[{"@type":"SearchAction","target":{"@type":"EntryPoint","urlTemplate":"https:\/\/dev.93-93-113-41.plesk.page\/ca\/?s={search_term_string}"},"query-input":"required name=search_term_string"}],"inLanguage":"ca"},{"@type":"Organization","@id":"https:\/\/dev.93-93-113-41.plesk.page\/ca\/#organization","name":"Servidigest","url":"https:\/\/dev.93-93-113-41.plesk.page\/ca\/","logo":{"@type":"ImageObject","inLanguage":"ca","@id":"https:\/\/dev.93-93-113-41.plesk.page\/ca\/#\/schema\/logo\/image\/","url":"https:\/\/dev.93-93-113-41.plesk.page\/wp-content\/uploads\/2024\/01\/servidigest.png","contentUrl":"https:\/\/dev.93-93-113-41.plesk.page\/wp-content\/uploads\/2024\/01\/servidigest.png","width":808,"height":88,"caption":"Servidigest"},"image":{"@id":"https:\/\/dev.93-93-113-41.plesk.page\/ca\/#\/schema\/logo\/image\/"},"sameAs":["https:\/\/www.facebook.com\/servidigest","https:\/\/x.com\/servidigest"]}]}},"_links":{"self":[{"href":"https:\/\/dev.93-93-113-41.plesk.page\/ca\/wp-json\/wp\/v2\/pages\/37154","targetHints":{"allow":["GET"]}}],"collection":[{"href":"https:\/\/dev.93-93-113-41.plesk.page\/ca\/wp-json\/wp\/v2\/pages"}],"about":[{"href":"https:\/\/dev.93-93-113-41.plesk.page\/ca\/wp-json\/wp\/v2\/types\/page"}],"author":[{"embeddable":true,"href":"https:\/\/dev.93-93-113-41.plesk.page\/ca\/wp-json\/wp\/v2\/users\/1"}],"replies":[{"embeddable":true,"href":"https:\/\/dev.93-93-113-41.plesk.page\/ca\/wp-json\/wp\/v2\/comments?post=37154"}],"version-history":[{"count":1,"href":"https:\/\/dev.93-93-113-41.plesk.page\/ca\/wp-json\/wp\/v2\/pages\/37154\/revisions"}],"predecessor-version":[{"id":37155,"href":"https:\/\/dev.93-93-113-41.plesk.page\/ca\/wp-json\/wp\/v2\/pages\/37154\/revisions\/37155"}],"up":[{"embeddable":true,"href":"https:\/\/dev.93-93-113-41.plesk.page\/ca\/wp-json\/wp\/v2\/pages\/37147"}],"wp:featuredmedia":[{"embeddable":true,"href":"https:\/\/dev.93-93-113-41.plesk.page\/ca\/wp-json\/wp\/v2\/media\/36972"}],"wp:attachment":[{"href":"https:\/\/dev.93-93-113-41.plesk.page\/ca\/wp-json\/wp\/v2\/media?parent=37154"}],"curies":[{"name":"wp","href":"https:\/\/api.w.org\/{rel}","templated":true}]}}