{"id":36491,"date":"2024-03-11T10:12:54","date_gmt":"2024-03-11T09:12:54","guid":{"rendered":"https:\/\/dev.93-93-113-41.plesk.page\/serveis\/cirurgia-metabolica-i-bariatrica\/"},"modified":"2024-03-11T15:07:04","modified_gmt":"2024-03-11T14:07:04","slug":"cirurgia-metabolica-i-bariatrica","status":"publish","type":"page","link":"https:\/\/dev.93-93-113-41.plesk.page\/ca\/serveis\/cirurgia-metabolica-i-bariatrica\/","title":{"rendered":"Cirurgia Metab\u00f2lica i Bari\u00e0trica"},"content":{"rendered":"\n<div class=\"mh-row\">\n<div class=\"mh-col-1-2 especialidades-block\"><a href=\"https:\/\/dev.93-93-113-41.plesk.page\/ca\/serveis\/obesitat\/bypass-gastric\/\">Bypass G\u00e0stric-Cirurgia Bari\u00e0trica<\/a><\/div>\n<div class=\"mh-col-1-2 especialidades-block\"><a href=\"#\">SADI<\/a><\/div>\n<\/div>\n<div class=\"mh-row\">\n<div class=\"mh-col-1-2 especialidades-block\"><a href=\"https:\/\/dev.93-93-113-41.plesk.page\/ca\/serveis\/cirurgia-metabolica-i-bariatrica\/gastrectomia-tubular-o-sleeve-gastrectomy\/\">Sleeve Gastrectomy-Cirurgia Bari\u00e0trica<\/a><\/div>\n<div class=\"mh-col-1-2 especialidades-block\"><a href=\"https:\/\/dev.93-93-113-41.plesk.page\/ca\/serveis\/cirurgia-metabolica-i-bariatrica\/derivacio-biliopancreatica-o-switch-duodenal\/\">Switch Duodenal<\/a><\/div>\n<\/div>\n","protected":false},"excerpt":{"rendered":"<div class=\"mh-excerpt\"><p>Bypass G\u00e0stric-Cirurgia Bari\u00e0trica SADI Sleeve Gastrectomy-Cirurgia Bari\u00e0trica Switch Duodenal<\/p>\n<\/div>","protected":false},"author":1,"featured_media":0,"parent":36232,"menu_order":0,"comment_status":"closed","ping_status":"closed","template":"","meta":{"footnotes":""},"class_list":["post-36491","page","type-page","status-publish"],"yoast_head":"<!-- This site is optimized with the Yoast SEO plugin v22.6 - https:\/\/yoast.com\/wordpress\/plugins\/seo\/ -->\n<title>Cirurgia Metab\u00f2lica i Bari\u00e0trica - Servidigest<\/title>\n<meta name=\"robots\" content=\"index, follow, max-snippet:-1, max-image-preview:large, max-video-preview:-1\" \/>\n<link rel=\"canonical\" href=\"https:\/\/dev.93-93-113-41.plesk.page\/ca\/serveis\/cirurgia-metabolica-i-bariatrica\/\" \/>\n<meta property=\"og:locale\" content=\"ca_ES\" \/>\n<meta property=\"og:type\" content=\"article\" \/>\n<meta property=\"og:title\" content=\"Cirurgia Metab\u00f2lica i Bari\u00e0trica - Servidigest\" \/>\n<meta property=\"og:description\" content=\"Bypass G\u00e0stric-Cirurgia Bari\u00e0trica SADI Sleeve Gastrectomy-Cirurgia Bari\u00e0trica Switch Duodenal\" \/>\n<meta property=\"og:url\" content=\"https:\/\/dev.93-93-113-41.plesk.page\/ca\/serveis\/cirurgia-metabolica-i-bariatrica\/\" \/>\n<meta property=\"og:site_name\" content=\"Servidigest\" \/>\n<meta property=\"article:publisher\" content=\"https:\/\/www.facebook.com\/servidigest\" \/>\n<meta property=\"article:modified_time\" content=\"2024-03-11T14:07:04+00:00\" \/>\n<meta name=\"twitter:card\" content=\"summary_large_image\" \/>\n<meta name=\"twitter:site\" content=\"@servidigest\" \/>\n<script type=\"application\/ld+json\" class=\"yoast-schema-graph\">{\"@context\":\"https:\/\/schema.org\",\"@graph\":[{\"@type\":\"WebPage\",\"@id\":\"https:\/\/dev.93-93-113-41.plesk.page\/ca\/serveis\/cirurgia-metabolica-i-bariatrica\/\",\"url\":\"https:\/\/dev.93-93-113-41.plesk.page\/ca\/serveis\/cirurgia-metabolica-i-bariatrica\/\",\"name\":\"Cirurgia Metab\u00f2lica i Bari\u00e0trica - Servidigest\",\"isPartOf\":{\"@id\":\"https:\/\/dev.93-93-113-41.plesk.page\/ca\/#website\"},\"datePublished\":\"2024-03-11T09:12:54+00:00\",\"dateModified\":\"2024-03-11T14:07:04+00:00\",\"breadcrumb\":{\"@id\":\"https:\/\/dev.93-93-113-41.plesk.page\/ca\/serveis\/cirurgia-metabolica-i-bariatrica\/#breadcrumb\"},\"inLanguage\":\"ca\",\"potentialAction\":[{\"@type\":\"ReadAction\",\"target\":[\"https:\/\/dev.93-93-113-41.plesk.page\/ca\/serveis\/cirurgia-metabolica-i-bariatrica\/\"]}]},{\"@type\":\"BreadcrumbList\",\"@id\":\"https:\/\/dev.93-93-113-41.plesk.page\/ca\/serveis\/cirurgia-metabolica-i-bariatrica\/#breadcrumb\",\"itemListElement\":[{\"@type\":\"ListItem\",\"position\":1,\"name\":\"Serveis M\u00e8dics de Cl\u00ednica ServiDigest\",\"item\":\"https:\/\/dev.93-93-113-41.plesk.page\/ca\/servicios\/\"},{\"@type\":\"ListItem\",\"position\":2,\"name\":\"Cirurgia Metab\u00f2lica i Bari\u00e0trica\"}]},{\"@type\":\"WebSite\",\"@id\":\"https:\/\/dev.93-93-113-41.plesk.page\/ca\/#website\",\"url\":\"https:\/\/dev.93-93-113-41.plesk.page\/ca\/\",\"name\":\"Servidigest\",\"description\":\"\",\"publisher\":{\"@id\":\"https:\/\/dev.93-93-113-41.plesk.page\/ca\/#organization\"},\"potentialAction\":[{\"@type\":\"SearchAction\",\"target\":{\"@type\":\"EntryPoint\",\"urlTemplate\":\"https:\/\/dev.93-93-113-41.plesk.page\/ca\/?s={search_term_string}\"},\"query-input\":\"required name=search_term_string\"}],\"inLanguage\":\"ca\"},{\"@type\":\"Organization\",\"@id\":\"https:\/\/dev.93-93-113-41.plesk.page\/ca\/#organization\",\"name\":\"Servidigest\",\"url\":\"https:\/\/dev.93-93-113-41.plesk.page\/ca\/\",\"logo\":{\"@type\":\"ImageObject\",\"inLanguage\":\"ca\",\"@id\":\"https:\/\/dev.93-93-113-41.plesk.page\/ca\/#\/schema\/logo\/image\/\",\"url\":\"https:\/\/dev.93-93-113-41.plesk.page\/wp-content\/uploads\/2024\/01\/servidigest.png\",\"contentUrl\":\"https:\/\/dev.93-93-113-41.plesk.page\/wp-content\/uploads\/2024\/01\/servidigest.png\",\"width\":808,\"height\":88,\"caption\":\"Servidigest\"},\"image\":{\"@id\":\"https:\/\/dev.93-93-113-41.plesk.page\/ca\/#\/schema\/logo\/image\/\"},\"sameAs\":[\"https:\/\/www.facebook.com\/servidigest\",\"https:\/\/x.com\/servidigest\"]}]}<\/script>\n<!-- \/ Yoast SEO plugin. -->","yoast_head_json":{"title":"Cirurgia Metab\u00f2lica i Bari\u00e0trica - Servidigest","robots":{"index":"index","follow":"follow","max-snippet":"max-snippet:-1","max-image-preview":"max-image-preview:large","max-video-preview":"max-video-preview:-1"},"canonical":"https:\/\/dev.93-93-113-41.plesk.page\/ca\/serveis\/cirurgia-metabolica-i-bariatrica\/","og_locale":"ca_ES","og_type":"article","og_title":"Cirurgia Metab\u00f2lica i Bari\u00e0trica - Servidigest","og_description":"Bypass G\u00e0stric-Cirurgia Bari\u00e0trica SADI Sleeve Gastrectomy-Cirurgia Bari\u00e0trica Switch Duodenal","og_url":"https:\/\/dev.93-93-113-41.plesk.page\/ca\/serveis\/cirurgia-metabolica-i-bariatrica\/","og_site_name":"Servidigest","article_publisher":"https:\/\/www.facebook.com\/servidigest","article_modified_time":"2024-03-11T14:07:04+00:00","twitter_card":"summary_large_image","twitter_site":"@servidigest","schema":{"@context":"https:\/\/schema.org","@graph":[{"@type":"WebPage","@id":"https:\/\/dev.93-93-113-41.plesk.page\/ca\/serveis\/cirurgia-metabolica-i-bariatrica\/","url":"https:\/\/dev.93-93-113-41.plesk.page\/ca\/serveis\/cirurgia-metabolica-i-bariatrica\/","name":"Cirurgia Metab\u00f2lica i Bari\u00e0trica - Servidigest","isPartOf":{"@id":"https:\/\/dev.93-93-113-41.plesk.page\/ca\/#website"},"datePublished":"2024-03-11T09:12:54+00:00","dateModified":"2024-03-11T14:07:04+00:00","breadcrumb":{"@id":"https:\/\/dev.93-93-113-41.plesk.page\/ca\/serveis\/cirurgia-metabolica-i-bariatrica\/#breadcrumb"},"inLanguage":"ca","potentialAction":[{"@type":"ReadAction","target":["https:\/\/dev.93-93-113-41.plesk.page\/ca\/serveis\/cirurgia-metabolica-i-bariatrica\/"]}]},{"@type":"BreadcrumbList","@id":"https:\/\/dev.93-93-113-41.plesk.page\/ca\/serveis\/cirurgia-metabolica-i-bariatrica\/#breadcrumb","itemListElement":[{"@type":"ListItem","position":1,"name":"Serveis M\u00e8dics de Cl\u00ednica ServiDigest","item":"https:\/\/dev.93-93-113-41.plesk.page\/ca\/servicios\/"},{"@type":"ListItem","position":2,"name":"Cirurgia Metab\u00f2lica i Bari\u00e0trica"}]},{"@type":"WebSite","@id":"https:\/\/dev.93-93-113-41.plesk.page\/ca\/#website","url":"https:\/\/dev.93-93-113-41.plesk.page\/ca\/","name":"Servidigest","description":"","publisher":{"@id":"https:\/\/dev.93-93-113-41.plesk.page\/ca\/#organization"},"potentialAction":[{"@type":"SearchAction","target":{"@type":"EntryPoint","urlTemplate":"https:\/\/dev.93-93-113-41.plesk.page\/ca\/?s={search_term_string}"},"query-input":"required name=search_term_string"}],"inLanguage":"ca"},{"@type":"Organization","@id":"https:\/\/dev.93-93-113-41.plesk.page\/ca\/#organization","name":"Servidigest","url":"https:\/\/dev.93-93-113-41.plesk.page\/ca\/","logo":{"@type":"ImageObject","inLanguage":"ca","@id":"https:\/\/dev.93-93-113-41.plesk.page\/ca\/#\/schema\/logo\/image\/","url":"https:\/\/dev.93-93-113-41.plesk.page\/wp-content\/uploads\/2024\/01\/servidigest.png","contentUrl":"https:\/\/dev.93-93-113-41.plesk.page\/wp-content\/uploads\/2024\/01\/servidigest.png","width":808,"height":88,"caption":"Servidigest"},"image":{"@id":"https:\/\/dev.93-93-113-41.plesk.page\/ca\/#\/schema\/logo\/image\/"},"sameAs":["https:\/\/www.facebook.com\/servidigest","https:\/\/x.com\/servidigest"]}]}},"_links":{"self":[{"href":"https:\/\/dev.93-93-113-41.plesk.page\/ca\/wp-json\/wp\/v2\/pages\/36491","targetHints":{"allow":["GET"]}}],"collection":[{"href":"https:\/\/dev.93-93-113-41.plesk.page\/ca\/wp-json\/wp\/v2\/pages"}],"about":[{"href":"https:\/\/dev.93-93-113-41.plesk.page\/ca\/wp-json\/wp\/v2\/types\/page"}],"author":[{"embeddable":true,"href":"https:\/\/dev.93-93-113-41.plesk.page\/ca\/wp-json\/wp\/v2\/users\/1"}],"replies":[{"embeddable":true,"href":"https:\/\/dev.93-93-113-41.plesk.page\/ca\/wp-json\/wp\/v2\/comments?post=36491"}],"version-history":[{"count":5,"href":"https:\/\/dev.93-93-113-41.plesk.page\/ca\/wp-json\/wp\/v2\/pages\/36491\/revisions"}],"predecessor-version":[{"id":36502,"href":"https:\/\/dev.93-93-113-41.plesk.page\/ca\/wp-json\/wp\/v2\/pages\/36491\/revisions\/36502"}],"up":[{"embeddable":true,"href":"https:\/\/dev.93-93-113-41.plesk.page\/ca\/wp-json\/wp\/v2\/pages\/36232"}],"wp:attachment":[{"href":"https:\/\/dev.93-93-113-41.plesk.page\/ca\/wp-json\/wp\/v2\/media?parent=36491"}],"curies":[{"name":"wp","href":"https:\/\/api.w.org\/{rel}","templated":true}]}}