{"id":34542,"date":"2014-05-07T20:17:04","date_gmt":"2014-05-07T20:17:04","guid":{"rendered":"https:\/\/dev.93-93-113-41.plesk.page\/?page_id=62"},"modified":"2024-02-26T17:09:39","modified_gmt":"2024-02-26T16:09:39","slug":"politica-de-privacitat","status":"publish","type":"page","link":"https:\/\/dev.93-93-113-41.plesk.page\/ca\/politica-de-privacitat\/","title":{"rendered":"Pol\u00edtica de privacitat"},"content":{"rendered":"<p>En Unitat d\u2019aparell digestiu Servidigest S.L (SERVIDIGEST) treballem per a oferir-te a trav\u00e9s dels nostres productes i serveis la millor experi\u00e8ncia possible. En alguns casos, \u00e9s necessari recaptar informaci\u00f3 per a aconseguir-ho. Ens importa la teva privacitat i creiem que hem de ser transparents sobre aquest tema.<\/p>\n<p>Per aix\u00f2, i a l&#8217;efecte del que es preveu en el REGLAMENT (UE) 2016\/679 DEL PARLAMENT EUROPEU I DEL CONSELL de 27 d&#8217;abril de 2016 (d&#8217;ara endavant, &#8220;RGPD&#8221;) relatiu a la protecci\u00f3 de les persones f\u00edsiques pel que fa al tractament de dades personals i a la lliure circulaci\u00f3 d&#8217;aquestes dades, i la LLEI 34\/2002, d&#8217;11 de juliol, de Serveis de la Societat de la informaci\u00f3 i de comer\u00e7 electr\u00f2nic (d&#8217;ara endavant, &#8220;LSSI&#8221;), SERVIDIGEST informa l&#8217;usuari que, com a responsable del tractament, incorporar\u00e0 les dades de car\u00e0cter personal facilitats pels usuaris en un fitxer automatitzat.<\/p>\n<h2>El nostre comprom\u00eds comen\u00e7a per explicar-te el seg\u00fcent:<\/h2>\n<p>Es recullen les teves dades perqu\u00e8 l&#8217;experi\u00e8ncia d&#8217;usuari millori, atenent els teus interessos i necessitats.<br \/>\nSom transparents en relaci\u00f3 a les dades que obtenim sobre tu i la ra\u00f3 per la qual ho fem.<br \/>\nLa nostra intenci\u00f3 \u00e9s oferir-te la millor experi\u00e8ncia possible. Per aix\u00f2, quan anem a usar la teva informaci\u00f3 personal ho farem sempre complint la normativa, i quan sigui necessari, sol\u00b7licitarem el teu consentiment.<br \/>\nEntenem que les teves dades et pertanyen. Per tant, si decideixes no autoritzar-nos a processar-los pots sol\u00b7licitar-nos que deixem de tractar-los.<br \/>\nLa nostra prioritat consisteix a garantir la teva seguretat i tractar les teves dades d&#8217;acord amb la normativa europea.<\/p>\n<h2>\u00bfQui \u00e9s el responsable del tractament de les seves dades personals?<\/h2>\n<p>Identitat:<br \/>\nUnitat d\u2019aparell digestiu Servidigest S.L.<br \/>\nCIF. B61719290<br \/>\nMuntaner 507 5\u00ba 1\u00aa \u2013 08022 \u2013 Barcelona<br \/>\nRegistre Mercantil de Barcelona:<br \/>\nTom 30876, foli 159, fulla n\u00famero 179412, inscripci\u00f3 1.<br \/>\nEmail: uad@servidigest.com<\/p>\n<h2>\u00bfQuines dades personals recopilem?<\/h2>\n<p>Les dades personals que l&#8217;usuari pot arribar a proporcionar:<br \/>\nNom, direcci\u00f3 i data de naixement.<br \/>\nN\u00famero de tel\u00e8fon i adre\u00e7a de correu electr\u00f2nic.<br \/>\nDirecci\u00f3 f\u00edsica.<br \/>\nInformaci\u00f3 relativa a pagaments i devolucions.<br \/>\nAdre\u00e7a IP, data i hora en la qual has accedit als nostres serveis, navegador d&#8217;internet que usis i dades sobre el sistema operatiu del dispositiu.<br \/>\nQualsevol altra informaci\u00f3 o dades que decideixis compartir amb nosaltres.<\/p>\n<p>En alguns casos, \u00e9s obligat\u00f2ria l&#8217;emplenament del formulari de registre per a accedir i gaudir de determinats serveis oferts en la web; aix\u00ed mateix, no facilitar les dades personals sol\u00b7licitades o el no acceptar la present pol\u00edtica de protecci\u00f3 de dades suposa la impossibilitat de subscriure&#8217;s, registrar-se o participar en qualsevol de les promocions en les quals se sol\u00b7licitin dades car\u00e0cter personal.<\/p>\n<h2>\u00bfPer qu\u00e8 i per a qu\u00e8 tractem les teves dades?<\/h2>\n<p>SERVIDIGEST tractem la informaci\u00f3 que ens faciliten les persones interessades amb les seg\u00fcents finalitats:<\/p>\n<p>\u2022 Gestionar la cotrataci\u00f3 d` algun dels nostres serveis, ja sigui online o en la nostra seu f\u00edsica<\/p>\n<p>\u2022 Gestionar l&#8217;enviament de la informaci\u00f3 que ens sol\u00b7licitin.<\/p>\n<p>\u2022 Pr\u00e8via obtenci\u00f3 del seu consentiment, desenvolupar accions comercials i realitzar el manteniment i gesti\u00f3 de la relaci\u00f3 amb l&#8217;usuari, aix\u00ed com la gesti\u00f3 dels serveis ofert a trav\u00e9s del lloc web i les labors d&#8217;informaci\u00f3, podent realitzar valoracions autom\u00e0tiques, obtenci\u00f3 de perfils i labors de segmentaci\u00f3 dels clients a fi de personalitzar el tracte conforme a les seves caracter\u00edstiques i necessitats i millorar l&#8217;experi\u00e8ncia en l\u00ednia del client.<\/p>\n<p>En alguns casos ser\u00e0 necessari facilitar informaci\u00f3 a les Autoritats o terceres empreses per motius d&#8217;auditoria, aix\u00ed com manejar dades personals de factures, contractes i documents per a respondre a reclamacions de clients o de les Administracions P\u00fabliques<br \/>\nInformem que les dades personals que s&#8217;obtinguin com a conseq\u00fc\u00e8ncia del teu registre com a usuari formaran part del Registre d&#8217;Activitats i operacions de Tractament (RAT), que s&#8217;actualitzar\u00e0 peri\u00f2dicament d&#8217;acord amb el que s&#8217;estableix en el RGPD.<\/p>\n<h2>\u00bfQuina \u00e9s la legitimaci\u00f3 per al tractament de les teves dades?<\/h2>\n<p>El tractament de les teves dades pot fonamentar-se en les seg\u00fcents bases legals:<br \/>\n\u2022 Consentiment de l&#8217;interessat per a la contractaci\u00f3 de serveis i productes, per als formularis de contacte, les sol\u00b7licituds d&#8217;informaci\u00f3 o alta en e-newsletters.<br \/>\n\u2022 Inter\u00e8s leg\u00edtim per al tractament de dades dels nostres clients en accions de m\u00e0rqueting directe i consentiment expr\u00e9s de l&#8217;interessat per a tot el relatiu a les valoracions autom\u00e0tiques i elaboraci\u00f3 de perfils.<br \/>\n\u2022 Compliment d&#8217;obligacions legals per a prevenci\u00f3 del frau, comunicaci\u00f3 amb Autoritats P\u00fabliques i reclamacions de tercers.<\/p>\n<h2>\u00bfQuant temps conservem les teves dades?<\/h2>\n<p>El tractament de les dades amb les finalitats descrites es mantindr\u00e0 durant el temps necessari per a complir amb la finalitat de la seva recollida (per exemple, mentre duri la relaci\u00f3 comercial), aix\u00ed com per al compliment de les obligacions legals que es derivin del tractament de les dades.<\/p>\n<h2>A quins destinataris es comuniquen les teves dades?<\/h2>\n<p>En alguns casos, nom\u00e9s quan sigui necessari, SERVIDIGEST proporcionar\u00e0 dades dels usuaris a tercers. No obstant aix\u00f2, mai es vendran les dades a tercers. Els prove\u00efdors de serveis externs amb els quals SERVIDIGEST treballi, poden usar les dades per a proporcionar els serveis corresponents, no obstant aix\u00f2, no usaran aquesta informaci\u00f3 per a finalitats pr\u00f2pies o per a cessi\u00f3 a tercers.<br \/>\nSERVIDIGEST procura garantir la seguretat de les dades personals quan s&#8217;envien fora de l&#8217;empresa i s&#8217;assegura que els tercers prove\u00efdors de servei respecten la confidencialitat i compten amb les mesures adequades per a protegir les dades personals. Dites terceres tenen l&#8217;obligaci\u00f3 de garantir que la informaci\u00f3 es tracta conforme amb la normativa de privacitat de dades.<br \/>\nEn alguns casos, la llei pot exigir que es revelin dades personals a organismes p\u00fablics o altres parts, nom\u00e9s es revelar\u00e0 l&#8217;estrictament necessari per al compliment d&#8217;aquestes obligacions legals.<\/p>\n<h2>\u00bfOn s&#8217;emmagatzemen les teves dades?<\/h2>\n<p>Amb car\u00e0cter general, les dades s&#8217;emmagatzemen dins de la UE.<\/p>\n<h2>Quins drets t&#8217;assisteixen i com pots exercir-los?<\/h2>\n<p>Pots dirigir les teves comunicacions i exercitar els teus drets mitjan\u00e7ant una petici\u00f3 en el seg\u00fcent correu electr\u00f2nic: uad@servidigest.com<\/p>\n<p>En virtut del que estableix el RGPD pots sol\u00b7licitar:<\/p>\n<p>\u2022 Dret d&#8217;acc\u00e9s: pots demanar informaci\u00f3 d&#8217;aquelles dades personals que disposem sobre tu.<\/p>\n<p>\u2022 Dret de rectificaci\u00f3: pots comunicar qualsevol canvi en les teves dades personals.<\/p>\n<p>\u2022 Dret de supressi\u00f3 i a l&#8217;oblit: pots sol\u00b7licitar l&#8217;eliminaci\u00f3 previ bloqueig de les dades personals.<\/p>\n<p>\u2022 Dret de limitaci\u00f3 al tractament: suposa la restricci\u00f3 del tractament de les dades personals.<\/p>\n<p>\u2022 Dret d&#8217;oposici\u00f3: pots retirar el consentiment del tractament de les dades, oposant-se al fet que es continu\u00efn tractant.<\/p>\n<p>\u2022 Dret a la portabilitat: en alguns casos, pots demanar una c\u00f2pia de les dades personals en un format estructurat, d&#8217;\u00fas com\u00fa i lectura mec\u00e0nica per a la seva transmissi\u00f3 a un altre responsable.<\/p>\n<p>\u2022 Dret a no ser objecte de decisions individualitzades: pots sol\u00b7licitar que no es prenguin decisions que es basin \u00fanicament en el tractament automatitzat, incloent-hi l&#8217;elaboraci\u00f3 de pels, que produeixi efectes jur\u00eddics o afecti significativament l&#8217;interessat.<\/p>\n<p>En alguns casos, es podr\u00e0 rebutjar la sol\u00b7licitud si sol\u00b7licites que s&#8217;eliminin dades necess\u00e0ries per al compliment d&#8217;obligacions legals.<\/p>\n<p>Aix\u00ed mateix, si tens alguna queixa sobre el tractament de les dades pots presentar una reclamaci\u00f3 a l&#8217;autoritat de protecci\u00f3 de dades.<\/p>\n<h2>\u00bfQui \u00e9s el responsable de l&#8217;exactitud i veracitat de les dades facilitades?<\/h2>\n<p>L&#8217;usuari \u00e9s l&#8217;\u00fanic responsable de la veracitat i correcci\u00f3 de les dades incloses, exonerant a SERVIDIGEST de qualsevol responsabilitat sobre aquest tema. Els usuaris garanteixen i responen, en qualsevol cas, de l&#8217;exactitud, vig\u00e8ncia i autenticitat de les dades personals facilitades, i es comprometen a mantenir-los degudament actualitzats. L&#8217;usuari accepta proporcionar informaci\u00f3 completa i correcta en el formulari de registre o subscripci\u00f3. SERVIDIGEST es reserva el dret de finalitzar els serveis contractats que s&#8217;hagu\u00e9s celebrat amb els usuaris, en cas que les dades que hagi facilitat siguin falsos, incomplets, inexactes o no estiguin actualitzats.<\/p>\n<p>SERVIDIGEST no respon de la veracitat de les informacions que no siguin d&#8217;elaboraci\u00f3 pr\u00f2pia i de les quals s&#8217;indiqui una altra font, per la qual cosa tampoc assumeix cap responsabilitat quant a hipot\u00e8tics perjudicis que poguessin originar-se per l&#8217;\u00fas d&#8217;aquesta informaci\u00f3.<\/p>\n<p>SERVIDIGEST es reserva el dret a actualitzar, modificar o eliminar la informaci\u00f3 continguda en les seves p\u00e0gines web podent fins i tot limitar o no permetre l&#8217;acc\u00e9s a aquesta informaci\u00f3. S&#8217;exonera a SERVIDIGEST de responsabilitat davant qualsevol mal o perjudici que pogu\u00e9s sofrir l&#8217;usuari a conseq\u00fc\u00e8ncia d&#8217;errors, defectes o omissions, en la informaci\u00f3 facilitada per SERVIDIGEST sempre que procedeixi de fonts alienes a aquesta.<\/p>\n<p>Aix\u00ed mateix, l&#8217;usuari certifica que \u00e9s major de 14 anys i que posseeix la capacitat legal necess\u00e0ria per a la prestaci\u00f3 del consentiment quant al tractament de les seves dades de car\u00e0cter personal.<\/p>\n<h2>\u00bfCom tractem les dades personals dels menors d&#8217;edat?<\/h2>\n<p>En principi els nostres serveis no van dirigits espec\u00edficament a menors d&#8217;edat. No obstant aix\u00f2, en el cas que algun d&#8217;ells es dirigeixi a menors de catorze anys, de conformitat amb l&#8217;article 8 del RGPD i l&#8217;article 7 de la LO3\/2018, de 5 de desembre (LOPDGDD), SERVIDIGEST exigir\u00e0 el consentiment v\u00e0lid, lliure, inequ\u00edvoc, espec\u00edfic i informat dels seus tutors legals per a tractar les dades personals dels menors. En aquest cas, s&#8217;exigir\u00e0 el DNI o una altra forma d&#8217;identificaci\u00f3 de qui presti el consentiment.<\/p>\n<p>En el cas de majors de catorze anys podr\u00e0 procedir-se al tractament de les dades amb el consentiment de l&#8217;usuari, exceptuant aquells casos en els quals la Llei exigeixi l&#8217;assist\u00e8ncia dels titulars de la p\u00e0tria potestat o tutela.<\/p>\n<h2>\u00bfQuines mesures de seguretat apliquem per a protegir les teves dades personals?<\/h2>\n<p>SERVIDIGEST ha adoptat els nivells de seguretat de protecci\u00f3 de les Dades Personals legalment requerides, i procura instal\u00b7lar aquells altres mitjans i mesures t\u00e8cniques addicionals al seu abast per a evitar la p\u00e8rdua, malament \u00fas, alteraci\u00f3, acc\u00e9s no autoritzat i robatori de les Dades Personals facilitades a SERVIDIGEST.<\/p>\n<p>SERVIDIGEST no \u00e9s responsable d&#8217;hipot\u00e8tics danys o perjudicis que es poguessin derivar d&#8217;interfer\u00e8ncies, omissions, interrupcions, virus inform\u00e0tics, avaries telef\u00f2niques o desconnexions en el funcionament operatiu d&#8217;aquest sistema electr\u00f2nic, motivades per causes alienes a SERVIDIGEST; de retards o bloquejos en l&#8217;\u00fas del present sistema electr\u00f2nic causats per ci\u00e8ncies o sobrec\u00e0rregues de l\u00ednies telef\u00f2niques o sobrec\u00e0rregues en el Centre de Procesaments de dades, en el sistema d&#8217;Internet o en altres sistemes electr\u00f2nics, aix\u00ed com de danys que puguin ser causats per terceres persones mitjan\u00e7ant intromissions il\u00b7leg\u00edtimes fora del control de SERVIDIGEST Aix\u00f2 no obstant, l&#8217;usuari ha de ser conscient que les mesures de seguretat en Internet no s\u00f3n inexpugnables.<\/p>\n<h2>Enlla\u00e7os a altres llocs web<\/h2>\n<p>En el lloc web www.servidigest.com pot haver-hi enlla\u00e7os a altres p\u00e0gines web. En clicar en un d&#8217;aquests enlla\u00e7os i accedir a un lloc web extern, la visita estar\u00e0 subjecta a la pol\u00edtica de privacitat d&#8217;aquest lloc web, quedant SERVIDIGEST desvinculada de qualsevol mena de responsabilitat sobre la seva pol\u00edtica de privacitat.<\/p>\n<h2>\u00bfPot modificar-se la pol\u00edtica de privacitat?<\/h2>\n<p>Aquesta pol\u00edtica de privacitat pot modificar-se. Et recomanem que revisis la pol\u00edtica de privacitat amb certa freq\u00fc\u00e8ncia.<\/p>\n","protected":false},"excerpt":{"rendered":"<div class=\"mh-excerpt\"><p>En Unitat d\u2019aparell digestiu Servidigest S.L (SERVIDIGEST) treballem per a oferir-te a trav\u00e9s dels nostres productes i serveis la millor experi\u00e8ncia possible. En alguns casos, \u00e9s necessari recaptar informaci\u00f3 per a aconseguir-ho. Ens importa la <a class=\"mh-excerpt-more\" href=\"https:\/\/dev.93-93-113-41.plesk.page\/ca\/politica-de-privacitat\/\" title=\"Pol\u00edtica de privacitat\">[&#8230;]<\/a><\/p>\n<\/div>","protected":false},"author":1,"featured_media":0,"parent":0,"menu_order":0,"comment_status":"closed","ping_status":"closed","template":"","meta":{"footnotes":""},"class_list":["post-34542","page","type-page","status-publish"],"yoast_head":"<!-- This site is optimized with the Yoast SEO plugin v22.6 - https:\/\/yoast.com\/wordpress\/plugins\/seo\/ -->\n<title>Pol\u00edtica de privacitat - Servidigest<\/title>\n<meta name=\"robots\" content=\"noindex, follow\" \/>\n<meta property=\"og:locale\" content=\"ca_ES\" \/>\n<meta property=\"og:type\" content=\"article\" \/>\n<meta property=\"og:title\" content=\"Pol\u00edtica de privacitat - Servidigest\" \/>\n<meta property=\"og:description\" content=\"En Unitat d\u2019aparell digestiu Servidigest S.L (SERVIDIGEST) treballem per a oferir-te a trav\u00e9s dels nostres productes i serveis la millor experi\u00e8ncia possible. En alguns casos, \u00e9s necessari recaptar informaci\u00f3 per a aconseguir-ho. Ens importa la [...]\" \/>\n<meta property=\"og:url\" content=\"https:\/\/dev.93-93-113-41.plesk.page\/ca\/politica-de-privacitat\/\" \/>\n<meta property=\"og:site_name\" content=\"Servidigest\" \/>\n<meta property=\"article:publisher\" content=\"https:\/\/www.facebook.com\/servidigest\" \/>\n<meta property=\"article:modified_time\" content=\"2024-02-26T16:09:39+00:00\" \/>\n<meta name=\"twitter:card\" content=\"summary_large_image\" \/>\n<meta name=\"twitter:site\" content=\"@servidigest\" \/>\n<meta name=\"twitter:label1\" content=\"Est. reading time\" \/>\n\t<meta name=\"twitter:data1\" content=\"9 minutes\" \/>\n<script type=\"application\/ld+json\" class=\"yoast-schema-graph\">{\"@context\":\"https:\/\/schema.org\",\"@graph\":[{\"@type\":\"WebPage\",\"@id\":\"https:\/\/dev.93-93-113-41.plesk.page\/ca\/politica-de-privacitat\/\",\"url\":\"https:\/\/dev.93-93-113-41.plesk.page\/ca\/politica-de-privacitat\/\",\"name\":\"Pol\u00edtica de privacitat - Servidigest\",\"isPartOf\":{\"@id\":\"https:\/\/dev.93-93-113-41.plesk.page\/ca\/#website\"},\"datePublished\":\"2014-05-07T20:17:04+00:00\",\"dateModified\":\"2024-02-26T16:09:39+00:00\",\"inLanguage\":\"ca\",\"potentialAction\":[{\"@type\":\"ReadAction\",\"target\":[\"https:\/\/dev.93-93-113-41.plesk.page\/ca\/politica-de-privacitat\/\"]}]},{\"@type\":\"WebSite\",\"@id\":\"https:\/\/dev.93-93-113-41.plesk.page\/ca\/#website\",\"url\":\"https:\/\/dev.93-93-113-41.plesk.page\/ca\/\",\"name\":\"Servidigest\",\"description\":\"\",\"publisher\":{\"@id\":\"https:\/\/dev.93-93-113-41.plesk.page\/ca\/#organization\"},\"potentialAction\":[{\"@type\":\"SearchAction\",\"target\":{\"@type\":\"EntryPoint\",\"urlTemplate\":\"https:\/\/dev.93-93-113-41.plesk.page\/ca\/?s={search_term_string}\"},\"query-input\":\"required name=search_term_string\"}],\"inLanguage\":\"ca\"},{\"@type\":\"Organization\",\"@id\":\"https:\/\/dev.93-93-113-41.plesk.page\/ca\/#organization\",\"name\":\"Servidigest\",\"url\":\"https:\/\/dev.93-93-113-41.plesk.page\/ca\/\",\"logo\":{\"@type\":\"ImageObject\",\"inLanguage\":\"ca\",\"@id\":\"https:\/\/dev.93-93-113-41.plesk.page\/ca\/#\/schema\/logo\/image\/\",\"url\":\"https:\/\/dev.93-93-113-41.plesk.page\/wp-content\/uploads\/2024\/01\/servidigest.png\",\"contentUrl\":\"https:\/\/dev.93-93-113-41.plesk.page\/wp-content\/uploads\/2024\/01\/servidigest.png\",\"width\":808,\"height\":88,\"caption\":\"Servidigest\"},\"image\":{\"@id\":\"https:\/\/dev.93-93-113-41.plesk.page\/ca\/#\/schema\/logo\/image\/\"},\"sameAs\":[\"https:\/\/www.facebook.com\/servidigest\",\"https:\/\/x.com\/servidigest\"]}]}<\/script>\n<!-- \/ Yoast SEO plugin. -->","yoast_head_json":{"title":"Pol\u00edtica de privacitat - Servidigest","robots":{"index":"noindex","follow":"follow"},"og_locale":"ca_ES","og_type":"article","og_title":"Pol\u00edtica de privacitat - Servidigest","og_description":"En Unitat d\u2019aparell digestiu Servidigest S.L (SERVIDIGEST) treballem per a oferir-te a trav\u00e9s dels nostres productes i serveis la millor experi\u00e8ncia possible. En alguns casos, \u00e9s necessari recaptar informaci\u00f3 per a aconseguir-ho. Ens importa la [...]","og_url":"https:\/\/dev.93-93-113-41.plesk.page\/ca\/politica-de-privacitat\/","og_site_name":"Servidigest","article_publisher":"https:\/\/www.facebook.com\/servidigest","article_modified_time":"2024-02-26T16:09:39+00:00","twitter_card":"summary_large_image","twitter_site":"@servidigest","twitter_misc":{"Est. reading time":"9 minutes"},"schema":{"@context":"https:\/\/schema.org","@graph":[{"@type":"WebPage","@id":"https:\/\/dev.93-93-113-41.plesk.page\/ca\/politica-de-privacitat\/","url":"https:\/\/dev.93-93-113-41.plesk.page\/ca\/politica-de-privacitat\/","name":"Pol\u00edtica de privacitat - Servidigest","isPartOf":{"@id":"https:\/\/dev.93-93-113-41.plesk.page\/ca\/#website"},"datePublished":"2014-05-07T20:17:04+00:00","dateModified":"2024-02-26T16:09:39+00:00","inLanguage":"ca","potentialAction":[{"@type":"ReadAction","target":["https:\/\/dev.93-93-113-41.plesk.page\/ca\/politica-de-privacitat\/"]}]},{"@type":"WebSite","@id":"https:\/\/dev.93-93-113-41.plesk.page\/ca\/#website","url":"https:\/\/dev.93-93-113-41.plesk.page\/ca\/","name":"Servidigest","description":"","publisher":{"@id":"https:\/\/dev.93-93-113-41.plesk.page\/ca\/#organization"},"potentialAction":[{"@type":"SearchAction","target":{"@type":"EntryPoint","urlTemplate":"https:\/\/dev.93-93-113-41.plesk.page\/ca\/?s={search_term_string}"},"query-input":"required name=search_term_string"}],"inLanguage":"ca"},{"@type":"Organization","@id":"https:\/\/dev.93-93-113-41.plesk.page\/ca\/#organization","name":"Servidigest","url":"https:\/\/dev.93-93-113-41.plesk.page\/ca\/","logo":{"@type":"ImageObject","inLanguage":"ca","@id":"https:\/\/dev.93-93-113-41.plesk.page\/ca\/#\/schema\/logo\/image\/","url":"https:\/\/dev.93-93-113-41.plesk.page\/wp-content\/uploads\/2024\/01\/servidigest.png","contentUrl":"https:\/\/dev.93-93-113-41.plesk.page\/wp-content\/uploads\/2024\/01\/servidigest.png","width":808,"height":88,"caption":"Servidigest"},"image":{"@id":"https:\/\/dev.93-93-113-41.plesk.page\/ca\/#\/schema\/logo\/image\/"},"sameAs":["https:\/\/www.facebook.com\/servidigest","https:\/\/x.com\/servidigest"]}]}},"_links":{"self":[{"href":"https:\/\/dev.93-93-113-41.plesk.page\/ca\/wp-json\/wp\/v2\/pages\/34542","targetHints":{"allow":["GET"]}}],"collection":[{"href":"https:\/\/dev.93-93-113-41.plesk.page\/ca\/wp-json\/wp\/v2\/pages"}],"about":[{"href":"https:\/\/dev.93-93-113-41.plesk.page\/ca\/wp-json\/wp\/v2\/types\/page"}],"author":[{"embeddable":true,"href":"https:\/\/dev.93-93-113-41.plesk.page\/ca\/wp-json\/wp\/v2\/users\/1"}],"replies":[{"embeddable":true,"href":"https:\/\/dev.93-93-113-41.plesk.page\/ca\/wp-json\/wp\/v2\/comments?post=34542"}],"version-history":[{"count":1,"href":"https:\/\/dev.93-93-113-41.plesk.page\/ca\/wp-json\/wp\/v2\/pages\/34542\/revisions"}],"predecessor-version":[{"id":34596,"href":"https:\/\/dev.93-93-113-41.plesk.page\/ca\/wp-json\/wp\/v2\/pages\/34542\/revisions\/34596"}],"wp:attachment":[{"href":"https:\/\/dev.93-93-113-41.plesk.page\/ca\/wp-json\/wp\/v2\/media?parent=34542"}],"curies":[{"name":"wp","href":"https:\/\/api.w.org\/{rel}","templated":true}]}}