{"id":34540,"date":"2014-05-06T18:31:49","date_gmt":"2014-05-06T18:31:49","guid":{"rendered":"https:\/\/dev.93-93-113-41.plesk.page\/?page_id=32"},"modified":"2024-05-20T22:59:15","modified_gmt":"2024-05-20T20:59:15","slug":"fundacio","status":"publish","type":"page","link":"https:\/\/dev.93-93-113-41.plesk.page\/ca\/fundacio\/","title":{"rendered":"Fundaci\u00f3"},"content":{"rendered":"<div class=\"flex-col gap-1 md:gap-3\">\n<div class=\"flex flex-grow flex-col max-w-full\">\n<div class=\"min-h-[20px] text-message flex flex-col items-start whitespace-pre-wrap break-words [.text-message+&amp;]:mt-5 juice:w-full juice:items-end overflow-x-auto gap-2\" dir=\"auto\" data-message-author-role=\"assistant\" data-message-id=\"37cf1ebe-30aa-467b-920c-e36b9c4e5517\">\n<div class=\"flex w-full flex-col gap-1 juice:empty:hidden juice:first:pt-[3px]\">\n<div class=\"markdown prose w-full break-words dark:prose-invert light\">\n<div class=\"flex flex-grow flex-col max-w-full\">\n<div class=\"min-h-[20px] text-message flex flex-col items-start whitespace-pre-wrap break-words [.text-message+&amp;]:mt-5 juice:w-full juice:items-end overflow-x-auto gap-2\" dir=\"auto\" data-message-author-role=\"assistant\" data-message-id=\"7b63ccaa-f6d0-4e2a-95e2-a1710f3447fd\">\n<div class=\"flex w-full flex-col gap-1 juice:empty:hidden juice:first:pt-[3px]\">\n<div class=\"markdown prose w-full break-words dark:prose-invert light\">\n<p>La Fundaci\u00f3 Privada ServiDigest \u00e9s una entitat sense \u00e0nim de lucre, fundada el 16 de desembre de 2003 i inscrita en el Registre de Fundacions de la Generalitat de Catalunya amb el n\u00fam. 1939, i classificada com a Fundaci\u00f3 Ben\u00e8fica de tipus assistencial, amb finalitats cient\u00edfiques i culturals.<\/p>\n<p>La representaci\u00f3, el govern i l&#8217;administraci\u00f3 de la Fundaci\u00f3 corresponen al seu Patronat, del qual \u00e9s president el Dr. Josep Merlo Mas.<\/p>\n<p>La Fundaci\u00f3 Privada ServiDigest t\u00e9 com a principal objectiu el benestar de les persones a trav\u00e9s de la Salut, la Qualitat de Vida i la Cultura per ajudar i millorar les condicions de vida de les persones i de les societats en el seu conjunt.<\/p>\n<p><strong>Un dels objectius principals de la Fundaci\u00f3 ServiDigest \u00e9s l&#8217;actualitzaci\u00f3 permanent professional i cient\u00edfica de l&#8217;equip m\u00e8dic i sanitari<\/strong>, participant i assistint als congressos i cursos m\u00e9s rellevants a nivell nacional i internacional de les diferents especialitats.<\/p>\n<p>Programes de Doc\u00e8ncia, Formaci\u00f3 Cient\u00edfica, Investigaci\u00f3, Desenvolupament i Innovaci\u00f3 Doc\u00e8ncia i Formaci\u00f3 Cient\u00edfica.<\/p>\n<p>Cl\u00ednica ServiDigest i la Fundaci\u00f3 ServiDigest aposten per la Formaci\u00f3 cient\u00edfica permanent, la Doc\u00e8ncia i la Investigaci\u00f3 i Desenvolupament.<\/p>\n<p>Les finalitats fundacionals de l&#8217;entitat tenen com a objectiu principal la investigaci\u00f3, desenvolupament, aplicaci\u00f3, pr\u00e0ctica i difusi\u00f3 de t\u00e8cniques, activitats i estudis que permetin millorar, prevenir, tractar i ajudar a la promoci\u00f3 de la salut.<\/p>\n<p>Dins d&#8217;aquest ampli objectiu, t\u00e9 com a finalitat concreta m\u00e9s immediata, la de fomentar i exercir la prevenci\u00f3, assist\u00e8ncia i difusi\u00f3 en l&#8217;\u00e0mbit de la salut, amb el desenvolupament d&#8217;activitats que facilitin la tasca dels professionals.<\/p>\n<p>Els beneficiaris de les Activitats de Doc\u00e8ncia i Formaci\u00f3 cient\u00edfica de ServiDigest s\u00f3n, entre d&#8217;altres, Professionals Sanitaris, Estudiants de Medicina, Diplomatura d&#8217;Infermeria, Nutrici\u00f3 Humana i Diet\u00e8tica, altres professionals o estudiants universitaris d&#8217;altres Especialitats que necessiten con\u00e8ixer, ampliar i\/o completar els seus coneixements sanitaris i els Usuaris de Serveis sanitaris.<\/p>\n<p>Mantenim Convenis de col\u00b7laboraci\u00f3 amb la Fundaci\u00f3 Blanquerna-Facultat de Ci\u00e8ncies de la Salut Blanquerna de la Universitat Ramon Llull de Barcelona i amb l&#8217;Escola Universit\u00e0ria de Ci\u00e8ncies de la Salut de la Universitat de Vic.<\/p>\n<p>Inici de Conveni de col\u00b7laboraci\u00f3 amb la Facultat de Ci\u00e8ncies de la Salut i la Vida de la Universitat Pompeu Fabra de Barcelona, per als estudiants de Grau de Ci\u00e8ncies de la Salut i la Vida i estudis de Postgrau.<\/p>\n<p>Cl\u00ednica ServiDigest-Fundaci\u00f3 ServiDigest estableix convenis amb els Departaments universitaris de Formaci\u00f3 i Investigaci\u00f3.<\/p>\n<p>La informaci\u00f3, els recursos i els coneixements professionals dels facultatius de ServiDigest, s\u00f3n elements efectius per transmetre formaci\u00f3 als estudiants del Grau de Ci\u00e8ncies de la Salut i de Vida i de Postgrau.<\/p>\n<p>A trav\u00e9s de la Fundaci\u00f3 Privada ServiDigest promovem la <strong>Salut dels nostres pacients<\/strong> mitjan\u00e7ant la prevenci\u00f3 i la pr\u00e0ctica d&#8217;h\u00e0bits saludables.<\/p>\n<p>Fomentem tamb\u00e9 la <strong>Qualitat de Vida<\/strong> que ajuda a la prevenci\u00f3 de malalties i tamb\u00e9 al benestar f\u00edsic i mental de les persones. Recomanem la pr\u00e0ctica habitual d&#8217;activitat f\u00edsica, una alimentaci\u00f3 equilibrada i la realitzaci\u00f3 d&#8217;activitats d&#8217;oci.<\/p>\n<p><strong>Creiem que amb l&#8217;inter\u00e8s per la Cultura<\/strong> es pot aconseguir una exist\u00e8ncia plena, satisfact\u00f2ria i saludable en cos i ment.<\/p>\n<\/div>\n<\/div>\n<\/div>\n<\/div>\n<\/div>\n<\/div>\n<\/div>\n<\/div>\n<\/div>\n","protected":false},"excerpt":{"rendered":"<div class=\"mh-excerpt\"><p>La Fundaci\u00f3 Privada ServiDigest \u00e9s una entitat sense \u00e0nim de lucre, fundada el 16 de desembre de 2003 i inscrita en el Registre de Fundacions de la Generalitat de Catalunya amb el n\u00fam. 1939, i <a class=\"mh-excerpt-more\" href=\"https:\/\/dev.93-93-113-41.plesk.page\/ca\/fundacio\/\" title=\"Fundaci\u00f3\">[&#8230;]<\/a><\/p>\n<\/div>","protected":false},"author":1,"featured_media":0,"parent":0,"menu_order":0,"comment_status":"closed","ping_status":"closed","template":"","meta":{"footnotes":""},"class_list":["post-34540","page","type-page","status-publish"],"yoast_head":"<!-- This site is optimized with the Yoast SEO plugin v22.6 - https:\/\/yoast.com\/wordpress\/plugins\/seo\/ -->\n<title>Fundaci\u00f3 - Servidigest<\/title>\n<meta name=\"description\" content=\"Fundaci\u00f3\" \/>\n<meta name=\"robots\" content=\"index, follow, max-snippet:-1, max-image-preview:large, max-video-preview:-1\" \/>\n<link rel=\"canonical\" href=\"https:\/\/dev.93-93-113-41.plesk.page\/ca\/fundacio\/\" \/>\n<meta property=\"og:locale\" content=\"ca_ES\" \/>\n<meta property=\"og:type\" content=\"article\" \/>\n<meta property=\"og:title\" content=\"Fundaci\u00f3 - Servidigest\" \/>\n<meta property=\"og:description\" content=\"Fundaci\u00f3\" \/>\n<meta property=\"og:url\" content=\"https:\/\/dev.93-93-113-41.plesk.page\/ca\/fundacio\/\" \/>\n<meta property=\"og:site_name\" content=\"Servidigest\" \/>\n<meta property=\"article:publisher\" content=\"https:\/\/www.facebook.com\/servidigest\" \/>\n<meta property=\"article:modified_time\" content=\"2024-05-20T20:59:15+00:00\" \/>\n<meta name=\"twitter:card\" content=\"summary_large_image\" \/>\n<meta name=\"twitter:site\" content=\"@servidigest\" \/>\n<meta name=\"twitter:label1\" content=\"Est. reading time\" \/>\n\t<meta name=\"twitter:data1\" content=\"3 minutes\" \/>\n<script type=\"application\/ld+json\" class=\"yoast-schema-graph\">{\"@context\":\"https:\/\/schema.org\",\"@graph\":[{\"@type\":\"WebPage\",\"@id\":\"https:\/\/dev.93-93-113-41.plesk.page\/ca\/fundacio\/\",\"url\":\"https:\/\/dev.93-93-113-41.plesk.page\/ca\/fundacio\/\",\"name\":\"Fundaci\u00f3 - Servidigest\",\"isPartOf\":{\"@id\":\"https:\/\/dev.93-93-113-41.plesk.page\/ca\/#website\"},\"datePublished\":\"2014-05-06T18:31:49+00:00\",\"dateModified\":\"2024-05-20T20:59:15+00:00\",\"description\":\"Fundaci\u00f3\",\"inLanguage\":\"ca\",\"potentialAction\":[{\"@type\":\"ReadAction\",\"target\":[\"https:\/\/dev.93-93-113-41.plesk.page\/ca\/fundacio\/\"]}]},{\"@type\":\"WebSite\",\"@id\":\"https:\/\/dev.93-93-113-41.plesk.page\/ca\/#website\",\"url\":\"https:\/\/dev.93-93-113-41.plesk.page\/ca\/\",\"name\":\"Servidigest\",\"description\":\"\",\"publisher\":{\"@id\":\"https:\/\/dev.93-93-113-41.plesk.page\/ca\/#organization\"},\"potentialAction\":[{\"@type\":\"SearchAction\",\"target\":{\"@type\":\"EntryPoint\",\"urlTemplate\":\"https:\/\/dev.93-93-113-41.plesk.page\/ca\/?s={search_term_string}\"},\"query-input\":\"required name=search_term_string\"}],\"inLanguage\":\"ca\"},{\"@type\":\"Organization\",\"@id\":\"https:\/\/dev.93-93-113-41.plesk.page\/ca\/#organization\",\"name\":\"Servidigest\",\"url\":\"https:\/\/dev.93-93-113-41.plesk.page\/ca\/\",\"logo\":{\"@type\":\"ImageObject\",\"inLanguage\":\"ca\",\"@id\":\"https:\/\/dev.93-93-113-41.plesk.page\/ca\/#\/schema\/logo\/image\/\",\"url\":\"https:\/\/dev.93-93-113-41.plesk.page\/wp-content\/uploads\/2024\/01\/servidigest.png\",\"contentUrl\":\"https:\/\/dev.93-93-113-41.plesk.page\/wp-content\/uploads\/2024\/01\/servidigest.png\",\"width\":808,\"height\":88,\"caption\":\"Servidigest\"},\"image\":{\"@id\":\"https:\/\/dev.93-93-113-41.plesk.page\/ca\/#\/schema\/logo\/image\/\"},\"sameAs\":[\"https:\/\/www.facebook.com\/servidigest\",\"https:\/\/x.com\/servidigest\"]}]}<\/script>\n<!-- \/ Yoast SEO plugin. -->","yoast_head_json":{"title":"Fundaci\u00f3 - Servidigest","description":"Fundaci\u00f3","robots":{"index":"index","follow":"follow","max-snippet":"max-snippet:-1","max-image-preview":"max-image-preview:large","max-video-preview":"max-video-preview:-1"},"canonical":"https:\/\/dev.93-93-113-41.plesk.page\/ca\/fundacio\/","og_locale":"ca_ES","og_type":"article","og_title":"Fundaci\u00f3 - Servidigest","og_description":"Fundaci\u00f3","og_url":"https:\/\/dev.93-93-113-41.plesk.page\/ca\/fundacio\/","og_site_name":"Servidigest","article_publisher":"https:\/\/www.facebook.com\/servidigest","article_modified_time":"2024-05-20T20:59:15+00:00","twitter_card":"summary_large_image","twitter_site":"@servidigest","twitter_misc":{"Est. reading time":"3 minutes"},"schema":{"@context":"https:\/\/schema.org","@graph":[{"@type":"WebPage","@id":"https:\/\/dev.93-93-113-41.plesk.page\/ca\/fundacio\/","url":"https:\/\/dev.93-93-113-41.plesk.page\/ca\/fundacio\/","name":"Fundaci\u00f3 - Servidigest","isPartOf":{"@id":"https:\/\/dev.93-93-113-41.plesk.page\/ca\/#website"},"datePublished":"2014-05-06T18:31:49+00:00","dateModified":"2024-05-20T20:59:15+00:00","description":"Fundaci\u00f3","inLanguage":"ca","potentialAction":[{"@type":"ReadAction","target":["https:\/\/dev.93-93-113-41.plesk.page\/ca\/fundacio\/"]}]},{"@type":"WebSite","@id":"https:\/\/dev.93-93-113-41.plesk.page\/ca\/#website","url":"https:\/\/dev.93-93-113-41.plesk.page\/ca\/","name":"Servidigest","description":"","publisher":{"@id":"https:\/\/dev.93-93-113-41.plesk.page\/ca\/#organization"},"potentialAction":[{"@type":"SearchAction","target":{"@type":"EntryPoint","urlTemplate":"https:\/\/dev.93-93-113-41.plesk.page\/ca\/?s={search_term_string}"},"query-input":"required name=search_term_string"}],"inLanguage":"ca"},{"@type":"Organization","@id":"https:\/\/dev.93-93-113-41.plesk.page\/ca\/#organization","name":"Servidigest","url":"https:\/\/dev.93-93-113-41.plesk.page\/ca\/","logo":{"@type":"ImageObject","inLanguage":"ca","@id":"https:\/\/dev.93-93-113-41.plesk.page\/ca\/#\/schema\/logo\/image\/","url":"https:\/\/dev.93-93-113-41.plesk.page\/wp-content\/uploads\/2024\/01\/servidigest.png","contentUrl":"https:\/\/dev.93-93-113-41.plesk.page\/wp-content\/uploads\/2024\/01\/servidigest.png","width":808,"height":88,"caption":"Servidigest"},"image":{"@id":"https:\/\/dev.93-93-113-41.plesk.page\/ca\/#\/schema\/logo\/image\/"},"sameAs":["https:\/\/www.facebook.com\/servidigest","https:\/\/x.com\/servidigest"]}]}},"_links":{"self":[{"href":"https:\/\/dev.93-93-113-41.plesk.page\/ca\/wp-json\/wp\/v2\/pages\/34540","targetHints":{"allow":["GET"]}}],"collection":[{"href":"https:\/\/dev.93-93-113-41.plesk.page\/ca\/wp-json\/wp\/v2\/pages"}],"about":[{"href":"https:\/\/dev.93-93-113-41.plesk.page\/ca\/wp-json\/wp\/v2\/types\/page"}],"author":[{"embeddable":true,"href":"https:\/\/dev.93-93-113-41.plesk.page\/ca\/wp-json\/wp\/v2\/users\/1"}],"replies":[{"embeddable":true,"href":"https:\/\/dev.93-93-113-41.plesk.page\/ca\/wp-json\/wp\/v2\/comments?post=34540"}],"version-history":[{"count":2,"href":"https:\/\/dev.93-93-113-41.plesk.page\/ca\/wp-json\/wp\/v2\/pages\/34540\/revisions"}],"predecessor-version":[{"id":40099,"href":"https:\/\/dev.93-93-113-41.plesk.page\/ca\/wp-json\/wp\/v2\/pages\/34540\/revisions\/40099"}],"wp:attachment":[{"href":"https:\/\/dev.93-93-113-41.plesk.page\/ca\/wp-json\/wp\/v2\/media?parent=34540"}],"curies":[{"name":"wp","href":"https:\/\/api.w.org\/{rel}","templated":true}]}}