{"id":34537,"date":"2014-05-06T18:21:24","date_gmt":"2014-05-06T18:21:24","guid":{"rendered":"https:\/\/dev.93-93-113-41.plesk.page\/?page_id=24"},"modified":"2024-02-26T17:09:29","modified_gmt":"2024-02-26T16:09:29","slug":"ecoendoscopia","status":"publish","type":"page","link":"https:\/\/dev.93-93-113-41.plesk.page\/ca\/serveis\/endoscopia-digestiva\/ecoendoscopia\/","title":{"rendered":"Ecoendosc\u00f2pia"},"content":{"rendered":"<p><strong>L&#8217;Ecoendosc\u00f2pia (ESE) anomenada tamb\u00e9 com Ultrasonografia endosc\u00f2pica (USE) i Endosonografia (ES)<\/strong>, \u00e9s un examen que <strong>combina la imatge endosc\u00f2pica amb la imatge ecogr\u00e0fica <\/strong>per tal d&#8217;avaluar lesions localitzades a la paret del tracte gastrointestinal i el seu voltant.<\/p>\n<p>Malgrat\u00a0va ser descrita fa m\u00e9s de vint anys, les seves indicacions, tant diagn\u00f2stiques com a terap\u00e8utiques, segueixen sent poc conegudes per a la majoria de metges especialistes o generals, inclosos els del nostre medi, on encara es considera que l&#8217;examen nom\u00e9s \u00e9s \u00fatil per valorar les lesions de la paret g\u00e0strica que estiguin en una de les cinc capes ecogr\u00e0fiques.<\/p>\n<p>Cada\u00a0cop s\u00f3n m\u00e9s nombroses les publicacions envers les noves indicacions d&#8217;aquest procediment diagn\u00f2stic-terap\u00e8utic, ratificant les pr\u00e8viament descrites i convertint-lo en una t\u00e8cnica indispensable dins d&#8217;un Servei d&#8217;Aparell Digestiu. Actualment, ja \u00e9s un examen habitual en molts centres especialitzats\u00a0d&#8217;arreu del m\u00f3n.<\/p>\n<p>La tend\u00e8ncia actual \u00e9s passar \u00a0de l&#8217;Ecoendosc\u00f2pia Diagn\u00f2stica a la Terap\u00e8utica. En el congr\u00e9s de l&#8217;American Gastroenterology Asociation es van presentar m\u00faltiples treballs en els que l&#8217;EE s&#8217;utilitza, entre d&#8217;altres, per guiar cirurgies minimament invasives, per a la presa de mostres amb PAAF a tots els nivells, per a la aplicaci\u00f3n de ter\u00e0pies biol\u00f2giques i fins i tot, en un futur, en tractaments cardiovasculars. \u00c9s evident que la seva potencialitat \u00e9s impressionant i els gastroenter\u00f2legs hem de familiaritza-nos m\u00e9s amb les seves indicacions i possibles aplicacions terap\u00e8utiques.<\/p>\n<div class=\"woocommerce \"><ul class=\"products columns-4\">\n<li class=\"product type-product post-38353 status-publish first instock product_cat-proves-mediques has-post-thumbnail virtual purchasable product-type-simple\">\n\t<a href=\"https:\/\/dev.93-93-113-41.plesk.page\/ca\/producte\/ecoendoscopia\/\" class=\"woocommerce-LoopProduct-link woocommerce-loop-product__link\"><img fetchpriority=\"high\" decoding=\"async\" width=\"300\" height=\"300\" src=\"https:\/\/dev.93-93-113-41.plesk.page\/wp-content\/uploads\/2018\/03\/comprar-ecoendoscopia-300x300.jpg\" class=\"attachment-woocommerce_thumbnail size-woocommerce_thumbnail\" alt=\"comprar ecoendosc\u00f2pia\" srcset=\"https:\/\/dev.93-93-113-41.plesk.page\/wp-content\/uploads\/2018\/03\/comprar-ecoendoscopia-300x300.jpg 300w, https:\/\/dev.93-93-113-41.plesk.page\/wp-content\/uploads\/2018\/03\/comprar-ecoendoscopia-100x100.jpg 100w, https:\/\/dev.93-93-113-41.plesk.page\/wp-content\/uploads\/2018\/03\/comprar-ecoendoscopia-150x150.jpg 150w\" sizes=\"(max-width: 300px) 100vw, 300px\" \/><h2 class=\"woocommerce-loop-product__title\">Ecoendosc\u00f2pia<\/h2>\n\t<span class=\"price\"><span class=\"woocommerce-Price-amount amount\"><bdi>1.700,00&nbsp;<span class=\"woocommerce-Price-currencySymbol\">&euro;<\/span><\/bdi><\/span><\/span>\n<\/a><a href=\"?add-to-cart=38353\" data-quantity=\"1\" class=\"button product_type_simple add_to_cart_button ajax_add_to_cart\" data-product_id=\"38353\" data-product_sku=\"ECOENDOSCOPIA\" aria-label=\"Add to cart: &ldquo;Ecoendosc\u00f2pia&rdquo;\" aria-describedby=\"\" rel=\"nofollow\">Afegeix a la cistella<\/a><\/li>\n<\/ul>\n<\/div>\n<div class=\"woocommerce \"><ul class=\"products columns-4\">\n<li class=\"product type-product post-38352 status-publish first instock product_cat-proves-mediques has-post-thumbnail virtual purchasable product-type-simple\">\n\t<a href=\"https:\/\/dev.93-93-113-41.plesk.page\/ca\/producte\/ecoendoscopia-amb-puncio\/\" class=\"woocommerce-LoopProduct-link woocommerce-loop-product__link\"><img decoding=\"async\" width=\"300\" height=\"300\" src=\"https:\/\/dev.93-93-113-41.plesk.page\/wp-content\/uploads\/2018\/03\/comprar-ecoendoscopia-con-puncion-300x300.jpg\" class=\"attachment-woocommerce_thumbnail size-woocommerce_thumbnail\" alt=\"Comprar ecoendosc\u00f2pia amb punci\u00f3\" srcset=\"https:\/\/dev.93-93-113-41.plesk.page\/wp-content\/uploads\/2018\/03\/comprar-ecoendoscopia-con-puncion-300x300.jpg 300w, https:\/\/dev.93-93-113-41.plesk.page\/wp-content\/uploads\/2018\/03\/comprar-ecoendoscopia-con-puncion-100x100.jpg 100w, https:\/\/dev.93-93-113-41.plesk.page\/wp-content\/uploads\/2018\/03\/comprar-ecoendoscopia-con-puncion-150x150.jpg 150w\" sizes=\"(max-width: 300px) 100vw, 300px\" \/><h2 class=\"woocommerce-loop-product__title\">Ecoendosc\u00f2pia amb punci\u00f3<\/h2>\n\t<span class=\"price\"><span class=\"woocommerce-Price-amount amount\"><bdi>2.200,00&nbsp;<span class=\"woocommerce-Price-currencySymbol\">&euro;<\/span><\/bdi><\/span><\/span>\n<\/a><a href=\"?add-to-cart=38352\" data-quantity=\"1\" class=\"button product_type_simple add_to_cart_button ajax_add_to_cart\" data-product_id=\"38352\" data-product_sku=\"ECOENDOSCOPIA-PUNCION\" aria-label=\"Add to cart: &ldquo;Ecoendosc\u00f2pia amb punci\u00f3&rdquo;\" aria-describedby=\"\" rel=\"nofollow\">Afegeix a la cistella<\/a><\/li>\n<\/ul>\n<\/div>\n","protected":false},"excerpt":{"rendered":"<div class=\"mh-excerpt\"><p>L&#8217;Ecoendosc\u00f2pia (ESE) anomenada tamb\u00e9 com Ultrasonografia endosc\u00f2pica (USE) i Endosonografia (ES), \u00e9s un examen que combina la imatge endosc\u00f2pica amb la imatge ecogr\u00e0fica per tal d&#8217;avaluar lesions localitzades a la paret del tracte gastrointestinal i <a class=\"mh-excerpt-more\" href=\"https:\/\/dev.93-93-113-41.plesk.page\/ca\/serveis\/endoscopia-digestiva\/ecoendoscopia\/\" title=\"Ecoendosc\u00f2pia\">[&#8230;]<\/a><\/p>\n<\/div>","protected":false},"author":1,"featured_media":0,"parent":133,"menu_order":8,"comment_status":"closed","ping_status":"closed","template":"","meta":{"footnotes":""},"class_list":["post-34537","page","type-page","status-publish"],"yoast_head":"<!-- This site is optimized with the Yoast SEO plugin v22.6 - https:\/\/yoast.com\/wordpress\/plugins\/seo\/ -->\n<title>Ecoendosc\u00f2pia - Servidigest<\/title>\n<meta name=\"robots\" content=\"index, follow, max-snippet:-1, max-image-preview:large, max-video-preview:-1\" \/>\n<link rel=\"canonical\" href=\"https:\/\/dev.93-93-113-41.plesk.page\/ca\/serveis\/endoscopia-digestiva\/ecoendoscopia\/\" \/>\n<meta property=\"og:locale\" content=\"ca_ES\" \/>\n<meta property=\"og:type\" content=\"article\" \/>\n<meta property=\"og:title\" content=\"Ecoendosc\u00f2pia - Servidigest\" \/>\n<meta property=\"og:description\" content=\"L&#8217;Ecoendosc\u00f2pia (ESE) anomenada tamb\u00e9 com Ultrasonografia endosc\u00f2pica (USE) i Endosonografia (ES), \u00e9s un examen que combina la imatge endosc\u00f2pica amb la imatge ecogr\u00e0fica per tal d&#8217;avaluar lesions localitzades a la paret del tracte gastrointestinal i [...]\" \/>\n<meta property=\"og:url\" content=\"https:\/\/dev.93-93-113-41.plesk.page\/ca\/serveis\/endoscopia-digestiva\/ecoendoscopia\/\" \/>\n<meta property=\"og:site_name\" content=\"Servidigest\" \/>\n<meta property=\"article:publisher\" content=\"https:\/\/www.facebook.com\/servidigest\" \/>\n<meta property=\"article:modified_time\" content=\"2024-02-26T16:09:29+00:00\" \/>\n<meta name=\"twitter:card\" content=\"summary_large_image\" \/>\n<meta name=\"twitter:site\" content=\"@servidigest\" \/>\n<meta name=\"twitter:label1\" content=\"Est. reading time\" \/>\n\t<meta name=\"twitter:data1\" content=\"1 minute\" \/>\n<script type=\"application\/ld+json\" class=\"yoast-schema-graph\">{\"@context\":\"https:\/\/schema.org\",\"@graph\":[{\"@type\":\"WebPage\",\"@id\":\"https:\/\/dev.93-93-113-41.plesk.page\/ca\/serveis\/endoscopia-digestiva\/ecoendoscopia\/\",\"url\":\"https:\/\/dev.93-93-113-41.plesk.page\/ca\/serveis\/endoscopia-digestiva\/ecoendoscopia\/\",\"name\":\"Ecoendosc\u00f2pia - Servidigest\",\"isPartOf\":{\"@id\":\"https:\/\/dev.93-93-113-41.plesk.page\/ca\/#website\"},\"datePublished\":\"2014-05-06T18:21:24+00:00\",\"dateModified\":\"2024-02-26T16:09:29+00:00\",\"breadcrumb\":{\"@id\":\"https:\/\/dev.93-93-113-41.plesk.page\/ca\/serveis\/endoscopia-digestiva\/ecoendoscopia\/#breadcrumb\"},\"inLanguage\":\"ca\",\"potentialAction\":[{\"@type\":\"ReadAction\",\"target\":[\"https:\/\/dev.93-93-113-41.plesk.page\/ca\/serveis\/endoscopia-digestiva\/ecoendoscopia\/\"]}]},{\"@type\":\"BreadcrumbList\",\"@id\":\"https:\/\/dev.93-93-113-41.plesk.page\/ca\/serveis\/endoscopia-digestiva\/ecoendoscopia\/#breadcrumb\",\"itemListElement\":[{\"@type\":\"ListItem\",\"position\":1,\"name\":\"Serveis M\u00e8dics de Cl\u00ednica ServiDigest\",\"item\":\"https:\/\/dev.93-93-113-41.plesk.page\/ca\/servicios\/\"},{\"@type\":\"ListItem\",\"position\":2,\"name\":\"Endosc\u00f2pia Digestiva Terap\u00e8utica Avan\u00e7ada\",\"item\":\"https:\/\/dev.93-93-113-41.plesk.page\/ca\/servicios\/endoscopia-digestiva\/\"},{\"@type\":\"ListItem\",\"position\":3,\"name\":\"Ecoendosc\u00f2pia\"}]},{\"@type\":\"WebSite\",\"@id\":\"https:\/\/dev.93-93-113-41.plesk.page\/ca\/#website\",\"url\":\"https:\/\/dev.93-93-113-41.plesk.page\/ca\/\",\"name\":\"Servidigest\",\"description\":\"\",\"publisher\":{\"@id\":\"https:\/\/dev.93-93-113-41.plesk.page\/ca\/#organization\"},\"potentialAction\":[{\"@type\":\"SearchAction\",\"target\":{\"@type\":\"EntryPoint\",\"urlTemplate\":\"https:\/\/dev.93-93-113-41.plesk.page\/ca\/?s={search_term_string}\"},\"query-input\":\"required name=search_term_string\"}],\"inLanguage\":\"ca\"},{\"@type\":\"Organization\",\"@id\":\"https:\/\/dev.93-93-113-41.plesk.page\/ca\/#organization\",\"name\":\"Servidigest\",\"url\":\"https:\/\/dev.93-93-113-41.plesk.page\/ca\/\",\"logo\":{\"@type\":\"ImageObject\",\"inLanguage\":\"ca\",\"@id\":\"https:\/\/dev.93-93-113-41.plesk.page\/ca\/#\/schema\/logo\/image\/\",\"url\":\"https:\/\/dev.93-93-113-41.plesk.page\/wp-content\/uploads\/2024\/01\/servidigest.png\",\"contentUrl\":\"https:\/\/dev.93-93-113-41.plesk.page\/wp-content\/uploads\/2024\/01\/servidigest.png\",\"width\":808,\"height\":88,\"caption\":\"Servidigest\"},\"image\":{\"@id\":\"https:\/\/dev.93-93-113-41.plesk.page\/ca\/#\/schema\/logo\/image\/\"},\"sameAs\":[\"https:\/\/www.facebook.com\/servidigest\",\"https:\/\/x.com\/servidigest\"]}]}<\/script>\n<!-- \/ Yoast SEO plugin. -->","yoast_head_json":{"title":"Ecoendosc\u00f2pia - Servidigest","robots":{"index":"index","follow":"follow","max-snippet":"max-snippet:-1","max-image-preview":"max-image-preview:large","max-video-preview":"max-video-preview:-1"},"canonical":"https:\/\/dev.93-93-113-41.plesk.page\/ca\/serveis\/endoscopia-digestiva\/ecoendoscopia\/","og_locale":"ca_ES","og_type":"article","og_title":"Ecoendosc\u00f2pia - Servidigest","og_description":"L&#8217;Ecoendosc\u00f2pia (ESE) anomenada tamb\u00e9 com Ultrasonografia endosc\u00f2pica (USE) i Endosonografia (ES), \u00e9s un examen que combina la imatge endosc\u00f2pica amb la imatge ecogr\u00e0fica per tal d&#8217;avaluar lesions localitzades a la paret del tracte gastrointestinal i [...]","og_url":"https:\/\/dev.93-93-113-41.plesk.page\/ca\/serveis\/endoscopia-digestiva\/ecoendoscopia\/","og_site_name":"Servidigest","article_publisher":"https:\/\/www.facebook.com\/servidigest","article_modified_time":"2024-02-26T16:09:29+00:00","twitter_card":"summary_large_image","twitter_site":"@servidigest","twitter_misc":{"Est. reading time":"1 minute"},"schema":{"@context":"https:\/\/schema.org","@graph":[{"@type":"WebPage","@id":"https:\/\/dev.93-93-113-41.plesk.page\/ca\/serveis\/endoscopia-digestiva\/ecoendoscopia\/","url":"https:\/\/dev.93-93-113-41.plesk.page\/ca\/serveis\/endoscopia-digestiva\/ecoendoscopia\/","name":"Ecoendosc\u00f2pia - Servidigest","isPartOf":{"@id":"https:\/\/dev.93-93-113-41.plesk.page\/ca\/#website"},"datePublished":"2014-05-06T18:21:24+00:00","dateModified":"2024-02-26T16:09:29+00:00","breadcrumb":{"@id":"https:\/\/dev.93-93-113-41.plesk.page\/ca\/serveis\/endoscopia-digestiva\/ecoendoscopia\/#breadcrumb"},"inLanguage":"ca","potentialAction":[{"@type":"ReadAction","target":["https:\/\/dev.93-93-113-41.plesk.page\/ca\/serveis\/endoscopia-digestiva\/ecoendoscopia\/"]}]},{"@type":"BreadcrumbList","@id":"https:\/\/dev.93-93-113-41.plesk.page\/ca\/serveis\/endoscopia-digestiva\/ecoendoscopia\/#breadcrumb","itemListElement":[{"@type":"ListItem","position":1,"name":"Serveis M\u00e8dics de Cl\u00ednica ServiDigest","item":"https:\/\/dev.93-93-113-41.plesk.page\/ca\/servicios\/"},{"@type":"ListItem","position":2,"name":"Endosc\u00f2pia Digestiva Terap\u00e8utica Avan\u00e7ada","item":"https:\/\/dev.93-93-113-41.plesk.page\/ca\/servicios\/endoscopia-digestiva\/"},{"@type":"ListItem","position":3,"name":"Ecoendosc\u00f2pia"}]},{"@type":"WebSite","@id":"https:\/\/dev.93-93-113-41.plesk.page\/ca\/#website","url":"https:\/\/dev.93-93-113-41.plesk.page\/ca\/","name":"Servidigest","description":"","publisher":{"@id":"https:\/\/dev.93-93-113-41.plesk.page\/ca\/#organization"},"potentialAction":[{"@type":"SearchAction","target":{"@type":"EntryPoint","urlTemplate":"https:\/\/dev.93-93-113-41.plesk.page\/ca\/?s={search_term_string}"},"query-input":"required name=search_term_string"}],"inLanguage":"ca"},{"@type":"Organization","@id":"https:\/\/dev.93-93-113-41.plesk.page\/ca\/#organization","name":"Servidigest","url":"https:\/\/dev.93-93-113-41.plesk.page\/ca\/","logo":{"@type":"ImageObject","inLanguage":"ca","@id":"https:\/\/dev.93-93-113-41.plesk.page\/ca\/#\/schema\/logo\/image\/","url":"https:\/\/dev.93-93-113-41.plesk.page\/wp-content\/uploads\/2024\/01\/servidigest.png","contentUrl":"https:\/\/dev.93-93-113-41.plesk.page\/wp-content\/uploads\/2024\/01\/servidigest.png","width":808,"height":88,"caption":"Servidigest"},"image":{"@id":"https:\/\/dev.93-93-113-41.plesk.page\/ca\/#\/schema\/logo\/image\/"},"sameAs":["https:\/\/www.facebook.com\/servidigest","https:\/\/x.com\/servidigest"]}]}},"_links":{"self":[{"href":"https:\/\/dev.93-93-113-41.plesk.page\/ca\/wp-json\/wp\/v2\/pages\/34537","targetHints":{"allow":["GET"]}}],"collection":[{"href":"https:\/\/dev.93-93-113-41.plesk.page\/ca\/wp-json\/wp\/v2\/pages"}],"about":[{"href":"https:\/\/dev.93-93-113-41.plesk.page\/ca\/wp-json\/wp\/v2\/types\/page"}],"author":[{"embeddable":true,"href":"https:\/\/dev.93-93-113-41.plesk.page\/ca\/wp-json\/wp\/v2\/users\/1"}],"replies":[{"embeddable":true,"href":"https:\/\/dev.93-93-113-41.plesk.page\/ca\/wp-json\/wp\/v2\/comments?post=34537"}],"version-history":[{"count":1,"href":"https:\/\/dev.93-93-113-41.plesk.page\/ca\/wp-json\/wp\/v2\/pages\/34537\/revisions"}],"predecessor-version":[{"id":34572,"href":"https:\/\/dev.93-93-113-41.plesk.page\/ca\/wp-json\/wp\/v2\/pages\/34537\/revisions\/34572"}],"up":[{"embeddable":true,"href":"https:\/\/dev.93-93-113-41.plesk.page\/ca\/wp-json\/wp\/v2\/pages\/133"}],"wp:attachment":[{"href":"https:\/\/dev.93-93-113-41.plesk.page\/ca\/wp-json\/wp\/v2\/media?parent=34537"}],"curies":[{"name":"wp","href":"https:\/\/api.w.org\/{rel}","templated":true}]}}