{"id":34536,"date":"2014-05-06T18:20:57","date_gmt":"2014-05-06T18:20:57","guid":{"rendered":"https:\/\/dev.93-93-113-41.plesk.page\/?page_id=22"},"modified":"2024-05-22T11:50:10","modified_gmt":"2024-05-22T09:50:10","slug":"aparell-digestiu","status":"publish","type":"page","link":"https:\/\/dev.93-93-113-41.plesk.page\/ca\/serveis\/aparell-digestiu\/","title":{"rendered":"Aparell digestiu"},"content":{"rendered":"\t\t<div data-elementor-type=\"wp-page\" data-elementor-id=\"34536\" class=\"elementor elementor-34536\" data-elementor-post-type=\"page\">\n\t\t\t\t<div class=\"elementor-element elementor-element-2ef34a0a e-flex e-con-boxed e-con e-parent\" data-id=\"2ef34a0a\" data-element_type=\"container\" data-core-v316-plus=\"true\">\n\t\t\t\t\t<div class=\"e-con-inner\">\n\t\t\t\t<div class=\"elementor-element elementor-element-fe8f054 elementor-widget elementor-widget-text-editor\" data-id=\"fe8f054\" data-element_type=\"widget\" data-widget_type=\"text-editor.default\">\n\t\t\t\t<div class=\"elementor-widget-container\">\n\t\t\t<style>\/*! elementor - v3.20.0 - 13-03-2024 *\/\n.elementor-widget-text-editor.elementor-drop-cap-view-stacked .elementor-drop-cap{background-color:#69727d;color:#fff}.elementor-widget-text-editor.elementor-drop-cap-view-framed .elementor-drop-cap{color:#69727d;border:3px solid;background-color:transparent}.elementor-widget-text-editor:not(.elementor-drop-cap-view-default) .elementor-drop-cap{margin-top:8px}.elementor-widget-text-editor:not(.elementor-drop-cap-view-default) .elementor-drop-cap-letter{width:1em;height:1em}.elementor-widget-text-editor .elementor-drop-cap{float:left;text-align:center;line-height:1;font-size:50px}.elementor-widget-text-editor .elementor-drop-cap-letter{display:inline-block}<\/style>\t\t\t\tEl Servei d&#8217;Aparell Digestiu de Cl\u00ednica ServiDigest inclou diferents unitats especialitzades per a l&#8217;estudi i tractament\nde les malalties digestives.\n<div class=\"mh-row\">\n<div class=\"mh-col-1-2 especialidades-block\"><a href=\"https:\/\/dev.93-93-113-41.plesk.page\/ca\/serveis\/aparell-digestiu\/acalasia\/\">Acal\u00e0sia<\/a><\/div>\n<div class=\"mh-col-1-2 especialidades-block\"><a href=\"https:\/\/dev.93-93-113-41.plesk.page\/ca\/serveis\/aparell-digestiu\/cancer-de-colon-i-recte\/\">C\u00e0ncer de\nC\u00f2lon i Recte<\/a><\/div>\n<\/div>\n<div class=\"mh-row\">\n<div class=\"mh-col-1-2 especialidades-block\"><a href=\"https:\/\/dev.93-93-113-41.plesk.page\/ca\/serveis\/aparell-digestiu\/cancer-desofag\/\">C\u00e0ncer d\u2019es\u00f2fag<\/a><\/div>\n<div class=\"mh-col-1-2 especialidades-block\"><a href=\"https:\/\/dev.93-93-113-41.plesk.page\/ca\/serveis\/aparell-digestiu\/cancer-gastric\/\">C\u00e0ncer d\u2019est\u00f3mac<\/a><\/div>\n<\/div>\n<div class=\"mh-row\">\n<div class=\"mh-col-1-2 especialidades-block\"><a href=\"https:\/\/dev.93-93-113-41.plesk.page\/ca\/serveis\/aparell-digestiu\/colitis-ulcerosa\/\">Colitis\nUlcerosa<\/a><\/div>\n<div class=\"mh-col-1-2 especialidades-block\"><a href=\"https:\/\/dev.93-93-113-41.plesk.page\/ca\/serveis\/aparell-digestiu\/dispepsia\/\">Disp\u00e8psia<\/a><\/div>\n<\/div>\n<div class=\"mh-row\">\n<div class=\"mh-col-1-2 especialidades-block\"><a href=\"https:\/\/dev.93-93-113-41.plesk.page\/ca\/serveis\/aparell-digestiu\/malaltia-celiaca\/\">Malaltia\ncel\u00edaca<\/a><\/div>\n<div class=\"mh-col-1-2 especialidades-block\"><a href=\"https:\/\/dev.93-93-113-41.plesk.page\/ca\/serveis\/aparell-digestiu\/malaltia-de-crohn\/\">Malaltia de\nCrohn<\/a><\/div>\n<\/div>\n<div class=\"mh-row\">\n<div class=\"mh-col-1-2 especialidades-block\"><a href=\"https:\/\/dev.93-93-113-41.plesk.page\/ca\/serveis\/aparell-digestiu\/pancrees-i-vies-biliars\/\">Enfermedades\ninflamatorias y tumorales de P\u00e1ncreas<\/a><\/div>\n<div class=\"mh-col-1-2 especialidades-block\"><a href=\"https:\/\/dev.93-93-113-41.plesk.page\/ca\/serveis\/aparell-digestiu\/malaltia-per-reflux-gastroesofagic\/\">Malaltia\nper Reflux Gastroesof\u00e0gic<\/a><\/div>\n<\/div>\n<div class=\"mh-row\">\n<div class=\"mh-col-1-2 especialidades-block\"><a href=\"https:\/\/dev.93-93-113-41.plesk.page\/ca\/serveis\/aparell-digestiu\/esofagitis-eosinofilica\/\">Esofagitis\neosinof\u00edlica<\/a><\/div>\n<div class=\"mh-col-1-2 especialidades-block\"><a href=\"https:\/\/dev.93-93-113-41.plesk.page\/ca\/serveis\/aparell-digestiu\/esofag-de-barrett\/\">Es\u00f2fag de\nBarrett<\/a><\/div>\n<\/div>\n<div class=\"mh-row\">\n<div class=\"mh-col-1-2 especialidades-block\"><a href=\"https:\/\/dev.93-93-113-41.plesk.page\/ca\/serveis\/aparell-digestiu\/hepatologia\/\">Hepatologia. Malalties\ndel fetge<\/a><\/div>\n<div class=\"mh-col-1-2 especialidades-block\"><a href=\"https:\/\/dev.93-93-113-41.plesk.page\/ca\/serveis\/aparell-digestiu\/hidroterapia-de-colon\/\">Hidroter\u00e0pia\nde C\u00f2lon<\/a><\/div>\n<\/div>\n<div class=\"mh-row\">\n<div class=\"mh-col-1-2 especialidades-block\"><a href=\"https:\/\/dev.93-93-113-41.plesk.page\/ca\/serveis\/aparell-digestiu\/pancrees-i-vies-biliars\/\">P\u00e1ncreas<\/a><\/div>\n<div class=\"mh-col-1-2 especialidades-block\"><a href=\"https:\/\/dev.93-93-113-41.plesk.page\/ca\/serveis\/aparell-digestiu\/polips-colorectals\/\">P\u00f2lips\ncolorectals<\/a><\/div>\n<\/div>\n<div class=\"mh-row\">\n<div class=\"mh-col-1-2 especialidades-block\"><a href=\"https:\/\/dev.93-93-113-41.plesk.page\/ca\/serveis\/aparell-digestiu\/pruija-anal\/\">Pru\u00efja anal<\/a><\/div>\n<div class=\"mh-col-1-2 especialidades-block\"><a href=\"https:\/\/dev.93-93-113-41.plesk.page\/ca\/serveis\/aparell-digestiu\/malatia-inflamatoria-intestinal\/\">Malaltia\nInflamat\u00f2ria Intestinal<\/a><\/div>\n<\/div>\n<div class=\"mh-row\">\n<div class=\"mh-col-1-2 especialidades-block\"><a href=\"https:\/\/dev.93-93-113-41.plesk.page\/ca\/serveis\/aparell-digestiu\/sobrecreixement-bacteria\/\">Sobrecreixement\nbacteri\u00e0<\/a><\/div>\n<div class=\"mh-col-1-2 especialidades-block\"><a href=\"https:\/\/dev.93-93-113-41.plesk.page\/ca\/serveis\/aparell-digestiu\/ulcera-peptica\/\">\u00dalcera g\u00e0strica i\nduodenal<\/a><\/div>\n<\/div>\t\t\t\t\t\t<\/div>\n\t\t\t\t<\/div>\n\t\t\t\t\t<\/div>\n\t\t\t\t<\/div>\n\t\t\t\t<\/div>\n\t\t","protected":false},"excerpt":{"rendered":"<div class=\"mh-excerpt\"><p>El Servei d&#8217;Aparell Digestiu de Cl\u00ednica ServiDigest inclou diferents unitats especialitzades per a l&#8217;estudi i tractament de les malalties digestives. Acal\u00e0sia C\u00e0ncer de C\u00f2lon i Recte C\u00e0ncer d\u2019es\u00f2fag C\u00e0ncer d\u2019est\u00f3mac Colitis Ulcerosa Disp\u00e8psia Malaltia cel\u00edaca <a class=\"mh-excerpt-more\" href=\"https:\/\/dev.93-93-113-41.plesk.page\/ca\/serveis\/aparell-digestiu\/\" title=\"Aparell digestiu\">[&#8230;]<\/a><\/p>\n<\/div>","protected":false},"author":1,"featured_media":0,"parent":36232,"menu_order":2,"comment_status":"closed","ping_status":"closed","template":"","meta":{"footnotes":""},"class_list":["post-34536","page","type-page","status-publish"],"yoast_head":"<!-- This site is optimized with the Yoast SEO plugin v22.6 - https:\/\/yoast.com\/wordpress\/plugins\/seo\/ -->\n<title>Aparell digestiu - Servidigest<\/title>\n<meta name=\"robots\" content=\"index, follow, max-snippet:-1, max-image-preview:large, max-video-preview:-1\" \/>\n<link rel=\"canonical\" href=\"https:\/\/dev.93-93-113-41.plesk.page\/ca\/serveis\/aparell-digestiu\/\" \/>\n<meta property=\"og:locale\" content=\"ca_ES\" \/>\n<meta property=\"og:type\" content=\"article\" \/>\n<meta property=\"og:title\" content=\"Aparell digestiu - Servidigest\" \/>\n<meta property=\"og:description\" content=\"El Servei d&#8217;Aparell Digestiu de Cl\u00ednica ServiDigest inclou diferents unitats especialitzades per a l&#8217;estudi i tractament de les malalties digestives. Acal\u00e0sia C\u00e0ncer de C\u00f2lon i Recte C\u00e0ncer d\u2019es\u00f2fag C\u00e0ncer d\u2019est\u00f3mac Colitis Ulcerosa Disp\u00e8psia Malaltia cel\u00edaca [...]\" \/>\n<meta property=\"og:url\" content=\"https:\/\/dev.93-93-113-41.plesk.page\/ca\/serveis\/aparell-digestiu\/\" \/>\n<meta property=\"og:site_name\" content=\"Servidigest\" \/>\n<meta property=\"article:publisher\" content=\"https:\/\/www.facebook.com\/servidigest\" \/>\n<meta property=\"article:modified_time\" content=\"2024-05-22T09:50:10+00:00\" \/>\n<meta name=\"twitter:card\" content=\"summary_large_image\" \/>\n<meta name=\"twitter:site\" content=\"@servidigest\" \/>\n<script type=\"application\/ld+json\" class=\"yoast-schema-graph\">{\"@context\":\"https:\/\/schema.org\",\"@graph\":[{\"@type\":\"WebPage\",\"@id\":\"https:\/\/dev.93-93-113-41.plesk.page\/ca\/serveis\/aparell-digestiu\/\",\"url\":\"https:\/\/dev.93-93-113-41.plesk.page\/ca\/serveis\/aparell-digestiu\/\",\"name\":\"Aparell digestiu - Servidigest\",\"isPartOf\":{\"@id\":\"https:\/\/dev.93-93-113-41.plesk.page\/ca\/#website\"},\"datePublished\":\"2014-05-06T18:20:57+00:00\",\"dateModified\":\"2024-05-22T09:50:10+00:00\",\"breadcrumb\":{\"@id\":\"https:\/\/dev.93-93-113-41.plesk.page\/ca\/serveis\/aparell-digestiu\/#breadcrumb\"},\"inLanguage\":\"ca\",\"potentialAction\":[{\"@type\":\"ReadAction\",\"target\":[\"https:\/\/dev.93-93-113-41.plesk.page\/ca\/serveis\/aparell-digestiu\/\"]}]},{\"@type\":\"BreadcrumbList\",\"@id\":\"https:\/\/dev.93-93-113-41.plesk.page\/ca\/serveis\/aparell-digestiu\/#breadcrumb\",\"itemListElement\":[{\"@type\":\"ListItem\",\"position\":1,\"name\":\"Serveis M\u00e8dics de Cl\u00ednica ServiDigest\",\"item\":\"https:\/\/dev.93-93-113-41.plesk.page\/ca\/servicios\/\"},{\"@type\":\"ListItem\",\"position\":2,\"name\":\"Aparell digestiu\"}]},{\"@type\":\"WebSite\",\"@id\":\"https:\/\/dev.93-93-113-41.plesk.page\/ca\/#website\",\"url\":\"https:\/\/dev.93-93-113-41.plesk.page\/ca\/\",\"name\":\"Servidigest\",\"description\":\"\",\"publisher\":{\"@id\":\"https:\/\/dev.93-93-113-41.plesk.page\/ca\/#organization\"},\"potentialAction\":[{\"@type\":\"SearchAction\",\"target\":{\"@type\":\"EntryPoint\",\"urlTemplate\":\"https:\/\/dev.93-93-113-41.plesk.page\/ca\/?s={search_term_string}\"},\"query-input\":\"required name=search_term_string\"}],\"inLanguage\":\"ca\"},{\"@type\":\"Organization\",\"@id\":\"https:\/\/dev.93-93-113-41.plesk.page\/ca\/#organization\",\"name\":\"Servidigest\",\"url\":\"https:\/\/dev.93-93-113-41.plesk.page\/ca\/\",\"logo\":{\"@type\":\"ImageObject\",\"inLanguage\":\"ca\",\"@id\":\"https:\/\/dev.93-93-113-41.plesk.page\/ca\/#\/schema\/logo\/image\/\",\"url\":\"https:\/\/dev.93-93-113-41.plesk.page\/wp-content\/uploads\/2024\/01\/servidigest.png\",\"contentUrl\":\"https:\/\/dev.93-93-113-41.plesk.page\/wp-content\/uploads\/2024\/01\/servidigest.png\",\"width\":808,\"height\":88,\"caption\":\"Servidigest\"},\"image\":{\"@id\":\"https:\/\/dev.93-93-113-41.plesk.page\/ca\/#\/schema\/logo\/image\/\"},\"sameAs\":[\"https:\/\/www.facebook.com\/servidigest\",\"https:\/\/x.com\/servidigest\"]}]}<\/script>\n<!-- \/ Yoast SEO plugin. -->","yoast_head_json":{"title":"Aparell digestiu - Servidigest","robots":{"index":"index","follow":"follow","max-snippet":"max-snippet:-1","max-image-preview":"max-image-preview:large","max-video-preview":"max-video-preview:-1"},"canonical":"https:\/\/dev.93-93-113-41.plesk.page\/ca\/serveis\/aparell-digestiu\/","og_locale":"ca_ES","og_type":"article","og_title":"Aparell digestiu - Servidigest","og_description":"El Servei d&#8217;Aparell Digestiu de Cl\u00ednica ServiDigest inclou diferents unitats especialitzades per a l&#8217;estudi i tractament de les malalties digestives. Acal\u00e0sia C\u00e0ncer de C\u00f2lon i Recte C\u00e0ncer d\u2019es\u00f2fag C\u00e0ncer d\u2019est\u00f3mac Colitis Ulcerosa Disp\u00e8psia Malaltia cel\u00edaca [...]","og_url":"https:\/\/dev.93-93-113-41.plesk.page\/ca\/serveis\/aparell-digestiu\/","og_site_name":"Servidigest","article_publisher":"https:\/\/www.facebook.com\/servidigest","article_modified_time":"2024-05-22T09:50:10+00:00","twitter_card":"summary_large_image","twitter_site":"@servidigest","schema":{"@context":"https:\/\/schema.org","@graph":[{"@type":"WebPage","@id":"https:\/\/dev.93-93-113-41.plesk.page\/ca\/serveis\/aparell-digestiu\/","url":"https:\/\/dev.93-93-113-41.plesk.page\/ca\/serveis\/aparell-digestiu\/","name":"Aparell digestiu - Servidigest","isPartOf":{"@id":"https:\/\/dev.93-93-113-41.plesk.page\/ca\/#website"},"datePublished":"2014-05-06T18:20:57+00:00","dateModified":"2024-05-22T09:50:10+00:00","breadcrumb":{"@id":"https:\/\/dev.93-93-113-41.plesk.page\/ca\/serveis\/aparell-digestiu\/#breadcrumb"},"inLanguage":"ca","potentialAction":[{"@type":"ReadAction","target":["https:\/\/dev.93-93-113-41.plesk.page\/ca\/serveis\/aparell-digestiu\/"]}]},{"@type":"BreadcrumbList","@id":"https:\/\/dev.93-93-113-41.plesk.page\/ca\/serveis\/aparell-digestiu\/#breadcrumb","itemListElement":[{"@type":"ListItem","position":1,"name":"Serveis M\u00e8dics de Cl\u00ednica ServiDigest","item":"https:\/\/dev.93-93-113-41.plesk.page\/ca\/servicios\/"},{"@type":"ListItem","position":2,"name":"Aparell digestiu"}]},{"@type":"WebSite","@id":"https:\/\/dev.93-93-113-41.plesk.page\/ca\/#website","url":"https:\/\/dev.93-93-113-41.plesk.page\/ca\/","name":"Servidigest","description":"","publisher":{"@id":"https:\/\/dev.93-93-113-41.plesk.page\/ca\/#organization"},"potentialAction":[{"@type":"SearchAction","target":{"@type":"EntryPoint","urlTemplate":"https:\/\/dev.93-93-113-41.plesk.page\/ca\/?s={search_term_string}"},"query-input":"required name=search_term_string"}],"inLanguage":"ca"},{"@type":"Organization","@id":"https:\/\/dev.93-93-113-41.plesk.page\/ca\/#organization","name":"Servidigest","url":"https:\/\/dev.93-93-113-41.plesk.page\/ca\/","logo":{"@type":"ImageObject","inLanguage":"ca","@id":"https:\/\/dev.93-93-113-41.plesk.page\/ca\/#\/schema\/logo\/image\/","url":"https:\/\/dev.93-93-113-41.plesk.page\/wp-content\/uploads\/2024\/01\/servidigest.png","contentUrl":"https:\/\/dev.93-93-113-41.plesk.page\/wp-content\/uploads\/2024\/01\/servidigest.png","width":808,"height":88,"caption":"Servidigest"},"image":{"@id":"https:\/\/dev.93-93-113-41.plesk.page\/ca\/#\/schema\/logo\/image\/"},"sameAs":["https:\/\/www.facebook.com\/servidigest","https:\/\/x.com\/servidigest"]}]}},"_links":{"self":[{"href":"https:\/\/dev.93-93-113-41.plesk.page\/ca\/wp-json\/wp\/v2\/pages\/34536","targetHints":{"allow":["GET"]}}],"collection":[{"href":"https:\/\/dev.93-93-113-41.plesk.page\/ca\/wp-json\/wp\/v2\/pages"}],"about":[{"href":"https:\/\/dev.93-93-113-41.plesk.page\/ca\/wp-json\/wp\/v2\/types\/page"}],"author":[{"embeddable":true,"href":"https:\/\/dev.93-93-113-41.plesk.page\/ca\/wp-json\/wp\/v2\/users\/1"}],"replies":[{"embeddable":true,"href":"https:\/\/dev.93-93-113-41.plesk.page\/ca\/wp-json\/wp\/v2\/comments?post=34536"}],"version-history":[{"count":8,"href":"https:\/\/dev.93-93-113-41.plesk.page\/ca\/wp-json\/wp\/v2\/pages\/34536\/revisions"}],"predecessor-version":[{"id":40224,"href":"https:\/\/dev.93-93-113-41.plesk.page\/ca\/wp-json\/wp\/v2\/pages\/34536\/revisions\/40224"}],"up":[{"embeddable":true,"href":"https:\/\/dev.93-93-113-41.plesk.page\/ca\/wp-json\/wp\/v2\/pages\/36232"}],"wp:attachment":[{"href":"https:\/\/dev.93-93-113-41.plesk.page\/ca\/wp-json\/wp\/v2\/media?parent=34536"}],"curies":[{"name":"wp","href":"https:\/\/api.w.org\/{rel}","templated":true}]}}