{"id":34532,"date":"2014-05-06T18:11:41","date_gmt":"2014-05-06T18:11:41","guid":{"rendered":"https:\/\/dev.93-93-113-41.plesk.page\/?page_id=10"},"modified":"2024-05-17T12:57:44","modified_gmt":"2024-05-17T10:57:44","slug":"objectius","status":"publish","type":"page","link":"https:\/\/dev.93-93-113-41.plesk.page\/ca\/clinica-servidigest\/objectius\/","title":{"rendered":"Objectius"},"content":{"rendered":"<p>L\u2019objectiu principal de Cl\u00ednica ServiDigest \u00e9s la m\u00e0xima excel\u00b7l\u00e8ncia assistencial i l\u2019atenci\u00f3 personalitzada dels nostres pacients, amb la m\u00e0xima qualitat en el tracte hum\u00e0.<\/p>\n<p>La qualitat en el tracte hum\u00e0, a m\u00e9s de la qualitat m\u00e8dica, \u00e9s un dels principis b\u00e0sics dels nostres protocols i dels nostres professionals en totes i cadascuna de les \u00e0rees de treball del nostre centre.<br \/>\nCreiem que escoltar els nostres pacients i ajudar a superar els seus problemes pot arribar a ser m\u00e9s benefici\u00f3s que la prescripci\u00f3 farmacol\u00f2gica.<\/p>\n<p>Cada pacient \u00e9s diferent i cada patologia ha de ser tractada de manera personalitzada segons els problemes i necessitats que es presentin. Per aix\u00f2, dediquem tot el temps i suport necessaris.<\/p>\n<p>Ens satisf\u00e0 enormement haver aconseguit que tot el nostre equip professional (metges, infermeres, personal sanitari i administratiu) estigui il\u00b7lusionat i motivat en la tasca m\u00e9s important i principal de Cl\u00ednica ServiDigest: cuidar la salut dels nostres pacients per aconseguir que visquin amb una major qualitat de vida.<\/p>\n<p>Durant tota la nostra traject\u00f2ria ens hem caracteritzat per oferir als nostres pacients una assist\u00e8ncia d\u2019alta qualitat, integral i personalitzada, facilitant a partir del seu estudi diagn\u00f2stic, el millor tractament m\u00e8dic o quir\u00fargic.<\/p>\n<p>Seleccionem el nostre personal en funci\u00f3 de les seves qualitats humanes i professionals. \u00c9s el que necessiten els pacients per ser atesos amb humanitat i professionalitat. L\u2019atenci\u00f3 al pacient a la nostra cl\u00ednica, no \u00e9s nom\u00e9s m\u00e8dica i assistencial, sin\u00f3 que volem que se sentin ben atesos humanament. Dedicar el temps necessari, informar de la seva malaltia, atendre les seves angoixes, respondre les seves preguntes\u2026 Tot aix\u00f2 fa que responguin amb m\u00e9s efic\u00e0cia al tractament recomanat.<\/p>\n<p>El millor tractament \u00e9s la prevenci\u00f3 i en aquest objectiu \u00e9s on volem incidir especialment a Cl\u00ednica ServiDigest.<\/p>\n<p>\u00c9s fonamental aconseguir diagnosticar les malalties en les fases incipients. En aquestes fases, el tractament m\u00e8dic, endosc\u00f2pic o quir\u00fargic \u00e9s primordial.<\/p>\n<p>Apostem per la comunicaci\u00f3 i la coordinaci\u00f3 amb tots els professionals m\u00e8dics que ens confien l\u2019estudi dels seus pacients, facilitant-los els resultats dels estudis diagn\u00f2stics d\u2019endosc\u00f2pies, de proves funcionals digestives o altres interconsultes en el menor temps possible, per valorar conjuntament el millor tractament.<\/p>\n<p>Una de les premisses b\u00e0siques en les tasques de ServiDigest \u00e9s el treball en equip que considerem fonamental per donar un millor servei als pacients i alhora, generar un intercanvi d\u2019informaci\u00f3 i coneixement entre metges i personal sanitari que sigui enriquidor per al grup de treball.<\/p>\n<p>El nostre inter\u00e8s no \u00e9s \u00fanicament m\u00e8dic i assistencial sin\u00f3 que desitgem que els nostres pacients tamb\u00e9 se sentin ben atesos emocionalment.<\/p>\n<p>En aquest sentit, tot el nostre equip comparteix i participa dels objectius i idees, estant motivats i il\u00b7lusionats en portar-les a terme.<\/p>\n","protected":false},"excerpt":{"rendered":"<div class=\"mh-excerpt\"><p>L\u2019objectiu principal de Cl\u00ednica ServiDigest \u00e9s la m\u00e0xima excel\u00b7l\u00e8ncia assistencial i l\u2019atenci\u00f3 personalitzada dels nostres pacients, amb la m\u00e0xima qualitat en el tracte hum\u00e0. La qualitat en el tracte hum\u00e0, a m\u00e9s de la qualitat <a class=\"mh-excerpt-more\" href=\"https:\/\/dev.93-93-113-41.plesk.page\/ca\/clinica-servidigest\/objectius\/\" title=\"Objectius\">[&#8230;]<\/a><\/p>\n<\/div>","protected":false},"author":1,"featured_media":0,"parent":37810,"menu_order":2,"comment_status":"closed","ping_status":"closed","template":"","meta":{"footnotes":""},"class_list":["post-34532","page","type-page","status-publish"],"yoast_head":"<!-- This site is optimized with the Yoast SEO plugin v22.6 - https:\/\/yoast.com\/wordpress\/plugins\/seo\/ -->\n<title>Objectius de ServiDigest: atenci\u00f3 personalitzada dels nostres pacients<\/title>\n<meta name=\"description\" content=\"El nostre objectiu principal \u00e9s l&#039;atenci\u00f3 personalitzada dels nostres pacients, amb la m\u00e1xima qualitat en el tracte hum\u00e0. Tenir cura de la salut dels nostres pacients per aconseguir que visquin amb una major qualitat de vida. Creiem en la Medicina Preventiva.\" \/>\n<meta name=\"robots\" content=\"index, follow, max-snippet:-1, max-image-preview:large, max-video-preview:-1\" \/>\n<link rel=\"canonical\" href=\"https:\/\/dev.93-93-113-41.plesk.page\/ca\/clinica-servidigest\/objectius\/\" \/>\n<meta property=\"og:locale\" content=\"ca_ES\" \/>\n<meta property=\"og:type\" content=\"article\" \/>\n<meta property=\"og:title\" content=\"Objectius de ServiDigest: atenci\u00f3 personalitzada dels nostres pacients\" \/>\n<meta property=\"og:description\" content=\"El nostre objectiu principal \u00e9s l&#039;atenci\u00f3 personalitzada dels nostres pacients, amb la m\u00e1xima qualitat en el tracte hum\u00e0. Tenir cura de la salut dels nostres pacients per aconseguir que visquin amb una major qualitat de vida. Creiem en la Medicina Preventiva.\" \/>\n<meta property=\"og:url\" content=\"https:\/\/dev.93-93-113-41.plesk.page\/ca\/clinica-servidigest\/objectius\/\" \/>\n<meta property=\"og:site_name\" content=\"Servidigest\" \/>\n<meta property=\"article:publisher\" content=\"https:\/\/www.facebook.com\/servidigest\" \/>\n<meta property=\"article:modified_time\" content=\"2024-05-17T10:57:44+00:00\" \/>\n<meta name=\"twitter:card\" content=\"summary_large_image\" \/>\n<meta name=\"twitter:site\" content=\"@servidigest\" \/>\n<meta name=\"twitter:label1\" content=\"Est. reading time\" \/>\n\t<meta name=\"twitter:data1\" content=\"2 minutes\" \/>\n<script type=\"application\/ld+json\" class=\"yoast-schema-graph\">{\"@context\":\"https:\/\/schema.org\",\"@graph\":[{\"@type\":\"WebPage\",\"@id\":\"https:\/\/dev.93-93-113-41.plesk.page\/ca\/clinica-servidigest\/objectius\/\",\"url\":\"https:\/\/dev.93-93-113-41.plesk.page\/ca\/clinica-servidigest\/objectius\/\",\"name\":\"Objectius de ServiDigest: atenci\u00f3 personalitzada dels nostres pacients\",\"isPartOf\":{\"@id\":\"https:\/\/dev.93-93-113-41.plesk.page\/ca\/#website\"},\"datePublished\":\"2014-05-06T18:11:41+00:00\",\"dateModified\":\"2024-05-17T10:57:44+00:00\",\"description\":\"El nostre objectiu principal \u00e9s l'atenci\u00f3 personalitzada dels nostres pacients, amb la m\u00e1xima qualitat en el tracte hum\u00e0. Tenir cura de la salut dels nostres pacients per aconseguir que visquin amb una major qualitat de vida. Creiem en la Medicina Preventiva.\",\"breadcrumb\":{\"@id\":\"https:\/\/dev.93-93-113-41.plesk.page\/ca\/clinica-servidigest\/objectius\/#breadcrumb\"},\"inLanguage\":\"ca\",\"potentialAction\":[{\"@type\":\"ReadAction\",\"target\":[\"https:\/\/dev.93-93-113-41.plesk.page\/ca\/clinica-servidigest\/objectius\/\"]}]},{\"@type\":\"BreadcrumbList\",\"@id\":\"https:\/\/dev.93-93-113-41.plesk.page\/ca\/clinica-servidigest\/objectius\/#breadcrumb\",\"itemListElement\":[{\"@type\":\"ListItem\",\"position\":1,\"name\":\"Cl\u00ednica ServiDigest\",\"item\":\"https:\/\/dev.93-93-113-41.plesk.page\/ca\/clinica-servidigest\/\"},{\"@type\":\"ListItem\",\"position\":2,\"name\":\"Objectius\"}]},{\"@type\":\"WebSite\",\"@id\":\"https:\/\/dev.93-93-113-41.plesk.page\/ca\/#website\",\"url\":\"https:\/\/dev.93-93-113-41.plesk.page\/ca\/\",\"name\":\"Servidigest\",\"description\":\"\",\"publisher\":{\"@id\":\"https:\/\/dev.93-93-113-41.plesk.page\/ca\/#organization\"},\"potentialAction\":[{\"@type\":\"SearchAction\",\"target\":{\"@type\":\"EntryPoint\",\"urlTemplate\":\"https:\/\/dev.93-93-113-41.plesk.page\/ca\/?s={search_term_string}\"},\"query-input\":\"required name=search_term_string\"}],\"inLanguage\":\"ca\"},{\"@type\":\"Organization\",\"@id\":\"https:\/\/dev.93-93-113-41.plesk.page\/ca\/#organization\",\"name\":\"Servidigest\",\"url\":\"https:\/\/dev.93-93-113-41.plesk.page\/ca\/\",\"logo\":{\"@type\":\"ImageObject\",\"inLanguage\":\"ca\",\"@id\":\"https:\/\/dev.93-93-113-41.plesk.page\/ca\/#\/schema\/logo\/image\/\",\"url\":\"https:\/\/dev.93-93-113-41.plesk.page\/wp-content\/uploads\/2024\/01\/servidigest.png\",\"contentUrl\":\"https:\/\/dev.93-93-113-41.plesk.page\/wp-content\/uploads\/2024\/01\/servidigest.png\",\"width\":808,\"height\":88,\"caption\":\"Servidigest\"},\"image\":{\"@id\":\"https:\/\/dev.93-93-113-41.plesk.page\/ca\/#\/schema\/logo\/image\/\"},\"sameAs\":[\"https:\/\/www.facebook.com\/servidigest\",\"https:\/\/x.com\/servidigest\"]}]}<\/script>\n<!-- \/ Yoast SEO plugin. -->","yoast_head_json":{"title":"Objectius de ServiDigest: atenci\u00f3 personalitzada dels nostres pacients","description":"El nostre objectiu principal \u00e9s l'atenci\u00f3 personalitzada dels nostres pacients, amb la m\u00e1xima qualitat en el tracte hum\u00e0. Tenir cura de la salut dels nostres pacients per aconseguir que visquin amb una major qualitat de vida. Creiem en la Medicina Preventiva.","robots":{"index":"index","follow":"follow","max-snippet":"max-snippet:-1","max-image-preview":"max-image-preview:large","max-video-preview":"max-video-preview:-1"},"canonical":"https:\/\/dev.93-93-113-41.plesk.page\/ca\/clinica-servidigest\/objectius\/","og_locale":"ca_ES","og_type":"article","og_title":"Objectius de ServiDigest: atenci\u00f3 personalitzada dels nostres pacients","og_description":"El nostre objectiu principal \u00e9s l'atenci\u00f3 personalitzada dels nostres pacients, amb la m\u00e1xima qualitat en el tracte hum\u00e0. Tenir cura de la salut dels nostres pacients per aconseguir que visquin amb una major qualitat de vida. Creiem en la Medicina Preventiva.","og_url":"https:\/\/dev.93-93-113-41.plesk.page\/ca\/clinica-servidigest\/objectius\/","og_site_name":"Servidigest","article_publisher":"https:\/\/www.facebook.com\/servidigest","article_modified_time":"2024-05-17T10:57:44+00:00","twitter_card":"summary_large_image","twitter_site":"@servidigest","twitter_misc":{"Est. reading time":"2 minutes"},"schema":{"@context":"https:\/\/schema.org","@graph":[{"@type":"WebPage","@id":"https:\/\/dev.93-93-113-41.plesk.page\/ca\/clinica-servidigest\/objectius\/","url":"https:\/\/dev.93-93-113-41.plesk.page\/ca\/clinica-servidigest\/objectius\/","name":"Objectius de ServiDigest: atenci\u00f3 personalitzada dels nostres pacients","isPartOf":{"@id":"https:\/\/dev.93-93-113-41.plesk.page\/ca\/#website"},"datePublished":"2014-05-06T18:11:41+00:00","dateModified":"2024-05-17T10:57:44+00:00","description":"El nostre objectiu principal \u00e9s l'atenci\u00f3 personalitzada dels nostres pacients, amb la m\u00e1xima qualitat en el tracte hum\u00e0. Tenir cura de la salut dels nostres pacients per aconseguir que visquin amb una major qualitat de vida. Creiem en la Medicina Preventiva.","breadcrumb":{"@id":"https:\/\/dev.93-93-113-41.plesk.page\/ca\/clinica-servidigest\/objectius\/#breadcrumb"},"inLanguage":"ca","potentialAction":[{"@type":"ReadAction","target":["https:\/\/dev.93-93-113-41.plesk.page\/ca\/clinica-servidigest\/objectius\/"]}]},{"@type":"BreadcrumbList","@id":"https:\/\/dev.93-93-113-41.plesk.page\/ca\/clinica-servidigest\/objectius\/#breadcrumb","itemListElement":[{"@type":"ListItem","position":1,"name":"Cl\u00ednica ServiDigest","item":"https:\/\/dev.93-93-113-41.plesk.page\/ca\/clinica-servidigest\/"},{"@type":"ListItem","position":2,"name":"Objectius"}]},{"@type":"WebSite","@id":"https:\/\/dev.93-93-113-41.plesk.page\/ca\/#website","url":"https:\/\/dev.93-93-113-41.plesk.page\/ca\/","name":"Servidigest","description":"","publisher":{"@id":"https:\/\/dev.93-93-113-41.plesk.page\/ca\/#organization"},"potentialAction":[{"@type":"SearchAction","target":{"@type":"EntryPoint","urlTemplate":"https:\/\/dev.93-93-113-41.plesk.page\/ca\/?s={search_term_string}"},"query-input":"required name=search_term_string"}],"inLanguage":"ca"},{"@type":"Organization","@id":"https:\/\/dev.93-93-113-41.plesk.page\/ca\/#organization","name":"Servidigest","url":"https:\/\/dev.93-93-113-41.plesk.page\/ca\/","logo":{"@type":"ImageObject","inLanguage":"ca","@id":"https:\/\/dev.93-93-113-41.plesk.page\/ca\/#\/schema\/logo\/image\/","url":"https:\/\/dev.93-93-113-41.plesk.page\/wp-content\/uploads\/2024\/01\/servidigest.png","contentUrl":"https:\/\/dev.93-93-113-41.plesk.page\/wp-content\/uploads\/2024\/01\/servidigest.png","width":808,"height":88,"caption":"Servidigest"},"image":{"@id":"https:\/\/dev.93-93-113-41.plesk.page\/ca\/#\/schema\/logo\/image\/"},"sameAs":["https:\/\/www.facebook.com\/servidigest","https:\/\/x.com\/servidigest"]}]}},"_links":{"self":[{"href":"https:\/\/dev.93-93-113-41.plesk.page\/ca\/wp-json\/wp\/v2\/pages\/34532","targetHints":{"allow":["GET"]}}],"collection":[{"href":"https:\/\/dev.93-93-113-41.plesk.page\/ca\/wp-json\/wp\/v2\/pages"}],"about":[{"href":"https:\/\/dev.93-93-113-41.plesk.page\/ca\/wp-json\/wp\/v2\/types\/page"}],"author":[{"embeddable":true,"href":"https:\/\/dev.93-93-113-41.plesk.page\/ca\/wp-json\/wp\/v2\/users\/1"}],"replies":[{"embeddable":true,"href":"https:\/\/dev.93-93-113-41.plesk.page\/ca\/wp-json\/wp\/v2\/comments?post=34532"}],"version-history":[{"count":3,"href":"https:\/\/dev.93-93-113-41.plesk.page\/ca\/wp-json\/wp\/v2\/pages\/34532\/revisions"}],"predecessor-version":[{"id":39418,"href":"https:\/\/dev.93-93-113-41.plesk.page\/ca\/wp-json\/wp\/v2\/pages\/34532\/revisions\/39418"}],"up":[{"embeddable":true,"href":"https:\/\/dev.93-93-113-41.plesk.page\/ca\/wp-json\/wp\/v2\/pages\/37810"}],"wp:attachment":[{"href":"https:\/\/dev.93-93-113-41.plesk.page\/ca\/wp-json\/wp\/v2\/media?parent=34532"}],"curies":[{"name":"wp","href":"https:\/\/api.w.org\/{rel}","templated":true}]}}