{"id":34260,"date":"2023-12-04T11:13:54","date_gmt":"2023-12-04T10:13:54","guid":{"rendered":"https:\/\/dev.93-93-113-41.plesk.page\/clinica-servidigest\/publicacions\/magazine-com-viure-otono-invierno-2023\/"},"modified":"2024-02-26T17:14:13","modified_gmt":"2024-02-26T16:14:13","slug":"magazine-com-viure-tardor-hivern-2023","status":"publish","type":"page","link":"https:\/\/dev.93-93-113-41.plesk.page\/ca\/clinica-servidigest\/publicacions\/magazine-com-viure-tardor-hivern-2023\/","title":{"rendered":"Magazine Com Viure Tardor Hivern 2023"},"content":{"rendered":"<div class=\"_df_book df-lite\" id=\"df_34246\"  data-title=\"com-viure-tardor-hivern-2023\" _slug=\"com-viure-tardor-hivern-2023\" wpoptions=\"true\" thumb=\"\/wp-content\/uploads\/2023\/12\/Com-Viure-Tardor-Hivern-web-2023.jpg\" thumbtype=\"\" ><\/div><script class=\"df-shortcode-script\" type=\"application\/javascript\">window.option_df_34246 = {\"outline\":[],\"autoEnableOutline\":\"false\",\"autoEnableThumbnail\":\"false\",\"overwritePDFOutline\":\"false\",\"direction\":\"1\",\"pageSize\":\"0\",\"source\":\"\\\/wp-content\\\/uploads\\\/2023\\\/12\\\/Com-Viure-Tardor-Hivern-web-2023.pdf\",\"wpOptions\":\"true\"}; if(window.DFLIP && window.DFLIP.parseBooks){window.DFLIP.parseBooks();}<\/script>\n","protected":false},"excerpt":{"rendered":"<div class=\"mh-excerpt\"><\/div>","protected":false},"author":1,"featured_media":0,"parent":15778,"menu_order":12,"comment_status":"closed","ping_status":"closed","template":"","meta":{"footnotes":""},"class_list":["post-34260","page","type-page","status-publish"],"yoast_head":"<!-- This site is optimized with the Yoast SEO plugin v22.6 - https:\/\/yoast.com\/wordpress\/plugins\/seo\/ -->\n<title>Magazine Com Viure Tardor Hivern 2023 - Servidigest<\/title>\n<meta name=\"description\" content=\"Diabetes gestacional - An\u00e0lisi de la Composici\u00f3 Corporal - Qu\u00e8 \u00e9s l&#039;osteoporosi - Es\u00f2fag de Barrret - C\u00e0ncer de Pr\u00f2stata i alimentaci\u00f3 - Quefir- Turisme\" \/>\n<meta name=\"robots\" content=\"index, follow, max-snippet:-1, max-image-preview:large, max-video-preview:-1\" \/>\n<link rel=\"canonical\" href=\"https:\/\/dev.93-93-113-41.plesk.page\/ca\/clinica-servidigest\/publicacions\/magazine-com-viure-tardor-hivern-2023\/\" \/>\n<meta property=\"og:locale\" content=\"ca_ES\" \/>\n<meta property=\"og:type\" content=\"article\" \/>\n<meta property=\"og:title\" content=\"Magazine Com Viure Tardor Hivern 2023 - Servidigest\" \/>\n<meta property=\"og:description\" content=\"Diabetes gestacional - An\u00e0lisi de la Composici\u00f3 Corporal - Qu\u00e8 \u00e9s l&#039;osteoporosi - Es\u00f2fag de Barrret - C\u00e0ncer de Pr\u00f2stata i alimentaci\u00f3 - Quefir- Turisme\" \/>\n<meta property=\"og:url\" content=\"https:\/\/dev.93-93-113-41.plesk.page\/ca\/clinica-servidigest\/publicacions\/magazine-com-viure-tardor-hivern-2023\/\" \/>\n<meta property=\"og:site_name\" content=\"Servidigest\" \/>\n<meta property=\"article:publisher\" content=\"https:\/\/www.facebook.com\/servidigest\" \/>\n<meta property=\"article:modified_time\" content=\"2024-02-26T16:14:13+00:00\" \/>\n<meta name=\"twitter:card\" content=\"summary_large_image\" \/>\n<meta name=\"twitter:site\" content=\"@servidigest\" \/>\n<script type=\"application\/ld+json\" class=\"yoast-schema-graph\">{\"@context\":\"https:\/\/schema.org\",\"@graph\":[{\"@type\":\"WebPage\",\"@id\":\"https:\/\/dev.93-93-113-41.plesk.page\/ca\/clinica-servidigest\/publicacions\/magazine-com-viure-tardor-hivern-2023\/\",\"url\":\"https:\/\/dev.93-93-113-41.plesk.page\/ca\/clinica-servidigest\/publicacions\/magazine-com-viure-tardor-hivern-2023\/\",\"name\":\"Magazine Com Viure Tardor Hivern 2023 - Servidigest\",\"isPartOf\":{\"@id\":\"https:\/\/dev.93-93-113-41.plesk.page\/ca\/#website\"},\"datePublished\":\"2023-12-04T10:13:54+00:00\",\"dateModified\":\"2024-02-26T16:14:13+00:00\",\"description\":\"Diabetes gestacional - An\u00e0lisi de la Composici\u00f3 Corporal - Qu\u00e8 \u00e9s l'osteoporosi - Es\u00f2fag de Barrret - C\u00e0ncer de Pr\u00f2stata i alimentaci\u00f3 - Quefir- Turisme\",\"breadcrumb\":{\"@id\":\"https:\/\/dev.93-93-113-41.plesk.page\/ca\/clinica-servidigest\/publicacions\/magazine-com-viure-tardor-hivern-2023\/#breadcrumb\"},\"inLanguage\":\"ca\",\"potentialAction\":[{\"@type\":\"ReadAction\",\"target\":[\"https:\/\/dev.93-93-113-41.plesk.page\/ca\/clinica-servidigest\/publicacions\/magazine-com-viure-tardor-hivern-2023\/\"]}]},{\"@type\":\"BreadcrumbList\",\"@id\":\"https:\/\/dev.93-93-113-41.plesk.page\/ca\/clinica-servidigest\/publicacions\/magazine-com-viure-tardor-hivern-2023\/#breadcrumb\",\"itemListElement\":[{\"@type\":\"ListItem\",\"position\":1,\"name\":\"Cl\u00ednica ServiDigest\",\"item\":\"https:\/\/dev.93-93-113-41.plesk.page\/ca\/clinica-servidigest\/\"},{\"@type\":\"ListItem\",\"position\":2,\"name\":\"Publicacions de Cl\u00ednica ServiDigest\",\"item\":\"https:\/\/dev.93-93-113-41.plesk.page\/ca\/clinica-servidigest\/publicacions\/\"},{\"@type\":\"ListItem\",\"position\":3,\"name\":\"Magazine Com Viure Tardor Hivern 2023\"}]},{\"@type\":\"WebSite\",\"@id\":\"https:\/\/dev.93-93-113-41.plesk.page\/ca\/#website\",\"url\":\"https:\/\/dev.93-93-113-41.plesk.page\/ca\/\",\"name\":\"Servidigest\",\"description\":\"\",\"publisher\":{\"@id\":\"https:\/\/dev.93-93-113-41.plesk.page\/ca\/#organization\"},\"potentialAction\":[{\"@type\":\"SearchAction\",\"target\":{\"@type\":\"EntryPoint\",\"urlTemplate\":\"https:\/\/dev.93-93-113-41.plesk.page\/ca\/?s={search_term_string}\"},\"query-input\":\"required name=search_term_string\"}],\"inLanguage\":\"ca\"},{\"@type\":\"Organization\",\"@id\":\"https:\/\/dev.93-93-113-41.plesk.page\/ca\/#organization\",\"name\":\"Servidigest\",\"url\":\"https:\/\/dev.93-93-113-41.plesk.page\/ca\/\",\"logo\":{\"@type\":\"ImageObject\",\"inLanguage\":\"ca\",\"@id\":\"https:\/\/dev.93-93-113-41.plesk.page\/ca\/#\/schema\/logo\/image\/\",\"url\":\"https:\/\/dev.93-93-113-41.plesk.page\/wp-content\/uploads\/2024\/01\/servidigest.png\",\"contentUrl\":\"https:\/\/dev.93-93-113-41.plesk.page\/wp-content\/uploads\/2024\/01\/servidigest.png\",\"width\":808,\"height\":88,\"caption\":\"Servidigest\"},\"image\":{\"@id\":\"https:\/\/dev.93-93-113-41.plesk.page\/ca\/#\/schema\/logo\/image\/\"},\"sameAs\":[\"https:\/\/www.facebook.com\/servidigest\",\"https:\/\/x.com\/servidigest\"]}]}<\/script>\n<!-- \/ Yoast SEO plugin. -->","yoast_head_json":{"title":"Magazine Com Viure Tardor Hivern 2023 - Servidigest","description":"Diabetes gestacional - An\u00e0lisi de la Composici\u00f3 Corporal - Qu\u00e8 \u00e9s l'osteoporosi - Es\u00f2fag de Barrret - C\u00e0ncer de Pr\u00f2stata i alimentaci\u00f3 - Quefir- Turisme","robots":{"index":"index","follow":"follow","max-snippet":"max-snippet:-1","max-image-preview":"max-image-preview:large","max-video-preview":"max-video-preview:-1"},"canonical":"https:\/\/dev.93-93-113-41.plesk.page\/ca\/clinica-servidigest\/publicacions\/magazine-com-viure-tardor-hivern-2023\/","og_locale":"ca_ES","og_type":"article","og_title":"Magazine Com Viure Tardor Hivern 2023 - Servidigest","og_description":"Diabetes gestacional - An\u00e0lisi de la Composici\u00f3 Corporal - Qu\u00e8 \u00e9s l'osteoporosi - Es\u00f2fag de Barrret - C\u00e0ncer de Pr\u00f2stata i alimentaci\u00f3 - Quefir- Turisme","og_url":"https:\/\/dev.93-93-113-41.plesk.page\/ca\/clinica-servidigest\/publicacions\/magazine-com-viure-tardor-hivern-2023\/","og_site_name":"Servidigest","article_publisher":"https:\/\/www.facebook.com\/servidigest","article_modified_time":"2024-02-26T16:14:13+00:00","twitter_card":"summary_large_image","twitter_site":"@servidigest","schema":{"@context":"https:\/\/schema.org","@graph":[{"@type":"WebPage","@id":"https:\/\/dev.93-93-113-41.plesk.page\/ca\/clinica-servidigest\/publicacions\/magazine-com-viure-tardor-hivern-2023\/","url":"https:\/\/dev.93-93-113-41.plesk.page\/ca\/clinica-servidigest\/publicacions\/magazine-com-viure-tardor-hivern-2023\/","name":"Magazine Com Viure Tardor Hivern 2023 - Servidigest","isPartOf":{"@id":"https:\/\/dev.93-93-113-41.plesk.page\/ca\/#website"},"datePublished":"2023-12-04T10:13:54+00:00","dateModified":"2024-02-26T16:14:13+00:00","description":"Diabetes gestacional - An\u00e0lisi de la Composici\u00f3 Corporal - Qu\u00e8 \u00e9s l'osteoporosi - Es\u00f2fag de Barrret - C\u00e0ncer de Pr\u00f2stata i alimentaci\u00f3 - Quefir- Turisme","breadcrumb":{"@id":"https:\/\/dev.93-93-113-41.plesk.page\/ca\/clinica-servidigest\/publicacions\/magazine-com-viure-tardor-hivern-2023\/#breadcrumb"},"inLanguage":"ca","potentialAction":[{"@type":"ReadAction","target":["https:\/\/dev.93-93-113-41.plesk.page\/ca\/clinica-servidigest\/publicacions\/magazine-com-viure-tardor-hivern-2023\/"]}]},{"@type":"BreadcrumbList","@id":"https:\/\/dev.93-93-113-41.plesk.page\/ca\/clinica-servidigest\/publicacions\/magazine-com-viure-tardor-hivern-2023\/#breadcrumb","itemListElement":[{"@type":"ListItem","position":1,"name":"Cl\u00ednica ServiDigest","item":"https:\/\/dev.93-93-113-41.plesk.page\/ca\/clinica-servidigest\/"},{"@type":"ListItem","position":2,"name":"Publicacions de Cl\u00ednica ServiDigest","item":"https:\/\/dev.93-93-113-41.plesk.page\/ca\/clinica-servidigest\/publicacions\/"},{"@type":"ListItem","position":3,"name":"Magazine Com Viure Tardor Hivern 2023"}]},{"@type":"WebSite","@id":"https:\/\/dev.93-93-113-41.plesk.page\/ca\/#website","url":"https:\/\/dev.93-93-113-41.plesk.page\/ca\/","name":"Servidigest","description":"","publisher":{"@id":"https:\/\/dev.93-93-113-41.plesk.page\/ca\/#organization"},"potentialAction":[{"@type":"SearchAction","target":{"@type":"EntryPoint","urlTemplate":"https:\/\/dev.93-93-113-41.plesk.page\/ca\/?s={search_term_string}"},"query-input":"required name=search_term_string"}],"inLanguage":"ca"},{"@type":"Organization","@id":"https:\/\/dev.93-93-113-41.plesk.page\/ca\/#organization","name":"Servidigest","url":"https:\/\/dev.93-93-113-41.plesk.page\/ca\/","logo":{"@type":"ImageObject","inLanguage":"ca","@id":"https:\/\/dev.93-93-113-41.plesk.page\/ca\/#\/schema\/logo\/image\/","url":"https:\/\/dev.93-93-113-41.plesk.page\/wp-content\/uploads\/2024\/01\/servidigest.png","contentUrl":"https:\/\/dev.93-93-113-41.plesk.page\/wp-content\/uploads\/2024\/01\/servidigest.png","width":808,"height":88,"caption":"Servidigest"},"image":{"@id":"https:\/\/dev.93-93-113-41.plesk.page\/ca\/#\/schema\/logo\/image\/"},"sameAs":["https:\/\/www.facebook.com\/servidigest","https:\/\/x.com\/servidigest"]}]}},"_links":{"self":[{"href":"https:\/\/dev.93-93-113-41.plesk.page\/ca\/wp-json\/wp\/v2\/pages\/34260","targetHints":{"allow":["GET"]}}],"collection":[{"href":"https:\/\/dev.93-93-113-41.plesk.page\/ca\/wp-json\/wp\/v2\/pages"}],"about":[{"href":"https:\/\/dev.93-93-113-41.plesk.page\/ca\/wp-json\/wp\/v2\/types\/page"}],"author":[{"embeddable":true,"href":"https:\/\/dev.93-93-113-41.plesk.page\/ca\/wp-json\/wp\/v2\/users\/1"}],"replies":[{"embeddable":true,"href":"https:\/\/dev.93-93-113-41.plesk.page\/ca\/wp-json\/wp\/v2\/comments?post=34260"}],"version-history":[{"count":1,"href":"https:\/\/dev.93-93-113-41.plesk.page\/ca\/wp-json\/wp\/v2\/pages\/34260\/revisions"}],"predecessor-version":[{"id":35181,"href":"https:\/\/dev.93-93-113-41.plesk.page\/ca\/wp-json\/wp\/v2\/pages\/34260\/revisions\/35181"}],"up":[{"embeddable":true,"href":"https:\/\/dev.93-93-113-41.plesk.page\/ca\/wp-json\/wp\/v2\/pages\/15778"}],"wp:attachment":[{"href":"https:\/\/dev.93-93-113-41.plesk.page\/ca\/wp-json\/wp\/v2\/media?parent=34260"}],"curies":[{"name":"wp","href":"https:\/\/api.w.org\/{rel}","templated":true}]}}