{"id":29843,"date":"2021-05-14T14:43:50","date_gmt":"2021-05-14T12:43:50","guid":{"rendered":"https:\/\/dev.93-93-113-41.plesk.page\/clinica-servidigest\/videos-procedimientos-medicos-servidigest\/"},"modified":"2024-02-26T17:14:00","modified_gmt":"2024-02-26T16:14:00","slug":"videos-procediments-medics-servidigest","status":"publish","type":"page","link":"https:\/\/dev.93-93-113-41.plesk.page\/ca\/clinica-servidigest\/videos-procediments-medics-servidigest\/","title":{"rendered":"Procediments M\u00e8dics ServiDigest"},"content":{"rendered":"<p><img fetchpriority=\"high\" decoding=\"async\" class=\"aligncenter size-large wp-image-29845\" src=\"https:\/\/dev.93-93-113-41.plesk.page\/wp-content\/uploads\/2021\/05\/Informacio-cientifica-formativa-1024x261.png\" alt=\"Informacio cient\u00edfica formativa especialitzada dirigida als professionals sanitaris\" width=\"686\" height=\"175\" srcset=\"https:\/\/dev.93-93-113-41.plesk.page\/wp-content\/uploads\/2021\/05\/Informacio-cientifica-formativa-1024x261.png 1024w, https:\/\/dev.93-93-113-41.plesk.page\/wp-content\/uploads\/2021\/05\/Informacio-cientifica-formativa-600x153.png 600w, https:\/\/dev.93-93-113-41.plesk.page\/wp-content\/uploads\/2021\/05\/Informacio-cientifica-formativa-300x77.png 300w, https:\/\/dev.93-93-113-41.plesk.page\/wp-content\/uploads\/2021\/05\/Informacio-cientifica-formativa-768x196.png 768w, https:\/\/dev.93-93-113-41.plesk.page\/wp-content\/uploads\/2021\/05\/Informacio-cientifica-formativa-1536x392.png 1536w, https:\/\/dev.93-93-113-41.plesk.page\/wp-content\/uploads\/2021\/05\/Informacio-cientifica-formativa.png 1618w\" sizes=\"(max-width: 686px) 100vw, 686px\" \/><\/p>\n<h4>Aquest canal de Cl\u00ednica ServiDigest ofereix v\u00eddeos de formaci\u00f3 m\u00e8dica en Aparell Digestiu, Metabolisme i Obesitat per a professionals sanitaris.<\/h4>\n<p><a href=\"\/?page_id=29796\"><img decoding=\"async\" class=\"aligncenter wp-image-29780 size-full\" style=\"border: 1px;\" src=\"https:\/\/dev.93-93-113-41.plesk.page\/wp-content\/uploads\/2021\/05\/Hemorragia-digestiva-de-origen-oscuro-a-estudio.png\" alt=\"\" width=\"800\" height=\"450\" \/><\/a><\/p>\n<h3 style=\"font-size: 14px;\">Hemorragia digestiva de origen oscuro a estudio<\/h3>\n<p>Mediante colocaci\u00f3n de c\u00e1psula SB3 por v\u00eda endosc\u00f3pica<\/p>\n<p><a href=\"\/?p=29785\"><img decoding=\"async\" class=\"aligncenter wp-image-29786 size-full\" src=\"https:\/\/dev.93-93-113-41.plesk.page\/wp-content\/uploads\/2021\/05\/Lesion-gigante-LST-G-Colonica.png\" alt=\"\" width=\"800\" height=\"450\" \/><\/a><\/p>\n<h3 style=\"font-size: 15px;\">Lesi\u00f3n gigante LST-G Col\u00f3nica<\/h3>\n<p>Intervenci\u00f3n de mucosectom\u00eda endosc\u00f3pica.<\/p>\n","protected":false},"excerpt":{"rendered":"<div class=\"mh-excerpt\"><p>Aquest canal de Cl\u00ednica ServiDigest ofereix v\u00eddeos de formaci\u00f3 m\u00e8dica en Aparell Digestiu, Metabolisme i Obesitat per a professionals sanitaris. Hemorragia digestiva de origen oscuro a estudio Mediante colocaci\u00f3n de c\u00e1psula SB3 por v\u00eda endosc\u00f3pica <a class=\"mh-excerpt-more\" href=\"https:\/\/dev.93-93-113-41.plesk.page\/ca\/clinica-servidigest\/videos-procediments-medics-servidigest\/\" title=\"Procediments M\u00e8dics ServiDigest\">[&#8230;]<\/a><\/p>\n<\/div>","protected":false},"author":1,"featured_media":29780,"parent":37810,"menu_order":2,"comment_status":"closed","ping_status":"closed","template":"","meta":{"footnotes":""},"class_list":["post-29843","page","type-page","status-publish","has-post-thumbnail"],"yoast_head":"<!-- This site is optimized with the Yoast SEO plugin v22.6 - https:\/\/yoast.com\/wordpress\/plugins\/seo\/ -->\n<title>Procediments M\u00e8dics ServiDigest - Servidigest<\/title>\n<meta name=\"description\" content=\"Aquest canal de Cl\u00ednica ServiDigest ofereix v\u00eddeos de formaci\u00f3 m\u00e8dica en Aparell Digestiu, Metabolisme i Obesitat per a professionals sanitaris.\" \/>\n<meta name=\"robots\" content=\"index, follow, max-snippet:-1, max-image-preview:large, max-video-preview:-1\" \/>\n<link rel=\"canonical\" href=\"https:\/\/dev.93-93-113-41.plesk.page\/ca\/clinica-servidigest\/videos-procediments-medics-servidigest\/\" \/>\n<meta property=\"og:locale\" content=\"ca_ES\" \/>\n<meta property=\"og:type\" content=\"article\" \/>\n<meta property=\"og:title\" content=\"Procediments M\u00e8dics ServiDigest - Servidigest\" \/>\n<meta property=\"og:description\" content=\"Aquest canal de Cl\u00ednica ServiDigest ofereix v\u00eddeos de formaci\u00f3 m\u00e8dica en Aparell Digestiu, Metabolisme i Obesitat per a professionals sanitaris.\" \/>\n<meta property=\"og:url\" content=\"https:\/\/dev.93-93-113-41.plesk.page\/ca\/clinica-servidigest\/videos-procediments-medics-servidigest\/\" \/>\n<meta property=\"og:site_name\" content=\"Servidigest\" \/>\n<meta property=\"article:publisher\" content=\"https:\/\/www.facebook.com\/servidigest\" \/>\n<meta property=\"article:modified_time\" content=\"2024-02-26T16:14:00+00:00\" \/>\n<meta name=\"twitter:card\" content=\"summary_large_image\" \/>\n<meta name=\"twitter:site\" content=\"@servidigest\" \/>\n<script type=\"application\/ld+json\" class=\"yoast-schema-graph\">{\"@context\":\"https:\/\/schema.org\",\"@graph\":[{\"@type\":\"WebPage\",\"@id\":\"https:\/\/dev.93-93-113-41.plesk.page\/ca\/clinica-servidigest\/videos-procediments-medics-servidigest\/\",\"url\":\"https:\/\/dev.93-93-113-41.plesk.page\/ca\/clinica-servidigest\/videos-procediments-medics-servidigest\/\",\"name\":\"Procediments M\u00e8dics ServiDigest - Servidigest\",\"isPartOf\":{\"@id\":\"https:\/\/dev.93-93-113-41.plesk.page\/ca\/#website\"},\"primaryImageOfPage\":{\"@id\":\"https:\/\/dev.93-93-113-41.plesk.page\/ca\/clinica-servidigest\/videos-procediments-medics-servidigest\/#primaryimage\"},\"image\":{\"@id\":\"https:\/\/dev.93-93-113-41.plesk.page\/ca\/clinica-servidigest\/videos-procediments-medics-servidigest\/#primaryimage\"},\"thumbnailUrl\":\"\",\"datePublished\":\"2021-05-14T12:43:50+00:00\",\"dateModified\":\"2024-02-26T16:14:00+00:00\",\"description\":\"Aquest canal de Cl\u00ednica ServiDigest ofereix v\u00eddeos de formaci\u00f3 m\u00e8dica en Aparell Digestiu, Metabolisme i Obesitat per a professionals sanitaris.\",\"breadcrumb\":{\"@id\":\"https:\/\/dev.93-93-113-41.plesk.page\/ca\/clinica-servidigest\/videos-procediments-medics-servidigest\/#breadcrumb\"},\"inLanguage\":\"ca\",\"potentialAction\":[{\"@type\":\"ReadAction\",\"target\":[\"https:\/\/dev.93-93-113-41.plesk.page\/ca\/clinica-servidigest\/videos-procediments-medics-servidigest\/\"]}]},{\"@type\":\"ImageObject\",\"inLanguage\":\"ca\",\"@id\":\"https:\/\/dev.93-93-113-41.plesk.page\/ca\/clinica-servidigest\/videos-procediments-medics-servidigest\/#primaryimage\",\"url\":\"\",\"contentUrl\":\"\"},{\"@type\":\"BreadcrumbList\",\"@id\":\"https:\/\/dev.93-93-113-41.plesk.page\/ca\/clinica-servidigest\/videos-procediments-medics-servidigest\/#breadcrumb\",\"itemListElement\":[{\"@type\":\"ListItem\",\"position\":1,\"name\":\"Cl\u00ednica ServiDigest\",\"item\":\"https:\/\/dev.93-93-113-41.plesk.page\/ca\/clinica-servidigest\/\"},{\"@type\":\"ListItem\",\"position\":2,\"name\":\"Procediments M\u00e8dics ServiDigest\"}]},{\"@type\":\"WebSite\",\"@id\":\"https:\/\/dev.93-93-113-41.plesk.page\/ca\/#website\",\"url\":\"https:\/\/dev.93-93-113-41.plesk.page\/ca\/\",\"name\":\"Servidigest\",\"description\":\"\",\"publisher\":{\"@id\":\"https:\/\/dev.93-93-113-41.plesk.page\/ca\/#organization\"},\"potentialAction\":[{\"@type\":\"SearchAction\",\"target\":{\"@type\":\"EntryPoint\",\"urlTemplate\":\"https:\/\/dev.93-93-113-41.plesk.page\/ca\/?s={search_term_string}\"},\"query-input\":\"required name=search_term_string\"}],\"inLanguage\":\"ca\"},{\"@type\":\"Organization\",\"@id\":\"https:\/\/dev.93-93-113-41.plesk.page\/ca\/#organization\",\"name\":\"Servidigest\",\"url\":\"https:\/\/dev.93-93-113-41.plesk.page\/ca\/\",\"logo\":{\"@type\":\"ImageObject\",\"inLanguage\":\"ca\",\"@id\":\"https:\/\/dev.93-93-113-41.plesk.page\/ca\/#\/schema\/logo\/image\/\",\"url\":\"https:\/\/dev.93-93-113-41.plesk.page\/wp-content\/uploads\/2024\/01\/servidigest.png\",\"contentUrl\":\"https:\/\/dev.93-93-113-41.plesk.page\/wp-content\/uploads\/2024\/01\/servidigest.png\",\"width\":808,\"height\":88,\"caption\":\"Servidigest\"},\"image\":{\"@id\":\"https:\/\/dev.93-93-113-41.plesk.page\/ca\/#\/schema\/logo\/image\/\"},\"sameAs\":[\"https:\/\/www.facebook.com\/servidigest\",\"https:\/\/x.com\/servidigest\"]}]}<\/script>\n<!-- \/ Yoast SEO plugin. -->","yoast_head_json":{"title":"Procediments M\u00e8dics ServiDigest - Servidigest","description":"Aquest canal de Cl\u00ednica ServiDigest ofereix v\u00eddeos de formaci\u00f3 m\u00e8dica en Aparell Digestiu, Metabolisme i Obesitat per a professionals sanitaris.","robots":{"index":"index","follow":"follow","max-snippet":"max-snippet:-1","max-image-preview":"max-image-preview:large","max-video-preview":"max-video-preview:-1"},"canonical":"https:\/\/dev.93-93-113-41.plesk.page\/ca\/clinica-servidigest\/videos-procediments-medics-servidigest\/","og_locale":"ca_ES","og_type":"article","og_title":"Procediments M\u00e8dics ServiDigest - Servidigest","og_description":"Aquest canal de Cl\u00ednica ServiDigest ofereix v\u00eddeos de formaci\u00f3 m\u00e8dica en Aparell Digestiu, Metabolisme i Obesitat per a professionals sanitaris.","og_url":"https:\/\/dev.93-93-113-41.plesk.page\/ca\/clinica-servidigest\/videos-procediments-medics-servidigest\/","og_site_name":"Servidigest","article_publisher":"https:\/\/www.facebook.com\/servidigest","article_modified_time":"2024-02-26T16:14:00+00:00","twitter_card":"summary_large_image","twitter_site":"@servidigest","schema":{"@context":"https:\/\/schema.org","@graph":[{"@type":"WebPage","@id":"https:\/\/dev.93-93-113-41.plesk.page\/ca\/clinica-servidigest\/videos-procediments-medics-servidigest\/","url":"https:\/\/dev.93-93-113-41.plesk.page\/ca\/clinica-servidigest\/videos-procediments-medics-servidigest\/","name":"Procediments M\u00e8dics ServiDigest - Servidigest","isPartOf":{"@id":"https:\/\/dev.93-93-113-41.plesk.page\/ca\/#website"},"primaryImageOfPage":{"@id":"https:\/\/dev.93-93-113-41.plesk.page\/ca\/clinica-servidigest\/videos-procediments-medics-servidigest\/#primaryimage"},"image":{"@id":"https:\/\/dev.93-93-113-41.plesk.page\/ca\/clinica-servidigest\/videos-procediments-medics-servidigest\/#primaryimage"},"thumbnailUrl":"","datePublished":"2021-05-14T12:43:50+00:00","dateModified":"2024-02-26T16:14:00+00:00","description":"Aquest canal de Cl\u00ednica ServiDigest ofereix v\u00eddeos de formaci\u00f3 m\u00e8dica en Aparell Digestiu, Metabolisme i Obesitat per a professionals sanitaris.","breadcrumb":{"@id":"https:\/\/dev.93-93-113-41.plesk.page\/ca\/clinica-servidigest\/videos-procediments-medics-servidigest\/#breadcrumb"},"inLanguage":"ca","potentialAction":[{"@type":"ReadAction","target":["https:\/\/dev.93-93-113-41.plesk.page\/ca\/clinica-servidigest\/videos-procediments-medics-servidigest\/"]}]},{"@type":"ImageObject","inLanguage":"ca","@id":"https:\/\/dev.93-93-113-41.plesk.page\/ca\/clinica-servidigest\/videos-procediments-medics-servidigest\/#primaryimage","url":"","contentUrl":""},{"@type":"BreadcrumbList","@id":"https:\/\/dev.93-93-113-41.plesk.page\/ca\/clinica-servidigest\/videos-procediments-medics-servidigest\/#breadcrumb","itemListElement":[{"@type":"ListItem","position":1,"name":"Cl\u00ednica ServiDigest","item":"https:\/\/dev.93-93-113-41.plesk.page\/ca\/clinica-servidigest\/"},{"@type":"ListItem","position":2,"name":"Procediments M\u00e8dics ServiDigest"}]},{"@type":"WebSite","@id":"https:\/\/dev.93-93-113-41.plesk.page\/ca\/#website","url":"https:\/\/dev.93-93-113-41.plesk.page\/ca\/","name":"Servidigest","description":"","publisher":{"@id":"https:\/\/dev.93-93-113-41.plesk.page\/ca\/#organization"},"potentialAction":[{"@type":"SearchAction","target":{"@type":"EntryPoint","urlTemplate":"https:\/\/dev.93-93-113-41.plesk.page\/ca\/?s={search_term_string}"},"query-input":"required name=search_term_string"}],"inLanguage":"ca"},{"@type":"Organization","@id":"https:\/\/dev.93-93-113-41.plesk.page\/ca\/#organization","name":"Servidigest","url":"https:\/\/dev.93-93-113-41.plesk.page\/ca\/","logo":{"@type":"ImageObject","inLanguage":"ca","@id":"https:\/\/dev.93-93-113-41.plesk.page\/ca\/#\/schema\/logo\/image\/","url":"https:\/\/dev.93-93-113-41.plesk.page\/wp-content\/uploads\/2024\/01\/servidigest.png","contentUrl":"https:\/\/dev.93-93-113-41.plesk.page\/wp-content\/uploads\/2024\/01\/servidigest.png","width":808,"height":88,"caption":"Servidigest"},"image":{"@id":"https:\/\/dev.93-93-113-41.plesk.page\/ca\/#\/schema\/logo\/image\/"},"sameAs":["https:\/\/www.facebook.com\/servidigest","https:\/\/x.com\/servidigest"]}]}},"_links":{"self":[{"href":"https:\/\/dev.93-93-113-41.plesk.page\/ca\/wp-json\/wp\/v2\/pages\/29843","targetHints":{"allow":["GET"]}}],"collection":[{"href":"https:\/\/dev.93-93-113-41.plesk.page\/ca\/wp-json\/wp\/v2\/pages"}],"about":[{"href":"https:\/\/dev.93-93-113-41.plesk.page\/ca\/wp-json\/wp\/v2\/types\/page"}],"author":[{"embeddable":true,"href":"https:\/\/dev.93-93-113-41.plesk.page\/ca\/wp-json\/wp\/v2\/users\/1"}],"replies":[{"embeddable":true,"href":"https:\/\/dev.93-93-113-41.plesk.page\/ca\/wp-json\/wp\/v2\/comments?post=29843"}],"version-history":[{"count":1,"href":"https:\/\/dev.93-93-113-41.plesk.page\/ca\/wp-json\/wp\/v2\/pages\/29843\/revisions"}],"predecessor-version":[{"id":35164,"href":"https:\/\/dev.93-93-113-41.plesk.page\/ca\/wp-json\/wp\/v2\/pages\/29843\/revisions\/35164"}],"up":[{"embeddable":true,"href":"https:\/\/dev.93-93-113-41.plesk.page\/ca\/wp-json\/wp\/v2\/pages\/37810"}],"wp:featuredmedia":[{"embeddable":true,"href":"https:\/\/dev.93-93-113-41.plesk.page\/ca\/wp-json\/"}],"wp:attachment":[{"href":"https:\/\/dev.93-93-113-41.plesk.page\/ca\/wp-json\/wp\/v2\/media?parent=29843"}],"curies":[{"name":"wp","href":"https:\/\/api.w.org\/{rel}","templated":true}]}}