{"id":28502,"date":"2020-12-02T20:42:27","date_gmt":"2020-12-02T19:42:27","guid":{"rendered":"https:\/\/dev.93-93-113-41.plesk.page\/treballa-amb-nosaltres\/oferta-treball-especialista-aparell-digestiu\/"},"modified":"2024-03-14T10:58:05","modified_gmt":"2024-03-14T09:58:05","slug":"oferta-treball-especialista-aparell-digestiu","status":"publish","type":"page","link":"https:\/\/dev.93-93-113-41.plesk.page\/ca\/treballa-amb-nosaltres\/oferta-treball-especialista-aparell-digestiu\/","title":{"rendered":"Oferta de treball especialista en Aparell Digestiu"},"content":{"rendered":"<p><a href=\"https:\/\/dev.93-93-113-41.plesk.page\/wp-content\/uploads\/2020\/12\/oferta-trabajo-especialista-aparato-digestivo.jpeg\"><img fetchpriority=\"high\" decoding=\"async\" class=\"wp-image-28326 alignleft\" style=\"margin-top: 1.5em;\" src=\"https:\/\/dev.93-93-113-41.plesk.page\/wp-content\/uploads\/2020\/12\/oferta-trabajo-especialista-aparato-digestivo-1024x768.jpeg\" alt=\"\" width=\"417\" height=\"313\" \/><\/a><\/p>\n<h2 style=\"line-height: 1.3;\">Convocat\u00f2ria d&#8217;una pla\u00e7a de Metge\/ssa adjunt del departament d&#8217;Aparell Digestiu<\/h2>\n<p>A ServiDigest estem buscant metge especialista en aparell digestiu per a compartir una realitat eficient de salut i atenci\u00f3 al pacient.<\/p>\n<p>Si est\u00e0s interessat en l&#8217;oferta de treball i t&#8217;agradaria presentar la teva candidatura, prem en el seg\u00fcent bot\u00f3 o presenta la teva sol\u00b7licitud a l&#8217;adre\u00e7a de correu xmerlo@servidigest.com, indicant les teves dades de contacte i adjuntant el Curriculum vitae.<\/p>\n<p><a href=\"mailto:xmerlo@servidigest.com?subject=Inscripci\u00f3 Oferta de treball especialista en Aparell Digestiu&amp;body=Convocat\u00f2ria d'una Pla\u00e7a de metge\/ssa adjunt del departament d'Aparell Digestiu%0D%0a%0D%0AIndiqui el seu nom i cognoms%0D%0a%0D%0AIndiqui les seves dades de contacte%0D%0a%0D%0AAdjunti la documentaci\u00f3 sol\u00b7licitada a la oferta de treball\">Enviar sol\u00b7licitud<\/a><\/p>\n<h3><strong>Requisits<\/strong><\/h3>\n<h4><strong>Titulaci\u00f3 <\/strong><\/h4>\n<p>Metge\/ssa Especialista en Aparell Digestiu, via MIR o homologat.<\/p>\n<h4><strong>Experi\u00e8ncia<\/strong><\/h4>\n<p>Es valoraran els anys d&#8217;experi\u00e8ncia en l&#8217;especialitat d&#8217;Aparell Digestiu, per\u00f2 tamb\u00e9 s&#8217;avaluar\u00e0 el nivell de formaci\u00f3 especialitzada i el perfil personal dels metges que han finalitzat recentment el MIR en l&#8217;especialitat d&#8217;Aparell Digestiu.<\/p>\n<h4><strong>Requisits administrativos y perfil profesional &amp; personal<\/strong><\/h4>\n<p>-Enviar Curriculum vitae<\/p>\n<p>-T\u00edtol de Llicenciat\/a (o Doctorat) en Medicina<\/p>\n<p>-T\u00edtol de Metge\/ssa Especialista en Aparell Digestiu<\/p>\n<p>-DNI\/NIF\/NIE<\/p>\n<p>-Col\u00b7legiat en COMB (Col\u00b7legi oficial de Metges de Barcelona)<\/p>\n<p>-P\u00f2lissa de Responsabilitat Civil Professional<\/p>\n<p>-Es valorar\u00e0 el perfil Professional i el Personal<\/p>\n<p>-Capacitat de Treball en Equip<\/p>\n<p>-Objectius de Qualitat i Excel\u00b7l\u00e8ncia<\/p>\n<p>-Motivaci\u00f3 per a seguir la Formaci\u00f3 Cient\u00edfica Continuada<\/p>\n<h4><strong>Nivell d&#8217;especializaci\u00f3 a valorar<\/strong><\/h4>\n<p>-\u00c0rees Cl\u00edniques de Major Especialitzaci\u00f3 (En Gastroenterologia, Motilitat i Patologia Funcional, Malaltia Inflamat\u00f2ria Intestinal, Hepatologia, P\u00e0ncrees, Proctologia&#8230;).<\/p>\n<p>-Nivell d&#8217;Especialitzaci\u00f3 en Endosc\u00f2pia Terap\u00e8utica i Avan\u00e7ada.<\/p>\n<p>-Nivell de Formaci\u00f3 en Motilitat i Proves Funcionals Digestives.<\/p>\n<p>-Nivell de Formaci\u00f3 en Ecografia (abdominal-digestiva, endoanal-endorrectal, CEUS).<\/p>\n<p>-Nivell de Formaci\u00f3 en FibroScan&amp;CAP.<\/p>\n<p>-Nivell de Formaci\u00f3 en C\u00e0psula Endosc\u00f2pica.<\/p>\n<p>-Nivell de Formaci\u00f3 en l&#8217;administraci\u00f3 de Sedaci\u00f3 Profunda amb Propofol i RCP, acreditada pels Cursos organitzats per la Societat Espanyola d&#8217;Endosc\u00f2pia Digestiva-SEED<\/p>\n<p>-Nivell de coneixements d&#8217;Idiomes, especialment ANGL\u00c8S<\/p>\n<hr \/>\n<h3><strong>Descripci\u00f3 de la pla\u00e7a<\/strong><\/h3>\n<p>-Es convoca 1 pla\u00e7a de Metge\/ssa Especialista en Aparell Digestiu.<\/p>\n<p>-Contracte Laboral indefinit. 40 hores setmanals + 1 dissabte al mes.<\/p>\n<p>-Realitzaci\u00f3 de Consultes Externes de Gastroenterologia i Hepatologia.<\/p>\n<p>-S&#8217;integrar\u00e0 en les Unitats especialitzades dins del Departament d&#8217;Aparell Digestiu, segons el seu nivell de formaci\u00f3 i \u00e0rees d&#8217;inter\u00e8s.<\/p>\n<p>-Realitzaci\u00f3 de Procediments Diagn\u00f2stics i Terap\u00e8utics, segons el seu nivell de formaci\u00f3 especialitzada.<\/p>\n<p>-Seguir\u00e0 un Programa de Formaci\u00f3 Cient\u00edfica Continuada, dirigit i coordinat pels Departaments de Direcci\u00f3 M\u00e8dica i de Doc\u00e8ncia i Formaci\u00f3.<\/p>\n<hr \/>\n<h3><strong>Retribuci\u00f3<\/strong><\/h3>\n<p>-A confirmar en l&#8217;Entrevista Personal, segons la seva formaci\u00f3 i nivell d&#8217;especialitzaci\u00f3.<\/p>\n<p>-S&#8217;aplicar\u00e0 la Carrera Professional amb diferents nivells de remuneraci\u00f3.<\/p>\n<hr \/>\n<p><a href=\"mailto:xmerlo@servidigest.com?subject=Inscripci\u00f3 Oferta de treball especialista en Aparell Digestiu&amp;body=Convocat\u00f2ria d'una Pla\u00e7a de metge\/ssa adjunt del departament d'Aparell Digestiu%0D%0a%0D%0AIndiqui el seu nom i cognoms%0D%0a%0D%0AIndiqui les seves dades de contacte%0D%0a%0D%0AAdjunti la documentaci\u00f3 sol\u00b7licitada a la oferta de treball\">Enviar sol\u00b7licitud<\/a><\/p>\n","protected":false},"excerpt":{"rendered":"<div class=\"mh-excerpt\"><p>Convocat\u00f2ria d&#8217;una pla\u00e7a de Metge\/ssa adjunt del departament d&#8217;Aparell Digestiu A ServiDigest estem buscant metge especialista en aparell digestiu per a compartir una realitat eficient de salut i atenci\u00f3 al pacient. Si est\u00e0s interessat en <a class=\"mh-excerpt-more\" href=\"https:\/\/dev.93-93-113-41.plesk.page\/ca\/treballa-amb-nosaltres\/oferta-treball-especialista-aparell-digestiu\/\" title=\"Oferta de treball especialista en Aparell Digestiu\">[&#8230;]<\/a><\/p>\n<\/div>","protected":false},"author":1,"featured_media":0,"parent":37300,"menu_order":0,"comment_status":"closed","ping_status":"closed","template":"","meta":{"footnotes":""},"class_list":["post-28502","page","type-page","status-publish"],"yoast_head":"<!-- This site is optimized with the Yoast SEO plugin v22.6 - https:\/\/yoast.com\/wordpress\/plugins\/seo\/ -->\n<title>Oferta de treball especialista en Aparell Digestiu - Servidigest<\/title>\n<meta name=\"description\" content=\"Convocat\u00f2ria d&#039;una pla\u00e7a de Metge\/ssa adjunt del departament d&#039;Aparell Digestiu\" \/>\n<meta name=\"robots\" content=\"index, follow, max-snippet:-1, max-image-preview:large, max-video-preview:-1\" \/>\n<link rel=\"canonical\" href=\"https:\/\/dev.93-93-113-41.plesk.page\/ca\/treballa-amb-nosaltres\/oferta-treball-especialista-aparell-digestiu\/\" \/>\n<meta property=\"og:locale\" content=\"ca_ES\" \/>\n<meta property=\"og:type\" content=\"article\" \/>\n<meta property=\"og:title\" content=\"Oferta de treball especialista en Aparell Digestiu - Servidigest\" \/>\n<meta property=\"og:description\" content=\"Convocat\u00f2ria d&#039;una pla\u00e7a de Metge\/ssa adjunt del departament d&#039;Aparell Digestiu\" \/>\n<meta property=\"og:url\" content=\"https:\/\/dev.93-93-113-41.plesk.page\/ca\/treballa-amb-nosaltres\/oferta-treball-especialista-aparell-digestiu\/\" \/>\n<meta property=\"og:site_name\" content=\"Servidigest\" \/>\n<meta property=\"article:publisher\" content=\"https:\/\/www.facebook.com\/servidigest\" \/>\n<meta property=\"article:modified_time\" content=\"2024-03-14T09:58:05+00:00\" \/>\n<meta property=\"og:image\" content=\"https:\/\/dev.93-93-113-41.plesk.page\/wp-content\/uploads\/2020\/12\/oferta-trabajo-especialista-aparato-digestivo-1024x768.jpeg\" \/>\n<meta name=\"twitter:card\" content=\"summary_large_image\" \/>\n<meta name=\"twitter:site\" content=\"@servidigest\" \/>\n<meta name=\"twitter:label1\" content=\"Est. reading time\" \/>\n\t<meta name=\"twitter:data1\" content=\"2 minutes\" \/>\n<script type=\"application\/ld+json\" class=\"yoast-schema-graph\">{\"@context\":\"https:\/\/schema.org\",\"@graph\":[{\"@type\":\"WebPage\",\"@id\":\"https:\/\/dev.93-93-113-41.plesk.page\/ca\/treballa-amb-nosaltres\/oferta-treball-especialista-aparell-digestiu\/\",\"url\":\"https:\/\/dev.93-93-113-41.plesk.page\/ca\/treballa-amb-nosaltres\/oferta-treball-especialista-aparell-digestiu\/\",\"name\":\"Oferta de treball especialista en Aparell Digestiu - Servidigest\",\"isPartOf\":{\"@id\":\"https:\/\/dev.93-93-113-41.plesk.page\/ca\/#website\"},\"primaryImageOfPage\":{\"@id\":\"https:\/\/dev.93-93-113-41.plesk.page\/ca\/treballa-amb-nosaltres\/oferta-treball-especialista-aparell-digestiu\/#primaryimage\"},\"image\":{\"@id\":\"https:\/\/dev.93-93-113-41.plesk.page\/ca\/treballa-amb-nosaltres\/oferta-treball-especialista-aparell-digestiu\/#primaryimage\"},\"thumbnailUrl\":\"https:\/\/dev.93-93-113-41.plesk.page\/wp-content\/uploads\/2020\/12\/oferta-trabajo-especialista-aparato-digestivo-1024x768.jpeg\",\"datePublished\":\"2020-12-02T19:42:27+00:00\",\"dateModified\":\"2024-03-14T09:58:05+00:00\",\"description\":\"Convocat\u00f2ria d'una pla\u00e7a de Metge\/ssa adjunt del departament d'Aparell Digestiu\",\"breadcrumb\":{\"@id\":\"https:\/\/dev.93-93-113-41.plesk.page\/ca\/treballa-amb-nosaltres\/oferta-treball-especialista-aparell-digestiu\/#breadcrumb\"},\"inLanguage\":\"ca\",\"potentialAction\":[{\"@type\":\"ReadAction\",\"target\":[\"https:\/\/dev.93-93-113-41.plesk.page\/ca\/treballa-amb-nosaltres\/oferta-treball-especialista-aparell-digestiu\/\"]}]},{\"@type\":\"ImageObject\",\"inLanguage\":\"ca\",\"@id\":\"https:\/\/dev.93-93-113-41.plesk.page\/ca\/treballa-amb-nosaltres\/oferta-treball-especialista-aparell-digestiu\/#primaryimage\",\"url\":\"https:\/\/dev.93-93-113-41.plesk.page\/wp-content\/uploads\/2020\/12\/oferta-trabajo-especialista-aparato-digestivo-1024x768.jpeg\",\"contentUrl\":\"https:\/\/dev.93-93-113-41.plesk.page\/wp-content\/uploads\/2020\/12\/oferta-trabajo-especialista-aparato-digestivo-1024x768.jpeg\"},{\"@type\":\"BreadcrumbList\",\"@id\":\"https:\/\/dev.93-93-113-41.plesk.page\/ca\/treballa-amb-nosaltres\/oferta-treball-especialista-aparell-digestiu\/#breadcrumb\",\"itemListElement\":[{\"@type\":\"ListItem\",\"position\":1,\"name\":\"Treballa amb nosaltres\",\"item\":\"https:\/\/dev.93-93-113-41.plesk.page\/ca\/treballa-amb-nosaltres\/\"},{\"@type\":\"ListItem\",\"position\":2,\"name\":\"Oferta de treball especialista en Aparell Digestiu\"}]},{\"@type\":\"WebSite\",\"@id\":\"https:\/\/dev.93-93-113-41.plesk.page\/ca\/#website\",\"url\":\"https:\/\/dev.93-93-113-41.plesk.page\/ca\/\",\"name\":\"Servidigest\",\"description\":\"\",\"publisher\":{\"@id\":\"https:\/\/dev.93-93-113-41.plesk.page\/ca\/#organization\"},\"potentialAction\":[{\"@type\":\"SearchAction\",\"target\":{\"@type\":\"EntryPoint\",\"urlTemplate\":\"https:\/\/dev.93-93-113-41.plesk.page\/ca\/?s={search_term_string}\"},\"query-input\":\"required name=search_term_string\"}],\"inLanguage\":\"ca\"},{\"@type\":\"Organization\",\"@id\":\"https:\/\/dev.93-93-113-41.plesk.page\/ca\/#organization\",\"name\":\"Servidigest\",\"url\":\"https:\/\/dev.93-93-113-41.plesk.page\/ca\/\",\"logo\":{\"@type\":\"ImageObject\",\"inLanguage\":\"ca\",\"@id\":\"https:\/\/dev.93-93-113-41.plesk.page\/ca\/#\/schema\/logo\/image\/\",\"url\":\"https:\/\/dev.93-93-113-41.plesk.page\/wp-content\/uploads\/2024\/01\/servidigest.png\",\"contentUrl\":\"https:\/\/dev.93-93-113-41.plesk.page\/wp-content\/uploads\/2024\/01\/servidigest.png\",\"width\":808,\"height\":88,\"caption\":\"Servidigest\"},\"image\":{\"@id\":\"https:\/\/dev.93-93-113-41.plesk.page\/ca\/#\/schema\/logo\/image\/\"},\"sameAs\":[\"https:\/\/www.facebook.com\/servidigest\",\"https:\/\/x.com\/servidigest\"]}]}<\/script>\n<!-- \/ Yoast SEO plugin. -->","yoast_head_json":{"title":"Oferta de treball especialista en Aparell Digestiu - Servidigest","description":"Convocat\u00f2ria d'una pla\u00e7a de Metge\/ssa adjunt del departament d'Aparell Digestiu","robots":{"index":"index","follow":"follow","max-snippet":"max-snippet:-1","max-image-preview":"max-image-preview:large","max-video-preview":"max-video-preview:-1"},"canonical":"https:\/\/dev.93-93-113-41.plesk.page\/ca\/treballa-amb-nosaltres\/oferta-treball-especialista-aparell-digestiu\/","og_locale":"ca_ES","og_type":"article","og_title":"Oferta de treball especialista en Aparell Digestiu - Servidigest","og_description":"Convocat\u00f2ria d'una pla\u00e7a de Metge\/ssa adjunt del departament d'Aparell Digestiu","og_url":"https:\/\/dev.93-93-113-41.plesk.page\/ca\/treballa-amb-nosaltres\/oferta-treball-especialista-aparell-digestiu\/","og_site_name":"Servidigest","article_publisher":"https:\/\/www.facebook.com\/servidigest","article_modified_time":"2024-03-14T09:58:05+00:00","og_image":[{"url":"https:\/\/dev.93-93-113-41.plesk.page\/wp-content\/uploads\/2020\/12\/oferta-trabajo-especialista-aparato-digestivo-1024x768.jpeg"}],"twitter_card":"summary_large_image","twitter_site":"@servidigest","twitter_misc":{"Est. reading time":"2 minutes"},"schema":{"@context":"https:\/\/schema.org","@graph":[{"@type":"WebPage","@id":"https:\/\/dev.93-93-113-41.plesk.page\/ca\/treballa-amb-nosaltres\/oferta-treball-especialista-aparell-digestiu\/","url":"https:\/\/dev.93-93-113-41.plesk.page\/ca\/treballa-amb-nosaltres\/oferta-treball-especialista-aparell-digestiu\/","name":"Oferta de treball especialista en Aparell Digestiu - Servidigest","isPartOf":{"@id":"https:\/\/dev.93-93-113-41.plesk.page\/ca\/#website"},"primaryImageOfPage":{"@id":"https:\/\/dev.93-93-113-41.plesk.page\/ca\/treballa-amb-nosaltres\/oferta-treball-especialista-aparell-digestiu\/#primaryimage"},"image":{"@id":"https:\/\/dev.93-93-113-41.plesk.page\/ca\/treballa-amb-nosaltres\/oferta-treball-especialista-aparell-digestiu\/#primaryimage"},"thumbnailUrl":"https:\/\/dev.93-93-113-41.plesk.page\/wp-content\/uploads\/2020\/12\/oferta-trabajo-especialista-aparato-digestivo-1024x768.jpeg","datePublished":"2020-12-02T19:42:27+00:00","dateModified":"2024-03-14T09:58:05+00:00","description":"Convocat\u00f2ria d'una pla\u00e7a de Metge\/ssa adjunt del departament d'Aparell Digestiu","breadcrumb":{"@id":"https:\/\/dev.93-93-113-41.plesk.page\/ca\/treballa-amb-nosaltres\/oferta-treball-especialista-aparell-digestiu\/#breadcrumb"},"inLanguage":"ca","potentialAction":[{"@type":"ReadAction","target":["https:\/\/dev.93-93-113-41.plesk.page\/ca\/treballa-amb-nosaltres\/oferta-treball-especialista-aparell-digestiu\/"]}]},{"@type":"ImageObject","inLanguage":"ca","@id":"https:\/\/dev.93-93-113-41.plesk.page\/ca\/treballa-amb-nosaltres\/oferta-treball-especialista-aparell-digestiu\/#primaryimage","url":"https:\/\/dev.93-93-113-41.plesk.page\/wp-content\/uploads\/2020\/12\/oferta-trabajo-especialista-aparato-digestivo-1024x768.jpeg","contentUrl":"https:\/\/dev.93-93-113-41.plesk.page\/wp-content\/uploads\/2020\/12\/oferta-trabajo-especialista-aparato-digestivo-1024x768.jpeg"},{"@type":"BreadcrumbList","@id":"https:\/\/dev.93-93-113-41.plesk.page\/ca\/treballa-amb-nosaltres\/oferta-treball-especialista-aparell-digestiu\/#breadcrumb","itemListElement":[{"@type":"ListItem","position":1,"name":"Treballa amb nosaltres","item":"https:\/\/dev.93-93-113-41.plesk.page\/ca\/treballa-amb-nosaltres\/"},{"@type":"ListItem","position":2,"name":"Oferta de treball especialista en Aparell Digestiu"}]},{"@type":"WebSite","@id":"https:\/\/dev.93-93-113-41.plesk.page\/ca\/#website","url":"https:\/\/dev.93-93-113-41.plesk.page\/ca\/","name":"Servidigest","description":"","publisher":{"@id":"https:\/\/dev.93-93-113-41.plesk.page\/ca\/#organization"},"potentialAction":[{"@type":"SearchAction","target":{"@type":"EntryPoint","urlTemplate":"https:\/\/dev.93-93-113-41.plesk.page\/ca\/?s={search_term_string}"},"query-input":"required name=search_term_string"}],"inLanguage":"ca"},{"@type":"Organization","@id":"https:\/\/dev.93-93-113-41.plesk.page\/ca\/#organization","name":"Servidigest","url":"https:\/\/dev.93-93-113-41.plesk.page\/ca\/","logo":{"@type":"ImageObject","inLanguage":"ca","@id":"https:\/\/dev.93-93-113-41.plesk.page\/ca\/#\/schema\/logo\/image\/","url":"https:\/\/dev.93-93-113-41.plesk.page\/wp-content\/uploads\/2024\/01\/servidigest.png","contentUrl":"https:\/\/dev.93-93-113-41.plesk.page\/wp-content\/uploads\/2024\/01\/servidigest.png","width":808,"height":88,"caption":"Servidigest"},"image":{"@id":"https:\/\/dev.93-93-113-41.plesk.page\/ca\/#\/schema\/logo\/image\/"},"sameAs":["https:\/\/www.facebook.com\/servidigest","https:\/\/x.com\/servidigest"]}]}},"_links":{"self":[{"href":"https:\/\/dev.93-93-113-41.plesk.page\/ca\/wp-json\/wp\/v2\/pages\/28502","targetHints":{"allow":["GET"]}}],"collection":[{"href":"https:\/\/dev.93-93-113-41.plesk.page\/ca\/wp-json\/wp\/v2\/pages"}],"about":[{"href":"https:\/\/dev.93-93-113-41.plesk.page\/ca\/wp-json\/wp\/v2\/types\/page"}],"author":[{"embeddable":true,"href":"https:\/\/dev.93-93-113-41.plesk.page\/ca\/wp-json\/wp\/v2\/users\/1"}],"replies":[{"embeddable":true,"href":"https:\/\/dev.93-93-113-41.plesk.page\/ca\/wp-json\/wp\/v2\/comments?post=28502"}],"version-history":[{"count":2,"href":"https:\/\/dev.93-93-113-41.plesk.page\/ca\/wp-json\/wp\/v2\/pages\/28502\/revisions"}],"predecessor-version":[{"id":37315,"href":"https:\/\/dev.93-93-113-41.plesk.page\/ca\/wp-json\/wp\/v2\/pages\/28502\/revisions\/37315"}],"up":[{"embeddable":true,"href":"https:\/\/dev.93-93-113-41.plesk.page\/ca\/wp-json\/wp\/v2\/pages\/37300"}],"wp:attachment":[{"href":"https:\/\/dev.93-93-113-41.plesk.page\/ca\/wp-json\/wp\/v2\/media?parent=28502"}],"curies":[{"name":"wp","href":"https:\/\/api.w.org\/{rel}","templated":true}]}}