{"id":28499,"date":"2020-12-02T20:53:21","date_gmt":"2020-12-02T19:53:21","guid":{"rendered":"https:\/\/dev.93-93-113-41.plesk.page\/treballa-amb-nosaltres\/oferta-trabajo-enfermero-endoscopia-digestiva\/"},"modified":"2024-03-14T10:59:18","modified_gmt":"2024-03-14T09:59:18","slug":"oferta-traball-infermer-endoscopia-digestiva","status":"publish","type":"page","link":"https:\/\/dev.93-93-113-41.plesk.page\/ca\/treballa-amb-nosaltres\/oferta-traball-infermer-endoscopia-digestiva\/","title":{"rendered":"Oferta de treball infermer\/a en la unitat d&#8217;endosc\u00f2pia digestiva"},"content":{"rendered":"<p><a href=\"https:\/\/dev.93-93-113-41.plesk.page\/wp-content\/uploads\/2020\/12\/Oferta-trabajo-enfermeroa-unidad-endoscopia-digestiva.jpeg\"><img fetchpriority=\"high\" decoding=\"async\" class=\"wp-image-28334 alignleft\" src=\"https:\/\/dev.93-93-113-41.plesk.page\/wp-content\/uploads\/2020\/12\/Oferta-trabajo-enfermeroa-unidad-endoscopia-digestiva-1024x768.jpeg\" alt=\"\" width=\"416\" height=\"313\" \/><\/a><\/p>\n<h2>Convocat\u00f2ria d&#8217;una pla\u00e7a d&#8217;Infermer\/a en la unitat d&#8217;Endosc\u00f2pia Digestiva<\/h2>\n<p>A ServiDigest estem buscant infermera\/o per a la Unitat d&#8217;Endosc\u00f2pia Digestiva i compartir una realitat eficient de salut i atenci\u00f3 al pacient.<\/p>\n<p>Si est\u00e0s interessat en l&#8217;oferta de treball i t&#8217;agradaria presentar la teva candidatura, prem en el seg\u00fcent bot\u00f3 o presenta la teva sol\u00b7licitud a l&#8217;adre\u00e7a de correu xmerlo@servidigest.com, indicant les teves dades de contacte i adjuntant el Curriculum vitae.<\/p>\n<p><a href=\"mailto:xmerlo@servidigest.com?subject=Inscripci\u00f3 Oferta de treball infermer\/a en la unitat d'Endosc\u00f2pia Digestiva&amp;body=Convocat\u00f2ria d'una pla\u00e7a d'Infermer\/a en la unitat d'Endosc\u00f2pia Digestiva%0D%0a%0D%0AIndiqui el seu nom i cognoms0D%0a%0D%0AIndiqui les seves dades de contacte%0D%0a%0D%0AAdjunti la documentaci\u00f3 sol\u00b7licitada a la oferta de treball\">Enviar sol\u00b7licitud<\/a><\/p>\n<h3><strong>Requisits<\/strong><\/h3>\n<h4><strong>Titulaci\u00f3 <\/strong><\/h4>\n<p>Infermer\/a Titulat o homologat.<\/p>\n<h4><strong>Experi\u00e8ncia<\/strong><\/h4>\n<p>Es valoraran els anys d&#8217;experi\u00e8ncia en l&#8217;especialitat d&#8217;Endosc\u00f2pia Digestiva, per\u00f2 tamb\u00e9 s&#8217;avaluar\u00e0 el nivell de formaci\u00f3 especialitzada i el perfil personal.<\/p>\n<h4><strong>Requisits administratius i perfil professional &amp; personal<\/strong><\/h4>\n<p>-Enviar Curriculum vitae<\/p>\n<p>-T\u00edtol de Grau o Diplomat en Infermeria<\/p>\n<p>-Titulaci\u00f3 Formaci\u00f3 especialitzada<\/p>\n<p>-DNI\/NIF\/NIE<\/p>\n<p>-N\u00famero de Col\u00b7legiat<\/p>\n<p>-Es valorar\u00e0 el perfil Professional i el Personal<\/p>\n<p>-Capacitat de Treball en Equip<\/p>\n<p>-Objectius de Qualitat i Excel\u00b7l\u00e8ncia<\/p>\n<p>-Motivaci\u00f3 per a seguir la Formaci\u00f3 Cient\u00edfica Continuada<\/p>\n<h4><strong>Nivel de especializaci\u00f3n a valorar<\/strong><\/h4>\n<p>-Nivell d&#8217;Especialitzaci\u00f3 en Endosc\u00f2pia Terap\u00e8utica i Avan\u00e7ada.<\/p>\n<p>-Nivell de Formaci\u00f3 en FibroScan&amp;CAP.<\/p>\n<p>-Nivell de Formaci\u00f3 en C\u00e0psula Endosc\u00f2pica.<\/p>\n<p>-Nivell de Formaci\u00f3 en l&#8217;administraci\u00f3 de Sedaci\u00f3 Profunda amb Propofol i RCP, acreditada pels Cursos organitzats per la Societat Espanyola d&#8217;Endosc\u00f2pia Digestiva-SEED o ALTRES.<\/p>\n<p>-Nivell de coneixements d&#8217;Idiomes, especialment ANGL\u00c8S.<\/p>\n<hr \/>\n<h3><strong>Descripci\u00f3 de la pla\u00e7a<\/strong><\/h3>\n<p>-Es convoca 1 pla\u00e7a d&#8217;Infermer\/a Especialista en Endosc\u00f2pia Digestiva.<\/p>\n<p>-Contracte Laboral indefinit. 40 hores setmanals + 1 dissabte al mes.<\/p>\n<p>-S&#8217;integrar\u00e0 en les Unitats especialitzades.<\/p>\n<p>-Realitzaci\u00f3 de Procediments Diagn\u00f2stics i Terap\u00e8utics, segons el seu nivell de formaci\u00f3 especialitzada.<\/p>\n<p>-Seguir\u00e0 un Programa de Formaci\u00f3 Cient\u00edfica Continuada, dirigit i coordinat pels Departaments de Direcci\u00f3 M\u00e8dica i de Doc\u00e8ncia i Formaci\u00f3.<\/p>\n<hr \/>\n<h3><strong>Retribuci\u00f3<\/strong><\/h3>\n<p>-A confirmar en l&#8217;Entrevista Personal, segons la seva formaci\u00f3 i nivell d&#8217;especialitzaci\u00f3.<\/p>\n<p>-S&#8217;aplicar\u00e0 la Carrera Professional amb diferents nivells de remuneraci\u00f3.<\/p>\n<hr \/>\n<p><a href=\"mailto:xmerlo@servidigest.com?subject=Inscripci\u00f3 Oferta de treball infermer\/a en la unitat d'Endosc\u00f2pia Digestiva&amp;body=Convocat\u00f2ria d'una pla\u00e7a d'Infermer\/a en la unitat d'Endosc\u00f2pia Digestiva%0D%0a%0D%0AIndiqui el seu nom i cognoms0D%0a%0D%0AIndiqui les seves dades de contacte%0D%0a%0D%0AAdjunti la documentaci\u00f3 sol\u00b7licitada a la oferta de treball\">Enviar sol\u00b7licitud<\/a><\/p>\n","protected":false},"excerpt":{"rendered":"<div class=\"mh-excerpt\"><p>Convocat\u00f2ria d&#8217;una pla\u00e7a d&#8217;Infermer\/a en la unitat d&#8217;Endosc\u00f2pia Digestiva A ServiDigest estem buscant infermera\/o per a la Unitat d&#8217;Endosc\u00f2pia Digestiva i compartir una realitat eficient de salut i atenci\u00f3 al pacient. Si est\u00e0s interessat en <a class=\"mh-excerpt-more\" href=\"https:\/\/dev.93-93-113-41.plesk.page\/ca\/treballa-amb-nosaltres\/oferta-traball-infermer-endoscopia-digestiva\/\" title=\"Oferta de treball infermer\/a en la unitat d&#8217;endosc\u00f2pia digestiva\">[&#8230;]<\/a><\/p>\n<\/div>","protected":false},"author":1,"featured_media":0,"parent":37300,"menu_order":0,"comment_status":"closed","ping_status":"closed","template":"","meta":{"footnotes":""},"class_list":["post-28499","page","type-page","status-publish"],"yoast_head":"<!-- This site is optimized with the Yoast SEO plugin v22.6 - https:\/\/yoast.com\/wordpress\/plugins\/seo\/ -->\n<title>Oferta de treball infermer\/a en la unitat d&#039;endosc\u00f2pia digestiva - Servidigest<\/title>\n<meta name=\"description\" content=\"Convocat\u00f2ria d&#039;una pla\u00e7a d&#039;Infermer\/a en la unitat d&#039;Endosc\u00f2pia Digestiva\" \/>\n<meta name=\"robots\" content=\"index, follow, max-snippet:-1, max-image-preview:large, max-video-preview:-1\" \/>\n<link rel=\"canonical\" href=\"https:\/\/dev.93-93-113-41.plesk.page\/ca\/treballa-amb-nosaltres\/oferta-traball-infermer-endoscopia-digestiva\/\" \/>\n<meta property=\"og:locale\" content=\"ca_ES\" \/>\n<meta property=\"og:type\" content=\"article\" \/>\n<meta property=\"og:title\" content=\"Oferta de treball infermer\/a en la unitat d&#039;endosc\u00f2pia digestiva - Servidigest\" \/>\n<meta property=\"og:description\" content=\"Convocat\u00f2ria d&#039;una pla\u00e7a d&#039;Infermer\/a en la unitat d&#039;Endosc\u00f2pia Digestiva\" \/>\n<meta property=\"og:url\" content=\"https:\/\/dev.93-93-113-41.plesk.page\/ca\/treballa-amb-nosaltres\/oferta-traball-infermer-endoscopia-digestiva\/\" \/>\n<meta property=\"og:site_name\" content=\"Servidigest\" \/>\n<meta property=\"article:publisher\" content=\"https:\/\/www.facebook.com\/servidigest\" \/>\n<meta property=\"article:modified_time\" content=\"2024-03-14T09:59:18+00:00\" \/>\n<meta property=\"og:image\" content=\"https:\/\/dev.93-93-113-41.plesk.page\/wp-content\/uploads\/2020\/12\/Oferta-trabajo-enfermeroa-unidad-endoscopia-digestiva-1024x768.jpeg\" \/>\n<meta name=\"twitter:card\" content=\"summary_large_image\" \/>\n<meta name=\"twitter:site\" content=\"@servidigest\" \/>\n<meta name=\"twitter:label1\" content=\"Est. reading time\" \/>\n\t<meta name=\"twitter:data1\" content=\"2 minutes\" \/>\n<script type=\"application\/ld+json\" class=\"yoast-schema-graph\">{\"@context\":\"https:\/\/schema.org\",\"@graph\":[{\"@type\":\"WebPage\",\"@id\":\"https:\/\/dev.93-93-113-41.plesk.page\/ca\/treballa-amb-nosaltres\/oferta-traball-infermer-endoscopia-digestiva\/\",\"url\":\"https:\/\/dev.93-93-113-41.plesk.page\/ca\/treballa-amb-nosaltres\/oferta-traball-infermer-endoscopia-digestiva\/\",\"name\":\"Oferta de treball infermer\/a en la unitat d'endosc\u00f2pia digestiva - Servidigest\",\"isPartOf\":{\"@id\":\"https:\/\/dev.93-93-113-41.plesk.page\/ca\/#website\"},\"primaryImageOfPage\":{\"@id\":\"https:\/\/dev.93-93-113-41.plesk.page\/ca\/treballa-amb-nosaltres\/oferta-traball-infermer-endoscopia-digestiva\/#primaryimage\"},\"image\":{\"@id\":\"https:\/\/dev.93-93-113-41.plesk.page\/ca\/treballa-amb-nosaltres\/oferta-traball-infermer-endoscopia-digestiva\/#primaryimage\"},\"thumbnailUrl\":\"https:\/\/dev.93-93-113-41.plesk.page\/wp-content\/uploads\/2020\/12\/Oferta-trabajo-enfermeroa-unidad-endoscopia-digestiva-1024x768.jpeg\",\"datePublished\":\"2020-12-02T19:53:21+00:00\",\"dateModified\":\"2024-03-14T09:59:18+00:00\",\"description\":\"Convocat\u00f2ria d'una pla\u00e7a d'Infermer\/a en la unitat d'Endosc\u00f2pia Digestiva\",\"breadcrumb\":{\"@id\":\"https:\/\/dev.93-93-113-41.plesk.page\/ca\/treballa-amb-nosaltres\/oferta-traball-infermer-endoscopia-digestiva\/#breadcrumb\"},\"inLanguage\":\"ca\",\"potentialAction\":[{\"@type\":\"ReadAction\",\"target\":[\"https:\/\/dev.93-93-113-41.plesk.page\/ca\/treballa-amb-nosaltres\/oferta-traball-infermer-endoscopia-digestiva\/\"]}]},{\"@type\":\"ImageObject\",\"inLanguage\":\"ca\",\"@id\":\"https:\/\/dev.93-93-113-41.plesk.page\/ca\/treballa-amb-nosaltres\/oferta-traball-infermer-endoscopia-digestiva\/#primaryimage\",\"url\":\"https:\/\/dev.93-93-113-41.plesk.page\/wp-content\/uploads\/2020\/12\/Oferta-trabajo-enfermeroa-unidad-endoscopia-digestiva-1024x768.jpeg\",\"contentUrl\":\"https:\/\/dev.93-93-113-41.plesk.page\/wp-content\/uploads\/2020\/12\/Oferta-trabajo-enfermeroa-unidad-endoscopia-digestiva-1024x768.jpeg\"},{\"@type\":\"BreadcrumbList\",\"@id\":\"https:\/\/dev.93-93-113-41.plesk.page\/ca\/treballa-amb-nosaltres\/oferta-traball-infermer-endoscopia-digestiva\/#breadcrumb\",\"itemListElement\":[{\"@type\":\"ListItem\",\"position\":1,\"name\":\"Treballa amb nosaltres\",\"item\":\"https:\/\/dev.93-93-113-41.plesk.page\/ca\/treballa-amb-nosaltres\/\"},{\"@type\":\"ListItem\",\"position\":2,\"name\":\"Oferta de treball infermer\/a en la unitat d&#8217;endosc\u00f2pia digestiva\"}]},{\"@type\":\"WebSite\",\"@id\":\"https:\/\/dev.93-93-113-41.plesk.page\/ca\/#website\",\"url\":\"https:\/\/dev.93-93-113-41.plesk.page\/ca\/\",\"name\":\"Servidigest\",\"description\":\"\",\"publisher\":{\"@id\":\"https:\/\/dev.93-93-113-41.plesk.page\/ca\/#organization\"},\"potentialAction\":[{\"@type\":\"SearchAction\",\"target\":{\"@type\":\"EntryPoint\",\"urlTemplate\":\"https:\/\/dev.93-93-113-41.plesk.page\/ca\/?s={search_term_string}\"},\"query-input\":\"required name=search_term_string\"}],\"inLanguage\":\"ca\"},{\"@type\":\"Organization\",\"@id\":\"https:\/\/dev.93-93-113-41.plesk.page\/ca\/#organization\",\"name\":\"Servidigest\",\"url\":\"https:\/\/dev.93-93-113-41.plesk.page\/ca\/\",\"logo\":{\"@type\":\"ImageObject\",\"inLanguage\":\"ca\",\"@id\":\"https:\/\/dev.93-93-113-41.plesk.page\/ca\/#\/schema\/logo\/image\/\",\"url\":\"https:\/\/dev.93-93-113-41.plesk.page\/wp-content\/uploads\/2024\/01\/servidigest.png\",\"contentUrl\":\"https:\/\/dev.93-93-113-41.plesk.page\/wp-content\/uploads\/2024\/01\/servidigest.png\",\"width\":808,\"height\":88,\"caption\":\"Servidigest\"},\"image\":{\"@id\":\"https:\/\/dev.93-93-113-41.plesk.page\/ca\/#\/schema\/logo\/image\/\"},\"sameAs\":[\"https:\/\/www.facebook.com\/servidigest\",\"https:\/\/x.com\/servidigest\"]}]}<\/script>\n<!-- \/ Yoast SEO plugin. -->","yoast_head_json":{"title":"Oferta de treball infermer\/a en la unitat d'endosc\u00f2pia digestiva - Servidigest","description":"Convocat\u00f2ria d'una pla\u00e7a d'Infermer\/a en la unitat d'Endosc\u00f2pia Digestiva","robots":{"index":"index","follow":"follow","max-snippet":"max-snippet:-1","max-image-preview":"max-image-preview:large","max-video-preview":"max-video-preview:-1"},"canonical":"https:\/\/dev.93-93-113-41.plesk.page\/ca\/treballa-amb-nosaltres\/oferta-traball-infermer-endoscopia-digestiva\/","og_locale":"ca_ES","og_type":"article","og_title":"Oferta de treball infermer\/a en la unitat d'endosc\u00f2pia digestiva - Servidigest","og_description":"Convocat\u00f2ria d'una pla\u00e7a d'Infermer\/a en la unitat d'Endosc\u00f2pia Digestiva","og_url":"https:\/\/dev.93-93-113-41.plesk.page\/ca\/treballa-amb-nosaltres\/oferta-traball-infermer-endoscopia-digestiva\/","og_site_name":"Servidigest","article_publisher":"https:\/\/www.facebook.com\/servidigest","article_modified_time":"2024-03-14T09:59:18+00:00","og_image":[{"url":"https:\/\/dev.93-93-113-41.plesk.page\/wp-content\/uploads\/2020\/12\/Oferta-trabajo-enfermeroa-unidad-endoscopia-digestiva-1024x768.jpeg"}],"twitter_card":"summary_large_image","twitter_site":"@servidigest","twitter_misc":{"Est. reading time":"2 minutes"},"schema":{"@context":"https:\/\/schema.org","@graph":[{"@type":"WebPage","@id":"https:\/\/dev.93-93-113-41.plesk.page\/ca\/treballa-amb-nosaltres\/oferta-traball-infermer-endoscopia-digestiva\/","url":"https:\/\/dev.93-93-113-41.plesk.page\/ca\/treballa-amb-nosaltres\/oferta-traball-infermer-endoscopia-digestiva\/","name":"Oferta de treball infermer\/a en la unitat d'endosc\u00f2pia digestiva - Servidigest","isPartOf":{"@id":"https:\/\/dev.93-93-113-41.plesk.page\/ca\/#website"},"primaryImageOfPage":{"@id":"https:\/\/dev.93-93-113-41.plesk.page\/ca\/treballa-amb-nosaltres\/oferta-traball-infermer-endoscopia-digestiva\/#primaryimage"},"image":{"@id":"https:\/\/dev.93-93-113-41.plesk.page\/ca\/treballa-amb-nosaltres\/oferta-traball-infermer-endoscopia-digestiva\/#primaryimage"},"thumbnailUrl":"https:\/\/dev.93-93-113-41.plesk.page\/wp-content\/uploads\/2020\/12\/Oferta-trabajo-enfermeroa-unidad-endoscopia-digestiva-1024x768.jpeg","datePublished":"2020-12-02T19:53:21+00:00","dateModified":"2024-03-14T09:59:18+00:00","description":"Convocat\u00f2ria d'una pla\u00e7a d'Infermer\/a en la unitat d'Endosc\u00f2pia Digestiva","breadcrumb":{"@id":"https:\/\/dev.93-93-113-41.plesk.page\/ca\/treballa-amb-nosaltres\/oferta-traball-infermer-endoscopia-digestiva\/#breadcrumb"},"inLanguage":"ca","potentialAction":[{"@type":"ReadAction","target":["https:\/\/dev.93-93-113-41.plesk.page\/ca\/treballa-amb-nosaltres\/oferta-traball-infermer-endoscopia-digestiva\/"]}]},{"@type":"ImageObject","inLanguage":"ca","@id":"https:\/\/dev.93-93-113-41.plesk.page\/ca\/treballa-amb-nosaltres\/oferta-traball-infermer-endoscopia-digestiva\/#primaryimage","url":"https:\/\/dev.93-93-113-41.plesk.page\/wp-content\/uploads\/2020\/12\/Oferta-trabajo-enfermeroa-unidad-endoscopia-digestiva-1024x768.jpeg","contentUrl":"https:\/\/dev.93-93-113-41.plesk.page\/wp-content\/uploads\/2020\/12\/Oferta-trabajo-enfermeroa-unidad-endoscopia-digestiva-1024x768.jpeg"},{"@type":"BreadcrumbList","@id":"https:\/\/dev.93-93-113-41.plesk.page\/ca\/treballa-amb-nosaltres\/oferta-traball-infermer-endoscopia-digestiva\/#breadcrumb","itemListElement":[{"@type":"ListItem","position":1,"name":"Treballa amb nosaltres","item":"https:\/\/dev.93-93-113-41.plesk.page\/ca\/treballa-amb-nosaltres\/"},{"@type":"ListItem","position":2,"name":"Oferta de treball infermer\/a en la unitat d&#8217;endosc\u00f2pia digestiva"}]},{"@type":"WebSite","@id":"https:\/\/dev.93-93-113-41.plesk.page\/ca\/#website","url":"https:\/\/dev.93-93-113-41.plesk.page\/ca\/","name":"Servidigest","description":"","publisher":{"@id":"https:\/\/dev.93-93-113-41.plesk.page\/ca\/#organization"},"potentialAction":[{"@type":"SearchAction","target":{"@type":"EntryPoint","urlTemplate":"https:\/\/dev.93-93-113-41.plesk.page\/ca\/?s={search_term_string}"},"query-input":"required name=search_term_string"}],"inLanguage":"ca"},{"@type":"Organization","@id":"https:\/\/dev.93-93-113-41.plesk.page\/ca\/#organization","name":"Servidigest","url":"https:\/\/dev.93-93-113-41.plesk.page\/ca\/","logo":{"@type":"ImageObject","inLanguage":"ca","@id":"https:\/\/dev.93-93-113-41.plesk.page\/ca\/#\/schema\/logo\/image\/","url":"https:\/\/dev.93-93-113-41.plesk.page\/wp-content\/uploads\/2024\/01\/servidigest.png","contentUrl":"https:\/\/dev.93-93-113-41.plesk.page\/wp-content\/uploads\/2024\/01\/servidigest.png","width":808,"height":88,"caption":"Servidigest"},"image":{"@id":"https:\/\/dev.93-93-113-41.plesk.page\/ca\/#\/schema\/logo\/image\/"},"sameAs":["https:\/\/www.facebook.com\/servidigest","https:\/\/x.com\/servidigest"]}]}},"_links":{"self":[{"href":"https:\/\/dev.93-93-113-41.plesk.page\/ca\/wp-json\/wp\/v2\/pages\/28499","targetHints":{"allow":["GET"]}}],"collection":[{"href":"https:\/\/dev.93-93-113-41.plesk.page\/ca\/wp-json\/wp\/v2\/pages"}],"about":[{"href":"https:\/\/dev.93-93-113-41.plesk.page\/ca\/wp-json\/wp\/v2\/types\/page"}],"author":[{"embeddable":true,"href":"https:\/\/dev.93-93-113-41.plesk.page\/ca\/wp-json\/wp\/v2\/users\/1"}],"replies":[{"embeddable":true,"href":"https:\/\/dev.93-93-113-41.plesk.page\/ca\/wp-json\/wp\/v2\/comments?post=28499"}],"version-history":[{"count":3,"href":"https:\/\/dev.93-93-113-41.plesk.page\/ca\/wp-json\/wp\/v2\/pages\/28499\/revisions"}],"predecessor-version":[{"id":37317,"href":"https:\/\/dev.93-93-113-41.plesk.page\/ca\/wp-json\/wp\/v2\/pages\/28499\/revisions\/37317"}],"up":[{"embeddable":true,"href":"https:\/\/dev.93-93-113-41.plesk.page\/ca\/wp-json\/wp\/v2\/pages\/37300"}],"wp:attachment":[{"href":"https:\/\/dev.93-93-113-41.plesk.page\/ca\/wp-json\/wp\/v2\/media?parent=28499"}],"curies":[{"name":"wp","href":"https:\/\/api.w.org\/{rel}","templated":true}]}}