{"id":28493,"date":"2020-12-02T14:38:55","date_gmt":"2020-12-02T13:38:55","guid":{"rendered":"https:\/\/dev.93-93-113-41.plesk.page\/treballa-amb-nosaltres\/oferta-trabajo-especialista-endocrinologia\/"},"modified":"2024-03-14T10:58:38","modified_gmt":"2024-03-14T09:58:38","slug":"oferta-treball-especialista-endocrinologia","status":"publish","type":"page","link":"https:\/\/dev.93-93-113-41.plesk.page\/ca\/treballa-amb-nosaltres\/oferta-treball-especialista-endocrinologia\/","title":{"rendered":"Oferta de treball especialista en Endocrinologia"},"content":{"rendered":"<p><a href=\"https:\/\/dev.93-93-113-41.plesk.page\/wp-content\/uploads\/2020\/12\/oferta-trabajo-especialista-endocrinologia.png\"><img fetchpriority=\"high\" decoding=\"async\" class=\"alignleft wp-image-28311\" style=\"margin-top: 1.5em;\" src=\"https:\/\/dev.93-93-113-41.plesk.page\/wp-content\/uploads\/2020\/12\/oferta-trabajo-especialista-endocrinologia-1024x768.png\" alt=\"\" width=\"418\" height=\"313\" \/><\/a><\/p>\n<h2 style=\"line-height: 1.3;\">Convocat\u00f2ria d&#8217;una Pla\u00e7a de metge\/ssa adjunt del departament d&#8217;endocrinologia<\/h2>\n<p>A ServiDigest estem buscant metge especialista en endocrinologia per a compartir una realitat eficient de salut i atenci\u00f3 al pacient.<\/p>\n<p>Si est\u00e0s interessat en l&#8217;oferta de treball i t&#8217;agradaria presentar la teva candidatura, prem en el seg\u00fcent bot\u00f3 o presenta la teva sol\u00b7licitud a l&#8217;adre\u00e7a de correu xmerlo@servidigest.com, indicant les teves dades de contacte i adjuntant el Curriculum vitae.<\/p>\n<p><a href=\"mailto:xmerlo@servidigest.com?subject=Inscripci\u00f3 Oferta de treball especialista en Endocrinologia&amp;body=Convocat\u00f2ria d'una Pla\u00e7a de metge\/ssa adjunt del departament d'endocrinologia%0D%0a%0D%0AIndiqui el seu nom i cognoms%0D%0a%0D%0AIndiqui les seves dades de contacte%0D%0a%0D%0AAdjunti la documentaci\u00f3 sol\u00b7licitada a la oferta de treball\">Enviar sol\u00b7licitud<\/a><\/p>\n<h3><strong>Requisits<\/strong><\/h3>\n<h4><strong>Titulaci\u00f3 <\/strong><\/h4>\n<p>Metge\/ssa Especialista en Endocrinologia, via MIR o homologat.<\/p>\n<h4><strong>Experi\u00e8ncia<\/strong><\/h4>\n<p>Es valoraran els anys d&#8217;experi\u00e8ncia en l&#8217;especialitat d&#8217;Endocrinologia, per\u00f2 tamb\u00e9 s&#8217;avaluar\u00e0 el nivell de formaci\u00f3 especialitzada i el perfil personal dels metges que han finalitzat recentment el MIR en l&#8217;especialitat d&#8217;Endocrinologia.<\/p>\n<h4><strong>Requisits administratius i perfil professional &amp; personal<\/strong><\/h4>\n<p>-Enviar Curriculum vitae<\/p>\n<p>-T\u00edtol de Llicenciat\/a (o Doctorat) en Medicina<\/p>\n<p>-T\u00edtol de Metge\/ssa Especialista en Endocrinologia<\/p>\n<p>-DNI\/NIF\/NIE<\/p>\n<p>-Col\u00b7legiat en COMB (Col\u00b7legi Oficial de Metges de Barcelona)<\/p>\n<p>-P\u00f2lissa de Responsabilitat Civil Professional<\/p>\n<p>-Es valorar\u00e0 el perfil Professional i el Personal<\/p>\n<p>-Capacitat de Treball en Equip<\/p>\n<p>-Objectius de Qualitat i Excel\u00b7l\u00e8ncia<\/p>\n<p>-Motivaci\u00f3 per a seguir la Formaci\u00f3 Cient\u00edfica Continuada<\/p>\n<hr \/>\n<h3><strong>Descripci\u00f3n de la plaza<\/strong><\/h3>\n<p>-Es convoca 1 pla\u00e7a de Metge\/ssa Especialista en Endocrinologia.<\/p>\n<p>-Contracte Laboral indefinit. 40 hores setmanals + 1 dissabte al mes.<\/p>\n<p>-Realitzaci\u00f3 de Consultes Externes.<\/p>\n<p>-S&#8217;integrar\u00e0 en les Unitats especialitzades dins del Departament, segons el seu nivell de formaci\u00f3 i \u00e0rees d&#8217;inter\u00e8s.<\/p>\n<p>-Seguir\u00e0 un Programa de Formaci\u00f3 Cient\u00edfica Continuada, dirigit i coordinat pels Departaments de Direcci\u00f3 M\u00e8dica i de Doc\u00e8ncia i Formaci\u00f3.<\/p>\n<hr \/>\n<h3><strong>Retribuci\u00f3n<\/strong><\/h3>\n<p>-A confirmar en l&#8217;Entrevista Personal, segons la seva formaci\u00f3 i nivell d&#8217;especialitzaci\u00f3.<\/p>\n<p>-S&#8217;aplicar\u00e0 la Carrera Professional amb diferents nivells de remuneraci\u00f3.<\/p>\n<hr \/>\n<p><a href=\"mailto:xmerlo@servidigest.com?subject=Inscripci\u00f3 Oferta de treball especialista en Endocrinologia&amp;body=Convocat\u00f2ria d'una Pla\u00e7a de metge\/ssa adjunt del departament d'endocrinologia%0D%0a%0D%0AIndiqui el seu nom i cognoms%0D%0a%0D%0AIndiqui les seves dades de contacte%0D%0a%0D%0AAdjunti la documentaci\u00f3 sol\u00b7licitada a la oferta de treball\">Enviar sol\u00b7licitud<\/a><\/p>\n","protected":false},"excerpt":{"rendered":"<div class=\"mh-excerpt\"><p>Convocat\u00f2ria d&#8217;una Pla\u00e7a de metge\/ssa adjunt del departament d&#8217;endocrinologia A ServiDigest estem buscant metge especialista en endocrinologia per a compartir una realitat eficient de salut i atenci\u00f3 al pacient. Si est\u00e0s interessat en l&#8217;oferta de <a class=\"mh-excerpt-more\" href=\"https:\/\/dev.93-93-113-41.plesk.page\/ca\/treballa-amb-nosaltres\/oferta-treball-especialista-endocrinologia\/\" title=\"Oferta de treball especialista en Endocrinologia\">[&#8230;]<\/a><\/p>\n<\/div>","protected":false},"author":1,"featured_media":0,"parent":37300,"menu_order":0,"comment_status":"closed","ping_status":"closed","template":"","meta":{"footnotes":""},"class_list":["post-28493","page","type-page","status-publish"],"yoast_head":"<!-- This site is optimized with the Yoast SEO plugin v22.6 - https:\/\/yoast.com\/wordpress\/plugins\/seo\/ -->\n<title>Oferta de treball especialista en Endocrinologia - Servidigest<\/title>\n<meta name=\"description\" content=\"Convocat\u00f2ria d&#039;una Pla\u00e7a de metge\/ssa adjunt del departament d&#039;endocrinologia\" \/>\n<meta name=\"robots\" content=\"index, follow, max-snippet:-1, max-image-preview:large, max-video-preview:-1\" \/>\n<link rel=\"canonical\" href=\"https:\/\/dev.93-93-113-41.plesk.page\/ca\/treballa-amb-nosaltres\/oferta-treball-especialista-endocrinologia\/\" \/>\n<meta property=\"og:locale\" content=\"ca_ES\" \/>\n<meta property=\"og:type\" content=\"article\" \/>\n<meta property=\"og:title\" content=\"Oferta de treball especialista en Endocrinologia - Servidigest\" \/>\n<meta property=\"og:description\" content=\"Convocat\u00f2ria d&#039;una Pla\u00e7a de metge\/ssa adjunt del departament d&#039;endocrinologia\" \/>\n<meta property=\"og:url\" content=\"https:\/\/dev.93-93-113-41.plesk.page\/ca\/treballa-amb-nosaltres\/oferta-treball-especialista-endocrinologia\/\" \/>\n<meta property=\"og:site_name\" content=\"Servidigest\" \/>\n<meta property=\"article:publisher\" content=\"https:\/\/www.facebook.com\/servidigest\" \/>\n<meta property=\"article:modified_time\" content=\"2024-03-14T09:58:38+00:00\" \/>\n<meta property=\"og:image\" content=\"https:\/\/dev.93-93-113-41.plesk.page\/wp-content\/uploads\/2020\/12\/oferta-trabajo-especialista-endocrinologia-1024x768.png\" \/>\n<meta name=\"twitter:card\" content=\"summary_large_image\" \/>\n<meta name=\"twitter:site\" content=\"@servidigest\" \/>\n<meta name=\"twitter:label1\" content=\"Est. reading time\" \/>\n\t<meta name=\"twitter:data1\" content=\"1 minute\" \/>\n<script type=\"application\/ld+json\" class=\"yoast-schema-graph\">{\"@context\":\"https:\/\/schema.org\",\"@graph\":[{\"@type\":\"WebPage\",\"@id\":\"https:\/\/dev.93-93-113-41.plesk.page\/ca\/treballa-amb-nosaltres\/oferta-treball-especialista-endocrinologia\/\",\"url\":\"https:\/\/dev.93-93-113-41.plesk.page\/ca\/treballa-amb-nosaltres\/oferta-treball-especialista-endocrinologia\/\",\"name\":\"Oferta de treball especialista en Endocrinologia - Servidigest\",\"isPartOf\":{\"@id\":\"https:\/\/dev.93-93-113-41.plesk.page\/ca\/#website\"},\"primaryImageOfPage\":{\"@id\":\"https:\/\/dev.93-93-113-41.plesk.page\/ca\/treballa-amb-nosaltres\/oferta-treball-especialista-endocrinologia\/#primaryimage\"},\"image\":{\"@id\":\"https:\/\/dev.93-93-113-41.plesk.page\/ca\/treballa-amb-nosaltres\/oferta-treball-especialista-endocrinologia\/#primaryimage\"},\"thumbnailUrl\":\"https:\/\/dev.93-93-113-41.plesk.page\/wp-content\/uploads\/2020\/12\/oferta-trabajo-especialista-endocrinologia-1024x768.png\",\"datePublished\":\"2020-12-02T13:38:55+00:00\",\"dateModified\":\"2024-03-14T09:58:38+00:00\",\"description\":\"Convocat\u00f2ria d'una Pla\u00e7a de metge\/ssa adjunt del departament d'endocrinologia\",\"breadcrumb\":{\"@id\":\"https:\/\/dev.93-93-113-41.plesk.page\/ca\/treballa-amb-nosaltres\/oferta-treball-especialista-endocrinologia\/#breadcrumb\"},\"inLanguage\":\"ca\",\"potentialAction\":[{\"@type\":\"ReadAction\",\"target\":[\"https:\/\/dev.93-93-113-41.plesk.page\/ca\/treballa-amb-nosaltres\/oferta-treball-especialista-endocrinologia\/\"]}]},{\"@type\":\"ImageObject\",\"inLanguage\":\"ca\",\"@id\":\"https:\/\/dev.93-93-113-41.plesk.page\/ca\/treballa-amb-nosaltres\/oferta-treball-especialista-endocrinologia\/#primaryimage\",\"url\":\"https:\/\/dev.93-93-113-41.plesk.page\/wp-content\/uploads\/2020\/12\/oferta-trabajo-especialista-endocrinologia-1024x768.png\",\"contentUrl\":\"https:\/\/dev.93-93-113-41.plesk.page\/wp-content\/uploads\/2020\/12\/oferta-trabajo-especialista-endocrinologia-1024x768.png\"},{\"@type\":\"BreadcrumbList\",\"@id\":\"https:\/\/dev.93-93-113-41.plesk.page\/ca\/treballa-amb-nosaltres\/oferta-treball-especialista-endocrinologia\/#breadcrumb\",\"itemListElement\":[{\"@type\":\"ListItem\",\"position\":1,\"name\":\"Treballa amb nosaltres\",\"item\":\"https:\/\/dev.93-93-113-41.plesk.page\/ca\/treballa-amb-nosaltres\/\"},{\"@type\":\"ListItem\",\"position\":2,\"name\":\"Oferta de treball especialista en Endocrinologia\"}]},{\"@type\":\"WebSite\",\"@id\":\"https:\/\/dev.93-93-113-41.plesk.page\/ca\/#website\",\"url\":\"https:\/\/dev.93-93-113-41.plesk.page\/ca\/\",\"name\":\"Servidigest\",\"description\":\"\",\"publisher\":{\"@id\":\"https:\/\/dev.93-93-113-41.plesk.page\/ca\/#organization\"},\"potentialAction\":[{\"@type\":\"SearchAction\",\"target\":{\"@type\":\"EntryPoint\",\"urlTemplate\":\"https:\/\/dev.93-93-113-41.plesk.page\/ca\/?s={search_term_string}\"},\"query-input\":\"required name=search_term_string\"}],\"inLanguage\":\"ca\"},{\"@type\":\"Organization\",\"@id\":\"https:\/\/dev.93-93-113-41.plesk.page\/ca\/#organization\",\"name\":\"Servidigest\",\"url\":\"https:\/\/dev.93-93-113-41.plesk.page\/ca\/\",\"logo\":{\"@type\":\"ImageObject\",\"inLanguage\":\"ca\",\"@id\":\"https:\/\/dev.93-93-113-41.plesk.page\/ca\/#\/schema\/logo\/image\/\",\"url\":\"https:\/\/dev.93-93-113-41.plesk.page\/wp-content\/uploads\/2024\/01\/servidigest.png\",\"contentUrl\":\"https:\/\/dev.93-93-113-41.plesk.page\/wp-content\/uploads\/2024\/01\/servidigest.png\",\"width\":808,\"height\":88,\"caption\":\"Servidigest\"},\"image\":{\"@id\":\"https:\/\/dev.93-93-113-41.plesk.page\/ca\/#\/schema\/logo\/image\/\"},\"sameAs\":[\"https:\/\/www.facebook.com\/servidigest\",\"https:\/\/x.com\/servidigest\"]}]}<\/script>\n<!-- \/ Yoast SEO plugin. -->","yoast_head_json":{"title":"Oferta de treball especialista en Endocrinologia - Servidigest","description":"Convocat\u00f2ria d'una Pla\u00e7a de metge\/ssa adjunt del departament d'endocrinologia","robots":{"index":"index","follow":"follow","max-snippet":"max-snippet:-1","max-image-preview":"max-image-preview:large","max-video-preview":"max-video-preview:-1"},"canonical":"https:\/\/dev.93-93-113-41.plesk.page\/ca\/treballa-amb-nosaltres\/oferta-treball-especialista-endocrinologia\/","og_locale":"ca_ES","og_type":"article","og_title":"Oferta de treball especialista en Endocrinologia - Servidigest","og_description":"Convocat\u00f2ria d'una Pla\u00e7a de metge\/ssa adjunt del departament d'endocrinologia","og_url":"https:\/\/dev.93-93-113-41.plesk.page\/ca\/treballa-amb-nosaltres\/oferta-treball-especialista-endocrinologia\/","og_site_name":"Servidigest","article_publisher":"https:\/\/www.facebook.com\/servidigest","article_modified_time":"2024-03-14T09:58:38+00:00","og_image":[{"url":"https:\/\/dev.93-93-113-41.plesk.page\/wp-content\/uploads\/2020\/12\/oferta-trabajo-especialista-endocrinologia-1024x768.png"}],"twitter_card":"summary_large_image","twitter_site":"@servidigest","twitter_misc":{"Est. reading time":"1 minute"},"schema":{"@context":"https:\/\/schema.org","@graph":[{"@type":"WebPage","@id":"https:\/\/dev.93-93-113-41.plesk.page\/ca\/treballa-amb-nosaltres\/oferta-treball-especialista-endocrinologia\/","url":"https:\/\/dev.93-93-113-41.plesk.page\/ca\/treballa-amb-nosaltres\/oferta-treball-especialista-endocrinologia\/","name":"Oferta de treball especialista en Endocrinologia - Servidigest","isPartOf":{"@id":"https:\/\/dev.93-93-113-41.plesk.page\/ca\/#website"},"primaryImageOfPage":{"@id":"https:\/\/dev.93-93-113-41.plesk.page\/ca\/treballa-amb-nosaltres\/oferta-treball-especialista-endocrinologia\/#primaryimage"},"image":{"@id":"https:\/\/dev.93-93-113-41.plesk.page\/ca\/treballa-amb-nosaltres\/oferta-treball-especialista-endocrinologia\/#primaryimage"},"thumbnailUrl":"https:\/\/dev.93-93-113-41.plesk.page\/wp-content\/uploads\/2020\/12\/oferta-trabajo-especialista-endocrinologia-1024x768.png","datePublished":"2020-12-02T13:38:55+00:00","dateModified":"2024-03-14T09:58:38+00:00","description":"Convocat\u00f2ria d'una Pla\u00e7a de metge\/ssa adjunt del departament d'endocrinologia","breadcrumb":{"@id":"https:\/\/dev.93-93-113-41.plesk.page\/ca\/treballa-amb-nosaltres\/oferta-treball-especialista-endocrinologia\/#breadcrumb"},"inLanguage":"ca","potentialAction":[{"@type":"ReadAction","target":["https:\/\/dev.93-93-113-41.plesk.page\/ca\/treballa-amb-nosaltres\/oferta-treball-especialista-endocrinologia\/"]}]},{"@type":"ImageObject","inLanguage":"ca","@id":"https:\/\/dev.93-93-113-41.plesk.page\/ca\/treballa-amb-nosaltres\/oferta-treball-especialista-endocrinologia\/#primaryimage","url":"https:\/\/dev.93-93-113-41.plesk.page\/wp-content\/uploads\/2020\/12\/oferta-trabajo-especialista-endocrinologia-1024x768.png","contentUrl":"https:\/\/dev.93-93-113-41.plesk.page\/wp-content\/uploads\/2020\/12\/oferta-trabajo-especialista-endocrinologia-1024x768.png"},{"@type":"BreadcrumbList","@id":"https:\/\/dev.93-93-113-41.plesk.page\/ca\/treballa-amb-nosaltres\/oferta-treball-especialista-endocrinologia\/#breadcrumb","itemListElement":[{"@type":"ListItem","position":1,"name":"Treballa amb nosaltres","item":"https:\/\/dev.93-93-113-41.plesk.page\/ca\/treballa-amb-nosaltres\/"},{"@type":"ListItem","position":2,"name":"Oferta de treball especialista en Endocrinologia"}]},{"@type":"WebSite","@id":"https:\/\/dev.93-93-113-41.plesk.page\/ca\/#website","url":"https:\/\/dev.93-93-113-41.plesk.page\/ca\/","name":"Servidigest","description":"","publisher":{"@id":"https:\/\/dev.93-93-113-41.plesk.page\/ca\/#organization"},"potentialAction":[{"@type":"SearchAction","target":{"@type":"EntryPoint","urlTemplate":"https:\/\/dev.93-93-113-41.plesk.page\/ca\/?s={search_term_string}"},"query-input":"required name=search_term_string"}],"inLanguage":"ca"},{"@type":"Organization","@id":"https:\/\/dev.93-93-113-41.plesk.page\/ca\/#organization","name":"Servidigest","url":"https:\/\/dev.93-93-113-41.plesk.page\/ca\/","logo":{"@type":"ImageObject","inLanguage":"ca","@id":"https:\/\/dev.93-93-113-41.plesk.page\/ca\/#\/schema\/logo\/image\/","url":"https:\/\/dev.93-93-113-41.plesk.page\/wp-content\/uploads\/2024\/01\/servidigest.png","contentUrl":"https:\/\/dev.93-93-113-41.plesk.page\/wp-content\/uploads\/2024\/01\/servidigest.png","width":808,"height":88,"caption":"Servidigest"},"image":{"@id":"https:\/\/dev.93-93-113-41.plesk.page\/ca\/#\/schema\/logo\/image\/"},"sameAs":["https:\/\/www.facebook.com\/servidigest","https:\/\/x.com\/servidigest"]}]}},"_links":{"self":[{"href":"https:\/\/dev.93-93-113-41.plesk.page\/ca\/wp-json\/wp\/v2\/pages\/28493","targetHints":{"allow":["GET"]}}],"collection":[{"href":"https:\/\/dev.93-93-113-41.plesk.page\/ca\/wp-json\/wp\/v2\/pages"}],"about":[{"href":"https:\/\/dev.93-93-113-41.plesk.page\/ca\/wp-json\/wp\/v2\/types\/page"}],"author":[{"embeddable":true,"href":"https:\/\/dev.93-93-113-41.plesk.page\/ca\/wp-json\/wp\/v2\/users\/1"}],"replies":[{"embeddable":true,"href":"https:\/\/dev.93-93-113-41.plesk.page\/ca\/wp-json\/wp\/v2\/comments?post=28493"}],"version-history":[{"count":3,"href":"https:\/\/dev.93-93-113-41.plesk.page\/ca\/wp-json\/wp\/v2\/pages\/28493\/revisions"}],"predecessor-version":[{"id":37316,"href":"https:\/\/dev.93-93-113-41.plesk.page\/ca\/wp-json\/wp\/v2\/pages\/28493\/revisions\/37316"}],"up":[{"embeddable":true,"href":"https:\/\/dev.93-93-113-41.plesk.page\/ca\/wp-json\/wp\/v2\/pages\/37300"}],"wp:attachment":[{"href":"https:\/\/dev.93-93-113-41.plesk.page\/ca\/wp-json\/wp\/v2\/media?parent=28493"}],"curies":[{"name":"wp","href":"https:\/\/api.w.org\/{rel}","templated":true}]}}