{"id":28188,"date":"2020-11-18T09:39:03","date_gmt":"2020-11-18T08:39:03","guid":{"rendered":"https:\/\/dev.93-93-113-41.plesk.page\/?page_id=28188"},"modified":"2024-05-08T13:12:22","modified_gmt":"2024-05-08T11:12:22","slug":"cirurgia-laparoscopica","status":"publish","type":"page","link":"https:\/\/dev.93-93-113-41.plesk.page\/ca\/serveis\/cirurgia-general-i-digestiva\/cirurgia-laparoscopica\/","title":{"rendered":"Cirurgia Laparosc\u00f2pica"},"content":{"rendered":"<p>La superespecialitzaci\u00f3 \u00e9s una part fonamental del comprom\u00eds de Centre Medicoquir\u00fargic ServiDigest amb els pacients, ja que ens permet incorporar i oferir els \u00faltims aven\u00e7os m\u00e8dics obtenint els millors resultats en tots els que dipositen la seva confian\u00e7a i la seva salut en nosaltres.<\/p>\n<p>La cirurgia laparosc\u00f2pica constitueix un dels grans aven\u00e7os de la cirurgia al segle XXI al poder realizar les mateixes intervencions que en cirurgia oberta per\u00f2 evitant grans incisions.<\/p>\n<p>\u00c9s una t\u00e9cnica que permet la visi\u00f3 de la cavitat p\u00e8lvico-abdominal amb ajuda d\u2019una lent \u00f2ptica o c\u00e0mera. La cirurgia laparosc\u00f2pica utilitza diverses incisions de 0,5 a 1 cm. A cadascuna s\u2019insereix un intrument tubular conegut com \u201ctrocar\u201d. En un d\u2019ells s\u2019introdueix un aparell, anomenat laparoscopi, amb una c\u00e0mera, la qual est\u00e0 conectada a un monitor de v\u00eddeo, que permet al cirurgi\u00e0 observar el contingut abdominal. A trav\u00e9s dels altres, el cirurgi\u00e0 va introduint el material que necessita per a la intervenci\u00f3.<br \/>\nEn iniciar el procediment, l\u2019abdomen s\u2019infla amb gas (di\u00f2xid de carboni) per proporcionar al cirurgi\u00e0 un espai de treball i visibilitat. El laparoscopi transmet imatges de la cavitat abdominal als monitors de v\u00eddeo d\u2019alta resoluci\u00f3 del quir\u00f2fan.<br \/>\nDurant l\u2019operaci\u00f3, el cirurgi\u00e0 observa les imatges detallades de l\u2019abdomen en el monitor. El sistema permet que realitzi les mateixes operacions que la cirurgia tradicional per\u00f2 amb incisions m\u00e9s petites.<\/p>\n<p>La cirurgia laparosc\u00f2pica t\u00e9 molts avantatges en comparaci\u00f3 amb la cirurgia tradicional oberta:<br \/>\nEls pacients senten menys dolor, tenen un per\u00edode de recuperaci\u00f3 m\u00e9s breu i hi ha menys problemes de cicatritzaci\u00f3.<\/p>\n<p>En ser incisions tan petites, el dolor postoperatori \u00e9s menor. En conseq\u00fc\u00e8ncia, la recuperaci\u00f3 \u00e9s molt m\u00e9s r\u00e0pida, millorant la mobilitzaci\u00f3 preco\u00e7 i l\u2019estat general i d\u2019\u00e0nim del pacient. La possibilitat de complicacions en les ferides, com infeccions o eventracions, es redueix a percentatges molt baixos en la cirurgia laparosc\u00f2pica.<\/p>\n<p>A les cirurgies digestives, la menor manipulaci\u00f3 dels teixits, (at\u00e8s es fan servir pinces molt fines), fa que el risc d\u2019adher\u00e8ncies disminueixi i que l\u2019intest\u00ed recuperi la seva mobilitat m\u00e9s rapidament, de manera que la ingesta d\u2019aliments s\u2019inicia abans.<\/p>\n<p>Tot aix\u00f3 influeix en una menor estada hospital\u00e0ria\u00a0 amb una r\u00e0pida incorporaci\u00f3 a la vida laboral i social. Tanmateix, els resultats est\u00e8tics tamb\u00e9 s\u00f3n excel\u00b7lents.<\/p>\n<p>En resum, el pacient obt\u00e9, entre d\u2019altres beneficis:<\/p>\n<ul>\n<li>Menys dolor postoperatori.<\/li>\n<li>Recuperaci\u00f3 m\u00e9s r\u00e0pida amb una estada a l\u2019hospital m\u00e9s curta.<\/li>\n<li>Retorn m\u00e9s r\u00e0pid a l\u2019activitat habitual, laboral i f\u00edsica.<\/li>\n<li>Millor resultat est\u00e8tic.<\/li>\n<\/ul>\n<p>La majoria de les cirurgies p\u00e8lvic-abdominals poden realizar-se amb la t\u00e9cnica laparosc\u00f3pica:\u00a0 <em>Colelitiasis (pedres a la ves\u00edcula), H\u00e8rnia de hiatus-reflux gastroesof\u00e0gic, Acalasia, H\u00e8rnia inguinal i eventraci\u00f3, Apendicitis, Diverticulitis, Cirurgia de la malaltia de Crohn i Colitis ulcerosa, Cirurgia Oncol\u00f2gica per C\u00e0ncers Colorectals\u2026<\/em><\/p>\n<p>A l\u2019actualitat \u00e9s la t\u00e8cnica m\u00e9s efica\u00e7 i segura per a la <a href=\"\/?page_id=7834\">Cirurgia de l\u2019Obesitat<\/a>.<\/p>\n","protected":false},"excerpt":{"rendered":"<div class=\"mh-excerpt\"><p>La superespecialitzaci\u00f3 \u00e9s una part fonamental del comprom\u00eds de Centre Medicoquir\u00fargic ServiDigest amb els pacients, ja que ens permet incorporar i oferir els \u00faltims aven\u00e7os m\u00e8dics obtenint els millors resultats en tots els que dipositen <a class=\"mh-excerpt-more\" href=\"https:\/\/dev.93-93-113-41.plesk.page\/ca\/serveis\/cirurgia-general-i-digestiva\/cirurgia-laparoscopica\/\" title=\"Cirurgia Laparosc\u00f2pica\">[&#8230;]<\/a><\/p>\n<\/div>","protected":false},"author":1,"featured_media":39243,"parent":731,"menu_order":0,"comment_status":"closed","ping_status":"closed","template":"","meta":{"footnotes":""},"class_list":["post-28188","page","type-page","status-publish","has-post-thumbnail"],"yoast_head":"<!-- This site is optimized with the Yoast SEO plugin v22.6 - https:\/\/yoast.com\/wordpress\/plugins\/seo\/ -->\n<title>Cirurgia Laparosc\u00f2pica - Servidigest<\/title>\n<meta name=\"description\" content=\"La cirurgia laparosc\u00f2pica \u00e9s un t\u00e8cnica quir\u00fargica que permet realizar les mateixes intervencions que en cirurgia oberta per\u00f2 evitant grans incisions.\" \/>\n<meta name=\"robots\" content=\"index, follow, max-snippet:-1, max-image-preview:large, max-video-preview:-1\" \/>\n<link rel=\"canonical\" href=\"https:\/\/dev.93-93-113-41.plesk.page\/ca\/serveis\/cirurgia-general-i-digestiva\/cirurgia-laparoscopica\/\" \/>\n<meta property=\"og:locale\" content=\"ca_ES\" \/>\n<meta property=\"og:type\" content=\"article\" \/>\n<meta property=\"og:title\" content=\"Cirurgia Laparosc\u00f2pica - Servidigest\" \/>\n<meta property=\"og:description\" content=\"La cirurgia laparosc\u00f2pica \u00e9s un t\u00e8cnica quir\u00fargica que permet realizar les mateixes intervencions que en cirurgia oberta per\u00f2 evitant grans incisions.\" \/>\n<meta property=\"og:url\" content=\"https:\/\/dev.93-93-113-41.plesk.page\/ca\/serveis\/cirurgia-general-i-digestiva\/cirurgia-laparoscopica\/\" \/>\n<meta property=\"og:site_name\" content=\"Servidigest\" \/>\n<meta property=\"article:publisher\" content=\"https:\/\/www.facebook.com\/servidigest\" \/>\n<meta property=\"article:modified_time\" content=\"2024-05-08T11:12:22+00:00\" \/>\n<meta property=\"og:image\" content=\"https:\/\/dev.93-93-113-41.plesk.page\/wp-content\/uploads\/2014\/12\/Cirugia-Laparoscopica.jpg\" \/>\n\t<meta property=\"og:image:width\" content=\"507\" \/>\n\t<meta property=\"og:image:height\" content=\"338\" \/>\n\t<meta property=\"og:image:type\" content=\"image\/jpeg\" \/>\n<meta name=\"twitter:card\" content=\"summary_large_image\" \/>\n<meta name=\"twitter:site\" content=\"@servidigest\" \/>\n<meta name=\"twitter:label1\" content=\"Est. reading time\" \/>\n\t<meta name=\"twitter:data1\" content=\"3 minutes\" \/>\n<script type=\"application\/ld+json\" class=\"yoast-schema-graph\">{\"@context\":\"https:\/\/schema.org\",\"@graph\":[{\"@type\":\"WebPage\",\"@id\":\"https:\/\/dev.93-93-113-41.plesk.page\/ca\/serveis\/cirurgia-general-i-digestiva\/cirurgia-laparoscopica\/\",\"url\":\"https:\/\/dev.93-93-113-41.plesk.page\/ca\/serveis\/cirurgia-general-i-digestiva\/cirurgia-laparoscopica\/\",\"name\":\"Cirurgia Laparosc\u00f2pica - Servidigest\",\"isPartOf\":{\"@id\":\"https:\/\/dev.93-93-113-41.plesk.page\/ca\/#website\"},\"primaryImageOfPage\":{\"@id\":\"https:\/\/dev.93-93-113-41.plesk.page\/ca\/serveis\/cirurgia-general-i-digestiva\/cirurgia-laparoscopica\/#primaryimage\"},\"image\":{\"@id\":\"https:\/\/dev.93-93-113-41.plesk.page\/ca\/serveis\/cirurgia-general-i-digestiva\/cirurgia-laparoscopica\/#primaryimage\"},\"thumbnailUrl\":\"https:\/\/dev.93-93-113-41.plesk.page\/wp-content\/uploads\/2014\/12\/Cirugia-Laparoscopica.jpg\",\"datePublished\":\"2020-11-18T08:39:03+00:00\",\"dateModified\":\"2024-05-08T11:12:22+00:00\",\"description\":\"La cirurgia laparosc\u00f2pica \u00e9s un t\u00e8cnica quir\u00fargica que permet realizar les mateixes intervencions que en cirurgia oberta per\u00f2 evitant grans incisions.\",\"breadcrumb\":{\"@id\":\"https:\/\/dev.93-93-113-41.plesk.page\/ca\/serveis\/cirurgia-general-i-digestiva\/cirurgia-laparoscopica\/#breadcrumb\"},\"inLanguage\":\"ca\",\"potentialAction\":[{\"@type\":\"ReadAction\",\"target\":[\"https:\/\/dev.93-93-113-41.plesk.page\/ca\/serveis\/cirurgia-general-i-digestiva\/cirurgia-laparoscopica\/\"]}]},{\"@type\":\"ImageObject\",\"inLanguage\":\"ca\",\"@id\":\"https:\/\/dev.93-93-113-41.plesk.page\/ca\/serveis\/cirurgia-general-i-digestiva\/cirurgia-laparoscopica\/#primaryimage\",\"url\":\"https:\/\/dev.93-93-113-41.plesk.page\/wp-content\/uploads\/2014\/12\/Cirugia-Laparoscopica.jpg\",\"contentUrl\":\"https:\/\/dev.93-93-113-41.plesk.page\/wp-content\/uploads\/2014\/12\/Cirugia-Laparoscopica.jpg\",\"width\":507,\"height\":338},{\"@type\":\"BreadcrumbList\",\"@id\":\"https:\/\/dev.93-93-113-41.plesk.page\/ca\/serveis\/cirurgia-general-i-digestiva\/cirurgia-laparoscopica\/#breadcrumb\",\"itemListElement\":[{\"@type\":\"ListItem\",\"position\":1,\"name\":\"Serveis M\u00e8dics de Cl\u00ednica ServiDigest\",\"item\":\"https:\/\/dev.93-93-113-41.plesk.page\/ca\/servicios\/\"},{\"@type\":\"ListItem\",\"position\":2,\"name\":\"Cirurgia General i Digestiva\",\"item\":\"https:\/\/dev.93-93-113-41.plesk.page\/ca\/servicios\/cirugia-general-y-digestiva\/\"},{\"@type\":\"ListItem\",\"position\":3,\"name\":\"Cirurgia Laparosc\u00f2pica\"}]},{\"@type\":\"WebSite\",\"@id\":\"https:\/\/dev.93-93-113-41.plesk.page\/ca\/#website\",\"url\":\"https:\/\/dev.93-93-113-41.plesk.page\/ca\/\",\"name\":\"Servidigest\",\"description\":\"\",\"publisher\":{\"@id\":\"https:\/\/dev.93-93-113-41.plesk.page\/ca\/#organization\"},\"potentialAction\":[{\"@type\":\"SearchAction\",\"target\":{\"@type\":\"EntryPoint\",\"urlTemplate\":\"https:\/\/dev.93-93-113-41.plesk.page\/ca\/?s={search_term_string}\"},\"query-input\":\"required name=search_term_string\"}],\"inLanguage\":\"ca\"},{\"@type\":\"Organization\",\"@id\":\"https:\/\/dev.93-93-113-41.plesk.page\/ca\/#organization\",\"name\":\"Servidigest\",\"url\":\"https:\/\/dev.93-93-113-41.plesk.page\/ca\/\",\"logo\":{\"@type\":\"ImageObject\",\"inLanguage\":\"ca\",\"@id\":\"https:\/\/dev.93-93-113-41.plesk.page\/ca\/#\/schema\/logo\/image\/\",\"url\":\"https:\/\/dev.93-93-113-41.plesk.page\/wp-content\/uploads\/2024\/01\/servidigest.png\",\"contentUrl\":\"https:\/\/dev.93-93-113-41.plesk.page\/wp-content\/uploads\/2024\/01\/servidigest.png\",\"width\":808,\"height\":88,\"caption\":\"Servidigest\"},\"image\":{\"@id\":\"https:\/\/dev.93-93-113-41.plesk.page\/ca\/#\/schema\/logo\/image\/\"},\"sameAs\":[\"https:\/\/www.facebook.com\/servidigest\",\"https:\/\/x.com\/servidigest\"]}]}<\/script>\n<!-- \/ Yoast SEO plugin. -->","yoast_head_json":{"title":"Cirurgia Laparosc\u00f2pica - Servidigest","description":"La cirurgia laparosc\u00f2pica \u00e9s un t\u00e8cnica quir\u00fargica que permet realizar les mateixes intervencions que en cirurgia oberta per\u00f2 evitant grans incisions.","robots":{"index":"index","follow":"follow","max-snippet":"max-snippet:-1","max-image-preview":"max-image-preview:large","max-video-preview":"max-video-preview:-1"},"canonical":"https:\/\/dev.93-93-113-41.plesk.page\/ca\/serveis\/cirurgia-general-i-digestiva\/cirurgia-laparoscopica\/","og_locale":"ca_ES","og_type":"article","og_title":"Cirurgia Laparosc\u00f2pica - Servidigest","og_description":"La cirurgia laparosc\u00f2pica \u00e9s un t\u00e8cnica quir\u00fargica que permet realizar les mateixes intervencions que en cirurgia oberta per\u00f2 evitant grans incisions.","og_url":"https:\/\/dev.93-93-113-41.plesk.page\/ca\/serveis\/cirurgia-general-i-digestiva\/cirurgia-laparoscopica\/","og_site_name":"Servidigest","article_publisher":"https:\/\/www.facebook.com\/servidigest","article_modified_time":"2024-05-08T11:12:22+00:00","og_image":[{"width":507,"height":338,"url":"https:\/\/dev.93-93-113-41.plesk.page\/wp-content\/uploads\/2014\/12\/Cirugia-Laparoscopica.jpg","type":"image\/jpeg"}],"twitter_card":"summary_large_image","twitter_site":"@servidigest","twitter_misc":{"Est. reading time":"3 minutes"},"schema":{"@context":"https:\/\/schema.org","@graph":[{"@type":"WebPage","@id":"https:\/\/dev.93-93-113-41.plesk.page\/ca\/serveis\/cirurgia-general-i-digestiva\/cirurgia-laparoscopica\/","url":"https:\/\/dev.93-93-113-41.plesk.page\/ca\/serveis\/cirurgia-general-i-digestiva\/cirurgia-laparoscopica\/","name":"Cirurgia Laparosc\u00f2pica - Servidigest","isPartOf":{"@id":"https:\/\/dev.93-93-113-41.plesk.page\/ca\/#website"},"primaryImageOfPage":{"@id":"https:\/\/dev.93-93-113-41.plesk.page\/ca\/serveis\/cirurgia-general-i-digestiva\/cirurgia-laparoscopica\/#primaryimage"},"image":{"@id":"https:\/\/dev.93-93-113-41.plesk.page\/ca\/serveis\/cirurgia-general-i-digestiva\/cirurgia-laparoscopica\/#primaryimage"},"thumbnailUrl":"https:\/\/dev.93-93-113-41.plesk.page\/wp-content\/uploads\/2014\/12\/Cirugia-Laparoscopica.jpg","datePublished":"2020-11-18T08:39:03+00:00","dateModified":"2024-05-08T11:12:22+00:00","description":"La cirurgia laparosc\u00f2pica \u00e9s un t\u00e8cnica quir\u00fargica que permet realizar les mateixes intervencions que en cirurgia oberta per\u00f2 evitant grans incisions.","breadcrumb":{"@id":"https:\/\/dev.93-93-113-41.plesk.page\/ca\/serveis\/cirurgia-general-i-digestiva\/cirurgia-laparoscopica\/#breadcrumb"},"inLanguage":"ca","potentialAction":[{"@type":"ReadAction","target":["https:\/\/dev.93-93-113-41.plesk.page\/ca\/serveis\/cirurgia-general-i-digestiva\/cirurgia-laparoscopica\/"]}]},{"@type":"ImageObject","inLanguage":"ca","@id":"https:\/\/dev.93-93-113-41.plesk.page\/ca\/serveis\/cirurgia-general-i-digestiva\/cirurgia-laparoscopica\/#primaryimage","url":"https:\/\/dev.93-93-113-41.plesk.page\/wp-content\/uploads\/2014\/12\/Cirugia-Laparoscopica.jpg","contentUrl":"https:\/\/dev.93-93-113-41.plesk.page\/wp-content\/uploads\/2014\/12\/Cirugia-Laparoscopica.jpg","width":507,"height":338},{"@type":"BreadcrumbList","@id":"https:\/\/dev.93-93-113-41.plesk.page\/ca\/serveis\/cirurgia-general-i-digestiva\/cirurgia-laparoscopica\/#breadcrumb","itemListElement":[{"@type":"ListItem","position":1,"name":"Serveis M\u00e8dics de Cl\u00ednica ServiDigest","item":"https:\/\/dev.93-93-113-41.plesk.page\/ca\/servicios\/"},{"@type":"ListItem","position":2,"name":"Cirurgia General i Digestiva","item":"https:\/\/dev.93-93-113-41.plesk.page\/ca\/servicios\/cirugia-general-y-digestiva\/"},{"@type":"ListItem","position":3,"name":"Cirurgia Laparosc\u00f2pica"}]},{"@type":"WebSite","@id":"https:\/\/dev.93-93-113-41.plesk.page\/ca\/#website","url":"https:\/\/dev.93-93-113-41.plesk.page\/ca\/","name":"Servidigest","description":"","publisher":{"@id":"https:\/\/dev.93-93-113-41.plesk.page\/ca\/#organization"},"potentialAction":[{"@type":"SearchAction","target":{"@type":"EntryPoint","urlTemplate":"https:\/\/dev.93-93-113-41.plesk.page\/ca\/?s={search_term_string}"},"query-input":"required name=search_term_string"}],"inLanguage":"ca"},{"@type":"Organization","@id":"https:\/\/dev.93-93-113-41.plesk.page\/ca\/#organization","name":"Servidigest","url":"https:\/\/dev.93-93-113-41.plesk.page\/ca\/","logo":{"@type":"ImageObject","inLanguage":"ca","@id":"https:\/\/dev.93-93-113-41.plesk.page\/ca\/#\/schema\/logo\/image\/","url":"https:\/\/dev.93-93-113-41.plesk.page\/wp-content\/uploads\/2024\/01\/servidigest.png","contentUrl":"https:\/\/dev.93-93-113-41.plesk.page\/wp-content\/uploads\/2024\/01\/servidigest.png","width":808,"height":88,"caption":"Servidigest"},"image":{"@id":"https:\/\/dev.93-93-113-41.plesk.page\/ca\/#\/schema\/logo\/image\/"},"sameAs":["https:\/\/www.facebook.com\/servidigest","https:\/\/x.com\/servidigest"]}]}},"_links":{"self":[{"href":"https:\/\/dev.93-93-113-41.plesk.page\/ca\/wp-json\/wp\/v2\/pages\/28188","targetHints":{"allow":["GET"]}}],"collection":[{"href":"https:\/\/dev.93-93-113-41.plesk.page\/ca\/wp-json\/wp\/v2\/pages"}],"about":[{"href":"https:\/\/dev.93-93-113-41.plesk.page\/ca\/wp-json\/wp\/v2\/types\/page"}],"author":[{"embeddable":true,"href":"https:\/\/dev.93-93-113-41.plesk.page\/ca\/wp-json\/wp\/v2\/users\/1"}],"replies":[{"embeddable":true,"href":"https:\/\/dev.93-93-113-41.plesk.page\/ca\/wp-json\/wp\/v2\/comments?post=28188"}],"version-history":[{"count":1,"href":"https:\/\/dev.93-93-113-41.plesk.page\/ca\/wp-json\/wp\/v2\/pages\/28188\/revisions"}],"predecessor-version":[{"id":35151,"href":"https:\/\/dev.93-93-113-41.plesk.page\/ca\/wp-json\/wp\/v2\/pages\/28188\/revisions\/35151"}],"up":[{"embeddable":true,"href":"https:\/\/dev.93-93-113-41.plesk.page\/ca\/wp-json\/wp\/v2\/pages\/731"}],"wp:featuredmedia":[{"embeddable":true,"href":"https:\/\/dev.93-93-113-41.plesk.page\/ca\/wp-json\/wp\/v2\/media\/39243"}],"wp:attachment":[{"href":"https:\/\/dev.93-93-113-41.plesk.page\/ca\/wp-json\/wp\/v2\/media?parent=28188"}],"curies":[{"name":"wp","href":"https:\/\/api.w.org\/{rel}","templated":true}]}}