{"id":25441,"date":"2020-03-11T12:31:01","date_gmt":"2020-03-11T11:31:01","guid":{"rendered":"https:\/\/dev.93-93-113-41.plesk.page\/?page_id=25441"},"modified":"2024-02-26T17:13:41","modified_gmt":"2024-02-26T16:13:41","slug":"coaching-nutricional","status":"publish","type":"page","link":"https:\/\/dev.93-93-113-41.plesk.page\/ca\/serveis\/endocrinologia-i-nutricio\/coaching-nutricional\/","title":{"rendered":"Coaching nutricional"},"content":{"rendered":"<h3>Qu\u00e8 \u00e9s el coaching nutricional i com pot ajudar a assolir un pes saludable?<\/h3>\n<p><strong>El coaching nutricional \u00e9s un proc\u00e9s de suport<\/strong> perqu\u00e8 puguis apropar-te als objectius que et planteges amb la teva alimentaci\u00f3, ja sigui el d&#8217;aconseguir un pes saludable o canviar alguns h\u00e0bits diet\u00e8tics.<\/p>\n<p><img fetchpriority=\"high\" decoding=\"async\" class=\"alignnone size-full wp-image-25447\" src=\"https:\/\/dev.93-93-113-41.plesk.page\/wp-content\/uploads\/2020\/03\/CoachingNutricional-12.jpg\" alt=\"coaching nutricional\" width=\"3992\" height=\"2071\" \/><\/p>\n<p>&nbsp;<\/p>\n<p>Al posar-nos objectius que impliquen canvis importants en el nostre estil de vida apareixen obstacles i retic\u00e8ncies que ens entorpeixen el cam\u00ed i fan que no acabem d&#8217;aconseguir el que volem. L&#8217;enfocament de coaching t&#8217;ajuda en primer lloc a plantejar-te objectius clars i alineats amb els teus valors, a v\u00e8ncer aquests obstacles a mesura que els vas identificant i aprendr\u00e0s a trobar els recursos necessaris per mantenir els canvis que et proposis a llarg termini. L&#8217;enfocament de coaching nutricional es pot realitzar de forma individual o en grup i es pot orientar l&#8217;objectiu de salut que desitgis.<\/p>\n<p>El model de coaching de Cl\u00ednica ServiDigest es basa en el treball en grup, amb persones que comparteixin els mateixos objectius i que vulguin participar d&#8217;un entorn favorable per promoure els canvis necessaris per aconseguir-ho. <strong>S\u00f3n grups de 10 persones amb un comprom\u00eds clar de perdre pes de forma saludable.<\/strong><\/p>\n<p>El programa inclou 10 sessions, una per setmana. Aquestes trobades es fan sempre en el mateix dia de la setmana i a la mateixa hora. Els temes que tractarem es podran adaptar a les necessitats del grup.<\/p>\n<p>Ens endinsarem en aprendre a formular un objectiu poder\u00f3s, con\u00e8ixer com enfortir la motivaci\u00f3, farem tamb\u00e9 exemples pr\u00e0ctics d&#8217;eines pel canvi d&#8217;h\u00e0bits, exercicis d&#8217;autoestima, treballs amb la gana emocional i l&#8217;efecte de les emocions en l&#8217;alimentaci\u00f3, farem din\u00e0miques per aprendre a q\u00fcestionar-te i a trobar altres formes per resoldre les situacions m\u00e9s complexes amb l&#8217;alimentaci\u00f3&#8230;\u00c9s preferible que no tinguis molts detalls de les propostes espec\u00edfiques de les sessions perqu\u00e8 puguis participar de manera genu\u00efna i entregada a l&#8217;experi\u00e8ncia: \u00e9s aix\u00ed com m\u00e9s profit traur\u00e0s de la participaci\u00f3 en el grup.<\/p>\n<p>Si t&#8217;interessa aquesta proposta\u00a0<a href=\"mailto:mar.bacardit@servidigest.com\">envia&#8217;ns un correu fent click aqu\u00ed<\/a> o a <span style=\"color: #0284da;\">mar.bacardit@servidigest.com<\/span> amb <strong>una breu descripci\u00f3 del teu objectiu i ens posarem en contacte amb tu per seleccionar els participants.<\/strong><\/p>\n<p>Abans de formar part del programa, farem una visita individualitzada perqu\u00e8 el participant s\u00e0piga que pot esperar del grup i per formalitzar els objectius. Per a qualsevol consulta, no dubtis en posar-te en contacte amb nosaltres.<\/p>\n<p><a href=\"\/?p=574\" target=\"_blank\" rel=\"noopener\">Mar Bacardit<\/a><br \/>\nDietista Nutricionista &#8211; Coach Nutricional<\/p>\n","protected":false},"excerpt":{"rendered":"<div class=\"mh-excerpt\"><p>Qu\u00e8 \u00e9s el coaching nutricional i com pot ajudar a assolir un pes saludable? El coaching nutricional \u00e9s un proc\u00e9s de suport perqu\u00e8 puguis apropar-te als objectius que et planteges amb la teva alimentaci\u00f3, ja <a class=\"mh-excerpt-more\" href=\"https:\/\/dev.93-93-113-41.plesk.page\/ca\/serveis\/endocrinologia-i-nutricio\/coaching-nutricional\/\" title=\"Coaching nutricional\">[&#8230;]<\/a><\/p>\n<\/div>","protected":false},"author":1,"featured_media":0,"parent":735,"menu_order":0,"comment_status":"closed","ping_status":"closed","template":"","meta":{"footnotes":""},"class_list":["post-25441","page","type-page","status-publish"],"yoast_head":"<!-- This site is optimized with the Yoast SEO plugin v22.6 - https:\/\/yoast.com\/wordpress\/plugins\/seo\/ -->\n<title>Coaching nutricional - Servidigest<\/title>\n<meta name=\"description\" content=\"El coaching nutricional \u00e9s un proc\u00e9s de suport perqu\u00e8 puguis apropar-te als objectius que et planteges amb la teva alimentaci\u00f3, ja sigui el d&#039;aconseguir un pes saludable o canviar alguns h\u00e0bits diet\u00e8tics.\" \/>\n<meta name=\"robots\" content=\"index, follow, max-snippet:-1, max-image-preview:large, max-video-preview:-1\" \/>\n<link rel=\"canonical\" href=\"https:\/\/dev.93-93-113-41.plesk.page\/ca\/serveis\/endocrinologia-i-nutricio\/coaching-nutricional\/\" \/>\n<meta property=\"og:locale\" content=\"ca_ES\" \/>\n<meta property=\"og:type\" content=\"article\" \/>\n<meta property=\"og:title\" content=\"Coaching nutricional - Servidigest\" \/>\n<meta property=\"og:description\" content=\"El coaching nutricional \u00e9s un proc\u00e9s de suport perqu\u00e8 puguis apropar-te als objectius que et planteges amb la teva alimentaci\u00f3, ja sigui el d&#039;aconseguir un pes saludable o canviar alguns h\u00e0bits diet\u00e8tics.\" \/>\n<meta property=\"og:url\" content=\"https:\/\/dev.93-93-113-41.plesk.page\/ca\/serveis\/endocrinologia-i-nutricio\/coaching-nutricional\/\" \/>\n<meta property=\"og:site_name\" content=\"Servidigest\" \/>\n<meta property=\"article:publisher\" content=\"https:\/\/www.facebook.com\/servidigest\" \/>\n<meta property=\"article:modified_time\" content=\"2024-02-26T16:13:41+00:00\" \/>\n<meta property=\"og:image\" content=\"https:\/\/dev.93-93-113-41.plesk.page\/wp-content\/uploads\/2020\/03\/CoachingNutricional-12.jpg\" \/>\n<meta name=\"twitter:card\" content=\"summary_large_image\" \/>\n<meta name=\"twitter:site\" content=\"@servidigest\" \/>\n<meta name=\"twitter:label1\" content=\"Est. reading time\" \/>\n\t<meta name=\"twitter:data1\" content=\"2 minutes\" \/>\n<script type=\"application\/ld+json\" class=\"yoast-schema-graph\">{\"@context\":\"https:\/\/schema.org\",\"@graph\":[{\"@type\":\"WebPage\",\"@id\":\"https:\/\/dev.93-93-113-41.plesk.page\/ca\/serveis\/endocrinologia-i-nutricio\/coaching-nutricional\/\",\"url\":\"https:\/\/dev.93-93-113-41.plesk.page\/ca\/serveis\/endocrinologia-i-nutricio\/coaching-nutricional\/\",\"name\":\"Coaching nutricional - Servidigest\",\"isPartOf\":{\"@id\":\"https:\/\/dev.93-93-113-41.plesk.page\/ca\/#website\"},\"primaryImageOfPage\":{\"@id\":\"https:\/\/dev.93-93-113-41.plesk.page\/ca\/serveis\/endocrinologia-i-nutricio\/coaching-nutricional\/#primaryimage\"},\"image\":{\"@id\":\"https:\/\/dev.93-93-113-41.plesk.page\/ca\/serveis\/endocrinologia-i-nutricio\/coaching-nutricional\/#primaryimage\"},\"thumbnailUrl\":\"https:\/\/dev.93-93-113-41.plesk.page\/wp-content\/uploads\/2020\/03\/CoachingNutricional-12.jpg\",\"datePublished\":\"2020-03-11T11:31:01+00:00\",\"dateModified\":\"2024-02-26T16:13:41+00:00\",\"description\":\"El coaching nutricional \u00e9s un proc\u00e9s de suport perqu\u00e8 puguis apropar-te als objectius que et planteges amb la teva alimentaci\u00f3, ja sigui el d'aconseguir un pes saludable o canviar alguns h\u00e0bits diet\u00e8tics.\",\"breadcrumb\":{\"@id\":\"https:\/\/dev.93-93-113-41.plesk.page\/ca\/serveis\/endocrinologia-i-nutricio\/coaching-nutricional\/#breadcrumb\"},\"inLanguage\":\"ca\",\"potentialAction\":[{\"@type\":\"ReadAction\",\"target\":[\"https:\/\/dev.93-93-113-41.plesk.page\/ca\/serveis\/endocrinologia-i-nutricio\/coaching-nutricional\/\"]}]},{\"@type\":\"ImageObject\",\"inLanguage\":\"ca\",\"@id\":\"https:\/\/dev.93-93-113-41.plesk.page\/ca\/serveis\/endocrinologia-i-nutricio\/coaching-nutricional\/#primaryimage\",\"url\":\"https:\/\/dev.93-93-113-41.plesk.page\/wp-content\/uploads\/2020\/03\/CoachingNutricional-12.jpg\",\"contentUrl\":\"https:\/\/dev.93-93-113-41.plesk.page\/wp-content\/uploads\/2020\/03\/CoachingNutricional-12.jpg\"},{\"@type\":\"BreadcrumbList\",\"@id\":\"https:\/\/dev.93-93-113-41.plesk.page\/ca\/serveis\/endocrinologia-i-nutricio\/coaching-nutricional\/#breadcrumb\",\"itemListElement\":[{\"@type\":\"ListItem\",\"position\":1,\"name\":\"Serveis M\u00e8dics de Cl\u00ednica ServiDigest\",\"item\":\"https:\/\/dev.93-93-113-41.plesk.page\/ca\/servicios\/\"},{\"@type\":\"ListItem\",\"position\":2,\"name\":\"Endocrinologia i nutrici\u00f3\",\"item\":\"https:\/\/dev.93-93-113-41.plesk.page\/ca\/servicios\/endocrinologia-nutricion\/\"},{\"@type\":\"ListItem\",\"position\":3,\"name\":\"Coaching nutricional\"}]},{\"@type\":\"WebSite\",\"@id\":\"https:\/\/dev.93-93-113-41.plesk.page\/ca\/#website\",\"url\":\"https:\/\/dev.93-93-113-41.plesk.page\/ca\/\",\"name\":\"Servidigest\",\"description\":\"\",\"publisher\":{\"@id\":\"https:\/\/dev.93-93-113-41.plesk.page\/ca\/#organization\"},\"potentialAction\":[{\"@type\":\"SearchAction\",\"target\":{\"@type\":\"EntryPoint\",\"urlTemplate\":\"https:\/\/dev.93-93-113-41.plesk.page\/ca\/?s={search_term_string}\"},\"query-input\":\"required name=search_term_string\"}],\"inLanguage\":\"ca\"},{\"@type\":\"Organization\",\"@id\":\"https:\/\/dev.93-93-113-41.plesk.page\/ca\/#organization\",\"name\":\"Servidigest\",\"url\":\"https:\/\/dev.93-93-113-41.plesk.page\/ca\/\",\"logo\":{\"@type\":\"ImageObject\",\"inLanguage\":\"ca\",\"@id\":\"https:\/\/dev.93-93-113-41.plesk.page\/ca\/#\/schema\/logo\/image\/\",\"url\":\"https:\/\/dev.93-93-113-41.plesk.page\/wp-content\/uploads\/2024\/01\/servidigest.png\",\"contentUrl\":\"https:\/\/dev.93-93-113-41.plesk.page\/wp-content\/uploads\/2024\/01\/servidigest.png\",\"width\":808,\"height\":88,\"caption\":\"Servidigest\"},\"image\":{\"@id\":\"https:\/\/dev.93-93-113-41.plesk.page\/ca\/#\/schema\/logo\/image\/\"},\"sameAs\":[\"https:\/\/www.facebook.com\/servidigest\",\"https:\/\/x.com\/servidigest\"]}]}<\/script>\n<!-- \/ Yoast SEO plugin. -->","yoast_head_json":{"title":"Coaching nutricional - Servidigest","description":"El coaching nutricional \u00e9s un proc\u00e9s de suport perqu\u00e8 puguis apropar-te als objectius que et planteges amb la teva alimentaci\u00f3, ja sigui el d'aconseguir un pes saludable o canviar alguns h\u00e0bits diet\u00e8tics.","robots":{"index":"index","follow":"follow","max-snippet":"max-snippet:-1","max-image-preview":"max-image-preview:large","max-video-preview":"max-video-preview:-1"},"canonical":"https:\/\/dev.93-93-113-41.plesk.page\/ca\/serveis\/endocrinologia-i-nutricio\/coaching-nutricional\/","og_locale":"ca_ES","og_type":"article","og_title":"Coaching nutricional - Servidigest","og_description":"El coaching nutricional \u00e9s un proc\u00e9s de suport perqu\u00e8 puguis apropar-te als objectius que et planteges amb la teva alimentaci\u00f3, ja sigui el d'aconseguir un pes saludable o canviar alguns h\u00e0bits diet\u00e8tics.","og_url":"https:\/\/dev.93-93-113-41.plesk.page\/ca\/serveis\/endocrinologia-i-nutricio\/coaching-nutricional\/","og_site_name":"Servidigest","article_publisher":"https:\/\/www.facebook.com\/servidigest","article_modified_time":"2024-02-26T16:13:41+00:00","og_image":[{"url":"https:\/\/dev.93-93-113-41.plesk.page\/wp-content\/uploads\/2020\/03\/CoachingNutricional-12.jpg"}],"twitter_card":"summary_large_image","twitter_site":"@servidigest","twitter_misc":{"Est. reading time":"2 minutes"},"schema":{"@context":"https:\/\/schema.org","@graph":[{"@type":"WebPage","@id":"https:\/\/dev.93-93-113-41.plesk.page\/ca\/serveis\/endocrinologia-i-nutricio\/coaching-nutricional\/","url":"https:\/\/dev.93-93-113-41.plesk.page\/ca\/serveis\/endocrinologia-i-nutricio\/coaching-nutricional\/","name":"Coaching nutricional - Servidigest","isPartOf":{"@id":"https:\/\/dev.93-93-113-41.plesk.page\/ca\/#website"},"primaryImageOfPage":{"@id":"https:\/\/dev.93-93-113-41.plesk.page\/ca\/serveis\/endocrinologia-i-nutricio\/coaching-nutricional\/#primaryimage"},"image":{"@id":"https:\/\/dev.93-93-113-41.plesk.page\/ca\/serveis\/endocrinologia-i-nutricio\/coaching-nutricional\/#primaryimage"},"thumbnailUrl":"https:\/\/dev.93-93-113-41.plesk.page\/wp-content\/uploads\/2020\/03\/CoachingNutricional-12.jpg","datePublished":"2020-03-11T11:31:01+00:00","dateModified":"2024-02-26T16:13:41+00:00","description":"El coaching nutricional \u00e9s un proc\u00e9s de suport perqu\u00e8 puguis apropar-te als objectius que et planteges amb la teva alimentaci\u00f3, ja sigui el d'aconseguir un pes saludable o canviar alguns h\u00e0bits diet\u00e8tics.","breadcrumb":{"@id":"https:\/\/dev.93-93-113-41.plesk.page\/ca\/serveis\/endocrinologia-i-nutricio\/coaching-nutricional\/#breadcrumb"},"inLanguage":"ca","potentialAction":[{"@type":"ReadAction","target":["https:\/\/dev.93-93-113-41.plesk.page\/ca\/serveis\/endocrinologia-i-nutricio\/coaching-nutricional\/"]}]},{"@type":"ImageObject","inLanguage":"ca","@id":"https:\/\/dev.93-93-113-41.plesk.page\/ca\/serveis\/endocrinologia-i-nutricio\/coaching-nutricional\/#primaryimage","url":"https:\/\/dev.93-93-113-41.plesk.page\/wp-content\/uploads\/2020\/03\/CoachingNutricional-12.jpg","contentUrl":"https:\/\/dev.93-93-113-41.plesk.page\/wp-content\/uploads\/2020\/03\/CoachingNutricional-12.jpg"},{"@type":"BreadcrumbList","@id":"https:\/\/dev.93-93-113-41.plesk.page\/ca\/serveis\/endocrinologia-i-nutricio\/coaching-nutricional\/#breadcrumb","itemListElement":[{"@type":"ListItem","position":1,"name":"Serveis M\u00e8dics de Cl\u00ednica ServiDigest","item":"https:\/\/dev.93-93-113-41.plesk.page\/ca\/servicios\/"},{"@type":"ListItem","position":2,"name":"Endocrinologia i nutrici\u00f3","item":"https:\/\/dev.93-93-113-41.plesk.page\/ca\/servicios\/endocrinologia-nutricion\/"},{"@type":"ListItem","position":3,"name":"Coaching nutricional"}]},{"@type":"WebSite","@id":"https:\/\/dev.93-93-113-41.plesk.page\/ca\/#website","url":"https:\/\/dev.93-93-113-41.plesk.page\/ca\/","name":"Servidigest","description":"","publisher":{"@id":"https:\/\/dev.93-93-113-41.plesk.page\/ca\/#organization"},"potentialAction":[{"@type":"SearchAction","target":{"@type":"EntryPoint","urlTemplate":"https:\/\/dev.93-93-113-41.plesk.page\/ca\/?s={search_term_string}"},"query-input":"required name=search_term_string"}],"inLanguage":"ca"},{"@type":"Organization","@id":"https:\/\/dev.93-93-113-41.plesk.page\/ca\/#organization","name":"Servidigest","url":"https:\/\/dev.93-93-113-41.plesk.page\/ca\/","logo":{"@type":"ImageObject","inLanguage":"ca","@id":"https:\/\/dev.93-93-113-41.plesk.page\/ca\/#\/schema\/logo\/image\/","url":"https:\/\/dev.93-93-113-41.plesk.page\/wp-content\/uploads\/2024\/01\/servidigest.png","contentUrl":"https:\/\/dev.93-93-113-41.plesk.page\/wp-content\/uploads\/2024\/01\/servidigest.png","width":808,"height":88,"caption":"Servidigest"},"image":{"@id":"https:\/\/dev.93-93-113-41.plesk.page\/ca\/#\/schema\/logo\/image\/"},"sameAs":["https:\/\/www.facebook.com\/servidigest","https:\/\/x.com\/servidigest"]}]}},"_links":{"self":[{"href":"https:\/\/dev.93-93-113-41.plesk.page\/ca\/wp-json\/wp\/v2\/pages\/25441","targetHints":{"allow":["GET"]}}],"collection":[{"href":"https:\/\/dev.93-93-113-41.plesk.page\/ca\/wp-json\/wp\/v2\/pages"}],"about":[{"href":"https:\/\/dev.93-93-113-41.plesk.page\/ca\/wp-json\/wp\/v2\/types\/page"}],"author":[{"embeddable":true,"href":"https:\/\/dev.93-93-113-41.plesk.page\/ca\/wp-json\/wp\/v2\/users\/1"}],"replies":[{"embeddable":true,"href":"https:\/\/dev.93-93-113-41.plesk.page\/ca\/wp-json\/wp\/v2\/comments?post=25441"}],"version-history":[{"count":1,"href":"https:\/\/dev.93-93-113-41.plesk.page\/ca\/wp-json\/wp\/v2\/pages\/25441\/revisions"}],"predecessor-version":[{"id":35137,"href":"https:\/\/dev.93-93-113-41.plesk.page\/ca\/wp-json\/wp\/v2\/pages\/25441\/revisions\/35137"}],"up":[{"embeddable":true,"href":"https:\/\/dev.93-93-113-41.plesk.page\/ca\/wp-json\/wp\/v2\/pages\/735"}],"wp:attachment":[{"href":"https:\/\/dev.93-93-113-41.plesk.page\/ca\/wp-json\/wp\/v2\/media?parent=25441"}],"curies":[{"name":"wp","href":"https:\/\/api.w.org\/{rel}","templated":true}]}}