{"id":24918,"date":"2020-01-08T11:53:03","date_gmt":"2020-01-08T10:53:03","guid":{"rendered":"https:\/\/dev.93-93-113-41.plesk.page\/?page_id=24918"},"modified":"2024-05-20T21:30:56","modified_gmt":"2024-05-20T19:30:56","slug":"manometria-anorectal-alta-definicio","status":"publish","type":"page","link":"https:\/\/dev.93-93-113-41.plesk.page\/ca\/serveis\/proves-funcionals-digestives\/manometria-anorectal-alta-definicio\/","title":{"rendered":"Manometria anorectal d&#8217;Alta Definici\u00f3"},"content":{"rendered":"<div class=\"flex flex-grow flex-col max-w-full\">\n<div class=\"min-h-[20px] text-message flex flex-col items-start whitespace-pre-wrap break-words [.text-message+&amp;]:mt-5 juice:w-full juice:items-end overflow-x-auto gap-2\" dir=\"auto\" data-message-author-role=\"assistant\" data-message-id=\"119018b4-0c0a-43ac-baa9-04df5dc060f5\">\n<div class=\"flex w-full flex-col gap-1 juice:empty:hidden juice:first:pt-[3px]\">\n<div class=\"markdown prose w-full break-words dark:prose-invert light\">\n<p>La Manometria Ano-Rectal d&#8217;Alta Resoluci\u00f3 \u00e9s un estudi amb tecnologia de darrera generaci\u00f3 que permet registrar alhora pressi\u00f3 atmosf\u00e8rica, anal i rectal. Es realitza amb un cat\u00e8ter d&#8217;avan\u00e7ada tecnologia que disposa de 12 sensors dividits en dos grups: 10 sensors per al conducte anal i 2 sensors per al recte i el globus rectal. Es aconsegueix una millor precisi\u00f3 en la relaci\u00f3 entre la distensi\u00f3 del globus i la resposta motora, i es redueixen possibles errors per moviments del s\u00f2l pelvi\u00e0.<\/p>\n<p>\u00c9s un procediment diagn\u00f2stic segur i \u00fatil per a l&#8217;estudi de la funci\u00f3 anorectal (pressions de l&#8217;esf\u00ednter anal, sensibilitat del recte, distensibilitat, reflexos neuronals, relaxaci\u00f3 dels esf\u00ednters durant maniobres expulsives).<\/p>\n<p>S&#8217;indica habitualment en pacients amb restrenyiment, amb incontin\u00e8ncia, i com a estudi previ a la intervenci\u00f3 quir\u00fargica d&#8217;hemorroides o fissures.<\/p>\n<\/div>\n<\/div>\n<\/div>\n<\/div>\n<div class=\"woocommerce \"><ul class=\"products columns-4\">\n<li class=\"product type-product post-38339 status-publish first instock product_cat-proves-mediques has-post-thumbnail virtual purchasable product-type-simple\">\n\t<a href=\"https:\/\/dev.93-93-113-41.plesk.page\/ca\/producte\/manometria-anus-rectal-dalta-definicio\/\" class=\"woocommerce-LoopProduct-link woocommerce-loop-product__link\"><img fetchpriority=\"high\" decoding=\"async\" width=\"300\" height=\"300\" src=\"https:\/\/dev.93-93-113-41.plesk.page\/wp-content\/uploads\/2020\/01\/manometria-ano-rectal-alta-definicion-300x300.jpg\" class=\"attachment-woocommerce_thumbnail size-woocommerce_thumbnail\" alt=\"\" srcset=\"https:\/\/dev.93-93-113-41.plesk.page\/wp-content\/uploads\/2020\/01\/manometria-ano-rectal-alta-definicion-300x300.jpg 300w, https:\/\/dev.93-93-113-41.plesk.page\/wp-content\/uploads\/2020\/01\/manometria-ano-rectal-alta-definicion-100x100.jpg 100w, https:\/\/dev.93-93-113-41.plesk.page\/wp-content\/uploads\/2020\/01\/manometria-ano-rectal-alta-definicion-150x150.jpg 150w\" sizes=\"(max-width: 300px) 100vw, 300px\" \/><h2 class=\"woocommerce-loop-product__title\">Manometria Anus-Rectal d&#8217;Alta Definici\u00f3<\/h2>\n\t<span class=\"price\"><span class=\"woocommerce-Price-amount amount\"><bdi>590,00&nbsp;<span class=\"woocommerce-Price-currencySymbol\">&euro;<\/span><\/bdi><\/span><\/span>\n<\/a><a href=\"?add-to-cart=38339\" data-quantity=\"1\" class=\"button product_type_simple add_to_cart_button ajax_add_to_cart\" data-product_id=\"38339\" data-product_sku=\"manometria-ano-rectal-alta-definicion\" aria-label=\"Add to cart: &ldquo;Manometria Anus-Rectal d&#039;Alta Definici\u00f3&rdquo;\" aria-describedby=\"\" rel=\"nofollow\">Afegeix a la cistella<\/a><\/li>\n<\/ul>\n<\/div>\n","protected":false},"excerpt":{"rendered":"<div class=\"mh-excerpt\"><p>La Manometria Ano-Rectal d&#8217;Alta Resoluci\u00f3 \u00e9s un estudi amb tecnologia de darrera generaci\u00f3 que permet registrar alhora pressi\u00f3 atmosf\u00e8rica, anal i rectal. Es realitza amb un cat\u00e8ter d&#8217;avan\u00e7ada tecnologia que disposa de 12 sensors dividits <a class=\"mh-excerpt-more\" href=\"https:\/\/dev.93-93-113-41.plesk.page\/ca\/serveis\/proves-funcionals-digestives\/manometria-anorectal-alta-definicio\/\" title=\"Manometria anorectal d&#8217;Alta Definici\u00f3\">[&#8230;]<\/a><\/p>\n<\/div>","protected":false},"author":1,"featured_media":0,"parent":131,"menu_order":0,"comment_status":"closed","ping_status":"closed","template":"","meta":{"footnotes":""},"class_list":["post-24918","page","type-page","status-publish"],"yoast_head":"<!-- This site is optimized with the Yoast SEO plugin v22.6 - https:\/\/yoast.com\/wordpress\/plugins\/seo\/ -->\n<title>Manometria anorectal d&#039;Alta Definici\u00f3 - Servidigest<\/title>\n<meta name=\"robots\" content=\"index, follow, max-snippet:-1, max-image-preview:large, max-video-preview:-1\" \/>\n<link rel=\"canonical\" href=\"https:\/\/dev.93-93-113-41.plesk.page\/ca\/serveis\/proves-funcionals-digestives\/manometria-anorectal-alta-definicio\/\" \/>\n<meta property=\"og:locale\" content=\"ca_ES\" \/>\n<meta property=\"og:type\" content=\"article\" \/>\n<meta property=\"og:title\" content=\"Manometria anorectal d&#039;Alta Definici\u00f3 - Servidigest\" \/>\n<meta property=\"og:description\" content=\"La Manometria Ano-Rectal d&#8217;Alta Resoluci\u00f3 \u00e9s un estudi amb tecnologia de darrera generaci\u00f3 que permet registrar alhora pressi\u00f3 atmosf\u00e8rica, anal i rectal. Es realitza amb un cat\u00e8ter d&#8217;avan\u00e7ada tecnologia que disposa de 12 sensors dividits [...]\" \/>\n<meta property=\"og:url\" content=\"https:\/\/dev.93-93-113-41.plesk.page\/ca\/serveis\/proves-funcionals-digestives\/manometria-anorectal-alta-definicio\/\" \/>\n<meta property=\"og:site_name\" content=\"Servidigest\" \/>\n<meta property=\"article:publisher\" content=\"https:\/\/www.facebook.com\/servidigest\" \/>\n<meta property=\"article:modified_time\" content=\"2024-05-20T19:30:56+00:00\" \/>\n<meta name=\"twitter:card\" content=\"summary_large_image\" \/>\n<meta name=\"twitter:site\" content=\"@servidigest\" \/>\n<meta name=\"twitter:label1\" content=\"Est. reading time\" \/>\n\t<meta name=\"twitter:data1\" content=\"1 minute\" \/>\n<script type=\"application\/ld+json\" class=\"yoast-schema-graph\">{\"@context\":\"https:\/\/schema.org\",\"@graph\":[{\"@type\":\"WebPage\",\"@id\":\"https:\/\/dev.93-93-113-41.plesk.page\/ca\/serveis\/proves-funcionals-digestives\/manometria-anorectal-alta-definicio\/\",\"url\":\"https:\/\/dev.93-93-113-41.plesk.page\/ca\/serveis\/proves-funcionals-digestives\/manometria-anorectal-alta-definicio\/\",\"name\":\"Manometria anorectal d'Alta Definici\u00f3 - Servidigest\",\"isPartOf\":{\"@id\":\"https:\/\/dev.93-93-113-41.plesk.page\/ca\/#website\"},\"datePublished\":\"2020-01-08T10:53:03+00:00\",\"dateModified\":\"2024-05-20T19:30:56+00:00\",\"breadcrumb\":{\"@id\":\"https:\/\/dev.93-93-113-41.plesk.page\/ca\/serveis\/proves-funcionals-digestives\/manometria-anorectal-alta-definicio\/#breadcrumb\"},\"inLanguage\":\"ca\",\"potentialAction\":[{\"@type\":\"ReadAction\",\"target\":[\"https:\/\/dev.93-93-113-41.plesk.page\/ca\/serveis\/proves-funcionals-digestives\/manometria-anorectal-alta-definicio\/\"]}]},{\"@type\":\"BreadcrumbList\",\"@id\":\"https:\/\/dev.93-93-113-41.plesk.page\/ca\/serveis\/proves-funcionals-digestives\/manometria-anorectal-alta-definicio\/#breadcrumb\",\"itemListElement\":[{\"@type\":\"ListItem\",\"position\":1,\"name\":\"Serveis M\u00e8dics de Cl\u00ednica ServiDigest\",\"item\":\"https:\/\/dev.93-93-113-41.plesk.page\/ca\/servicios\/\"},{\"@type\":\"ListItem\",\"position\":2,\"name\":\"Proves funcionals digestives\",\"item\":\"https:\/\/dev.93-93-113-41.plesk.page\/ca\/serveis\/proves-funcionals-digestives\/\"},{\"@type\":\"ListItem\",\"position\":3,\"name\":\"Manometria anorectal d&#8217;Alta Definici\u00f3\"}]},{\"@type\":\"WebSite\",\"@id\":\"https:\/\/dev.93-93-113-41.plesk.page\/ca\/#website\",\"url\":\"https:\/\/dev.93-93-113-41.plesk.page\/ca\/\",\"name\":\"Servidigest\",\"description\":\"\",\"publisher\":{\"@id\":\"https:\/\/dev.93-93-113-41.plesk.page\/ca\/#organization\"},\"potentialAction\":[{\"@type\":\"SearchAction\",\"target\":{\"@type\":\"EntryPoint\",\"urlTemplate\":\"https:\/\/dev.93-93-113-41.plesk.page\/ca\/?s={search_term_string}\"},\"query-input\":\"required name=search_term_string\"}],\"inLanguage\":\"ca\"},{\"@type\":\"Organization\",\"@id\":\"https:\/\/dev.93-93-113-41.plesk.page\/ca\/#organization\",\"name\":\"Servidigest\",\"url\":\"https:\/\/dev.93-93-113-41.plesk.page\/ca\/\",\"logo\":{\"@type\":\"ImageObject\",\"inLanguage\":\"ca\",\"@id\":\"https:\/\/dev.93-93-113-41.plesk.page\/ca\/#\/schema\/logo\/image\/\",\"url\":\"https:\/\/dev.93-93-113-41.plesk.page\/wp-content\/uploads\/2024\/01\/servidigest.png\",\"contentUrl\":\"https:\/\/dev.93-93-113-41.plesk.page\/wp-content\/uploads\/2024\/01\/servidigest.png\",\"width\":808,\"height\":88,\"caption\":\"Servidigest\"},\"image\":{\"@id\":\"https:\/\/dev.93-93-113-41.plesk.page\/ca\/#\/schema\/logo\/image\/\"},\"sameAs\":[\"https:\/\/www.facebook.com\/servidigest\",\"https:\/\/x.com\/servidigest\"]}]}<\/script>\n<!-- \/ Yoast SEO plugin. -->","yoast_head_json":{"title":"Manometria anorectal d'Alta Definici\u00f3 - Servidigest","robots":{"index":"index","follow":"follow","max-snippet":"max-snippet:-1","max-image-preview":"max-image-preview:large","max-video-preview":"max-video-preview:-1"},"canonical":"https:\/\/dev.93-93-113-41.plesk.page\/ca\/serveis\/proves-funcionals-digestives\/manometria-anorectal-alta-definicio\/","og_locale":"ca_ES","og_type":"article","og_title":"Manometria anorectal d'Alta Definici\u00f3 - Servidigest","og_description":"La Manometria Ano-Rectal d&#8217;Alta Resoluci\u00f3 \u00e9s un estudi amb tecnologia de darrera generaci\u00f3 que permet registrar alhora pressi\u00f3 atmosf\u00e8rica, anal i rectal. Es realitza amb un cat\u00e8ter d&#8217;avan\u00e7ada tecnologia que disposa de 12 sensors dividits [...]","og_url":"https:\/\/dev.93-93-113-41.plesk.page\/ca\/serveis\/proves-funcionals-digestives\/manometria-anorectal-alta-definicio\/","og_site_name":"Servidigest","article_publisher":"https:\/\/www.facebook.com\/servidigest","article_modified_time":"2024-05-20T19:30:56+00:00","twitter_card":"summary_large_image","twitter_site":"@servidigest","twitter_misc":{"Est. reading time":"1 minute"},"schema":{"@context":"https:\/\/schema.org","@graph":[{"@type":"WebPage","@id":"https:\/\/dev.93-93-113-41.plesk.page\/ca\/serveis\/proves-funcionals-digestives\/manometria-anorectal-alta-definicio\/","url":"https:\/\/dev.93-93-113-41.plesk.page\/ca\/serveis\/proves-funcionals-digestives\/manometria-anorectal-alta-definicio\/","name":"Manometria anorectal d'Alta Definici\u00f3 - Servidigest","isPartOf":{"@id":"https:\/\/dev.93-93-113-41.plesk.page\/ca\/#website"},"datePublished":"2020-01-08T10:53:03+00:00","dateModified":"2024-05-20T19:30:56+00:00","breadcrumb":{"@id":"https:\/\/dev.93-93-113-41.plesk.page\/ca\/serveis\/proves-funcionals-digestives\/manometria-anorectal-alta-definicio\/#breadcrumb"},"inLanguage":"ca","potentialAction":[{"@type":"ReadAction","target":["https:\/\/dev.93-93-113-41.plesk.page\/ca\/serveis\/proves-funcionals-digestives\/manometria-anorectal-alta-definicio\/"]}]},{"@type":"BreadcrumbList","@id":"https:\/\/dev.93-93-113-41.plesk.page\/ca\/serveis\/proves-funcionals-digestives\/manometria-anorectal-alta-definicio\/#breadcrumb","itemListElement":[{"@type":"ListItem","position":1,"name":"Serveis M\u00e8dics de Cl\u00ednica ServiDigest","item":"https:\/\/dev.93-93-113-41.plesk.page\/ca\/servicios\/"},{"@type":"ListItem","position":2,"name":"Proves funcionals digestives","item":"https:\/\/dev.93-93-113-41.plesk.page\/ca\/serveis\/proves-funcionals-digestives\/"},{"@type":"ListItem","position":3,"name":"Manometria anorectal d&#8217;Alta Definici\u00f3"}]},{"@type":"WebSite","@id":"https:\/\/dev.93-93-113-41.plesk.page\/ca\/#website","url":"https:\/\/dev.93-93-113-41.plesk.page\/ca\/","name":"Servidigest","description":"","publisher":{"@id":"https:\/\/dev.93-93-113-41.plesk.page\/ca\/#organization"},"potentialAction":[{"@type":"SearchAction","target":{"@type":"EntryPoint","urlTemplate":"https:\/\/dev.93-93-113-41.plesk.page\/ca\/?s={search_term_string}"},"query-input":"required name=search_term_string"}],"inLanguage":"ca"},{"@type":"Organization","@id":"https:\/\/dev.93-93-113-41.plesk.page\/ca\/#organization","name":"Servidigest","url":"https:\/\/dev.93-93-113-41.plesk.page\/ca\/","logo":{"@type":"ImageObject","inLanguage":"ca","@id":"https:\/\/dev.93-93-113-41.plesk.page\/ca\/#\/schema\/logo\/image\/","url":"https:\/\/dev.93-93-113-41.plesk.page\/wp-content\/uploads\/2024\/01\/servidigest.png","contentUrl":"https:\/\/dev.93-93-113-41.plesk.page\/wp-content\/uploads\/2024\/01\/servidigest.png","width":808,"height":88,"caption":"Servidigest"},"image":{"@id":"https:\/\/dev.93-93-113-41.plesk.page\/ca\/#\/schema\/logo\/image\/"},"sameAs":["https:\/\/www.facebook.com\/servidigest","https:\/\/x.com\/servidigest"]}]}},"_links":{"self":[{"href":"https:\/\/dev.93-93-113-41.plesk.page\/ca\/wp-json\/wp\/v2\/pages\/24918","targetHints":{"allow":["GET"]}}],"collection":[{"href":"https:\/\/dev.93-93-113-41.plesk.page\/ca\/wp-json\/wp\/v2\/pages"}],"about":[{"href":"https:\/\/dev.93-93-113-41.plesk.page\/ca\/wp-json\/wp\/v2\/types\/page"}],"author":[{"embeddable":true,"href":"https:\/\/dev.93-93-113-41.plesk.page\/ca\/wp-json\/wp\/v2\/users\/1"}],"replies":[{"embeddable":true,"href":"https:\/\/dev.93-93-113-41.plesk.page\/ca\/wp-json\/wp\/v2\/comments?post=24918"}],"version-history":[{"count":2,"href":"https:\/\/dev.93-93-113-41.plesk.page\/ca\/wp-json\/wp\/v2\/pages\/24918\/revisions"}],"predecessor-version":[{"id":40074,"href":"https:\/\/dev.93-93-113-41.plesk.page\/ca\/wp-json\/wp\/v2\/pages\/24918\/revisions\/40074"}],"up":[{"embeddable":true,"href":"https:\/\/dev.93-93-113-41.plesk.page\/ca\/wp-json\/wp\/v2\/pages\/131"}],"wp:attachment":[{"href":"https:\/\/dev.93-93-113-41.plesk.page\/ca\/wp-json\/wp\/v2\/media?parent=24918"}],"curies":[{"name":"wp","href":"https:\/\/api.w.org\/{rel}","templated":true}]}}