{"id":24914,"date":"2020-01-08T11:42:30","date_gmt":"2020-01-08T10:42:30","guid":{"rendered":"https:\/\/dev.93-93-113-41.plesk.page\/?page_id=24914"},"modified":"2024-02-26T17:13:37","modified_gmt":"2024-02-26T16:13:37","slug":"manometria-esofagica-alta-resolucio","status":"publish","type":"page","link":"https:\/\/dev.93-93-113-41.plesk.page\/ca\/serveis\/proves-funcionals-digestives\/manometria-esofagica-alta-resolucio\/","title":{"rendered":"Manometria esof\u00e0gica alta resoluci\u00f3"},"content":{"rendered":"<p>Els avantatges de la Manometria Esof\u00e0gica d&#8217;Alta Resoluci\u00f3 pel que fa als sistemes de Manometria Convencional per perfusi\u00f3 s\u00f3n, entre d\u2019altres, un major nombre de punts de registre i de par\u00e0metres analitzables amb major nombre d&#8217;eines de c\u00e0lcul.<\/p>\n<p>La Manometria d&#8217;Alta Resoluci\u00f3 (MAR) es realitza amb un Cat\u00e8ter d&#8217;avan\u00e7ada tecnologia que disposa de 36 sensors de pressi\u00f3 a menys de dos cent\u00edmetres de dist\u00e0ncia, amb el qual s&#8217;estudia la fisiologia anat\u00f2mica del peristaltisme esof\u00e0gic, obtenint un mapa espai-temporal de l&#8217;activitat motora de l&#8217;es\u00f2fag, tant del cos com dels dos esf\u00ednters (inferior i superior) al mateix temps i identifica millor els trastorns motors segmentaris i les relaxacions transit\u00f2ries. En definitiva, aporta nous par\u00e0metres de valoraci\u00f3 i nous criteris de classificaci\u00f3 dels trastorns motors primaris.<\/p>\n<div class=\"woocommerce \"><ul class=\"products columns-4\">\n<li class=\"product type-product post-38342 status-publish first instock product_cat-proves-mediques has-post-thumbnail virtual purchasable product-type-simple\">\n\t<a href=\"https:\/\/dev.93-93-113-41.plesk.page\/ca\/producte\/manometria-esofagica-dalta-resolucio\/\" class=\"woocommerce-LoopProduct-link woocommerce-loop-product__link\"><img fetchpriority=\"high\" decoding=\"async\" width=\"300\" height=\"300\" src=\"https:\/\/dev.93-93-113-41.plesk.page\/wp-content\/uploads\/2020\/01\/manometria-esofagica-alta-resolucion-300x300.jpg\" class=\"attachment-woocommerce_thumbnail size-woocommerce_thumbnail\" alt=\"\" srcset=\"https:\/\/dev.93-93-113-41.plesk.page\/wp-content\/uploads\/2020\/01\/manometria-esofagica-alta-resolucion-300x300.jpg 300w, https:\/\/dev.93-93-113-41.plesk.page\/wp-content\/uploads\/2020\/01\/manometria-esofagica-alta-resolucion-100x100.jpg 100w, https:\/\/dev.93-93-113-41.plesk.page\/wp-content\/uploads\/2020\/01\/manometria-esofagica-alta-resolucion-150x150.jpg 150w\" sizes=\"(max-width: 300px) 100vw, 300px\" \/><h2 class=\"woocommerce-loop-product__title\">Manometria Esof\u00e0gica d&#8217;Alta Resoluci\u00f3<\/h2>\n\t<span class=\"price\"><span class=\"woocommerce-Price-amount amount\"><bdi>590,00&nbsp;<span class=\"woocommerce-Price-currencySymbol\">&euro;<\/span><\/bdi><\/span><\/span>\n<\/a><a href=\"?add-to-cart=38342\" data-quantity=\"1\" class=\"button product_type_simple add_to_cart_button ajax_add_to_cart\" data-product_id=\"38342\" data-product_sku=\"manometria-alta-resolucion\" aria-label=\"Add to cart: &ldquo;Manometria Esof\u00e0gica d&#039;Alta Resoluci\u00f3&rdquo;\" aria-describedby=\"\" rel=\"nofollow\">Afegeix a la cistella<\/a><\/li>\n<\/ul>\n<\/div>\n","protected":false},"excerpt":{"rendered":"<div class=\"mh-excerpt\"><p>Els avantatges de la Manometria Esof\u00e0gica d&#8217;Alta Resoluci\u00f3 pel que fa als sistemes de Manometria Convencional per perfusi\u00f3 s\u00f3n, entre d\u2019altres, un major nombre de punts de registre i de par\u00e0metres analitzables amb major nombre <a class=\"mh-excerpt-more\" href=\"https:\/\/dev.93-93-113-41.plesk.page\/ca\/serveis\/proves-funcionals-digestives\/manometria-esofagica-alta-resolucio\/\" title=\"Manometria esof\u00e0gica alta resoluci\u00f3\">[&#8230;]<\/a><\/p>\n<\/div>","protected":false},"author":1,"featured_media":0,"parent":131,"menu_order":0,"comment_status":"closed","ping_status":"closed","template":"","meta":{"footnotes":""},"class_list":["post-24914","page","type-page","status-publish"],"yoast_head":"<!-- This site is optimized with the Yoast SEO plugin v22.6 - https:\/\/yoast.com\/wordpress\/plugins\/seo\/ -->\n<title>Manometria esof\u00e0gica alta resoluci\u00f3 - Servidigest<\/title>\n<meta name=\"robots\" content=\"index, follow, max-snippet:-1, max-image-preview:large, max-video-preview:-1\" \/>\n<link rel=\"canonical\" href=\"https:\/\/dev.93-93-113-41.plesk.page\/ca\/serveis\/proves-funcionals-digestives\/manometria-esofagica-alta-resolucio\/\" \/>\n<meta property=\"og:locale\" content=\"ca_ES\" \/>\n<meta property=\"og:type\" content=\"article\" \/>\n<meta property=\"og:title\" content=\"Manometria esof\u00e0gica alta resoluci\u00f3 - Servidigest\" \/>\n<meta property=\"og:description\" content=\"Els avantatges de la Manometria Esof\u00e0gica d&#8217;Alta Resoluci\u00f3 pel que fa als sistemes de Manometria Convencional per perfusi\u00f3 s\u00f3n, entre d\u2019altres, un major nombre de punts de registre i de par\u00e0metres analitzables amb major nombre [...]\" \/>\n<meta property=\"og:url\" content=\"https:\/\/dev.93-93-113-41.plesk.page\/ca\/serveis\/proves-funcionals-digestives\/manometria-esofagica-alta-resolucio\/\" \/>\n<meta property=\"og:site_name\" content=\"Servidigest\" \/>\n<meta property=\"article:publisher\" content=\"https:\/\/www.facebook.com\/servidigest\" \/>\n<meta property=\"article:modified_time\" content=\"2024-02-26T16:13:37+00:00\" \/>\n<meta name=\"twitter:card\" content=\"summary_large_image\" \/>\n<meta name=\"twitter:site\" content=\"@servidigest\" \/>\n<meta name=\"twitter:label1\" content=\"Est. reading time\" \/>\n\t<meta name=\"twitter:data1\" content=\"1 minute\" \/>\n<script type=\"application\/ld+json\" class=\"yoast-schema-graph\">{\"@context\":\"https:\/\/schema.org\",\"@graph\":[{\"@type\":\"WebPage\",\"@id\":\"https:\/\/dev.93-93-113-41.plesk.page\/ca\/serveis\/proves-funcionals-digestives\/manometria-esofagica-alta-resolucio\/\",\"url\":\"https:\/\/dev.93-93-113-41.plesk.page\/ca\/serveis\/proves-funcionals-digestives\/manometria-esofagica-alta-resolucio\/\",\"name\":\"Manometria esof\u00e0gica alta resoluci\u00f3 - Servidigest\",\"isPartOf\":{\"@id\":\"https:\/\/dev.93-93-113-41.plesk.page\/ca\/#website\"},\"datePublished\":\"2020-01-08T10:42:30+00:00\",\"dateModified\":\"2024-02-26T16:13:37+00:00\",\"breadcrumb\":{\"@id\":\"https:\/\/dev.93-93-113-41.plesk.page\/ca\/serveis\/proves-funcionals-digestives\/manometria-esofagica-alta-resolucio\/#breadcrumb\"},\"inLanguage\":\"ca\",\"potentialAction\":[{\"@type\":\"ReadAction\",\"target\":[\"https:\/\/dev.93-93-113-41.plesk.page\/ca\/serveis\/proves-funcionals-digestives\/manometria-esofagica-alta-resolucio\/\"]}]},{\"@type\":\"BreadcrumbList\",\"@id\":\"https:\/\/dev.93-93-113-41.plesk.page\/ca\/serveis\/proves-funcionals-digestives\/manometria-esofagica-alta-resolucio\/#breadcrumb\",\"itemListElement\":[{\"@type\":\"ListItem\",\"position\":1,\"name\":\"Serveis M\u00e8dics de Cl\u00ednica ServiDigest\",\"item\":\"https:\/\/dev.93-93-113-41.plesk.page\/ca\/servicios\/\"},{\"@type\":\"ListItem\",\"position\":2,\"name\":\"Proves funcionals digestives\",\"item\":\"https:\/\/dev.93-93-113-41.plesk.page\/ca\/serveis\/proves-funcionals-digestives\/\"},{\"@type\":\"ListItem\",\"position\":3,\"name\":\"Manometria esof\u00e0gica alta resoluci\u00f3\"}]},{\"@type\":\"WebSite\",\"@id\":\"https:\/\/dev.93-93-113-41.plesk.page\/ca\/#website\",\"url\":\"https:\/\/dev.93-93-113-41.plesk.page\/ca\/\",\"name\":\"Servidigest\",\"description\":\"\",\"publisher\":{\"@id\":\"https:\/\/dev.93-93-113-41.plesk.page\/ca\/#organization\"},\"potentialAction\":[{\"@type\":\"SearchAction\",\"target\":{\"@type\":\"EntryPoint\",\"urlTemplate\":\"https:\/\/dev.93-93-113-41.plesk.page\/ca\/?s={search_term_string}\"},\"query-input\":\"required name=search_term_string\"}],\"inLanguage\":\"ca\"},{\"@type\":\"Organization\",\"@id\":\"https:\/\/dev.93-93-113-41.plesk.page\/ca\/#organization\",\"name\":\"Servidigest\",\"url\":\"https:\/\/dev.93-93-113-41.plesk.page\/ca\/\",\"logo\":{\"@type\":\"ImageObject\",\"inLanguage\":\"ca\",\"@id\":\"https:\/\/dev.93-93-113-41.plesk.page\/ca\/#\/schema\/logo\/image\/\",\"url\":\"https:\/\/dev.93-93-113-41.plesk.page\/wp-content\/uploads\/2024\/01\/servidigest.png\",\"contentUrl\":\"https:\/\/dev.93-93-113-41.plesk.page\/wp-content\/uploads\/2024\/01\/servidigest.png\",\"width\":808,\"height\":88,\"caption\":\"Servidigest\"},\"image\":{\"@id\":\"https:\/\/dev.93-93-113-41.plesk.page\/ca\/#\/schema\/logo\/image\/\"},\"sameAs\":[\"https:\/\/www.facebook.com\/servidigest\",\"https:\/\/x.com\/servidigest\"]}]}<\/script>\n<!-- \/ Yoast SEO plugin. -->","yoast_head_json":{"title":"Manometria esof\u00e0gica alta resoluci\u00f3 - Servidigest","robots":{"index":"index","follow":"follow","max-snippet":"max-snippet:-1","max-image-preview":"max-image-preview:large","max-video-preview":"max-video-preview:-1"},"canonical":"https:\/\/dev.93-93-113-41.plesk.page\/ca\/serveis\/proves-funcionals-digestives\/manometria-esofagica-alta-resolucio\/","og_locale":"ca_ES","og_type":"article","og_title":"Manometria esof\u00e0gica alta resoluci\u00f3 - Servidigest","og_description":"Els avantatges de la Manometria Esof\u00e0gica d&#8217;Alta Resoluci\u00f3 pel que fa als sistemes de Manometria Convencional per perfusi\u00f3 s\u00f3n, entre d\u2019altres, un major nombre de punts de registre i de par\u00e0metres analitzables amb major nombre [...]","og_url":"https:\/\/dev.93-93-113-41.plesk.page\/ca\/serveis\/proves-funcionals-digestives\/manometria-esofagica-alta-resolucio\/","og_site_name":"Servidigest","article_publisher":"https:\/\/www.facebook.com\/servidigest","article_modified_time":"2024-02-26T16:13:37+00:00","twitter_card":"summary_large_image","twitter_site":"@servidigest","twitter_misc":{"Est. reading time":"1 minute"},"schema":{"@context":"https:\/\/schema.org","@graph":[{"@type":"WebPage","@id":"https:\/\/dev.93-93-113-41.plesk.page\/ca\/serveis\/proves-funcionals-digestives\/manometria-esofagica-alta-resolucio\/","url":"https:\/\/dev.93-93-113-41.plesk.page\/ca\/serveis\/proves-funcionals-digestives\/manometria-esofagica-alta-resolucio\/","name":"Manometria esof\u00e0gica alta resoluci\u00f3 - Servidigest","isPartOf":{"@id":"https:\/\/dev.93-93-113-41.plesk.page\/ca\/#website"},"datePublished":"2020-01-08T10:42:30+00:00","dateModified":"2024-02-26T16:13:37+00:00","breadcrumb":{"@id":"https:\/\/dev.93-93-113-41.plesk.page\/ca\/serveis\/proves-funcionals-digestives\/manometria-esofagica-alta-resolucio\/#breadcrumb"},"inLanguage":"ca","potentialAction":[{"@type":"ReadAction","target":["https:\/\/dev.93-93-113-41.plesk.page\/ca\/serveis\/proves-funcionals-digestives\/manometria-esofagica-alta-resolucio\/"]}]},{"@type":"BreadcrumbList","@id":"https:\/\/dev.93-93-113-41.plesk.page\/ca\/serveis\/proves-funcionals-digestives\/manometria-esofagica-alta-resolucio\/#breadcrumb","itemListElement":[{"@type":"ListItem","position":1,"name":"Serveis M\u00e8dics de Cl\u00ednica ServiDigest","item":"https:\/\/dev.93-93-113-41.plesk.page\/ca\/servicios\/"},{"@type":"ListItem","position":2,"name":"Proves funcionals digestives","item":"https:\/\/dev.93-93-113-41.plesk.page\/ca\/serveis\/proves-funcionals-digestives\/"},{"@type":"ListItem","position":3,"name":"Manometria esof\u00e0gica alta resoluci\u00f3"}]},{"@type":"WebSite","@id":"https:\/\/dev.93-93-113-41.plesk.page\/ca\/#website","url":"https:\/\/dev.93-93-113-41.plesk.page\/ca\/","name":"Servidigest","description":"","publisher":{"@id":"https:\/\/dev.93-93-113-41.plesk.page\/ca\/#organization"},"potentialAction":[{"@type":"SearchAction","target":{"@type":"EntryPoint","urlTemplate":"https:\/\/dev.93-93-113-41.plesk.page\/ca\/?s={search_term_string}"},"query-input":"required name=search_term_string"}],"inLanguage":"ca"},{"@type":"Organization","@id":"https:\/\/dev.93-93-113-41.plesk.page\/ca\/#organization","name":"Servidigest","url":"https:\/\/dev.93-93-113-41.plesk.page\/ca\/","logo":{"@type":"ImageObject","inLanguage":"ca","@id":"https:\/\/dev.93-93-113-41.plesk.page\/ca\/#\/schema\/logo\/image\/","url":"https:\/\/dev.93-93-113-41.plesk.page\/wp-content\/uploads\/2024\/01\/servidigest.png","contentUrl":"https:\/\/dev.93-93-113-41.plesk.page\/wp-content\/uploads\/2024\/01\/servidigest.png","width":808,"height":88,"caption":"Servidigest"},"image":{"@id":"https:\/\/dev.93-93-113-41.plesk.page\/ca\/#\/schema\/logo\/image\/"},"sameAs":["https:\/\/www.facebook.com\/servidigest","https:\/\/x.com\/servidigest"]}]}},"_links":{"self":[{"href":"https:\/\/dev.93-93-113-41.plesk.page\/ca\/wp-json\/wp\/v2\/pages\/24914","targetHints":{"allow":["GET"]}}],"collection":[{"href":"https:\/\/dev.93-93-113-41.plesk.page\/ca\/wp-json\/wp\/v2\/pages"}],"about":[{"href":"https:\/\/dev.93-93-113-41.plesk.page\/ca\/wp-json\/wp\/v2\/types\/page"}],"author":[{"embeddable":true,"href":"https:\/\/dev.93-93-113-41.plesk.page\/ca\/wp-json\/wp\/v2\/users\/1"}],"replies":[{"embeddable":true,"href":"https:\/\/dev.93-93-113-41.plesk.page\/ca\/wp-json\/wp\/v2\/comments?post=24914"}],"version-history":[{"count":1,"href":"https:\/\/dev.93-93-113-41.plesk.page\/ca\/wp-json\/wp\/v2\/pages\/24914\/revisions"}],"predecessor-version":[{"id":35123,"href":"https:\/\/dev.93-93-113-41.plesk.page\/ca\/wp-json\/wp\/v2\/pages\/24914\/revisions\/35123"}],"up":[{"embeddable":true,"href":"https:\/\/dev.93-93-113-41.plesk.page\/ca\/wp-json\/wp\/v2\/pages\/131"}],"wp:attachment":[{"href":"https:\/\/dev.93-93-113-41.plesk.page\/ca\/wp-json\/wp\/v2\/media?parent=24914"}],"curies":[{"name":"wp","href":"https:\/\/api.w.org\/{rel}","templated":true}]}}