{"id":16627,"date":"2015-12-16T13:28:34","date_gmt":"2015-12-16T12:28:34","guid":{"rendered":"https:\/\/dev.93-93-113-41.plesk.page\/?page_id=16627\/"},"modified":"2024-02-26T17:12:17","modified_gmt":"2024-02-26T16:12:17","slug":"condicions-generals-de-contractacio","status":"publish","type":"page","link":"https:\/\/dev.93-93-113-41.plesk.page\/ca\/condicions-generals-de-contractacio\/","title":{"rendered":"Condicions Generals de Contractaci\u00f3 de la Tenda Online de ServiDigest"},"content":{"rendered":"<p><strong>CONDICIONS GENERALS DE CONTRACTACI\u00d3 DE LA TENDA ONLINE SERVIDIGEST<\/strong><\/p>\n<p>Les presents condicions generals de contractaci\u00f3 s\u00f3n aplicables a la contractaci\u00f3 dels serveis m\u00e8dics oferts a trav\u00e9s de la tenda online de la p\u00e0gina web www.servidigest.com, propietat de Unitat d\u2019aparell digestiu ServiDigest S.L .<\/p>\n<p>1.- IDENTIFICACI\u00d3 DE LES PARTS:<\/p>\n<p>D&#8217;una part, Unitat d\u2019aparell digestiu ServiDigest S.L., (d&#8217;ara endavant \u201cSERVIDIGEST\u201d, prove\u00efda de\u00a0 CIF B61719290 amb domicili en\u00a0 Muntaner 507 5\u00ba 1\u00aa \u2013 08022,\u00a0 Barcelona i les dades del qual de Registre Mercantil de Barcelona s\u00f3n: Tom 30876, foli 159, fulla n\u00famero 179412, inscripci\u00f3 1.<\/p>\n<p>D&#8217;una altra part, l&#8217;usuari web de la tenda online\u00a0 (d&#8217;ara endavant, \u201cEL CLIENT\u201d), que accepta les presents condicions generals de contractaci\u00f3 des del moment en qu\u00e8 contracta els serveis oferts per SERVIDIGEST. S&#8217;entendr\u00e0 per Client a la persona f\u00edsica o jur\u00eddica, que tingui plena capacitat per contractar i que\u00a0 tramiti l&#8217;alta com a usuari-membre del CLUB SERVIDIGEST.<\/p>\n<p>2.-INFORMACI\u00d3 PR\u00c8VIA SOBRE CL\u00c0USULES CONTRACTUALS\u00a0 SERVIDIGEST ONLINE:<\/p>\n<p>La contractaci\u00f3 per l&#8217;usuari-client de qualsevol dels serveis m\u00e8dics oferts per SERVIDIGEST a trav\u00e9s de la tenda Online suposa l&#8217;acceptaci\u00f3 total de les cl\u00e0usules contractuals establertes en les presents condicions generals de contractaci\u00f3, que el Client reconeix haver llegit pr\u00e8viament a la formalitzaci\u00f3 del contracte per mitjans electr\u00f2nics; I tot aix\u00f2, sense perjudici de les cl\u00e0usules contractuals particulars que resultin d&#8217;aplicaci\u00f3 a cadascun dels productes i serveis jur\u00eddics oferts per SERVIDIGEST, i contractats de manera concreta per l&#8217;usuari-client.<\/p>\n<p>3.- CLUB SERVIDIGEST<\/p>\n<p>Per a una correcta prestaci\u00f3 online de serveis de contractaci\u00f3 de serveis m\u00e8dics, \u00e9s obligatori que el client es doni d&#8217;alta en el CLUB SERVIDIGEST a trav\u00e9s dels formularis facilitats per a aquest fi i que es poden localitzar a l&#8217;apartat CONTRACTAR ONLINE de la p\u00e0gina web www.servidigest.com. Posteriorment a la finalitzaci\u00f3 del proc\u00e9s d&#8217;alta en el CLUB SERVIDIGEST, l&#8217;usuari haur\u00e0 de presentar-se en les instal\u00b7lacions de SERVIDIGEST on se li lliurar\u00e0 la targeta de membresia del CLUB. L&#8217;usuari podr\u00e0 acudir a realitzar aquest tr\u00e0mit el mateix dia de realitzaci\u00f3 de la prova m\u00e8dica contractada online, per a aix\u00f2 haur\u00e0 d&#8217;aportar el seu DNI o document d&#8217;identificaci\u00f3.<\/p>\n<p>4.- OBJECTE CONTRACTUAL<\/p>\n<p>Les presents condicions generals de contractaci\u00f3\u00a0 tenen per objecte regular la contractaci\u00f3 online\u00a0 de serveis m\u00e8dics especialitzats en Aparell Digestiu, Endocrinologia, Nutrici\u00f3 i Diet\u00e8tica, Obesitat, Cirurgia General, Digestiva i Metab\u00f2lica, previ pagament del client\u00a0 del preu especificat en la cl\u00e0usula 5 d&#8217;aquestes condicions.<\/p>\n<p>5.- LLISTAT DE SERVEIS I PREUS<\/p>\n<p>6.-PROC\u00c9S DE COMPRA<\/p>\n<p>Perqu\u00e8 el proc\u00e9s de compra es validi, el client haur\u00e0 de donar-se d&#8217;alta com a membre del CLUB SERVIDIGEST (apartat 3) i a partir de llavors podr\u00e0 realitzar les compres online dels serveis m\u00e8dics.<br \/>\nUna vegada donat d&#8217;alta el client podr\u00e0 accedir a la seva \u00e0rea de client a trav\u00e9s d&#8217;un login i password que escollir\u00e0 al moment de registre. En aquesta \u00e0rea el client podr\u00e0 gestionar les seves compres i actualitzar les seves dades.<\/p>\n<p>7.- FORMA DE PAGAMENT<\/p>\n<p>La formes de pagament seran:<br \/>\n&#8211;\u00a0\u00a0\u00a0 Transfer\u00e8ncia banc\u00e0ria al compte facilitat.<br \/>\n&#8211;\u00a0\u00a0\u00a0 Pagament amb targeta de cr\u00e8dit o d\u00e8bit mitjan\u00e7ant passarel\u00b7la de pagament d&#8217;entitat banc\u00e0ria LA CAIXA (Redsys).<\/p>\n<p>8.- TERMINI PER GAUDIR DELS SERVEIS CONTRACTATS<\/p>\n<p>En un m\u00e0xim de 48 hores laborables es contactar\u00e0 amb el client per programar dia i hora del Servei M\u00e8dic.<br \/>\nEl client Rebr\u00e0 un correu electr\u00f2nic amb les dades de\u00a0 contractaci\u00f3 del servei m\u00e8dic i la informaci\u00f3 del Centre M\u00e8dic on es realitzar\u00e0 el Servei. Una vegada contractat el Servei tindr\u00e0 fins a 3 mesos per programar-ho.<\/p>\n<p>9.- DRET DE DESISTIMENT<\/p>\n<p>El client disposa d&#8217;un termini de 14 dies naturals per desistir de la compra online dels serveis escollits. El client haur\u00e0 d&#8217;enviar un mail\u00a0 a l&#8217;adre\u00e7a lopd@servidigest.com.\u00a0 En aquests casos SERVIDIGEST abonar\u00e0 les quantitats pagades pel client en un termini no major a 30 dies naturals.<\/p>\n<p>10.- Responsabilitat de Servidigest en el compliment dels serveis contractats.<\/p>\n<p>SERVIDIGEST es compromet a efectuar els serveis contractats sempre que sigui validat per ordre m\u00e8dica.<br \/>\nEn cas que per ordre m\u00e8dica no es pogu\u00e9s realitzar el servei es retornar\u00e0 al client\u00a0 tot l&#8217;import del servei que no s&#8217;ha pogut efectuar, amb excepci\u00f3\u00a0 del cost de la visita m\u00e8dica.<\/p>\n<p>11. PROTECCI\u00d3 DE DADES I CONFIDENCIALITAT DE LA INFORMACI\u00d3.<\/p>\n<p>Llei Org\u00e0nica de Protecci\u00f3 de Dades de Car\u00e0cter Personal. www.servidigest.com\u00a0 posa a la disposici\u00f3 de l&#8217;usuari un compte de correu electr\u00f2nic i diversos formularis de registre,\u00a0 a trav\u00e9s dels quals ens pot fer arribar les seves consultes i sol\u00b7licituds de serveis.<br \/>\nQuan l&#8217;usuari fa \u00fas d&#8217;aquests mitjans per contactar amb nosaltres est\u00e0 acceptant de forma expressa que les dades que ens faciliti quedin incorporades en un fitxer propietat de SERVIDIGEST, degudament inscrit en el Registre General de Protecci\u00f3 de Dades de l&#8217;Ag\u00e8ncia Espanyola de Protecci\u00f3 de Dades (AEPD), amb l&#8217;\u00fanic fi d&#8217;atendre les consultes i sol\u00b7licituds de serveis\u00a0 que ens pugui fer arribar. SERVIDIGEST no far\u00e0 \u00fas de les seves dades amb finalitats comercials tret que Vost\u00e8 l&#8217;hagi autoritzat de forma expressa mitjan\u00e7ant el marcat dels chekbox que li facilitem en tots els nostres formularis de registre.<br \/>\nEn qualsevol cas, l&#8217;usuari respondr\u00e0 de la veracitat de les dades facilitades i es presumir\u00e0 que qui ens ha fet arribar les dades \u00e9s el titular de les mateixes.<br \/>\nSERVIDIGEST guardar\u00e0 les dades personals rebudes a trav\u00e9s de la p\u00e0gina web en total secret, garantint la seva confidencialitat, i adoptar\u00e0 les mesures t\u00e8cniques necess\u00e0ries i adequades per evitar qualsevol alteraci\u00f3, p\u00e8rdua, mal \u00fas, substracci\u00f3 o tractament i\/o acc\u00e9s no autoritzats. Aix\u00ed mateix aquestes dades no seran cedides ni es donar\u00e0 acc\u00e9s a cap moment a terceres entitats sense autoritzaci\u00f3 expressa del titular de les mateixes.<br \/>\nL&#8217;acc\u00e9s o \u00fas d&#8217;aquesta p\u00e0gina web per part de l&#8217;usuari implica el seu consentiment i acceptaci\u00f3 de totes les condicions exposades en aquestes condicions generals.<br \/>\nL&#8217;usuari podr\u00e0 accedir, rectificar, cancel\u00b7lar les seves dades en qualsevol moment exercitant els seus drets davant el Responsable del Fitxer: Unitat d\u2019aparell digestiu Servidigest S.L., a c\/ Balmes, 334 \u2013 08006 \u2013 Barcelona o al Correu: lopd@servidigest.com.<\/p>\n<p>12.-LEGISLACI\u00d3 APLICABLE I FUR<\/p>\n<p>12.1- Legislaci\u00f3 aplicable:<br \/>\nLes parts reconeixen que la legislaci\u00f3 aplicable al present contracte, i a totes les relacions jur\u00eddiques que provenen del mateix, ser\u00e0 l&#8217;espanyola, per expressa aplicaci\u00f3 del que es disposa en l&#8217;article 1.262 del Codi Civil, en relaci\u00f3 amb el que es disposa en el Cap\u00edtol IV, del T\u00edtol Preliminar del mateix cos legal.<br \/>\nEn qualsevol cas, per a la resoluci\u00f3 de totes les controv\u00e8rsies o q\u00fcestions relacionades amb la present TENDA ONLINE\u00a0 o dels serveis en ell desenvolupats, ser\u00e0 aplicable la legislaci\u00f3 espanyola.<\/p>\n<p>12.2.- Fur:<br \/>\nSERVIDIGEST i el Client que no sigui consumidor o usuari, segons la definici\u00f3 donada per la normativa sectorial espanyola, renuncien expressament a qualsevol altre fur, i se sotmeten al dels jutjats i tribunals de la ciutat de Barcelona cabdal, per a qualsevol controv\u00e8rsia que pogu\u00e9s derivar-se de l&#8217;acc\u00e9s o \u00fas del lloc web, aix\u00ed com de la contractaci\u00f3 i prestaci\u00f3 de serveis a trav\u00e9s de la tenda online.<\/p>\n","protected":false},"excerpt":{"rendered":"<div class=\"mh-excerpt\"><p>CONDICIONS GENERALS DE CONTRACTACI\u00d3 DE LA TENDA ONLINE SERVIDIGEST Les presents condicions generals de contractaci\u00f3 s\u00f3n aplicables a la contractaci\u00f3 dels serveis m\u00e8dics oferts a trav\u00e9s de la tenda online de la p\u00e0gina web www.servidigest.com, <a class=\"mh-excerpt-more\" href=\"https:\/\/dev.93-93-113-41.plesk.page\/ca\/condicions-generals-de-contractacio\/\" title=\"Condicions Generals de Contractaci\u00f3 de la Tenda Online de ServiDigest\">[&#8230;]<\/a><\/p>\n<\/div>","protected":false},"author":1,"featured_media":0,"parent":0,"menu_order":0,"comment_status":"closed","ping_status":"closed","template":"","meta":{"footnotes":""},"class_list":["post-16627","page","type-page","status-publish"],"yoast_head":"<!-- This site is optimized with the Yoast SEO plugin v22.6 - https:\/\/yoast.com\/wordpress\/plugins\/seo\/ -->\n<title>Condicions Generals de Contractaci\u00f3 de la Tenda Online de ServiDigest - Servidigest<\/title>\n<meta name=\"robots\" content=\"noindex, follow\" \/>\n<meta property=\"og:locale\" content=\"ca_ES\" \/>\n<meta property=\"og:type\" content=\"article\" \/>\n<meta property=\"og:title\" content=\"Condicions Generals de Contractaci\u00f3 de la Tenda Online de ServiDigest - Servidigest\" \/>\n<meta property=\"og:description\" content=\"CONDICIONS GENERALS DE CONTRACTACI\u00d3 DE LA TENDA ONLINE SERVIDIGEST Les presents condicions generals de contractaci\u00f3 s\u00f3n aplicables a la contractaci\u00f3 dels serveis m\u00e8dics oferts a trav\u00e9s de la tenda online de la p\u00e0gina web www.servidigest.com, [...]\" \/>\n<meta property=\"og:url\" content=\"https:\/\/dev.93-93-113-41.plesk.page\/ca\/condicions-generals-de-contractacio\/\" \/>\n<meta property=\"og:site_name\" content=\"Servidigest\" \/>\n<meta property=\"article:publisher\" content=\"https:\/\/www.facebook.com\/servidigest\" \/>\n<meta property=\"article:modified_time\" content=\"2024-02-26T16:12:17+00:00\" \/>\n<meta name=\"twitter:card\" content=\"summary_large_image\" \/>\n<meta name=\"twitter:site\" content=\"@servidigest\" \/>\n<meta name=\"twitter:label1\" content=\"Est. reading time\" \/>\n\t<meta name=\"twitter:data1\" content=\"6 minutes\" \/>\n<script type=\"application\/ld+json\" class=\"yoast-schema-graph\">{\"@context\":\"https:\/\/schema.org\",\"@graph\":[{\"@type\":\"WebPage\",\"@id\":\"https:\/\/dev.93-93-113-41.plesk.page\/ca\/condicions-generals-de-contractacio\/\",\"url\":\"https:\/\/dev.93-93-113-41.plesk.page\/ca\/condicions-generals-de-contractacio\/\",\"name\":\"Condicions Generals de Contractaci\u00f3 de la Tenda Online de ServiDigest - Servidigest\",\"isPartOf\":{\"@id\":\"https:\/\/dev.93-93-113-41.plesk.page\/ca\/#website\"},\"datePublished\":\"2015-12-16T12:28:34+00:00\",\"dateModified\":\"2024-02-26T16:12:17+00:00\",\"inLanguage\":\"ca\",\"potentialAction\":[{\"@type\":\"ReadAction\",\"target\":[\"https:\/\/dev.93-93-113-41.plesk.page\/ca\/condicions-generals-de-contractacio\/\"]}]},{\"@type\":\"WebSite\",\"@id\":\"https:\/\/dev.93-93-113-41.plesk.page\/ca\/#website\",\"url\":\"https:\/\/dev.93-93-113-41.plesk.page\/ca\/\",\"name\":\"Servidigest\",\"description\":\"\",\"publisher\":{\"@id\":\"https:\/\/dev.93-93-113-41.plesk.page\/ca\/#organization\"},\"potentialAction\":[{\"@type\":\"SearchAction\",\"target\":{\"@type\":\"EntryPoint\",\"urlTemplate\":\"https:\/\/dev.93-93-113-41.plesk.page\/ca\/?s={search_term_string}\"},\"query-input\":\"required name=search_term_string\"}],\"inLanguage\":\"ca\"},{\"@type\":\"Organization\",\"@id\":\"https:\/\/dev.93-93-113-41.plesk.page\/ca\/#organization\",\"name\":\"Servidigest\",\"url\":\"https:\/\/dev.93-93-113-41.plesk.page\/ca\/\",\"logo\":{\"@type\":\"ImageObject\",\"inLanguage\":\"ca\",\"@id\":\"https:\/\/dev.93-93-113-41.plesk.page\/ca\/#\/schema\/logo\/image\/\",\"url\":\"https:\/\/dev.93-93-113-41.plesk.page\/wp-content\/uploads\/2024\/01\/servidigest.png\",\"contentUrl\":\"https:\/\/dev.93-93-113-41.plesk.page\/wp-content\/uploads\/2024\/01\/servidigest.png\",\"width\":808,\"height\":88,\"caption\":\"Servidigest\"},\"image\":{\"@id\":\"https:\/\/dev.93-93-113-41.plesk.page\/ca\/#\/schema\/logo\/image\/\"},\"sameAs\":[\"https:\/\/www.facebook.com\/servidigest\",\"https:\/\/x.com\/servidigest\"]}]}<\/script>\n<!-- \/ Yoast SEO plugin. -->","yoast_head_json":{"title":"Condicions Generals de Contractaci\u00f3 de la Tenda Online de ServiDigest - Servidigest","robots":{"index":"noindex","follow":"follow"},"og_locale":"ca_ES","og_type":"article","og_title":"Condicions Generals de Contractaci\u00f3 de la Tenda Online de ServiDigest - Servidigest","og_description":"CONDICIONS GENERALS DE CONTRACTACI\u00d3 DE LA TENDA ONLINE SERVIDIGEST Les presents condicions generals de contractaci\u00f3 s\u00f3n aplicables a la contractaci\u00f3 dels serveis m\u00e8dics oferts a trav\u00e9s de la tenda online de la p\u00e0gina web www.servidigest.com, [...]","og_url":"https:\/\/dev.93-93-113-41.plesk.page\/ca\/condicions-generals-de-contractacio\/","og_site_name":"Servidigest","article_publisher":"https:\/\/www.facebook.com\/servidigest","article_modified_time":"2024-02-26T16:12:17+00:00","twitter_card":"summary_large_image","twitter_site":"@servidigest","twitter_misc":{"Est. reading time":"6 minutes"},"schema":{"@context":"https:\/\/schema.org","@graph":[{"@type":"WebPage","@id":"https:\/\/dev.93-93-113-41.plesk.page\/ca\/condicions-generals-de-contractacio\/","url":"https:\/\/dev.93-93-113-41.plesk.page\/ca\/condicions-generals-de-contractacio\/","name":"Condicions Generals de Contractaci\u00f3 de la Tenda Online de ServiDigest - Servidigest","isPartOf":{"@id":"https:\/\/dev.93-93-113-41.plesk.page\/ca\/#website"},"datePublished":"2015-12-16T12:28:34+00:00","dateModified":"2024-02-26T16:12:17+00:00","inLanguage":"ca","potentialAction":[{"@type":"ReadAction","target":["https:\/\/dev.93-93-113-41.plesk.page\/ca\/condicions-generals-de-contractacio\/"]}]},{"@type":"WebSite","@id":"https:\/\/dev.93-93-113-41.plesk.page\/ca\/#website","url":"https:\/\/dev.93-93-113-41.plesk.page\/ca\/","name":"Servidigest","description":"","publisher":{"@id":"https:\/\/dev.93-93-113-41.plesk.page\/ca\/#organization"},"potentialAction":[{"@type":"SearchAction","target":{"@type":"EntryPoint","urlTemplate":"https:\/\/dev.93-93-113-41.plesk.page\/ca\/?s={search_term_string}"},"query-input":"required name=search_term_string"}],"inLanguage":"ca"},{"@type":"Organization","@id":"https:\/\/dev.93-93-113-41.plesk.page\/ca\/#organization","name":"Servidigest","url":"https:\/\/dev.93-93-113-41.plesk.page\/ca\/","logo":{"@type":"ImageObject","inLanguage":"ca","@id":"https:\/\/dev.93-93-113-41.plesk.page\/ca\/#\/schema\/logo\/image\/","url":"https:\/\/dev.93-93-113-41.plesk.page\/wp-content\/uploads\/2024\/01\/servidigest.png","contentUrl":"https:\/\/dev.93-93-113-41.plesk.page\/wp-content\/uploads\/2024\/01\/servidigest.png","width":808,"height":88,"caption":"Servidigest"},"image":{"@id":"https:\/\/dev.93-93-113-41.plesk.page\/ca\/#\/schema\/logo\/image\/"},"sameAs":["https:\/\/www.facebook.com\/servidigest","https:\/\/x.com\/servidigest"]}]}},"_links":{"self":[{"href":"https:\/\/dev.93-93-113-41.plesk.page\/ca\/wp-json\/wp\/v2\/pages\/16627","targetHints":{"allow":["GET"]}}],"collection":[{"href":"https:\/\/dev.93-93-113-41.plesk.page\/ca\/wp-json\/wp\/v2\/pages"}],"about":[{"href":"https:\/\/dev.93-93-113-41.plesk.page\/ca\/wp-json\/wp\/v2\/types\/page"}],"author":[{"embeddable":true,"href":"https:\/\/dev.93-93-113-41.plesk.page\/ca\/wp-json\/wp\/v2\/users\/1"}],"replies":[{"embeddable":true,"href":"https:\/\/dev.93-93-113-41.plesk.page\/ca\/wp-json\/wp\/v2\/comments?post=16627"}],"version-history":[{"count":1,"href":"https:\/\/dev.93-93-113-41.plesk.page\/ca\/wp-json\/wp\/v2\/pages\/16627\/revisions"}],"predecessor-version":[{"id":34998,"href":"https:\/\/dev.93-93-113-41.plesk.page\/ca\/wp-json\/wp\/v2\/pages\/16627\/revisions\/34998"}],"wp:attachment":[{"href":"https:\/\/dev.93-93-113-41.plesk.page\/ca\/wp-json\/wp\/v2\/media?parent=16627"}],"curies":[{"name":"wp","href":"https:\/\/api.w.org\/{rel}","templated":true}]}}