{"id":165,"date":"2014-05-16T09:50:08","date_gmt":"2014-05-16T09:50:08","guid":{"rendered":"https:\/\/dev.93-93-113-41.plesk.page\/?page_id=165"},"modified":"2024-05-15T13:26:30","modified_gmt":"2024-05-15T11:26:30","slug":"turisme-sanitari","status":"publish","type":"page","link":"https:\/\/dev.93-93-113-41.plesk.page\/ca\/turisme-sanitari\/","title":{"rendered":"Turisme sanitari"},"content":{"rendered":"<div class=\"flex flex-grow flex-col max-w-full\">\n<div class=\"min-h-[20px] text-message flex flex-col items-start whitespace-pre-wrap break-words [.text-message+&amp;]:mt-5 juice:w-full juice:items-end overflow-x-auto gap-2\" dir=\"auto\" data-message-author-role=\"assistant\" data-message-id=\"96a2660e-6e08-467c-86a3-cf0ea348f21d\">\n<div class=\"flex w-full flex-col gap-1 juice:first:pt-[3px]\">\n<div class=\"markdown prose w-full break-words dark:prose-invert light\">\n<p>El Turisme Sanitari \u00e9s la pr\u00e0ctica de viatjar a un altre pa\u00eds per obtenir atenci\u00f3 professional i una cura m\u00e8dica, ja sigui perqu\u00e8 el tractament realitzat no es fa al pa\u00eds d\u2019origen o pel prestigi dels professionals que el realitzen al dest\u00ed.<\/p>\n<p>La nostra experi\u00e8ncia en el diagn\u00f2stic i tractament de patologies Digestives, Endocrinol\u00f2giques i Metab\u00f2liques ha convertit Cl\u00ednica ServiDigest de Barcelona en un centre de refer\u00e8ncia a nivell nacional i internacional.<\/p>\n<p>Durant els 50 anys d&#8217;experi\u00e8ncia al servei de la salut dels nostres pacients, Cl\u00ednica ServiDigest ha ofert una assist\u00e8ncia integral, personalitzada i d&#8217;alta qualitat i excel\u00b7l\u00e8ncia, facilitant-los a partir del seu estudi diagn\u00f2stic, el tractament m\u00e8dic o quir\u00fargic m\u00e9s adequat.<\/p>\n<p>Integrat per un expert equip d&#8217;especialistes d&#8217;alta qualificaci\u00f3 professional i formaci\u00f3 cient\u00edfica, disposem d&#8217;unes instal\u00b7lacions equipades amb l&#8217;instrumental m\u00e8dic i quir\u00fargic tecnol\u00f2gic m\u00e9s avan\u00e7at d&#8217;Europa.<\/p>\n<p>Barcelona s&#8217;ha convertit en un dels destins preferits per al turisme en general i el sanitari en particular. Els seus prestigiosos professionals m\u00e8dics, la seva cultura, la seva gastronomia, la seva arquitectura i el clima mediterrani han facilitat aquesta consideraci\u00f3.<\/p>\n<\/div>\n<\/div>\n<\/div>\n<\/div>\n<p><strong>Benvinguts a Cl\u00ednica ServiDigest, Benvinguts a Barcelona.<\/strong><\/p>\n<p><img fetchpriority=\"high\" decoding=\"async\" class=\"alignnone wp-image-37590 \" src=\"https:\/\/dev.93-93-113-41.plesk.page\/wp-content\/uploads\/2024\/02\/Clinica-ServiDigest-1.jpg\" alt=\"\" width=\"896\" height=\"597\" srcset=\"https:\/\/dev.93-93-113-41.plesk.page\/wp-content\/uploads\/2024\/02\/Clinica-ServiDigest-1.jpg 700w, https:\/\/dev.93-93-113-41.plesk.page\/wp-content\/uploads\/2024\/02\/Clinica-ServiDigest-1-600x400.jpg 600w, https:\/\/dev.93-93-113-41.plesk.page\/wp-content\/uploads\/2024\/02\/Clinica-ServiDigest-1-300x200.jpg 300w\" sizes=\"(max-width: 896px) 100vw, 896px\" \/><\/p>\n","protected":false},"excerpt":{"rendered":"<div class=\"mh-excerpt\"><p>El Turisme Sanitari \u00e9s la pr\u00e0ctica de viatjar a un altre pa\u00eds per obtenir atenci\u00f3 professional i una cura m\u00e8dica, ja sigui perqu\u00e8 el tractament realitzat no es fa al pa\u00eds d\u2019origen o pel prestigi <a class=\"mh-excerpt-more\" href=\"https:\/\/dev.93-93-113-41.plesk.page\/ca\/turisme-sanitari\/\" title=\"Turisme sanitari\">[&#8230;]<\/a><\/p>\n<\/div>","protected":false},"author":1,"featured_media":0,"parent":0,"menu_order":0,"comment_status":"closed","ping_status":"closed","template":"","meta":{"footnotes":""},"class_list":["post-165","page","type-page","status-publish"],"yoast_head":"<!-- This site is optimized with the Yoast SEO plugin v22.6 - https:\/\/yoast.com\/wordpress\/plugins\/seo\/ -->\n<title>Turisme sanitari - Servidigest<\/title>\n<meta name=\"description\" content=\"Centre Medicoquir\u00fargic ServiDigest ofereix els seus Programes de Turisme Sanitari.\" \/>\n<meta name=\"robots\" content=\"index, follow, max-snippet:-1, max-image-preview:large, max-video-preview:-1\" \/>\n<link rel=\"canonical\" href=\"https:\/\/dev.93-93-113-41.plesk.page\/ca\/turisme-sanitari\/\" \/>\n<meta property=\"og:locale\" content=\"ca_ES\" \/>\n<meta property=\"og:type\" content=\"article\" \/>\n<meta property=\"og:title\" content=\"Turisme sanitari - Servidigest\" \/>\n<meta property=\"og:description\" content=\"Centre Medicoquir\u00fargic ServiDigest ofereix els seus Programes de Turisme Sanitari.\" \/>\n<meta property=\"og:url\" content=\"https:\/\/dev.93-93-113-41.plesk.page\/ca\/turisme-sanitari\/\" \/>\n<meta property=\"og:site_name\" content=\"Servidigest\" \/>\n<meta property=\"article:publisher\" content=\"https:\/\/www.facebook.com\/servidigest\" \/>\n<meta property=\"article:modified_time\" content=\"2024-05-15T11:26:30+00:00\" \/>\n<meta property=\"og:image\" content=\"https:\/\/dev.93-93-113-41.plesk.page\/wp-content\/uploads\/2024\/02\/Clinica-ServiDigest-1.jpg\" \/>\n<meta name=\"twitter:card\" content=\"summary_large_image\" \/>\n<meta name=\"twitter:site\" content=\"@servidigest\" \/>\n<meta name=\"twitter:label1\" content=\"Est. reading time\" \/>\n\t<meta name=\"twitter:data1\" content=\"1 minute\" \/>\n<script type=\"application\/ld+json\" class=\"yoast-schema-graph\">{\"@context\":\"https:\/\/schema.org\",\"@graph\":[{\"@type\":\"WebPage\",\"@id\":\"https:\/\/dev.93-93-113-41.plesk.page\/ca\/turisme-sanitari\/\",\"url\":\"https:\/\/dev.93-93-113-41.plesk.page\/ca\/turisme-sanitari\/\",\"name\":\"Turisme sanitari - Servidigest\",\"isPartOf\":{\"@id\":\"https:\/\/dev.93-93-113-41.plesk.page\/ca\/#website\"},\"primaryImageOfPage\":{\"@id\":\"https:\/\/dev.93-93-113-41.plesk.page\/ca\/turisme-sanitari\/#primaryimage\"},\"image\":{\"@id\":\"https:\/\/dev.93-93-113-41.plesk.page\/ca\/turisme-sanitari\/#primaryimage\"},\"thumbnailUrl\":\"https:\/\/dev.93-93-113-41.plesk.page\/wp-content\/uploads\/2024\/02\/Clinica-ServiDigest-1.jpg\",\"datePublished\":\"2014-05-16T09:50:08+00:00\",\"dateModified\":\"2024-05-15T11:26:30+00:00\",\"description\":\"Centre Medicoquir\u00fargic ServiDigest ofereix els seus Programes de Turisme Sanitari.\",\"inLanguage\":\"ca\",\"potentialAction\":[{\"@type\":\"ReadAction\",\"target\":[\"https:\/\/dev.93-93-113-41.plesk.page\/ca\/turisme-sanitari\/\"]}]},{\"@type\":\"ImageObject\",\"inLanguage\":\"ca\",\"@id\":\"https:\/\/dev.93-93-113-41.plesk.page\/ca\/turisme-sanitari\/#primaryimage\",\"url\":\"https:\/\/dev.93-93-113-41.plesk.page\/wp-content\/uploads\/2024\/02\/Clinica-ServiDigest-1.jpg\",\"contentUrl\":\"https:\/\/dev.93-93-113-41.plesk.page\/wp-content\/uploads\/2024\/02\/Clinica-ServiDigest-1.jpg\"},{\"@type\":\"WebSite\",\"@id\":\"https:\/\/dev.93-93-113-41.plesk.page\/ca\/#website\",\"url\":\"https:\/\/dev.93-93-113-41.plesk.page\/ca\/\",\"name\":\"Servidigest\",\"description\":\"\",\"publisher\":{\"@id\":\"https:\/\/dev.93-93-113-41.plesk.page\/ca\/#organization\"},\"potentialAction\":[{\"@type\":\"SearchAction\",\"target\":{\"@type\":\"EntryPoint\",\"urlTemplate\":\"https:\/\/dev.93-93-113-41.plesk.page\/ca\/?s={search_term_string}\"},\"query-input\":\"required name=search_term_string\"}],\"inLanguage\":\"ca\"},{\"@type\":\"Organization\",\"@id\":\"https:\/\/dev.93-93-113-41.plesk.page\/ca\/#organization\",\"name\":\"Servidigest\",\"url\":\"https:\/\/dev.93-93-113-41.plesk.page\/ca\/\",\"logo\":{\"@type\":\"ImageObject\",\"inLanguage\":\"ca\",\"@id\":\"https:\/\/dev.93-93-113-41.plesk.page\/ca\/#\/schema\/logo\/image\/\",\"url\":\"https:\/\/dev.93-93-113-41.plesk.page\/wp-content\/uploads\/2024\/01\/servidigest.png\",\"contentUrl\":\"https:\/\/dev.93-93-113-41.plesk.page\/wp-content\/uploads\/2024\/01\/servidigest.png\",\"width\":808,\"height\":88,\"caption\":\"Servidigest\"},\"image\":{\"@id\":\"https:\/\/dev.93-93-113-41.plesk.page\/ca\/#\/schema\/logo\/image\/\"},\"sameAs\":[\"https:\/\/www.facebook.com\/servidigest\",\"https:\/\/x.com\/servidigest\"]}]}<\/script>\n<!-- \/ Yoast SEO plugin. -->","yoast_head_json":{"title":"Turisme sanitari - Servidigest","description":"Centre Medicoquir\u00fargic ServiDigest ofereix els seus Programes de Turisme Sanitari.","robots":{"index":"index","follow":"follow","max-snippet":"max-snippet:-1","max-image-preview":"max-image-preview:large","max-video-preview":"max-video-preview:-1"},"canonical":"https:\/\/dev.93-93-113-41.plesk.page\/ca\/turisme-sanitari\/","og_locale":"ca_ES","og_type":"article","og_title":"Turisme sanitari - Servidigest","og_description":"Centre Medicoquir\u00fargic ServiDigest ofereix els seus Programes de Turisme Sanitari.","og_url":"https:\/\/dev.93-93-113-41.plesk.page\/ca\/turisme-sanitari\/","og_site_name":"Servidigest","article_publisher":"https:\/\/www.facebook.com\/servidigest","article_modified_time":"2024-05-15T11:26:30+00:00","og_image":[{"url":"https:\/\/dev.93-93-113-41.plesk.page\/wp-content\/uploads\/2024\/02\/Clinica-ServiDigest-1.jpg"}],"twitter_card":"summary_large_image","twitter_site":"@servidigest","twitter_misc":{"Est. reading time":"1 minute"},"schema":{"@context":"https:\/\/schema.org","@graph":[{"@type":"WebPage","@id":"https:\/\/dev.93-93-113-41.plesk.page\/ca\/turisme-sanitari\/","url":"https:\/\/dev.93-93-113-41.plesk.page\/ca\/turisme-sanitari\/","name":"Turisme sanitari - Servidigest","isPartOf":{"@id":"https:\/\/dev.93-93-113-41.plesk.page\/ca\/#website"},"primaryImageOfPage":{"@id":"https:\/\/dev.93-93-113-41.plesk.page\/ca\/turisme-sanitari\/#primaryimage"},"image":{"@id":"https:\/\/dev.93-93-113-41.plesk.page\/ca\/turisme-sanitari\/#primaryimage"},"thumbnailUrl":"https:\/\/dev.93-93-113-41.plesk.page\/wp-content\/uploads\/2024\/02\/Clinica-ServiDigest-1.jpg","datePublished":"2014-05-16T09:50:08+00:00","dateModified":"2024-05-15T11:26:30+00:00","description":"Centre Medicoquir\u00fargic ServiDigest ofereix els seus Programes de Turisme Sanitari.","inLanguage":"ca","potentialAction":[{"@type":"ReadAction","target":["https:\/\/dev.93-93-113-41.plesk.page\/ca\/turisme-sanitari\/"]}]},{"@type":"ImageObject","inLanguage":"ca","@id":"https:\/\/dev.93-93-113-41.plesk.page\/ca\/turisme-sanitari\/#primaryimage","url":"https:\/\/dev.93-93-113-41.plesk.page\/wp-content\/uploads\/2024\/02\/Clinica-ServiDigest-1.jpg","contentUrl":"https:\/\/dev.93-93-113-41.plesk.page\/wp-content\/uploads\/2024\/02\/Clinica-ServiDigest-1.jpg"},{"@type":"WebSite","@id":"https:\/\/dev.93-93-113-41.plesk.page\/ca\/#website","url":"https:\/\/dev.93-93-113-41.plesk.page\/ca\/","name":"Servidigest","description":"","publisher":{"@id":"https:\/\/dev.93-93-113-41.plesk.page\/ca\/#organization"},"potentialAction":[{"@type":"SearchAction","target":{"@type":"EntryPoint","urlTemplate":"https:\/\/dev.93-93-113-41.plesk.page\/ca\/?s={search_term_string}"},"query-input":"required name=search_term_string"}],"inLanguage":"ca"},{"@type":"Organization","@id":"https:\/\/dev.93-93-113-41.plesk.page\/ca\/#organization","name":"Servidigest","url":"https:\/\/dev.93-93-113-41.plesk.page\/ca\/","logo":{"@type":"ImageObject","inLanguage":"ca","@id":"https:\/\/dev.93-93-113-41.plesk.page\/ca\/#\/schema\/logo\/image\/","url":"https:\/\/dev.93-93-113-41.plesk.page\/wp-content\/uploads\/2024\/01\/servidigest.png","contentUrl":"https:\/\/dev.93-93-113-41.plesk.page\/wp-content\/uploads\/2024\/01\/servidigest.png","width":808,"height":88,"caption":"Servidigest"},"image":{"@id":"https:\/\/dev.93-93-113-41.plesk.page\/ca\/#\/schema\/logo\/image\/"},"sameAs":["https:\/\/www.facebook.com\/servidigest","https:\/\/x.com\/servidigest"]}]}},"_links":{"self":[{"href":"https:\/\/dev.93-93-113-41.plesk.page\/ca\/wp-json\/wp\/v2\/pages\/165","targetHints":{"allow":["GET"]}}],"collection":[{"href":"https:\/\/dev.93-93-113-41.plesk.page\/ca\/wp-json\/wp\/v2\/pages"}],"about":[{"href":"https:\/\/dev.93-93-113-41.plesk.page\/ca\/wp-json\/wp\/v2\/types\/page"}],"author":[{"embeddable":true,"href":"https:\/\/dev.93-93-113-41.plesk.page\/ca\/wp-json\/wp\/v2\/users\/1"}],"replies":[{"embeddable":true,"href":"https:\/\/dev.93-93-113-41.plesk.page\/ca\/wp-json\/wp\/v2\/comments?post=165"}],"version-history":[{"count":2,"href":"https:\/\/dev.93-93-113-41.plesk.page\/ca\/wp-json\/wp\/v2\/pages\/165\/revisions"}],"predecessor-version":[{"id":39301,"href":"https:\/\/dev.93-93-113-41.plesk.page\/ca\/wp-json\/wp\/v2\/pages\/165\/revisions\/39301"}],"wp:attachment":[{"href":"https:\/\/dev.93-93-113-41.plesk.page\/ca\/wp-json\/wp\/v2\/media?parent=165"}],"curies":[{"name":"wp","href":"https:\/\/api.w.org\/{rel}","templated":true}]}}