{"id":16448,"date":"2015-12-16T00:09:36","date_gmt":"2015-12-15T23:09:36","guid":{"rendered":"https:\/\/dev.93-93-113-41.plesk.page\/tienda\/"},"modified":"2024-02-26T17:12:14","modified_gmt":"2024-02-26T16:12:14","slug":"contractar-serveis-online","status":"publish","type":"page","link":"https:\/\/dev.93-93-113-41.plesk.page\/ca\/contractar-serveis-online\/","title":{"rendered":"Contractar Serveis Online"},"content":{"rendered":"<p>Contracta els serveis i tractaments de ServiDigest online al millor preu.<\/p>\n","protected":false},"excerpt":{"rendered":"<div class=\"mh-excerpt\"><p>Contracta els serveis i tractaments de ServiDigest online al millor preu.<\/p>\n<\/div>","protected":false},"author":1,"featured_media":0,"parent":0,"menu_order":0,"comment_status":"closed","ping_status":"closed","template":"","meta":{"footnotes":""},"class_list":["post-16448","page","type-page","status-publish"],"yoast_head":"<!-- This site is optimized with the Yoast SEO plugin v22.6 - https:\/\/yoast.com\/wordpress\/plugins\/seo\/ -->\n<title>Contractar els serveis m\u00e8dics online - Cl\u00ednica ServiDigest - Barcelona<\/title>\n<meta name=\"description\" content=\"Ara pots contractar online els serveis m\u00e8dics de Cl\u00ednica ServiDigest, de manera totalment segura i al millor preu garantit.\" \/>\n<meta name=\"robots\" content=\"index, follow, max-snippet:-1, max-image-preview:large, max-video-preview:-1\" \/>\n<link rel=\"canonical\" href=\"https:\/\/dev.93-93-113-41.plesk.page\/ca\/contractar-serveis-online\/\" \/>\n<meta property=\"og:locale\" content=\"ca_ES\" \/>\n<meta property=\"og:type\" content=\"article\" \/>\n<meta property=\"og:title\" content=\"Contractar els serveis m\u00e8dics online - Cl\u00ednica ServiDigest - Barcelona\" \/>\n<meta property=\"og:description\" content=\"Ara pots contractar online els serveis m\u00e8dics de Cl\u00ednica ServiDigest, de manera totalment segura i al millor preu garantit.\" \/>\n<meta property=\"og:url\" content=\"https:\/\/dev.93-93-113-41.plesk.page\/ca\/contractar-serveis-online\/\" \/>\n<meta property=\"og:site_name\" content=\"Servidigest\" \/>\n<meta property=\"article:publisher\" content=\"https:\/\/www.facebook.com\/servidigest\" \/>\n<meta property=\"article:modified_time\" content=\"2024-02-26T16:12:14+00:00\" \/>\n<meta name=\"twitter:card\" content=\"summary_large_image\" \/>\n<meta name=\"twitter:site\" content=\"@servidigest\" \/>\n<script type=\"application\/ld+json\" class=\"yoast-schema-graph\">{\"@context\":\"https:\/\/schema.org\",\"@graph\":[{\"@type\":\"WebPage\",\"@id\":\"https:\/\/dev.93-93-113-41.plesk.page\/ca\/contractar-serveis-online\/\",\"url\":\"https:\/\/dev.93-93-113-41.plesk.page\/ca\/contractar-serveis-online\/\",\"name\":\"Contractar els serveis m\u00e8dics online - Cl\u00ednica ServiDigest - Barcelona\",\"isPartOf\":{\"@id\":\"https:\/\/dev.93-93-113-41.plesk.page\/ca\/#website\"},\"datePublished\":\"2015-12-15T23:09:36+00:00\",\"dateModified\":\"2024-02-26T16:12:14+00:00\",\"description\":\"Ara pots contractar online els serveis m\u00e8dics de Cl\u00ednica ServiDigest, de manera totalment segura i al millor preu garantit.\",\"inLanguage\":\"ca\",\"potentialAction\":[{\"@type\":\"ReadAction\",\"target\":[\"https:\/\/dev.93-93-113-41.plesk.page\/ca\/contractar-serveis-online\/\"]}]},{\"@type\":\"WebSite\",\"@id\":\"https:\/\/dev.93-93-113-41.plesk.page\/ca\/#website\",\"url\":\"https:\/\/dev.93-93-113-41.plesk.page\/ca\/\",\"name\":\"Servidigest\",\"description\":\"\",\"publisher\":{\"@id\":\"https:\/\/dev.93-93-113-41.plesk.page\/ca\/#organization\"},\"potentialAction\":[{\"@type\":\"SearchAction\",\"target\":{\"@type\":\"EntryPoint\",\"urlTemplate\":\"https:\/\/dev.93-93-113-41.plesk.page\/ca\/?s={search_term_string}\"},\"query-input\":\"required name=search_term_string\"}],\"inLanguage\":\"ca\"},{\"@type\":\"Organization\",\"@id\":\"https:\/\/dev.93-93-113-41.plesk.page\/ca\/#organization\",\"name\":\"Servidigest\",\"url\":\"https:\/\/dev.93-93-113-41.plesk.page\/ca\/\",\"logo\":{\"@type\":\"ImageObject\",\"inLanguage\":\"ca\",\"@id\":\"https:\/\/dev.93-93-113-41.plesk.page\/ca\/#\/schema\/logo\/image\/\",\"url\":\"https:\/\/dev.93-93-113-41.plesk.page\/wp-content\/uploads\/2024\/01\/servidigest.png\",\"contentUrl\":\"https:\/\/dev.93-93-113-41.plesk.page\/wp-content\/uploads\/2024\/01\/servidigest.png\",\"width\":808,\"height\":88,\"caption\":\"Servidigest\"},\"image\":{\"@id\":\"https:\/\/dev.93-93-113-41.plesk.page\/ca\/#\/schema\/logo\/image\/\"},\"sameAs\":[\"https:\/\/www.facebook.com\/servidigest\",\"https:\/\/x.com\/servidigest\"]}]}<\/script>\n<!-- \/ Yoast SEO plugin. -->","yoast_head_json":{"title":"Contractar els serveis m\u00e8dics online - Cl\u00ednica ServiDigest - Barcelona","description":"Ara pots contractar online els serveis m\u00e8dics de Cl\u00ednica ServiDigest, de manera totalment segura i al millor preu garantit.","robots":{"index":"index","follow":"follow","max-snippet":"max-snippet:-1","max-image-preview":"max-image-preview:large","max-video-preview":"max-video-preview:-1"},"canonical":"https:\/\/dev.93-93-113-41.plesk.page\/ca\/contractar-serveis-online\/","og_locale":"ca_ES","og_type":"article","og_title":"Contractar els serveis m\u00e8dics online - Cl\u00ednica ServiDigest - Barcelona","og_description":"Ara pots contractar online els serveis m\u00e8dics de Cl\u00ednica ServiDigest, de manera totalment segura i al millor preu garantit.","og_url":"https:\/\/dev.93-93-113-41.plesk.page\/ca\/contractar-serveis-online\/","og_site_name":"Servidigest","article_publisher":"https:\/\/www.facebook.com\/servidigest","article_modified_time":"2024-02-26T16:12:14+00:00","twitter_card":"summary_large_image","twitter_site":"@servidigest","schema":{"@context":"https:\/\/schema.org","@graph":[{"@type":"WebPage","@id":"https:\/\/dev.93-93-113-41.plesk.page\/ca\/contractar-serveis-online\/","url":"https:\/\/dev.93-93-113-41.plesk.page\/ca\/contractar-serveis-online\/","name":"Contractar els serveis m\u00e8dics online - Cl\u00ednica ServiDigest - Barcelona","isPartOf":{"@id":"https:\/\/dev.93-93-113-41.plesk.page\/ca\/#website"},"datePublished":"2015-12-15T23:09:36+00:00","dateModified":"2024-02-26T16:12:14+00:00","description":"Ara pots contractar online els serveis m\u00e8dics de Cl\u00ednica ServiDigest, de manera totalment segura i al millor preu garantit.","inLanguage":"ca","potentialAction":[{"@type":"ReadAction","target":["https:\/\/dev.93-93-113-41.plesk.page\/ca\/contractar-serveis-online\/"]}]},{"@type":"WebSite","@id":"https:\/\/dev.93-93-113-41.plesk.page\/ca\/#website","url":"https:\/\/dev.93-93-113-41.plesk.page\/ca\/","name":"Servidigest","description":"","publisher":{"@id":"https:\/\/dev.93-93-113-41.plesk.page\/ca\/#organization"},"potentialAction":[{"@type":"SearchAction","target":{"@type":"EntryPoint","urlTemplate":"https:\/\/dev.93-93-113-41.plesk.page\/ca\/?s={search_term_string}"},"query-input":"required name=search_term_string"}],"inLanguage":"ca"},{"@type":"Organization","@id":"https:\/\/dev.93-93-113-41.plesk.page\/ca\/#organization","name":"Servidigest","url":"https:\/\/dev.93-93-113-41.plesk.page\/ca\/","logo":{"@type":"ImageObject","inLanguage":"ca","@id":"https:\/\/dev.93-93-113-41.plesk.page\/ca\/#\/schema\/logo\/image\/","url":"https:\/\/dev.93-93-113-41.plesk.page\/wp-content\/uploads\/2024\/01\/servidigest.png","contentUrl":"https:\/\/dev.93-93-113-41.plesk.page\/wp-content\/uploads\/2024\/01\/servidigest.png","width":808,"height":88,"caption":"Servidigest"},"image":{"@id":"https:\/\/dev.93-93-113-41.plesk.page\/ca\/#\/schema\/logo\/image\/"},"sameAs":["https:\/\/www.facebook.com\/servidigest","https:\/\/x.com\/servidigest"]}]}},"_links":{"self":[{"href":"https:\/\/dev.93-93-113-41.plesk.page\/ca\/wp-json\/wp\/v2\/pages\/16448","targetHints":{"allow":["GET"]}}],"collection":[{"href":"https:\/\/dev.93-93-113-41.plesk.page\/ca\/wp-json\/wp\/v2\/pages"}],"about":[{"href":"https:\/\/dev.93-93-113-41.plesk.page\/ca\/wp-json\/wp\/v2\/types\/page"}],"author":[{"embeddable":true,"href":"https:\/\/dev.93-93-113-41.plesk.page\/ca\/wp-json\/wp\/v2\/users\/1"}],"replies":[{"embeddable":true,"href":"https:\/\/dev.93-93-113-41.plesk.page\/ca\/wp-json\/wp\/v2\/comments?post=16448"}],"version-history":[{"count":1,"href":"https:\/\/dev.93-93-113-41.plesk.page\/ca\/wp-json\/wp\/v2\/pages\/16448\/revisions"}],"predecessor-version":[{"id":34982,"href":"https:\/\/dev.93-93-113-41.plesk.page\/ca\/wp-json\/wp\/v2\/pages\/16448\/revisions\/34982"}],"wp:attachment":[{"href":"https:\/\/dev.93-93-113-41.plesk.page\/ca\/wp-json\/wp\/v2\/media?parent=16448"}],"curies":[{"name":"wp","href":"https:\/\/api.w.org\/{rel}","templated":true}]}}