{"id":16020,"date":"2017-05-03T08:19:40","date_gmt":"2017-05-03T06:19:40","guid":{"rendered":"https:\/\/dev.93-93-113-41.plesk.page\/?page_id=16020\/"},"modified":"2024-02-26T17:13:16","modified_gmt":"2024-02-26T16:13:16","slug":"bases-legals-del-concurs-una-nueva-felicidad","status":"publish","type":"page","link":"https:\/\/dev.93-93-113-41.plesk.page\/ca\/bases-legals-del-concurs-una-nueva-felicidad\/","title":{"rendered":"Bases legals del concurs Una nueva felicidad"},"content":{"rendered":"<p>1.- EMPRESA ORGANITZADORA DE LA PROMOCI\u00d3<\/p>\n<p>L&#8217;empresa Unitat d\u2019aparell digestiu Servidigest S.L. amb domicili en Muntaner 507 5\u00ba 1\u00aa \u2013 08022 \u2013 Barcelona i C.I.F B61719290 organitza amb finalitats promocionals el concurs &#8220;Una nueva felicidad&#8221; (d&#8217;ara endavant, \u201cla Promoci\u00f3\u201d) d&#8217;\u00e0mbit nacional, a desenvolupar a trav\u00e9s d&#8217;Internet, exclusiu per a usuaris residents a Espanya i majors d&#8217;edat d&#8217;acord amb el que es disposa a l&#8217;apartat de condicions per participar.<\/p>\n<p>2.-DATA D&#8217;INICI I DATA DE FINALITZACI\u00d3<\/p>\n<p>Les Promoci\u00f3 s&#8217;iniciar\u00e0 el dia 3 de maig de 2017 i finalitzar\u00e0 el dia 8 de maig de 2017 a les 14h.<\/p>\n<p>3.- REQUISITS DE PARTICIPACI\u00d3 I MEC\u00c0NICA DE LA PROMOCI\u00d3<\/p>\n<p>Els requisits de participaci\u00f3 seran els seg\u00fcents:<br \/>\n&#8211; Podran participar aquelles persones que resideixin a Espanya i siguin majors d&#8217;edat.<br \/>\n&#8211; Nom\u00e9s podran participar aquells que responguin al requerit en la Promoci\u00f3.<br \/>\n&#8211; Els Participants hauran de respondre lliurement a la pregunta &#8220;Qu\u00e8 \u00e9s per a tu la felicitat?&#8221;. Nom\u00e9s es contemplar\u00e0 una resposta per participant.<br \/>\n&#8211; Curro\u00a0Ca\u00f1ete escollir\u00e0 les 7 respostes que m\u00e9s li agradin entre totes les participacions v\u00e0lides que seran les guanyadores del concurs. 7 respostes m\u00e9s seran escollides tamb\u00e9 per l&#8217;autor i correspondran\u00a0als suplents.<\/p>\n<p>4.- CONDICIONS DE LA PROMOCI\u00d3 I PREMIS<\/p>\n<p>Els guanyadors obtindran com a premi un exemplar de la novel\u00b7la &#8220;Una nueva felicidad&#8221; signada pel seu autor, Curro Ca\u00f1ete. En cap cas el premi ser\u00e0 intercanviable pel seu equivalent en diners o un altre ben o servei.<br \/>\nCl\u00ednica ServiDigest es posar\u00e0 en contacte per email amb els guanyadors, per informar del pas seg\u00fcent per obtenir el premi.<br \/>\nEls guanyadors hauran de recollir el seu exemplar a les instal\u00b7lacions de Cl\u00ednica ServiDigest, al carrer Balmes 334 de Barcelona, de dilluns a divendres de 9h a 14h i de 16h a 21h, presentant el seu DNI o NIE. Podran passar a recollir-ho fins al 19 de maig de 2017.<br \/>\nSi algun dels guanyadors renunci\u00e9s al premi o b\u00e9 s&#8217;esgota el termini per a la seva recollida, Cl\u00ednica ServiDigest es posar\u00e0 en contacte amb els suplents per fer lliurament del premi.<\/p>\n<p>5.- DESQUALIFICACIONS I PENALITZACIONS<\/p>\n<p>Si s&#8217;evidenci\u00e9s que qualsevol dels participants no compleix amb els requisits exigits a les Bases, o les dades proporcionades per participar no anessin v\u00e0lids, la seva participaci\u00f3 es considerar\u00e0 nul\u00b7la i quedaran autom\u00e0ticament exclosos de la Promoci\u00f3 perdent tot dret sobre els premis atorgats en virtut d&#8217;aquesta Promoci\u00f3.<\/p>\n<p>6.- PUBLICACI\u00d3 DE COMENTARIS O OPINIONS<\/p>\n<p>No es permetran comentaris o opinions el contingut de les quals es consideri inadequat, que siguin ofensius, injuriosos o discriminatoris o que poguessin vulnerar drets de tercers. Tampoc ser permetran comentaris contra un particular que vulnerin els principis de dret a l&#8217;honor, a la intimitat personal i familiar i a la pr\u00f2pia imatge. Cl\u00ednica ServiDigest no es responsabilitza dels danys ocasionats pels comentaris dels participants en la Promoci\u00f3 que poguessin ferir la sensibilitat de tercers.<\/p>\n<p>7.- EXONERACI\u00d3 DE RESPONSABILITAT<\/p>\n<p>A t\u00edtol enunciatiu, per\u00f2 no limitatiu, Cl\u00ednica ServiDigest no es responsabilitza de les possibles p\u00e8rdues, robatoris, retards o qualsevol una altra circumst\u00e0ncia imputable a tercers que puguin afectar al desenvolupament de la present Promoci\u00f3, aix\u00ed com tampoc de l&#8217;\u00fas que faci el participant respecte del premi que obtingui d&#8217;aquesta Promoci\u00f3.<br \/>\nCl\u00ednica ServiDigest no assumeix la responsabilitat en casos de for\u00e7a major o cas fortu\u00eft que poguessin impedir la realitzaci\u00f3 de la Promoci\u00f3 o el gaudi total o parcial del premi.<\/p>\n<p>8.- PROTECCI\u00d3 DE DADES PERSONALS<\/p>\n<p>De conformitat amb l&#8217;establert en la Llei Org\u00e0nica 15\/1999, d&#8217;11 de desembre, de Protecci\u00f3 de Dades de Car\u00e0cter Personal, i en el seu Reglament de desenvolupament, cada participant amb l&#8217;acceptaci\u00f3 d&#8217;aquestes bases legals consent que les seves dades personals seran incorporats a un fitxer, de qual som responsables, i utilitzats per remetre-li Newsletters i comunicacions comercials i promocionals relacionades amb els nostres serveis per carta, tel\u00e8fon, correu electr\u00f2nic, SMS\/MMS, o per altres mitjans de comunicaci\u00f3 electr\u00f2nica.<br \/>\nLi informem que pot exercir els seus drets d&#8217;Acc\u00e9s, Rectificaci\u00f3, Cancel\u00b7laci\u00f3 i Oposici\u00f3 mitjan\u00e7ant l&#8217;enviament d&#8217;un e-mail a uad@servidigest.com o b\u00e9 mitjan\u00e7ant carta dirigida a la seg\u00fcent adre\u00e7a: Unitat d\u2019aparell digestiu Servidigest S.L., a c\/ Balmes, 334 \u2013 08006 \u2013 Barcelona, adjuntant en tots dos casos copia del DNI.<\/p>\n<p>10.- CANVIS<\/p>\n<p>Ens reservem el dret de modificar o ampliar aquestes bases promocionals, en la mesura que no perjudiqui o menyscabi els drets dels participants en la Promoci\u00f3.<\/p>\n<p>11.- LEGISLACI\u00d3 APLICABLE I JURISDICCI\u00d3<\/p>\n<p>Aquestes bases legals es regiran de conformitat amb la llei espanyola. Seran competents per resoldre qualsevol reclamaci\u00f3 o controv\u00e8rsia que pogu\u00e9s plantejar-se en relaci\u00f3 amb la validesa, interpretaci\u00f3 o compliment d&#8217;aquestes bases els Jutjats i Tribunals de la ciutat de Barcelona.<\/p>\n","protected":false},"excerpt":{"rendered":"<div class=\"mh-excerpt\"><p>1.- EMPRESA ORGANITZADORA DE LA PROMOCI\u00d3 L&#8217;empresa Unitat d\u2019aparell digestiu Servidigest S.L. amb domicili en Muntaner 507 5\u00ba 1\u00aa \u2013 08022 \u2013 Barcelona i C.I.F B61719290 organitza amb finalitats promocionals el concurs &#8220;Una nueva felicidad&#8221; <a class=\"mh-excerpt-more\" href=\"https:\/\/dev.93-93-113-41.plesk.page\/ca\/bases-legals-del-concurs-una-nueva-felicidad\/\" title=\"Bases legals del concurs Una nueva felicidad\">[&#8230;]<\/a><\/p>\n<\/div>","protected":false},"author":1,"featured_media":0,"parent":0,"menu_order":0,"comment_status":"closed","ping_status":"closed","template":"","meta":{"footnotes":""},"class_list":["post-16020","page","type-page","status-publish"],"yoast_head":"<!-- This site is optimized with the Yoast SEO plugin v22.6 - https:\/\/yoast.com\/wordpress\/plugins\/seo\/ -->\n<title>Bases legals del concurs Una nueva felicidad - Servidigest<\/title>\n<meta name=\"robots\" content=\"noindex, follow\" \/>\n<meta property=\"og:locale\" content=\"ca_ES\" \/>\n<meta property=\"og:type\" content=\"article\" \/>\n<meta property=\"og:title\" content=\"Bases legals del concurs Una nueva felicidad - Servidigest\" \/>\n<meta property=\"og:description\" content=\"1.- EMPRESA ORGANITZADORA DE LA PROMOCI\u00d3 L&#8217;empresa Unitat d\u2019aparell digestiu Servidigest S.L. amb domicili en Muntaner 507 5\u00ba 1\u00aa \u2013 08022 \u2013 Barcelona i C.I.F B61719290 organitza amb finalitats promocionals el concurs &#8220;Una nueva felicidad&#8221; [...]\" \/>\n<meta property=\"og:url\" content=\"https:\/\/dev.93-93-113-41.plesk.page\/ca\/bases-legals-del-concurs-una-nueva-felicidad\/\" \/>\n<meta property=\"og:site_name\" content=\"Servidigest\" \/>\n<meta property=\"article:publisher\" content=\"https:\/\/www.facebook.com\/servidigest\" \/>\n<meta property=\"article:modified_time\" content=\"2024-02-26T16:13:16+00:00\" \/>\n<meta name=\"twitter:card\" content=\"summary_large_image\" \/>\n<meta name=\"twitter:site\" content=\"@servidigest\" \/>\n<meta name=\"twitter:label1\" content=\"Est. reading time\" \/>\n\t<meta name=\"twitter:data1\" content=\"4 minutes\" \/>\n<script type=\"application\/ld+json\" class=\"yoast-schema-graph\">{\"@context\":\"https:\/\/schema.org\",\"@graph\":[{\"@type\":\"WebPage\",\"@id\":\"https:\/\/dev.93-93-113-41.plesk.page\/ca\/bases-legals-del-concurs-una-nueva-felicidad\/\",\"url\":\"https:\/\/dev.93-93-113-41.plesk.page\/ca\/bases-legals-del-concurs-una-nueva-felicidad\/\",\"name\":\"Bases legals del concurs Una nueva felicidad - Servidigest\",\"isPartOf\":{\"@id\":\"https:\/\/dev.93-93-113-41.plesk.page\/ca\/#website\"},\"datePublished\":\"2017-05-03T06:19:40+00:00\",\"dateModified\":\"2024-02-26T16:13:16+00:00\",\"inLanguage\":\"ca\",\"potentialAction\":[{\"@type\":\"ReadAction\",\"target\":[\"https:\/\/dev.93-93-113-41.plesk.page\/ca\/bases-legals-del-concurs-una-nueva-felicidad\/\"]}]},{\"@type\":\"WebSite\",\"@id\":\"https:\/\/dev.93-93-113-41.plesk.page\/ca\/#website\",\"url\":\"https:\/\/dev.93-93-113-41.plesk.page\/ca\/\",\"name\":\"Servidigest\",\"description\":\"\",\"publisher\":{\"@id\":\"https:\/\/dev.93-93-113-41.plesk.page\/ca\/#organization\"},\"potentialAction\":[{\"@type\":\"SearchAction\",\"target\":{\"@type\":\"EntryPoint\",\"urlTemplate\":\"https:\/\/dev.93-93-113-41.plesk.page\/ca\/?s={search_term_string}\"},\"query-input\":\"required name=search_term_string\"}],\"inLanguage\":\"ca\"},{\"@type\":\"Organization\",\"@id\":\"https:\/\/dev.93-93-113-41.plesk.page\/ca\/#organization\",\"name\":\"Servidigest\",\"url\":\"https:\/\/dev.93-93-113-41.plesk.page\/ca\/\",\"logo\":{\"@type\":\"ImageObject\",\"inLanguage\":\"ca\",\"@id\":\"https:\/\/dev.93-93-113-41.plesk.page\/ca\/#\/schema\/logo\/image\/\",\"url\":\"https:\/\/dev.93-93-113-41.plesk.page\/wp-content\/uploads\/2024\/01\/servidigest.png\",\"contentUrl\":\"https:\/\/dev.93-93-113-41.plesk.page\/wp-content\/uploads\/2024\/01\/servidigest.png\",\"width\":808,\"height\":88,\"caption\":\"Servidigest\"},\"image\":{\"@id\":\"https:\/\/dev.93-93-113-41.plesk.page\/ca\/#\/schema\/logo\/image\/\"},\"sameAs\":[\"https:\/\/www.facebook.com\/servidigest\",\"https:\/\/x.com\/servidigest\"]}]}<\/script>\n<!-- \/ Yoast SEO plugin. -->","yoast_head_json":{"title":"Bases legals del concurs Una nueva felicidad - Servidigest","robots":{"index":"noindex","follow":"follow"},"og_locale":"ca_ES","og_type":"article","og_title":"Bases legals del concurs Una nueva felicidad - Servidigest","og_description":"1.- EMPRESA ORGANITZADORA DE LA PROMOCI\u00d3 L&#8217;empresa Unitat d\u2019aparell digestiu Servidigest S.L. amb domicili en Muntaner 507 5\u00ba 1\u00aa \u2013 08022 \u2013 Barcelona i C.I.F B61719290 organitza amb finalitats promocionals el concurs &#8220;Una nueva felicidad&#8221; [...]","og_url":"https:\/\/dev.93-93-113-41.plesk.page\/ca\/bases-legals-del-concurs-una-nueva-felicidad\/","og_site_name":"Servidigest","article_publisher":"https:\/\/www.facebook.com\/servidigest","article_modified_time":"2024-02-26T16:13:16+00:00","twitter_card":"summary_large_image","twitter_site":"@servidigest","twitter_misc":{"Est. reading time":"4 minutes"},"schema":{"@context":"https:\/\/schema.org","@graph":[{"@type":"WebPage","@id":"https:\/\/dev.93-93-113-41.plesk.page\/ca\/bases-legals-del-concurs-una-nueva-felicidad\/","url":"https:\/\/dev.93-93-113-41.plesk.page\/ca\/bases-legals-del-concurs-una-nueva-felicidad\/","name":"Bases legals del concurs Una nueva felicidad - Servidigest","isPartOf":{"@id":"https:\/\/dev.93-93-113-41.plesk.page\/ca\/#website"},"datePublished":"2017-05-03T06:19:40+00:00","dateModified":"2024-02-26T16:13:16+00:00","inLanguage":"ca","potentialAction":[{"@type":"ReadAction","target":["https:\/\/dev.93-93-113-41.plesk.page\/ca\/bases-legals-del-concurs-una-nueva-felicidad\/"]}]},{"@type":"WebSite","@id":"https:\/\/dev.93-93-113-41.plesk.page\/ca\/#website","url":"https:\/\/dev.93-93-113-41.plesk.page\/ca\/","name":"Servidigest","description":"","publisher":{"@id":"https:\/\/dev.93-93-113-41.plesk.page\/ca\/#organization"},"potentialAction":[{"@type":"SearchAction","target":{"@type":"EntryPoint","urlTemplate":"https:\/\/dev.93-93-113-41.plesk.page\/ca\/?s={search_term_string}"},"query-input":"required name=search_term_string"}],"inLanguage":"ca"},{"@type":"Organization","@id":"https:\/\/dev.93-93-113-41.plesk.page\/ca\/#organization","name":"Servidigest","url":"https:\/\/dev.93-93-113-41.plesk.page\/ca\/","logo":{"@type":"ImageObject","inLanguage":"ca","@id":"https:\/\/dev.93-93-113-41.plesk.page\/ca\/#\/schema\/logo\/image\/","url":"https:\/\/dev.93-93-113-41.plesk.page\/wp-content\/uploads\/2024\/01\/servidigest.png","contentUrl":"https:\/\/dev.93-93-113-41.plesk.page\/wp-content\/uploads\/2024\/01\/servidigest.png","width":808,"height":88,"caption":"Servidigest"},"image":{"@id":"https:\/\/dev.93-93-113-41.plesk.page\/ca\/#\/schema\/logo\/image\/"},"sameAs":["https:\/\/www.facebook.com\/servidigest","https:\/\/x.com\/servidigest"]}]}},"_links":{"self":[{"href":"https:\/\/dev.93-93-113-41.plesk.page\/ca\/wp-json\/wp\/v2\/pages\/16020","targetHints":{"allow":["GET"]}}],"collection":[{"href":"https:\/\/dev.93-93-113-41.plesk.page\/ca\/wp-json\/wp\/v2\/pages"}],"about":[{"href":"https:\/\/dev.93-93-113-41.plesk.page\/ca\/wp-json\/wp\/v2\/types\/page"}],"author":[{"embeddable":true,"href":"https:\/\/dev.93-93-113-41.plesk.page\/ca\/wp-json\/wp\/v2\/users\/1"}],"replies":[{"embeddable":true,"href":"https:\/\/dev.93-93-113-41.plesk.page\/ca\/wp-json\/wp\/v2\/comments?post=16020"}],"version-history":[{"count":1,"href":"https:\/\/dev.93-93-113-41.plesk.page\/ca\/wp-json\/wp\/v2\/pages\/16020\/revisions"}],"predecessor-version":[{"id":35100,"href":"https:\/\/dev.93-93-113-41.plesk.page\/ca\/wp-json\/wp\/v2\/pages\/16020\/revisions\/35100"}],"wp:attachment":[{"href":"https:\/\/dev.93-93-113-41.plesk.page\/ca\/wp-json\/wp\/v2\/media?parent=16020"}],"curies":[{"name":"wp","href":"https:\/\/api.w.org\/{rel}","templated":true}]}}