{"id":15811,"date":"2017-04-25T08:14:25","date_gmt":"2017-04-25T06:14:25","guid":{"rendered":"https:\/\/dev.93-93-113-41.plesk.page\/ca\/?page_id=15811"},"modified":"2024-03-15T11:14:16","modified_gmt":"2024-03-15T10:14:16","slug":"dosier-aparell-digestiu","status":"publish","type":"page","link":"https:\/\/dev.93-93-113-41.plesk.page\/ca\/clinica-servidigest\/publicacions\/dosier-aparell-digestiu\/","title":{"rendered":"Dossier Aparell Digestiu"},"content":{"rendered":"<div class=\"_df_book df-lite\" id=\"df_25230\"  data-title=\"book-digestiu\" _slug=\"book-digestiu\" wpoptions=\"true\" thumb=\"\/wp-content\/uploads\/2023\/12\/Book-Digestiu.jpg\" thumbtype=\"\" ><\/div><script class=\"df-shortcode-script\" type=\"application\/javascript\">window.option_df_25230 = {\"outline\":[],\"autoEnableOutline\":\"false\",\"autoEnableThumbnail\":\"false\",\"overwritePDFOutline\":\"false\",\"direction\":\"1\",\"pageSize\":\"0\",\"source\":\"\\\/wp-content\\\/uploads\\\/2023\\\/12\\\/Book-Digestiu.pdf\",\"wpOptions\":\"true\"}; if(window.DFLIP && window.DFLIP.parseBooks){window.DFLIP.parseBooks();}<\/script>\n<h2>C\u00e0ncer de c\u00f2lon<\/h2>\n<p><iframe style=\"width: 100%; height: 500px;\" src=\"https:\/\/www.servidigest.com\/wp-content\/uploads\/fliphtml5\/41\/flipbook.html\" frameborder=\"0\" scrolling=\"no\" seamless=\"seamless\" allowfullscreen=\"allowfullscreen\"><\/iframe><\/p>\n<h2>Ecoendosc\u00f2pia<\/h2>\n<p><iframe style=\"width: 100%; height: 500px;\" src=\"https:\/\/www.servidigest.com\/wp-content\/uploads\/fliphtml5\/42\/flipbook.html\" frameborder=\"0\" scrolling=\"no\" seamless=\"seamless\" allowfullscreen=\"allowfullscreen\"><\/iframe><\/p>\n<h2>Es\u00f2fag de Barrett<\/h2>\n<p><iframe style=\"width: 100%; height: 500px;\" src=\"https:\/\/www.servidigest.com\/wp-content\/uploads\/fliphtml5\/48\/flipbook.html\" frameborder=\"0\" scrolling=\"no\" seamless=\"seamless\" allowfullscreen=\"allowfullscreen\"><\/iframe><\/p>\n","protected":false},"excerpt":{"rendered":"<div class=\"mh-excerpt\"><p>C\u00e0ncer de c\u00f2lon Ecoendosc\u00f2pia Es\u00f2fag de Barrett<\/p>\n<\/div>","protected":false},"author":1,"featured_media":0,"parent":15778,"menu_order":25,"comment_status":"closed","ping_status":"closed","template":"","meta":{"footnotes":""},"class_list":["post-15811","page","type-page","status-publish"],"yoast_head":"<!-- This site is optimized with the Yoast SEO plugin v22.6 - https:\/\/yoast.com\/wordpress\/plugins\/seo\/ -->\n<title>Dossier Aparell Digestiu - Servidigest<\/title>\n<meta name=\"robots\" content=\"noindex, follow\" \/>\n<meta property=\"og:locale\" content=\"ca_ES\" \/>\n<meta property=\"og:type\" content=\"article\" \/>\n<meta property=\"og:title\" content=\"Dossier Aparell Digestiu - Servidigest\" \/>\n<meta property=\"og:description\" content=\"C\u00e0ncer de c\u00f2lon Ecoendosc\u00f2pia Es\u00f2fag de Barrett\" \/>\n<meta property=\"og:url\" content=\"https:\/\/dev.93-93-113-41.plesk.page\/ca\/clinica-servidigest\/publicacions\/dosier-aparell-digestiu\/\" \/>\n<meta property=\"og:site_name\" content=\"Servidigest\" \/>\n<meta property=\"article:publisher\" content=\"https:\/\/www.facebook.com\/servidigest\" \/>\n<meta property=\"article:modified_time\" content=\"2024-03-15T10:14:16+00:00\" \/>\n<meta name=\"twitter:card\" content=\"summary_large_image\" \/>\n<meta name=\"twitter:site\" content=\"@servidigest\" \/>\n<script type=\"application\/ld+json\" class=\"yoast-schema-graph\">{\"@context\":\"https:\/\/schema.org\",\"@graph\":[{\"@type\":\"WebPage\",\"@id\":\"https:\/\/dev.93-93-113-41.plesk.page\/ca\/clinica-servidigest\/publicacions\/dosier-aparell-digestiu\/\",\"url\":\"https:\/\/dev.93-93-113-41.plesk.page\/ca\/clinica-servidigest\/publicacions\/dosier-aparell-digestiu\/\",\"name\":\"Dossier Aparell Digestiu - Servidigest\",\"isPartOf\":{\"@id\":\"https:\/\/dev.93-93-113-41.plesk.page\/ca\/#website\"},\"datePublished\":\"2017-04-25T06:14:25+00:00\",\"dateModified\":\"2024-03-15T10:14:16+00:00\",\"breadcrumb\":{\"@id\":\"https:\/\/dev.93-93-113-41.plesk.page\/ca\/clinica-servidigest\/publicacions\/dosier-aparell-digestiu\/#breadcrumb\"},\"inLanguage\":\"ca\",\"potentialAction\":[{\"@type\":\"ReadAction\",\"target\":[\"https:\/\/dev.93-93-113-41.plesk.page\/ca\/clinica-servidigest\/publicacions\/dosier-aparell-digestiu\/\"]}]},{\"@type\":\"BreadcrumbList\",\"@id\":\"https:\/\/dev.93-93-113-41.plesk.page\/ca\/clinica-servidigest\/publicacions\/dosier-aparell-digestiu\/#breadcrumb\",\"itemListElement\":[{\"@type\":\"ListItem\",\"position\":1,\"name\":\"Cl\u00ednica ServiDigest\",\"item\":\"https:\/\/dev.93-93-113-41.plesk.page\/ca\/clinica-servidigest\/\"},{\"@type\":\"ListItem\",\"position\":2,\"name\":\"Publicacions de Cl\u00ednica ServiDigest\",\"item\":\"https:\/\/dev.93-93-113-41.plesk.page\/ca\/clinica-servidigest\/publicacions\/\"},{\"@type\":\"ListItem\",\"position\":3,\"name\":\"Dossier Aparell Digestiu\"}]},{\"@type\":\"WebSite\",\"@id\":\"https:\/\/dev.93-93-113-41.plesk.page\/ca\/#website\",\"url\":\"https:\/\/dev.93-93-113-41.plesk.page\/ca\/\",\"name\":\"Servidigest\",\"description\":\"\",\"publisher\":{\"@id\":\"https:\/\/dev.93-93-113-41.plesk.page\/ca\/#organization\"},\"potentialAction\":[{\"@type\":\"SearchAction\",\"target\":{\"@type\":\"EntryPoint\",\"urlTemplate\":\"https:\/\/dev.93-93-113-41.plesk.page\/ca\/?s={search_term_string}\"},\"query-input\":\"required name=search_term_string\"}],\"inLanguage\":\"ca\"},{\"@type\":\"Organization\",\"@id\":\"https:\/\/dev.93-93-113-41.plesk.page\/ca\/#organization\",\"name\":\"Servidigest\",\"url\":\"https:\/\/dev.93-93-113-41.plesk.page\/ca\/\",\"logo\":{\"@type\":\"ImageObject\",\"inLanguage\":\"ca\",\"@id\":\"https:\/\/dev.93-93-113-41.plesk.page\/ca\/#\/schema\/logo\/image\/\",\"url\":\"https:\/\/dev.93-93-113-41.plesk.page\/wp-content\/uploads\/2024\/01\/servidigest.png\",\"contentUrl\":\"https:\/\/dev.93-93-113-41.plesk.page\/wp-content\/uploads\/2024\/01\/servidigest.png\",\"width\":808,\"height\":88,\"caption\":\"Servidigest\"},\"image\":{\"@id\":\"https:\/\/dev.93-93-113-41.plesk.page\/ca\/#\/schema\/logo\/image\/\"},\"sameAs\":[\"https:\/\/www.facebook.com\/servidigest\",\"https:\/\/x.com\/servidigest\"]}]}<\/script>\n<!-- \/ Yoast SEO plugin. -->","yoast_head_json":{"title":"Dossier Aparell Digestiu - Servidigest","robots":{"index":"noindex","follow":"follow"},"og_locale":"ca_ES","og_type":"article","og_title":"Dossier Aparell Digestiu - Servidigest","og_description":"C\u00e0ncer de c\u00f2lon Ecoendosc\u00f2pia Es\u00f2fag de Barrett","og_url":"https:\/\/dev.93-93-113-41.plesk.page\/ca\/clinica-servidigest\/publicacions\/dosier-aparell-digestiu\/","og_site_name":"Servidigest","article_publisher":"https:\/\/www.facebook.com\/servidigest","article_modified_time":"2024-03-15T10:14:16+00:00","twitter_card":"summary_large_image","twitter_site":"@servidigest","schema":{"@context":"https:\/\/schema.org","@graph":[{"@type":"WebPage","@id":"https:\/\/dev.93-93-113-41.plesk.page\/ca\/clinica-servidigest\/publicacions\/dosier-aparell-digestiu\/","url":"https:\/\/dev.93-93-113-41.plesk.page\/ca\/clinica-servidigest\/publicacions\/dosier-aparell-digestiu\/","name":"Dossier Aparell Digestiu - Servidigest","isPartOf":{"@id":"https:\/\/dev.93-93-113-41.plesk.page\/ca\/#website"},"datePublished":"2017-04-25T06:14:25+00:00","dateModified":"2024-03-15T10:14:16+00:00","breadcrumb":{"@id":"https:\/\/dev.93-93-113-41.plesk.page\/ca\/clinica-servidigest\/publicacions\/dosier-aparell-digestiu\/#breadcrumb"},"inLanguage":"ca","potentialAction":[{"@type":"ReadAction","target":["https:\/\/dev.93-93-113-41.plesk.page\/ca\/clinica-servidigest\/publicacions\/dosier-aparell-digestiu\/"]}]},{"@type":"BreadcrumbList","@id":"https:\/\/dev.93-93-113-41.plesk.page\/ca\/clinica-servidigest\/publicacions\/dosier-aparell-digestiu\/#breadcrumb","itemListElement":[{"@type":"ListItem","position":1,"name":"Cl\u00ednica ServiDigest","item":"https:\/\/dev.93-93-113-41.plesk.page\/ca\/clinica-servidigest\/"},{"@type":"ListItem","position":2,"name":"Publicacions de Cl\u00ednica ServiDigest","item":"https:\/\/dev.93-93-113-41.plesk.page\/ca\/clinica-servidigest\/publicacions\/"},{"@type":"ListItem","position":3,"name":"Dossier Aparell Digestiu"}]},{"@type":"WebSite","@id":"https:\/\/dev.93-93-113-41.plesk.page\/ca\/#website","url":"https:\/\/dev.93-93-113-41.plesk.page\/ca\/","name":"Servidigest","description":"","publisher":{"@id":"https:\/\/dev.93-93-113-41.plesk.page\/ca\/#organization"},"potentialAction":[{"@type":"SearchAction","target":{"@type":"EntryPoint","urlTemplate":"https:\/\/dev.93-93-113-41.plesk.page\/ca\/?s={search_term_string}"},"query-input":"required name=search_term_string"}],"inLanguage":"ca"},{"@type":"Organization","@id":"https:\/\/dev.93-93-113-41.plesk.page\/ca\/#organization","name":"Servidigest","url":"https:\/\/dev.93-93-113-41.plesk.page\/ca\/","logo":{"@type":"ImageObject","inLanguage":"ca","@id":"https:\/\/dev.93-93-113-41.plesk.page\/ca\/#\/schema\/logo\/image\/","url":"https:\/\/dev.93-93-113-41.plesk.page\/wp-content\/uploads\/2024\/01\/servidigest.png","contentUrl":"https:\/\/dev.93-93-113-41.plesk.page\/wp-content\/uploads\/2024\/01\/servidigest.png","width":808,"height":88,"caption":"Servidigest"},"image":{"@id":"https:\/\/dev.93-93-113-41.plesk.page\/ca\/#\/schema\/logo\/image\/"},"sameAs":["https:\/\/www.facebook.com\/servidigest","https:\/\/x.com\/servidigest"]}]}},"_links":{"self":[{"href":"https:\/\/dev.93-93-113-41.plesk.page\/ca\/wp-json\/wp\/v2\/pages\/15811","targetHints":{"allow":["GET"]}}],"collection":[{"href":"https:\/\/dev.93-93-113-41.plesk.page\/ca\/wp-json\/wp\/v2\/pages"}],"about":[{"href":"https:\/\/dev.93-93-113-41.plesk.page\/ca\/wp-json\/wp\/v2\/types\/page"}],"author":[{"embeddable":true,"href":"https:\/\/dev.93-93-113-41.plesk.page\/ca\/wp-json\/wp\/v2\/users\/1"}],"replies":[{"embeddable":true,"href":"https:\/\/dev.93-93-113-41.plesk.page\/ca\/wp-json\/wp\/v2\/comments?post=15811"}],"version-history":[{"count":2,"href":"https:\/\/dev.93-93-113-41.plesk.page\/ca\/wp-json\/wp\/v2\/pages\/15811\/revisions"}],"predecessor-version":[{"id":37558,"href":"https:\/\/dev.93-93-113-41.plesk.page\/ca\/wp-json\/wp\/v2\/pages\/15811\/revisions\/37558"}],"up":[{"embeddable":true,"href":"https:\/\/dev.93-93-113-41.plesk.page\/ca\/wp-json\/wp\/v2\/pages\/15778"}],"wp:attachment":[{"href":"https:\/\/dev.93-93-113-41.plesk.page\/ca\/wp-json\/wp\/v2\/media?parent=15811"}],"curies":[{"name":"wp","href":"https:\/\/api.w.org\/{rel}","templated":true}]}}