{"id":13972,"date":"2016-06-29T15:59:48","date_gmt":"2016-06-29T13:59:48","guid":{"rendered":"https:\/\/dev.93-93-113-41.plesk.page\/ca\/?page_id=13972"},"modified":"2024-02-26T17:12:50","modified_gmt":"2024-02-26T16:12:50","slug":"desnutricio","status":"publish","type":"page","link":"https:\/\/dev.93-93-113-41.plesk.page\/ca\/serveis\/endocrinologia-i-nutricio\/desnutricio\/","title":{"rendered":"Desnutrici\u00f3"},"content":{"rendered":"<p>La desnutrici\u00f3 \u00e9s un estat de d\u00e8ficit d&#8217;energia, prote\u00efnes o d&#8217;altres nutrients que comporta efectes adversos en els pacients. Pot estar relacionada amb el dejuni, malalties cr\u00f2niques (sobretot renals o hep\u00e0tiques) o b\u00e9 oc\u00f3rrer durant processos aguts (per exemple, una intervenci\u00f3 quir\u00fargica).<\/p>\n<p><img fetchpriority=\"high\" decoding=\"async\" class=\"size-full wp-image-14202 aligncenter\" src=\"https:\/\/dev.93-93-113-41.plesk.page\/wp-content\/uploads\/2016\/06\/Bascula-i-peu-Web.jpg\" alt=\"Desnutricio\" width=\"509\" height=\"339\" srcset=\"https:\/\/dev.93-93-113-41.plesk.page\/wp-content\/uploads\/2016\/06\/Bascula-i-peu-Web.jpg 509w, https:\/\/dev.93-93-113-41.plesk.page\/wp-content\/uploads\/2016\/06\/Bascula-i-peu-Web-300x200.jpg 300w\" sizes=\"(max-width: 509px) 100vw, 509px\" \/><\/p>\n<p>&nbsp;<\/p>\n<p>\u00c9s molt prevalent, no nom\u00e9s en els pa\u00efsos en desenvolupament, i t\u00e9 un impacte considerable, empitjorant les malalties que presenta el pacient o b\u00e9 afavorint l&#8217;aparici\u00f3 d&#8217;altres amb augment de la mortalitat.<\/p>\n<h4><span style=\"color: #3366ff;\">Classificaci\u00f3<\/span><\/h4>\n<p>La desnutrici\u00f3, igual que l&#8217;obesitat, es classifica segons l<a href=\"http:\/\/especialistasobesidad.com\/ca\/obesitat-i-sobrepes\/index-de-masa-corporal-imc\/\">&#8216;IMC<\/a>, que \u00e9s s&#8217;obt\u00e9 de dividir el pes (kg) per la talla al quadrat (m). En funci\u00f3 d&#8217;aix\u00f2 parlarem de:<\/p>\n<p>&#8211; Pes normal: IMC 18.5-25 kg \/ m2<br \/>\n&#8211; Desnutrici\u00f3 lleu: IMC 17-18.4 kg \/ m2<br \/>\n&#8211; Desnutrici\u00f3 moderada: IMC 16-16.9 kg \/ m2<br \/>\n&#8211; Desnutrici\u00f3 severa: IMC &lt;16 kg \/ m2<\/p>\n<h4><span style=\"color: #3366ff;\">Diagn\u00f2stic<\/span><\/h4>\n<p>A m\u00e9s de valorar el pes, talla i explorar al pacient, \u00e9s \u00fatil una anal\u00edtica sangu\u00ednia que inclogui marcadors nutricionals, com les prote\u00efnes viscerals (per exemple alb\u00famina), micronutrients, par\u00e0metres inflamatoris (que poden ser causa de desnutrici\u00f3) i hemograma, pel risc d&#8217;afectaci\u00f3 del sistema immune en pacients desnodrits.<\/p>\n<p>Aix\u00ed mateix, pot ser \u00fatil fer una valoraci\u00f3 de la composici\u00f3 corporal amb t\u00e8cniques com la bioimped\u00e0ncia, que ens proporciona informaci\u00f3 sobre la massa muscular i greix corporal.<\/p>\n<h4><span style=\"color: #3366ff;\">Tractament<\/span><\/h4>\n<p>Un cop fet l&#8217;estudi de la seva causa, el tractament consisteix a realitzar una pauta d&#8217;alimentaci\u00f3 individualitzada i adaptada a les necessitats de cada pacient, juntament amb suplements de vitamines, ferro o minerals en cas que es requereixi.<\/p>\n","protected":false},"excerpt":{"rendered":"<div class=\"mh-excerpt\"><p>La desnutrici\u00f3 \u00e9s un estat de d\u00e8ficit d&#8217;energia, prote\u00efnes o d&#8217;altres nutrients que comporta efectes adversos en els pacients. Pot estar relacionada amb el dejuni, malalties cr\u00f2niques (sobretot renals o hep\u00e0tiques) o b\u00e9 oc\u00f3rrer durant <a class=\"mh-excerpt-more\" href=\"https:\/\/dev.93-93-113-41.plesk.page\/ca\/serveis\/endocrinologia-i-nutricio\/desnutricio\/\" title=\"Desnutrici\u00f3\">[&#8230;]<\/a><\/p>\n<\/div>","protected":false},"author":1,"featured_media":0,"parent":735,"menu_order":20,"comment_status":"closed","ping_status":"closed","template":"","meta":{"footnotes":""},"class_list":["post-13972","page","type-page","status-publish"],"yoast_head":"<!-- This site is optimized with the Yoast SEO plugin v22.6 - https:\/\/yoast.com\/wordpress\/plugins\/seo\/ -->\n<title>Desnutrici\u00f3, diagn\u00f2stic i tractament - Cl\u00ednica ServiDigest - Barcelona<\/title>\n<meta name=\"description\" content=\"Qu\u00e8 \u00e9s la Desnutrici\u00f3? Coneix la seva classificaci\u00f3, diagn\u00f2stic i tractament a Cl\u00ednica ServiDigest. Equip d&#039;endocrinologia i nutrici\u00f3 al centre de Barcelona\" \/>\n<meta name=\"robots\" content=\"index, follow, max-snippet:-1, max-image-preview:large, max-video-preview:-1\" \/>\n<link rel=\"canonical\" href=\"https:\/\/dev.93-93-113-41.plesk.page\/ca\/serveis\/endocrinologia-i-nutricio\/desnutricio\/\" \/>\n<meta property=\"og:locale\" content=\"ca_ES\" \/>\n<meta property=\"og:type\" content=\"article\" \/>\n<meta property=\"og:title\" content=\"Desnutrici\u00f3, diagn\u00f2stic i tractament - Cl\u00ednica ServiDigest - Barcelona\" \/>\n<meta property=\"og:description\" content=\"Qu\u00e8 \u00e9s la Desnutrici\u00f3? Coneix la seva classificaci\u00f3, diagn\u00f2stic i tractament a Cl\u00ednica ServiDigest. Equip d&#039;endocrinologia i nutrici\u00f3 al centre de Barcelona\" \/>\n<meta property=\"og:url\" content=\"https:\/\/dev.93-93-113-41.plesk.page\/ca\/serveis\/endocrinologia-i-nutricio\/desnutricio\/\" \/>\n<meta property=\"og:site_name\" content=\"Servidigest\" \/>\n<meta property=\"article:publisher\" content=\"https:\/\/www.facebook.com\/servidigest\" \/>\n<meta property=\"article:modified_time\" content=\"2024-02-26T16:12:50+00:00\" \/>\n<meta property=\"og:image\" content=\"https:\/\/dev.93-93-113-41.plesk.page\/wp-content\/uploads\/2016\/06\/Bascula-i-peu-Web.jpg\" \/>\n<meta name=\"twitter:card\" content=\"summary_large_image\" \/>\n<meta name=\"twitter:site\" content=\"@servidigest\" \/>\n<meta name=\"twitter:label1\" content=\"Est. reading time\" \/>\n\t<meta name=\"twitter:data1\" content=\"1 minute\" \/>\n<script type=\"application\/ld+json\" class=\"yoast-schema-graph\">{\"@context\":\"https:\/\/schema.org\",\"@graph\":[{\"@type\":\"WebPage\",\"@id\":\"https:\/\/dev.93-93-113-41.plesk.page\/ca\/serveis\/endocrinologia-i-nutricio\/desnutricio\/\",\"url\":\"https:\/\/dev.93-93-113-41.plesk.page\/ca\/serveis\/endocrinologia-i-nutricio\/desnutricio\/\",\"name\":\"Desnutrici\u00f3, diagn\u00f2stic i tractament - Cl\u00ednica ServiDigest - Barcelona\",\"isPartOf\":{\"@id\":\"https:\/\/dev.93-93-113-41.plesk.page\/ca\/#website\"},\"primaryImageOfPage\":{\"@id\":\"https:\/\/dev.93-93-113-41.plesk.page\/ca\/serveis\/endocrinologia-i-nutricio\/desnutricio\/#primaryimage\"},\"image\":{\"@id\":\"https:\/\/dev.93-93-113-41.plesk.page\/ca\/serveis\/endocrinologia-i-nutricio\/desnutricio\/#primaryimage\"},\"thumbnailUrl\":\"https:\/\/dev.93-93-113-41.plesk.page\/wp-content\/uploads\/2016\/06\/Bascula-i-peu-Web.jpg\",\"datePublished\":\"2016-06-29T13:59:48+00:00\",\"dateModified\":\"2024-02-26T16:12:50+00:00\",\"description\":\"Qu\u00e8 \u00e9s la Desnutrici\u00f3? Coneix la seva classificaci\u00f3, diagn\u00f2stic i tractament a Cl\u00ednica ServiDigest. Equip d'endocrinologia i nutrici\u00f3 al centre de Barcelona\",\"breadcrumb\":{\"@id\":\"https:\/\/dev.93-93-113-41.plesk.page\/ca\/serveis\/endocrinologia-i-nutricio\/desnutricio\/#breadcrumb\"},\"inLanguage\":\"ca\",\"potentialAction\":[{\"@type\":\"ReadAction\",\"target\":[\"https:\/\/dev.93-93-113-41.plesk.page\/ca\/serveis\/endocrinologia-i-nutricio\/desnutricio\/\"]}]},{\"@type\":\"ImageObject\",\"inLanguage\":\"ca\",\"@id\":\"https:\/\/dev.93-93-113-41.plesk.page\/ca\/serveis\/endocrinologia-i-nutricio\/desnutricio\/#primaryimage\",\"url\":\"https:\/\/dev.93-93-113-41.plesk.page\/wp-content\/uploads\/2016\/06\/Bascula-i-peu-Web.jpg\",\"contentUrl\":\"https:\/\/dev.93-93-113-41.plesk.page\/wp-content\/uploads\/2016\/06\/Bascula-i-peu-Web.jpg\"},{\"@type\":\"BreadcrumbList\",\"@id\":\"https:\/\/dev.93-93-113-41.plesk.page\/ca\/serveis\/endocrinologia-i-nutricio\/desnutricio\/#breadcrumb\",\"itemListElement\":[{\"@type\":\"ListItem\",\"position\":1,\"name\":\"Serveis M\u00e8dics de Cl\u00ednica ServiDigest\",\"item\":\"https:\/\/dev.93-93-113-41.plesk.page\/ca\/servicios\/\"},{\"@type\":\"ListItem\",\"position\":2,\"name\":\"Endocrinologia i nutrici\u00f3\",\"item\":\"https:\/\/dev.93-93-113-41.plesk.page\/ca\/servicios\/endocrinologia-nutricion\/\"},{\"@type\":\"ListItem\",\"position\":3,\"name\":\"Desnutrici\u00f3\"}]},{\"@type\":\"WebSite\",\"@id\":\"https:\/\/dev.93-93-113-41.plesk.page\/ca\/#website\",\"url\":\"https:\/\/dev.93-93-113-41.plesk.page\/ca\/\",\"name\":\"Servidigest\",\"description\":\"\",\"publisher\":{\"@id\":\"https:\/\/dev.93-93-113-41.plesk.page\/ca\/#organization\"},\"potentialAction\":[{\"@type\":\"SearchAction\",\"target\":{\"@type\":\"EntryPoint\",\"urlTemplate\":\"https:\/\/dev.93-93-113-41.plesk.page\/ca\/?s={search_term_string}\"},\"query-input\":\"required name=search_term_string\"}],\"inLanguage\":\"ca\"},{\"@type\":\"Organization\",\"@id\":\"https:\/\/dev.93-93-113-41.plesk.page\/ca\/#organization\",\"name\":\"Servidigest\",\"url\":\"https:\/\/dev.93-93-113-41.plesk.page\/ca\/\",\"logo\":{\"@type\":\"ImageObject\",\"inLanguage\":\"ca\",\"@id\":\"https:\/\/dev.93-93-113-41.plesk.page\/ca\/#\/schema\/logo\/image\/\",\"url\":\"https:\/\/dev.93-93-113-41.plesk.page\/wp-content\/uploads\/2024\/01\/servidigest.png\",\"contentUrl\":\"https:\/\/dev.93-93-113-41.plesk.page\/wp-content\/uploads\/2024\/01\/servidigest.png\",\"width\":808,\"height\":88,\"caption\":\"Servidigest\"},\"image\":{\"@id\":\"https:\/\/dev.93-93-113-41.plesk.page\/ca\/#\/schema\/logo\/image\/\"},\"sameAs\":[\"https:\/\/www.facebook.com\/servidigest\",\"https:\/\/x.com\/servidigest\"]}]}<\/script>\n<!-- \/ Yoast SEO plugin. -->","yoast_head_json":{"title":"Desnutrici\u00f3, diagn\u00f2stic i tractament - Cl\u00ednica ServiDigest - Barcelona","description":"Qu\u00e8 \u00e9s la Desnutrici\u00f3? Coneix la seva classificaci\u00f3, diagn\u00f2stic i tractament a Cl\u00ednica ServiDigest. Equip d'endocrinologia i nutrici\u00f3 al centre de Barcelona","robots":{"index":"index","follow":"follow","max-snippet":"max-snippet:-1","max-image-preview":"max-image-preview:large","max-video-preview":"max-video-preview:-1"},"canonical":"https:\/\/dev.93-93-113-41.plesk.page\/ca\/serveis\/endocrinologia-i-nutricio\/desnutricio\/","og_locale":"ca_ES","og_type":"article","og_title":"Desnutrici\u00f3, diagn\u00f2stic i tractament - Cl\u00ednica ServiDigest - Barcelona","og_description":"Qu\u00e8 \u00e9s la Desnutrici\u00f3? Coneix la seva classificaci\u00f3, diagn\u00f2stic i tractament a Cl\u00ednica ServiDigest. Equip d'endocrinologia i nutrici\u00f3 al centre de Barcelona","og_url":"https:\/\/dev.93-93-113-41.plesk.page\/ca\/serveis\/endocrinologia-i-nutricio\/desnutricio\/","og_site_name":"Servidigest","article_publisher":"https:\/\/www.facebook.com\/servidigest","article_modified_time":"2024-02-26T16:12:50+00:00","og_image":[{"url":"https:\/\/dev.93-93-113-41.plesk.page\/wp-content\/uploads\/2016\/06\/Bascula-i-peu-Web.jpg"}],"twitter_card":"summary_large_image","twitter_site":"@servidigest","twitter_misc":{"Est. reading time":"1 minute"},"schema":{"@context":"https:\/\/schema.org","@graph":[{"@type":"WebPage","@id":"https:\/\/dev.93-93-113-41.plesk.page\/ca\/serveis\/endocrinologia-i-nutricio\/desnutricio\/","url":"https:\/\/dev.93-93-113-41.plesk.page\/ca\/serveis\/endocrinologia-i-nutricio\/desnutricio\/","name":"Desnutrici\u00f3, diagn\u00f2stic i tractament - Cl\u00ednica ServiDigest - Barcelona","isPartOf":{"@id":"https:\/\/dev.93-93-113-41.plesk.page\/ca\/#website"},"primaryImageOfPage":{"@id":"https:\/\/dev.93-93-113-41.plesk.page\/ca\/serveis\/endocrinologia-i-nutricio\/desnutricio\/#primaryimage"},"image":{"@id":"https:\/\/dev.93-93-113-41.plesk.page\/ca\/serveis\/endocrinologia-i-nutricio\/desnutricio\/#primaryimage"},"thumbnailUrl":"https:\/\/dev.93-93-113-41.plesk.page\/wp-content\/uploads\/2016\/06\/Bascula-i-peu-Web.jpg","datePublished":"2016-06-29T13:59:48+00:00","dateModified":"2024-02-26T16:12:50+00:00","description":"Qu\u00e8 \u00e9s la Desnutrici\u00f3? Coneix la seva classificaci\u00f3, diagn\u00f2stic i tractament a Cl\u00ednica ServiDigest. Equip d'endocrinologia i nutrici\u00f3 al centre de Barcelona","breadcrumb":{"@id":"https:\/\/dev.93-93-113-41.plesk.page\/ca\/serveis\/endocrinologia-i-nutricio\/desnutricio\/#breadcrumb"},"inLanguage":"ca","potentialAction":[{"@type":"ReadAction","target":["https:\/\/dev.93-93-113-41.plesk.page\/ca\/serveis\/endocrinologia-i-nutricio\/desnutricio\/"]}]},{"@type":"ImageObject","inLanguage":"ca","@id":"https:\/\/dev.93-93-113-41.plesk.page\/ca\/serveis\/endocrinologia-i-nutricio\/desnutricio\/#primaryimage","url":"https:\/\/dev.93-93-113-41.plesk.page\/wp-content\/uploads\/2016\/06\/Bascula-i-peu-Web.jpg","contentUrl":"https:\/\/dev.93-93-113-41.plesk.page\/wp-content\/uploads\/2016\/06\/Bascula-i-peu-Web.jpg"},{"@type":"BreadcrumbList","@id":"https:\/\/dev.93-93-113-41.plesk.page\/ca\/serveis\/endocrinologia-i-nutricio\/desnutricio\/#breadcrumb","itemListElement":[{"@type":"ListItem","position":1,"name":"Serveis M\u00e8dics de Cl\u00ednica ServiDigest","item":"https:\/\/dev.93-93-113-41.plesk.page\/ca\/servicios\/"},{"@type":"ListItem","position":2,"name":"Endocrinologia i nutrici\u00f3","item":"https:\/\/dev.93-93-113-41.plesk.page\/ca\/servicios\/endocrinologia-nutricion\/"},{"@type":"ListItem","position":3,"name":"Desnutrici\u00f3"}]},{"@type":"WebSite","@id":"https:\/\/dev.93-93-113-41.plesk.page\/ca\/#website","url":"https:\/\/dev.93-93-113-41.plesk.page\/ca\/","name":"Servidigest","description":"","publisher":{"@id":"https:\/\/dev.93-93-113-41.plesk.page\/ca\/#organization"},"potentialAction":[{"@type":"SearchAction","target":{"@type":"EntryPoint","urlTemplate":"https:\/\/dev.93-93-113-41.plesk.page\/ca\/?s={search_term_string}"},"query-input":"required name=search_term_string"}],"inLanguage":"ca"},{"@type":"Organization","@id":"https:\/\/dev.93-93-113-41.plesk.page\/ca\/#organization","name":"Servidigest","url":"https:\/\/dev.93-93-113-41.plesk.page\/ca\/","logo":{"@type":"ImageObject","inLanguage":"ca","@id":"https:\/\/dev.93-93-113-41.plesk.page\/ca\/#\/schema\/logo\/image\/","url":"https:\/\/dev.93-93-113-41.plesk.page\/wp-content\/uploads\/2024\/01\/servidigest.png","contentUrl":"https:\/\/dev.93-93-113-41.plesk.page\/wp-content\/uploads\/2024\/01\/servidigest.png","width":808,"height":88,"caption":"Servidigest"},"image":{"@id":"https:\/\/dev.93-93-113-41.plesk.page\/ca\/#\/schema\/logo\/image\/"},"sameAs":["https:\/\/www.facebook.com\/servidigest","https:\/\/x.com\/servidigest"]}]}},"_links":{"self":[{"href":"https:\/\/dev.93-93-113-41.plesk.page\/ca\/wp-json\/wp\/v2\/pages\/13972","targetHints":{"allow":["GET"]}}],"collection":[{"href":"https:\/\/dev.93-93-113-41.plesk.page\/ca\/wp-json\/wp\/v2\/pages"}],"about":[{"href":"https:\/\/dev.93-93-113-41.plesk.page\/ca\/wp-json\/wp\/v2\/types\/page"}],"author":[{"embeddable":true,"href":"https:\/\/dev.93-93-113-41.plesk.page\/ca\/wp-json\/wp\/v2\/users\/1"}],"replies":[{"embeddable":true,"href":"https:\/\/dev.93-93-113-41.plesk.page\/ca\/wp-json\/wp\/v2\/comments?post=13972"}],"version-history":[{"count":1,"href":"https:\/\/dev.93-93-113-41.plesk.page\/ca\/wp-json\/wp\/v2\/pages\/13972\/revisions"}],"predecessor-version":[{"id":35059,"href":"https:\/\/dev.93-93-113-41.plesk.page\/ca\/wp-json\/wp\/v2\/pages\/13972\/revisions\/35059"}],"up":[{"embeddable":true,"href":"https:\/\/dev.93-93-113-41.plesk.page\/ca\/wp-json\/wp\/v2\/pages\/735"}],"wp:attachment":[{"href":"https:\/\/dev.93-93-113-41.plesk.page\/ca\/wp-json\/wp\/v2\/media?parent=13972"}],"curies":[{"name":"wp","href":"https:\/\/api.w.org\/{rel}","templated":true}]}}