{"id":137,"date":"2014-05-16T09:15:40","date_gmt":"2014-05-16T09:15:40","guid":{"rendered":"https:\/\/dev.93-93-113-41.plesk.page\/?page_id=137"},"modified":"2024-05-15T12:57:19","modified_gmt":"2024-05-15T10:57:19","slug":"responsabilitat-social-corporativa","status":"publish","type":"page","link":"https:\/\/dev.93-93-113-41.plesk.page\/ca\/responsabilitat-social-corporativa\/","title":{"rendered":"Responsabilitat Social Corporativa"},"content":{"rendered":"<div class=\"flex flex-grow flex-col max-w-full\">\n<div class=\"min-h-[20px] text-message flex flex-col items-start whitespace-pre-wrap break-words [.text-message+&amp;]:mt-5 juice:w-full juice:items-end overflow-x-auto gap-2\" dir=\"auto\" data-message-author-role=\"assistant\" data-message-id=\"c61cda38-924d-4098-9172-030018e0834f\">\n<div class=\"flex w-full flex-col gap-1 juice:first:pt-[3px]\">\n<div class=\"markdown prose w-full break-words dark:prose-invert light\">\n<p>La Fundaci\u00f3 Privada ServiDigest t\u00e9 el comprom\u00eds de complir amb el desenvolupament de la Responsabilitat Social Corporativa de Cl\u00ednica ServiDigest.<\/p>\n<p>S\u00f3n els nostres valors socials els que defineixen les nostres accions en tots els \u00e0mbits de la gesti\u00f3 de ServiDigest.<\/p>\n<p>Adoptem compromisos que comporten respecte, avan\u00e7 i integraci\u00f3 de les persones.<\/p>\n<h3>Normes d&#8217;\u00c8tica i Conducta<\/h3>\n<p>El Codi de Conducta de Cl\u00ednica ServiDigest es basa en cuidar la salut i la qualitat de vida dels seus pacients. Aquesta responsabilitat suposa que els nostres valors i els nostres principis \u00e8tics s\u00f3n clau en les decisions que prenem i en les accions que duem a terme durant la realitzaci\u00f3 de la nostra feina. El nostre Codi de Conducta serveix de pauta de comportament per als empleats de Cl\u00ednica ServiDigest. El seu contingut ens aporta informaci\u00f3, recursos i eines per poder prendre les decisions correctes, resoldre problemes que puguin sorgir en el nostre dia a dia i actuar de forma \u00edntegra.<\/p>\n<h3>Normes de respecte a la diversitat<\/h3>\n<p>Incidim en el nostre comprom\u00eds de respectar i promoure els drets humans i el respecte per la diversitat en qualsevol dels \u00e0mbits de la nostra influ\u00e8ncia i activitat empresarial i professional.<\/p>\n<h3>Normes de Qualitat<\/h3>\n<p>Cl\u00ednica ServiDigest de Barcelona \u00e9s la primera Cl\u00ednica M\u00e8dico-Quir\u00fargica, especialitzada en Malalties Digestives i Metab\u00f2liques, que ha obtingut el segell de qualitat de la Joint Commission International a Espanya, per la seva qualitat i seguretat assistencial.<\/p>\n<p>La Joint Commission International \u00e9s l&#8217;organitzaci\u00f3 que avalua la qualitat i seguretat de m\u00e9s prestigi, exig\u00e8ncia i experi\u00e8ncia en acreditaci\u00f3 sanit\u00e0ria a nivell mundial, amb la finalitat de la millora cont\u00ednua de la qualitat i seguretat en les organitzacions sanit\u00e0ries.<\/p>\n<p>Les organitzacions sanit\u00e0ries acreditades amb aquest segell daurat de qualitat han de renovar-lo cada tres anys. Durant aquest per\u00edode, la Joint Commission International realitza un seguiment del compliment dels est\u00e0ndards de qualitat i seguretat assistencial establerts en els centres sanitaris acreditats.<\/p>\n<p>La Joint Commission International avalua el compliment de mil est\u00e0ndards internacionals, verificant la seguretat integral del pacient; valoraci\u00f3 i cura del pacient; atenci\u00f3 quir\u00fargica i anest\u00e8sia; prevenci\u00f3 i control d&#8217;infeccions; millora continuada; governabilitat i lideratge; formaci\u00f3 continuada; gesti\u00f3 d&#8217;instal\u00b7lacions; qualificacions i educaci\u00f3 del personal; i gesti\u00f3 de la informaci\u00f3.<\/p>\n<h3>Normes de Seguretat, Salut i Medi Ambient<\/h3>\n<p>Assumim el comprom\u00eds de desenvolupar les nostres activitats considerant com a valors essencials la seguretat, la salut de les persones i la protecci\u00f3 del medi ambient.<\/p>\n<p>La Fundaci\u00f3 Privada ServiDigest comparteix la preocupaci\u00f3 de la societat davant el canvi clim\u00e0tic i treballa per reduir els impactes que l&#8217;activitat humana est\u00e0 causant al planeta, centrant el nostre comprom\u00eds en utilitzar de forma eficient tots els recursos de qu\u00e8 disposem en les nostres instal\u00b7lacions i en les activitats que desenvolupem. Volem mitigar els efectes del canvi clim\u00e0tic.<\/p>\n<h3>Desenvolupament de plans de desenvolupament i ajuda social<\/h3>\n<p>La Fundaci\u00f3 Privada ServiDigest, mitjan\u00e7ant la seva Responsabilitat Social Corporativa, integra Cl\u00ednica ServiDigest en el seu projecte de crear un m\u00f3n m\u00e9s just i solidari posant en marxa programes de col\u00b7laboraci\u00f3 solid\u00e0ria.<\/p>\n<\/div>\n<\/div>\n<\/div>\n<\/div>\n","protected":false},"excerpt":{"rendered":"<div class=\"mh-excerpt\"><p>La Fundaci\u00f3 Privada ServiDigest t\u00e9 el comprom\u00eds de complir amb el desenvolupament de la Responsabilitat Social Corporativa de Cl\u00ednica ServiDigest. S\u00f3n els nostres valors socials els que defineixen les nostres accions en tots els \u00e0mbits <a class=\"mh-excerpt-more\" href=\"https:\/\/dev.93-93-113-41.plesk.page\/ca\/responsabilitat-social-corporativa\/\" title=\"Responsabilitat Social Corporativa\">[&#8230;]<\/a><\/p>\n<\/div>","protected":false},"author":1,"featured_media":0,"parent":0,"menu_order":0,"comment_status":"closed","ping_status":"closed","template":"","meta":{"footnotes":""},"class_list":["post-137","page","type-page","status-publish"],"yoast_head":"<!-- This site is optimized with the Yoast SEO plugin v22.6 - https:\/\/yoast.com\/wordpress\/plugins\/seo\/ -->\n<title>Responsabilitat Social Corporativa - Servidigest<\/title>\n<meta name=\"description\" content=\"Responsabilitat Social Corporativa\" \/>\n<meta name=\"robots\" content=\"index, follow, max-snippet:-1, max-image-preview:large, max-video-preview:-1\" \/>\n<link rel=\"canonical\" href=\"https:\/\/dev.93-93-113-41.plesk.page\/ca\/responsabilitat-social-corporativa\/\" \/>\n<meta property=\"og:locale\" content=\"ca_ES\" \/>\n<meta property=\"og:type\" content=\"article\" \/>\n<meta property=\"og:title\" content=\"Responsabilitat Social Corporativa - Servidigest\" \/>\n<meta property=\"og:description\" content=\"Responsabilitat Social Corporativa\" \/>\n<meta property=\"og:url\" content=\"https:\/\/dev.93-93-113-41.plesk.page\/ca\/responsabilitat-social-corporativa\/\" \/>\n<meta property=\"og:site_name\" content=\"Servidigest\" \/>\n<meta property=\"article:publisher\" content=\"https:\/\/www.facebook.com\/servidigest\" \/>\n<meta property=\"article:modified_time\" content=\"2024-05-15T10:57:19+00:00\" \/>\n<meta name=\"twitter:card\" content=\"summary_large_image\" \/>\n<meta name=\"twitter:site\" content=\"@servidigest\" \/>\n<meta name=\"twitter:label1\" content=\"Est. reading time\" \/>\n\t<meta name=\"twitter:data1\" content=\"3 minutes\" \/>\n<script type=\"application\/ld+json\" class=\"yoast-schema-graph\">{\"@context\":\"https:\/\/schema.org\",\"@graph\":[{\"@type\":\"WebPage\",\"@id\":\"https:\/\/dev.93-93-113-41.plesk.page\/ca\/responsabilitat-social-corporativa\/\",\"url\":\"https:\/\/dev.93-93-113-41.plesk.page\/ca\/responsabilitat-social-corporativa\/\",\"name\":\"Responsabilitat Social Corporativa - Servidigest\",\"isPartOf\":{\"@id\":\"https:\/\/dev.93-93-113-41.plesk.page\/ca\/#website\"},\"datePublished\":\"2014-05-16T09:15:40+00:00\",\"dateModified\":\"2024-05-15T10:57:19+00:00\",\"description\":\"Responsabilitat Social Corporativa\",\"inLanguage\":\"ca\",\"potentialAction\":[{\"@type\":\"ReadAction\",\"target\":[\"https:\/\/dev.93-93-113-41.plesk.page\/ca\/responsabilitat-social-corporativa\/\"]}]},{\"@type\":\"WebSite\",\"@id\":\"https:\/\/dev.93-93-113-41.plesk.page\/ca\/#website\",\"url\":\"https:\/\/dev.93-93-113-41.plesk.page\/ca\/\",\"name\":\"Servidigest\",\"description\":\"\",\"publisher\":{\"@id\":\"https:\/\/dev.93-93-113-41.plesk.page\/ca\/#organization\"},\"potentialAction\":[{\"@type\":\"SearchAction\",\"target\":{\"@type\":\"EntryPoint\",\"urlTemplate\":\"https:\/\/dev.93-93-113-41.plesk.page\/ca\/?s={search_term_string}\"},\"query-input\":\"required name=search_term_string\"}],\"inLanguage\":\"ca\"},{\"@type\":\"Organization\",\"@id\":\"https:\/\/dev.93-93-113-41.plesk.page\/ca\/#organization\",\"name\":\"Servidigest\",\"url\":\"https:\/\/dev.93-93-113-41.plesk.page\/ca\/\",\"logo\":{\"@type\":\"ImageObject\",\"inLanguage\":\"ca\",\"@id\":\"https:\/\/dev.93-93-113-41.plesk.page\/ca\/#\/schema\/logo\/image\/\",\"url\":\"https:\/\/dev.93-93-113-41.plesk.page\/wp-content\/uploads\/2024\/01\/servidigest.png\",\"contentUrl\":\"https:\/\/dev.93-93-113-41.plesk.page\/wp-content\/uploads\/2024\/01\/servidigest.png\",\"width\":808,\"height\":88,\"caption\":\"Servidigest\"},\"image\":{\"@id\":\"https:\/\/dev.93-93-113-41.plesk.page\/ca\/#\/schema\/logo\/image\/\"},\"sameAs\":[\"https:\/\/www.facebook.com\/servidigest\",\"https:\/\/x.com\/servidigest\"]}]}<\/script>\n<!-- \/ Yoast SEO plugin. -->","yoast_head_json":{"title":"Responsabilitat Social Corporativa - Servidigest","description":"Responsabilitat Social Corporativa","robots":{"index":"index","follow":"follow","max-snippet":"max-snippet:-1","max-image-preview":"max-image-preview:large","max-video-preview":"max-video-preview:-1"},"canonical":"https:\/\/dev.93-93-113-41.plesk.page\/ca\/responsabilitat-social-corporativa\/","og_locale":"ca_ES","og_type":"article","og_title":"Responsabilitat Social Corporativa - Servidigest","og_description":"Responsabilitat Social Corporativa","og_url":"https:\/\/dev.93-93-113-41.plesk.page\/ca\/responsabilitat-social-corporativa\/","og_site_name":"Servidigest","article_publisher":"https:\/\/www.facebook.com\/servidigest","article_modified_time":"2024-05-15T10:57:19+00:00","twitter_card":"summary_large_image","twitter_site":"@servidigest","twitter_misc":{"Est. reading time":"3 minutes"},"schema":{"@context":"https:\/\/schema.org","@graph":[{"@type":"WebPage","@id":"https:\/\/dev.93-93-113-41.plesk.page\/ca\/responsabilitat-social-corporativa\/","url":"https:\/\/dev.93-93-113-41.plesk.page\/ca\/responsabilitat-social-corporativa\/","name":"Responsabilitat Social Corporativa - Servidigest","isPartOf":{"@id":"https:\/\/dev.93-93-113-41.plesk.page\/ca\/#website"},"datePublished":"2014-05-16T09:15:40+00:00","dateModified":"2024-05-15T10:57:19+00:00","description":"Responsabilitat Social Corporativa","inLanguage":"ca","potentialAction":[{"@type":"ReadAction","target":["https:\/\/dev.93-93-113-41.plesk.page\/ca\/responsabilitat-social-corporativa\/"]}]},{"@type":"WebSite","@id":"https:\/\/dev.93-93-113-41.plesk.page\/ca\/#website","url":"https:\/\/dev.93-93-113-41.plesk.page\/ca\/","name":"Servidigest","description":"","publisher":{"@id":"https:\/\/dev.93-93-113-41.plesk.page\/ca\/#organization"},"potentialAction":[{"@type":"SearchAction","target":{"@type":"EntryPoint","urlTemplate":"https:\/\/dev.93-93-113-41.plesk.page\/ca\/?s={search_term_string}"},"query-input":"required name=search_term_string"}],"inLanguage":"ca"},{"@type":"Organization","@id":"https:\/\/dev.93-93-113-41.plesk.page\/ca\/#organization","name":"Servidigest","url":"https:\/\/dev.93-93-113-41.plesk.page\/ca\/","logo":{"@type":"ImageObject","inLanguage":"ca","@id":"https:\/\/dev.93-93-113-41.plesk.page\/ca\/#\/schema\/logo\/image\/","url":"https:\/\/dev.93-93-113-41.plesk.page\/wp-content\/uploads\/2024\/01\/servidigest.png","contentUrl":"https:\/\/dev.93-93-113-41.plesk.page\/wp-content\/uploads\/2024\/01\/servidigest.png","width":808,"height":88,"caption":"Servidigest"},"image":{"@id":"https:\/\/dev.93-93-113-41.plesk.page\/ca\/#\/schema\/logo\/image\/"},"sameAs":["https:\/\/www.facebook.com\/servidigest","https:\/\/x.com\/servidigest"]}]}},"_links":{"self":[{"href":"https:\/\/dev.93-93-113-41.plesk.page\/ca\/wp-json\/wp\/v2\/pages\/137","targetHints":{"allow":["GET"]}}],"collection":[{"href":"https:\/\/dev.93-93-113-41.plesk.page\/ca\/wp-json\/wp\/v2\/pages"}],"about":[{"href":"https:\/\/dev.93-93-113-41.plesk.page\/ca\/wp-json\/wp\/v2\/types\/page"}],"author":[{"embeddable":true,"href":"https:\/\/dev.93-93-113-41.plesk.page\/ca\/wp-json\/wp\/v2\/users\/1"}],"replies":[{"embeddable":true,"href":"https:\/\/dev.93-93-113-41.plesk.page\/ca\/wp-json\/wp\/v2\/comments?post=137"}],"version-history":[{"count":2,"href":"https:\/\/dev.93-93-113-41.plesk.page\/ca\/wp-json\/wp\/v2\/pages\/137\/revisions"}],"predecessor-version":[{"id":39291,"href":"https:\/\/dev.93-93-113-41.plesk.page\/ca\/wp-json\/wp\/v2\/pages\/137\/revisions\/39291"}],"wp:attachment":[{"href":"https:\/\/dev.93-93-113-41.plesk.page\/ca\/wp-json\/wp\/v2\/media?parent=137"}],"curies":[{"name":"wp","href":"https:\/\/api.w.org\/{rel}","templated":true}]}}