{"id":13509,"date":"2016-06-01T11:54:18","date_gmt":"2016-06-01T09:54:18","guid":{"rendered":"https:\/\/dev.93-93-113-41.plesk.page\/ca\/?page_id=13509"},"modified":"2024-05-08T12:50:13","modified_gmt":"2024-05-08T10:50:13","slug":"tiroide","status":"publish","type":"page","link":"https:\/\/dev.93-93-113-41.plesk.page\/ca\/serveis\/endocrinologia-i-nutricio\/tiroide\/","title":{"rendered":"Tiroide"},"content":{"rendered":"<p>La tiroide \u00e9s una gl\u00e0ndula amb forma de papallona situada a la part frontal del coll, i la seva principal funci\u00f3 \u00e9s produir les hormones tiroxina (T4) i triiodotironina (T3), encarregades de regular el desenvolupament i el metabolisme.<\/p>\n<h4>Classificaci\u00f3<\/h4>\n<p>Les malalties de la tiroide les podem classificar segons si alteren la seva forma o funci\u00f3. Les alteracions de la forma poden ser un augment de mida de la gl\u00e0ndula, el que s&#8217;anomena goll, o b\u00e9 l&#8217;aparici\u00f3 d&#8217;un o diversos n\u00f2duls.<\/p>\n<p>Les alteracions de la funci\u00f3 poden ser per d\u00e8ficit (hipotiro\u00efdisme), o b\u00e9 per exc\u00e9s (hipertiro\u00efdisme). L&#8217;hipotiro\u00efdisme sol donar lloc a cansament, somnol\u00e8ncia, augment de pes, restrenyiment i intoler\u00e0ncia al fred. A difer\u00e8ncia d&#8217;aquest, el hipertiro\u00efdisme ocasiona nerviosisme, p\u00e8rdua de pes, sudoraci\u00f3, palpitacions i tremolors.<\/p>\n<h4>Diagn\u00f2stic<\/h4>\n<p>En les alteracions de la forma, l&#8217;ecografia tiro\u00efdal ens permet valorar la pres\u00e8ncia de goll i \/ o n\u00f2duls, juntament amb la seva mida i caracter\u00edstiques. A m\u00e9s, en funci\u00f3 del cas, es realitzar\u00e0 presa d&#8217;una mostra mitjan\u00e7ant punci\u00f3 amb agulla fina, amb l&#8217;objectiu de descartar la pres\u00e8ncia de c\u00e0ncer de tiroide.<\/p>\n<p>Per al diagn\u00f2stic del hipo\/ hipertiro\u00efdisme realitzarem una anal\u00edtica sangu\u00ednia amb estudi de funci\u00f3 tiro\u00efdal (TSH, T4 lliure i T3 lliure). A m\u00e9s, en aquells pacients en els quals se sospiti un origen autoimmune, demanarem els anticossos corresponents.<\/p>\n<h4>Tractament<\/h4>\n<p>El tractament del c\u00e0ncer de tiroide i el goll o n\u00f2duls de grans dimensions \u00e9s quir\u00fargic. En cas contrari, s&#8217;ha de fer seguiment ecogr\u00e0fic anual.<\/p>\n<p>L&#8217;hipotiro\u00efdisme es tracta substituint l&#8217;hormona deficit\u00e0ria amb levotiroxina. En el cas de l&#8217;hipertiro\u00efdisme, podem administrar tractament farmacol\u00f2gic amb antitiro\u00efdals i, si aquests no fossin efectius, est\u00e0 indicada l&#8217;ablaci\u00f3 amb radioiode.<\/p>\n<p>Dra. Gemma Cuixart Carruesco<br \/>\nEspecialista en Endocrinologia i Nutrici\u00f3<br \/>\nCol\u00b7legiada n\u00ba 48.408 del Col\u00b7legi Oficial de Metges de Barcelona<br \/>\nServei d&#8217;Endocrinologia i Nutrici\u00f3 de Cl\u00ednica ServiDigest<\/p>\n","protected":false},"excerpt":{"rendered":"<div class=\"mh-excerpt\"><p>La tiroide \u00e9s una gl\u00e0ndula amb forma de papallona situada a la part frontal del coll, i la seva principal funci\u00f3 \u00e9s produir les hormones tiroxina (T4) i triiodotironina (T3), encarregades de regular el desenvolupament <a class=\"mh-excerpt-more\" href=\"https:\/\/dev.93-93-113-41.plesk.page\/ca\/serveis\/endocrinologia-i-nutricio\/tiroide\/\" title=\"Tiroide\">[&#8230;]<\/a><\/p>\n<\/div>","protected":false},"author":1,"featured_media":0,"parent":735,"menu_order":12,"comment_status":"closed","ping_status":"closed","template":"","meta":{"footnotes":""},"class_list":["post-13509","page","type-page","status-publish"],"yoast_head":"<!-- This site is optimized with the Yoast SEO plugin v22.6 - https:\/\/yoast.com\/wordpress\/plugins\/seo\/ -->\n<title>Tiroide - Servidigest<\/title>\n<meta name=\"robots\" content=\"index, follow, max-snippet:-1, max-image-preview:large, max-video-preview:-1\" \/>\n<link rel=\"canonical\" href=\"https:\/\/dev.93-93-113-41.plesk.page\/ca\/serveis\/endocrinologia-i-nutricio\/tiroide\/\" \/>\n<meta property=\"og:locale\" content=\"ca_ES\" \/>\n<meta property=\"og:type\" content=\"article\" \/>\n<meta property=\"og:title\" content=\"Tiroide - Servidigest\" \/>\n<meta property=\"og:description\" content=\"La tiroide \u00e9s una gl\u00e0ndula amb forma de papallona situada a la part frontal del coll, i la seva principal funci\u00f3 \u00e9s produir les hormones tiroxina (T4) i triiodotironina (T3), encarregades de regular el desenvolupament [...]\" \/>\n<meta property=\"og:url\" content=\"https:\/\/dev.93-93-113-41.plesk.page\/ca\/serveis\/endocrinologia-i-nutricio\/tiroide\/\" \/>\n<meta property=\"og:site_name\" content=\"Servidigest\" \/>\n<meta property=\"article:publisher\" content=\"https:\/\/www.facebook.com\/servidigest\" \/>\n<meta property=\"article:modified_time\" content=\"2024-05-08T10:50:13+00:00\" \/>\n<meta name=\"twitter:card\" content=\"summary_large_image\" \/>\n<meta name=\"twitter:site\" content=\"@servidigest\" \/>\n<meta name=\"twitter:label1\" content=\"Est. reading time\" \/>\n\t<meta name=\"twitter:data1\" content=\"2 minutes\" \/>\n<script type=\"application\/ld+json\" class=\"yoast-schema-graph\">{\"@context\":\"https:\/\/schema.org\",\"@graph\":[{\"@type\":\"WebPage\",\"@id\":\"https:\/\/dev.93-93-113-41.plesk.page\/ca\/serveis\/endocrinologia-i-nutricio\/tiroide\/\",\"url\":\"https:\/\/dev.93-93-113-41.plesk.page\/ca\/serveis\/endocrinologia-i-nutricio\/tiroide\/\",\"name\":\"Tiroide - Servidigest\",\"isPartOf\":{\"@id\":\"https:\/\/dev.93-93-113-41.plesk.page\/ca\/#website\"},\"datePublished\":\"2016-06-01T09:54:18+00:00\",\"dateModified\":\"2024-05-08T10:50:13+00:00\",\"breadcrumb\":{\"@id\":\"https:\/\/dev.93-93-113-41.plesk.page\/ca\/serveis\/endocrinologia-i-nutricio\/tiroide\/#breadcrumb\"},\"inLanguage\":\"ca\",\"potentialAction\":[{\"@type\":\"ReadAction\",\"target\":[\"https:\/\/dev.93-93-113-41.plesk.page\/ca\/serveis\/endocrinologia-i-nutricio\/tiroide\/\"]}]},{\"@type\":\"BreadcrumbList\",\"@id\":\"https:\/\/dev.93-93-113-41.plesk.page\/ca\/serveis\/endocrinologia-i-nutricio\/tiroide\/#breadcrumb\",\"itemListElement\":[{\"@type\":\"ListItem\",\"position\":1,\"name\":\"Serveis M\u00e8dics de Cl\u00ednica ServiDigest\",\"item\":\"https:\/\/dev.93-93-113-41.plesk.page\/ca\/servicios\/\"},{\"@type\":\"ListItem\",\"position\":2,\"name\":\"Endocrinologia i nutrici\u00f3\",\"item\":\"https:\/\/dev.93-93-113-41.plesk.page\/ca\/servicios\/endocrinologia-nutricion\/\"},{\"@type\":\"ListItem\",\"position\":3,\"name\":\"Tiroide\"}]},{\"@type\":\"WebSite\",\"@id\":\"https:\/\/dev.93-93-113-41.plesk.page\/ca\/#website\",\"url\":\"https:\/\/dev.93-93-113-41.plesk.page\/ca\/\",\"name\":\"Servidigest\",\"description\":\"\",\"publisher\":{\"@id\":\"https:\/\/dev.93-93-113-41.plesk.page\/ca\/#organization\"},\"potentialAction\":[{\"@type\":\"SearchAction\",\"target\":{\"@type\":\"EntryPoint\",\"urlTemplate\":\"https:\/\/dev.93-93-113-41.plesk.page\/ca\/?s={search_term_string}\"},\"query-input\":\"required name=search_term_string\"}],\"inLanguage\":\"ca\"},{\"@type\":\"Organization\",\"@id\":\"https:\/\/dev.93-93-113-41.plesk.page\/ca\/#organization\",\"name\":\"Servidigest\",\"url\":\"https:\/\/dev.93-93-113-41.plesk.page\/ca\/\",\"logo\":{\"@type\":\"ImageObject\",\"inLanguage\":\"ca\",\"@id\":\"https:\/\/dev.93-93-113-41.plesk.page\/ca\/#\/schema\/logo\/image\/\",\"url\":\"https:\/\/dev.93-93-113-41.plesk.page\/wp-content\/uploads\/2024\/01\/servidigest.png\",\"contentUrl\":\"https:\/\/dev.93-93-113-41.plesk.page\/wp-content\/uploads\/2024\/01\/servidigest.png\",\"width\":808,\"height\":88,\"caption\":\"Servidigest\"},\"image\":{\"@id\":\"https:\/\/dev.93-93-113-41.plesk.page\/ca\/#\/schema\/logo\/image\/\"},\"sameAs\":[\"https:\/\/www.facebook.com\/servidigest\",\"https:\/\/x.com\/servidigest\"]}]}<\/script>\n<!-- \/ Yoast SEO plugin. -->","yoast_head_json":{"title":"Tiroide - Servidigest","robots":{"index":"index","follow":"follow","max-snippet":"max-snippet:-1","max-image-preview":"max-image-preview:large","max-video-preview":"max-video-preview:-1"},"canonical":"https:\/\/dev.93-93-113-41.plesk.page\/ca\/serveis\/endocrinologia-i-nutricio\/tiroide\/","og_locale":"ca_ES","og_type":"article","og_title":"Tiroide - Servidigest","og_description":"La tiroide \u00e9s una gl\u00e0ndula amb forma de papallona situada a la part frontal del coll, i la seva principal funci\u00f3 \u00e9s produir les hormones tiroxina (T4) i triiodotironina (T3), encarregades de regular el desenvolupament [...]","og_url":"https:\/\/dev.93-93-113-41.plesk.page\/ca\/serveis\/endocrinologia-i-nutricio\/tiroide\/","og_site_name":"Servidigest","article_publisher":"https:\/\/www.facebook.com\/servidigest","article_modified_time":"2024-05-08T10:50:13+00:00","twitter_card":"summary_large_image","twitter_site":"@servidigest","twitter_misc":{"Est. reading time":"2 minutes"},"schema":{"@context":"https:\/\/schema.org","@graph":[{"@type":"WebPage","@id":"https:\/\/dev.93-93-113-41.plesk.page\/ca\/serveis\/endocrinologia-i-nutricio\/tiroide\/","url":"https:\/\/dev.93-93-113-41.plesk.page\/ca\/serveis\/endocrinologia-i-nutricio\/tiroide\/","name":"Tiroide - Servidigest","isPartOf":{"@id":"https:\/\/dev.93-93-113-41.plesk.page\/ca\/#website"},"datePublished":"2016-06-01T09:54:18+00:00","dateModified":"2024-05-08T10:50:13+00:00","breadcrumb":{"@id":"https:\/\/dev.93-93-113-41.plesk.page\/ca\/serveis\/endocrinologia-i-nutricio\/tiroide\/#breadcrumb"},"inLanguage":"ca","potentialAction":[{"@type":"ReadAction","target":["https:\/\/dev.93-93-113-41.plesk.page\/ca\/serveis\/endocrinologia-i-nutricio\/tiroide\/"]}]},{"@type":"BreadcrumbList","@id":"https:\/\/dev.93-93-113-41.plesk.page\/ca\/serveis\/endocrinologia-i-nutricio\/tiroide\/#breadcrumb","itemListElement":[{"@type":"ListItem","position":1,"name":"Serveis M\u00e8dics de Cl\u00ednica ServiDigest","item":"https:\/\/dev.93-93-113-41.plesk.page\/ca\/servicios\/"},{"@type":"ListItem","position":2,"name":"Endocrinologia i nutrici\u00f3","item":"https:\/\/dev.93-93-113-41.plesk.page\/ca\/servicios\/endocrinologia-nutricion\/"},{"@type":"ListItem","position":3,"name":"Tiroide"}]},{"@type":"WebSite","@id":"https:\/\/dev.93-93-113-41.plesk.page\/ca\/#website","url":"https:\/\/dev.93-93-113-41.plesk.page\/ca\/","name":"Servidigest","description":"","publisher":{"@id":"https:\/\/dev.93-93-113-41.plesk.page\/ca\/#organization"},"potentialAction":[{"@type":"SearchAction","target":{"@type":"EntryPoint","urlTemplate":"https:\/\/dev.93-93-113-41.plesk.page\/ca\/?s={search_term_string}"},"query-input":"required name=search_term_string"}],"inLanguage":"ca"},{"@type":"Organization","@id":"https:\/\/dev.93-93-113-41.plesk.page\/ca\/#organization","name":"Servidigest","url":"https:\/\/dev.93-93-113-41.plesk.page\/ca\/","logo":{"@type":"ImageObject","inLanguage":"ca","@id":"https:\/\/dev.93-93-113-41.plesk.page\/ca\/#\/schema\/logo\/image\/","url":"https:\/\/dev.93-93-113-41.plesk.page\/wp-content\/uploads\/2024\/01\/servidigest.png","contentUrl":"https:\/\/dev.93-93-113-41.plesk.page\/wp-content\/uploads\/2024\/01\/servidigest.png","width":808,"height":88,"caption":"Servidigest"},"image":{"@id":"https:\/\/dev.93-93-113-41.plesk.page\/ca\/#\/schema\/logo\/image\/"},"sameAs":["https:\/\/www.facebook.com\/servidigest","https:\/\/x.com\/servidigest"]}]}},"_links":{"self":[{"href":"https:\/\/dev.93-93-113-41.plesk.page\/ca\/wp-json\/wp\/v2\/pages\/13509","targetHints":{"allow":["GET"]}}],"collection":[{"href":"https:\/\/dev.93-93-113-41.plesk.page\/ca\/wp-json\/wp\/v2\/pages"}],"about":[{"href":"https:\/\/dev.93-93-113-41.plesk.page\/ca\/wp-json\/wp\/v2\/types\/page"}],"author":[{"embeddable":true,"href":"https:\/\/dev.93-93-113-41.plesk.page\/ca\/wp-json\/wp\/v2\/users\/1"}],"replies":[{"embeddable":true,"href":"https:\/\/dev.93-93-113-41.plesk.page\/ca\/wp-json\/wp\/v2\/comments?post=13509"}],"version-history":[{"count":2,"href":"https:\/\/dev.93-93-113-41.plesk.page\/ca\/wp-json\/wp\/v2\/pages\/13509\/revisions"}],"predecessor-version":[{"id":39228,"href":"https:\/\/dev.93-93-113-41.plesk.page\/ca\/wp-json\/wp\/v2\/pages\/13509\/revisions\/39228"}],"up":[{"embeddable":true,"href":"https:\/\/dev.93-93-113-41.plesk.page\/ca\/wp-json\/wp\/v2\/pages\/735"}],"wp:attachment":[{"href":"https:\/\/dev.93-93-113-41.plesk.page\/ca\/wp-json\/wp\/v2\/media?parent=13509"}],"curies":[{"name":"wp","href":"https:\/\/api.w.org\/{rel}","templated":true}]}}