{"id":13492,"date":"2016-06-01T10:13:02","date_gmt":"2016-06-01T08:13:02","guid":{"rendered":"https:\/\/dev.93-93-113-41.plesk.page\/ca\/?page_id=13492"},"modified":"2024-05-23T12:35:21","modified_gmt":"2024-05-23T10:35:21","slug":"dislipemia","status":"publish","type":"page","link":"https:\/\/dev.93-93-113-41.plesk.page\/ca\/serveis\/endocrinologia-i-nutricio\/dislipemia\/","title":{"rendered":"Dislip\u00e8mia"},"content":{"rendered":"<p>La Dislip\u00e8mia es defineix com l&#8217;alteraci\u00f3 dels nivells de colesterol i \/ o triglic\u00e8rids, ja sigui per exc\u00e9s o per defecte.<\/p>\n<h4>Classificaci\u00f3<\/h4>\n<p>La Dislip\u00e8mia sol classificar-se segons el seu origen i causa en prim\u00e0ries i secund\u00e0ries. Les prim\u00e0ries s\u00f3n aquelles determinades gen\u00e8ticament, sent la forma m\u00e9s freq\u00fcent la hipercolesterol\u00e8mia polig\u00e8nica, que suposa fins al 80% d&#8217;aquestes. Altres a destacar s\u00f3n la hipercolesterol\u00e8mia familiar i la hiperlip\u00e8mia familiar combinada.<\/p>\n<p>Les secund\u00e0ries estan originades per malalties (per exemple hipotiro\u00efdisme o malaltia renal cr\u00f2nica), situacions fisiol\u00f2giques (embar\u00e0s), factors externs (dieta amb greixos, sedendarisme) o f\u00e0rmacs (per exemple corticoides). Habitualment solen superposar-se sobre les prim\u00e0ries. En aquest grup hem de destacar la dislip\u00e8mia aterog\u00e8nica, associada a la s\u00edndrome metab\u00f2lica i \/ o a la <a href=\"\/?page_id=7311\">diabetis tipus 2.<\/a><\/p>\n<h4>Diagn\u00f2stic<\/h4>\n<p>La recerca activa de dislip\u00e8mia est\u00e0 justificada per la seva rellev\u00e0ncia com a factor de risc cardiovascular. El diagn\u00f2stic s&#8217;estableix quan el nivell de colesterol LDL (comunament conegut com &#8220;dolent&#8221;) o els triglic\u00e8rids estan elevats, o b\u00e9 el colesterol HDL (o &#8220;bo&#8221;) es troba sota.<\/p>\n<h4>Tractament<\/h4>\n<p>El tractament de la dislip\u00e8mia inclou dieta baixa en greixos, exercici f\u00edsic, normalitzaci\u00f3 del pes i deixar de fumar, juntament amb f\u00e0rmacs que disminueixen els nivells de colesterol i \/ o triglic\u00e8rids (estatines i fibrats respectivament). El tractament s&#8217;ha d&#8217;ajustar al risc cardiovascular de cada pacient, establint un objectiu individualitzat.<\/p>\n<p>S&#8217;ha demostrat que la reducci\u00f3 de LDL i triglic\u00e8rids i l&#8217;augment de HDL s&#8217;associa amb una disminuci\u00f3 de malaltia cardiovascular, i en el cas dels triglic\u00e8rids, es prev\u00e9 a m\u00e9s el desenvolupament de pancreatitis.<\/p>\n<p>En el servei d&#8217;Endocrinologia, Nutrici\u00f3 i Diet\u00e8tica de Cl\u00ednica ServiDigest, podem realitzar un diagn\u00f2stic preco\u00e7, identificar el tipus de dislip\u00e8mia i establir un pla terap\u00e8utic amb canvis en l&#8217;estil de vida i \/ o f\u00e0rmacs hipolipemiants.<\/p>\n","protected":false},"excerpt":{"rendered":"<div class=\"mh-excerpt\"><p>La Dislip\u00e8mia es defineix com l&#8217;alteraci\u00f3 dels nivells de colesterol i \/ o triglic\u00e8rids, ja sigui per exc\u00e9s o per defecte. Classificaci\u00f3 La Dislip\u00e8mia sol classificar-se segons el seu origen i causa en prim\u00e0ries i <a class=\"mh-excerpt-more\" href=\"https:\/\/dev.93-93-113-41.plesk.page\/ca\/serveis\/endocrinologia-i-nutricio\/dislipemia\/\" title=\"Dislip\u00e8mia\">[&#8230;]<\/a><\/p>\n<\/div>","protected":false},"author":1,"featured_media":0,"parent":735,"menu_order":8,"comment_status":"closed","ping_status":"closed","template":"","meta":{"footnotes":""},"class_list":["post-13492","page","type-page","status-publish"],"yoast_head":"<!-- This site is optimized with the Yoast SEO plugin v22.6 - https:\/\/yoast.com\/wordpress\/plugins\/seo\/ -->\n<title>Dislip\u00e8mia - Servidigest<\/title>\n<meta name=\"robots\" content=\"index, follow, max-snippet:-1, max-image-preview:large, max-video-preview:-1\" \/>\n<link rel=\"canonical\" href=\"https:\/\/dev.93-93-113-41.plesk.page\/ca\/serveis\/endocrinologia-i-nutricio\/dislipemia\/\" \/>\n<meta property=\"og:locale\" content=\"ca_ES\" \/>\n<meta property=\"og:type\" content=\"article\" \/>\n<meta property=\"og:title\" content=\"Dislip\u00e8mia - Servidigest\" \/>\n<meta property=\"og:description\" content=\"La Dislip\u00e8mia es defineix com l&#8217;alteraci\u00f3 dels nivells de colesterol i \/ o triglic\u00e8rids, ja sigui per exc\u00e9s o per defecte. Classificaci\u00f3 La Dislip\u00e8mia sol classificar-se segons el seu origen i causa en prim\u00e0ries i [...]\" \/>\n<meta property=\"og:url\" content=\"https:\/\/dev.93-93-113-41.plesk.page\/ca\/serveis\/endocrinologia-i-nutricio\/dislipemia\/\" \/>\n<meta property=\"og:site_name\" content=\"Servidigest\" \/>\n<meta property=\"article:publisher\" content=\"https:\/\/www.facebook.com\/servidigest\" \/>\n<meta property=\"article:modified_time\" content=\"2024-05-23T10:35:21+00:00\" \/>\n<meta name=\"twitter:card\" content=\"summary_large_image\" \/>\n<meta name=\"twitter:site\" content=\"@servidigest\" \/>\n<meta name=\"twitter:label1\" content=\"Est. reading time\" \/>\n\t<meta name=\"twitter:data1\" content=\"2 minutes\" \/>\n<script type=\"application\/ld+json\" class=\"yoast-schema-graph\">{\"@context\":\"https:\/\/schema.org\",\"@graph\":[{\"@type\":\"WebPage\",\"@id\":\"https:\/\/dev.93-93-113-41.plesk.page\/ca\/serveis\/endocrinologia-i-nutricio\/dislipemia\/\",\"url\":\"https:\/\/dev.93-93-113-41.plesk.page\/ca\/serveis\/endocrinologia-i-nutricio\/dislipemia\/\",\"name\":\"Dislip\u00e8mia - Servidigest\",\"isPartOf\":{\"@id\":\"https:\/\/dev.93-93-113-41.plesk.page\/ca\/#website\"},\"datePublished\":\"2016-06-01T08:13:02+00:00\",\"dateModified\":\"2024-05-23T10:35:21+00:00\",\"breadcrumb\":{\"@id\":\"https:\/\/dev.93-93-113-41.plesk.page\/ca\/serveis\/endocrinologia-i-nutricio\/dislipemia\/#breadcrumb\"},\"inLanguage\":\"ca\",\"potentialAction\":[{\"@type\":\"ReadAction\",\"target\":[\"https:\/\/dev.93-93-113-41.plesk.page\/ca\/serveis\/endocrinologia-i-nutricio\/dislipemia\/\"]}]},{\"@type\":\"BreadcrumbList\",\"@id\":\"https:\/\/dev.93-93-113-41.plesk.page\/ca\/serveis\/endocrinologia-i-nutricio\/dislipemia\/#breadcrumb\",\"itemListElement\":[{\"@type\":\"ListItem\",\"position\":1,\"name\":\"Serveis M\u00e8dics de Cl\u00ednica ServiDigest\",\"item\":\"https:\/\/dev.93-93-113-41.plesk.page\/ca\/servicios\/\"},{\"@type\":\"ListItem\",\"position\":2,\"name\":\"Endocrinologia i nutrici\u00f3\",\"item\":\"https:\/\/dev.93-93-113-41.plesk.page\/ca\/servicios\/endocrinologia-nutricion\/\"},{\"@type\":\"ListItem\",\"position\":3,\"name\":\"Dislip\u00e8mia\"}]},{\"@type\":\"WebSite\",\"@id\":\"https:\/\/dev.93-93-113-41.plesk.page\/ca\/#website\",\"url\":\"https:\/\/dev.93-93-113-41.plesk.page\/ca\/\",\"name\":\"Servidigest\",\"description\":\"\",\"publisher\":{\"@id\":\"https:\/\/dev.93-93-113-41.plesk.page\/ca\/#organization\"},\"potentialAction\":[{\"@type\":\"SearchAction\",\"target\":{\"@type\":\"EntryPoint\",\"urlTemplate\":\"https:\/\/dev.93-93-113-41.plesk.page\/ca\/?s={search_term_string}\"},\"query-input\":\"required name=search_term_string\"}],\"inLanguage\":\"ca\"},{\"@type\":\"Organization\",\"@id\":\"https:\/\/dev.93-93-113-41.plesk.page\/ca\/#organization\",\"name\":\"Servidigest\",\"url\":\"https:\/\/dev.93-93-113-41.plesk.page\/ca\/\",\"logo\":{\"@type\":\"ImageObject\",\"inLanguage\":\"ca\",\"@id\":\"https:\/\/dev.93-93-113-41.plesk.page\/ca\/#\/schema\/logo\/image\/\",\"url\":\"https:\/\/dev.93-93-113-41.plesk.page\/wp-content\/uploads\/2024\/01\/servidigest.png\",\"contentUrl\":\"https:\/\/dev.93-93-113-41.plesk.page\/wp-content\/uploads\/2024\/01\/servidigest.png\",\"width\":808,\"height\":88,\"caption\":\"Servidigest\"},\"image\":{\"@id\":\"https:\/\/dev.93-93-113-41.plesk.page\/ca\/#\/schema\/logo\/image\/\"},\"sameAs\":[\"https:\/\/www.facebook.com\/servidigest\",\"https:\/\/x.com\/servidigest\"]}]}<\/script>\n<!-- \/ Yoast SEO plugin. -->","yoast_head_json":{"title":"Dislip\u00e8mia - Servidigest","robots":{"index":"index","follow":"follow","max-snippet":"max-snippet:-1","max-image-preview":"max-image-preview:large","max-video-preview":"max-video-preview:-1"},"canonical":"https:\/\/dev.93-93-113-41.plesk.page\/ca\/serveis\/endocrinologia-i-nutricio\/dislipemia\/","og_locale":"ca_ES","og_type":"article","og_title":"Dislip\u00e8mia - Servidigest","og_description":"La Dislip\u00e8mia es defineix com l&#8217;alteraci\u00f3 dels nivells de colesterol i \/ o triglic\u00e8rids, ja sigui per exc\u00e9s o per defecte. Classificaci\u00f3 La Dislip\u00e8mia sol classificar-se segons el seu origen i causa en prim\u00e0ries i [...]","og_url":"https:\/\/dev.93-93-113-41.plesk.page\/ca\/serveis\/endocrinologia-i-nutricio\/dislipemia\/","og_site_name":"Servidigest","article_publisher":"https:\/\/www.facebook.com\/servidigest","article_modified_time":"2024-05-23T10:35:21+00:00","twitter_card":"summary_large_image","twitter_site":"@servidigest","twitter_misc":{"Est. reading time":"2 minutes"},"schema":{"@context":"https:\/\/schema.org","@graph":[{"@type":"WebPage","@id":"https:\/\/dev.93-93-113-41.plesk.page\/ca\/serveis\/endocrinologia-i-nutricio\/dislipemia\/","url":"https:\/\/dev.93-93-113-41.plesk.page\/ca\/serveis\/endocrinologia-i-nutricio\/dislipemia\/","name":"Dislip\u00e8mia - Servidigest","isPartOf":{"@id":"https:\/\/dev.93-93-113-41.plesk.page\/ca\/#website"},"datePublished":"2016-06-01T08:13:02+00:00","dateModified":"2024-05-23T10:35:21+00:00","breadcrumb":{"@id":"https:\/\/dev.93-93-113-41.plesk.page\/ca\/serveis\/endocrinologia-i-nutricio\/dislipemia\/#breadcrumb"},"inLanguage":"ca","potentialAction":[{"@type":"ReadAction","target":["https:\/\/dev.93-93-113-41.plesk.page\/ca\/serveis\/endocrinologia-i-nutricio\/dislipemia\/"]}]},{"@type":"BreadcrumbList","@id":"https:\/\/dev.93-93-113-41.plesk.page\/ca\/serveis\/endocrinologia-i-nutricio\/dislipemia\/#breadcrumb","itemListElement":[{"@type":"ListItem","position":1,"name":"Serveis M\u00e8dics de Cl\u00ednica ServiDigest","item":"https:\/\/dev.93-93-113-41.plesk.page\/ca\/servicios\/"},{"@type":"ListItem","position":2,"name":"Endocrinologia i nutrici\u00f3","item":"https:\/\/dev.93-93-113-41.plesk.page\/ca\/servicios\/endocrinologia-nutricion\/"},{"@type":"ListItem","position":3,"name":"Dislip\u00e8mia"}]},{"@type":"WebSite","@id":"https:\/\/dev.93-93-113-41.plesk.page\/ca\/#website","url":"https:\/\/dev.93-93-113-41.plesk.page\/ca\/","name":"Servidigest","description":"","publisher":{"@id":"https:\/\/dev.93-93-113-41.plesk.page\/ca\/#organization"},"potentialAction":[{"@type":"SearchAction","target":{"@type":"EntryPoint","urlTemplate":"https:\/\/dev.93-93-113-41.plesk.page\/ca\/?s={search_term_string}"},"query-input":"required name=search_term_string"}],"inLanguage":"ca"},{"@type":"Organization","@id":"https:\/\/dev.93-93-113-41.plesk.page\/ca\/#organization","name":"Servidigest","url":"https:\/\/dev.93-93-113-41.plesk.page\/ca\/","logo":{"@type":"ImageObject","inLanguage":"ca","@id":"https:\/\/dev.93-93-113-41.plesk.page\/ca\/#\/schema\/logo\/image\/","url":"https:\/\/dev.93-93-113-41.plesk.page\/wp-content\/uploads\/2024\/01\/servidigest.png","contentUrl":"https:\/\/dev.93-93-113-41.plesk.page\/wp-content\/uploads\/2024\/01\/servidigest.png","width":808,"height":88,"caption":"Servidigest"},"image":{"@id":"https:\/\/dev.93-93-113-41.plesk.page\/ca\/#\/schema\/logo\/image\/"},"sameAs":["https:\/\/www.facebook.com\/servidigest","https:\/\/x.com\/servidigest"]}]}},"_links":{"self":[{"href":"https:\/\/dev.93-93-113-41.plesk.page\/ca\/wp-json\/wp\/v2\/pages\/13492","targetHints":{"allow":["GET"]}}],"collection":[{"href":"https:\/\/dev.93-93-113-41.plesk.page\/ca\/wp-json\/wp\/v2\/pages"}],"about":[{"href":"https:\/\/dev.93-93-113-41.plesk.page\/ca\/wp-json\/wp\/v2\/types\/page"}],"author":[{"embeddable":true,"href":"https:\/\/dev.93-93-113-41.plesk.page\/ca\/wp-json\/wp\/v2\/users\/1"}],"replies":[{"embeddable":true,"href":"https:\/\/dev.93-93-113-41.plesk.page\/ca\/wp-json\/wp\/v2\/comments?post=13492"}],"version-history":[{"count":3,"href":"https:\/\/dev.93-93-113-41.plesk.page\/ca\/wp-json\/wp\/v2\/pages\/13492\/revisions"}],"predecessor-version":[{"id":40317,"href":"https:\/\/dev.93-93-113-41.plesk.page\/ca\/wp-json\/wp\/v2\/pages\/13492\/revisions\/40317"}],"up":[{"embeddable":true,"href":"https:\/\/dev.93-93-113-41.plesk.page\/ca\/wp-json\/wp\/v2\/pages\/735"}],"wp:attachment":[{"href":"https:\/\/dev.93-93-113-41.plesk.page\/ca\/wp-json\/wp\/v2\/media?parent=13492"}],"curies":[{"name":"wp","href":"https:\/\/api.w.org\/{rel}","templated":true}]}}