{"id":133,"date":"2014-05-16T09:12:17","date_gmt":"2014-05-16T09:12:17","guid":{"rendered":"https:\/\/dev.93-93-113-41.plesk.page\/?page_id=133"},"modified":"2024-05-22T12:58:27","modified_gmt":"2024-05-22T10:58:27","slug":"endoscopia-digestiva","status":"publish","type":"page","link":"https:\/\/dev.93-93-113-41.plesk.page\/ca\/serveis\/endoscopia-digestiva\/","title":{"rendered":"Endosc\u00f2pia Digestiva Terap\u00e8utica Avan\u00e7ada"},"content":{"rendered":"<p><strong>El Servei d\u2019Endosc\u00f2pia Digestiva \u00e9s de gran rellev\u00e0ncia dins de la medicina digestiva actual.<br \/>\n<\/strong><\/p>\n<p>Qu\u00e8 \u00e9s l&#8217;endosc\u00f2pia?<\/p>\n<p>Literalment, endosc\u00f2pia significa &#8220;mirar per dins&#8221;.<\/p>\n<p>\u00c9s una t\u00e8cnica aplicable en m\u00faltiples camps de l&#8217;activitat humana, en la ind\u00fastria i la investigaci\u00f3 i, com no, en la medicina.<\/p>\n<p>Els antecessors immediats de l&#8217;endosc\u00f2pia m\u00e8dica actual van ser els fibroscopis flexibles amb tecnologia de fibra de vidre, que es van comen\u00e7ar a utilitzar en la pr\u00e0ctica m\u00e8dica en la d\u00e8cada dels anys seixanta. Al llarg dels vuitanta, el sistema es va millorar, apareixent els videoendoscopis, a partir dels quals es van desenvolupar els models que utilitzem avui dia.<\/p>\n<p>Se tracta d&#8217;aparells flexibles dissenyats per veure l&#8217;interior de l&#8217;organisme hum\u00e0, per orificis naturals (boca, nas, anus, uretra, vagina.). En el cas de l&#8217;endosc\u00f2pia digestiva, el m\u00e9s habitual \u00e9s l&#8217;examen del tracte digestiu superior a trav\u00e9s de la boca o del nas i l&#8217;examen del c\u00f2lon i part distal de l&#8217;intest\u00ed prim mitjan\u00e7ant la colonosc\u00f2pia i ileoscopia a trav\u00e9s de l&#8217;anus.<\/p>\n<p>L\u2019intest\u00ed prim el podem estudiar amb C\u00e0psula endosc\u00f3pica i fer terap\u00e8utica amb un Enteroscopi de major longitud.<\/p>\n<p>Els endoscopis que utilitzem en el nostre servei, d&#8217;\u00faltima generaci\u00f3, porten un sistema d&#8217;il\u00b7luminaci\u00f3 mitjan\u00e7ant fibra de vidre connectada a una font de llum i una microc\u00e0mera a la punta, tipus xip, que recull la imatge amb una gran fidelitat, transmetent-la a trav\u00e9s de un processador a un o m\u00e9s monitors i permetent la realitzaci\u00f3 de fotografies o v\u00eddeo quan \u00e9s necessari.<\/p>\n<p>Els endoscopis solen tenir un gruix entre 5 i 15 mm i una longitud entre un metre i una mica m\u00e9s de metre i mig. Porten un canal intern per on es poden passar diversos accessoris per a prendre mostres o fer terap\u00e8utica i s\u00f3n manejats pel endoscopista mitjan\u00e7ant uns comandaments que porten al cap\u00e7al i que permeten el gir en tots els sentits, at\u00e8s que s\u00f3n aparells molt flexibles.<\/p>\n<p>Aquests endoscopis porten incorporats m\u00faltiples sistemes de processament d&#8217;imatge, magnificaci\u00f3 o efecte \u00a0lupa, diferents tipus d&#8217;il\u00b7luminaci\u00f3 i capacitat per a insuflar aigua, aire o gas carb\u00f2nic. L&#8217;aigua permet rentar la lent de l&#8217;aparell o la paret de l&#8217;aparell digestiu quan hi ha residus, que tamb\u00e9 es poden aspirar a trav\u00e9s del canal intern. Per distendre el tub digestiu i poder-lo estudiar amb m\u00e9s detall, s&#8217;introdueix a trav\u00e9s de l&#8217;endoscopi aire ambient a pressi\u00f3 o gas carb\u00f2nic. Aquest \u00faltim es reabsorbeix per la paret intestinal, amb una eliminaci\u00f3 m\u00e9s r\u00e0pida per la respiraci\u00f3, causant menys distensi\u00f3 abdominal que l&#8217;aire.<\/p>\n<p>L&#8217;endoscopi t\u00e9 tots els seus mecanismes interns recoberts d&#8217;un material impermeable similar al neopr\u00e8, que tamb\u00e9 ho revesteix per fora, fent-ho completament estanc, de manera que es pot sotmetre despr\u00e9s de cada exploraci\u00f3 a un exhaustiu proc\u00e9s de neteja i desinfecci\u00f3 d&#8217;alt nivell, el que garanteix una perfecta asepsia.<\/p>\n<p><strong>L\u2019endosc\u00f2pia ha perm\u00e8s l\u2019exploraci\u00f3 de l\u2019interior del cos hum\u00e0<\/strong> a trav\u00e9s de la introducci\u00f3 d\u2019una \u00f2ptica per veure el teixit intern. Tamb\u00e9 ha possibilitat prendre bi\u00f2psies per analitzar i determinar amb exactitud la gravetat d\u2019una lesi\u00f3.<\/p>\n<p><strong>\u00c9s un aven\u00e7 diagn\u00f2stic i terape\u00f9tic molt important<\/strong> que es troba en continua evoluci\u00f3; una t\u00e8cnica que permet la realitzaci\u00f3 d\u2019endosc\u00f2pies diagn\u00f2stiques i terap\u00e8utiques i que ha donat resposta i tractament a moltes patologies.<\/p>\n<p><strong>Actualment hi ha una incid\u00e8ncia molt alta del c\u00e0ncer de recte i c\u00f2lon. Els estudis endosc\u00f2pics s\u00f3n b\u00e0sics per preveure la seva aparici\u00f3.<br \/>\n<\/strong><br \/>\nEls tractaments per endosc\u00f2pia poden arribar a ser molestos per al pacient, per aix\u00f2 en el nostre servei s\u2019efectuen amb <strong>diferents tipus de sedacions<\/strong> per millorar la seva tolerancia.<\/p>\n<p><strong>Procediments endosc\u00f2pics que realitzem a Cl\u00ednica ServiDigest:<\/strong><\/p>\n<div class=\"mh-row\">\n<div class=\"mh-col-1-2 especialidades-block\"><a href=\"https:\/\/dev.93-93-113-41.plesk.page\/ca\/serveis\/aparell-digestiu\/esofag-de-barrett\/\">ARF-Radiofrecuencia Barrett<\/a><\/div>\n<div class=\"mh-col-1-2 especialidades-block\"><a href=\"https:\/\/dev.93-93-113-41.plesk.page\/ca\/serveis\/endoscopia-digestiva\/capsula-endoscopica\/\">C\u00e0psula Endosc\u00f2pica<\/a><\/div>\n<\/div>\n<div class=\"mh-row\">\n<div class=\"mh-col-1-2 especialidades-block\"><a href=\"#\">Cirugia Endosc\u00f2pica<\/a><\/div>\n<div class=\"mh-col-1-2 especialidades-block\"><a href=\"https:\/\/dev.93-93-113-41.plesk.page\/ca\/serveis\/endoscopia-digestiva\/colonoscopia\/\">Colonoscopia<\/a><\/div>\n<\/div>\n<div class=\"mh-row\">\n<div class=\"mh-col-1-2 especialidades-block\"><a href=\"https:\/\/dev.93-93-113-41.plesk.page\/ca\/serveis\/endoscopia-digestiva\/colangiopancreatografia-retrograda-endoscopica-cpre\/\">CPRE<\/a><\/div>\n<div class=\"mh-col-1-2 especialidades-block\"><a href=\"https:\/\/dev.93-93-113-41.plesk.page\/ca\/serveis\/endoscopia-digestiva\/ecoendoscopia\/\">Ecoendoscopia-USE<\/a><\/div>\n<\/div>\n<div class=\"mh-row\">\n<div class=\"mh-col-1-2 especialidades-block\"><a href=\"#\">Endoscopia Bari\u00e0trica-Obesitat<\/a><\/div>\n<div class=\"mh-col-1-2 especialidades-block\"><a href=\"#\">Enteroscopia<\/a><\/div>\n<\/div>\n<div class=\"mh-row\">\n<div class=\"mh-col-1-2 especialidades-block\"><a href=\"https:\/\/dev.93-93-113-41.plesk.page\/ca\/serveis\/endoscopia-digestiva\/endoscopia-digestiva-alta\/\">Gastroscopia<\/a><\/div>\n<\/div>\n","protected":false},"excerpt":{"rendered":"<div class=\"mh-excerpt\"><p>El Servei d\u2019Endosc\u00f2pia Digestiva \u00e9s de gran rellev\u00e0ncia dins de la medicina digestiva actual. Qu\u00e8 \u00e9s l&#8217;endosc\u00f2pia? Literalment, endosc\u00f2pia significa &#8220;mirar per dins&#8221;. \u00c9s una t\u00e8cnica aplicable en m\u00faltiples camps de l&#8217;activitat humana, en la <a class=\"mh-excerpt-more\" href=\"https:\/\/dev.93-93-113-41.plesk.page\/ca\/serveis\/endoscopia-digestiva\/\" title=\"Endosc\u00f2pia Digestiva Terap\u00e8utica Avan\u00e7ada\">[&#8230;]<\/a><\/p>\n<\/div>","protected":false},"author":1,"featured_media":0,"parent":36232,"menu_order":4,"comment_status":"closed","ping_status":"closed","template":"","meta":{"footnotes":""},"class_list":["post-133","page","type-page","status-publish"],"yoast_head":"<!-- This site is optimized with the Yoast SEO plugin v22.6 - https:\/\/yoast.com\/wordpress\/plugins\/seo\/ -->\n<title>Endosc\u00f2pia Digestiva Terap\u00e8utica Avan\u00e7ada - Servidigest<\/title>\n<meta name=\"description\" content=\"Endosc\u00f2pia digestiva\" \/>\n<meta name=\"robots\" content=\"index, follow, max-snippet:-1, max-image-preview:large, max-video-preview:-1\" \/>\n<link rel=\"canonical\" href=\"https:\/\/dev.93-93-113-41.plesk.page\/ca\/serveis\/endoscopia-digestiva\/\" \/>\n<meta property=\"og:locale\" content=\"ca_ES\" \/>\n<meta property=\"og:type\" content=\"article\" \/>\n<meta property=\"og:title\" content=\"Endosc\u00f2pia Digestiva Terap\u00e8utica Avan\u00e7ada - Servidigest\" \/>\n<meta property=\"og:description\" content=\"Endosc\u00f2pia digestiva\" \/>\n<meta property=\"og:url\" content=\"https:\/\/dev.93-93-113-41.plesk.page\/ca\/serveis\/endoscopia-digestiva\/\" \/>\n<meta property=\"og:site_name\" content=\"Servidigest\" \/>\n<meta property=\"article:publisher\" content=\"https:\/\/www.facebook.com\/servidigest\" \/>\n<meta property=\"article:modified_time\" content=\"2024-05-22T10:58:27+00:00\" \/>\n<meta name=\"twitter:card\" content=\"summary_large_image\" \/>\n<meta name=\"twitter:site\" content=\"@servidigest\" \/>\n<meta name=\"twitter:label1\" content=\"Est. reading time\" \/>\n\t<meta name=\"twitter:data1\" content=\"3 minutes\" \/>\n<script type=\"application\/ld+json\" class=\"yoast-schema-graph\">{\"@context\":\"https:\/\/schema.org\",\"@graph\":[{\"@type\":\"WebPage\",\"@id\":\"https:\/\/dev.93-93-113-41.plesk.page\/ca\/serveis\/endoscopia-digestiva\/\",\"url\":\"https:\/\/dev.93-93-113-41.plesk.page\/ca\/serveis\/endoscopia-digestiva\/\",\"name\":\"Endosc\u00f2pia Digestiva Terap\u00e8utica Avan\u00e7ada - Servidigest\",\"isPartOf\":{\"@id\":\"https:\/\/dev.93-93-113-41.plesk.page\/ca\/#website\"},\"datePublished\":\"2014-05-16T09:12:17+00:00\",\"dateModified\":\"2024-05-22T10:58:27+00:00\",\"description\":\"Endosc\u00f2pia digestiva\",\"breadcrumb\":{\"@id\":\"https:\/\/dev.93-93-113-41.plesk.page\/ca\/serveis\/endoscopia-digestiva\/#breadcrumb\"},\"inLanguage\":\"ca\",\"potentialAction\":[{\"@type\":\"ReadAction\",\"target\":[\"https:\/\/dev.93-93-113-41.plesk.page\/ca\/serveis\/endoscopia-digestiva\/\"]}]},{\"@type\":\"BreadcrumbList\",\"@id\":\"https:\/\/dev.93-93-113-41.plesk.page\/ca\/serveis\/endoscopia-digestiva\/#breadcrumb\",\"itemListElement\":[{\"@type\":\"ListItem\",\"position\":1,\"name\":\"Serveis M\u00e8dics de Cl\u00ednica ServiDigest\",\"item\":\"https:\/\/dev.93-93-113-41.plesk.page\/ca\/servicios\/\"},{\"@type\":\"ListItem\",\"position\":2,\"name\":\"Endosc\u00f2pia Digestiva Terap\u00e8utica Avan\u00e7ada\"}]},{\"@type\":\"WebSite\",\"@id\":\"https:\/\/dev.93-93-113-41.plesk.page\/ca\/#website\",\"url\":\"https:\/\/dev.93-93-113-41.plesk.page\/ca\/\",\"name\":\"Servidigest\",\"description\":\"\",\"publisher\":{\"@id\":\"https:\/\/dev.93-93-113-41.plesk.page\/ca\/#organization\"},\"potentialAction\":[{\"@type\":\"SearchAction\",\"target\":{\"@type\":\"EntryPoint\",\"urlTemplate\":\"https:\/\/dev.93-93-113-41.plesk.page\/ca\/?s={search_term_string}\"},\"query-input\":\"required name=search_term_string\"}],\"inLanguage\":\"ca\"},{\"@type\":\"Organization\",\"@id\":\"https:\/\/dev.93-93-113-41.plesk.page\/ca\/#organization\",\"name\":\"Servidigest\",\"url\":\"https:\/\/dev.93-93-113-41.plesk.page\/ca\/\",\"logo\":{\"@type\":\"ImageObject\",\"inLanguage\":\"ca\",\"@id\":\"https:\/\/dev.93-93-113-41.plesk.page\/ca\/#\/schema\/logo\/image\/\",\"url\":\"https:\/\/dev.93-93-113-41.plesk.page\/wp-content\/uploads\/2024\/01\/servidigest.png\",\"contentUrl\":\"https:\/\/dev.93-93-113-41.plesk.page\/wp-content\/uploads\/2024\/01\/servidigest.png\",\"width\":808,\"height\":88,\"caption\":\"Servidigest\"},\"image\":{\"@id\":\"https:\/\/dev.93-93-113-41.plesk.page\/ca\/#\/schema\/logo\/image\/\"},\"sameAs\":[\"https:\/\/www.facebook.com\/servidigest\",\"https:\/\/x.com\/servidigest\"]}]}<\/script>\n<!-- \/ Yoast SEO plugin. -->","yoast_head_json":{"title":"Endosc\u00f2pia Digestiva Terap\u00e8utica Avan\u00e7ada - Servidigest","description":"Endosc\u00f2pia digestiva","robots":{"index":"index","follow":"follow","max-snippet":"max-snippet:-1","max-image-preview":"max-image-preview:large","max-video-preview":"max-video-preview:-1"},"canonical":"https:\/\/dev.93-93-113-41.plesk.page\/ca\/serveis\/endoscopia-digestiva\/","og_locale":"ca_ES","og_type":"article","og_title":"Endosc\u00f2pia Digestiva Terap\u00e8utica Avan\u00e7ada - Servidigest","og_description":"Endosc\u00f2pia digestiva","og_url":"https:\/\/dev.93-93-113-41.plesk.page\/ca\/serveis\/endoscopia-digestiva\/","og_site_name":"Servidigest","article_publisher":"https:\/\/www.facebook.com\/servidigest","article_modified_time":"2024-05-22T10:58:27+00:00","twitter_card":"summary_large_image","twitter_site":"@servidigest","twitter_misc":{"Est. reading time":"3 minutes"},"schema":{"@context":"https:\/\/schema.org","@graph":[{"@type":"WebPage","@id":"https:\/\/dev.93-93-113-41.plesk.page\/ca\/serveis\/endoscopia-digestiva\/","url":"https:\/\/dev.93-93-113-41.plesk.page\/ca\/serveis\/endoscopia-digestiva\/","name":"Endosc\u00f2pia Digestiva Terap\u00e8utica Avan\u00e7ada - Servidigest","isPartOf":{"@id":"https:\/\/dev.93-93-113-41.plesk.page\/ca\/#website"},"datePublished":"2014-05-16T09:12:17+00:00","dateModified":"2024-05-22T10:58:27+00:00","description":"Endosc\u00f2pia digestiva","breadcrumb":{"@id":"https:\/\/dev.93-93-113-41.plesk.page\/ca\/serveis\/endoscopia-digestiva\/#breadcrumb"},"inLanguage":"ca","potentialAction":[{"@type":"ReadAction","target":["https:\/\/dev.93-93-113-41.plesk.page\/ca\/serveis\/endoscopia-digestiva\/"]}]},{"@type":"BreadcrumbList","@id":"https:\/\/dev.93-93-113-41.plesk.page\/ca\/serveis\/endoscopia-digestiva\/#breadcrumb","itemListElement":[{"@type":"ListItem","position":1,"name":"Serveis M\u00e8dics de Cl\u00ednica ServiDigest","item":"https:\/\/dev.93-93-113-41.plesk.page\/ca\/servicios\/"},{"@type":"ListItem","position":2,"name":"Endosc\u00f2pia Digestiva Terap\u00e8utica Avan\u00e7ada"}]},{"@type":"WebSite","@id":"https:\/\/dev.93-93-113-41.plesk.page\/ca\/#website","url":"https:\/\/dev.93-93-113-41.plesk.page\/ca\/","name":"Servidigest","description":"","publisher":{"@id":"https:\/\/dev.93-93-113-41.plesk.page\/ca\/#organization"},"potentialAction":[{"@type":"SearchAction","target":{"@type":"EntryPoint","urlTemplate":"https:\/\/dev.93-93-113-41.plesk.page\/ca\/?s={search_term_string}"},"query-input":"required name=search_term_string"}],"inLanguage":"ca"},{"@type":"Organization","@id":"https:\/\/dev.93-93-113-41.plesk.page\/ca\/#organization","name":"Servidigest","url":"https:\/\/dev.93-93-113-41.plesk.page\/ca\/","logo":{"@type":"ImageObject","inLanguage":"ca","@id":"https:\/\/dev.93-93-113-41.plesk.page\/ca\/#\/schema\/logo\/image\/","url":"https:\/\/dev.93-93-113-41.plesk.page\/wp-content\/uploads\/2024\/01\/servidigest.png","contentUrl":"https:\/\/dev.93-93-113-41.plesk.page\/wp-content\/uploads\/2024\/01\/servidigest.png","width":808,"height":88,"caption":"Servidigest"},"image":{"@id":"https:\/\/dev.93-93-113-41.plesk.page\/ca\/#\/schema\/logo\/image\/"},"sameAs":["https:\/\/www.facebook.com\/servidigest","https:\/\/x.com\/servidigest"]}]}},"_links":{"self":[{"href":"https:\/\/dev.93-93-113-41.plesk.page\/ca\/wp-json\/wp\/v2\/pages\/133","targetHints":{"allow":["GET"]}}],"collection":[{"href":"https:\/\/dev.93-93-113-41.plesk.page\/ca\/wp-json\/wp\/v2\/pages"}],"about":[{"href":"https:\/\/dev.93-93-113-41.plesk.page\/ca\/wp-json\/wp\/v2\/types\/page"}],"author":[{"embeddable":true,"href":"https:\/\/dev.93-93-113-41.plesk.page\/ca\/wp-json\/wp\/v2\/users\/1"}],"replies":[{"embeddable":true,"href":"https:\/\/dev.93-93-113-41.plesk.page\/ca\/wp-json\/wp\/v2\/comments?post=133"}],"version-history":[{"count":4,"href":"https:\/\/dev.93-93-113-41.plesk.page\/ca\/wp-json\/wp\/v2\/pages\/133\/revisions"}],"predecessor-version":[{"id":40235,"href":"https:\/\/dev.93-93-113-41.plesk.page\/ca\/wp-json\/wp\/v2\/pages\/133\/revisions\/40235"}],"up":[{"embeddable":true,"href":"https:\/\/dev.93-93-113-41.plesk.page\/ca\/wp-json\/wp\/v2\/pages\/36232"}],"wp:attachment":[{"href":"https:\/\/dev.93-93-113-41.plesk.page\/ca\/wp-json\/wp\/v2\/media?parent=133"}],"curies":[{"name":"wp","href":"https:\/\/api.w.org\/{rel}","templated":true}]}}