{"id":13236,"date":"2016-05-25T08:26:15","date_gmt":"2016-05-25T06:26:15","guid":{"rendered":"https:\/\/dev.93-93-113-41.plesk.page\/ca\/?page_id=13236"},"modified":"2024-02-26T17:12:26","modified_gmt":"2024-02-26T16:12:26","slug":"sobrepes-i-obesitat","status":"publish","type":"page","link":"https:\/\/dev.93-93-113-41.plesk.page\/ca\/serveis\/endocrinologia-i-nutricio\/sobrepes-i-obesitat\/","title":{"rendered":"Sobrep\u00e8s i Obesitat"},"content":{"rendered":"<p>El Sobrep\u00e8s i l&#8217;Obesitat \u00e9s l&#8217;acumulaci\u00f3 excessiva de greix en l&#8217;organisme. Constitueix la malaltia metab\u00f2lica m\u00e9s prevalent al m\u00f3n occidental i \u00e9s un dels motius de l&#8217;augment de mortalitat, a causa de les malalties associades a l&#8217;exc\u00e9s de pes (com ara la <a href=\"\/?page_id=7311\">diabetis<\/a> o la <a href=\"\/?page_id=13492\">dislip\u00e8mia<\/a>).<\/p>\n<p>Segons les \u00faltimes dades de l&#8217;OMS (2014), a Espanya, m\u00e9s del 40% dels adults t\u00e9 sobrep\u00e8s i un 20% obesitat. P\u00e8rdues del 5-10% del pes inicial s\u00f3n suficients per aconseguir efectes beneficiosos sobre la tensi\u00f3 arterial, la glucosa, el perfil lip\u00eddic o la circumfer\u00e8ncia de cintura.<\/p>\n<p><img fetchpriority=\"high\" decoding=\"async\" class=\"size-full wp-image-13956 aligncenter\" src=\"https:\/\/dev.93-93-113-41.plesk.page\/wp-content\/uploads\/2016\/05\/Home-gordo-feli\u00e7-Web.jpg\" alt=\"Sobrep\u00e8s\" width=\"507\" height=\"338\" \/><\/p>\n<p>Per a m\u00e9s informaci\u00f3 sobre les causes i complicacions del Sobrep\u00e8s i l&#8217;Obesitat, la classificaci\u00f3, com prevenir-la i les opcions de tractament tant diet\u00e8tic com endosc\u00f2pic i quir\u00fargic, consulteu la nostra web especialitzada en <a href=\"http:\/\/especialistasobesidad.com\/ca\/\" target=\"_blank\" rel=\"noopener noreferrer\">Sobrep\u00e8s i Obesitat<\/a>.<\/p>\n","protected":false},"excerpt":{"rendered":"<div class=\"mh-excerpt\"><p>El Sobrep\u00e8s i l&#8217;Obesitat \u00e9s l&#8217;acumulaci\u00f3 excessiva de greix en l&#8217;organisme. Constitueix la malaltia metab\u00f2lica m\u00e9s prevalent al m\u00f3n occidental i \u00e9s un dels motius de l&#8217;augment de mortalitat, a causa de les malalties associades <a class=\"mh-excerpt-more\" href=\"https:\/\/dev.93-93-113-41.plesk.page\/ca\/serveis\/endocrinologia-i-nutricio\/sobrepes-i-obesitat\/\" title=\"Sobrep\u00e8s i Obesitat\">[&#8230;]<\/a><\/p>\n<\/div>","protected":false},"author":1,"featured_media":0,"parent":735,"menu_order":18,"comment_status":"closed","ping_status":"closed","template":"","meta":{"footnotes":""},"class_list":["post-13236","page","type-page","status-publish"],"yoast_head":"<!-- This site is optimized with the Yoast SEO plugin v22.6 - https:\/\/yoast.com\/wordpress\/plugins\/seo\/ -->\n<title>Endocrinologia Sobrep\u00e8s i Obesitat - Cl\u00ednica ServiDigest - Barcelona<\/title>\n<meta name=\"description\" content=\"L&#039;equip d&#039;Endocrinologia i Nutrici\u00f3 de Cl\u00ednica ServiDigest \u00e9s especialista en el tractament i control del Sobrep\u00e8s i l&#039;Obesitat.\" \/>\n<meta name=\"robots\" content=\"index, follow, max-snippet:-1, max-image-preview:large, max-video-preview:-1\" \/>\n<link rel=\"canonical\" href=\"https:\/\/dev.93-93-113-41.plesk.page\/ca\/serveis\/endocrinologia-i-nutricio\/sobrepes-i-obesitat\/\" \/>\n<meta property=\"og:locale\" content=\"ca_ES\" \/>\n<meta property=\"og:type\" content=\"article\" \/>\n<meta property=\"og:title\" content=\"Endocrinologia Sobrep\u00e8s i Obesitat - Cl\u00ednica ServiDigest - Barcelona\" \/>\n<meta property=\"og:description\" content=\"L&#039;equip d&#039;Endocrinologia i Nutrici\u00f3 de Cl\u00ednica ServiDigest \u00e9s especialista en el tractament i control del Sobrep\u00e8s i l&#039;Obesitat.\" \/>\n<meta property=\"og:url\" content=\"https:\/\/dev.93-93-113-41.plesk.page\/ca\/serveis\/endocrinologia-i-nutricio\/sobrepes-i-obesitat\/\" \/>\n<meta property=\"og:site_name\" content=\"Servidigest\" \/>\n<meta property=\"article:publisher\" content=\"https:\/\/www.facebook.com\/servidigest\" \/>\n<meta property=\"article:modified_time\" content=\"2024-02-26T16:12:26+00:00\" \/>\n<meta name=\"twitter:card\" content=\"summary_large_image\" \/>\n<meta name=\"twitter:site\" content=\"@servidigest\" \/>\n<meta name=\"twitter:label1\" content=\"Est. reading time\" \/>\n\t<meta name=\"twitter:data1\" content=\"1 minute\" \/>\n<script type=\"application\/ld+json\" class=\"yoast-schema-graph\">{\"@context\":\"https:\/\/schema.org\",\"@graph\":[{\"@type\":\"WebPage\",\"@id\":\"https:\/\/dev.93-93-113-41.plesk.page\/ca\/serveis\/endocrinologia-i-nutricio\/sobrepes-i-obesitat\/\",\"url\":\"https:\/\/dev.93-93-113-41.plesk.page\/ca\/serveis\/endocrinologia-i-nutricio\/sobrepes-i-obesitat\/\",\"name\":\"Endocrinologia Sobrep\u00e8s i Obesitat - Cl\u00ednica ServiDigest - Barcelona\",\"isPartOf\":{\"@id\":\"https:\/\/dev.93-93-113-41.plesk.page\/ca\/#website\"},\"datePublished\":\"2016-05-25T06:26:15+00:00\",\"dateModified\":\"2024-02-26T16:12:26+00:00\",\"description\":\"L'equip d'Endocrinologia i Nutrici\u00f3 de Cl\u00ednica ServiDigest \u00e9s especialista en el tractament i control del Sobrep\u00e8s i l'Obesitat.\",\"breadcrumb\":{\"@id\":\"https:\/\/dev.93-93-113-41.plesk.page\/ca\/serveis\/endocrinologia-i-nutricio\/sobrepes-i-obesitat\/#breadcrumb\"},\"inLanguage\":\"ca\",\"potentialAction\":[{\"@type\":\"ReadAction\",\"target\":[\"https:\/\/dev.93-93-113-41.plesk.page\/ca\/serveis\/endocrinologia-i-nutricio\/sobrepes-i-obesitat\/\"]}]},{\"@type\":\"BreadcrumbList\",\"@id\":\"https:\/\/dev.93-93-113-41.plesk.page\/ca\/serveis\/endocrinologia-i-nutricio\/sobrepes-i-obesitat\/#breadcrumb\",\"itemListElement\":[{\"@type\":\"ListItem\",\"position\":1,\"name\":\"Serveis M\u00e8dics de Cl\u00ednica ServiDigest\",\"item\":\"https:\/\/dev.93-93-113-41.plesk.page\/ca\/servicios\/\"},{\"@type\":\"ListItem\",\"position\":2,\"name\":\"Endocrinologia i nutrici\u00f3\",\"item\":\"https:\/\/dev.93-93-113-41.plesk.page\/ca\/servicios\/endocrinologia-nutricion\/\"},{\"@type\":\"ListItem\",\"position\":3,\"name\":\"Sobrep\u00e8s i Obesitat\"}]},{\"@type\":\"WebSite\",\"@id\":\"https:\/\/dev.93-93-113-41.plesk.page\/ca\/#website\",\"url\":\"https:\/\/dev.93-93-113-41.plesk.page\/ca\/\",\"name\":\"Servidigest\",\"description\":\"\",\"publisher\":{\"@id\":\"https:\/\/dev.93-93-113-41.plesk.page\/ca\/#organization\"},\"potentialAction\":[{\"@type\":\"SearchAction\",\"target\":{\"@type\":\"EntryPoint\",\"urlTemplate\":\"https:\/\/dev.93-93-113-41.plesk.page\/ca\/?s={search_term_string}\"},\"query-input\":\"required name=search_term_string\"}],\"inLanguage\":\"ca\"},{\"@type\":\"Organization\",\"@id\":\"https:\/\/dev.93-93-113-41.plesk.page\/ca\/#organization\",\"name\":\"Servidigest\",\"url\":\"https:\/\/dev.93-93-113-41.plesk.page\/ca\/\",\"logo\":{\"@type\":\"ImageObject\",\"inLanguage\":\"ca\",\"@id\":\"https:\/\/dev.93-93-113-41.plesk.page\/ca\/#\/schema\/logo\/image\/\",\"url\":\"https:\/\/dev.93-93-113-41.plesk.page\/wp-content\/uploads\/2024\/01\/servidigest.png\",\"contentUrl\":\"https:\/\/dev.93-93-113-41.plesk.page\/wp-content\/uploads\/2024\/01\/servidigest.png\",\"width\":808,\"height\":88,\"caption\":\"Servidigest\"},\"image\":{\"@id\":\"https:\/\/dev.93-93-113-41.plesk.page\/ca\/#\/schema\/logo\/image\/\"},\"sameAs\":[\"https:\/\/www.facebook.com\/servidigest\",\"https:\/\/x.com\/servidigest\"]}]}<\/script>\n<!-- \/ Yoast SEO plugin. -->","yoast_head_json":{"title":"Endocrinologia Sobrep\u00e8s i Obesitat - Cl\u00ednica ServiDigest - Barcelona","description":"L'equip d'Endocrinologia i Nutrici\u00f3 de Cl\u00ednica ServiDigest \u00e9s especialista en el tractament i control del Sobrep\u00e8s i l'Obesitat.","robots":{"index":"index","follow":"follow","max-snippet":"max-snippet:-1","max-image-preview":"max-image-preview:large","max-video-preview":"max-video-preview:-1"},"canonical":"https:\/\/dev.93-93-113-41.plesk.page\/ca\/serveis\/endocrinologia-i-nutricio\/sobrepes-i-obesitat\/","og_locale":"ca_ES","og_type":"article","og_title":"Endocrinologia Sobrep\u00e8s i Obesitat - Cl\u00ednica ServiDigest - Barcelona","og_description":"L'equip d'Endocrinologia i Nutrici\u00f3 de Cl\u00ednica ServiDigest \u00e9s especialista en el tractament i control del Sobrep\u00e8s i l'Obesitat.","og_url":"https:\/\/dev.93-93-113-41.plesk.page\/ca\/serveis\/endocrinologia-i-nutricio\/sobrepes-i-obesitat\/","og_site_name":"Servidigest","article_publisher":"https:\/\/www.facebook.com\/servidigest","article_modified_time":"2024-02-26T16:12:26+00:00","twitter_card":"summary_large_image","twitter_site":"@servidigest","twitter_misc":{"Est. reading time":"1 minute"},"schema":{"@context":"https:\/\/schema.org","@graph":[{"@type":"WebPage","@id":"https:\/\/dev.93-93-113-41.plesk.page\/ca\/serveis\/endocrinologia-i-nutricio\/sobrepes-i-obesitat\/","url":"https:\/\/dev.93-93-113-41.plesk.page\/ca\/serveis\/endocrinologia-i-nutricio\/sobrepes-i-obesitat\/","name":"Endocrinologia Sobrep\u00e8s i Obesitat - Cl\u00ednica ServiDigest - Barcelona","isPartOf":{"@id":"https:\/\/dev.93-93-113-41.plesk.page\/ca\/#website"},"datePublished":"2016-05-25T06:26:15+00:00","dateModified":"2024-02-26T16:12:26+00:00","description":"L'equip d'Endocrinologia i Nutrici\u00f3 de Cl\u00ednica ServiDigest \u00e9s especialista en el tractament i control del Sobrep\u00e8s i l'Obesitat.","breadcrumb":{"@id":"https:\/\/dev.93-93-113-41.plesk.page\/ca\/serveis\/endocrinologia-i-nutricio\/sobrepes-i-obesitat\/#breadcrumb"},"inLanguage":"ca","potentialAction":[{"@type":"ReadAction","target":["https:\/\/dev.93-93-113-41.plesk.page\/ca\/serveis\/endocrinologia-i-nutricio\/sobrepes-i-obesitat\/"]}]},{"@type":"BreadcrumbList","@id":"https:\/\/dev.93-93-113-41.plesk.page\/ca\/serveis\/endocrinologia-i-nutricio\/sobrepes-i-obesitat\/#breadcrumb","itemListElement":[{"@type":"ListItem","position":1,"name":"Serveis M\u00e8dics de Cl\u00ednica ServiDigest","item":"https:\/\/dev.93-93-113-41.plesk.page\/ca\/servicios\/"},{"@type":"ListItem","position":2,"name":"Endocrinologia i nutrici\u00f3","item":"https:\/\/dev.93-93-113-41.plesk.page\/ca\/servicios\/endocrinologia-nutricion\/"},{"@type":"ListItem","position":3,"name":"Sobrep\u00e8s i Obesitat"}]},{"@type":"WebSite","@id":"https:\/\/dev.93-93-113-41.plesk.page\/ca\/#website","url":"https:\/\/dev.93-93-113-41.plesk.page\/ca\/","name":"Servidigest","description":"","publisher":{"@id":"https:\/\/dev.93-93-113-41.plesk.page\/ca\/#organization"},"potentialAction":[{"@type":"SearchAction","target":{"@type":"EntryPoint","urlTemplate":"https:\/\/dev.93-93-113-41.plesk.page\/ca\/?s={search_term_string}"},"query-input":"required name=search_term_string"}],"inLanguage":"ca"},{"@type":"Organization","@id":"https:\/\/dev.93-93-113-41.plesk.page\/ca\/#organization","name":"Servidigest","url":"https:\/\/dev.93-93-113-41.plesk.page\/ca\/","logo":{"@type":"ImageObject","inLanguage":"ca","@id":"https:\/\/dev.93-93-113-41.plesk.page\/ca\/#\/schema\/logo\/image\/","url":"https:\/\/dev.93-93-113-41.plesk.page\/wp-content\/uploads\/2024\/01\/servidigest.png","contentUrl":"https:\/\/dev.93-93-113-41.plesk.page\/wp-content\/uploads\/2024\/01\/servidigest.png","width":808,"height":88,"caption":"Servidigest"},"image":{"@id":"https:\/\/dev.93-93-113-41.plesk.page\/ca\/#\/schema\/logo\/image\/"},"sameAs":["https:\/\/www.facebook.com\/servidigest","https:\/\/x.com\/servidigest"]}]}},"_links":{"self":[{"href":"https:\/\/dev.93-93-113-41.plesk.page\/ca\/wp-json\/wp\/v2\/pages\/13236","targetHints":{"allow":["GET"]}}],"collection":[{"href":"https:\/\/dev.93-93-113-41.plesk.page\/ca\/wp-json\/wp\/v2\/pages"}],"about":[{"href":"https:\/\/dev.93-93-113-41.plesk.page\/ca\/wp-json\/wp\/v2\/types\/page"}],"author":[{"embeddable":true,"href":"https:\/\/dev.93-93-113-41.plesk.page\/ca\/wp-json\/wp\/v2\/users\/1"}],"replies":[{"embeddable":true,"href":"https:\/\/dev.93-93-113-41.plesk.page\/ca\/wp-json\/wp\/v2\/comments?post=13236"}],"version-history":[{"count":1,"href":"https:\/\/dev.93-93-113-41.plesk.page\/ca\/wp-json\/wp\/v2\/pages\/13236\/revisions"}],"predecessor-version":[{"id":35015,"href":"https:\/\/dev.93-93-113-41.plesk.page\/ca\/wp-json\/wp\/v2\/pages\/13236\/revisions\/35015"}],"up":[{"embeddable":true,"href":"https:\/\/dev.93-93-113-41.plesk.page\/ca\/wp-json\/wp\/v2\/pages\/735"}],"wp:attachment":[{"href":"https:\/\/dev.93-93-113-41.plesk.page\/ca\/wp-json\/wp\/v2\/media?parent=13236"}],"curies":[{"name":"wp","href":"https:\/\/api.w.org\/{rel}","templated":true}]}}