{"id":12964,"date":"2016-04-28T09:04:17","date_gmt":"2016-04-28T07:04:17","guid":{"rendered":"https:\/\/dev.93-93-113-41.plesk.page\/ca\/?page_id=12964"},"modified":"2024-03-15T11:56:02","modified_gmt":"2024-03-15T10:56:02","slug":"metode-apollo","status":"publish","type":"page","link":"https:\/\/dev.93-93-113-41.plesk.page\/ca\/serveis\/obesitat\/metode-apollo\/","title":{"rendered":"M\u00e8tode Apollo"},"content":{"rendered":"<h2><strong>Qu\u00e8 \u00e9s el M\u00e8tode Apollo?<\/strong><\/h2>\n<p><strong>El M\u00e8tode Apollo \u00e9s un sistema de Reducci\u00f3 d&#8217;est\u00f3mac per via endosc\u00f2pica indicada en el tractament de l&#8217;Obesitat.<\/strong><\/p>\n<p>Anomenat tamb\u00e9 <strong>Sleeve G\u00e0stric endosc\u00f2pic<\/strong>, <strong>Gastropl\u00e0stia vertical restrictiva<\/strong>, <strong>EndoSleeve<\/strong> o <strong>Manga per via endosc\u00f2pica<\/strong>, \u00e9s una t\u00e8cnica restrictiva que es realitza amb el <a href=\"\/?page_id=12956\">Sistema de Sutura Endosc\u00f2pica Overstitch d&#8217;Apollo Endosurgery<\/a>.<\/p>\n<p>El procediment es realitza per <strong>via endosc\u00f2pica<\/strong> i consisteix a crear una s\u00e8rie de sutures internes a la paret de l&#8217;est\u00f3mac, reduint la mida de la cavitat g\u00e0strica, evitant la seva distensi\u00f3 i aconseguint un alentiment del buidatge g\u00e0stric dels aliments, provocant un efecte de sacietat preco\u00e7 i retardant l&#8217;aparici\u00f3 de sensaci\u00f3 de fam.<\/p>\n<h2><strong>Quins s\u00f3n els avantatges del M\u00e8tode Apollo?<\/strong><\/h2>\n<p>A m\u00e9s de la preservaci\u00f3 de l&#8217;anatomia g\u00e0strica, <strong>\u00e9s una t\u00e8cnica repetible, poc invasiva i amb baixa taxa de complicacions<\/strong>, amb una preparaci\u00f3 pr\u00e8via similar a l&#8217;empleada a una gastrosc\u00f2pia.<\/p>\n<p>Com que \u00e9s un procediment endosc\u00f2pic amb el qual no es realitzen incisions externes, el converteix en un <strong>m\u00e8tode segur<\/strong> i poc invasiu que <strong>permet reduir la capacitat de l&#8217;est\u00f3mac per via oral sense necessitat d&#8217;obrir cap via d&#8217;acc\u00e9s<\/strong>.<\/p>\n<p>No \u00e9s dolor\u00f3s i habitualment comporta una <strong>r\u00e0pida recuperaci\u00f3<\/strong> que permet al pacient, en la majoria dels casos, iniciar una vida pr\u00e0cticament normal a l&#8217;alta m\u00e8dica del procediment.<\/p>\n<p>En les darreres publicacions relacionades amb aquesta cirurgia endosc\u00f2pica, els pacients han aconseguit una p\u00e8rdua de l&#8217;exc\u00e9s de pes (excess weight loss) del 55,3% als 6 mesos, 54,9% a l&#8217;any i 62% als 18 mesos.<\/p>\n<p>Despr\u00e9s de la intervenci\u00f3 endosc\u00f2pica, s&#8217;estableix un programa de seguiment amb el que s&#8217; aconsegueix la p\u00e8rdua de pes necess\u00e0ria, gr\u00e0cies als resultats de la t\u00e8cnica i als <strong>canvis nutricionals i d&#8217;h\u00e0bits de vida<\/strong> establerts per l&#8217;equip multidisciplinari especialista en aparell digestiu, endosc\u00f2pia, endocrinologia , nutrici\u00f3 i psicologia cl\u00ednica.<\/p>\n<h2><strong>Indicacions del M\u00e8tode Apollo<\/strong><\/h2>\n<p>Obesitat tipus I amb comorbiditats associades.<br \/>\nObesitat tipus II.<br \/>\nObesitat tipus III amb poques comorbiditats o que rebutgin la cirurgia.<br \/>\nAltres indicacions alternatives: Pacients amb Obesitat tipus IV (superobesitats amb <a href=\"\/?page_id=2508\">IMC<\/a> &gt; 50 kg \/ m2) que no vulguin sotmetre&#8217;s o presentin contraindicacions al tractament quir\u00fargic.<\/p>\n<h2><strong>Preu del M\u00e8tode Apollo, Compra online el teu tractament<\/strong><\/h2>\n<p>Cl\u00ednica ServiDigest ofereix una primera consulta gratu\u00efta per la valoraci\u00f3 m\u00e8dica inicial del pacient amb sobrep\u00e8s o obesitat.<\/p>\n<div class=\"woocommerce \"><ul class=\"products columns-4\">\n<li class=\"product type-product post-38375 status-publish first instock product_cat-tractaments-obesitat has-post-thumbnail sale shipping-taxable purchasable product-type-simple\">\n\t<a href=\"https:\/\/dev.93-93-113-41.plesk.page\/ca\/producte\/reduccio-destomac-amb-metode-apollo\/\" class=\"woocommerce-LoopProduct-link woocommerce-loop-product__link\">\n\t<span class=\"onsale\">Promoci\u00f3!<\/span>\n\t<img fetchpriority=\"high\" decoding=\"async\" width=\"300\" height=\"300\" src=\"https:\/\/dev.93-93-113-41.plesk.page\/wp-content\/uploads\/2024\/03\/Metodo-Apollo-ecommerce-300x300.jpg\" class=\"attachment-woocommerce_thumbnail size-woocommerce_thumbnail\" alt=\"\" srcset=\"https:\/\/dev.93-93-113-41.plesk.page\/wp-content\/uploads\/2024\/03\/Metodo-Apollo-ecommerce-300x300.jpg 300w, https:\/\/dev.93-93-113-41.plesk.page\/wp-content\/uploads\/2024\/03\/Metodo-Apollo-ecommerce-150x150.jpg 150w, https:\/\/dev.93-93-113-41.plesk.page\/wp-content\/uploads\/2024\/03\/Metodo-Apollo-ecommerce-100x100.jpg 100w\" sizes=\"(max-width: 300px) 100vw, 300px\" \/><h2 class=\"woocommerce-loop-product__title\">Reducci\u00f3 d&#8217;est\u00f3mac amb M\u00e8tode Apollo<\/h2>\n\t<span class=\"price\"><del aria-hidden=\"true\"><span class=\"woocommerce-Price-amount amount\"><bdi>10.500,00&nbsp;<span class=\"woocommerce-Price-currencySymbol\">&euro;<\/span><\/bdi><\/span><\/del> <ins><span class=\"woocommerce-Price-amount amount\"><bdi>9.900,00&nbsp;<span class=\"woocommerce-Price-currencySymbol\">&euro;<\/span><\/bdi><\/span><\/ins><\/span>\n<\/a><a href=\"?add-to-cart=38375\" data-quantity=\"1\" class=\"button product_type_simple add_to_cart_button ajax_add_to_cart\" data-product_id=\"38375\" data-product_sku=\"SLEEVE\" aria-label=\"Add to cart: &ldquo;Reducci\u00f3 d&#039;est\u00f3mac amb M\u00e8tode Apollo&rdquo;\" aria-describedby=\"\" rel=\"nofollow\">Afegeix a la cistella<\/a><\/li>\n<\/ul>\n<\/div>\n<p>Existeixen diferents possibilitats de finan\u00e7ament en els tractaments endosc\u00f2pics i quir\u00fargics indicats en l&#8217;Obesitat. A Cl\u00ednica ServiDigest podr\u00e0s realitzar la gesti\u00f3 del teu finan\u00e7ament de forma \u00e0gil i c\u00f2moda. Per a m\u00e9s informaci\u00f3, pots contactar amb nosaltres a trav\u00e9s del formulari adjunt.<\/p>\n<h3><strong>Aparicions a la premsa<\/strong><\/h3>\n<p><a href=\"http:\/\/www.lavanguardia.com\/monograficos\/dia-mundial-de-la-nutricion\/tratamiento-de-la-obesidad-en-clinica-servidigest\" target=\"_blank\" rel=\"noopener noreferrer\">La Vanguardia: Tratamiento de la Obesidad en Cl\u00ednica ServiDigest<\/a><\/p>\n<h3>V\u00eddeos sobre el M\u00e8tode Apollo<\/h3>\n<p><a href=\"\/ca\/clinica-servidigest\/videos-servidigest\/\">V\u00eddeos<\/a><\/p>\n","protected":false},"excerpt":{"rendered":"<div class=\"mh-excerpt\"><p>Qu\u00e8 \u00e9s el M\u00e8tode Apollo? El M\u00e8tode Apollo \u00e9s un sistema de Reducci\u00f3 d&#8217;est\u00f3mac per via endosc\u00f2pica indicada en el tractament de l&#8217;Obesitat. Anomenat tamb\u00e9 Sleeve G\u00e0stric endosc\u00f2pic, Gastropl\u00e0stia vertical restrictiva, EndoSleeve o Manga per <a class=\"mh-excerpt-more\" href=\"https:\/\/dev.93-93-113-41.plesk.page\/ca\/serveis\/obesitat\/metode-apollo\/\" title=\"M\u00e8tode Apollo\">[&#8230;]<\/a><\/p>\n<\/div>","protected":false},"author":1,"featured_media":0,"parent":733,"menu_order":4,"comment_status":"closed","ping_status":"closed","template":"","meta":{"footnotes":""},"class_list":["post-12964","page","type-page","status-publish"],"yoast_head":"<!-- This site is optimized with the Yoast SEO plugin v22.6 - https:\/\/yoast.com\/wordpress\/plugins\/seo\/ -->\n<title>M\u00e8tode Apollo - Reducci\u00f3 d&#039;est\u00f3mac endosc\u00f2pica - Barcelona<\/title>\n<meta name=\"description\" content=\"El M\u00e8tode Apollo o Sleeve G\u00e0stric \u00e9s un tractament endosc\u00f2pic de reducci\u00f3 d&#039;est\u00f3mac indicat per tractar i posar fi a la Obesitat.\" \/>\n<meta name=\"robots\" content=\"index, follow, max-snippet:-1, max-image-preview:large, max-video-preview:-1\" \/>\n<link rel=\"canonical\" href=\"https:\/\/dev.93-93-113-41.plesk.page\/ca\/serveis\/obesitat\/metode-apollo\/\" \/>\n<meta property=\"og:locale\" content=\"ca_ES\" \/>\n<meta property=\"og:type\" content=\"article\" \/>\n<meta property=\"og:title\" content=\"M\u00e8tode Apollo - Reducci\u00f3 d&#039;est\u00f3mac endosc\u00f2pica - Barcelona\" \/>\n<meta property=\"og:description\" content=\"El M\u00e8tode Apollo o Sleeve G\u00e0stric \u00e9s un tractament endosc\u00f2pic de reducci\u00f3 d&#039;est\u00f3mac indicat per tractar i posar fi a la Obesitat.\" \/>\n<meta property=\"og:url\" content=\"https:\/\/dev.93-93-113-41.plesk.page\/ca\/serveis\/obesitat\/metode-apollo\/\" \/>\n<meta property=\"og:site_name\" content=\"Servidigest\" \/>\n<meta property=\"article:publisher\" content=\"https:\/\/www.facebook.com\/servidigest\" \/>\n<meta property=\"article:modified_time\" content=\"2024-03-15T10:56:02+00:00\" \/>\n<meta name=\"twitter:card\" content=\"summary_large_image\" \/>\n<meta name=\"twitter:site\" content=\"@servidigest\" \/>\n<meta name=\"twitter:label1\" content=\"Est. reading time\" \/>\n\t<meta name=\"twitter:data1\" content=\"2 minutes\" \/>\n<script type=\"application\/ld+json\" class=\"yoast-schema-graph\">{\"@context\":\"https:\/\/schema.org\",\"@graph\":[{\"@type\":\"WebPage\",\"@id\":\"https:\/\/dev.93-93-113-41.plesk.page\/ca\/serveis\/obesitat\/metode-apollo\/\",\"url\":\"https:\/\/dev.93-93-113-41.plesk.page\/ca\/serveis\/obesitat\/metode-apollo\/\",\"name\":\"M\u00e8tode Apollo - Reducci\u00f3 d'est\u00f3mac endosc\u00f2pica - Barcelona\",\"isPartOf\":{\"@id\":\"https:\/\/dev.93-93-113-41.plesk.page\/ca\/#website\"},\"datePublished\":\"2016-04-28T07:04:17+00:00\",\"dateModified\":\"2024-03-15T10:56:02+00:00\",\"description\":\"El M\u00e8tode Apollo o Sleeve G\u00e0stric \u00e9s un tractament endosc\u00f2pic de reducci\u00f3 d'est\u00f3mac indicat per tractar i posar fi a la Obesitat.\",\"breadcrumb\":{\"@id\":\"https:\/\/dev.93-93-113-41.plesk.page\/ca\/serveis\/obesitat\/metode-apollo\/#breadcrumb\"},\"inLanguage\":\"ca\",\"potentialAction\":[{\"@type\":\"ReadAction\",\"target\":[\"https:\/\/dev.93-93-113-41.plesk.page\/ca\/serveis\/obesitat\/metode-apollo\/\"]}]},{\"@type\":\"BreadcrumbList\",\"@id\":\"https:\/\/dev.93-93-113-41.plesk.page\/ca\/serveis\/obesitat\/metode-apollo\/#breadcrumb\",\"itemListElement\":[{\"@type\":\"ListItem\",\"position\":1,\"name\":\"Serveis M\u00e8dics de Cl\u00ednica ServiDigest\",\"item\":\"https:\/\/dev.93-93-113-41.plesk.page\/ca\/servicios\/\"},{\"@type\":\"ListItem\",\"position\":2,\"name\":\"Tractament de l&#8217;Obesitat i el Sobrep\u00e8s\",\"item\":\"https:\/\/dev.93-93-113-41.plesk.page\/ca\/servicios\/obesidad\/\"},{\"@type\":\"ListItem\",\"position\":3,\"name\":\"M\u00e8tode Apollo\"}]},{\"@type\":\"WebSite\",\"@id\":\"https:\/\/dev.93-93-113-41.plesk.page\/ca\/#website\",\"url\":\"https:\/\/dev.93-93-113-41.plesk.page\/ca\/\",\"name\":\"Servidigest\",\"description\":\"\",\"publisher\":{\"@id\":\"https:\/\/dev.93-93-113-41.plesk.page\/ca\/#organization\"},\"potentialAction\":[{\"@type\":\"SearchAction\",\"target\":{\"@type\":\"EntryPoint\",\"urlTemplate\":\"https:\/\/dev.93-93-113-41.plesk.page\/ca\/?s={search_term_string}\"},\"query-input\":\"required name=search_term_string\"}],\"inLanguage\":\"ca\"},{\"@type\":\"Organization\",\"@id\":\"https:\/\/dev.93-93-113-41.plesk.page\/ca\/#organization\",\"name\":\"Servidigest\",\"url\":\"https:\/\/dev.93-93-113-41.plesk.page\/ca\/\",\"logo\":{\"@type\":\"ImageObject\",\"inLanguage\":\"ca\",\"@id\":\"https:\/\/dev.93-93-113-41.plesk.page\/ca\/#\/schema\/logo\/image\/\",\"url\":\"https:\/\/dev.93-93-113-41.plesk.page\/wp-content\/uploads\/2024\/01\/servidigest.png\",\"contentUrl\":\"https:\/\/dev.93-93-113-41.plesk.page\/wp-content\/uploads\/2024\/01\/servidigest.png\",\"width\":808,\"height\":88,\"caption\":\"Servidigest\"},\"image\":{\"@id\":\"https:\/\/dev.93-93-113-41.plesk.page\/ca\/#\/schema\/logo\/image\/\"},\"sameAs\":[\"https:\/\/www.facebook.com\/servidigest\",\"https:\/\/x.com\/servidigest\"]}]}<\/script>\n<!-- \/ Yoast SEO plugin. -->","yoast_head_json":{"title":"M\u00e8tode Apollo - Reducci\u00f3 d'est\u00f3mac endosc\u00f2pica - Barcelona","description":"El M\u00e8tode Apollo o Sleeve G\u00e0stric \u00e9s un tractament endosc\u00f2pic de reducci\u00f3 d'est\u00f3mac indicat per tractar i posar fi a la Obesitat.","robots":{"index":"index","follow":"follow","max-snippet":"max-snippet:-1","max-image-preview":"max-image-preview:large","max-video-preview":"max-video-preview:-1"},"canonical":"https:\/\/dev.93-93-113-41.plesk.page\/ca\/serveis\/obesitat\/metode-apollo\/","og_locale":"ca_ES","og_type":"article","og_title":"M\u00e8tode Apollo - Reducci\u00f3 d'est\u00f3mac endosc\u00f2pica - Barcelona","og_description":"El M\u00e8tode Apollo o Sleeve G\u00e0stric \u00e9s un tractament endosc\u00f2pic de reducci\u00f3 d'est\u00f3mac indicat per tractar i posar fi a la Obesitat.","og_url":"https:\/\/dev.93-93-113-41.plesk.page\/ca\/serveis\/obesitat\/metode-apollo\/","og_site_name":"Servidigest","article_publisher":"https:\/\/www.facebook.com\/servidigest","article_modified_time":"2024-03-15T10:56:02+00:00","twitter_card":"summary_large_image","twitter_site":"@servidigest","twitter_misc":{"Est. reading time":"2 minutes"},"schema":{"@context":"https:\/\/schema.org","@graph":[{"@type":"WebPage","@id":"https:\/\/dev.93-93-113-41.plesk.page\/ca\/serveis\/obesitat\/metode-apollo\/","url":"https:\/\/dev.93-93-113-41.plesk.page\/ca\/serveis\/obesitat\/metode-apollo\/","name":"M\u00e8tode Apollo - Reducci\u00f3 d'est\u00f3mac endosc\u00f2pica - Barcelona","isPartOf":{"@id":"https:\/\/dev.93-93-113-41.plesk.page\/ca\/#website"},"datePublished":"2016-04-28T07:04:17+00:00","dateModified":"2024-03-15T10:56:02+00:00","description":"El M\u00e8tode Apollo o Sleeve G\u00e0stric \u00e9s un tractament endosc\u00f2pic de reducci\u00f3 d'est\u00f3mac indicat per tractar i posar fi a la Obesitat.","breadcrumb":{"@id":"https:\/\/dev.93-93-113-41.plesk.page\/ca\/serveis\/obesitat\/metode-apollo\/#breadcrumb"},"inLanguage":"ca","potentialAction":[{"@type":"ReadAction","target":["https:\/\/dev.93-93-113-41.plesk.page\/ca\/serveis\/obesitat\/metode-apollo\/"]}]},{"@type":"BreadcrumbList","@id":"https:\/\/dev.93-93-113-41.plesk.page\/ca\/serveis\/obesitat\/metode-apollo\/#breadcrumb","itemListElement":[{"@type":"ListItem","position":1,"name":"Serveis M\u00e8dics de Cl\u00ednica ServiDigest","item":"https:\/\/dev.93-93-113-41.plesk.page\/ca\/servicios\/"},{"@type":"ListItem","position":2,"name":"Tractament de l&#8217;Obesitat i el Sobrep\u00e8s","item":"https:\/\/dev.93-93-113-41.plesk.page\/ca\/servicios\/obesidad\/"},{"@type":"ListItem","position":3,"name":"M\u00e8tode Apollo"}]},{"@type":"WebSite","@id":"https:\/\/dev.93-93-113-41.plesk.page\/ca\/#website","url":"https:\/\/dev.93-93-113-41.plesk.page\/ca\/","name":"Servidigest","description":"","publisher":{"@id":"https:\/\/dev.93-93-113-41.plesk.page\/ca\/#organization"},"potentialAction":[{"@type":"SearchAction","target":{"@type":"EntryPoint","urlTemplate":"https:\/\/dev.93-93-113-41.plesk.page\/ca\/?s={search_term_string}"},"query-input":"required name=search_term_string"}],"inLanguage":"ca"},{"@type":"Organization","@id":"https:\/\/dev.93-93-113-41.plesk.page\/ca\/#organization","name":"Servidigest","url":"https:\/\/dev.93-93-113-41.plesk.page\/ca\/","logo":{"@type":"ImageObject","inLanguage":"ca","@id":"https:\/\/dev.93-93-113-41.plesk.page\/ca\/#\/schema\/logo\/image\/","url":"https:\/\/dev.93-93-113-41.plesk.page\/wp-content\/uploads\/2024\/01\/servidigest.png","contentUrl":"https:\/\/dev.93-93-113-41.plesk.page\/wp-content\/uploads\/2024\/01\/servidigest.png","width":808,"height":88,"caption":"Servidigest"},"image":{"@id":"https:\/\/dev.93-93-113-41.plesk.page\/ca\/#\/schema\/logo\/image\/"},"sameAs":["https:\/\/www.facebook.com\/servidigest","https:\/\/x.com\/servidigest"]}]}},"_links":{"self":[{"href":"https:\/\/dev.93-93-113-41.plesk.page\/ca\/wp-json\/wp\/v2\/pages\/12964","targetHints":{"allow":["GET"]}}],"collection":[{"href":"https:\/\/dev.93-93-113-41.plesk.page\/ca\/wp-json\/wp\/v2\/pages"}],"about":[{"href":"https:\/\/dev.93-93-113-41.plesk.page\/ca\/wp-json\/wp\/v2\/types\/page"}],"author":[{"embeddable":true,"href":"https:\/\/dev.93-93-113-41.plesk.page\/ca\/wp-json\/wp\/v2\/users\/1"}],"replies":[{"embeddable":true,"href":"https:\/\/dev.93-93-113-41.plesk.page\/ca\/wp-json\/wp\/v2\/comments?post=12964"}],"version-history":[{"count":2,"href":"https:\/\/dev.93-93-113-41.plesk.page\/ca\/wp-json\/wp\/v2\/pages\/12964\/revisions"}],"predecessor-version":[{"id":37574,"href":"https:\/\/dev.93-93-113-41.plesk.page\/ca\/wp-json\/wp\/v2\/pages\/12964\/revisions\/37574"}],"up":[{"embeddable":true,"href":"https:\/\/dev.93-93-113-41.plesk.page\/ca\/wp-json\/wp\/v2\/pages\/733"}],"wp:attachment":[{"href":"https:\/\/dev.93-93-113-41.plesk.page\/ca\/wp-json\/wp\/v2\/media?parent=12964"}],"curies":[{"name":"wp","href":"https:\/\/api.w.org\/{rel}","templated":true}]}}