{"id":12960,"date":"2016-04-28T08:57:15","date_gmt":"2016-04-28T06:57:15","guid":{"rendered":"https:\/\/dev.93-93-113-41.plesk.page\/ca\/?page_id=12960"},"modified":"2024-02-26T17:12:24","modified_gmt":"2024-02-26T16:12:24","slug":"reco-reparacio-cirurgia-obesitat","status":"publish","type":"page","link":"https:\/\/dev.93-93-113-41.plesk.page\/ca\/serveis\/obesitat\/reco-reparacio-cirurgia-obesitat\/","title":{"rendered":"RECO &#8211; Reparaci\u00f3 Cirurgia Obesitat"},"content":{"rendered":"<p>La reparaci\u00f3 de l&#8217;Anastomosi gastrojejunal dilatada despr\u00e9s d&#8217;un By-pass g\u00e0stric es realitza amb el M\u00e8tode Apollo Endosurgery, <a href=\"\/?page_id=12956\">Sistema de Sutura Endosc\u00f2pica<\/a> Overstitch.<\/p>\n<p>Consisteix en la realitzaci\u00f3 d&#8217;una reducci\u00f3 de l&#8217;anastomosi gastrojejunal per via endosc\u00f2pica sense necessitat de fer incisions externes, en la que sota anest\u00e8sia general i mitjan\u00e7ant un endoscopi, es practica unes sutures en l&#8217;anastomosi gastrojejunal per reduir la seva grand\u00e0ria, aconseguint un alentiment del pas de l&#8217;aliment a l&#8217;est\u00f3mac, provocant sacietat preco\u00e7 i retardant l&#8217;aparici\u00f3 de sensaci\u00f3 de fam.<\/p>\n<p>De vegades tamb\u00e9 es pot reduir mitjan\u00e7ant aquest sistema de sutura endosc\u00f2pica el Mony\u00f3 g\u00e0stric en el cas d&#8217;estar dilatat en exc\u00e9s.<\/p>\n<p>El M\u00e8tode Apollo Endosurgery no \u00e9s dolor\u00f3s, si b\u00e9 pot generar algunes mol\u00e8sties a nivell g\u00e0stric, i habitualment comporta una r\u00e0pida recuperaci\u00f3 que permet al pacient, en la majoria dels casos, iniciar una vida pr\u00e0cticament normal a les 24-48 hores del procediment.<\/p>\n<div class=\"woocommerce \"><ul class=\"products columns-4\">\n<li class=\"product type-product post-38374 status-publish first instock product_cat-tractaments-obesitat has-post-thumbnail sale virtual purchasable product-type-simple\">\n\t<a href=\"https:\/\/dev.93-93-113-41.plesk.page\/ca\/producte\/reparacio-cirurgia-obesitat-metode-apollo-reco\/\" class=\"woocommerce-LoopProduct-link woocommerce-loop-product__link\">\n\t<span class=\"onsale\">Promoci\u00f3!<\/span>\n\t<img fetchpriority=\"high\" decoding=\"async\" width=\"300\" height=\"300\" src=\"https:\/\/dev.93-93-113-41.plesk.page\/wp-content\/uploads\/2016\/01\/comprar-reparacion-cirugia-obesidad-RECO-300x300.jpg\" class=\"attachment-woocommerce_thumbnail size-woocommerce_thumbnail\" alt=\"\" \/><h2 class=\"woocommerce-loop-product__title\">Reparaci\u00f3 Cirurgia Obesitat (M\u00e8tode Apollo RECO)<\/h2>\n\t<span class=\"price\"><del aria-hidden=\"true\"><span class=\"woocommerce-Price-amount amount\"><bdi>10.500,00&nbsp;<span class=\"woocommerce-Price-currencySymbol\">&euro;<\/span><\/bdi><\/span><\/del> <ins><span class=\"woocommerce-Price-amount amount\"><bdi>9.900,00&nbsp;<span class=\"woocommerce-Price-currencySymbol\">&euro;<\/span><\/bdi><\/span><\/ins><\/span>\n<\/a><a href=\"?add-to-cart=38374\" data-quantity=\"1\" class=\"button product_type_simple add_to_cart_button ajax_add_to_cart\" data-product_id=\"38374\" data-product_sku=\"RECO\" aria-label=\"Add to cart: &ldquo;Reparaci\u00f3 Cirurgia Obesitat (M\u00e8tode Apollo RECO)&rdquo;\" aria-describedby=\"\" rel=\"nofollow\">Afegeix a la cistella<\/a><\/li>\n<\/ul>\n<\/div>\n","protected":false},"excerpt":{"rendered":"<div class=\"mh-excerpt\"><p>La reparaci\u00f3 de l&#8217;Anastomosi gastrojejunal dilatada despr\u00e9s d&#8217;un By-pass g\u00e0stric es realitza amb el M\u00e8tode Apollo Endosurgery, Sistema de Sutura Endosc\u00f2pica Overstitch. Consisteix en la realitzaci\u00f3 d&#8217;una reducci\u00f3 de l&#8217;anastomosi gastrojejunal per via endosc\u00f2pica sense <a class=\"mh-excerpt-more\" href=\"https:\/\/dev.93-93-113-41.plesk.page\/ca\/serveis\/obesitat\/reco-reparacio-cirurgia-obesitat\/\" title=\"RECO &#8211; Reparaci\u00f3 Cirurgia Obesitat\">[&#8230;]<\/a><\/p>\n<\/div>","protected":false},"author":1,"featured_media":0,"parent":733,"menu_order":2,"comment_status":"closed","ping_status":"closed","template":"","meta":{"footnotes":""},"class_list":["post-12960","page","type-page","status-publish"],"yoast_head":"<!-- This site is optimized with the Yoast SEO plugin v22.6 - https:\/\/yoast.com\/wordpress\/plugins\/seo\/ -->\n<title>RECO - Reparaci\u00f3 Cirurgia Obesitat - Servidigest<\/title>\n<meta name=\"robots\" content=\"index, follow, max-snippet:-1, max-image-preview:large, max-video-preview:-1\" \/>\n<link rel=\"canonical\" href=\"https:\/\/dev.93-93-113-41.plesk.page\/ca\/serveis\/obesitat\/reco-reparacio-cirurgia-obesitat\/\" \/>\n<meta property=\"og:locale\" content=\"ca_ES\" \/>\n<meta property=\"og:type\" content=\"article\" \/>\n<meta property=\"og:title\" content=\"RECO - Reparaci\u00f3 Cirurgia Obesitat - Servidigest\" \/>\n<meta property=\"og:description\" content=\"La reparaci\u00f3 de l&#8217;Anastomosi gastrojejunal dilatada despr\u00e9s d&#8217;un By-pass g\u00e0stric es realitza amb el M\u00e8tode Apollo Endosurgery, Sistema de Sutura Endosc\u00f2pica Overstitch. Consisteix en la realitzaci\u00f3 d&#8217;una reducci\u00f3 de l&#8217;anastomosi gastrojejunal per via endosc\u00f2pica sense [...]\" \/>\n<meta property=\"og:url\" content=\"https:\/\/dev.93-93-113-41.plesk.page\/ca\/serveis\/obesitat\/reco-reparacio-cirurgia-obesitat\/\" \/>\n<meta property=\"og:site_name\" content=\"Servidigest\" \/>\n<meta property=\"article:publisher\" content=\"https:\/\/www.facebook.com\/servidigest\" \/>\n<meta property=\"article:modified_time\" content=\"2024-02-26T16:12:24+00:00\" \/>\n<meta name=\"twitter:card\" content=\"summary_large_image\" \/>\n<meta name=\"twitter:site\" content=\"@servidigest\" \/>\n<meta name=\"twitter:label1\" content=\"Est. reading time\" \/>\n\t<meta name=\"twitter:data1\" content=\"1 minute\" \/>\n<script type=\"application\/ld+json\" class=\"yoast-schema-graph\">{\"@context\":\"https:\/\/schema.org\",\"@graph\":[{\"@type\":\"WebPage\",\"@id\":\"https:\/\/dev.93-93-113-41.plesk.page\/ca\/serveis\/obesitat\/reco-reparacio-cirurgia-obesitat\/\",\"url\":\"https:\/\/dev.93-93-113-41.plesk.page\/ca\/serveis\/obesitat\/reco-reparacio-cirurgia-obesitat\/\",\"name\":\"RECO - Reparaci\u00f3 Cirurgia Obesitat - Servidigest\",\"isPartOf\":{\"@id\":\"https:\/\/dev.93-93-113-41.plesk.page\/ca\/#website\"},\"datePublished\":\"2016-04-28T06:57:15+00:00\",\"dateModified\":\"2024-02-26T16:12:24+00:00\",\"breadcrumb\":{\"@id\":\"https:\/\/dev.93-93-113-41.plesk.page\/ca\/serveis\/obesitat\/reco-reparacio-cirurgia-obesitat\/#breadcrumb\"},\"inLanguage\":\"ca\",\"potentialAction\":[{\"@type\":\"ReadAction\",\"target\":[\"https:\/\/dev.93-93-113-41.plesk.page\/ca\/serveis\/obesitat\/reco-reparacio-cirurgia-obesitat\/\"]}]},{\"@type\":\"BreadcrumbList\",\"@id\":\"https:\/\/dev.93-93-113-41.plesk.page\/ca\/serveis\/obesitat\/reco-reparacio-cirurgia-obesitat\/#breadcrumb\",\"itemListElement\":[{\"@type\":\"ListItem\",\"position\":1,\"name\":\"Serveis M\u00e8dics de Cl\u00ednica ServiDigest\",\"item\":\"https:\/\/dev.93-93-113-41.plesk.page\/ca\/servicios\/\"},{\"@type\":\"ListItem\",\"position\":2,\"name\":\"Tractament de l&#8217;Obesitat i el Sobrep\u00e8s\",\"item\":\"https:\/\/dev.93-93-113-41.plesk.page\/ca\/servicios\/obesidad\/\"},{\"@type\":\"ListItem\",\"position\":3,\"name\":\"RECO &#8211; Reparaci\u00f3 Cirurgia Obesitat\"}]},{\"@type\":\"WebSite\",\"@id\":\"https:\/\/dev.93-93-113-41.plesk.page\/ca\/#website\",\"url\":\"https:\/\/dev.93-93-113-41.plesk.page\/ca\/\",\"name\":\"Servidigest\",\"description\":\"\",\"publisher\":{\"@id\":\"https:\/\/dev.93-93-113-41.plesk.page\/ca\/#organization\"},\"potentialAction\":[{\"@type\":\"SearchAction\",\"target\":{\"@type\":\"EntryPoint\",\"urlTemplate\":\"https:\/\/dev.93-93-113-41.plesk.page\/ca\/?s={search_term_string}\"},\"query-input\":\"required name=search_term_string\"}],\"inLanguage\":\"ca\"},{\"@type\":\"Organization\",\"@id\":\"https:\/\/dev.93-93-113-41.plesk.page\/ca\/#organization\",\"name\":\"Servidigest\",\"url\":\"https:\/\/dev.93-93-113-41.plesk.page\/ca\/\",\"logo\":{\"@type\":\"ImageObject\",\"inLanguage\":\"ca\",\"@id\":\"https:\/\/dev.93-93-113-41.plesk.page\/ca\/#\/schema\/logo\/image\/\",\"url\":\"https:\/\/dev.93-93-113-41.plesk.page\/wp-content\/uploads\/2024\/01\/servidigest.png\",\"contentUrl\":\"https:\/\/dev.93-93-113-41.plesk.page\/wp-content\/uploads\/2024\/01\/servidigest.png\",\"width\":808,\"height\":88,\"caption\":\"Servidigest\"},\"image\":{\"@id\":\"https:\/\/dev.93-93-113-41.plesk.page\/ca\/#\/schema\/logo\/image\/\"},\"sameAs\":[\"https:\/\/www.facebook.com\/servidigest\",\"https:\/\/x.com\/servidigest\"]}]}<\/script>\n<!-- \/ Yoast SEO plugin. -->","yoast_head_json":{"title":"RECO - Reparaci\u00f3 Cirurgia Obesitat - Servidigest","robots":{"index":"index","follow":"follow","max-snippet":"max-snippet:-1","max-image-preview":"max-image-preview:large","max-video-preview":"max-video-preview:-1"},"canonical":"https:\/\/dev.93-93-113-41.plesk.page\/ca\/serveis\/obesitat\/reco-reparacio-cirurgia-obesitat\/","og_locale":"ca_ES","og_type":"article","og_title":"RECO - Reparaci\u00f3 Cirurgia Obesitat - Servidigest","og_description":"La reparaci\u00f3 de l&#8217;Anastomosi gastrojejunal dilatada despr\u00e9s d&#8217;un By-pass g\u00e0stric es realitza amb el M\u00e8tode Apollo Endosurgery, Sistema de Sutura Endosc\u00f2pica Overstitch. Consisteix en la realitzaci\u00f3 d&#8217;una reducci\u00f3 de l&#8217;anastomosi gastrojejunal per via endosc\u00f2pica sense [...]","og_url":"https:\/\/dev.93-93-113-41.plesk.page\/ca\/serveis\/obesitat\/reco-reparacio-cirurgia-obesitat\/","og_site_name":"Servidigest","article_publisher":"https:\/\/www.facebook.com\/servidigest","article_modified_time":"2024-02-26T16:12:24+00:00","twitter_card":"summary_large_image","twitter_site":"@servidigest","twitter_misc":{"Est. reading time":"1 minute"},"schema":{"@context":"https:\/\/schema.org","@graph":[{"@type":"WebPage","@id":"https:\/\/dev.93-93-113-41.plesk.page\/ca\/serveis\/obesitat\/reco-reparacio-cirurgia-obesitat\/","url":"https:\/\/dev.93-93-113-41.plesk.page\/ca\/serveis\/obesitat\/reco-reparacio-cirurgia-obesitat\/","name":"RECO - Reparaci\u00f3 Cirurgia Obesitat - Servidigest","isPartOf":{"@id":"https:\/\/dev.93-93-113-41.plesk.page\/ca\/#website"},"datePublished":"2016-04-28T06:57:15+00:00","dateModified":"2024-02-26T16:12:24+00:00","breadcrumb":{"@id":"https:\/\/dev.93-93-113-41.plesk.page\/ca\/serveis\/obesitat\/reco-reparacio-cirurgia-obesitat\/#breadcrumb"},"inLanguage":"ca","potentialAction":[{"@type":"ReadAction","target":["https:\/\/dev.93-93-113-41.plesk.page\/ca\/serveis\/obesitat\/reco-reparacio-cirurgia-obesitat\/"]}]},{"@type":"BreadcrumbList","@id":"https:\/\/dev.93-93-113-41.plesk.page\/ca\/serveis\/obesitat\/reco-reparacio-cirurgia-obesitat\/#breadcrumb","itemListElement":[{"@type":"ListItem","position":1,"name":"Serveis M\u00e8dics de Cl\u00ednica ServiDigest","item":"https:\/\/dev.93-93-113-41.plesk.page\/ca\/servicios\/"},{"@type":"ListItem","position":2,"name":"Tractament de l&#8217;Obesitat i el Sobrep\u00e8s","item":"https:\/\/dev.93-93-113-41.plesk.page\/ca\/servicios\/obesidad\/"},{"@type":"ListItem","position":3,"name":"RECO &#8211; Reparaci\u00f3 Cirurgia Obesitat"}]},{"@type":"WebSite","@id":"https:\/\/dev.93-93-113-41.plesk.page\/ca\/#website","url":"https:\/\/dev.93-93-113-41.plesk.page\/ca\/","name":"Servidigest","description":"","publisher":{"@id":"https:\/\/dev.93-93-113-41.plesk.page\/ca\/#organization"},"potentialAction":[{"@type":"SearchAction","target":{"@type":"EntryPoint","urlTemplate":"https:\/\/dev.93-93-113-41.plesk.page\/ca\/?s={search_term_string}"},"query-input":"required name=search_term_string"}],"inLanguage":"ca"},{"@type":"Organization","@id":"https:\/\/dev.93-93-113-41.plesk.page\/ca\/#organization","name":"Servidigest","url":"https:\/\/dev.93-93-113-41.plesk.page\/ca\/","logo":{"@type":"ImageObject","inLanguage":"ca","@id":"https:\/\/dev.93-93-113-41.plesk.page\/ca\/#\/schema\/logo\/image\/","url":"https:\/\/dev.93-93-113-41.plesk.page\/wp-content\/uploads\/2024\/01\/servidigest.png","contentUrl":"https:\/\/dev.93-93-113-41.plesk.page\/wp-content\/uploads\/2024\/01\/servidigest.png","width":808,"height":88,"caption":"Servidigest"},"image":{"@id":"https:\/\/dev.93-93-113-41.plesk.page\/ca\/#\/schema\/logo\/image\/"},"sameAs":["https:\/\/www.facebook.com\/servidigest","https:\/\/x.com\/servidigest"]}]}},"_links":{"self":[{"href":"https:\/\/dev.93-93-113-41.plesk.page\/ca\/wp-json\/wp\/v2\/pages\/12960","targetHints":{"allow":["GET"]}}],"collection":[{"href":"https:\/\/dev.93-93-113-41.plesk.page\/ca\/wp-json\/wp\/v2\/pages"}],"about":[{"href":"https:\/\/dev.93-93-113-41.plesk.page\/ca\/wp-json\/wp\/v2\/types\/page"}],"author":[{"embeddable":true,"href":"https:\/\/dev.93-93-113-41.plesk.page\/ca\/wp-json\/wp\/v2\/users\/1"}],"replies":[{"embeddable":true,"href":"https:\/\/dev.93-93-113-41.plesk.page\/ca\/wp-json\/wp\/v2\/comments?post=12960"}],"version-history":[{"count":1,"href":"https:\/\/dev.93-93-113-41.plesk.page\/ca\/wp-json\/wp\/v2\/pages\/12960\/revisions"}],"predecessor-version":[{"id":35008,"href":"https:\/\/dev.93-93-113-41.plesk.page\/ca\/wp-json\/wp\/v2\/pages\/12960\/revisions\/35008"}],"up":[{"embeddable":true,"href":"https:\/\/dev.93-93-113-41.plesk.page\/ca\/wp-json\/wp\/v2\/pages\/733"}],"wp:attachment":[{"href":"https:\/\/dev.93-93-113-41.plesk.page\/ca\/wp-json\/wp\/v2\/media?parent=12960"}],"curies":[{"name":"wp","href":"https:\/\/api.w.org\/{rel}","templated":true}]}}