{"id":12956,"date":"2016-04-28T08:43:40","date_gmt":"2016-04-28T06:43:40","guid":{"rendered":"https:\/\/dev.93-93-113-41.plesk.page\/ca\/?page_id=12956"},"modified":"2024-02-26T17:12:23","modified_gmt":"2024-02-26T16:12:23","slug":"sistema-de-sutura-endoscopica","status":"publish","type":"page","link":"https:\/\/dev.93-93-113-41.plesk.page\/ca\/serveis\/obesitat\/sistema-de-sutura-endoscopica\/","title":{"rendered":"Sistema de Sutura Endosc\u00f2pica"},"content":{"rendered":"<p>El Sistema de Sutura Endosc\u00f2pica no quir\u00fargic, est\u00e0 indicat per a intervencions duradores per al <strong>tractament de l&#8217;Obesitat i altres patologies i \/ o complicacions digestives<\/strong> que precisin un procediment de sutura endosc\u00f2pica.<\/p>\n<h3>Quines s\u00f3n les indicacions del Sistema de Sutura Endosc\u00f2pica?<\/h3>\n<ul>\n<li><a href=\"\/?page_id=12964\">M\u00e8tode Apollo<\/a>, Gastropl\u00e0stia vertical restrictiva, EndoSleeve o Manga per via endosc\u00f2pica.<\/li>\n<li>Resuturing endosc\u00f2pic (possibilitat de realitzar sutures addicionals en un Sleeve quir\u00fargic o endosc\u00f2pic realitzat pr\u00e8viament).<\/li>\n<li><a href=\"\/?page_id=12960\">RECO-Reparaci\u00f3 Cirurgia Obesitat<\/a>. Reparaci\u00f3 Anastomosi gastrojejunal de By-pass g\u00e0stric.<\/li>\n<li>Tancament de F\u00edstules digestives.<\/li>\n<li>Dissecci\u00f3 submucosa endosc\u00f2pica.<\/li>\n<li>Resecci\u00f3 endosc\u00f2pica mucosa &#8211; Mucosectomia.<\/li>\n<li>Estrips i \/ o perforacions gastrointestinals.<\/li>\n<li>Fixaci\u00f3 de Pr\u00f2tesis digestives.<\/li>\n<li>Altres: \u00falceres, hemorr\u00e0gia gastrointestinal, tancament gastrostomia percut\u00e0nia, POEM (Peroral Endoscopic Myotomy) &#8211; tractament endosc\u00f2pic de l&#8217;<a href=\"\/?page_id=7553\">Acal\u00e0sia<\/a>.<\/li>\n<\/ul>\n<p><strong>Cl\u00ednica ServiDigest recomana el sistema de sutura endosc\u00f2pica com un nou procediment poc invasiu, amb baixa taxa de complicacions i amb bons resultats a llarg termini en el tractament de l&#8217;Obesitat.<\/strong><\/p>\n","protected":false},"excerpt":{"rendered":"<div class=\"mh-excerpt\"><p>El Sistema de Sutura Endosc\u00f2pica no quir\u00fargic, est\u00e0 indicat per a intervencions duradores per al tractament de l&#8217;Obesitat i altres patologies i \/ o complicacions digestives que precisin un procediment de sutura endosc\u00f2pica. Quines s\u00f3n <a class=\"mh-excerpt-more\" href=\"https:\/\/dev.93-93-113-41.plesk.page\/ca\/serveis\/obesitat\/sistema-de-sutura-endoscopica\/\" title=\"Sistema de Sutura Endosc\u00f2pica\">[&#8230;]<\/a><\/p>\n<\/div>","protected":false},"author":1,"featured_media":0,"parent":733,"menu_order":2,"comment_status":"closed","ping_status":"closed","template":"","meta":{"footnotes":""},"class_list":["post-12956","page","type-page","status-publish"],"yoast_head":"<!-- This site is optimized with the Yoast SEO plugin v22.6 - https:\/\/yoast.com\/wordpress\/plugins\/seo\/ -->\n<title>Sistema de Sutura Endosc\u00f2pica - Servidigest<\/title>\n<meta name=\"robots\" content=\"index, follow, max-snippet:-1, max-image-preview:large, max-video-preview:-1\" \/>\n<link rel=\"canonical\" href=\"https:\/\/dev.93-93-113-41.plesk.page\/ca\/serveis\/obesitat\/sistema-de-sutura-endoscopica\/\" \/>\n<meta property=\"og:locale\" content=\"ca_ES\" \/>\n<meta property=\"og:type\" content=\"article\" \/>\n<meta property=\"og:title\" content=\"Sistema de Sutura Endosc\u00f2pica - Servidigest\" \/>\n<meta property=\"og:description\" content=\"El Sistema de Sutura Endosc\u00f2pica no quir\u00fargic, est\u00e0 indicat per a intervencions duradores per al tractament de l&#8217;Obesitat i altres patologies i \/ o complicacions digestives que precisin un procediment de sutura endosc\u00f2pica. Quines s\u00f3n [...]\" \/>\n<meta property=\"og:url\" content=\"https:\/\/dev.93-93-113-41.plesk.page\/ca\/serveis\/obesitat\/sistema-de-sutura-endoscopica\/\" \/>\n<meta property=\"og:site_name\" content=\"Servidigest\" \/>\n<meta property=\"article:publisher\" content=\"https:\/\/www.facebook.com\/servidigest\" \/>\n<meta property=\"article:modified_time\" content=\"2024-02-26T16:12:23+00:00\" \/>\n<meta name=\"twitter:card\" content=\"summary_large_image\" \/>\n<meta name=\"twitter:site\" content=\"@servidigest\" \/>\n<meta name=\"twitter:label1\" content=\"Est. reading time\" \/>\n\t<meta name=\"twitter:data1\" content=\"1 minute\" \/>\n<script type=\"application\/ld+json\" class=\"yoast-schema-graph\">{\"@context\":\"https:\/\/schema.org\",\"@graph\":[{\"@type\":\"WebPage\",\"@id\":\"https:\/\/dev.93-93-113-41.plesk.page\/ca\/serveis\/obesitat\/sistema-de-sutura-endoscopica\/\",\"url\":\"https:\/\/dev.93-93-113-41.plesk.page\/ca\/serveis\/obesitat\/sistema-de-sutura-endoscopica\/\",\"name\":\"Sistema de Sutura Endosc\u00f2pica - Servidigest\",\"isPartOf\":{\"@id\":\"https:\/\/dev.93-93-113-41.plesk.page\/ca\/#website\"},\"datePublished\":\"2016-04-28T06:43:40+00:00\",\"dateModified\":\"2024-02-26T16:12:23+00:00\",\"breadcrumb\":{\"@id\":\"https:\/\/dev.93-93-113-41.plesk.page\/ca\/serveis\/obesitat\/sistema-de-sutura-endoscopica\/#breadcrumb\"},\"inLanguage\":\"ca\",\"potentialAction\":[{\"@type\":\"ReadAction\",\"target\":[\"https:\/\/dev.93-93-113-41.plesk.page\/ca\/serveis\/obesitat\/sistema-de-sutura-endoscopica\/\"]}]},{\"@type\":\"BreadcrumbList\",\"@id\":\"https:\/\/dev.93-93-113-41.plesk.page\/ca\/serveis\/obesitat\/sistema-de-sutura-endoscopica\/#breadcrumb\",\"itemListElement\":[{\"@type\":\"ListItem\",\"position\":1,\"name\":\"Serveis M\u00e8dics de Cl\u00ednica ServiDigest\",\"item\":\"https:\/\/dev.93-93-113-41.plesk.page\/ca\/servicios\/\"},{\"@type\":\"ListItem\",\"position\":2,\"name\":\"Tractament de l&#8217;Obesitat i el Sobrep\u00e8s\",\"item\":\"https:\/\/dev.93-93-113-41.plesk.page\/ca\/servicios\/obesidad\/\"},{\"@type\":\"ListItem\",\"position\":3,\"name\":\"Sistema de Sutura Endosc\u00f2pica\"}]},{\"@type\":\"WebSite\",\"@id\":\"https:\/\/dev.93-93-113-41.plesk.page\/ca\/#website\",\"url\":\"https:\/\/dev.93-93-113-41.plesk.page\/ca\/\",\"name\":\"Servidigest\",\"description\":\"\",\"publisher\":{\"@id\":\"https:\/\/dev.93-93-113-41.plesk.page\/ca\/#organization\"},\"potentialAction\":[{\"@type\":\"SearchAction\",\"target\":{\"@type\":\"EntryPoint\",\"urlTemplate\":\"https:\/\/dev.93-93-113-41.plesk.page\/ca\/?s={search_term_string}\"},\"query-input\":\"required name=search_term_string\"}],\"inLanguage\":\"ca\"},{\"@type\":\"Organization\",\"@id\":\"https:\/\/dev.93-93-113-41.plesk.page\/ca\/#organization\",\"name\":\"Servidigest\",\"url\":\"https:\/\/dev.93-93-113-41.plesk.page\/ca\/\",\"logo\":{\"@type\":\"ImageObject\",\"inLanguage\":\"ca\",\"@id\":\"https:\/\/dev.93-93-113-41.plesk.page\/ca\/#\/schema\/logo\/image\/\",\"url\":\"https:\/\/dev.93-93-113-41.plesk.page\/wp-content\/uploads\/2024\/01\/servidigest.png\",\"contentUrl\":\"https:\/\/dev.93-93-113-41.plesk.page\/wp-content\/uploads\/2024\/01\/servidigest.png\",\"width\":808,\"height\":88,\"caption\":\"Servidigest\"},\"image\":{\"@id\":\"https:\/\/dev.93-93-113-41.plesk.page\/ca\/#\/schema\/logo\/image\/\"},\"sameAs\":[\"https:\/\/www.facebook.com\/servidigest\",\"https:\/\/x.com\/servidigest\"]}]}<\/script>\n<!-- \/ Yoast SEO plugin. -->","yoast_head_json":{"title":"Sistema de Sutura Endosc\u00f2pica - Servidigest","robots":{"index":"index","follow":"follow","max-snippet":"max-snippet:-1","max-image-preview":"max-image-preview:large","max-video-preview":"max-video-preview:-1"},"canonical":"https:\/\/dev.93-93-113-41.plesk.page\/ca\/serveis\/obesitat\/sistema-de-sutura-endoscopica\/","og_locale":"ca_ES","og_type":"article","og_title":"Sistema de Sutura Endosc\u00f2pica - Servidigest","og_description":"El Sistema de Sutura Endosc\u00f2pica no quir\u00fargic, est\u00e0 indicat per a intervencions duradores per al tractament de l&#8217;Obesitat i altres patologies i \/ o complicacions digestives que precisin un procediment de sutura endosc\u00f2pica. Quines s\u00f3n [...]","og_url":"https:\/\/dev.93-93-113-41.plesk.page\/ca\/serveis\/obesitat\/sistema-de-sutura-endoscopica\/","og_site_name":"Servidigest","article_publisher":"https:\/\/www.facebook.com\/servidigest","article_modified_time":"2024-02-26T16:12:23+00:00","twitter_card":"summary_large_image","twitter_site":"@servidigest","twitter_misc":{"Est. reading time":"1 minute"},"schema":{"@context":"https:\/\/schema.org","@graph":[{"@type":"WebPage","@id":"https:\/\/dev.93-93-113-41.plesk.page\/ca\/serveis\/obesitat\/sistema-de-sutura-endoscopica\/","url":"https:\/\/dev.93-93-113-41.plesk.page\/ca\/serveis\/obesitat\/sistema-de-sutura-endoscopica\/","name":"Sistema de Sutura Endosc\u00f2pica - Servidigest","isPartOf":{"@id":"https:\/\/dev.93-93-113-41.plesk.page\/ca\/#website"},"datePublished":"2016-04-28T06:43:40+00:00","dateModified":"2024-02-26T16:12:23+00:00","breadcrumb":{"@id":"https:\/\/dev.93-93-113-41.plesk.page\/ca\/serveis\/obesitat\/sistema-de-sutura-endoscopica\/#breadcrumb"},"inLanguage":"ca","potentialAction":[{"@type":"ReadAction","target":["https:\/\/dev.93-93-113-41.plesk.page\/ca\/serveis\/obesitat\/sistema-de-sutura-endoscopica\/"]}]},{"@type":"BreadcrumbList","@id":"https:\/\/dev.93-93-113-41.plesk.page\/ca\/serveis\/obesitat\/sistema-de-sutura-endoscopica\/#breadcrumb","itemListElement":[{"@type":"ListItem","position":1,"name":"Serveis M\u00e8dics de Cl\u00ednica ServiDigest","item":"https:\/\/dev.93-93-113-41.plesk.page\/ca\/servicios\/"},{"@type":"ListItem","position":2,"name":"Tractament de l&#8217;Obesitat i el Sobrep\u00e8s","item":"https:\/\/dev.93-93-113-41.plesk.page\/ca\/servicios\/obesidad\/"},{"@type":"ListItem","position":3,"name":"Sistema de Sutura Endosc\u00f2pica"}]},{"@type":"WebSite","@id":"https:\/\/dev.93-93-113-41.plesk.page\/ca\/#website","url":"https:\/\/dev.93-93-113-41.plesk.page\/ca\/","name":"Servidigest","description":"","publisher":{"@id":"https:\/\/dev.93-93-113-41.plesk.page\/ca\/#organization"},"potentialAction":[{"@type":"SearchAction","target":{"@type":"EntryPoint","urlTemplate":"https:\/\/dev.93-93-113-41.plesk.page\/ca\/?s={search_term_string}"},"query-input":"required name=search_term_string"}],"inLanguage":"ca"},{"@type":"Organization","@id":"https:\/\/dev.93-93-113-41.plesk.page\/ca\/#organization","name":"Servidigest","url":"https:\/\/dev.93-93-113-41.plesk.page\/ca\/","logo":{"@type":"ImageObject","inLanguage":"ca","@id":"https:\/\/dev.93-93-113-41.plesk.page\/ca\/#\/schema\/logo\/image\/","url":"https:\/\/dev.93-93-113-41.plesk.page\/wp-content\/uploads\/2024\/01\/servidigest.png","contentUrl":"https:\/\/dev.93-93-113-41.plesk.page\/wp-content\/uploads\/2024\/01\/servidigest.png","width":808,"height":88,"caption":"Servidigest"},"image":{"@id":"https:\/\/dev.93-93-113-41.plesk.page\/ca\/#\/schema\/logo\/image\/"},"sameAs":["https:\/\/www.facebook.com\/servidigest","https:\/\/x.com\/servidigest"]}]}},"_links":{"self":[{"href":"https:\/\/dev.93-93-113-41.plesk.page\/ca\/wp-json\/wp\/v2\/pages\/12956","targetHints":{"allow":["GET"]}}],"collection":[{"href":"https:\/\/dev.93-93-113-41.plesk.page\/ca\/wp-json\/wp\/v2\/pages"}],"about":[{"href":"https:\/\/dev.93-93-113-41.plesk.page\/ca\/wp-json\/wp\/v2\/types\/page"}],"author":[{"embeddable":true,"href":"https:\/\/dev.93-93-113-41.plesk.page\/ca\/wp-json\/wp\/v2\/users\/1"}],"replies":[{"embeddable":true,"href":"https:\/\/dev.93-93-113-41.plesk.page\/ca\/wp-json\/wp\/v2\/comments?post=12956"}],"version-history":[{"count":1,"href":"https:\/\/dev.93-93-113-41.plesk.page\/ca\/wp-json\/wp\/v2\/pages\/12956\/revisions"}],"predecessor-version":[{"id":35005,"href":"https:\/\/dev.93-93-113-41.plesk.page\/ca\/wp-json\/wp\/v2\/pages\/12956\/revisions\/35005"}],"up":[{"embeddable":true,"href":"https:\/\/dev.93-93-113-41.plesk.page\/ca\/wp-json\/wp\/v2\/pages\/733"}],"wp:attachment":[{"href":"https:\/\/dev.93-93-113-41.plesk.page\/ca\/wp-json\/wp\/v2\/media?parent=12956"}],"curies":[{"name":"wp","href":"https:\/\/api.w.org\/{rel}","templated":true}]}}